{"id":3304,"date":"2025-04-14T14:16:27","date_gmt":"2025-04-14T06:16:27","guid":{"rendered":"https:\/\/swoer.com\/?post_type=product&#038;p=3304"},"modified":"2025-04-14T15:08:00","modified_gmt":"2025-04-14T07:08:00","slug":"flexible-feeder-for-robotic-tray-placement","status":"publish","type":"product","link":"https:\/\/swoer.com\/tr\/manufacturer\/flexible-feeder-for-robotic-tray-placement\/","title":{"rendered":"Robotik Tepsi Yerle\u015ftirme i\u00e7in Esnek Besleyici SW-400"},"content":{"rendered":"<h2 data-start=\"38\" data-end=\"61\"><strong data-start=\"38\" data-end=\"61\">SW-400 Avantajlar\u0131:<\/strong><\/h2>\n<ul data-start=\"63\" data-end=\"331\">\n<li class=\"\" data-start=\"63\" data-end=\"89\">\n<p class=\"\" data-start=\"65\" data-end=\"89\">Kullan\u0131m\u0131 ve kurulumu kolay<\/p>\n<\/li>\n<li class=\"\" data-start=\"90\" data-end=\"131\">\n<p class=\"\" data-start=\"92\" data-end=\"131\">Bir\u00e7ok par\u00e7a \u015fekli ve boyutuyla \u00e7al\u0131\u015f\u0131r<\/p>\n<\/li>\n<li class=\"\" data-start=\"132\" data-end=\"177\">\n<p class=\"\" data-start=\"134\" data-end=\"177\">Robotlarla h\u0131zl\u0131 ve do\u011fru tepsi y\u00fckleme<\/p>\n<\/li>\n<li class=\"\" data-start=\"178\" data-end=\"216\">\n<p class=\"\" data-start=\"180\" data-end=\"216\">Zamandan tasarruf sa\u011flar ve manuel \u00e7al\u0131\u015fmay\u0131 azalt\u0131r<\/p>\n<\/li>\n<li class=\"\" data-start=\"217\" data-end=\"287\">\n<p class=\"\" data-start=\"219\" data-end=\"287\">Elektronik, t\u0131bbi ve otomotiv gibi farkl\u0131 end\u00fcstriler i\u00e7in harika<\/p>\n<\/li>\n<li class=\"\" data-start=\"288\" data-end=\"331\">\n<p class=\"\" data-start=\"290\" data-end=\"331\">Yeni \u00fcr\u00fcnler i\u00e7in h\u0131zl\u0131 bir \u015fekilde de\u011fi\u015ftirilebilir<\/p>\n<\/li>\n<\/ul>\n\t<div id=\"gap-2012148481\" class=\"gap-element clearfix\" style=\"display:block; height:auto;\">\n\t\t\n<style>\n#gap-2012148481 {\n  padding-top: 30px;\n}\n<\/style>\n\t<\/div>\n\t\n<h2><strong>Teknik Parametreler<\/strong><\/h2>\n<table style=\"border-collapse: collapse; width: 500.27pt;\" border=\"0\" width=\"667\" cellspacing=\"0\" cellpadding=\"0\">\n<tbody>\n<tr style=\"height: 26.00pt;\">\n<td class=\"et3\" style=\"height: 26.00pt; width: 170.25pt;\" width=\"227\" height=\"34\">\n<h4><strong>\u00d6zellikler<\/strong><\/h4>\n<\/td>\n<td class=\"et4\" style=\"width: 183.00pt;\" width=\"244\">\n<h4><strong>Parametreler<\/strong><\/h4>\n<\/td>\n<td class=\"et3\" style=\"width: 147.00pt;\" width=\"196\">\n<h4><strong>Notlar<\/strong><\/h4>\n<\/td>\n<\/tr>\n<tr style=\"height: 22.00pt;\">\n<td class=\"et5\" style=\"height: 22.00pt;\" height=\"29\">Modeli<\/td>\n<td class=\"et6\" style=\"width: 183.00pt;\" width=\"244\">SW-400<\/td>\n<td class=\"et5\"><\/td>\n<\/tr>\n<tr style=\"height: 22.00pt;\">\n<td class=\"et5\" style=\"height: 22.00pt;\" height=\"29\">Ayr\u0131nt\u0131l\u0131 parametreler<\/td>\n<td class=\"et6\" style=\"width: 183.00pt;\" width=\"244\">Strok 400mm<\/td>\n<td class=\"et5\"><\/td>\n<\/tr>\n<tr style=\"height: 22.00pt;\">\n<td class=\"et5\" style=\"height: 22.00pt;\" height=\"29\">Boyutlar<\/td>\n<td class=\"et6\" style=\"width: 183.00pt;\" width=\"244\">U 610*G 345*Y 648mm<\/td>\n<td class=\"et5\"><\/td>\n<\/tr>\n<tr style=\"height: 22.00pt;\">\n<td class=\"et5\" style=\"height: 22.00pt;\" height=\"29\">Y\u00fck<\/td>\n<td class=\"et6\" style=\"width: 183.00pt;\" width=\"244\">0,5 KG<\/td>\n<td class=\"et5\"><\/td>\n<\/tr>\n<tr style=\"height: 22.00pt;\">\n<td class=\"et5\" style=\"height: 22.00pt;\" height=\"29\">Esnek besleyici<\/td>\n<td class=\"et6\" style=\"width: 183.00pt;\" width=\"244\">180mm*140mm<\/td>\n<td class=\"et5\">Disk \u00f6zelle\u015ftirme: \u0130ste\u011fe ba\u011fl\u0131<\/td>\n<\/tr>\n<tr style=\"height: 22.00pt;\">\n<td class=\"et5\" style=\"height: 22.00pt;\" height=\"29\">Depolama kutusu<\/td>\n<td class=\"et6\" style=\"width: 183.00pt;\" width=\"244\">3L<\/td>\n<td class=\"et5\"><\/td>\n<\/tr>\n<tr style=\"height: 22.00pt;\">\n<td class=\"et5\" style=\"height: 22.00pt;\" height=\"29\">\u00dcst CCD<\/td>\n<td class=\"et6\" style=\"width: 183.00pt;\" width=\"244\">1200W<\/td>\n<td class=\"et5\"><\/td>\n<\/tr>\n<tr style=\"height: 22.00pt;\">\n<td class=\"et5\" style=\"height: 22.00pt;\" height=\"29\">Daha d\u00fc\u015f\u00fck CCD<\/td>\n<td class=\"et6\" style=\"width: 183.00pt;\" width=\"244\">500W<\/td>\n<td class=\"et5\">\u0130ste\u011fe ba\u011fl\u0131<\/td>\n<\/tr>\n<tr style=\"height: 42.00pt;\">\n<td class=\"et5\" style=\"height: 42.00pt;\" height=\"56\">Kontrol sistemi<\/td>\n<td class=\"et6\" style=\"width: 183.00pt;\" width=\"244\">Kendi geli\u015ftirdi\u011fimiz (Robot + Vizyon + Esnek titre\u015fim merkezi kontrol\u00fc)<\/td>\n<td class=\"et5\"><\/td>\n<\/tr>\n<tr style=\"height: 22.00pt;\">\n<td class=\"et5\" style=\"height: 22.00pt;\" height=\"29\">Kesinlik<\/td>\n<td class=\"et6\" style=\"width: 183.00pt;\" width=\"244\">U\u00e7an at\u0131\u015f yok: \u00b10.15mm<\/td>\n<td class=\"et5\">U\u00e7an at\u0131\u015f: \u00b10,05mm<\/td>\n<\/tr>\n<tr style=\"height: 22.00pt;\">\n<td class=\"et5\" style=\"height: 22.00pt;\" height=\"29\">H\u0131z<\/td>\n<td class=\"et6\" style=\"width: 183.00pt;\" width=\"244\">3000-4500 ADET\/SAAT<\/td>\n<td class=\"et5\">\u00dcr\u00fcne ba\u011fl\u0131 olarak<\/td>\n<\/tr>\n<tr style=\"height: 22.00pt;\">\n<td class=\"et5\" style=\"height: 22.00pt;\" height=\"29\">Nozul say\u0131s\u0131<\/td>\n<td class=\"et6\" style=\"width: 183.00pt;\" width=\"244\">1 adet<\/td>\n<td class=\"et5\"><\/td>\n<\/tr>\n<tr style=\"height: 22.00pt;\">\n<td class=\"et5\" style=\"height: 22.00pt;\" height=\"29\">De\u015farj aral\u0131\u011f\u0131<\/td>\n<td class=\"et6\" style=\"width: 183.00pt;\" width=\"244\">250mm*200mm<\/td>\n<td class=\"et5\"><\/td>\n<\/tr>\n<tr style=\"height: 22.00pt;\">\n<td class=\"et5\" style=\"height: 22.00pt;\" height=\"29\">G\u00fc\u00e7 kayna\u011f\u0131 voltaj\u0131<\/td>\n<td class=\"et6\" style=\"width: 183.00pt;\" width=\"244\">220V\/50HZ<\/td>\n<td class=\"et5\"><\/td>\n<\/tr>\n<tr style=\"height: 22.00pt;\">\n<td class=\"et5\" style=\"height: 22.00pt;\" height=\"29\">Hava bas\u0131nc\u0131<\/td>\n<td class=\"et6\" style=\"width: 183.00pt;\" width=\"244\">0,5-0,7Mpa<\/td>\n<td class=\"et5\"><\/td>\n<\/tr>\n<tr style=\"height: 22.00pt;\">\n<td class=\"et5\" style=\"height: 22.00pt;\" height=\"29\">A\u011f\u0131rl\u0131k\/g\u00fc\u00e7<\/td>\n<td class=\"et6\" style=\"width: 183.00pt;\" width=\"244\">Yakla\u015f\u0131k 75KG\/1KW<\/td>\n<td class=\"et5\"><\/td>\n<\/tr>\n<\/tbody>\n<\/table>\n\t<div id=\"gap-772873117\" class=\"gap-element clearfix\" style=\"display:block; height:auto;\">\n\t\t\n<style>\n#gap-772873117 {\n  padding-top: 30px;\n}\n<\/style>\n\t<\/div>\n\t\n<h2>SW-400 Boyutlar\u0131<\/h2>\n\t<div class=\"img has-hover x md-x lg-x y md-y lg-y\" id=\"image_263814324\">\n\t\t\t\t\t\t\t\t<div class=\"img-inner dark\" >\n\t\t\t<img loading=\"lazy\" decoding=\"async\" width=\"960\" height=\"511\" src=\"https:\/\/swoer.com\/wp-content\/uploads\/2025\/04\/SW-400-Dimensions.webp\" class=\"attachment-original size-original\" alt=\"SW-400 Boyutlar\u0131\" srcset=\"https:\/\/swoer.com\/wp-content\/uploads\/2025\/04\/SW-400-Dimensions.webp 960w, https:\/\/swoer.com\/wp-content\/uploads\/2025\/04\/SW-400-Dimensions-300x160.webp 300w, https:\/\/swoer.com\/wp-content\/uploads\/2025\/04\/SW-400-Dimensions-768x409.webp 768w, https:\/\/swoer.com\/wp-content\/uploads\/2025\/04\/SW-400-Dimensions-18x10.webp 18w, https:\/\/swoer.com\/wp-content\/uploads\/2025\/04\/SW-400-Dimensions-600x319.webp 600w\" sizes=\"(max-width: 960px) 100vw, 960px\" \/>\t\t\t\t\t\t\n\t\t\t\t\t<\/div>\n\t\t\t\t\t\t\t\t\n<style>\n#image_263814324 {\n  width: 100%;\n}\n<\/style>\n\t<\/div>","protected":false},"excerpt":{"rendered":"<p class=\"\" data-start=\"38\" data-end=\"61\">SW-400, robotik tepsi yerle\u015ftirmeli esnek besleyici, h\u0131zl\u0131 ve do\u011fru par\u00e7a y\u00fcklemesi sunar. \u00c7e\u015fitli par\u00e7a boyutlar\u0131n\u0131 i\u015fler, manuel i\u015fi azalt\u0131r ve bir\u00e7ok sekt\u00f6re uygundur.<\/p>","protected":false},"featured_media":3305,"comment_status":"open","ping_status":"closed","template":"","meta":[],"product_cat":[131],"product_tag":[],"yoast_head":"<!-- This site is optimized with the Yoast SEO plugin v22.2 - https:\/\/yoast.com\/wordpress\/plugins\/seo\/ -->\n<title>Flexible Feeder for Robotic Tray Placement SW-400 - SWOER<\/title>\n<meta name=\"description\" content=\"Flexible feeder with robotic tray placement for fast, precise part sorting and loading. Ideal for automation in electronics, medical, and automotive.\" \/>\n<meta name=\"robots\" content=\"index, follow, max-snippet:-1, max-image-preview:large, max-video-preview:-1\" \/>\n<link rel=\"canonical\" href=\"https:\/\/swoer.com\/tr\/manufacturer\/flexible-feeder-for-robotic-tray-placement\/\" \/>\n<meta property=\"og:locale\" content=\"tr_TR\" \/>\n<meta property=\"og:type\" content=\"article\" \/>\n<meta property=\"og:title\" content=\"Flexible Feeder for Robotic Tray Placement SW-400 - SWOER\" \/>\n<meta property=\"og:description\" content=\"Flexible feeder with robotic tray placement for fast, precise part sorting and loading. Ideal for automation in electronics, medical, and automotive.\" \/>\n<meta property=\"og:url\" content=\"https:\/\/swoer.com\/tr\/manufacturer\/flexible-feeder-for-robotic-tray-placement\/\" \/>\n<meta property=\"og:site_name\" content=\"SWOER\" \/>\n<meta property=\"article:modified_time\" content=\"2025-04-14T07:08:00+00:00\" \/>\n<meta property=\"og:image\" content=\"https:\/\/swoer.com\/wp-content\/uploads\/2025\/04\/Robotic-Parts-Feeder.webp\" \/>\n\t<meta property=\"og:image:width\" content=\"1000\" \/>\n\t<meta property=\"og:image:height\" content=\"1000\" \/>\n\t<meta property=\"og:image:type\" content=\"image\/webp\" \/>\n<meta name=\"twitter:card\" content=\"summary_large_image\" \/>\n<meta name=\"twitter:label1\" content=\"Tahmini okuma s\u00fcresi\" \/>\n\t<meta name=\"twitter:data1\" content=\"1 dakika\" \/>\n<script type=\"application\/ld+json\" class=\"yoast-schema-graph\">{\"@context\":\"https:\/\/schema.org\",\"@graph\":[{\"@type\":\"WebPage\",\"@id\":\"https:\/\/swoer.com\/manufacturer\/flexible-feeder-for-robotic-tray-placement\/\",\"url\":\"https:\/\/swoer.com\/manufacturer\/flexible-feeder-for-robotic-tray-placement\/\",\"name\":\"Flexible Feeder for Robotic Tray Placement SW-400 - SWOER\",\"isPartOf\":{\"@id\":\"https:\/\/swoer.com\/#website\"},\"primaryImageOfPage\":{\"@id\":\"https:\/\/swoer.com\/manufacturer\/flexible-feeder-for-robotic-tray-placement\/#primaryimage\"},\"image\":{\"@id\":\"https:\/\/swoer.com\/manufacturer\/flexible-feeder-for-robotic-tray-placement\/#primaryimage\"},\"thumbnailUrl\":\"https:\/\/swoer.com\/wp-content\/uploads\/2025\/04\/Robotic-Parts-Feeder.webp\",\"datePublished\":\"2025-04-14T06:16:27+00:00\",\"dateModified\":\"2025-04-14T07:08:00+00:00\",\"description\":\"Flexible feeder with robotic tray placement for fast, precise part sorting and loading. Ideal for automation in electronics, medical, and automotive.\",\"breadcrumb\":{\"@id\":\"https:\/\/swoer.com\/manufacturer\/flexible-feeder-for-robotic-tray-placement\/#breadcrumb\"},\"inLanguage\":\"tr\",\"potentialAction\":[{\"@type\":\"ReadAction\",\"target\":[\"https:\/\/swoer.com\/manufacturer\/flexible-feeder-for-robotic-tray-placement\/\"]}]},{\"@type\":\"ImageObject\",\"inLanguage\":\"tr\",\"@id\":\"https:\/\/swoer.com\/manufacturer\/flexible-feeder-for-robotic-tray-placement\/#primaryimage\",\"url\":\"https:\/\/swoer.com\/wp-content\/uploads\/2025\/04\/Robotic-Parts-Feeder.webp\",\"contentUrl\":\"https:\/\/swoer.com\/wp-content\/uploads\/2025\/04\/Robotic-Parts-Feeder.webp\",\"width\":1000,\"height\":1000,\"caption\":\"Robotic Parts Feeder\"},{\"@type\":\"BreadcrumbList\",\"@id\":\"https:\/\/swoer.com\/manufacturer\/flexible-feeder-for-robotic-tray-placement\/#breadcrumb\",\"itemListElement\":[{\"@type\":\"ListItem\",\"position\":1,\"name\":\"Home\",\"item\":\"https:\/\/swoer.com\/\"},{\"@type\":\"ListItem\",\"position\":2,\"name\":\"Shop\",\"item\":\"https:\/\/swoer.com\/shop\/\"},{\"@type\":\"ListItem\",\"position\":3,\"name\":\"Flexible Feeder for Robotic Tray Placement SW-400\"}]},{\"@type\":\"WebSite\",\"@id\":\"https:\/\/swoer.com\/#website\",\"url\":\"https:\/\/swoer.com\/\",\"name\":\"SWOER\",\"description\":\"Swoer is the top 3 vibratory bowl feeder manufacturer in China\",\"potentialAction\":[{\"@type\":\"SearchAction\",\"target\":{\"@type\":\"EntryPoint\",\"urlTemplate\":\"https:\/\/swoer.com\/?s={search_term_string}\"},\"query-input\":\"required name=search_term_string\"}],\"inLanguage\":\"tr\"}]}<\/script>\n<!-- \/ Yoast SEO plugin. -->","yoast_head_json":{"title":"Flexible Feeder for Robotic Tray Placement SW-400 - SWOER","description":"Flexible feeder with robotic tray placement for fast, precise part sorting and loading. Ideal for automation in electronics, medical, and automotive.","robots":{"index":"index","follow":"follow","max-snippet":"max-snippet:-1","max-image-preview":"max-image-preview:large","max-video-preview":"max-video-preview:-1"},"canonical":"https:\/\/swoer.com\/tr\/manufacturer\/flexible-feeder-for-robotic-tray-placement\/","og_locale":"tr_TR","og_type":"article","og_title":"Flexible Feeder for Robotic Tray Placement SW-400 - SWOER","og_description":"Flexible feeder with robotic tray placement for fast, precise part sorting and loading. Ideal for automation in electronics, medical, and automotive.","og_url":"https:\/\/swoer.com\/tr\/manufacturer\/flexible-feeder-for-robotic-tray-placement\/","og_site_name":"SWOER","article_modified_time":"2025-04-14T07:08:00+00:00","og_image":[{"width":1000,"height":1000,"url":"https:\/\/swoer.com\/wp-content\/uploads\/2025\/04\/Robotic-Parts-Feeder.webp","type":"image\/webp"}],"twitter_card":"summary_large_image","twitter_misc":{"Tahmini okuma s\u00fcresi":"1 dakika"},"schema":{"@context":"https:\/\/schema.org","@graph":[{"@type":"WebPage","@id":"https:\/\/swoer.com\/manufacturer\/flexible-feeder-for-robotic-tray-placement\/","url":"https:\/\/swoer.com\/manufacturer\/flexible-feeder-for-robotic-tray-placement\/","name":"Flexible Feeder for Robotic Tray Placement SW-400 - SWOER","isPartOf":{"@id":"https:\/\/swoer.com\/#website"},"primaryImageOfPage":{"@id":"https:\/\/swoer.com\/manufacturer\/flexible-feeder-for-robotic-tray-placement\/#primaryimage"},"image":{"@id":"https:\/\/swoer.com\/manufacturer\/flexible-feeder-for-robotic-tray-placement\/#primaryimage"},"thumbnailUrl":"https:\/\/swoer.com\/wp-content\/uploads\/2025\/04\/Robotic-Parts-Feeder.webp","datePublished":"2025-04-14T06:16:27+00:00","dateModified":"2025-04-14T07:08:00+00:00","description":"Flexible feeder with robotic tray placement for fast, precise part sorting and loading. Ideal for automation in electronics, medical, and automotive.","breadcrumb":{"@id":"https:\/\/swoer.com\/manufacturer\/flexible-feeder-for-robotic-tray-placement\/#breadcrumb"},"inLanguage":"tr","potentialAction":[{"@type":"ReadAction","target":["https:\/\/swoer.com\/manufacturer\/flexible-feeder-for-robotic-tray-placement\/"]}]},{"@type":"ImageObject","inLanguage":"tr","@id":"https:\/\/swoer.com\/manufacturer\/flexible-feeder-for-robotic-tray-placement\/#primaryimage","url":"https:\/\/swoer.com\/wp-content\/uploads\/2025\/04\/Robotic-Parts-Feeder.webp","contentUrl":"https:\/\/swoer.com\/wp-content\/uploads\/2025\/04\/Robotic-Parts-Feeder.webp","width":1000,"height":1000,"caption":"Robotic Parts Feeder"},{"@type":"BreadcrumbList","@id":"https:\/\/swoer.com\/manufacturer\/flexible-feeder-for-robotic-tray-placement\/#breadcrumb","itemListElement":[{"@type":"ListItem","position":1,"name":"Home","item":"https:\/\/swoer.com\/"},{"@type":"ListItem","position":2,"name":"Shop","item":"https:\/\/swoer.com\/shop\/"},{"@type":"ListItem","position":3,"name":"Flexible Feeder for Robotic Tray Placement SW-400"}]},{"@type":"WebSite","@id":"https:\/\/swoer.com\/#website","url":"https:\/\/swoer.com\/","name":"SWOER","description":"Swoer is the top 3 vibratory bowl feeder manufacturer in China","potentialAction":[{"@type":"SearchAction","target":{"@type":"EntryPoint","urlTemplate":"https:\/\/swoer.com\/?s={search_term_string}"},"query-input":"required name=search_term_string"}],"inLanguage":"tr"}]}},"_links":{"self":[{"href":"https:\/\/swoer.com\/tr\/wp-json\/wp\/v2\/product\/3304"}],"collection":[{"href":"https:\/\/swoer.com\/tr\/wp-json\/wp\/v2\/product"}],"about":[{"href":"https:\/\/swoer.com\/tr\/wp-json\/wp\/v2\/types\/product"}],"replies":[{"embeddable":true,"href":"https:\/\/swoer.com\/tr\/wp-json\/wp\/v2\/comments?post=3304"}],"wp:featuredmedia":[{"embeddable":true,"href":"https:\/\/swoer.com\/tr\/wp-json\/wp\/v2\/media\/3305"}],"wp:attachment":[{"href":"https:\/\/swoer.com\/tr\/wp-json\/wp\/v2\/media?parent=3304"}],"wp:term":[{"taxonomy":"product_cat","embeddable":true,"href":"https:\/\/swoer.com\/tr\/wp-json\/wp\/v2\/product_cat?post=3304"},{"taxonomy":"product_tag","embeddable":true,"href":"https:\/\/swoer.com\/tr\/wp-json\/wp\/v2\/product_tag?post=3304"}],"curies":[{"name":"wp","href":"https:\/\/api.w.org\/{rel}","templated":true}]}}