{"id":2944,"date":"2024-12-02T22:55:27","date_gmt":"2024-12-02T14:55:27","guid":{"rendered":"https:\/\/swoer.com\/?post_type=product&#038;p=2944"},"modified":"2025-03-21T09:08:32","modified_gmt":"2025-03-21T01:08:32","slug":"step-feeders-step-feeder-systems-with-vibratory-feeder","status":"publish","type":"product","link":"https:\/\/swoer.com\/tr\/manufacturer\/step-feeders-step-feeder-systems-with-vibratory-feeder\/","title":{"rendered":"Kademeli Besleyiciler \u2013 Titre\u015fimli Besleyicili Kademeli Besleyici Sistemleri"},"content":{"rendered":"<section class=\"section\" id=\"section_143076562\">\n\t\t<div class=\"bg section-bg fill bg-fill  bg-loaded\" >\n\n\t\t\t\n\t\t\t\n\t\t\t\n\n\t\t<\/div>\n\n\t\t\n\n\t\t<div class=\"section-content relative\">\n\t\t\t\n<h2>Titre\u015fimli Besleyicili Kademeli Besleyici Sistemlerinin Avantajlar\u0131:<\/h2>\n<h3>1. Verimli ve G\u00fcvenilir Tasar\u0131m<\/h3>\n<p>Step Feeders, par\u00e7alar\u0131 istenilen konuma hassas bir \u015fekilde kald\u0131r\u0131p teslim edebilen basit ancak etkili tasar\u0131mlar\u0131yla \u00f6ne \u00e7\u0131kar. Bu, daha az hata sa\u011flar ve genel \u00fcretkenli\u011fi art\u0131r\u0131r.<\/p>\n<h3>2. Titre\u015fimli Besleyicilerle Sorunsuz Uyumluluk<\/h3>\n<p>Bu besleyiciler, titre\u015fimli besleyicilerle m\u00fckemmel \u015fekilde \u00e7al\u0131\u015facak \u015fekilde tasarlanm\u0131\u015ft\u0131r, sorunsuz \u00e7al\u0131\u015fma ve \u00e7e\u015fitli \u00fcretim ortamlar\u0131na kolay entegrasyon sa\u011flar.<\/p>\n<h3>3. \u00c7e\u015fitli Uygulamalar \u0130\u00e7in \u00c7ok Y\u00f6nl\u00fcl\u00fck<\/h3>\n<p>K\u00fc\u00e7\u00fck, karma\u015f\u0131k par\u00e7alardan daha b\u00fcy\u00fck bile\u015fenlere kadar, Kademeli Besleyiciler farkl\u0131 end\u00fcstrilerin \u00f6zel gereksinimlerini kar\u015f\u0131layacak \u015fekilde \u00f6zelle\u015ftirilebilir.<\/p>\n<h3>4. Azalt\u0131lm\u0131\u015f G\u00fcr\u00fclt\u00fc ve Enerji T\u00fcketimi<\/h3>\n<p>Geleneksel besleme sistemlerine k\u0131yasla, Kademeli Besleyiciler daha sessiz \u00e7al\u0131\u015f\u0131r ve enerji a\u00e7\u0131s\u0131ndan verimlidir, bu da onlar\u0131 g\u00fcr\u00fclt\u00fc ve enerji standartlar\u0131n\u0131n s\u0131k\u0131 oldu\u011fu ortamlar i\u00e7in ideal hale getirir.<\/p>\n<h3>5. Dayan\u0131kl\u0131 ve Bak\u0131m\u0131 Kolay<\/h3>\n<p>Y\u00fcksek kaliteli malzemelerle \u00fcretilen Step Besleyiciler son derece dayan\u0131kl\u0131d\u0131r ve sade bir tasar\u0131ma sahiptir, bu da bak\u0131m kolayl\u0131\u011f\u0131 ve uzun vadeli i\u015fletme maliyetlerinin d\u00fc\u015f\u00fck olmas\u0131n\u0131 sa\u011flar.<\/p>\n\t<div class=\"img has-hover x md-x lg-x y md-y lg-y\" id=\"image_24673918\">\n\t\t\t\t\t\t\t\t<div class=\"img-inner image-cover dark\" style=\"padding-top:56.25%;\">\n\t\t\t<img loading=\"lazy\" decoding=\"async\" width=\"960\" height=\"540\" src=\"https:\/\/swoer.com\/wp-content\/uploads\/2024\/12\/Step-Feeder-with-Vibratory-Feeder.webp\" class=\"attachment-original size-original\" alt=\"Titre\u015fimli Besleyicili Kademeli Besleyici\" srcset=\"https:\/\/swoer.com\/wp-content\/uploads\/2024\/12\/Step-Feeder-with-Vibratory-Feeder.webp 960w, https:\/\/swoer.com\/wp-content\/uploads\/2024\/12\/Step-Feeder-with-Vibratory-Feeder-300x169.webp 300w, https:\/\/swoer.com\/wp-content\/uploads\/2024\/12\/Step-Feeder-with-Vibratory-Feeder-768x432.webp 768w, https:\/\/swoer.com\/wp-content\/uploads\/2024\/12\/Step-Feeder-with-Vibratory-Feeder-18x10.webp 18w, https:\/\/swoer.com\/wp-content\/uploads\/2024\/12\/Step-Feeder-with-Vibratory-Feeder-600x338.webp 600w\" sizes=\"(max-width: 960px) 100vw, 960px\" \/>\t\t\t\t\t\t\n\t\t\t\t\t<\/div>\n\t\t\t\t\t\t\t\t\n<style>\n#image_24673918 {\n  width: 100%;\n}\n<\/style>\n\t<\/div>\n\t\n\t\t<\/div>\n\n\t\t\n<style>\n#section_143076562 {\n  padding-top: 30px;\n  padding-bottom: 30px;\n}\n#section_143076562 .ux-shape-divider--top svg {\n  height: 150px;\n  --divider-top-width: 100%;\n}\n#section_143076562 .ux-shape-divider--bottom svg {\n  height: 150px;\n  --divider-width: 100%;\n}\n<\/style>\n\t<\/section>\n\t\n\t<section class=\"section\" id=\"section_1693922059\">\n\t\t<div class=\"bg section-bg fill bg-fill  bg-loaded\" >\n\n\t\t\t\n\t\t\t\n\t\t\t\n\n\t\t<\/div>\n\n\t\t\n\n\t\t<div class=\"section-content relative\">\n\t\t\t\n<h2>Ad\u0131m Besleyicileri \u00d6zelle\u015ftirmek \u0130\u00e7in Gerekli Bilgiler<\/h2>\n<p>Step Feeder&#039;\u0131n ihtiya\u00e7lar\u0131n\u0131za g\u00f6re uyarland\u0131\u011f\u0131ndan emin olmak i\u00e7in l\u00fctfen a\u015fa\u011f\u0131daki bilgileri sa\u011flay\u0131n:<\/p>\n<h3>1. Par\u00e7a \u00d6zellikleri<\/h3>\n<ul>\n<li>\u0130\u015flenecek par\u00e7alar\u0131n boyutu, \u015fekli ve malzemesi.<\/li>\n<li>\u00d6zel \u00f6zellikler veya k\u0131r\u0131lganl\u0131k hususlar\u0131.<\/li>\n<\/ul>\n<h3>2. Beslenme Gereksinimleri<\/h3>\n<ul>\n<li>\u0130stenilen besleme h\u0131z\u0131 ve y\u00f6n\u00fc.<\/li>\n<li>\u00c7\u0131kt\u0131 oran\u0131 ve do\u011fruluk seviyelerine ihtiya\u00e7 vard\u0131r.<\/li>\n<\/ul>\n<h3>3. Entegrasyon Ayr\u0131nt\u0131lar\u0131<\/h3>\n<ul>\n<li>Mevcut makinelerle uyumluluk (\u00f6rne\u011fin titre\u015fimli besleyiciler, konvey\u00f6rler).<\/li>\n<li>\u00dcretim hatt\u0131n\u0131n boyutlar\u0131 ve yerle\u015fimi.<\/li>\n<\/ul>\n<h3>4. \u00c7al\u0131\u015fma Ortam\u0131<\/h3>\n<ul>\n<li>\u00c7evresel fakt\u00f6rler (\u00f6rne\u011fin; toz, nem, s\u0131cakl\u0131k).<\/li>\n<li>G\u00fcr\u00fclt\u00fc ve enerji verimlili\u011fi gereklilikleri.<\/li>\n<\/ul>\n<h3>5. \u00d6zel \u00d6zellikler<\/h3>\n<ul>\n<li>Sens\u00f6rler, hazneler veya kapaklar gibi ek \u00f6zellikler.<\/li>\n<li>Dayan\u0131kl\u0131l\u0131k veya hijyen a\u00e7\u0131s\u0131ndan tercih edilen malzemeler veya kaplamalar.<\/li>\n<\/ul>\n<h3>6. Sekt\u00f6re \u00d6zel \u0130htiya\u00e7lar<\/h3>\n<ul>\n<li>Sekt\u00f6r\u00fcn\u00fcz i\u00e7in gerekli standartlar veya sertifikasyonlar.<\/li>\n<li>T\u0131bbi veya otomotiv montaj\u0131 gibi \u00f6zel uygulama detaylar\u0131.<\/li>\n<\/ul>\n<p>Bu bilgileri sa\u011flaman\u0131z, operasyonel hedeflerinize ve end\u00fcstri standartlar\u0131n\u0131za m\u00fckemmel \u015fekilde uyan bir Kademeli Besleyici tasarlamam\u0131za yard\u0131mc\u0131 olacakt\u0131r.<\/p>\n\t<div class=\"img has-hover x md-x lg-x y md-y lg-y\" id=\"image_10975043\">\n\t\t\t\t\t\t\t\t<div class=\"img-inner image-cover dark\" style=\"padding-top:56.25%;\">\n\t\t\t<img loading=\"lazy\" decoding=\"async\" width=\"960\" height=\"540\" src=\"https:\/\/swoer.com\/wp-content\/uploads\/2024\/12\/step-feeder.webp\" class=\"attachment-original size-original\" alt=\"ad\u0131m besleyici\" srcset=\"https:\/\/swoer.com\/wp-content\/uploads\/2024\/12\/step-feeder.webp 960w, https:\/\/swoer.com\/wp-content\/uploads\/2024\/12\/step-feeder-300x169.webp 300w, https:\/\/swoer.com\/wp-content\/uploads\/2024\/12\/step-feeder-768x432.webp 768w, https:\/\/swoer.com\/wp-content\/uploads\/2024\/12\/step-feeder-18x10.webp 18w, https:\/\/swoer.com\/wp-content\/uploads\/2024\/12\/step-feeder-600x338.webp 600w\" sizes=\"(max-width: 960px) 100vw, 960px\" \/>\t\t\t\t\t\t\n\t\t\t\t\t<\/div>\n\t\t\t\t\t\t\t\t\n<style>\n#image_10975043 {\n  width: 100%;\n}\n<\/style>\n\t<\/div>\n\t\n\t\t<\/div>\n\n\t\t\n<style>\n#section_1693922059 {\n  padding-top: 30px;\n  padding-bottom: 30px;\n}\n#section_1693922059 .ux-shape-divider--top svg {\n  height: 150px;\n  --divider-top-width: 100%;\n}\n#section_1693922059 .ux-shape-divider--bottom svg {\n  height: 150px;\n  --divider-width: 100%;\n}\n<\/style>\n\t<\/section>\n\t\n\t<section class=\"section\" id=\"section_1373605350\">\n\t\t<div class=\"bg section-bg fill bg-fill  bg-loaded\" >\n\n\t\t\t\n\t\t\t\n\t\t\t\n\n\t\t<\/div>\n\n\t\t\n\n\t\t<div class=\"section-content relative\">\n\t\t\t\n<h2>Bize Ula\u015f\u0131n<\/h2>\n\n<div class=\"wpcf7 no-js\" id=\"wpcf7-f280-o1\" lang=\"en-US\" dir=\"ltr\">\n<div class=\"screen-reader-response\"><p role=\"status\" aria-live=\"polite\" aria-atomic=\"true\"><\/p> <ul><\/ul><\/div>\n<form action=\"\/tr\/wp-json\/wp\/v2\/product\/2944#wpcf7-f280-o1\" method=\"post\" class=\"wpcf7-form init\" aria-label=\"\u0130leti\u015fim Formu\" novalidate=\"novalidate\" data-status=\"init\" data-trp-original-action=\"\/tr\/wp-json\/wp\/v2\/product\/2944#wpcf7-f280-o1\">\n<div style=\"display: none;\">\n<input type=\"hidden\" name=\"_wpcf7\" value=\"280\" \/>\n<input type=\"hidden\" name=\"_wpcf7_version\" value=\"5.9.2\" \/>\n<input type=\"hidden\" name=\"_wpcf7_locale\" value=\"en_US\" \/>\n<input type=\"hidden\" name=\"_wpcf7_unit_tag\" value=\"wpcf7-f280-o1\" \/>\n<input type=\"hidden\" name=\"_wpcf7_container_post\" value=\"0\" \/>\n<input type=\"hidden\" name=\"_wpcf7_posted_data_hash\" value=\"\" \/>\n<\/div>\n<div class='custom_contact_style'>\n\t<div class=\"row row-small\">\n\t\t<div class=\"col medium-6 small-12 large-6\">\n\t\t\t<div class=\"col-inner\">\n\t\t\t\t<p><span class=\"wpcf7-form-control-wrap\" data-name=\"your-name\"><input size=\"40\" class=\"wpcf7-form-control wpcf7-text wpcf7-validates-as-required\" aria-required=\"true\" aria-invalid=\"false\" placeholder=\"\u0130sim*\" value=\"\" type=\"text\" name=\"your-name\" \/><\/span>\n\t\t\t\t<\/p>\n\t\t\t<\/div>\n\t\t<\/div>\n\t\t<div class=\"col medium-6 small-12 large-6\">\n\t\t\t<div class=\"col-inner\">\n\t\t\t\t<p><span class=\"wpcf7-form-control-wrap\" data-name=\"your-email\"><input size=\"40\" class=\"wpcf7-form-control wpcf7-email wpcf7-validates-as-required wpcf7-text wpcf7-validates-as-email\" aria-required=\"true\" aria-invalid=\"false\" placeholder=\"E-posta*\" value=\"\" type=\"email\" name=\"your-email\" \/><\/span>\n\t\t\t\t<\/p>\n\t\t\t<\/div>\n\t\t<\/div>\n\t<\/div>\n\t<div class='cus_contact_form_bottom'>\n\t\t<p><span class=\"wpcf7-form-control-wrap\" data-name=\"your-phone\"><input size=\"40\" class=\"wpcf7-form-control wpcf7-text\" aria-invalid=\"false\" placeholder=\"Telefon\" value=\"\" type=\"text\" name=\"your-phone\" \/><\/span>\n\t\t<\/p>\n\t<\/div>\n\t<div class='cus_contact_form_bottom'>\n\t\t<p><span class=\"wpcf7-form-control-wrap\" data-name=\"your-country\"><input size=\"40\" class=\"wpcf7-form-control wpcf7-text\" aria-invalid=\"false\" placeholder=\"\u00dclke\" value=\"\" type=\"text\" name=\"your-country\" \/><\/span>\n\t\t<\/p>\n\t<\/div>\n\t<p><span class=\"wpcf7-form-control-wrap\" data-name=\"your-message\"><textarea cols=\"40\" rows=\"10\" class=\"wpcf7-form-control wpcf7-textarea wpcf7-validates-as-required\" aria-required=\"true\" aria-invalid=\"false\" placeholder=\"Mesaj\u0131n *\" name=\"your-message\"><\/textarea><\/span>\n\t<\/p>\n\t<div style=\"margin-bottom:10px;\">\n\t\t<p><span class=\"wpcf7-form-control-wrap kc_captcha cf7ic-toggle\" data-name=\"kc_captcha\"><span class=\"wpcf7-form-control wpcf7-radio\"><span class=\"captcha-image\" style=\"display: none;\"><span class=\"cf7ic_instructions\">L\u00fctfen se\u00e7erek insan oldu\u011funuzu kan\u0131tlay\u0131n.<span> car<\/span>.<\/span><label><input aria-label=\"1\" type=\"radio\" name=\"kc_captcha\" value=\"bot\" \/><svg aria-hidden=\"true\" role=\"img\" xmlns=\"http:\/\/www.w3.org\/2000\/svg\" viewbox=\"0 0 576 512\"><path fill=\"currentColor\" d=\"M488 313v143c0 13-11 24-24 24H348c-7 0-12-5-12-12V356c0-7-5-12-12-12h-72c-7 0-12 5-12 12v112c0 7-5 12-12 12H112c-13 0-24-11-24-24V313c0-4 2-7 4-10l188-154c5-4 11-4 16 0l188 154c2 3 4 6 4 10zm84-61l-84-69V44c0-6-5-12-12-12h-56c-7 0-12 6-12 12v73l-89-74a48 48 0 00-61 0L4 252c-5 4-5 12-1 17l25 31c5 5 12 5 17 1l235-193c5-4 11-4 16 0l235 193c5 5 13 4 17-1l25-31c4-6 4-13-1-17z\"\/><\/svg><\/label><label><input aria-label=\"2\" type=\"radio\" name=\"kc_captcha\" value=\"kc_human\" \/><svg aria-hidden=\"true\" role=\"img\" xmlns=\"http:\/\/www.w3.org\/2000\/svg\" viewbox=\"0 0 512 512\"><path fill=\"currentColor\" d=\"M500 168h-55l-8-21a127 127 0 00-120-83H195a127 127 0 00-120 83l-8 21H12c-8 0-14 8-11 16l8 24a12 12 0 0011 8h29a64 64 0 00-33 56v48c0 16 6 31 16 42v62c0 13 11 24 24 24h48c13 0 24-11 24-24v-40h256v40c0 13 11 24 24 24h48c13 0 24-11 24-24v-62c10-11 16-26 16-42v-48c0-24-13-45-33-56h29a12 12 0 0011-8l8-24c3-8-3-16-11-16zm-365 2c9-25 33-42 60-42h122c27 0 51 17 60 42l15 38H120l15-38zM88 328a32 32 0 010-64c18 0 48 30 48 48s-30 16-48 16zm336 0c-18 0-48 2-48-16s30-48 48-48 32 14 32 32-14 32-32 32z\"\/><\/svg><\/label><label><input aria-label=\"3\" type=\"radio\" name=\"kc_captcha\" value=\"bot\" \/><svg aria-hidden=\"true\" role=\"img\" xmlns=\"http:\/\/www.w3.org\/2000\/svg\" viewbox=\"0 0 512 512\"><path fill=\"currentColor\" d=\"M512 176a176 176 0 01-209 173l-24 27a24 24 0 01-18 8h-37v40c0 13-11 24-24 24h-40v40c0 13-11 24-24 24H24c-13 0-24-11-24-24v-78c0-6 3-13 7-17l162-162a176 176 0 11343-55zm-176-48a48 48 0 1096 0 48 48 0 00-96 0z\"\/><\/svg><\/label>\r\n    <\/span>\r\n    <span style=\"display:none\">\r\n        <input type=\"text\" name=\"kc_honeypot\">\r\n    <\/span><\/span><\/span>\n\t\t<\/p>\n\t<\/div>\n\t<p><input class=\"wpcf7-form-control wpcf7-submit has-spinner\" type=\"submit\" value=\"Mesaj g\u00f6nder\" \/>\n\t<\/p>\n<\/div><div class=\"wpcf7-response-output\" aria-hidden=\"true\"><\/div>\n<input type=\"hidden\" name=\"trp-form-language\" value=\"tr\"\/><\/form>\n<\/div>\n\n\t\t<\/div>\n\n\t\t\n<style>\n#section_1373605350 {\n  padding-top: 30px;\n  padding-bottom: 30px;\n}\n#section_1373605350 .ux-shape-divider--top svg {\n  height: 150px;\n  --divider-top-width: 100%;\n}\n#section_1373605350 .ux-shape-divider--bottom svg {\n  height: 150px;\n  --divider-width: 100%;\n}\n<\/style>\n\t<\/section>\n\t\n\t<section class=\"section\" id=\"section_527916214\">\n\t\t<div class=\"bg section-bg fill bg-fill  bg-loaded\" >\n\n\t\t\t\n\t\t\t\n\t\t\t\n\n\t\t<\/div>\n\n\t\t\n\n\t\t<div class=\"section-content relative\">\n\t\t\t\n<h2>Titre\u015fimli Besleyicili Ad\u0131m Besleyici Sistemleri Videosu<\/h2>\n<div class=\"video video-fit mb\" style=\"padding-top:50%;\"><p><iframe loading=\"lazy\" title=\"Titre\u015fimli Kase Besleyicili Kademeli Besleyici - Kademeli Besleyici Konvey\u00f6rl\u00fc Titre\u015fimli Besleyici\" width=\"1020\" height=\"574\" src=\"https:\/\/www.youtube.com\/embed\/fK9paG0UEhE?feature=oembed\" frameborder=\"0\" allow=\"accelerometer; autoplay; clipboard-write; encrypted-media; gyroscope; picture-in-picture; web-share\" referrerpolicy=\"strict-origin-when-cross-origin\" allowfullscreen><\/iframe><\/p>\n<\/div>\n\t\t<\/div>\n\n\t\t\n<style>\n#section_527916214 {\n  padding-top: 30px;\n  padding-bottom: 30px;\n}\n#section_527916214 .ux-shape-divider--top svg {\n  height: 150px;\n  --divider-top-width: 100%;\n}\n#section_527916214 .ux-shape-divider--bottom svg {\n  height: 150px;\n  --divider-width: 100%;\n}\n<\/style>\n\t<\/section>","protected":false},"excerpt":{"rendered":"<p>Kademeli Besleyiciler, otomatik par\u00e7a besleme i\u00e7in verimlilik ve hassasiyeti bir araya getirir.<\/p>\n<p>Titre\u015fimli besleyicilerle kusursuz bir \u015fekilde \u00e7al\u0131\u015fmak \u00fczere tasarlanm\u0131\u015f olup, farkl\u0131 uygulamalar i\u00e7in sorunsuz \u00e7al\u0131\u015fma ve uyarlanabilirlik sa\u011flarlar.<\/p>","protected":false},"featured_media":2945,"comment_status":"open","ping_status":"closed","template":"","meta":[],"product_cat":[39],"product_tag":[],"yoast_head":"<!-- This site is optimized with the Yoast SEO plugin v22.2 - https:\/\/yoast.com\/wordpress\/plugins\/seo\/ -->\n<title>Step Feeders - Step Feeder Systems with Vibratory Feeder - SWOER<\/title>\n<meta name=\"description\" content=\"Reliable Step Feeders and advanced Step Feeder Systems integrated with vibratory feeders. Perfect for precise, automated part feeding in various industries.\" \/>\n<meta name=\"robots\" content=\"index, follow, max-snippet:-1, max-image-preview:large, max-video-preview:-1\" \/>\n<link rel=\"canonical\" href=\"https:\/\/swoer.com\/tr\/manufacturer\/step-feeders-step-feeder-systems-with-vibratory-feeder\/\" \/>\n<meta property=\"og:locale\" content=\"tr_TR\" \/>\n<meta property=\"og:type\" content=\"article\" \/>\n<meta property=\"og:title\" content=\"Step Feeders - Step Feeder Systems with Vibratory Feeder - SWOER\" \/>\n<meta property=\"og:description\" content=\"Reliable Step Feeders and advanced Step Feeder Systems integrated with vibratory feeders. Perfect for precise, automated part feeding in various industries.\" \/>\n<meta property=\"og:url\" content=\"https:\/\/swoer.com\/tr\/manufacturer\/step-feeders-step-feeder-systems-with-vibratory-feeder\/\" \/>\n<meta property=\"og:site_name\" content=\"SWOER\" \/>\n<meta property=\"article:modified_time\" content=\"2025-03-21T01:08:32+00:00\" \/>\n<meta property=\"og:image\" content=\"https:\/\/swoer.com\/wp-content\/uploads\/2024\/12\/Step-Feeder-Systems-with-Vibratory-Feeder.webp\" \/>\n\t<meta property=\"og:image:width\" content=\"1000\" \/>\n\t<meta property=\"og:image:height\" content=\"1000\" \/>\n\t<meta property=\"og:image:type\" content=\"image\/webp\" \/>\n<meta name=\"twitter:card\" content=\"summary_large_image\" \/>\n<meta name=\"twitter:label1\" content=\"Tahmini okuma s\u00fcresi\" \/>\n\t<meta name=\"twitter:data1\" content=\"2 dakika\" \/>\n<script type=\"application\/ld+json\" class=\"yoast-schema-graph\">{\"@context\":\"https:\/\/schema.org\",\"@graph\":[{\"@type\":\"WebPage\",\"@id\":\"https:\/\/swoer.com\/manufacturer\/step-feeders-step-feeder-systems-with-vibratory-feeder\/\",\"url\":\"https:\/\/swoer.com\/manufacturer\/step-feeders-step-feeder-systems-with-vibratory-feeder\/\",\"name\":\"Step Feeders - Step Feeder Systems with Vibratory Feeder - SWOER\",\"isPartOf\":{\"@id\":\"https:\/\/swoer.com\/#website\"},\"primaryImageOfPage\":{\"@id\":\"https:\/\/swoer.com\/manufacturer\/step-feeders-step-feeder-systems-with-vibratory-feeder\/#primaryimage\"},\"image\":{\"@id\":\"https:\/\/swoer.com\/manufacturer\/step-feeders-step-feeder-systems-with-vibratory-feeder\/#primaryimage\"},\"thumbnailUrl\":\"https:\/\/swoer.com\/wp-content\/uploads\/2024\/12\/Step-Feeder-Systems-with-Vibratory-Feeder.webp\",\"datePublished\":\"2024-12-02T14:55:27+00:00\",\"dateModified\":\"2025-03-21T01:08:32+00:00\",\"description\":\"Reliable Step Feeders and advanced Step Feeder Systems integrated with vibratory feeders. Perfect for precise, automated part feeding in various industries.\",\"breadcrumb\":{\"@id\":\"https:\/\/swoer.com\/manufacturer\/step-feeders-step-feeder-systems-with-vibratory-feeder\/#breadcrumb\"},\"inLanguage\":\"tr\",\"potentialAction\":[{\"@type\":\"ReadAction\",\"target\":[\"https:\/\/swoer.com\/manufacturer\/step-feeders-step-feeder-systems-with-vibratory-feeder\/\"]}]},{\"@type\":\"ImageObject\",\"inLanguage\":\"tr\",\"@id\":\"https:\/\/swoer.com\/manufacturer\/step-feeders-step-feeder-systems-with-vibratory-feeder\/#primaryimage\",\"url\":\"https:\/\/swoer.com\/wp-content\/uploads\/2024\/12\/Step-Feeder-Systems-with-Vibratory-Feeder.webp\",\"contentUrl\":\"https:\/\/swoer.com\/wp-content\/uploads\/2024\/12\/Step-Feeder-Systems-with-Vibratory-Feeder.webp\",\"width\":1000,\"height\":1000,\"caption\":\"Step Feeder Systems with Vibratory Feeder\"},{\"@type\":\"BreadcrumbList\",\"@id\":\"https:\/\/swoer.com\/manufacturer\/step-feeders-step-feeder-systems-with-vibratory-feeder\/#breadcrumb\",\"itemListElement\":[{\"@type\":\"ListItem\",\"position\":1,\"name\":\"Home\",\"item\":\"https:\/\/swoer.com\/\"},{\"@type\":\"ListItem\",\"position\":2,\"name\":\"Shop\",\"item\":\"https:\/\/swoer.com\/shop\/\"},{\"@type\":\"ListItem\",\"position\":3,\"name\":\"Step Feeders &#8211; Step Feeder Systems with Vibratory Feeder\"}]},{\"@type\":\"WebSite\",\"@id\":\"https:\/\/swoer.com\/#website\",\"url\":\"https:\/\/swoer.com\/\",\"name\":\"SWOER\",\"description\":\"Swoer is the top 3 vibratory bowl feeder manufacturer in China\",\"potentialAction\":[{\"@type\":\"SearchAction\",\"target\":{\"@type\":\"EntryPoint\",\"urlTemplate\":\"https:\/\/swoer.com\/?s={search_term_string}\"},\"query-input\":\"required name=search_term_string\"}],\"inLanguage\":\"tr\"}]}<\/script>\n<!-- \/ Yoast SEO plugin. -->","yoast_head_json":{"title":"Step Feeders - Step Feeder Systems with Vibratory Feeder - SWOER","description":"Reliable Step Feeders and advanced Step Feeder Systems integrated with vibratory feeders. Perfect for precise, automated part feeding in various industries.","robots":{"index":"index","follow":"follow","max-snippet":"max-snippet:-1","max-image-preview":"max-image-preview:large","max-video-preview":"max-video-preview:-1"},"canonical":"https:\/\/swoer.com\/tr\/manufacturer\/step-feeders-step-feeder-systems-with-vibratory-feeder\/","og_locale":"tr_TR","og_type":"article","og_title":"Step Feeders - Step Feeder Systems with Vibratory Feeder - SWOER","og_description":"Reliable Step Feeders and advanced Step Feeder Systems integrated with vibratory feeders. Perfect for precise, automated part feeding in various industries.","og_url":"https:\/\/swoer.com\/tr\/manufacturer\/step-feeders-step-feeder-systems-with-vibratory-feeder\/","og_site_name":"SWOER","article_modified_time":"2025-03-21T01:08:32+00:00","og_image":[{"width":1000,"height":1000,"url":"https:\/\/swoer.com\/wp-content\/uploads\/2024\/12\/Step-Feeder-Systems-with-Vibratory-Feeder.webp","type":"image\/webp"}],"twitter_card":"summary_large_image","twitter_misc":{"Tahmini okuma s\u00fcresi":"2 dakika"},"schema":{"@context":"https:\/\/schema.org","@graph":[{"@type":"WebPage","@id":"https:\/\/swoer.com\/manufacturer\/step-feeders-step-feeder-systems-with-vibratory-feeder\/","url":"https:\/\/swoer.com\/manufacturer\/step-feeders-step-feeder-systems-with-vibratory-feeder\/","name":"Step Feeders - Step Feeder Systems with Vibratory Feeder - SWOER","isPartOf":{"@id":"https:\/\/swoer.com\/#website"},"primaryImageOfPage":{"@id":"https:\/\/swoer.com\/manufacturer\/step-feeders-step-feeder-systems-with-vibratory-feeder\/#primaryimage"},"image":{"@id":"https:\/\/swoer.com\/manufacturer\/step-feeders-step-feeder-systems-with-vibratory-feeder\/#primaryimage"},"thumbnailUrl":"https:\/\/swoer.com\/wp-content\/uploads\/2024\/12\/Step-Feeder-Systems-with-Vibratory-Feeder.webp","datePublished":"2024-12-02T14:55:27+00:00","dateModified":"2025-03-21T01:08:32+00:00","description":"Reliable Step Feeders and advanced Step Feeder Systems integrated with vibratory feeders. Perfect for precise, automated part feeding in various industries.","breadcrumb":{"@id":"https:\/\/swoer.com\/manufacturer\/step-feeders-step-feeder-systems-with-vibratory-feeder\/#breadcrumb"},"inLanguage":"tr","potentialAction":[{"@type":"ReadAction","target":["https:\/\/swoer.com\/manufacturer\/step-feeders-step-feeder-systems-with-vibratory-feeder\/"]}]},{"@type":"ImageObject","inLanguage":"tr","@id":"https:\/\/swoer.com\/manufacturer\/step-feeders-step-feeder-systems-with-vibratory-feeder\/#primaryimage","url":"https:\/\/swoer.com\/wp-content\/uploads\/2024\/12\/Step-Feeder-Systems-with-Vibratory-Feeder.webp","contentUrl":"https:\/\/swoer.com\/wp-content\/uploads\/2024\/12\/Step-Feeder-Systems-with-Vibratory-Feeder.webp","width":1000,"height":1000,"caption":"Step Feeder Systems with Vibratory Feeder"},{"@type":"BreadcrumbList","@id":"https:\/\/swoer.com\/manufacturer\/step-feeders-step-feeder-systems-with-vibratory-feeder\/#breadcrumb","itemListElement":[{"@type":"ListItem","position":1,"name":"Home","item":"https:\/\/swoer.com\/"},{"@type":"ListItem","position":2,"name":"Shop","item":"https:\/\/swoer.com\/shop\/"},{"@type":"ListItem","position":3,"name":"Step Feeders &#8211; Step Feeder Systems with Vibratory Feeder"}]},{"@type":"WebSite","@id":"https:\/\/swoer.com\/#website","url":"https:\/\/swoer.com\/","name":"SWOER","description":"Swoer is the top 3 vibratory bowl feeder manufacturer in China","potentialAction":[{"@type":"SearchAction","target":{"@type":"EntryPoint","urlTemplate":"https:\/\/swoer.com\/?s={search_term_string}"},"query-input":"required name=search_term_string"}],"inLanguage":"tr"}]}},"_links":{"self":[{"href":"https:\/\/swoer.com\/tr\/wp-json\/wp\/v2\/product\/2944"}],"collection":[{"href":"https:\/\/swoer.com\/tr\/wp-json\/wp\/v2\/product"}],"about":[{"href":"https:\/\/swoer.com\/tr\/wp-json\/wp\/v2\/types\/product"}],"replies":[{"embeddable":true,"href":"https:\/\/swoer.com\/tr\/wp-json\/wp\/v2\/comments?post=2944"}],"wp:featuredmedia":[{"embeddable":true,"href":"https:\/\/swoer.com\/tr\/wp-json\/wp\/v2\/media\/2945"}],"wp:attachment":[{"href":"https:\/\/swoer.com\/tr\/wp-json\/wp\/v2\/media?parent=2944"}],"wp:term":[{"taxonomy":"product_cat","embeddable":true,"href":"https:\/\/swoer.com\/tr\/wp-json\/wp\/v2\/product_cat?post=2944"},{"taxonomy":"product_tag","embeddable":true,"href":"https:\/\/swoer.com\/tr\/wp-json\/wp\/v2\/product_tag?post=2944"}],"curies":[{"name":"wp","href":"https:\/\/api.w.org\/{rel}","templated":true}]}}