{"id":2798,"date":"2024-11-06T22:05:54","date_gmt":"2024-11-06T14:05:54","guid":{"rendered":"https:\/\/swoer.com\/?post_type=product&#038;p=2798"},"modified":"2025-03-21T09:07:14","modified_gmt":"2025-03-21T01:07:14","slug":"two-tracks-vibratory-bowl-feeder-for-plastic-parts","status":"publish","type":"product","link":"https:\/\/swoer.com\/tr\/manufacturer\/two-tracks-vibratory-bowl-feeder-for-plastic-parts\/","title":{"rendered":"Plastik Par\u00e7alar \u0130\u00e7in \u0130ki Rayl\u0131 Titre\u015fimli Kase Besleyici"},"content":{"rendered":"<h2>\u015eartname<\/h2>\n<table width=\"874\">\n<tbody>\n<tr>\n<td width=\"183\">\u00dcr\u00fcn ad\u0131<\/td>\n<td width=\"691\">Plastik Par\u00e7alar \u0130\u00e7in \u0130ki Rayl\u0131 Titre\u015fimli Kase Besleyici<\/td>\n<\/tr>\n<tr>\n<td>Malzeme<\/td>\n<td>\u00a0SUS201\/304<\/td>\n<\/tr>\n<tr>\n<td>Malzeme Uzmanl\u0131\u011f\u0131<\/td>\n<td>So\u011fuk i\u015flem d\u00f6vme ala\u015f\u0131m\u0131, Y\u00fcksek mukavemet, Y\u00fcksek sertlik<\/td>\n<\/tr>\n<tr>\n<td>Gerilim<\/td>\n<td>220V<\/td>\n<\/tr>\n<tr>\n<td>G\u00fc\u00e7<\/td>\n<td>65W \/150W \/180W \/ 220W \/ 350W<\/td>\n<\/tr>\n<tr>\n<td>Kimlik do\u011frulama<\/td>\n<td>CE, ROHS, ISO9001<\/td>\n<\/tr>\n<tr>\n<td>Garanti<\/td>\n<td>1 y\u0131l garanti<\/td>\n<\/tr>\n<tr>\n<td>Adedi<\/td>\n<td>1 tak\u0131m<\/td>\n<\/tr>\n<tr>\n<td>Kur\u015fun zaman\u0131<\/td>\n<td>10-14 g\u00fcn<\/td>\n<\/tr>\n<tr>\n<td>\u00d6deme ko\u015fulu<\/td>\n<td>T\/T 40% Sevkiyat \u00f6ncesi depozito ve bakiye<\/td>\n<\/tr>\n<tr>\n<td>Yerin Orjinali<\/td>\n<td>\u00c7in<\/td>\n<\/tr>\n<\/tbody>\n<\/table>\n\t<div id=\"gap-1721164339\" class=\"gap-element clearfix\" style=\"display:block; height:auto;\">\n\t\t\n<style>\n#gap-1721164339 {\n  padding-top: 30px;\n}\n<\/style>\n\t<\/div>\n\t\n<h2>\u00d6zellikler<\/h2>\n<ol>\n<li><strong>\u00c7ift Hatl\u0131 Tasar\u0131m<\/strong>:Birden fazla plastik par\u00e7ay\u0131 ayn\u0131 anda i\u015fleyerek \u00fcretim verimlili\u011fini art\u0131r\u0131r.<\/li>\n<li><strong>Artt\u0131r\u0131lm\u0131\u015f \u00dcretim H\u0131z\u0131<\/strong>: Y\u00fcksek \u00e7\u0131kt\u0131 taleplerini kar\u015f\u0131lamak i\u00e7in \u00fcretim d\u00f6ng\u00fclerini \u00f6nemli \u00f6l\u00e7\u00fcde azalt\u0131r.<\/li>\n<li><strong>Azalt\u0131lm\u0131\u015f Durma S\u00fcresi<\/strong>:Malzeme transferini optimize eder, bak\u0131m s\u0131kl\u0131\u011f\u0131n\u0131 d\u00fc\u015f\u00fcr\u00fcr ve s\u00fcrekli \u00fcretim sa\u011flar.<\/li>\n<li><strong>G\u00fc\u00e7l\u00fc Uyumluluk<\/strong>: \u00c7e\u015fitli otomasyon sistemlerine kolayca entegre olur, genel verimlili\u011fi art\u0131r\u0131r.<\/li>\n<li><strong>Kesin Y\u00f6nlendirme<\/strong>:Ta\u015f\u0131ma s\u0131ras\u0131nda par\u00e7alar\u0131n do\u011fru konumland\u0131r\u0131lmas\u0131n\u0131 sa\u011flayarak hatalar\u0131 ve at\u0131klar\u0131 en aza indirir.<\/li>\n<li><strong>Dayan\u0131kl\u0131l\u0131k<\/strong>:Uzun s\u00fcreli kullan\u0131m i\u00e7in kaliteli malzemelerden \u00fcretilmi\u015ftir, de\u011fi\u015ftirme s\u0131kl\u0131\u011f\u0131n\u0131 azalt\u0131r.<\/li>\n<li><strong>Yerden Tasarruf<\/strong>: \u00c7ift rayl\u0131 yap\u0131 daha az yer kaplayarak fabrika yerle\u015fimini optimize eder.<\/li>\n<\/ol>\n\t<div id=\"gap-1257463617\" class=\"gap-element clearfix\" style=\"display:block; height:auto;\">\n\t\t\n<style>\n#gap-1257463617 {\n  padding-top: 30px;\n}\n<\/style>\n\t<\/div>\n\t\n<h3><strong>M\u00fchendislerimizle Hemen \u0130leti\u015fime Ge\u00e7in<\/strong><\/h3>\n<p>Titre\u015fimli besleyiciyi par\u00e7alar\u0131n\u0131z\u0131n \u015fekline ve boyutuna ve ihtiyac\u0131n\u0131z olan h\u0131za g\u00f6re \u00f6zelle\u015ftirin.<\/p>\n\n<div class=\"wpcf7 no-js\" id=\"wpcf7-f5-o1\" lang=\"en-US\" dir=\"ltr\">\n<div class=\"screen-reader-response\"><p role=\"status\" aria-live=\"polite\" aria-atomic=\"true\"><\/p> <ul><\/ul><\/div>\n<form action=\"\/tr\/wp-json\/wp\/v2\/product\/2798#wpcf7-f5-o1\" method=\"post\" class=\"wpcf7-form init\" aria-label=\"\u0130leti\u015fim Formu\" novalidate=\"novalidate\" data-status=\"init\" data-trp-original-action=\"\/tr\/wp-json\/wp\/v2\/product\/2798#wpcf7-f5-o1\">\n<div style=\"display: none;\">\n<input type=\"hidden\" name=\"_wpcf7\" value=\"5\" \/>\n<input type=\"hidden\" name=\"_wpcf7_version\" value=\"5.9.2\" \/>\n<input type=\"hidden\" name=\"_wpcf7_locale\" value=\"en_US\" \/>\n<input type=\"hidden\" name=\"_wpcf7_unit_tag\" value=\"wpcf7-f5-o1\" \/>\n<input type=\"hidden\" name=\"_wpcf7_container_post\" value=\"0\" \/>\n<input type=\"hidden\" name=\"_wpcf7_posted_data_hash\" value=\"\" \/>\n<\/div>\n<div class='custom_contact_style'>\n\t<p><label> Ad\u0131n\u0131z<br \/>\n<span class=\"wpcf7-form-control-wrap\" data-name=\"your-name\"><input size=\"40\" class=\"wpcf7-form-control wpcf7-text wpcf7-validates-as-required\" autocomplete=\"name\" aria-required=\"true\" aria-invalid=\"false\" value=\"\" type=\"text\" name=\"your-name\" \/><\/span> <\/label>\n\t<\/p>\n\t<p><label> E-posta adresiniz<br \/>\n<span class=\"wpcf7-form-control-wrap\" data-name=\"your-email\"><input size=\"40\" class=\"wpcf7-form-control wpcf7-email wpcf7-validates-as-required wpcf7-text wpcf7-validates-as-email\" autocomplete=\"email\" aria-required=\"true\" aria-invalid=\"false\" value=\"\" type=\"email\" name=\"your-email\" \/><\/span> <\/label>\n\t<\/p>\n\t<p><label> Mesaj\u0131n\u0131z (iste\u011fe ba\u011fl\u0131)<br \/>\n<span class=\"wpcf7-form-control-wrap\" data-name=\"your-message\"><textarea cols=\"40\" rows=\"10\" class=\"wpcf7-form-control wpcf7-textarea\" aria-invalid=\"false\" name=\"your-message\"><\/textarea><\/span> <\/label>\n\t<\/p>\n\t<div style=\"margin-bottom:10px;\">\n\t\t<p><span class=\"wpcf7-form-control-wrap kc_captcha cf7ic-toggle\" data-name=\"kc_captcha\"><span class=\"wpcf7-form-control wpcf7-radio\"><span class=\"captcha-image\" style=\"display: none;\"><span class=\"cf7ic_instructions\">L\u00fctfen se\u00e7erek insan oldu\u011funuzu kan\u0131tlay\u0131n.<span> truck<\/span>.<\/span><label><input aria-label=\"1\" type=\"radio\" name=\"kc_captcha\" value=\"bot\" \/><svg aria-hidden=\"true\" role=\"img\" xmlns=\"http:\/\/www.w3.org\/2000\/svg\" viewbox=\"0 0 512 512\"><path fill=\"currentColor\" d=\"M500 168h-55l-8-21a127 127 0 00-120-83H195a127 127 0 00-120 83l-8 21H12c-8 0-14 8-11 16l8 24a12 12 0 0011 8h29a64 64 0 00-33 56v48c0 16 6 31 16 42v62c0 13 11 24 24 24h48c13 0 24-11 24-24v-40h256v40c0 13 11 24 24 24h48c13 0 24-11 24-24v-62c10-11 16-26 16-42v-48c0-24-13-45-33-56h29a12 12 0 0011-8l8-24c3-8-3-16-11-16zm-365 2c9-25 33-42 60-42h122c27 0 51 17 60 42l15 38H120l15-38zM88 328a32 32 0 010-64c18 0 48 30 48 48s-30 16-48 16zm336 0c-18 0-48 2-48-16s30-48 48-48 32 14 32 32-14 32-32 32z\"\/><\/svg><\/label><label><input aria-label=\"2\" type=\"radio\" name=\"kc_captcha\" value=\"bot\" \/><svg aria-hidden=\"true\" role=\"img\" xmlns=\"http:\/\/www.w3.org\/2000\/svg\" viewbox=\"0 0 512 512\"><path fill=\"currentColor\" d=\"M512 176a176 176 0 01-209 173l-24 27a24 24 0 01-18 8h-37v40c0 13-11 24-24 24h-40v40c0 13-11 24-24 24H24c-13 0-24-11-24-24v-78c0-6 3-13 7-17l162-162a176 176 0 11343-55zm-176-48a48 48 0 1096 0 48 48 0 00-96 0z\"\/><\/svg><\/label><label><input aria-label=\"3\" type=\"radio\" name=\"kc_captcha\" value=\"kc_human\" \/><svg aria-hidden=\"true\" role=\"img\" xmlns=\"http:\/\/www.w3.org\/2000\/svg\" viewbox=\"0 0 640 512\"><path fill=\"currentColor\" d=\"M624 352h-16V244c0-13-5-25-14-34L494 110c-9-9-21-14-34-14h-44V48c0-26-21-48-48-48H48C22 0 0 22 0 48v320c0 27 22 48 48 48h16a96 96 0 00192 0h128a96 96 0 00192 0h48c9 0 16-7 16-16v-32c0-9-7-16-16-16zM160 464a48 48 0 110-96 48 48 0 010 96zm320 0a48 48 0 110-96 48 48 0 010 96zm80-208H416V144h44l100 100v12z\"\/><\/svg><\/label>\r\n    <\/span>\r\n    <span style=\"display:none\">\r\n        <input type=\"text\" name=\"kc_honeypot\">\r\n    <\/span><\/span><\/span>\n\t\t<\/p>\n\t<\/div>\n\t<p><input class=\"wpcf7-form-control wpcf7-submit has-spinner\" type=\"submit\" value=\"G\u00f6ndermek\" \/>\n\t<\/p>\n<\/div><div class=\"wpcf7-response-output\" aria-hidden=\"true\"><\/div>\n<input type=\"hidden\" name=\"trp-form-language\" value=\"tr\"\/><\/form>\n<\/div>","protected":false},"excerpt":{"rendered":"<p>SWOER&#039;\u0131n \u0130ki Hatl\u0131 Titre\u015fimli Kase Besleyicisi, plastik par\u00e7alar\u0131 ayn\u0131 anda i\u015flemek i\u00e7in \u00e7ift hatl\u0131 bir sistem kullan\u0131r ve \u00fcretim h\u0131z\u0131n\u0131 b\u00fcy\u00fck \u00f6l\u00e7\u00fcde art\u0131r\u0131r. \u00c7in&#039;in en iyi 3 titre\u015fimli besleyici \u00fcreticisi olan SWOER, \u00fcretim ihtiya\u00e7lar\u0131n\u0131za g\u00f6re uyarlanm\u0131\u015f dayan\u0131kl\u0131, hassas otomasyon \u00e7\u00f6z\u00fcmleri sa\u011flamas\u0131yla bilinir.<\/p>","protected":false},"featured_media":2799,"comment_status":"open","ping_status":"closed","template":"","meta":[],"product_cat":[37],"product_tag":[],"yoast_head":"<!-- This site is optimized with the Yoast SEO plugin v22.2 - https:\/\/yoast.com\/wordpress\/plugins\/seo\/ -->\n<title>Two Tracks Vibratory Feeder | Vibratory Feeder for Plastic Parts<\/title>\n<meta name=\"description\" content=\"SWOER\u2019s Two Tracks Vibratory Bowl Feeder for plastic parts speeds up production, reduces downtime, and fits seamlessly into various automation systems.\" \/>\n<meta name=\"robots\" content=\"index, follow, max-snippet:-1, max-image-preview:large, max-video-preview:-1\" \/>\n<link rel=\"canonical\" href=\"https:\/\/swoer.com\/tr\/manufacturer\/two-tracks-vibratory-bowl-feeder-for-plastic-parts\/\" \/>\n<meta property=\"og:locale\" content=\"tr_TR\" \/>\n<meta property=\"og:type\" content=\"article\" \/>\n<meta property=\"og:title\" content=\"Two Tracks Vibratory Feeder | Vibratory Feeder for Plastic Parts\" \/>\n<meta property=\"og:description\" content=\"SWOER\u2019s Two Tracks Vibratory Bowl Feeder for plastic parts speeds up production, reduces downtime, and fits seamlessly into various automation systems.\" \/>\n<meta property=\"og:url\" content=\"https:\/\/swoer.com\/tr\/manufacturer\/two-tracks-vibratory-bowl-feeder-for-plastic-parts\/\" \/>\n<meta property=\"og:site_name\" content=\"SWOER\" \/>\n<meta property=\"article:modified_time\" content=\"2025-03-21T01:07:14+00:00\" \/>\n<meta property=\"og:image\" content=\"https:\/\/swoer.com\/wp-content\/uploads\/2024\/10\/Two-Tracks-Vibratory-Bowl-Feeder-for-Plastic-Parts-.webp\" \/>\n\t<meta property=\"og:image:width\" content=\"1000\" \/>\n\t<meta property=\"og:image:height\" content=\"1000\" \/>\n\t<meta property=\"og:image:type\" content=\"image\/webp\" \/>\n<meta name=\"twitter:card\" content=\"summary_large_image\" \/>\n<meta name=\"twitter:label1\" content=\"Tahmini okuma s\u00fcresi\" \/>\n\t<meta name=\"twitter:data1\" content=\"1 dakika\" \/>\n<script type=\"application\/ld+json\" class=\"yoast-schema-graph\">{\"@context\":\"https:\/\/schema.org\",\"@graph\":[{\"@type\":\"WebPage\",\"@id\":\"https:\/\/swoer.com\/manufacturer\/two-tracks-vibratory-bowl-feeder-for-plastic-parts\/\",\"url\":\"https:\/\/swoer.com\/manufacturer\/two-tracks-vibratory-bowl-feeder-for-plastic-parts\/\",\"name\":\"Two Tracks Vibratory Feeder | Vibratory Feeder for Plastic Parts\",\"isPartOf\":{\"@id\":\"https:\/\/swoer.com\/#website\"},\"primaryImageOfPage\":{\"@id\":\"https:\/\/swoer.com\/manufacturer\/two-tracks-vibratory-bowl-feeder-for-plastic-parts\/#primaryimage\"},\"image\":{\"@id\":\"https:\/\/swoer.com\/manufacturer\/two-tracks-vibratory-bowl-feeder-for-plastic-parts\/#primaryimage\"},\"thumbnailUrl\":\"https:\/\/swoer.com\/wp-content\/uploads\/2024\/10\/Two-Tracks-Vibratory-Bowl-Feeder-for-Plastic-Parts-.webp\",\"datePublished\":\"2024-11-06T14:05:54+00:00\",\"dateModified\":\"2025-03-21T01:07:14+00:00\",\"description\":\"SWOER\u2019s Two Tracks Vibratory Bowl Feeder for plastic parts speeds up production, reduces downtime, and fits seamlessly into various automation systems.\",\"breadcrumb\":{\"@id\":\"https:\/\/swoer.com\/manufacturer\/two-tracks-vibratory-bowl-feeder-for-plastic-parts\/#breadcrumb\"},\"inLanguage\":\"tr\",\"potentialAction\":[{\"@type\":\"ReadAction\",\"target\":[\"https:\/\/swoer.com\/manufacturer\/two-tracks-vibratory-bowl-feeder-for-plastic-parts\/\"]}]},{\"@type\":\"ImageObject\",\"inLanguage\":\"tr\",\"@id\":\"https:\/\/swoer.com\/manufacturer\/two-tracks-vibratory-bowl-feeder-for-plastic-parts\/#primaryimage\",\"url\":\"https:\/\/swoer.com\/wp-content\/uploads\/2024\/10\/Two-Tracks-Vibratory-Bowl-Feeder-for-Plastic-Parts-.webp\",\"contentUrl\":\"https:\/\/swoer.com\/wp-content\/uploads\/2024\/10\/Two-Tracks-Vibratory-Bowl-Feeder-for-Plastic-Parts-.webp\",\"width\":1000,\"height\":1000,\"caption\":\"Two Tracks Vibratory Bowl Feeder for Plastic Parts\"},{\"@type\":\"BreadcrumbList\",\"@id\":\"https:\/\/swoer.com\/manufacturer\/two-tracks-vibratory-bowl-feeder-for-plastic-parts\/#breadcrumb\",\"itemListElement\":[{\"@type\":\"ListItem\",\"position\":1,\"name\":\"Home\",\"item\":\"https:\/\/swoer.com\/\"},{\"@type\":\"ListItem\",\"position\":2,\"name\":\"Shop\",\"item\":\"https:\/\/swoer.com\/shop\/\"},{\"@type\":\"ListItem\",\"position\":3,\"name\":\"Two Tracks Vibratory Bowl Feeder for Plastic Parts\"}]},{\"@type\":\"WebSite\",\"@id\":\"https:\/\/swoer.com\/#website\",\"url\":\"https:\/\/swoer.com\/\",\"name\":\"SWOER\",\"description\":\"Swoer is the top 3 vibratory bowl feeder manufacturer in China\",\"potentialAction\":[{\"@type\":\"SearchAction\",\"target\":{\"@type\":\"EntryPoint\",\"urlTemplate\":\"https:\/\/swoer.com\/?s={search_term_string}\"},\"query-input\":\"required name=search_term_string\"}],\"inLanguage\":\"tr\"}]}<\/script>\n<!-- \/ Yoast SEO plugin. -->","yoast_head_json":{"title":"Two Tracks Vibratory Feeder | Vibratory Feeder for Plastic Parts","description":"SWOER\u2019s Two Tracks Vibratory Bowl Feeder for plastic parts speeds up production, reduces downtime, and fits seamlessly into various automation systems.","robots":{"index":"index","follow":"follow","max-snippet":"max-snippet:-1","max-image-preview":"max-image-preview:large","max-video-preview":"max-video-preview:-1"},"canonical":"https:\/\/swoer.com\/tr\/manufacturer\/two-tracks-vibratory-bowl-feeder-for-plastic-parts\/","og_locale":"tr_TR","og_type":"article","og_title":"Two Tracks Vibratory Feeder | Vibratory Feeder for Plastic Parts","og_description":"SWOER\u2019s Two Tracks Vibratory Bowl Feeder for plastic parts speeds up production, reduces downtime, and fits seamlessly into various automation systems.","og_url":"https:\/\/swoer.com\/tr\/manufacturer\/two-tracks-vibratory-bowl-feeder-for-plastic-parts\/","og_site_name":"SWOER","article_modified_time":"2025-03-21T01:07:14+00:00","og_image":[{"width":1000,"height":1000,"url":"https:\/\/swoer.com\/wp-content\/uploads\/2024\/10\/Two-Tracks-Vibratory-Bowl-Feeder-for-Plastic-Parts-.webp","type":"image\/webp"}],"twitter_card":"summary_large_image","twitter_misc":{"Tahmini okuma s\u00fcresi":"1 dakika"},"schema":{"@context":"https:\/\/schema.org","@graph":[{"@type":"WebPage","@id":"https:\/\/swoer.com\/manufacturer\/two-tracks-vibratory-bowl-feeder-for-plastic-parts\/","url":"https:\/\/swoer.com\/manufacturer\/two-tracks-vibratory-bowl-feeder-for-plastic-parts\/","name":"Two Tracks Vibratory Feeder | Vibratory Feeder for Plastic Parts","isPartOf":{"@id":"https:\/\/swoer.com\/#website"},"primaryImageOfPage":{"@id":"https:\/\/swoer.com\/manufacturer\/two-tracks-vibratory-bowl-feeder-for-plastic-parts\/#primaryimage"},"image":{"@id":"https:\/\/swoer.com\/manufacturer\/two-tracks-vibratory-bowl-feeder-for-plastic-parts\/#primaryimage"},"thumbnailUrl":"https:\/\/swoer.com\/wp-content\/uploads\/2024\/10\/Two-Tracks-Vibratory-Bowl-Feeder-for-Plastic-Parts-.webp","datePublished":"2024-11-06T14:05:54+00:00","dateModified":"2025-03-21T01:07:14+00:00","description":"SWOER\u2019s Two Tracks Vibratory Bowl Feeder for plastic parts speeds up production, reduces downtime, and fits seamlessly into various automation systems.","breadcrumb":{"@id":"https:\/\/swoer.com\/manufacturer\/two-tracks-vibratory-bowl-feeder-for-plastic-parts\/#breadcrumb"},"inLanguage":"tr","potentialAction":[{"@type":"ReadAction","target":["https:\/\/swoer.com\/manufacturer\/two-tracks-vibratory-bowl-feeder-for-plastic-parts\/"]}]},{"@type":"ImageObject","inLanguage":"tr","@id":"https:\/\/swoer.com\/manufacturer\/two-tracks-vibratory-bowl-feeder-for-plastic-parts\/#primaryimage","url":"https:\/\/swoer.com\/wp-content\/uploads\/2024\/10\/Two-Tracks-Vibratory-Bowl-Feeder-for-Plastic-Parts-.webp","contentUrl":"https:\/\/swoer.com\/wp-content\/uploads\/2024\/10\/Two-Tracks-Vibratory-Bowl-Feeder-for-Plastic-Parts-.webp","width":1000,"height":1000,"caption":"Two Tracks Vibratory Bowl Feeder for Plastic Parts"},{"@type":"BreadcrumbList","@id":"https:\/\/swoer.com\/manufacturer\/two-tracks-vibratory-bowl-feeder-for-plastic-parts\/#breadcrumb","itemListElement":[{"@type":"ListItem","position":1,"name":"Home","item":"https:\/\/swoer.com\/"},{"@type":"ListItem","position":2,"name":"Shop","item":"https:\/\/swoer.com\/shop\/"},{"@type":"ListItem","position":3,"name":"Two Tracks Vibratory Bowl Feeder for Plastic Parts"}]},{"@type":"WebSite","@id":"https:\/\/swoer.com\/#website","url":"https:\/\/swoer.com\/","name":"SWOER","description":"Swoer is the top 3 vibratory bowl feeder manufacturer in China","potentialAction":[{"@type":"SearchAction","target":{"@type":"EntryPoint","urlTemplate":"https:\/\/swoer.com\/?s={search_term_string}"},"query-input":"required name=search_term_string"}],"inLanguage":"tr"}]}},"_links":{"self":[{"href":"https:\/\/swoer.com\/tr\/wp-json\/wp\/v2\/product\/2798"}],"collection":[{"href":"https:\/\/swoer.com\/tr\/wp-json\/wp\/v2\/product"}],"about":[{"href":"https:\/\/swoer.com\/tr\/wp-json\/wp\/v2\/types\/product"}],"replies":[{"embeddable":true,"href":"https:\/\/swoer.com\/tr\/wp-json\/wp\/v2\/comments?post=2798"}],"wp:featuredmedia":[{"embeddable":true,"href":"https:\/\/swoer.com\/tr\/wp-json\/wp\/v2\/media\/2799"}],"wp:attachment":[{"href":"https:\/\/swoer.com\/tr\/wp-json\/wp\/v2\/media?parent=2798"}],"wp:term":[{"taxonomy":"product_cat","embeddable":true,"href":"https:\/\/swoer.com\/tr\/wp-json\/wp\/v2\/product_cat?post=2798"},{"taxonomy":"product_tag","embeddable":true,"href":"https:\/\/swoer.com\/tr\/wp-json\/wp\/v2\/product_tag?post=2798"}],"curies":[{"name":"wp","href":"https:\/\/api.w.org\/{rel}","templated":true}]}}