{"id":2630,"date":"2024-09-07T17:30:09","date_gmt":"2024-09-07T09:30:09","guid":{"rendered":"https:\/\/swoer.com\/?post_type=product&#038;p=2630"},"modified":"2024-09-26T13:53:10","modified_gmt":"2024-09-26T05:53:10","slug":"bowl-feeder-with-vision-system-for-precise-parts-sorting","status":"publish","type":"product","link":"https:\/\/swoer.com\/tr\/manufacturer\/bowl-feeder-with-vision-system-for-precise-parts-sorting\/","title":{"rendered":"Hassas Par\u00e7a S\u0131ralamas\u0131 i\u00e7in G\u00f6r\u00fcnt\u00fcleme Sistemli Kase Besleyici"},"content":{"rendered":"<h2>G\u00f6r\u00fcnt\u00fc Sistemli Kase Besleyici Bir\u00e7ok Avantaj Sunar:<\/h2>\n<ol>\n<li><strong>Y\u00fcksek Hassasiyet: <\/strong>Par\u00e7alar\u0131 y\u00f6nlerine g\u00f6re do\u011fru bir \u015fekilde s\u0131ralayarak \u00fcr\u00fcn kalitesini art\u0131r\u0131r.<\/li>\n<li><strong>Verimlili\u011fi artt\u0131rmak:<\/strong> S\u0131ralamay\u0131 otomatikle\u015ftirir, manuel i\u015f g\u00fcc\u00fcn\u00fc ve hatalar\u0131 azalt\u0131r.<\/li>\n<li><strong>\u00d6zelle\u015ftirilebilirlik:<\/strong> \u00c7e\u015fitli par\u00e7a \u015fekillerine ve boyutlar\u0131na g\u00f6re uyarlayabilirsiniz.<\/li>\n<li><strong>Ger\u00e7ek Zamanl\u0131 Geribildirim:<\/strong> G\u00f6r\u00fcnt\u00fcleme sistemi an\u0131nda geri bildirim sa\u011flayarak tutarl\u0131 performans\u0131 garanti alt\u0131na al\u0131r.<\/li>\n<li><strong>Maliyet Etkin:<\/strong> S\u0131ralama s\u00fcrecini kolayla\u015ft\u0131rarak duru\u015f s\u00fcresini ve operasyonel maliyetleri azalt\u0131r.<\/li>\n<\/ol>\n<p>Otomasyon ve ak\u0131ll\u0131 g\u00f6r\u00fcnt\u00fclemenin bu kombinasyonu hassas, g\u00fcvenilir ve verimli par\u00e7a elle\u00e7lemeyi garanti eder.<\/p>\n\t<div id=\"gap-1368433543\" class=\"gap-element clearfix\" style=\"display:block; height:auto;\">\n\t\t\n<style>\n#gap-1368433543 {\n  padding-top: 30px;\n}\n<\/style>\n\t<\/div>\n\t\n<h2>\u015eartname<\/h2>\n<table width=\"874\">\n<tbody>\n<tr>\n<td width=\"183\">\u00dcr\u00fcn ad\u0131<\/td>\n<td width=\"691\">\u00a0Hassas Par\u00e7a S\u0131ralamas\u0131 i\u00e7in G\u00f6r\u00fcnt\u00fcleme Sistemli Kase Besleyici<\/td>\n<\/tr>\n<tr>\n<td>Malzeme<\/td>\n<td>\u00a0SUS201\/304<\/td>\n<\/tr>\n<tr>\n<td>Malzeme Uzmanl\u0131\u011f\u0131<\/td>\n<td>So\u011fuk i\u015flem d\u00f6vme ala\u015f\u0131m\u0131, Y\u00fcksek mukavemet, Y\u00fcksek sertlik<\/td>\n<\/tr>\n<tr>\n<td>Gerilim<\/td>\n<td>220V<\/td>\n<\/tr>\n<tr>\n<td>G\u00fc\u00e7<\/td>\n<td>65W \/150W \/180W \/ 220W \/ 350W<\/td>\n<\/tr>\n<tr>\n<td>Kimlik do\u011frulama<\/td>\n<td>CE, ROHS, ISO9001<\/td>\n<\/tr>\n<tr>\n<td>Garanti<\/td>\n<td>1 y\u0131l garanti<\/td>\n<\/tr>\n<tr>\n<td>Adedi<\/td>\n<td>1 tak\u0131m<\/td>\n<\/tr>\n<tr>\n<td>Kur\u015fun zaman\u0131<\/td>\n<td>10-14 g\u00fcn<\/td>\n<\/tr>\n<tr>\n<td>\u00d6deme ko\u015fulu<\/td>\n<td>T\/T 40% Sevkiyat \u00f6ncesi depozito ve bakiye<\/td>\n<\/tr>\n<tr>\n<td>Yerin Orjinali<\/td>\n<td>\u00c7in<\/td>\n<\/tr>\n<\/tbody>\n<\/table>","protected":false},"excerpt":{"rendered":"<p>End\u00fcstriyel otomasyon s\u00fcre\u00e7lerinde verimlili\u011fi garanti alt\u0131na alarak hassas par\u00e7a ay\u0131rma i\u00e7in tasarlanm\u0131\u015f kase besleyici ve g\u00f6r\u00fcnt\u00fcleme sistemimizle do\u011frulu\u011fu art\u0131r\u0131n.<\/p>","protected":false},"featured_media":2631,"comment_status":"open","ping_status":"closed","template":"","meta":[],"product_cat":[37],"product_tag":[],"yoast_head":"<!-- This site is optimized with the Yoast SEO plugin v22.2 - https:\/\/yoast.com\/wordpress\/plugins\/seo\/ -->\n<title>Bowl Feeder with Vision System for Precise Parts Sorting - SWOER<\/title>\n<meta name=\"description\" content=\"The SWOER Bowl feeder has an integrated vision system for reliable and precise parts sorting in automation.\" \/>\n<meta name=\"robots\" content=\"index, follow, max-snippet:-1, max-image-preview:large, max-video-preview:-1\" \/>\n<link rel=\"canonical\" href=\"https:\/\/swoer.com\/tr\/manufacturer\/bowl-feeder-with-vision-system-for-precise-parts-sorting\/\" \/>\n<meta property=\"og:locale\" content=\"tr_TR\" \/>\n<meta property=\"og:type\" content=\"article\" \/>\n<meta property=\"og:title\" content=\"Bowl Feeder with Vision System for Precise Parts Sorting - SWOER\" \/>\n<meta property=\"og:description\" content=\"The SWOER Bowl feeder has an integrated vision system for reliable and precise parts sorting in automation.\" \/>\n<meta property=\"og:url\" content=\"https:\/\/swoer.com\/tr\/manufacturer\/bowl-feeder-with-vision-system-for-precise-parts-sorting\/\" \/>\n<meta property=\"og:site_name\" content=\"SWOER\" \/>\n<meta property=\"article:modified_time\" content=\"2024-09-26T05:53:10+00:00\" \/>\n<meta property=\"og:image\" content=\"https:\/\/swoer.com\/wp-content\/uploads\/2024\/09\/Bowl-Feeder-with-Vision-System-for-Precise-Parts-Sorting.webp\" \/>\n\t<meta property=\"og:image:width\" content=\"1000\" \/>\n\t<meta property=\"og:image:height\" content=\"1000\" \/>\n\t<meta property=\"og:image:type\" content=\"image\/webp\" \/>\n<meta name=\"twitter:card\" content=\"summary_large_image\" \/>\n<meta name=\"twitter:label1\" content=\"Tahmini okuma s\u00fcresi\" \/>\n\t<meta name=\"twitter:data1\" content=\"1 dakika\" \/>\n<script type=\"application\/ld+json\" class=\"yoast-schema-graph\">{\"@context\":\"https:\/\/schema.org\",\"@graph\":[{\"@type\":\"WebPage\",\"@id\":\"https:\/\/swoer.com\/manufacturer\/bowl-feeder-with-vision-system-for-precise-parts-sorting\/\",\"url\":\"https:\/\/swoer.com\/manufacturer\/bowl-feeder-with-vision-system-for-precise-parts-sorting\/\",\"name\":\"Bowl Feeder with Vision System for Precise Parts Sorting - SWOER\",\"isPartOf\":{\"@id\":\"https:\/\/swoer.com\/#website\"},\"primaryImageOfPage\":{\"@id\":\"https:\/\/swoer.com\/manufacturer\/bowl-feeder-with-vision-system-for-precise-parts-sorting\/#primaryimage\"},\"image\":{\"@id\":\"https:\/\/swoer.com\/manufacturer\/bowl-feeder-with-vision-system-for-precise-parts-sorting\/#primaryimage\"},\"thumbnailUrl\":\"https:\/\/swoer.com\/wp-content\/uploads\/2024\/09\/Bowl-Feeder-with-Vision-System-for-Precise-Parts-Sorting.webp\",\"datePublished\":\"2024-09-07T09:30:09+00:00\",\"dateModified\":\"2024-09-26T05:53:10+00:00\",\"description\":\"The SWOER Bowl feeder has an integrated vision system for reliable and precise parts sorting in automation.\",\"breadcrumb\":{\"@id\":\"https:\/\/swoer.com\/manufacturer\/bowl-feeder-with-vision-system-for-precise-parts-sorting\/#breadcrumb\"},\"inLanguage\":\"tr\",\"potentialAction\":[{\"@type\":\"ReadAction\",\"target\":[\"https:\/\/swoer.com\/manufacturer\/bowl-feeder-with-vision-system-for-precise-parts-sorting\/\"]}]},{\"@type\":\"ImageObject\",\"inLanguage\":\"tr\",\"@id\":\"https:\/\/swoer.com\/manufacturer\/bowl-feeder-with-vision-system-for-precise-parts-sorting\/#primaryimage\",\"url\":\"https:\/\/swoer.com\/wp-content\/uploads\/2024\/09\/Bowl-Feeder-with-Vision-System-for-Precise-Parts-Sorting.webp\",\"contentUrl\":\"https:\/\/swoer.com\/wp-content\/uploads\/2024\/09\/Bowl-Feeder-with-Vision-System-for-Precise-Parts-Sorting.webp\",\"width\":1000,\"height\":1000,\"caption\":\"Bowl Feeder with Vision System for Precise Parts Sorting\"},{\"@type\":\"BreadcrumbList\",\"@id\":\"https:\/\/swoer.com\/manufacturer\/bowl-feeder-with-vision-system-for-precise-parts-sorting\/#breadcrumb\",\"itemListElement\":[{\"@type\":\"ListItem\",\"position\":1,\"name\":\"Home\",\"item\":\"https:\/\/swoer.com\/\"},{\"@type\":\"ListItem\",\"position\":2,\"name\":\"Shop\",\"item\":\"https:\/\/swoer.com\/shop\/\"},{\"@type\":\"ListItem\",\"position\":3,\"name\":\"Bowl Feeder with Vision System for Precise Parts Sorting\"}]},{\"@type\":\"WebSite\",\"@id\":\"https:\/\/swoer.com\/#website\",\"url\":\"https:\/\/swoer.com\/\",\"name\":\"SWOER\",\"description\":\"Swoer is the top 3 vibratory bowl feeder manufacturer in China\",\"potentialAction\":[{\"@type\":\"SearchAction\",\"target\":{\"@type\":\"EntryPoint\",\"urlTemplate\":\"https:\/\/swoer.com\/?s={search_term_string}\"},\"query-input\":\"required name=search_term_string\"}],\"inLanguage\":\"tr\"}]}<\/script>\n<!-- \/ Yoast SEO plugin. -->","yoast_head_json":{"title":"Bowl Feeder with Vision System for Precise Parts Sorting - SWOER","description":"The SWOER Bowl feeder has an integrated vision system for reliable and precise parts sorting in automation.","robots":{"index":"index","follow":"follow","max-snippet":"max-snippet:-1","max-image-preview":"max-image-preview:large","max-video-preview":"max-video-preview:-1"},"canonical":"https:\/\/swoer.com\/tr\/manufacturer\/bowl-feeder-with-vision-system-for-precise-parts-sorting\/","og_locale":"tr_TR","og_type":"article","og_title":"Bowl Feeder with Vision System for Precise Parts Sorting - SWOER","og_description":"The SWOER Bowl feeder has an integrated vision system for reliable and precise parts sorting in automation.","og_url":"https:\/\/swoer.com\/tr\/manufacturer\/bowl-feeder-with-vision-system-for-precise-parts-sorting\/","og_site_name":"SWOER","article_modified_time":"2024-09-26T05:53:10+00:00","og_image":[{"width":1000,"height":1000,"url":"https:\/\/swoer.com\/wp-content\/uploads\/2024\/09\/Bowl-Feeder-with-Vision-System-for-Precise-Parts-Sorting.webp","type":"image\/webp"}],"twitter_card":"summary_large_image","twitter_misc":{"Tahmini okuma s\u00fcresi":"1 dakika"},"schema":{"@context":"https:\/\/schema.org","@graph":[{"@type":"WebPage","@id":"https:\/\/swoer.com\/manufacturer\/bowl-feeder-with-vision-system-for-precise-parts-sorting\/","url":"https:\/\/swoer.com\/manufacturer\/bowl-feeder-with-vision-system-for-precise-parts-sorting\/","name":"Bowl Feeder with Vision System for Precise Parts Sorting - SWOER","isPartOf":{"@id":"https:\/\/swoer.com\/#website"},"primaryImageOfPage":{"@id":"https:\/\/swoer.com\/manufacturer\/bowl-feeder-with-vision-system-for-precise-parts-sorting\/#primaryimage"},"image":{"@id":"https:\/\/swoer.com\/manufacturer\/bowl-feeder-with-vision-system-for-precise-parts-sorting\/#primaryimage"},"thumbnailUrl":"https:\/\/swoer.com\/wp-content\/uploads\/2024\/09\/Bowl-Feeder-with-Vision-System-for-Precise-Parts-Sorting.webp","datePublished":"2024-09-07T09:30:09+00:00","dateModified":"2024-09-26T05:53:10+00:00","description":"The SWOER Bowl feeder has an integrated vision system for reliable and precise parts sorting in automation.","breadcrumb":{"@id":"https:\/\/swoer.com\/manufacturer\/bowl-feeder-with-vision-system-for-precise-parts-sorting\/#breadcrumb"},"inLanguage":"tr","potentialAction":[{"@type":"ReadAction","target":["https:\/\/swoer.com\/manufacturer\/bowl-feeder-with-vision-system-for-precise-parts-sorting\/"]}]},{"@type":"ImageObject","inLanguage":"tr","@id":"https:\/\/swoer.com\/manufacturer\/bowl-feeder-with-vision-system-for-precise-parts-sorting\/#primaryimage","url":"https:\/\/swoer.com\/wp-content\/uploads\/2024\/09\/Bowl-Feeder-with-Vision-System-for-Precise-Parts-Sorting.webp","contentUrl":"https:\/\/swoer.com\/wp-content\/uploads\/2024\/09\/Bowl-Feeder-with-Vision-System-for-Precise-Parts-Sorting.webp","width":1000,"height":1000,"caption":"Bowl Feeder with Vision System for Precise Parts Sorting"},{"@type":"BreadcrumbList","@id":"https:\/\/swoer.com\/manufacturer\/bowl-feeder-with-vision-system-for-precise-parts-sorting\/#breadcrumb","itemListElement":[{"@type":"ListItem","position":1,"name":"Home","item":"https:\/\/swoer.com\/"},{"@type":"ListItem","position":2,"name":"Shop","item":"https:\/\/swoer.com\/shop\/"},{"@type":"ListItem","position":3,"name":"Bowl Feeder with Vision System for Precise Parts Sorting"}]},{"@type":"WebSite","@id":"https:\/\/swoer.com\/#website","url":"https:\/\/swoer.com\/","name":"SWOER","description":"Swoer is the top 3 vibratory bowl feeder manufacturer in China","potentialAction":[{"@type":"SearchAction","target":{"@type":"EntryPoint","urlTemplate":"https:\/\/swoer.com\/?s={search_term_string}"},"query-input":"required name=search_term_string"}],"inLanguage":"tr"}]}},"_links":{"self":[{"href":"https:\/\/swoer.com\/tr\/wp-json\/wp\/v2\/product\/2630"}],"collection":[{"href":"https:\/\/swoer.com\/tr\/wp-json\/wp\/v2\/product"}],"about":[{"href":"https:\/\/swoer.com\/tr\/wp-json\/wp\/v2\/types\/product"}],"replies":[{"embeddable":true,"href":"https:\/\/swoer.com\/tr\/wp-json\/wp\/v2\/comments?post=2630"}],"wp:featuredmedia":[{"embeddable":true,"href":"https:\/\/swoer.com\/tr\/wp-json\/wp\/v2\/media\/2631"}],"wp:attachment":[{"href":"https:\/\/swoer.com\/tr\/wp-json\/wp\/v2\/media?parent=2630"}],"wp:term":[{"taxonomy":"product_cat","embeddable":true,"href":"https:\/\/swoer.com\/tr\/wp-json\/wp\/v2\/product_cat?post=2630"},{"taxonomy":"product_tag","embeddable":true,"href":"https:\/\/swoer.com\/tr\/wp-json\/wp\/v2\/product_tag?post=2630"}],"curies":[{"name":"wp","href":"https:\/\/api.w.org\/{rel}","templated":true}]}}