{"id":2479,"date":"2024-08-12T16:30:51","date_gmt":"2024-08-12T08:30:51","guid":{"rendered":"https:\/\/swoer.com\/?post_type=product&#038;p=2479"},"modified":"2024-08-16T16:32:03","modified_gmt":"2024-08-16T08:32:03","slug":"vibratory-bwol-feeder-for-plastic-part-ball","status":"publish","type":"product","link":"https:\/\/swoer.com\/tr\/manufacturer\/vibratory-bwol-feeder-for-plastic-part-ball\/","title":{"rendered":"Plastik Par\u00e7a Topu i\u00e7in Titre\u015fimli Bwol Besleyici"},"content":{"rendered":"<p>Swoer, plastik par\u00e7a bilyeleri i\u00e7in m\u00fckemmel olan \u00f6zel titre\u015fimli kase besleyiciler \u00fcretir. Rekabet\u00e7i fiyatland\u0131rma sa\u011flar\u0131z, \u00fccretsiz 3D tasar\u0131m \u00e7izimleri olu\u015ftururuz ve otomasyon ihtiya\u00e7lar\u0131n\u0131z\u0131 verimli bir \u015fekilde kar\u015f\u0131lamak i\u00e7in h\u0131zl\u0131 bir \u015fekilde yan\u0131t veririz.<\/p>\n<h2>\u015eartname<\/h2>\n<table width=\"874\">\n<tbody>\n<tr>\n<td width=\"183\">\u00dcr\u00fcn ad\u0131<\/td>\n<td width=\"691\">Plastik Par\u00e7a Topu i\u00e7in Titre\u015fimli Bwol Besleyici<\/td>\n<\/tr>\n<tr>\n<td>Malzeme<\/td>\n<td>\u00a0SUS201\/304<\/td>\n<\/tr>\n<tr>\n<td>Malzeme Uzmanl\u0131\u011f\u0131<\/td>\n<td>So\u011fuk i\u015flem d\u00f6vme ala\u015f\u0131m\u0131, Y\u00fcksek mukavemet, Y\u00fcksek sertlik<\/td>\n<\/tr>\n<tr>\n<td>Gerilim<\/td>\n<td>220V<\/td>\n<\/tr>\n<tr>\n<td>G\u00fc\u00e7<\/td>\n<td>65W \/150W \/180W \/ 220W \/ 350W<\/td>\n<\/tr>\n<tr>\n<td>Kimlik do\u011frulama<\/td>\n<td>CE, ROHS, ISO9001<\/td>\n<\/tr>\n<tr>\n<td>Garanti<\/td>\n<td>1 y\u0131l garanti<\/td>\n<\/tr>\n<tr>\n<td>Adedi<\/td>\n<td>1 tak\u0131m<\/td>\n<\/tr>\n<tr>\n<td>Kur\u015fun zaman\u0131<\/td>\n<td>10-14 g\u00fcn<\/td>\n<\/tr>\n<tr>\n<td>\u00d6deme ko\u015fulu<\/td>\n<td>T\/T 40% Sevkiyat \u00f6ncesi depozito ve bakiye<\/td>\n<\/tr>\n<tr>\n<td>Yerin Orjinali<\/td>\n<td>\u00c7in<\/td>\n<\/tr>\n<\/tbody>\n<\/table>\n\t<div id=\"gap-1121479376\" class=\"gap-element clearfix\" style=\"display:block; height:auto;\">\n\t\t\n<style>\n#gap-1121479376 {\n  padding-top: 30px;\n}\n<\/style>\n\t<\/div>\n\t\n<div class=\"video video-fit mb\" style=\"padding-top:56.25%;\"><p><iframe loading=\"lazy\" title=\"Plastik Par\u00e7a Bilyas\u0131 i\u00e7in Titre\u015fimli Bwol Besleyici - Swoer\" width=\"1020\" height=\"574\" src=\"https:\/\/www.youtube.com\/embed\/Im-CmZki3o8?feature=oembed\" frameborder=\"0\" allow=\"accelerometer; autoplay; clipboard-write; encrypted-media; gyroscope; picture-in-picture; web-share\" referrerpolicy=\"strict-origin-when-cross-origin\" allowfullscreen><\/iframe><\/p>\n<\/div>\n<h2 style=\"text-align: center;\">Bize Ula\u015f\u0131n<\/h2>\n\n<div class=\"wpcf7 no-js\" id=\"wpcf7-f280-o1\" lang=\"en-US\" dir=\"ltr\">\n<div class=\"screen-reader-response\"><p role=\"status\" aria-live=\"polite\" aria-atomic=\"true\"><\/p> <ul><\/ul><\/div>\n<form action=\"\/tr\/wp-json\/wp\/v2\/product\/2479#wpcf7-f280-o1\" method=\"post\" class=\"wpcf7-form init\" aria-label=\"\u0130leti\u015fim Formu\" novalidate=\"novalidate\" data-status=\"init\" data-trp-original-action=\"\/tr\/wp-json\/wp\/v2\/product\/2479#wpcf7-f280-o1\">\n<div style=\"display: none;\">\n<input type=\"hidden\" name=\"_wpcf7\" value=\"280\" \/>\n<input type=\"hidden\" name=\"_wpcf7_version\" value=\"5.9.2\" \/>\n<input type=\"hidden\" name=\"_wpcf7_locale\" value=\"en_US\" \/>\n<input type=\"hidden\" name=\"_wpcf7_unit_tag\" value=\"wpcf7-f280-o1\" \/>\n<input type=\"hidden\" name=\"_wpcf7_container_post\" value=\"0\" \/>\n<input type=\"hidden\" name=\"_wpcf7_posted_data_hash\" value=\"\" \/>\n<\/div>\n<div class='custom_contact_style'>\n\t<div class=\"row row-small\">\n\t\t<div class=\"col medium-6 small-12 large-6\">\n\t\t\t<div class=\"col-inner\">\n\t\t\t\t<p><span class=\"wpcf7-form-control-wrap\" data-name=\"your-name\"><input size=\"40\" class=\"wpcf7-form-control wpcf7-text wpcf7-validates-as-required\" aria-required=\"true\" aria-invalid=\"false\" placeholder=\"\u0130sim*\" value=\"\" type=\"text\" name=\"your-name\" \/><\/span>\n\t\t\t\t<\/p>\n\t\t\t<\/div>\n\t\t<\/div>\n\t\t<div class=\"col medium-6 small-12 large-6\">\n\t\t\t<div class=\"col-inner\">\n\t\t\t\t<p><span class=\"wpcf7-form-control-wrap\" data-name=\"your-email\"><input size=\"40\" class=\"wpcf7-form-control wpcf7-email wpcf7-validates-as-required wpcf7-text wpcf7-validates-as-email\" aria-required=\"true\" aria-invalid=\"false\" placeholder=\"E-posta*\" value=\"\" type=\"email\" name=\"your-email\" \/><\/span>\n\t\t\t\t<\/p>\n\t\t\t<\/div>\n\t\t<\/div>\n\t<\/div>\n\t<div class='cus_contact_form_bottom'>\n\t\t<p><span class=\"wpcf7-form-control-wrap\" data-name=\"your-phone\"><input size=\"40\" class=\"wpcf7-form-control wpcf7-text\" aria-invalid=\"false\" placeholder=\"Telefon\" value=\"\" type=\"text\" name=\"your-phone\" \/><\/span>\n\t\t<\/p>\n\t<\/div>\n\t<div class='cus_contact_form_bottom'>\n\t\t<p><span class=\"wpcf7-form-control-wrap\" data-name=\"your-country\"><input size=\"40\" class=\"wpcf7-form-control wpcf7-text\" aria-invalid=\"false\" placeholder=\"\u00dclke\" value=\"\" type=\"text\" name=\"your-country\" \/><\/span>\n\t\t<\/p>\n\t<\/div>\n\t<p><span class=\"wpcf7-form-control-wrap\" data-name=\"your-message\"><textarea cols=\"40\" rows=\"10\" class=\"wpcf7-form-control wpcf7-textarea wpcf7-validates-as-required\" aria-required=\"true\" aria-invalid=\"false\" placeholder=\"Mesaj\u0131n *\" name=\"your-message\"><\/textarea><\/span>\n\t<\/p>\n\t<div style=\"margin-bottom:10px;\">\n\t\t<p><span class=\"wpcf7-form-control-wrap kc_captcha cf7ic-toggle\" data-name=\"kc_captcha\"><span class=\"wpcf7-form-control wpcf7-radio\"><span class=\"captcha-image\" style=\"display: none;\"><span class=\"cf7ic_instructions\">L\u00fctfen se\u00e7erek insan oldu\u011funuzu kan\u0131tlay\u0131n.<span> plane<\/span>.<\/span><label><input aria-label=\"1\" type=\"radio\" name=\"kc_captcha\" value=\"bot\" \/><svg aria-hidden=\"true\" role=\"img\" xmlns=\"http:\/\/www.w3.org\/2000\/svg\" viewbox=\"0 0 576 512\"><path fill=\"currentColor\" d=\"M415 24c-53 0-103 42-127 65-24-23-74-65-127-65C70 24 16 77 16 166c0 72 67 133 69 135l187 181c9 8 23 8 32 0l187-180c2-3 69-64 69-136 0-89-54-142-145-142z\"\/><\/svg><\/label><label><input aria-label=\"2\" type=\"radio\" name=\"kc_captcha\" value=\"bot\" \/><svg aria-hidden=\"true\" role=\"img\" xmlns=\"http:\/\/www.w3.org\/2000\/svg\" viewbox=\"0 0 512 512\"><path fill=\"currentColor\" d=\"M512 176a176 176 0 01-209 173l-24 27a24 24 0 01-18 8h-37v40c0 13-11 24-24 24h-40v40c0 13-11 24-24 24H24c-13 0-24-11-24-24v-78c0-6 3-13 7-17l162-162a176 176 0 11343-55zm-176-48a48 48 0 1096 0 48 48 0 00-96 0z\"\/><\/svg><\/label><label><input aria-label=\"3\" type=\"radio\" name=\"kc_captcha\" value=\"kc_human\" \/><svg aria-hidden=\"true\" role=\"img\" xmlns=\"http:\/\/www.w3.org\/2000\/svg\" viewbox=\"0 0 576 512\"><path fill=\"currentColor\" d=\"M472 200H360L256 6a12 12 0 00-10-6h-58c-8 0-14 7-12 15l34 185H100l-35-58a12 12 0 00-10-6H12c-8 0-13 7-12 14l21 106L0 362c-1 7 4 14 12 14h43c4 0 8-2 10-6l35-58h110l-34 185c-2 8 4 15 12 15h58a12 12 0 0010-6l104-194h112c57 0 104-25 104-56s-47-56-104-56z\"\/><\/svg><\/label>\r\n    <\/span>\r\n    <span style=\"display:none\">\r\n        <input type=\"text\" name=\"kc_honeypot\">\r\n    <\/span><\/span><\/span>\n\t\t<\/p>\n\t<\/div>\n\t<p><input class=\"wpcf7-form-control wpcf7-submit has-spinner\" type=\"submit\" value=\"Mesaj g\u00f6nder\" \/>\n\t<\/p>\n<\/div><div class=\"wpcf7-response-output\" aria-hidden=\"true\"><\/div>\n<input type=\"hidden\" name=\"trp-form-language\" value=\"tr\"\/><\/form>\n<\/div>","protected":false},"excerpt":{"rendered":"<p>Plastik par\u00e7a bilyalar\u0131n\u0131n d\u00fczg\u00fcn ve hassas bir \u015fekilde beslenmesi i\u00e7in tasarlanm\u0131\u015f, otomasyonu ve \u00fcretim verimlili\u011fini art\u0131ran verimli titre\u015fimli besleme \u00fcnitesi.<\/p>","protected":false},"featured_media":2480,"comment_status":"open","ping_status":"closed","template":"","meta":[],"product_cat":[37],"product_tag":[],"yoast_head":"<!-- This site is optimized with the Yoast SEO plugin v22.2 - https:\/\/yoast.com\/wordpress\/plugins\/seo\/ -->\n<title>Vibratory Bwol Feeder for Plastic Part Ball - SWOER<\/title>\n<meta name=\"description\" content=\"High-efficiency vibratory bowl feeders are designed for precise part feeding in automation. Optimize production with solutions tailored to your needs.\" \/>\n<meta name=\"robots\" content=\"index, follow, max-snippet:-1, max-image-preview:large, max-video-preview:-1\" \/>\n<link rel=\"canonical\" href=\"https:\/\/swoer.com\/tr\/manufacturer\/vibratory-bwol-feeder-for-plastic-part-ball\/\" \/>\n<meta property=\"og:locale\" content=\"tr_TR\" \/>\n<meta property=\"og:type\" content=\"article\" \/>\n<meta property=\"og:title\" content=\"Vibratory Bwol Feeder for Plastic Part Ball - SWOER\" \/>\n<meta property=\"og:description\" content=\"High-efficiency vibratory bowl feeders are designed for precise part feeding in automation. Optimize production with solutions tailored to your needs.\" \/>\n<meta property=\"og:url\" content=\"https:\/\/swoer.com\/tr\/manufacturer\/vibratory-bwol-feeder-for-plastic-part-ball\/\" \/>\n<meta property=\"og:site_name\" content=\"SWOER\" \/>\n<meta property=\"article:modified_time\" content=\"2024-08-16T08:32:03+00:00\" \/>\n<meta property=\"og:image\" content=\"https:\/\/swoer.com\/wp-content\/uploads\/2024\/08\/Vibratory-Bwol-Feeder-for-Plastic-Part-Ball.webp\" \/>\n\t<meta property=\"og:image:width\" content=\"1000\" \/>\n\t<meta property=\"og:image:height\" content=\"1000\" \/>\n\t<meta property=\"og:image:type\" content=\"image\/webp\" \/>\n<meta name=\"twitter:card\" content=\"summary_large_image\" \/>\n<meta name=\"twitter:label1\" content=\"Tahmini okuma s\u00fcresi\" \/>\n\t<meta name=\"twitter:data1\" content=\"1 dakika\" \/>\n<script type=\"application\/ld+json\" class=\"yoast-schema-graph\">{\"@context\":\"https:\/\/schema.org\",\"@graph\":[{\"@type\":\"WebPage\",\"@id\":\"https:\/\/swoer.com\/manufacturer\/vibratory-bwol-feeder-for-plastic-part-ball\/\",\"url\":\"https:\/\/swoer.com\/manufacturer\/vibratory-bwol-feeder-for-plastic-part-ball\/\",\"name\":\"Vibratory Bwol Feeder for Plastic Part Ball - SWOER\",\"isPartOf\":{\"@id\":\"https:\/\/swoer.com\/#website\"},\"primaryImageOfPage\":{\"@id\":\"https:\/\/swoer.com\/manufacturer\/vibratory-bwol-feeder-for-plastic-part-ball\/#primaryimage\"},\"image\":{\"@id\":\"https:\/\/swoer.com\/manufacturer\/vibratory-bwol-feeder-for-plastic-part-ball\/#primaryimage\"},\"thumbnailUrl\":\"https:\/\/swoer.com\/wp-content\/uploads\/2024\/08\/Vibratory-Bwol-Feeder-for-Plastic-Part-Ball.webp\",\"datePublished\":\"2024-08-12T08:30:51+00:00\",\"dateModified\":\"2024-08-16T08:32:03+00:00\",\"description\":\"High-efficiency vibratory bowl feeders are designed for precise part feeding in automation. Optimize production with solutions tailored to your needs.\",\"breadcrumb\":{\"@id\":\"https:\/\/swoer.com\/manufacturer\/vibratory-bwol-feeder-for-plastic-part-ball\/#breadcrumb\"},\"inLanguage\":\"tr\",\"potentialAction\":[{\"@type\":\"ReadAction\",\"target\":[\"https:\/\/swoer.com\/manufacturer\/vibratory-bwol-feeder-for-plastic-part-ball\/\"]}]},{\"@type\":\"ImageObject\",\"inLanguage\":\"tr\",\"@id\":\"https:\/\/swoer.com\/manufacturer\/vibratory-bwol-feeder-for-plastic-part-ball\/#primaryimage\",\"url\":\"https:\/\/swoer.com\/wp-content\/uploads\/2024\/08\/Vibratory-Bwol-Feeder-for-Plastic-Part-Ball.webp\",\"contentUrl\":\"https:\/\/swoer.com\/wp-content\/uploads\/2024\/08\/Vibratory-Bwol-Feeder-for-Plastic-Part-Ball.webp\",\"width\":1000,\"height\":1000,\"caption\":\"Vibratory Bwol Feeder for Plastic Part Ball\"},{\"@type\":\"BreadcrumbList\",\"@id\":\"https:\/\/swoer.com\/manufacturer\/vibratory-bwol-feeder-for-plastic-part-ball\/#breadcrumb\",\"itemListElement\":[{\"@type\":\"ListItem\",\"position\":1,\"name\":\"Home\",\"item\":\"https:\/\/swoer.com\/\"},{\"@type\":\"ListItem\",\"position\":2,\"name\":\"Shop\",\"item\":\"https:\/\/swoer.com\/shop\/\"},{\"@type\":\"ListItem\",\"position\":3,\"name\":\"Vibratory Bwol Feeder for Plastic Part Ball\"}]},{\"@type\":\"WebSite\",\"@id\":\"https:\/\/swoer.com\/#website\",\"url\":\"https:\/\/swoer.com\/\",\"name\":\"SWOER\",\"description\":\"Swoer is the top 3 vibratory bowl feeder manufacturer in China\",\"potentialAction\":[{\"@type\":\"SearchAction\",\"target\":{\"@type\":\"EntryPoint\",\"urlTemplate\":\"https:\/\/swoer.com\/?s={search_term_string}\"},\"query-input\":\"required name=search_term_string\"}],\"inLanguage\":\"tr\"}]}<\/script>\n<!-- \/ Yoast SEO plugin. -->","yoast_head_json":{"title":"Vibratory Bwol Feeder for Plastic Part Ball - SWOER","description":"High-efficiency vibratory bowl feeders are designed for precise part feeding in automation. Optimize production with solutions tailored to your needs.","robots":{"index":"index","follow":"follow","max-snippet":"max-snippet:-1","max-image-preview":"max-image-preview:large","max-video-preview":"max-video-preview:-1"},"canonical":"https:\/\/swoer.com\/tr\/manufacturer\/vibratory-bwol-feeder-for-plastic-part-ball\/","og_locale":"tr_TR","og_type":"article","og_title":"Vibratory Bwol Feeder for Plastic Part Ball - SWOER","og_description":"High-efficiency vibratory bowl feeders are designed for precise part feeding in automation. Optimize production with solutions tailored to your needs.","og_url":"https:\/\/swoer.com\/tr\/manufacturer\/vibratory-bwol-feeder-for-plastic-part-ball\/","og_site_name":"SWOER","article_modified_time":"2024-08-16T08:32:03+00:00","og_image":[{"width":1000,"height":1000,"url":"https:\/\/swoer.com\/wp-content\/uploads\/2024\/08\/Vibratory-Bwol-Feeder-for-Plastic-Part-Ball.webp","type":"image\/webp"}],"twitter_card":"summary_large_image","twitter_misc":{"Tahmini okuma s\u00fcresi":"1 dakika"},"schema":{"@context":"https:\/\/schema.org","@graph":[{"@type":"WebPage","@id":"https:\/\/swoer.com\/manufacturer\/vibratory-bwol-feeder-for-plastic-part-ball\/","url":"https:\/\/swoer.com\/manufacturer\/vibratory-bwol-feeder-for-plastic-part-ball\/","name":"Vibratory Bwol Feeder for Plastic Part Ball - SWOER","isPartOf":{"@id":"https:\/\/swoer.com\/#website"},"primaryImageOfPage":{"@id":"https:\/\/swoer.com\/manufacturer\/vibratory-bwol-feeder-for-plastic-part-ball\/#primaryimage"},"image":{"@id":"https:\/\/swoer.com\/manufacturer\/vibratory-bwol-feeder-for-plastic-part-ball\/#primaryimage"},"thumbnailUrl":"https:\/\/swoer.com\/wp-content\/uploads\/2024\/08\/Vibratory-Bwol-Feeder-for-Plastic-Part-Ball.webp","datePublished":"2024-08-12T08:30:51+00:00","dateModified":"2024-08-16T08:32:03+00:00","description":"High-efficiency vibratory bowl feeders are designed for precise part feeding in automation. Optimize production with solutions tailored to your needs.","breadcrumb":{"@id":"https:\/\/swoer.com\/manufacturer\/vibratory-bwol-feeder-for-plastic-part-ball\/#breadcrumb"},"inLanguage":"tr","potentialAction":[{"@type":"ReadAction","target":["https:\/\/swoer.com\/manufacturer\/vibratory-bwol-feeder-for-plastic-part-ball\/"]}]},{"@type":"ImageObject","inLanguage":"tr","@id":"https:\/\/swoer.com\/manufacturer\/vibratory-bwol-feeder-for-plastic-part-ball\/#primaryimage","url":"https:\/\/swoer.com\/wp-content\/uploads\/2024\/08\/Vibratory-Bwol-Feeder-for-Plastic-Part-Ball.webp","contentUrl":"https:\/\/swoer.com\/wp-content\/uploads\/2024\/08\/Vibratory-Bwol-Feeder-for-Plastic-Part-Ball.webp","width":1000,"height":1000,"caption":"Vibratory Bwol Feeder for Plastic Part Ball"},{"@type":"BreadcrumbList","@id":"https:\/\/swoer.com\/manufacturer\/vibratory-bwol-feeder-for-plastic-part-ball\/#breadcrumb","itemListElement":[{"@type":"ListItem","position":1,"name":"Home","item":"https:\/\/swoer.com\/"},{"@type":"ListItem","position":2,"name":"Shop","item":"https:\/\/swoer.com\/shop\/"},{"@type":"ListItem","position":3,"name":"Vibratory Bwol Feeder for Plastic Part Ball"}]},{"@type":"WebSite","@id":"https:\/\/swoer.com\/#website","url":"https:\/\/swoer.com\/","name":"SWOER","description":"Swoer is the top 3 vibratory bowl feeder manufacturer in China","potentialAction":[{"@type":"SearchAction","target":{"@type":"EntryPoint","urlTemplate":"https:\/\/swoer.com\/?s={search_term_string}"},"query-input":"required name=search_term_string"}],"inLanguage":"tr"}]}},"_links":{"self":[{"href":"https:\/\/swoer.com\/tr\/wp-json\/wp\/v2\/product\/2479"}],"collection":[{"href":"https:\/\/swoer.com\/tr\/wp-json\/wp\/v2\/product"}],"about":[{"href":"https:\/\/swoer.com\/tr\/wp-json\/wp\/v2\/types\/product"}],"replies":[{"embeddable":true,"href":"https:\/\/swoer.com\/tr\/wp-json\/wp\/v2\/comments?post=2479"}],"wp:featuredmedia":[{"embeddable":true,"href":"https:\/\/swoer.com\/tr\/wp-json\/wp\/v2\/media\/2480"}],"wp:attachment":[{"href":"https:\/\/swoer.com\/tr\/wp-json\/wp\/v2\/media?parent=2479"}],"wp:term":[{"taxonomy":"product_cat","embeddable":true,"href":"https:\/\/swoer.com\/tr\/wp-json\/wp\/v2\/product_cat?post=2479"},{"taxonomy":"product_tag","embeddable":true,"href":"https:\/\/swoer.com\/tr\/wp-json\/wp\/v2\/product_tag?post=2479"}],"curies":[{"name":"wp","href":"https:\/\/api.w.org\/{rel}","templated":true}]}}