{"id":2418,"date":"2024-08-06T09:27:58","date_gmt":"2024-08-06T01:27:58","guid":{"rendered":"https:\/\/swoer.com\/?post_type=product&#038;p=2418"},"modified":"2024-08-06T17:16:47","modified_gmt":"2024-08-06T09:16:47","slug":"vibratory-feeder-for-filter","status":"publish","type":"product","link":"https:\/\/swoer.com\/tr\/manufacturer\/vibratory-feeder-for-filter\/","title":{"rendered":"Filtre i\u00e7in Titre\u015fimli Besleyici"},"content":{"rendered":"<p>Hassas titre\u015fimli besleyicilerin lider \u00fcreticisi olan Swoer, filtre end\u00fcstrisinin benzersiz gereksinimlerine g\u00f6re uyarlanm\u0131\u015f \u00f6zelle\u015ftirilmi\u015f \u00e7\u00f6z\u00fcmler sunmaktad\u0131r. Geli\u015fmi\u015f titre\u015fimli hazne besleyici tasar\u0131mlar\u0131m\u0131z, k\u00fc\u00e7\u00fck O-halkalardan karma\u015f\u0131k muhafazalara kadar \u00e7ok \u00e7e\u015fitli filtre bile\u015fenlerinin sorunsuz, verimli ve g\u00fcvenilir \u015fekilde beslenmesini sa\u011flar.<\/p>\n<h2>\u00a0<\/h2>\n<h2>Swoer Se\u00e7menin Temel Faydalar\u0131:<\/h2>\n<ol>\n<li><strong>Hassas m\u00fchendislik:<\/strong> Besleyicilerimiz, do\u011fru bile\u015fen y\u00f6nlendirmesi ve yerle\u015ftirmeyi garanti edecek \u015fekilde ayr\u0131nt\u0131lara titizlikle dikkat edilerek tasarlanm\u0131\u015ft\u0131r.<\/li>\n<li><strong>\u00d6zel Tasar\u0131m:<\/strong> \u00d6zel \u00fcretim ihtiya\u00e7lar\u0131n\u0131za ve k\u0131s\u0131tlamalar\u0131n\u0131za m\u00fckemmel \u015fekilde uyan besleyiciler tasarlama konusundaki uzmanl\u0131\u011f\u0131m\u0131zdan yararlan\u0131n.<\/li>\n<li><strong>Dayan\u0131kl\u0131 Yap\u0131:<\/strong> Zorlu end\u00fcstriyel ortamlara dayanacak \u015fekilde \u00fcretilen Swoer besleyiciler, uzun s\u00fcreli performans ve g\u00fcvenilirlik sunar.<\/li>\n<li><strong>Artt\u0131r\u0131lm\u0131\u015f Verimlilik:<\/strong> Besleyicilerimiz ar\u0131za s\u00fcresini azaltarak ve genel \u00e7\u0131kt\u0131y\u0131 iyile\u015ftirerek \u00fcretim s\u00fcre\u00e7lerini optimize eder.<\/li>\n<li><strong>K\u00fcresel Destek:<\/strong> D\u00fcnya \u00e7ap\u0131nda bir m\u00fc\u015fteri a\u011f\u0131yla Swoer, kapsaml\u0131 destek ve hizmet sa\u011flar.<\/li>\n<\/ol>\n<h2>Filtre Spesifikasyonu i\u00e7in Titre\u015fimli Besleyici<\/h2>\n<table width=\"874\">\n<tbody>\n<tr>\n<td width=\"183\">\u00dcr\u00fcn ad\u0131<\/td>\n<td width=\"691\">Filtre i\u00e7in Titre\u015fimli Besleyici<\/td>\n<\/tr>\n<tr>\n<td>Malzeme<\/td>\n<td>\u00a0SUS201\/304<\/td>\n<\/tr>\n<tr>\n<td>Malzeme Uzmanl\u0131\u011f\u0131<\/td>\n<td>So\u011fuk i\u015flem d\u00f6vme ala\u015f\u0131m\u0131, Y\u00fcksek mukavemet, Y\u00fcksek sertlik<\/td>\n<\/tr>\n<tr>\n<td>Gerilim<\/td>\n<td>220V<\/td>\n<\/tr>\n<tr>\n<td>G\u00fc\u00e7<\/td>\n<td>65W \/150W \/180W \/ 220W \/ 350W<\/td>\n<\/tr>\n<tr>\n<td>Kimlik do\u011frulama<\/td>\n<td>CE, ROHS, ISO9001<\/td>\n<\/tr>\n<tr>\n<td>Garanti<\/td>\n<td>1 y\u0131l garanti<\/td>\n<\/tr>\n<tr>\n<td>Adedi<\/td>\n<td>1 tak\u0131m<\/td>\n<\/tr>\n<tr>\n<td>Kur\u015fun zaman\u0131<\/td>\n<td>10-14 g\u00fcn<\/td>\n<\/tr>\n<tr>\n<td>\u00d6deme ko\u015fulu<\/td>\n<td>T\/T 40% Sevkiyat \u00f6ncesi depozito ve bakiye<\/td>\n<\/tr>\n<tr>\n<td>Yerin Orjinali<\/td>\n<td>\u00c7in<\/td>\n<\/tr>\n<\/tbody>\n<\/table>\n\t<div id=\"gap-925228611\" class=\"gap-element clearfix\" style=\"display:block; height:auto;\">\n\t\t\n<style>\n#gap-925228611 {\n  padding-top: 30px;\n}\n<\/style>\n\t<\/div>\n\t\n<h2>Titre\u015fimli Besleyici Videosunu Filtrele<\/h2>\n<div class=\"video video-fit mb\" style=\"padding-top:56.25%;\"><p><iframe loading=\"lazy\" title=\"Filtre Titre\u015fimli Kase Besleyici \u00dcreticileri - Swoer\" width=\"1020\" height=\"574\" src=\"https:\/\/www.youtube.com\/embed\/MgrX5lwqkaY?feature=oembed\" frameborder=\"0\" allow=\"accelerometer; autoplay; clipboard-write; encrypted-media; gyroscope; picture-in-picture; web-share\" referrerpolicy=\"strict-origin-when-cross-origin\" allowfullscreen><\/iframe><\/p>\n<\/div>\n<h2>Filtreler i\u00e7in \u00d6zelle\u015ftirilmi\u015f Titre\u015fimli Besleyiciler<\/h2>\n<p>SWOER, \u00f6zel filtreleme ihtiya\u00e7lar\u0131n\u0131z\u0131 kar\u015f\u0131lamak \u00fczere tasarlanm\u0131\u015f \u00f6zel titre\u015fimli besleyici \u00e7\u00f6z\u00fcmleri sunar. M\u00fchendislerimiz, prosesinizi optimize eden ve \u00fcr\u00fcn kalitesini art\u0131ran bir sistem olu\u015fturmak i\u00e7in sizinle yak\u0131n i\u015fbirli\u011fi i\u00e7inde \u00e7al\u0131\u015facakt\u0131r.<\/p>\n<p><strong>L\u00fctfen sa\u011fa t\u0131klay\u0131n: <span style=\"color: #0000ff;\">Canl\u0131 sohbet<\/span> Bize Dan\u0131\u015f\u0131n<\/strong><\/p>\n<p>Swoer fark\u0131n\u0131 ya\u015fay\u0131n. Filtre besleme gereksinimlerinizi g\u00f6r\u00fc\u015fmek i\u00e7in bug\u00fcn bizimle ileti\u015fime ge\u00e7in.<\/p>\n\n<div class=\"wpcf7 no-js\" id=\"wpcf7-f5-o1\" lang=\"en-US\" dir=\"ltr\">\n<div class=\"screen-reader-response\"><p role=\"status\" aria-live=\"polite\" aria-atomic=\"true\"><\/p> <ul><\/ul><\/div>\n<form action=\"\/tr\/wp-json\/wp\/v2\/product\/2418#wpcf7-f5-o1\" method=\"post\" class=\"wpcf7-form init\" aria-label=\"\u0130leti\u015fim Formu\" novalidate=\"novalidate\" data-status=\"init\" data-trp-original-action=\"\/tr\/wp-json\/wp\/v2\/product\/2418#wpcf7-f5-o1\">\n<div style=\"display: none;\">\n<input type=\"hidden\" name=\"_wpcf7\" value=\"5\" \/>\n<input type=\"hidden\" name=\"_wpcf7_version\" value=\"5.9.2\" \/>\n<input type=\"hidden\" name=\"_wpcf7_locale\" value=\"en_US\" \/>\n<input type=\"hidden\" name=\"_wpcf7_unit_tag\" value=\"wpcf7-f5-o1\" \/>\n<input type=\"hidden\" name=\"_wpcf7_container_post\" value=\"0\" \/>\n<input type=\"hidden\" name=\"_wpcf7_posted_data_hash\" value=\"\" \/>\n<\/div>\n<div class='custom_contact_style'>\n\t<p><label> Ad\u0131n\u0131z<br \/>\n<span class=\"wpcf7-form-control-wrap\" data-name=\"your-name\"><input size=\"40\" class=\"wpcf7-form-control wpcf7-text wpcf7-validates-as-required\" autocomplete=\"name\" aria-required=\"true\" aria-invalid=\"false\" value=\"\" type=\"text\" name=\"your-name\" \/><\/span> <\/label>\n\t<\/p>\n\t<p><label> E-posta adresiniz<br \/>\n<span class=\"wpcf7-form-control-wrap\" data-name=\"your-email\"><input size=\"40\" class=\"wpcf7-form-control wpcf7-email wpcf7-validates-as-required wpcf7-text wpcf7-validates-as-email\" autocomplete=\"email\" aria-required=\"true\" aria-invalid=\"false\" value=\"\" type=\"email\" name=\"your-email\" \/><\/span> <\/label>\n\t<\/p>\n\t<p><label> Mesaj\u0131n\u0131z (iste\u011fe ba\u011fl\u0131)<br \/>\n<span class=\"wpcf7-form-control-wrap\" data-name=\"your-message\"><textarea cols=\"40\" rows=\"10\" class=\"wpcf7-form-control wpcf7-textarea\" aria-invalid=\"false\" name=\"your-message\"><\/textarea><\/span> <\/label>\n\t<\/p>\n\t<div style=\"margin-bottom:10px;\">\n\t\t<p><span class=\"wpcf7-form-control-wrap kc_captcha cf7ic-toggle\" data-name=\"kc_captcha\"><span class=\"wpcf7-form-control wpcf7-radio\"><span class=\"captcha-image\" style=\"display: none;\"><span class=\"cf7ic_instructions\">L\u00fctfen se\u00e7erek insan oldu\u011funuzu kan\u0131tlay\u0131n.<span> tree<\/span>.<\/span><label><input aria-label=\"1\" type=\"radio\" name=\"kc_captcha\" value=\"bot\" \/><svg aria-hidden=\"true\" role=\"img\" xmlns=\"http:\/\/www.w3.org\/2000\/svg\" viewbox=\"0 0 576 512\"><path fill=\"currentColor\" d=\"M415 24c-53 0-103 42-127 65-24-23-74-65-127-65C70 24 16 77 16 166c0 72 67 133 69 135l187 181c9 8 23 8 32 0l187-180c2-3 69-64 69-136 0-89-54-142-145-142z\"\/><\/svg><\/label><label><input aria-label=\"2\" type=\"radio\" name=\"kc_captcha\" value=\"bot\" \/><svg aria-hidden=\"true\" role=\"img\" xmlns=\"http:\/\/www.w3.org\/2000\/svg\" viewbox=\"0 0 640 512\"><path fill=\"currentColor\" d=\"M192 384h192c53 0 96-43 96-96h32a128 128 0 000-256H120c-13 0-24 11-24 24v232c0 53 43 96 96 96zM512 96a64 64 0 010 128h-32V96h32zm48 384H48c-47 0-61-64-36-64h584c25 0 11 64-36 64z\"\/><\/svg><\/label><label><input aria-label=\"3\" type=\"radio\" name=\"kc_captcha\" value=\"kc_human\" \/><svg aria-hidden=\"true\" role=\"img\" xmlns=\"http:\/\/www.w3.org\/2000\/svg\" viewbox=\"0 0 384 512\"><path fill=\"currentColor\" d=\"M377 375l-83-87h34c21 0 32-25 17-40l-82-88h33c21 0 32-25 18-40L210 8c-10-11-26-11-36 0L70 120c-14 15-3 40 18 40h33l-82 88c-15 15-4 40 17 40h34L7 375c-15 16-4 41 17 41h120c0 33-11 49-34 68-12 9-5 28 10 28h144c15 0 22-19 10-28-20-16-34-32-34-68h120c21 0 32-25 17-41z\"\/><\/svg><\/label>\r\n    <\/span>\r\n    <span style=\"display:none\">\r\n        <input type=\"text\" name=\"kc_honeypot\">\r\n    <\/span><\/span><\/span>\n\t\t<\/p>\n\t<\/div>\n\t<p><input class=\"wpcf7-form-control wpcf7-submit has-spinner\" type=\"submit\" value=\"G\u00f6ndermek\" \/>\n\t<\/p>\n<\/div><div class=\"wpcf7-response-output\" aria-hidden=\"true\"><\/div>\n<input type=\"hidden\" name=\"trp-form-language\" value=\"tr\"\/><\/form>\n<\/div>","protected":false},"excerpt":{"rendered":"<p>Swoer&#039;in titre\u015fimli besleyicisi, filtre sistemleri i\u00e7in optimize edilmi\u015f olup, do\u011fru ve sabit malzeme ak\u0131\u015f\u0131 sa\u011flar. G\u00fc\u00e7l\u00fc ve verimli \u00e7\u00f6z\u00fcm\u00fcm\u00fczle filtreleme s\u00fcrecinizi geli\u015ftirin.<\/p>","protected":false},"featured_media":2419,"comment_status":"open","ping_status":"closed","template":"","meta":[],"product_cat":[37],"product_tag":[],"yoast_head":"<!-- This site is optimized with the Yoast SEO plugin v22.2 - https:\/\/yoast.com\/wordpress\/plugins\/seo\/ -->\n<title>Vibratory Feeder for Filter | Vibratory Bowl Feeder Design for Filter<\/title>\n<meta name=\"description\" content=\"Swoer offers custom-made high-quality Vibratory feeders for Filter applications. Improve material flow and filtration efficiency.\" \/>\n<meta name=\"robots\" content=\"index, follow, max-snippet:-1, max-image-preview:large, max-video-preview:-1\" \/>\n<link rel=\"canonical\" href=\"https:\/\/swoer.com\/tr\/manufacturer\/vibratory-feeder-for-filter\/\" \/>\n<meta property=\"og:locale\" content=\"tr_TR\" \/>\n<meta property=\"og:type\" content=\"article\" \/>\n<meta property=\"og:title\" content=\"Vibratory Feeder for Filter | Vibratory Bowl Feeder Design for Filter\" \/>\n<meta property=\"og:description\" content=\"Swoer offers custom-made high-quality Vibratory feeders for Filter applications. Improve material flow and filtration efficiency.\" \/>\n<meta property=\"og:url\" content=\"https:\/\/swoer.com\/tr\/manufacturer\/vibratory-feeder-for-filter\/\" \/>\n<meta property=\"og:site_name\" content=\"SWOER\" \/>\n<meta property=\"article:modified_time\" content=\"2024-08-06T09:16:47+00:00\" \/>\n<meta property=\"og:image\" content=\"https:\/\/swoer.com\/wp-content\/uploads\/2024\/08\/Vibratory-Feeder-for-Filter.webp\" \/>\n\t<meta property=\"og:image:width\" content=\"1000\" \/>\n\t<meta property=\"og:image:height\" content=\"1000\" \/>\n\t<meta property=\"og:image:type\" content=\"image\/webp\" \/>\n<meta name=\"twitter:card\" content=\"summary_large_image\" \/>\n<meta name=\"twitter:label1\" content=\"Tahmini okuma s\u00fcresi\" \/>\n\t<meta name=\"twitter:data1\" content=\"2 dakika\" \/>\n<script type=\"application\/ld+json\" class=\"yoast-schema-graph\">{\"@context\":\"https:\/\/schema.org\",\"@graph\":[{\"@type\":\"WebPage\",\"@id\":\"https:\/\/swoer.com\/manufacturer\/vibratory-feeder-for-filter\/\",\"url\":\"https:\/\/swoer.com\/manufacturer\/vibratory-feeder-for-filter\/\",\"name\":\"Vibratory Feeder for Filter | Vibratory Bowl Feeder Design for Filter\",\"isPartOf\":{\"@id\":\"https:\/\/swoer.com\/#website\"},\"primaryImageOfPage\":{\"@id\":\"https:\/\/swoer.com\/manufacturer\/vibratory-feeder-for-filter\/#primaryimage\"},\"image\":{\"@id\":\"https:\/\/swoer.com\/manufacturer\/vibratory-feeder-for-filter\/#primaryimage\"},\"thumbnailUrl\":\"https:\/\/swoer.com\/wp-content\/uploads\/2024\/08\/Vibratory-Feeder-for-Filter.webp\",\"datePublished\":\"2024-08-06T01:27:58+00:00\",\"dateModified\":\"2024-08-06T09:16:47+00:00\",\"description\":\"Swoer offers custom-made high-quality Vibratory feeders for Filter applications. Improve material flow and filtration efficiency.\",\"breadcrumb\":{\"@id\":\"https:\/\/swoer.com\/manufacturer\/vibratory-feeder-for-filter\/#breadcrumb\"},\"inLanguage\":\"tr\",\"potentialAction\":[{\"@type\":\"ReadAction\",\"target\":[\"https:\/\/swoer.com\/manufacturer\/vibratory-feeder-for-filter\/\"]}]},{\"@type\":\"ImageObject\",\"inLanguage\":\"tr\",\"@id\":\"https:\/\/swoer.com\/manufacturer\/vibratory-feeder-for-filter\/#primaryimage\",\"url\":\"https:\/\/swoer.com\/wp-content\/uploads\/2024\/08\/Vibratory-Feeder-for-Filter.webp\",\"contentUrl\":\"https:\/\/swoer.com\/wp-content\/uploads\/2024\/08\/Vibratory-Feeder-for-Filter.webp\",\"width\":1000,\"height\":1000,\"caption\":\"Vibratory Feeder for Filter\"},{\"@type\":\"BreadcrumbList\",\"@id\":\"https:\/\/swoer.com\/manufacturer\/vibratory-feeder-for-filter\/#breadcrumb\",\"itemListElement\":[{\"@type\":\"ListItem\",\"position\":1,\"name\":\"Home\",\"item\":\"https:\/\/swoer.com\/\"},{\"@type\":\"ListItem\",\"position\":2,\"name\":\"Shop\",\"item\":\"https:\/\/swoer.com\/shop\/\"},{\"@type\":\"ListItem\",\"position\":3,\"name\":\"Vibratory Feeder for Filter\"}]},{\"@type\":\"WebSite\",\"@id\":\"https:\/\/swoer.com\/#website\",\"url\":\"https:\/\/swoer.com\/\",\"name\":\"SWOER\",\"description\":\"Swoer is the top 3 vibratory bowl feeder manufacturer in China\",\"potentialAction\":[{\"@type\":\"SearchAction\",\"target\":{\"@type\":\"EntryPoint\",\"urlTemplate\":\"https:\/\/swoer.com\/?s={search_term_string}\"},\"query-input\":\"required name=search_term_string\"}],\"inLanguage\":\"tr\"}]}<\/script>\n<!-- \/ Yoast SEO plugin. -->","yoast_head_json":{"title":"Vibratory Feeder for Filter | Vibratory Bowl Feeder Design for Filter","description":"Swoer offers custom-made high-quality Vibratory feeders for Filter applications. Improve material flow and filtration efficiency.","robots":{"index":"index","follow":"follow","max-snippet":"max-snippet:-1","max-image-preview":"max-image-preview:large","max-video-preview":"max-video-preview:-1"},"canonical":"https:\/\/swoer.com\/tr\/manufacturer\/vibratory-feeder-for-filter\/","og_locale":"tr_TR","og_type":"article","og_title":"Vibratory Feeder for Filter | Vibratory Bowl Feeder Design for Filter","og_description":"Swoer offers custom-made high-quality Vibratory feeders for Filter applications. Improve material flow and filtration efficiency.","og_url":"https:\/\/swoer.com\/tr\/manufacturer\/vibratory-feeder-for-filter\/","og_site_name":"SWOER","article_modified_time":"2024-08-06T09:16:47+00:00","og_image":[{"width":1000,"height":1000,"url":"https:\/\/swoer.com\/wp-content\/uploads\/2024\/08\/Vibratory-Feeder-for-Filter.webp","type":"image\/webp"}],"twitter_card":"summary_large_image","twitter_misc":{"Tahmini okuma s\u00fcresi":"2 dakika"},"schema":{"@context":"https:\/\/schema.org","@graph":[{"@type":"WebPage","@id":"https:\/\/swoer.com\/manufacturer\/vibratory-feeder-for-filter\/","url":"https:\/\/swoer.com\/manufacturer\/vibratory-feeder-for-filter\/","name":"Vibratory Feeder for Filter | Vibratory Bowl Feeder Design for Filter","isPartOf":{"@id":"https:\/\/swoer.com\/#website"},"primaryImageOfPage":{"@id":"https:\/\/swoer.com\/manufacturer\/vibratory-feeder-for-filter\/#primaryimage"},"image":{"@id":"https:\/\/swoer.com\/manufacturer\/vibratory-feeder-for-filter\/#primaryimage"},"thumbnailUrl":"https:\/\/swoer.com\/wp-content\/uploads\/2024\/08\/Vibratory-Feeder-for-Filter.webp","datePublished":"2024-08-06T01:27:58+00:00","dateModified":"2024-08-06T09:16:47+00:00","description":"Swoer offers custom-made high-quality Vibratory feeders for Filter applications. Improve material flow and filtration efficiency.","breadcrumb":{"@id":"https:\/\/swoer.com\/manufacturer\/vibratory-feeder-for-filter\/#breadcrumb"},"inLanguage":"tr","potentialAction":[{"@type":"ReadAction","target":["https:\/\/swoer.com\/manufacturer\/vibratory-feeder-for-filter\/"]}]},{"@type":"ImageObject","inLanguage":"tr","@id":"https:\/\/swoer.com\/manufacturer\/vibratory-feeder-for-filter\/#primaryimage","url":"https:\/\/swoer.com\/wp-content\/uploads\/2024\/08\/Vibratory-Feeder-for-Filter.webp","contentUrl":"https:\/\/swoer.com\/wp-content\/uploads\/2024\/08\/Vibratory-Feeder-for-Filter.webp","width":1000,"height":1000,"caption":"Vibratory Feeder for Filter"},{"@type":"BreadcrumbList","@id":"https:\/\/swoer.com\/manufacturer\/vibratory-feeder-for-filter\/#breadcrumb","itemListElement":[{"@type":"ListItem","position":1,"name":"Home","item":"https:\/\/swoer.com\/"},{"@type":"ListItem","position":2,"name":"Shop","item":"https:\/\/swoer.com\/shop\/"},{"@type":"ListItem","position":3,"name":"Vibratory Feeder for Filter"}]},{"@type":"WebSite","@id":"https:\/\/swoer.com\/#website","url":"https:\/\/swoer.com\/","name":"SWOER","description":"Swoer is the top 3 vibratory bowl feeder manufacturer in China","potentialAction":[{"@type":"SearchAction","target":{"@type":"EntryPoint","urlTemplate":"https:\/\/swoer.com\/?s={search_term_string}"},"query-input":"required name=search_term_string"}],"inLanguage":"tr"}]}},"_links":{"self":[{"href":"https:\/\/swoer.com\/tr\/wp-json\/wp\/v2\/product\/2418"}],"collection":[{"href":"https:\/\/swoer.com\/tr\/wp-json\/wp\/v2\/product"}],"about":[{"href":"https:\/\/swoer.com\/tr\/wp-json\/wp\/v2\/types\/product"}],"replies":[{"embeddable":true,"href":"https:\/\/swoer.com\/tr\/wp-json\/wp\/v2\/comments?post=2418"}],"wp:featuredmedia":[{"embeddable":true,"href":"https:\/\/swoer.com\/tr\/wp-json\/wp\/v2\/media\/2419"}],"wp:attachment":[{"href":"https:\/\/swoer.com\/tr\/wp-json\/wp\/v2\/media?parent=2418"}],"wp:term":[{"taxonomy":"product_cat","embeddable":true,"href":"https:\/\/swoer.com\/tr\/wp-json\/wp\/v2\/product_cat?post=2418"},{"taxonomy":"product_tag","embeddable":true,"href":"https:\/\/swoer.com\/tr\/wp-json\/wp\/v2\/product_tag?post=2418"}],"curies":[{"name":"wp","href":"https:\/\/api.w.org\/{rel}","templated":true}]}}