{"id":2371,"date":"2024-07-29T09:55:57","date_gmt":"2024-07-29T01:55:57","guid":{"rendered":"https:\/\/swoer.com\/?post_type=product&#038;p=2371"},"modified":"2024-07-29T11:15:40","modified_gmt":"2024-07-29T03:15:40","slug":"rotary-bowl-feeder-for-grapa","status":"publish","type":"product","link":"https:\/\/swoer.com\/tr\/manufacturer\/rotary-bowl-feeder-for-grapa\/","title":{"rendered":"Grapa i\u00e7in D\u00f6ner Kase Besleyici"},"content":{"rendered":"<h2>\u00dcr\u00fcn bilgisi<\/h2>\n<table width=\"566\">\n<tbody>\n<tr>\n<td width=\"144\">\u00a0\u00dcr\u00fcn ad\u0131<\/td>\n<td width=\"422\">Grapa i\u00e7in D\u00f6ner Kase Besleyici<\/td>\n<\/tr>\n<tr>\n<td>\u00a0Malzeme<\/td>\n<td>\u00a0SUS201\/304<\/td>\n<\/tr>\n<tr>\n<td>\u00a0Malzeme Uzmanl\u0131\u011f\u0131<\/td>\n<td>\u00a0So\u011fuk i\u015flem d\u00f6vme ala\u015f\u0131m\u0131, Y\u00fcksek mukavemet, Y\u00fcksek sertlik<\/td>\n<\/tr>\n<tr>\n<td>\u00a0Gerilim<\/td>\n<td>\u00a0220V<\/td>\n<\/tr>\n<tr>\n<td>\u00a0G\u00fc\u00e7<\/td>\n<td>\u00a065W \/150W \/180W \/ 220W \/ 350W<\/td>\n<\/tr>\n<tr>\n<td>\u00a0Kimlik do\u011frulama<\/td>\n<td>\u00a0CE, ROHS, ISO9001<\/td>\n<\/tr>\n<tr>\n<td>\u00a0Garanti<\/td>\n<td>\u00a01 y\u0131l<\/td>\n<\/tr>\n<tr>\n<td>\u00a0Adedi<\/td>\n<td>\u00a01 tak\u0131m<\/td>\n<\/tr>\n<tr>\n<td>\u00a0Kur\u015fun zaman\u0131<\/td>\n<td>\u00a010-14 g\u00fcn<\/td>\n<\/tr>\n<tr>\n<td>\u00a0\u00d6deme ko\u015fulu<\/td>\n<td>\u00a0T\/T 40% Sevkiyat \u00f6ncesi depozito ve bakiye<\/td>\n<\/tr>\n<tr>\n<td>\u00a0Yerin Orjinali<\/td>\n<td>\u00a0\u00c7in<\/td>\n<\/tr>\n<\/tbody>\n<\/table>\n\t<div id=\"gap-24193105\" class=\"gap-element clearfix\" style=\"display:block; height:auto;\">\n\t\t\n<style>\n#gap-24193105 {\n  padding-top: 30px;\n}\n<\/style>\n\t<\/div>\n\t\n<h2>Test Videosu<\/h2>\n<div class=\"video video-fit mb\" style=\"padding-top:56.25%;\"><p><iframe loading=\"lazy\" title=\"Grapa D\u00f6ner Hazne Besleyici - Grapa i\u00e7in Titre\u015fimli Hazne Besleyici\" width=\"1020\" height=\"574\" src=\"https:\/\/www.youtube.com\/embed\/aZtwcK-m9lQ?feature=oembed\" frameborder=\"0\" allow=\"accelerometer; autoplay; clipboard-write; encrypted-media; gyroscope; picture-in-picture; web-share\" referrerpolicy=\"strict-origin-when-cross-origin\" allowfullscreen><\/iframe><\/p>\n<\/div>\n\t<div id=\"gap-759480199\" class=\"gap-element clearfix\" style=\"display:block; height:auto;\">\n\t\t\n<style>\n#gap-759480199 {\n  padding-top: 30px;\n}\n<\/style>\n\t<\/div>\n\t\n<h2>\u00d6nemli bilgi<\/h2>\n<p>Titre\u015fimli \u00e7anak besleyicilerimizle ilgileniyorsan\u0131z, gereksinimleriniz hakk\u0131nda bize a\u015fa\u011f\u0131daki bilgileri sa\u011flarsan\u0131z memnun oluruz:<\/p>\n<ul>\n<li><b><\/b><strong><b>Par\u00e7a Detaylar\u0131: <\/b><\/strong>Kullanmay\u0131 d\u00fc\u015f\u00fcnd\u00fc\u011f\u00fcn\u00fcz par\u00e7alar\u0131n resimleri, boyutlar\u0131 ve m\u00fcmk\u00fcnse 3 boyutlu \u00e7izimleri.<\/li>\n<li><b><\/b><strong><b>Gerekli H\u0131z: <\/b><\/strong>Dakikadaki par\u00e7a say\u0131s\u0131 (\u00f6rn. 30 adet\/dak).<\/li>\n<li><b><\/b><strong><b>D\u00f6nen Y\u00f6n: <\/b><\/strong>Besleyicinin saat y\u00f6n\u00fcnde mi yoksa saat y\u00f6n\u00fcn\u00fcn tersine mi d\u00f6nmesi gerekiyor?<\/li>\n<li><b><\/b><strong><b>Besleme Y\u00f6n\u00fc: <\/b><\/strong>Beslendi\u011finde bile\u015fenlerin istenen y\u00f6n\u00fc.<\/li>\n<li><b><\/b><strong><b>Ek ekipman: <\/b><\/strong>Do\u011frusal bir besleyiciye, s\u00fcp\u00fcrgeli\u011fe veya hazneye mi ihtiyac\u0131n\u0131z var?<\/li>\n<\/ul>\n<p><strong>Bu bilgiyi ald\u0131ktan sonra gereksinimlerinizi derhal de\u011ferlendirece\u011fiz ve size \u00f6zel bir teklif sunaca\u011f\u0131z.<\/strong><\/p>\n\t<div id=\"gap-334857464\" class=\"gap-element clearfix\" style=\"display:block; height:auto;\">\n\t\t\n<style>\n#gap-334857464 {\n  padding-top: 30px;\n}\n<\/style>\n\t<\/div>\n\t\n<h2 style=\"text-align: center;\">Bize Ula\u015f\u0131n<\/h2>\n\n<div class=\"wpcf7 no-js\" id=\"wpcf7-f5-o1\" lang=\"en-US\" dir=\"ltr\">\n<div class=\"screen-reader-response\"><p role=\"status\" aria-live=\"polite\" aria-atomic=\"true\"><\/p> <ul><\/ul><\/div>\n<form action=\"\/tr\/wp-json\/wp\/v2\/product\/2371#wpcf7-f5-o1\" method=\"post\" class=\"wpcf7-form init\" aria-label=\"\u0130leti\u015fim Formu\" novalidate=\"novalidate\" data-status=\"init\" data-trp-original-action=\"\/tr\/wp-json\/wp\/v2\/product\/2371#wpcf7-f5-o1\">\n<div style=\"display: none;\">\n<input type=\"hidden\" name=\"_wpcf7\" value=\"5\" \/>\n<input type=\"hidden\" name=\"_wpcf7_version\" value=\"5.9.2\" \/>\n<input type=\"hidden\" name=\"_wpcf7_locale\" value=\"en_US\" \/>\n<input type=\"hidden\" name=\"_wpcf7_unit_tag\" value=\"wpcf7-f5-o1\" \/>\n<input type=\"hidden\" name=\"_wpcf7_container_post\" value=\"0\" \/>\n<input type=\"hidden\" name=\"_wpcf7_posted_data_hash\" value=\"\" \/>\n<\/div>\n<div class='custom_contact_style'>\n\t<p><label> Ad\u0131n\u0131z<br \/>\n<span class=\"wpcf7-form-control-wrap\" data-name=\"your-name\"><input size=\"40\" class=\"wpcf7-form-control wpcf7-text wpcf7-validates-as-required\" autocomplete=\"name\" aria-required=\"true\" aria-invalid=\"false\" value=\"\" type=\"text\" name=\"your-name\" \/><\/span> <\/label>\n\t<\/p>\n\t<p><label> E-posta adresiniz<br \/>\n<span class=\"wpcf7-form-control-wrap\" data-name=\"your-email\"><input size=\"40\" class=\"wpcf7-form-control wpcf7-email wpcf7-validates-as-required wpcf7-text wpcf7-validates-as-email\" autocomplete=\"email\" aria-required=\"true\" aria-invalid=\"false\" value=\"\" type=\"email\" name=\"your-email\" \/><\/span> <\/label>\n\t<\/p>\n\t<p><label> Mesaj\u0131n\u0131z (iste\u011fe ba\u011fl\u0131)<br \/>\n<span class=\"wpcf7-form-control-wrap\" data-name=\"your-message\"><textarea cols=\"40\" rows=\"10\" class=\"wpcf7-form-control wpcf7-textarea\" aria-invalid=\"false\" name=\"your-message\"><\/textarea><\/span> <\/label>\n\t<\/p>\n\t<div style=\"margin-bottom:10px;\">\n\t\t<p><span class=\"wpcf7-form-control-wrap kc_captcha cf7ic-toggle\" data-name=\"kc_captcha\"><span class=\"wpcf7-form-control wpcf7-radio\"><span class=\"captcha-image\" style=\"display: none;\"><span class=\"cf7ic_instructions\">L\u00fctfen se\u00e7erek insan oldu\u011funuzu kan\u0131tlay\u0131n.<span> tree<\/span>.<\/span><label><input aria-label=\"1\" type=\"radio\" name=\"kc_captcha\" value=\"bot\" \/><svg aria-hidden=\"true\" role=\"img\" xmlns=\"http:\/\/www.w3.org\/2000\/svg\" viewbox=\"0 0 576 512\"><path fill=\"currentColor\" d=\"M415 24c-53 0-103 42-127 65-24-23-74-65-127-65C70 24 16 77 16 166c0 72 67 133 69 135l187 181c9 8 23 8 32 0l187-180c2-3 69-64 69-136 0-89-54-142-145-142z\"\/><\/svg><\/label><label><input aria-label=\"2\" type=\"radio\" name=\"kc_captcha\" value=\"bot\" \/><svg aria-hidden=\"true\" role=\"img\" xmlns=\"http:\/\/www.w3.org\/2000\/svg\" viewbox=\"0 0 512 512\"><path fill=\"currentColor\" d=\"M500 168h-55l-8-21a127 127 0 00-120-83H195a127 127 0 00-120 83l-8 21H12c-8 0-14 8-11 16l8 24a12 12 0 0011 8h29a64 64 0 00-33 56v48c0 16 6 31 16 42v62c0 13 11 24 24 24h48c13 0 24-11 24-24v-40h256v40c0 13 11 24 24 24h48c13 0 24-11 24-24v-62c10-11 16-26 16-42v-48c0-24-13-45-33-56h29a12 12 0 0011-8l8-24c3-8-3-16-11-16zm-365 2c9-25 33-42 60-42h122c27 0 51 17 60 42l15 38H120l15-38zM88 328a32 32 0 010-64c18 0 48 30 48 48s-30 16-48 16zm336 0c-18 0-48 2-48-16s30-48 48-48 32 14 32 32-14 32-32 32z\"\/><\/svg><\/label><label><input aria-label=\"3\" type=\"radio\" name=\"kc_captcha\" value=\"kc_human\" \/><svg aria-hidden=\"true\" role=\"img\" xmlns=\"http:\/\/www.w3.org\/2000\/svg\" viewbox=\"0 0 384 512\"><path fill=\"currentColor\" d=\"M377 375l-83-87h34c21 0 32-25 17-40l-82-88h33c21 0 32-25 18-40L210 8c-10-11-26-11-36 0L70 120c-14 15-3 40 18 40h33l-82 88c-15 15-4 40 17 40h34L7 375c-15 16-4 41 17 41h120c0 33-11 49-34 68-12 9-5 28 10 28h144c15 0 22-19 10-28-20-16-34-32-34-68h120c21 0 32-25 17-41z\"\/><\/svg><\/label>\r\n    <\/span>\r\n    <span style=\"display:none\">\r\n        <input type=\"text\" name=\"kc_honeypot\">\r\n    <\/span><\/span><\/span>\n\t\t<\/p>\n\t<\/div>\n\t<p><input class=\"wpcf7-form-control wpcf7-submit has-spinner\" type=\"submit\" value=\"G\u00f6ndermek\" \/>\n\t<\/p>\n<\/div><div class=\"wpcf7-response-output\" aria-hidden=\"true\"><\/div>\n<input type=\"hidden\" name=\"trp-form-language\" value=\"tr\"\/><\/form>\n<\/div>","protected":false},"excerpt":{"rendered":"<p>D\u00f6ner \u00e7anak besleyicimiz \u00f6zellikle gropa \u00fcretimi i\u00e7in tasarlanm\u0131\u015ft\u0131r. Grapa par\u00e7alar\u0131n\u0131 y\u00fcksek h\u0131zlarda y\u00f6nlendirmek ve beslemek i\u00e7in titre\u015fim teknolojisini kullanarak tutarl\u0131 ve g\u00fcvenilir otomasyon sa\u011flar. Geli\u015fmi\u015f besleme \u00e7\u00f6z\u00fcm\u00fcm\u00fczle \u00fcretim verimlili\u011finizi art\u0131r\u0131n ve i\u015f\u00e7ilik maliyetlerinizi azalt\u0131n.<\/p>","protected":false},"featured_media":2372,"comment_status":"open","ping_status":"closed","template":"","meta":[],"product_cat":[37],"product_tag":[],"yoast_head":"<!-- This site is optimized with the Yoast SEO plugin v22.2 - https:\/\/yoast.com\/wordpress\/plugins\/seo\/ -->\n<title>Rotary Bowl Feeder for Grapa | Grapa Vibratory Bowl Feeder<\/title>\n<meta name=\"description\" content=\"Enhance grapa production with our efficient rotary bowl feeder, designed to precisely orient and feed grapa parts, boosting automation and reducing downtime.\" \/>\n<meta name=\"robots\" content=\"index, follow, max-snippet:-1, max-image-preview:large, max-video-preview:-1\" \/>\n<link rel=\"canonical\" href=\"https:\/\/swoer.com\/tr\/manufacturer\/rotary-bowl-feeder-for-grapa\/\" \/>\n<meta property=\"og:locale\" content=\"tr_TR\" \/>\n<meta property=\"og:type\" content=\"article\" \/>\n<meta property=\"og:title\" content=\"Rotary Bowl Feeder for Grapa | Grapa Vibratory Bowl Feeder\" \/>\n<meta property=\"og:description\" content=\"Enhance grapa production with our efficient rotary bowl feeder, designed to precisely orient and feed grapa parts, boosting automation and reducing downtime.\" \/>\n<meta property=\"og:url\" content=\"https:\/\/swoer.com\/tr\/manufacturer\/rotary-bowl-feeder-for-grapa\/\" \/>\n<meta property=\"og:site_name\" content=\"SWOER\" \/>\n<meta property=\"article:modified_time\" content=\"2024-07-29T03:15:40+00:00\" \/>\n<meta property=\"og:image\" content=\"https:\/\/swoer.com\/wp-content\/uploads\/2024\/07\/rotary-bowl-feeder-for-grapa.webp\" \/>\n\t<meta property=\"og:image:width\" content=\"1000\" \/>\n\t<meta property=\"og:image:height\" content=\"1000\" \/>\n\t<meta property=\"og:image:type\" content=\"image\/webp\" \/>\n<meta name=\"twitter:card\" content=\"summary_large_image\" \/>\n<meta name=\"twitter:label1\" content=\"Tahmini okuma s\u00fcresi\" \/>\n\t<meta name=\"twitter:data1\" content=\"1 dakika\" \/>\n<script type=\"application\/ld+json\" class=\"yoast-schema-graph\">{\"@context\":\"https:\/\/schema.org\",\"@graph\":[{\"@type\":\"WebPage\",\"@id\":\"https:\/\/swoer.com\/manufacturer\/rotary-bowl-feeder-for-grapa\/\",\"url\":\"https:\/\/swoer.com\/manufacturer\/rotary-bowl-feeder-for-grapa\/\",\"name\":\"Rotary Bowl Feeder for Grapa | Grapa Vibratory Bowl Feeder\",\"isPartOf\":{\"@id\":\"https:\/\/swoer.com\/#website\"},\"primaryImageOfPage\":{\"@id\":\"https:\/\/swoer.com\/manufacturer\/rotary-bowl-feeder-for-grapa\/#primaryimage\"},\"image\":{\"@id\":\"https:\/\/swoer.com\/manufacturer\/rotary-bowl-feeder-for-grapa\/#primaryimage\"},\"thumbnailUrl\":\"https:\/\/swoer.com\/wp-content\/uploads\/2024\/07\/rotary-bowl-feeder-for-grapa.webp\",\"datePublished\":\"2024-07-29T01:55:57+00:00\",\"dateModified\":\"2024-07-29T03:15:40+00:00\",\"description\":\"Enhance grapa production with our efficient rotary bowl feeder, designed to precisely orient and feed grapa parts, boosting automation and reducing downtime.\",\"breadcrumb\":{\"@id\":\"https:\/\/swoer.com\/manufacturer\/rotary-bowl-feeder-for-grapa\/#breadcrumb\"},\"inLanguage\":\"tr\",\"potentialAction\":[{\"@type\":\"ReadAction\",\"target\":[\"https:\/\/swoer.com\/manufacturer\/rotary-bowl-feeder-for-grapa\/\"]}]},{\"@type\":\"ImageObject\",\"inLanguage\":\"tr\",\"@id\":\"https:\/\/swoer.com\/manufacturer\/rotary-bowl-feeder-for-grapa\/#primaryimage\",\"url\":\"https:\/\/swoer.com\/wp-content\/uploads\/2024\/07\/rotary-bowl-feeder-for-grapa.webp\",\"contentUrl\":\"https:\/\/swoer.com\/wp-content\/uploads\/2024\/07\/rotary-bowl-feeder-for-grapa.webp\",\"width\":1000,\"height\":1000,\"caption\":\"rotary bowl feeder for grapa\"},{\"@type\":\"BreadcrumbList\",\"@id\":\"https:\/\/swoer.com\/manufacturer\/rotary-bowl-feeder-for-grapa\/#breadcrumb\",\"itemListElement\":[{\"@type\":\"ListItem\",\"position\":1,\"name\":\"Home\",\"item\":\"https:\/\/swoer.com\/\"},{\"@type\":\"ListItem\",\"position\":2,\"name\":\"Shop\",\"item\":\"https:\/\/swoer.com\/shop\/\"},{\"@type\":\"ListItem\",\"position\":3,\"name\":\"Rotary Bowl Feeder for Grapa\"}]},{\"@type\":\"WebSite\",\"@id\":\"https:\/\/swoer.com\/#website\",\"url\":\"https:\/\/swoer.com\/\",\"name\":\"SWOER\",\"description\":\"Swoer is the top 3 vibratory bowl feeder manufacturer in China\",\"potentialAction\":[{\"@type\":\"SearchAction\",\"target\":{\"@type\":\"EntryPoint\",\"urlTemplate\":\"https:\/\/swoer.com\/?s={search_term_string}\"},\"query-input\":\"required name=search_term_string\"}],\"inLanguage\":\"tr\"}]}<\/script>\n<!-- \/ Yoast SEO plugin. -->","yoast_head_json":{"title":"Rotary Bowl Feeder for Grapa | Grapa Vibratory Bowl Feeder","description":"Enhance grapa production with our efficient rotary bowl feeder, designed to precisely orient and feed grapa parts, boosting automation and reducing downtime.","robots":{"index":"index","follow":"follow","max-snippet":"max-snippet:-1","max-image-preview":"max-image-preview:large","max-video-preview":"max-video-preview:-1"},"canonical":"https:\/\/swoer.com\/tr\/manufacturer\/rotary-bowl-feeder-for-grapa\/","og_locale":"tr_TR","og_type":"article","og_title":"Rotary Bowl Feeder for Grapa | Grapa Vibratory Bowl Feeder","og_description":"Enhance grapa production with our efficient rotary bowl feeder, designed to precisely orient and feed grapa parts, boosting automation and reducing downtime.","og_url":"https:\/\/swoer.com\/tr\/manufacturer\/rotary-bowl-feeder-for-grapa\/","og_site_name":"SWOER","article_modified_time":"2024-07-29T03:15:40+00:00","og_image":[{"width":1000,"height":1000,"url":"https:\/\/swoer.com\/wp-content\/uploads\/2024\/07\/rotary-bowl-feeder-for-grapa.webp","type":"image\/webp"}],"twitter_card":"summary_large_image","twitter_misc":{"Tahmini okuma s\u00fcresi":"1 dakika"},"schema":{"@context":"https:\/\/schema.org","@graph":[{"@type":"WebPage","@id":"https:\/\/swoer.com\/manufacturer\/rotary-bowl-feeder-for-grapa\/","url":"https:\/\/swoer.com\/manufacturer\/rotary-bowl-feeder-for-grapa\/","name":"Rotary Bowl Feeder for Grapa | Grapa Vibratory Bowl Feeder","isPartOf":{"@id":"https:\/\/swoer.com\/#website"},"primaryImageOfPage":{"@id":"https:\/\/swoer.com\/manufacturer\/rotary-bowl-feeder-for-grapa\/#primaryimage"},"image":{"@id":"https:\/\/swoer.com\/manufacturer\/rotary-bowl-feeder-for-grapa\/#primaryimage"},"thumbnailUrl":"https:\/\/swoer.com\/wp-content\/uploads\/2024\/07\/rotary-bowl-feeder-for-grapa.webp","datePublished":"2024-07-29T01:55:57+00:00","dateModified":"2024-07-29T03:15:40+00:00","description":"Enhance grapa production with our efficient rotary bowl feeder, designed to precisely orient and feed grapa parts, boosting automation and reducing downtime.","breadcrumb":{"@id":"https:\/\/swoer.com\/manufacturer\/rotary-bowl-feeder-for-grapa\/#breadcrumb"},"inLanguage":"tr","potentialAction":[{"@type":"ReadAction","target":["https:\/\/swoer.com\/manufacturer\/rotary-bowl-feeder-for-grapa\/"]}]},{"@type":"ImageObject","inLanguage":"tr","@id":"https:\/\/swoer.com\/manufacturer\/rotary-bowl-feeder-for-grapa\/#primaryimage","url":"https:\/\/swoer.com\/wp-content\/uploads\/2024\/07\/rotary-bowl-feeder-for-grapa.webp","contentUrl":"https:\/\/swoer.com\/wp-content\/uploads\/2024\/07\/rotary-bowl-feeder-for-grapa.webp","width":1000,"height":1000,"caption":"rotary bowl feeder for grapa"},{"@type":"BreadcrumbList","@id":"https:\/\/swoer.com\/manufacturer\/rotary-bowl-feeder-for-grapa\/#breadcrumb","itemListElement":[{"@type":"ListItem","position":1,"name":"Home","item":"https:\/\/swoer.com\/"},{"@type":"ListItem","position":2,"name":"Shop","item":"https:\/\/swoer.com\/shop\/"},{"@type":"ListItem","position":3,"name":"Rotary Bowl Feeder for Grapa"}]},{"@type":"WebSite","@id":"https:\/\/swoer.com\/#website","url":"https:\/\/swoer.com\/","name":"SWOER","description":"Swoer is the top 3 vibratory bowl feeder manufacturer in China","potentialAction":[{"@type":"SearchAction","target":{"@type":"EntryPoint","urlTemplate":"https:\/\/swoer.com\/?s={search_term_string}"},"query-input":"required name=search_term_string"}],"inLanguage":"tr"}]}},"_links":{"self":[{"href":"https:\/\/swoer.com\/tr\/wp-json\/wp\/v2\/product\/2371"}],"collection":[{"href":"https:\/\/swoer.com\/tr\/wp-json\/wp\/v2\/product"}],"about":[{"href":"https:\/\/swoer.com\/tr\/wp-json\/wp\/v2\/types\/product"}],"replies":[{"embeddable":true,"href":"https:\/\/swoer.com\/tr\/wp-json\/wp\/v2\/comments?post=2371"}],"wp:featuredmedia":[{"embeddable":true,"href":"https:\/\/swoer.com\/tr\/wp-json\/wp\/v2\/media\/2372"}],"wp:attachment":[{"href":"https:\/\/swoer.com\/tr\/wp-json\/wp\/v2\/media?parent=2371"}],"wp:term":[{"taxonomy":"product_cat","embeddable":true,"href":"https:\/\/swoer.com\/tr\/wp-json\/wp\/v2\/product_cat?post=2371"},{"taxonomy":"product_tag","embeddable":true,"href":"https:\/\/swoer.com\/tr\/wp-json\/wp\/v2\/product_tag?post=2371"}],"curies":[{"name":"wp","href":"https:\/\/api.w.org\/{rel}","templated":true}]}}