{"id":2332,"date":"2024-07-11T02:33:28","date_gmt":"2024-07-11T02:33:28","guid":{"rendered":"https:\/\/swoer.com\/?post_type=product&#038;p=2332"},"modified":"2024-08-16T12:01:29","modified_gmt":"2024-08-16T04:01:29","slug":"vibratory-hopper-controller-sdvc311-m","status":"publish","type":"product","link":"https:\/\/swoer.com\/tr\/manufacturer\/vibratory-hopper-controller-sdvc311-m\/","title":{"rendered":"Titre\u015fimli Hazne Kontrol Cihaz\u0131 SDVC311-M"},"content":{"rendered":"<h2>\u00dcr\u00fcn \u00d6zellikleri<\/h2>\n<p>SDVC311 serisi dijital frekans mod\u00fclasyonlu titre\u015fim besleyici denetleyicisi, en son elektronik teknolojisi ve dikkatli tasar\u0131m\u0131yla benzersiz performans sunan kompakt, evrensel bir \u00e7\u0131k\u0131\u015f denetleyicisidir. Temel \u00f6zellikler \u015funlar\u0131 i\u00e7erir:<\/p>\n<ul>\n<li><strong>\u00c7\u0131k\u0131\u015f frekans aral\u0131\u011f\u0131:<\/strong> 0,1Hz do\u011frulukla 5,0Hz ila 400,0Hz.<\/li>\n<li><strong>Fren fonksiyonu:<\/strong> Yava\u015f kapanma i\u015flemi s\u0131ras\u0131nda ak\u0131m\u0131 180\u00b0 kayd\u0131rarak titre\u015fim plakas\u0131n\u0131 h\u0131zla durdurur.<\/li>\n<li>Ak\u0131ll\u0131 fotoelektrik ba\u011flant\u0131 noktas\u0131, fotoelektrik sens\u00f6rleri, NPN veya PNP anahtar sens\u00f6rlerini destekler.<\/li>\n<li>Tam malzeme durdurma ba\u011flant\u0131 noktas\u0131 NPN, PNP veya otomatik uyarlama t\u00fcrlerini destekler.<\/li>\n<li>Kontrol \u00e7\u0131k\u0131\u015f ba\u011flant\u0131 noktas\u0131 NPN, PNP veya itme-\u00e7ekme \u00e7\u0131k\u0131\u015f modunu destekler.<\/li>\n<li><strong>Kapsaml\u0131 koruma fonksiyonlar\u0131:<\/strong> ana \u00e7\u0131k\u0131\u015f i\u00e7in k\u0131sa devre korumas\u0131, a\u015f\u0131r\u0131 ak\u0131m korumas\u0131, a\u015f\u0131r\u0131 \u0131s\u0131nma korumas\u0131, g\u00fc\u00e7 kayna\u011f\u0131 d\u00fc\u015f\u00fck gerilim\/a\u015f\u0131r\u0131 gerilim korumas\u0131, kontrol \u00e7\u0131k\u0131\u015f\u0131 k\u0131sa devre korumas\u0131, 24V \u00e7\u0131k\u0131\u015f k\u0131sa devre korumas\u0131, h\u0131z kontrol\u00fc 5V \u00e7\u0131k\u0131\u015f k\u0131sa devre korumas\u0131.<\/li>\n<\/ul>\n<p><strong>SDVC31-M denetleyiciyle kar\u015f\u0131la\u015ft\u0131r\u0131ld\u0131\u011f\u0131nda bu \u00fcr\u00fcn \u00f6nemli performans iyile\u015ftirmeleri g\u00f6sterir:<\/strong><\/p>\n<ol>\n<li>\u00c7\u0131k\u0131\u015f frekans\u0131 40.0-400.0Hz&#039;den art\u0131r\u0131ld\u0131.<\/li>\n<li>Ak\u0131ll\u0131 fotoelektrik ve tam malzeme durdurma ba\u011flant\u0131 noktalar\u0131 i\u00e7in maksimum a\u00e7ma\/kapama gecikmesi 20,0 saniyeden 99,9 saniyeye \u00e7\u0131kar\u0131ld\u0131.<\/li>\n<li>Yeni yava\u015f kapanma fonksiyonu: Titre\u015fim plakas\u0131n\u0131 yava\u015f\u00e7a durdurmak i\u00e7in 0,0~10,0 saniye.<\/li>\n<li>Yeni fren fonksiyonu: Titre\u015fim plakas\u0131n\u0131 h\u0131zla durdurmak i\u00e7in 0~100 fren d\u00f6ng\u00fcs\u00fc.<\/li>\n<li>Ak\u0131ll\u0131 fotoelektrik ba\u011flant\u0131 noktas\u0131na PNP sens\u00f6r deste\u011fi eklendi.<\/li>\n<li>Tam malzeme durdurma ba\u011flant\u0131 noktas\u0131, NPN ve PNP se\u00e7iminden otomatik mod da dahil olmak \u00fczere yaz\u0131l\u0131m ayarlar\u0131na y\u00fckseltildi.<\/li>\n<li>Kontrol \u00e7\u0131k\u0131\u015f\u0131 ba\u011flant\u0131 noktas\u0131, NPN \u00e7\u0131k\u0131\u015f\u0131ndan NPN, PNP ve itme-\u00e7ekme modlar\u0131na y\u00fckseltildi.<\/li>\n<li>Yeni kontrol \u00e7\u0131k\u0131\u015f\u0131 ba\u011flant\u0131 noktas\u0131 a\u00e7ma\/kapama gecikmesi: 0,0~99,9 saniye.<\/li>\n<li>Yeni kontrol \u00e7\u0131k\u0131\u015f modu: gecikme modu ve tutma modu.<\/li>\n<li>S\u0131cakl\u0131\u011f\u0131, veri yolu voltaj\u0131n\u0131, \u00e7\u0131k\u0131\u015f ak\u0131m\u0131n\u0131, analog h\u0131z kontrol portu A voltaj\u0131n\u0131, port B sinyal voltaj\u0131n\u0131, port C sinyal voltaj\u0131n\u0131, port D \u00e7\u0131k\u0131\u015f voltaj\u0131n\u0131 ve 24V \u00e7\u0131k\u0131\u015f voltaj\u0131n\u0131 izlemek i\u00e7in yeni \u00f6l\u00e7\u00fcm fonksiyonu.<\/li>\n<\/ol>\n\t<div id=\"gap-843070877\" class=\"gap-element clearfix\" style=\"display:block; height:auto;\">\n\t\t\n<style>\n#gap-843070877 {\n  padding-top: 30px;\n}\n<\/style>\n\t<\/div>\n\t\n<h2>Teknik \u00f6zellik<\/h2>\n<table width=\"767\">\n<tbody>\n<tr>\n<td rowspan=\"2\" width=\"225\">\u00d6\u011fe<\/td>\n<td colspan=\"3\" width=\"216\">Menzil<\/td>\n<td rowspan=\"2\" width=\"72\">Birim<\/td>\n<td rowspan=\"2\" width=\"254\">Tan\u0131m<\/td>\n<\/tr>\n<tr>\n<td>Asgari<\/td>\n<td>Tipik<\/td>\n<td>Maksimum<\/td>\n<\/tr>\n<tr>\n<td>Giri\u015f gerilimi<\/td>\n<td>85<\/td>\n<td>220<\/td>\n<td>260<\/td>\n<td>V<\/td>\n<td>AC efektif de\u011feri<\/td>\n<\/tr>\n<tr>\n<td>\u00c7\u0131k\u0131\u015f voltaj\u0131 ayar aral\u0131\u011f\u0131<\/td>\n<td>0<\/td>\n<td><\/td>\n<td>260<\/td>\n<td>V<\/td>\n<td>150% giri\u015f voltaj\u0131ndan az<\/td>\n<\/tr>\n<tr>\n<td>Gerilim ayar do\u011frulu\u011fu<\/td>\n<td colspan=\"3\">1<\/td>\n<td>V<\/td>\n<td><\/td>\n<\/tr>\n<tr>\n<td>Gerilim d\u00fczenleme do\u011frulu\u011fu<\/td>\n<td>0<\/td>\n<td><\/td>\n<td>10<\/td>\n<td><\/td>\n<td>Vout\/Vin<\/td>\n<\/tr>\n<tr>\n<td rowspan=\"2\">\u00c7\u0131k\u0131\u015f ak\u0131m\u0131 ayar aral\u0131\u011f\u0131<\/td>\n<td>0<\/td>\n<td><\/td>\n<td>1.5<\/td>\n<td>A<\/td>\n<td>SDVC311-LS<\/td>\n<\/tr>\n<tr>\n<td>0<\/td>\n<td><\/td>\n<td>3<\/td>\n<td>VA<\/td>\n<td>SDVC311-LM<\/td>\n<\/tr>\n<tr>\n<td rowspan=\"2\">\u00c7\u0131k\u0131\u015f g\u00fcc\u00fc<\/td>\n<td>0<\/td>\n<td><\/td>\n<td>330<\/td>\n<td>VA<\/td>\n<td>SDVC311-LS<\/td>\n<\/tr>\n<tr>\n<td>0<\/td>\n<td><\/td>\n<td>660<\/td>\n<td>VA<\/td>\n<td>SDVC311-LM<\/td>\n<\/tr>\n<tr>\n<td>\u00c7\u0131k\u0131\u015f frekans\u0131<\/td>\n<td>40\/5.0<\/td>\n<td><\/td>\n<td>400<\/td>\n<td>Hz.<\/td>\n<td><\/td>\n<\/tr>\n<tr>\n<td>Frekans ayar do\u011frulu\u011fu<\/td>\n<td colspan=\"3\">0.1<\/td>\n<td>Hz.<\/td>\n<td><\/td>\n<\/tr>\n<tr>\n<td>\u00c7\u0131k\u0131\u015f dalga formu<\/td>\n<td colspan=\"3\">sin\u00fcs<\/td>\n<td><\/td>\n<td><\/td>\n<\/tr>\n<tr>\n<td>Yava\u015f ba\u015flang\u0131\u00e7 zaman\u0131<\/td>\n<td>0<\/td>\n<td><\/td>\n<td>10<\/td>\n<td>S<\/td>\n<td>Fabrika varsay\u0131lan\u0131 0,5<\/td>\n<\/tr>\n<tr>\n<td>Gecikme s\u00fcresi aral\u0131\u011f\u0131<\/td>\n<td>0<\/td>\n<td><\/td>\n<td>20\/99.9<\/td>\n<td>S<\/td>\n<td>Fabrika varsay\u0131lan\u0131 0,2<\/td>\n<\/tr>\n<tr>\n<td>Gecikme s\u00fcresi do\u011frulu\u011fu<\/td>\n<td colspan=\"3\">0.1<\/td>\n<td>S<\/td>\n<td><\/td>\n<\/tr>\n<tr>\n<td>A\u015f\u0131r\u0131 \u0131s\u0131nma koruma s\u0131cakl\u0131\u011f\u0131<\/td>\n<td>58<\/td>\n<td>60<\/td>\n<td>66<\/td>\n<td>\u00b0C<\/td>\n<td><\/td>\n<\/tr>\n<tr>\n<td>DC kontrol \u00e7\u0131k\u0131\u015f voltaj\u0131<\/td>\n<td>0<\/td>\n<td><\/td>\n<td>400<\/td>\n<td>V<\/td>\n<td><\/td>\n<\/tr>\n<tr>\n<td>DC kontrol \u00e7\u0131k\u0131\u015f ak\u0131m\u0131<\/td>\n<td>22<\/td>\n<td>24<\/td>\n<td>26<\/td>\n<td>mA<\/td>\n<td><\/td>\n<\/tr>\n<tr>\n<td>Analog kontrol modeli<\/td>\n<td colspan=\"3\">1 &#8211; 5<\/td>\n<td>V<\/td>\n<td>Uzaktan h\u0131z kontrol voltaj\u0131<\/td>\n<\/tr>\n<tr>\n<td>Dijital kontrol sinyali<\/td>\n<td colspan=\"3\">24<\/td>\n<td>V<\/td>\n<td>Sinyal kontrol\u00fcn\u00fc de\u011fi\u015ftir<\/td>\n<\/tr>\n<tr>\n<td>Ayarlama y\u00f6ntemi<\/td>\n<td colspan=\"3\">6<\/td>\n<td>anahtar<\/td>\n<td><\/td>\n<\/tr>\n<tr>\n<td>Y\u00fcks\u00fcz g\u00fc\u00e7 t\u00fcketimi<\/td>\n<td><\/td>\n<td>3<\/td>\n<td><\/td>\n<td>K<\/td>\n<td><\/td>\n<\/tr>\n<tr>\n<td>Ekran modu<\/td>\n<td colspan=\"3\">5<\/td>\n<td>hane<\/td>\n<td>LED dijital t\u00fcp<\/td>\n<\/tr>\n<tr>\n<td>\u00dccret ortam\u0131 s\u0131cakl\u0131\u011f\u0131<\/td>\n<td>0<\/td>\n<td>25<\/td>\n<td>40<\/td>\n<td>\u00b0C<\/td>\n<td rowspan=\"3\">Yo\u011fu\u015fma yok<\/td>\n<\/tr>\n<tr>\n<td>\u00dccret ortam\u0131 nemi<\/td>\n<td>10<\/td>\n<td>60<\/td>\n<td>85<\/td>\n<td>%<\/td>\n<\/tr>\n<tr>\n<td>Depolama s\u0131cakl\u0131\u011f\u0131<\/td>\n<td>-20<\/td>\n<td>25<\/td>\n<td>85<\/td>\n<td>\u00b0C<\/td>\n<\/tr>\n<\/tbody>\n<\/table>\n\t<div id=\"gap-2125504055\" class=\"gap-element clearfix\" style=\"display:block; height:auto;\">\n\t\t\n<style>\n#gap-2125504055 {\n  padding-top: 30px;\n}\n<\/style>\n\t<\/div>\n\t\n<p><strong><b>Boyutlar:<\/b><\/strong>\u00a0Uzunluk 94,5 mm \u00d7 Geni\u015flik 53,6 mm \u00d7 Y\u00fckseklik 190 mm<\/p>\n\t<div class=\"img has-hover x md-x lg-x y md-y lg-y\" id=\"image_1245419442\">\n\t\t\t\t\t\t\t\t<div class=\"img-inner dark\" >\n\t\t\t<img loading=\"lazy\" decoding=\"async\" width=\"770\" height=\"829\" src=\"https:\/\/swoer.com\/wp-content\/uploads\/2024\/07\/Product-Dimensions.webp\" class=\"attachment-original size-original\" alt=\"\u00dcr\u00fcn Boyutlar\u0131\" srcset=\"https:\/\/swoer.com\/wp-content\/uploads\/2024\/07\/Product-Dimensions.webp 770w, https:\/\/swoer.com\/wp-content\/uploads\/2024\/07\/Product-Dimensions-279x300.webp 279w, https:\/\/swoer.com\/wp-content\/uploads\/2024\/07\/Product-Dimensions-768x827.webp 768w, https:\/\/swoer.com\/wp-content\/uploads\/2024\/07\/Product-Dimensions-11x12.webp 11w, https:\/\/swoer.com\/wp-content\/uploads\/2024\/07\/Product-Dimensions-600x646.webp 600w\" sizes=\"(max-width: 770px) 100vw, 770px\" \/>\t\t\t\t\t\t\n\t\t\t\t\t<\/div>\n\t\t\t\t\t\t\t\t\n<style>\n#image_1245419442 {\n  width: 58%;\n}\n<\/style>\n\t<\/div>","protected":false},"excerpt":{"rendered":"<p>SDVC311-M titre\u015fimli hazne denetleyicisi, \u00e7e\u015fitli otomasyon uygulamalar\u0131nda hassas ve verimli malzeme beslemesi i\u00e7in tasarlanm\u0131\u015ft\u0131r. Geni\u015f frekans aral\u0131\u011f\u0131 (5,0Hz - 400,0Hz), y\u00fcksek do\u011frulu\u011fu (0,1Hz) ve ak\u0131ll\u0131 sens\u00f6r deste\u011fiyle SDVC311-M, optimum malzeme ta\u015f\u0131ma olana\u011f\u0131 sa\u011flar.<\/p>","protected":false},"featured_media":2489,"comment_status":"open","ping_status":"closed","template":"","meta":[],"product_cat":[45],"product_tag":[],"yoast_head":"<!-- This site is optimized with the Yoast SEO plugin v22.2 - https:\/\/yoast.com\/wordpress\/plugins\/seo\/ -->\n<title>Vibratory Hopper Controller SDVC311-M - SWOER<\/title>\n<meta name=\"description\" content=\"SDVC311-M vibratory hopper controller features introduction.\" \/>\n<meta name=\"robots\" content=\"index, follow, max-snippet:-1, max-image-preview:large, max-video-preview:-1\" \/>\n<link rel=\"canonical\" href=\"https:\/\/swoer.com\/tr\/manufacturer\/vibratory-hopper-controller-sdvc311-m\/\" \/>\n<meta property=\"og:locale\" content=\"tr_TR\" \/>\n<meta property=\"og:type\" content=\"article\" \/>\n<meta property=\"og:title\" content=\"Vibratory Hopper Controller SDVC311-M - SWOER\" \/>\n<meta property=\"og:description\" content=\"SDVC311-M vibratory hopper controller features introduction.\" \/>\n<meta property=\"og:url\" content=\"https:\/\/swoer.com\/tr\/manufacturer\/vibratory-hopper-controller-sdvc311-m\/\" \/>\n<meta property=\"og:site_name\" content=\"SWOER\" \/>\n<meta property=\"article:modified_time\" content=\"2024-08-16T04:01:29+00:00\" \/>\n<meta property=\"og:image\" content=\"https:\/\/swoer.com\/wp-content\/uploads\/2024\/07\/Vibratory-Hopper-Controller-SDVC311-M-1.webp\" \/>\n\t<meta property=\"og:image:width\" content=\"1000\" \/>\n\t<meta property=\"og:image:height\" content=\"1000\" \/>\n\t<meta property=\"og:image:type\" content=\"image\/webp\" \/>\n<meta name=\"twitter:card\" content=\"summary_large_image\" \/>\n<meta name=\"twitter:label1\" content=\"Tahmini okuma s\u00fcresi\" \/>\n\t<meta name=\"twitter:data1\" content=\"3 dakika\" \/>\n<script type=\"application\/ld+json\" class=\"yoast-schema-graph\">{\"@context\":\"https:\/\/schema.org\",\"@graph\":[{\"@type\":\"WebPage\",\"@id\":\"https:\/\/swoer.com\/manufacturer\/vibratory-hopper-controller-sdvc311-m\/\",\"url\":\"https:\/\/swoer.com\/manufacturer\/vibratory-hopper-controller-sdvc311-m\/\",\"name\":\"Vibratory Hopper Controller SDVC311-M - SWOER\",\"isPartOf\":{\"@id\":\"https:\/\/swoer.com\/#website\"},\"primaryImageOfPage\":{\"@id\":\"https:\/\/swoer.com\/manufacturer\/vibratory-hopper-controller-sdvc311-m\/#primaryimage\"},\"image\":{\"@id\":\"https:\/\/swoer.com\/manufacturer\/vibratory-hopper-controller-sdvc311-m\/#primaryimage\"},\"thumbnailUrl\":\"https:\/\/swoer.com\/wp-content\/uploads\/2024\/07\/Vibratory-Hopper-Controller-SDVC311-M-1.webp\",\"datePublished\":\"2024-07-11T02:33:28+00:00\",\"dateModified\":\"2024-08-16T04:01:29+00:00\",\"description\":\"SDVC311-M vibratory hopper controller features introduction.\",\"breadcrumb\":{\"@id\":\"https:\/\/swoer.com\/manufacturer\/vibratory-hopper-controller-sdvc311-m\/#breadcrumb\"},\"inLanguage\":\"tr\",\"potentialAction\":[{\"@type\":\"ReadAction\",\"target\":[\"https:\/\/swoer.com\/manufacturer\/vibratory-hopper-controller-sdvc311-m\/\"]}]},{\"@type\":\"ImageObject\",\"inLanguage\":\"tr\",\"@id\":\"https:\/\/swoer.com\/manufacturer\/vibratory-hopper-controller-sdvc311-m\/#primaryimage\",\"url\":\"https:\/\/swoer.com\/wp-content\/uploads\/2024\/07\/Vibratory-Hopper-Controller-SDVC311-M-1.webp\",\"contentUrl\":\"https:\/\/swoer.com\/wp-content\/uploads\/2024\/07\/Vibratory-Hopper-Controller-SDVC311-M-1.webp\",\"width\":1000,\"height\":1000,\"caption\":\"Vibratory Hopper Controller SDVC311-M\"},{\"@type\":\"BreadcrumbList\",\"@id\":\"https:\/\/swoer.com\/manufacturer\/vibratory-hopper-controller-sdvc311-m\/#breadcrumb\",\"itemListElement\":[{\"@type\":\"ListItem\",\"position\":1,\"name\":\"Home\",\"item\":\"https:\/\/swoer.com\/\"},{\"@type\":\"ListItem\",\"position\":2,\"name\":\"Shop\",\"item\":\"https:\/\/swoer.com\/shop\/\"},{\"@type\":\"ListItem\",\"position\":3,\"name\":\"Vibratory Hopper Controller SDVC311-M\"}]},{\"@type\":\"WebSite\",\"@id\":\"https:\/\/swoer.com\/#website\",\"url\":\"https:\/\/swoer.com\/\",\"name\":\"SWOER\",\"description\":\"Swoer is the top 3 vibratory bowl feeder manufacturer in China\",\"potentialAction\":[{\"@type\":\"SearchAction\",\"target\":{\"@type\":\"EntryPoint\",\"urlTemplate\":\"https:\/\/swoer.com\/?s={search_term_string}\"},\"query-input\":\"required name=search_term_string\"}],\"inLanguage\":\"tr\"}]}<\/script>\n<!-- \/ Yoast SEO plugin. -->","yoast_head_json":{"title":"Vibratory Hopper Controller SDVC311-M - SWOER","description":"SDVC311-M vibratory hopper controller features introduction.","robots":{"index":"index","follow":"follow","max-snippet":"max-snippet:-1","max-image-preview":"max-image-preview:large","max-video-preview":"max-video-preview:-1"},"canonical":"https:\/\/swoer.com\/tr\/manufacturer\/vibratory-hopper-controller-sdvc311-m\/","og_locale":"tr_TR","og_type":"article","og_title":"Vibratory Hopper Controller SDVC311-M - SWOER","og_description":"SDVC311-M vibratory hopper controller features introduction.","og_url":"https:\/\/swoer.com\/tr\/manufacturer\/vibratory-hopper-controller-sdvc311-m\/","og_site_name":"SWOER","article_modified_time":"2024-08-16T04:01:29+00:00","og_image":[{"width":1000,"height":1000,"url":"https:\/\/swoer.com\/wp-content\/uploads\/2024\/07\/Vibratory-Hopper-Controller-SDVC311-M-1.webp","type":"image\/webp"}],"twitter_card":"summary_large_image","twitter_misc":{"Tahmini okuma s\u00fcresi":"3 dakika"},"schema":{"@context":"https:\/\/schema.org","@graph":[{"@type":"WebPage","@id":"https:\/\/swoer.com\/manufacturer\/vibratory-hopper-controller-sdvc311-m\/","url":"https:\/\/swoer.com\/manufacturer\/vibratory-hopper-controller-sdvc311-m\/","name":"Vibratory Hopper Controller SDVC311-M - SWOER","isPartOf":{"@id":"https:\/\/swoer.com\/#website"},"primaryImageOfPage":{"@id":"https:\/\/swoer.com\/manufacturer\/vibratory-hopper-controller-sdvc311-m\/#primaryimage"},"image":{"@id":"https:\/\/swoer.com\/manufacturer\/vibratory-hopper-controller-sdvc311-m\/#primaryimage"},"thumbnailUrl":"https:\/\/swoer.com\/wp-content\/uploads\/2024\/07\/Vibratory-Hopper-Controller-SDVC311-M-1.webp","datePublished":"2024-07-11T02:33:28+00:00","dateModified":"2024-08-16T04:01:29+00:00","description":"SDVC311-M vibratory hopper controller features introduction.","breadcrumb":{"@id":"https:\/\/swoer.com\/manufacturer\/vibratory-hopper-controller-sdvc311-m\/#breadcrumb"},"inLanguage":"tr","potentialAction":[{"@type":"ReadAction","target":["https:\/\/swoer.com\/manufacturer\/vibratory-hopper-controller-sdvc311-m\/"]}]},{"@type":"ImageObject","inLanguage":"tr","@id":"https:\/\/swoer.com\/manufacturer\/vibratory-hopper-controller-sdvc311-m\/#primaryimage","url":"https:\/\/swoer.com\/wp-content\/uploads\/2024\/07\/Vibratory-Hopper-Controller-SDVC311-M-1.webp","contentUrl":"https:\/\/swoer.com\/wp-content\/uploads\/2024\/07\/Vibratory-Hopper-Controller-SDVC311-M-1.webp","width":1000,"height":1000,"caption":"Vibratory Hopper Controller SDVC311-M"},{"@type":"BreadcrumbList","@id":"https:\/\/swoer.com\/manufacturer\/vibratory-hopper-controller-sdvc311-m\/#breadcrumb","itemListElement":[{"@type":"ListItem","position":1,"name":"Home","item":"https:\/\/swoer.com\/"},{"@type":"ListItem","position":2,"name":"Shop","item":"https:\/\/swoer.com\/shop\/"},{"@type":"ListItem","position":3,"name":"Vibratory Hopper Controller SDVC311-M"}]},{"@type":"WebSite","@id":"https:\/\/swoer.com\/#website","url":"https:\/\/swoer.com\/","name":"SWOER","description":"Swoer is the top 3 vibratory bowl feeder manufacturer in China","potentialAction":[{"@type":"SearchAction","target":{"@type":"EntryPoint","urlTemplate":"https:\/\/swoer.com\/?s={search_term_string}"},"query-input":"required name=search_term_string"}],"inLanguage":"tr"}]}},"_links":{"self":[{"href":"https:\/\/swoer.com\/tr\/wp-json\/wp\/v2\/product\/2332"}],"collection":[{"href":"https:\/\/swoer.com\/tr\/wp-json\/wp\/v2\/product"}],"about":[{"href":"https:\/\/swoer.com\/tr\/wp-json\/wp\/v2\/types\/product"}],"replies":[{"embeddable":true,"href":"https:\/\/swoer.com\/tr\/wp-json\/wp\/v2\/comments?post=2332"}],"wp:featuredmedia":[{"embeddable":true,"href":"https:\/\/swoer.com\/tr\/wp-json\/wp\/v2\/media\/2489"}],"wp:attachment":[{"href":"https:\/\/swoer.com\/tr\/wp-json\/wp\/v2\/media?parent=2332"}],"wp:term":[{"taxonomy":"product_cat","embeddable":true,"href":"https:\/\/swoer.com\/tr\/wp-json\/wp\/v2\/product_cat?post=2332"},{"taxonomy":"product_tag","embeddable":true,"href":"https:\/\/swoer.com\/tr\/wp-json\/wp\/v2\/product_tag?post=2332"}],"curies":[{"name":"wp","href":"https:\/\/api.w.org\/{rel}","templated":true}]}}