{"id":2326,"date":"2024-07-10T02:07:49","date_gmt":"2024-07-10T02:07:49","guid":{"rendered":"https:\/\/swoer.com\/?post_type=product&#038;p=2326"},"modified":"2024-08-16T14:01:56","modified_gmt":"2024-08-16T06:01:56","slug":"vibratory-bowl-feeder-speed-controller-dvc34-xlr","status":"publish","type":"product","link":"https:\/\/swoer.com\/tr\/manufacturer\/vibratory-bowl-feeder-speed-controller-dvc34-xlr\/","title":{"rendered":"Titre\u015fimli Hazne Besleyici H\u0131z Kontrol Cihaz\u0131 DVC34-XLR"},"content":{"rendered":"<h2><strong><b>DVC34-XLR \u00d6zellikleri<\/b><\/strong><\/h2>\n<ul>\n<li>Otomatik h\u0131z stabilizasyonu<\/li>\n<li>Otomatik frekans ayar\u0131<\/li>\n<li>Otomatik frekans arama<\/li>\n<li>Senkron \u00e7\u0131k\u0131\u015f<\/li>\n<li>H\u0131z \u00f6n ayar\u0131<\/li>\n<li>Y\u00fcksek hassasiyetli otomatik voltaj stabilizasyonu<\/li>\n<li>Dijital a\u015f\u0131r\u0131 \u0131s\u0131nma korumas\u0131<\/li>\n<li>Sens\u00f6r\u00fcn kendi kendine adaptasyonu<\/li>\n<li>Uzaktan h\u0131z kontrol\u00fc<\/li>\n<li>DC kontrol \u00e7\u0131k\u0131\u015f\u0131<\/li>\n<li>Klavye kilidi<\/li>\n<li>Maksimum \u00e7\u0131k\u0131\u015f voltaj\u0131 ayar\u0131<\/li>\n<li>\u00c7ift anahtarl\u0131 sens\u00f6r malzemesi dolu\/bo\u015f kapatma<\/li>\n<li>Sayma fonksiyonu<\/li>\n<li>485 ileti\u015fim<\/li>\n<\/ul>\n\t<div id=\"gap-1556430844\" class=\"gap-element clearfix\" style=\"display:block; height:auto;\">\n\t\t\n<style>\n#gap-1556430844 {\n  padding-top: 30px;\n}\n<\/style>\n\t<\/div>\n\t\n<h2><strong><b>DVC34-XLR<\/b><\/strong><strong><b>\u00a0<\/b><\/strong><strong><b>\u0130\u015flev<\/b><\/strong><\/h2>\n<p>Otomasyonda titre\u015fim beslemesi i\u00e7in tasarlanm\u0131\u015f bu kontrol\u00f6r serisi, geli\u015fmi\u015f elektronik teknolojisini entegre eder. Pratik, kullan\u0131c\u0131 dostu i\u015flevler sunar:<\/p>\n<ol>\n<li><strong>Otomatik frekans mod\u00fclasyonu:<\/strong> Kontrol\u00f6r, besleyicinin optimum \u015fekilde \u00e7al\u0131\u015fmas\u0131n\u0131 sa\u011flayarak frekans\u0131 ger\u00e7ek zamanl\u0131 olarak ayarlar.<\/li>\n<li><strong>Otomatik h\u0131z stabilizasyonu:<\/strong> Kontrol\u00f6r ger\u00e7ek zamanl\u0131 olarak voltaj\u0131 d\u00fczenlerken, besleme h\u0131z\u0131n\u0131n tutarl\u0131 kalmas\u0131n\u0131 sa\u011flar. \u0130\u015f par\u00e7as\u0131 miktar\u0131 artsa da azalsa da, bu \u00f6zellik istikrarl\u0131 performans\u0131 koruyarak genel verimlili\u011fi art\u0131r\u0131r.<\/li>\n<li><strong>Otomatik frekans aramas\u0131:<\/strong> Hatas\u0131z \u00f6zellik, optimum frekans\u0131 ve ilgili parametreleri h\u0131zla belirleyerek kullan\u0131c\u0131 rahatl\u0131\u011f\u0131n\u0131 art\u0131r\u0131r.<\/li>\n<li><strong>Otomatik voltaj stabilizasyonu:<\/strong> H\u0131z sabitleme etkinle\u015ftirilmedi\u011finde, kontrol\u00f6r g\u00fc\u00e7 kayna\u011f\u0131 de\u011fi\u015fikliklerinden kaynaklanan h\u0131z dalgalanmalar\u0131n\u0131 ortadan kald\u0131rarak vuru\u015f frekans\u0131 etkilerini \u00f6nler.<\/li>\n<li><strong>Senkron \u00e7\u0131k\u0131\u015f:<\/strong> Birden fazla kontrolc\u00fc \u00e7\u0131k\u0131\u015flar\u0131n\u0131 frekans ve faz olarak senkronize ederek, vuru\u015f frekans\u0131 ve buna ba\u011fl\u0131 sorunlar\u0131 ortadan kald\u0131r\u0131r.<\/li>\n<li><strong>Dolu\/bo\u015f malzeme kapatma:<\/strong> Sens\u00f6r giri\u015fi, kontrol\u00f6r\u00fcn malzeme seviyelerine g\u00f6re kapatmay\u0131 y\u00f6netmesini, \u00f6zelle\u015ftirilebilir ba\u015flatma zaman\u0131, gecikmeler ve mant\u0131k ayarlar\u0131 sunmas\u0131n\u0131 sa\u011flar.<\/li>\n<li><strong>Sens\u00f6r adaptasyonu:<\/strong> Kontrol\u00f6r, di\u011fer \u00f6zelliklerine ek olarak hem NPN hem de PNP anahtar sens\u00f6rlerine sorunsuz bir \u015fekilde uyum sa\u011flar. Bu otomatik ayarlama, kullan\u0131lan sens\u00f6r t\u00fcr\u00fcnden ba\u011f\u0131ms\u0131z olarak uyumluluk ve g\u00fcvenilirlik sa\u011flar.<\/li>\n<li><strong>Yava\u015f ba\u015flang\u0131\u00e7:<\/strong> Ba\u015flang\u0131\u00e7ta kontrol\u00f6r, voltaj\u0131 kademeli olarak art\u0131rarak ani \u015foklardan kaynaklanabilecek hasar\u0131 \u00f6nler.<\/li>\n<li><strong>H\u0131z \u00f6n ayar\u0131:<\/strong> Kullan\u0131c\u0131lar harici kontrol sinyalleri arac\u0131l\u0131\u011f\u0131yla d\u00f6rt adet \u00f6nceden ayarlanm\u0131\u015f \u00e7\u0131k\u0131\u015f voltaj\u0131ndan birini se\u00e7ebilirler.<\/li>\n<li><strong>H\u0131zlanma fonksiyonu:<\/strong> Bu \u00f6zellik \u00e7\u0131k\u0131\u015f voltaj\u0131n\u0131 giri\u015f voltaj\u0131n\u0131n 150%&#039;sine kadar y\u00fckseltir.<\/li>\n<li><strong>Maksimum \u00e7\u0131k\u0131\u015f voltaj\u0131 ayar\u0131:<\/strong> Kullan\u0131c\u0131lar, a\u015f\u0131r\u0131 voltajdan kaynaklanabilecek kazara hasarlar\u0131 \u00f6nlemek i\u00e7in voltaj s\u0131n\u0131r\u0131 belirleyebilirler.<\/li>\n<li><strong>Dalga formu indeksi:<\/strong> Bu parametre kontrol cihaz\u0131n\u0131n verimlili\u011fini maksimum g\u00fc\u00e7 \u00e7\u0131k\u0131\u015f\u0131yla dengeler.<\/li>\n<li><strong>Uzaktan h\u0131z kontrol\u00fc:<\/strong> Kullan\u0131c\u0131lar, bir potansiyometre, PLC veya g\u00fc\u00e7 sinyali arac\u0131l\u0131\u011f\u0131yla voltaj\u0131 veya h\u0131z\u0131 harici olarak kontrol edebilirler.<\/li>\n<li><strong>24V DC kontrol \u00e7\u0131k\u0131\u015f\u0131:<\/strong> Kontrol sinyali bir transist\u00f6r \u00fczerinden \u00e7\u0131k\u0131\u015f vererek solenoid valfler gibi cihazlar\u0131n do\u011frudan kontrol edilmesini sa\u011flar.<\/li>\n<li><strong>\u00c7\u0131k\u0131\u015f anahtar\u0131:<\/strong> Paneldeki dokunmatik buton, makinenin an\u0131nda ba\u015flat\u0131l\u0131p durdurulmas\u0131n\u0131 sa\u011flayarak ekipman hata ay\u0131klamas\u0131n\u0131 basitle\u015ftirir.<\/li>\n<li><strong>Klavye kilidi:<\/strong> A\u00e7ma\/kapama d\u00fc\u011fmesine bas\u0131l\u0131 tuttu\u011funuzda t\u00fcm fonksiyonlar kilitlenir ve kazara i\u015flemlerin \u00f6n\u00fcne ge\u00e7ilir.<\/li>\n<li><strong>Parametre \u015fifresi:<\/strong> Kullan\u0131c\u0131lar, parametreleri kilitlemek i\u00e7in bir parola belirleyebilir ve bu sayede yetkisiz de\u011fi\u015fikliklere kar\u015f\u0131 koruma sa\u011flayabilirler.<\/li>\n<li><strong>Fabrika ayarlar\u0131n\u0131 geri y\u00fckleyin:<\/strong> Bu fonksiyon, parametreleri h\u0131zla fabrika ayarlar\u0131na d\u00f6nd\u00fcrerek kontrol cihaz\u0131n\u0131 s\u0131f\u0131rlar.<\/li>\n<li><strong>485 ileti\u015fim:<\/strong> Kullan\u0131c\u0131lar 485 haberle\u015fmesi sayesinde kontrol cihaz\u0131n\u0131n ayarlar\u0131n\u0131 uzaktan yapabilirler.<\/li>\n<\/ol>\n\t<div id=\"gap-1673435990\" class=\"gap-element clearfix\" style=\"display:block; height:auto;\">\n\t\t\n<style>\n#gap-1673435990 {\n  padding-top: 30px;\n}\n<\/style>\n\t<\/div>\n\t\n<h2>Teknik \u00f6zellik<\/h2>\n<table width=\"767\">\n<tbody>\n<tr>\n<td rowspan=\"2\" width=\"225\">\u00d6\u011fe<\/td>\n<td colspan=\"3\" width=\"216\">Menzil<\/td>\n<td rowspan=\"2\" width=\"72\">Birim<\/td>\n<td rowspan=\"2\" width=\"254\">Tan\u0131m<\/td>\n<\/tr>\n<tr>\n<td>Asgari<\/td>\n<td>Tipik<\/td>\n<td>Maksimum<\/td>\n<\/tr>\n<tr>\n<td>Giri\u015f gerilimi<\/td>\n<td>85<\/td>\n<td>220<\/td>\n<td>260<\/td>\n<td>V<\/td>\n<td>AC efektif de\u011feri<\/td>\n<\/tr>\n<tr>\n<td>\u00c7\u0131k\u0131\u015f voltaj\u0131 ayar aral\u0131\u011f\u0131<\/td>\n<td>0<\/td>\n<td><\/td>\n<td>260<\/td>\n<td>V<\/td>\n<td>150% giri\u015f voltaj\u0131ndan az<\/td>\n<\/tr>\n<tr>\n<td>Gerilim ayar do\u011frulu\u011fu<\/td>\n<td colspan=\"3\">1<\/td>\n<td>V<\/td>\n<td><\/td>\n<\/tr>\n<tr>\n<td>Gerilim d\u00fczenleme do\u011frulu\u011fu<\/td>\n<td>0<\/td>\n<td><\/td>\n<td>10<\/td>\n<td><\/td>\n<td>Vout\/Vin<\/td>\n<\/tr>\n<tr>\n<td>Gerilim reg\u00fclasyonu tepki s\u00fcresi<\/td>\n<td>0.0025<\/td>\n<td><\/td>\n<td>0.04<\/td>\n<td>S<\/td>\n<td>\u00c7\u0131k\u0131\u015f voltaj\u0131 d\u00f6ng\u00fcs\u00fcn\u00fcn onda biri<\/td>\n<\/tr>\n<tr>\n<td rowspan=\"2\">\u00c7\u0131k\u0131\u015f ak\u0131m\u0131 ayar aral\u0131\u011f\u0131<\/td>\n<td rowspan=\"2\">0<\/td>\n<td rowspan=\"2\"><\/td>\n<td rowspan=\"2\">6<\/td>\n<td rowspan=\"2\">A<\/td>\n<td rowspan=\"2\" width=\"254\">SDVC34-XLR<br \/>\nSDVC34-XLRJ<\/td>\n<\/tr>\n<tr>\n<td rowspan=\"2\"><\/td>\n<td rowspan=\"2\"><\/td>\n<td rowspan=\"2\"><\/td>\n<td rowspan=\"2\"><\/td>\n<td rowspan=\"2\"><\/td>\n<td rowspan=\"2\" width=\"254\"><\/td>\n<\/tr>\n<tr>\n<td>\u00c7\u0131k\u0131\u015f frekans\u0131<\/td>\n<td>25<\/td>\n<td><\/td>\n<td>400<\/td>\n<td>Hz.<\/td>\n<td><\/td>\n<\/tr>\n<tr>\n<td>Frekans ayar do\u011frulu\u011fu<\/td>\n<td colspan=\"3\">0.1<\/td>\n<td>Hz.<\/td>\n<td><\/td>\n<\/tr>\n<tr>\n<td>\u00c7\u0131k\u0131\u015f dalga formu<\/td>\n<td colspan=\"3\">sin\u00fcs<\/td>\n<td><\/td>\n<td><\/td>\n<\/tr>\n<tr>\n<td>Yava\u015f ba\u015flang\u0131\u00e7 zaman\u0131<\/td>\n<td>0<\/td>\n<td><\/td>\n<td>10<\/td>\n<td>S<\/td>\n<td>Fabrika varsay\u0131lan\u0131 0,5<\/td>\n<\/tr>\n<tr>\n<td>Gecikme s\u00fcresi aral\u0131\u011f\u0131<\/td>\n<td>0<\/td>\n<td><\/td>\n<td>20<\/td>\n<td>S<\/td>\n<td>Fabrika varsay\u0131lan\u0131 0,2<\/td>\n<\/tr>\n<tr>\n<td>Gecikme s\u00fcresi do\u011frulu\u011fu<\/td>\n<td colspan=\"3\">0.1<\/td>\n<td>S<\/td>\n<td><\/td>\n<\/tr>\n<tr>\n<td>A\u015f\u0131r\u0131 \u0131s\u0131nma koruma s\u0131cakl\u0131\u011f\u0131<\/td>\n<td>60<\/td>\n<td>65<\/td>\n<td>65<\/td>\n<td>\u00b0C<\/td>\n<td><\/td>\n<\/tr>\n<tr>\n<td>DC kontrol \u00e7\u0131k\u0131\u015f voltaj\u0131<\/td>\n<td>22<\/td>\n<td>24<\/td>\n<td>26<\/td>\n<td>V<\/td>\n<td><\/td>\n<\/tr>\n<tr>\n<td>DC kontrol \u00e7\u0131k\u0131\u015f ak\u0131m\u0131<\/td>\n<td>0<\/td>\n<td><\/td>\n<td>200<\/td>\n<td>mA<\/td>\n<td><\/td>\n<\/tr>\n<tr>\n<td>Analog kontrol modeli<\/td>\n<td colspan=\"3\">1- 5<\/td>\n<td>V<\/td>\n<td>Uzaktan h\u0131z kontrol voltaj\u0131<\/td>\n<\/tr>\n<tr>\n<td>Dijital kontrol sinyali<\/td>\n<td colspan=\"3\">24<\/td>\n<td>V<\/td>\n<td>Sinyal kontrol\u00fcn\u00fc de\u011fi\u015ftir<\/td>\n<\/tr>\n<tr>\n<td>Ayarlama y\u00f6ntemi<\/td>\n<td colspan=\"3\">6<\/td>\n<td>anahtar<\/td>\n<td><\/td>\n<\/tr>\n<tr>\n<td>Y\u00fcks\u00fcz g\u00fc\u00e7 t\u00fcketimi<\/td>\n<td><\/td>\n<td>7<\/td>\n<td><\/td>\n<td>K<\/td>\n<td><\/td>\n<\/tr>\n<tr>\n<td>Ekran modu<\/td>\n<td colspan=\"3\">5<\/td>\n<td>hane<\/td>\n<td>LED dijital t\u00fcp<\/td>\n<\/tr>\n<tr>\n<td>\u00dccret ortam\u0131 s\u0131cakl\u0131\u011f\u0131<\/td>\n<td>0<\/td>\n<td>25<\/td>\n<td>40<\/td>\n<td>\u00b0C<\/td>\n<td rowspan=\"2\">Yo\u011fu\u015fma yok<\/td>\n<\/tr>\n<tr>\n<td>\u00dccret ortam\u0131 nemi<\/td>\n<td>10<\/td>\n<td>60<\/td>\n<td>85<\/td>\n<td>%<\/td>\n<\/tr>\n<\/tbody>\n<\/table>\n\t<div id=\"gap-1842329340\" class=\"gap-element clearfix\" style=\"display:block; height:auto;\">\n\t\t\n<style>\n#gap-1842329340 {\n  padding-top: 30px;\n}\n<\/style>\n\t<\/div>\n\t\n\t<div class=\"img has-hover x md-x lg-x y md-y lg-y\" id=\"image_886777863\">\n\t\t\t\t\t\t\t\t<div class=\"img-inner dark\" >\n\t\t\t<img loading=\"lazy\" decoding=\"async\" width=\"814\" height=\"575\" src=\"https:\/\/swoer.com\/wp-content\/uploads\/2024\/07\/DVC34-XLRDimensions.webp\" class=\"attachment-original size-original\" alt=\"DVC34-XLRDebatlar\" srcset=\"https:\/\/swoer.com\/wp-content\/uploads\/2024\/07\/DVC34-XLRDimensions.webp 814w, https:\/\/swoer.com\/wp-content\/uploads\/2024\/07\/DVC34-XLRDimensions-300x212.webp 300w, https:\/\/swoer.com\/wp-content\/uploads\/2024\/07\/DVC34-XLRDimensions-768x543.webp 768w, https:\/\/swoer.com\/wp-content\/uploads\/2024\/07\/DVC34-XLRDimensions-18x12.webp 18w, https:\/\/swoer.com\/wp-content\/uploads\/2024\/07\/DVC34-XLRDimensions-600x424.webp 600w\" sizes=\"(max-width: 814px) 100vw, 814px\" \/>\t\t\t\t\t\t\n\t\t\t\t\t<\/div>\n\t\t\t\t\t\t\t\t\n<style>\n#image_886777863 {\n  width: 60%;\n}\n<\/style>\n\t<\/div>","protected":false},"excerpt":{"rendered":"<p>DVC34-XLR Titre\u015fimli Hazne Besleyici H\u0131z Kontrol Cihaz\u0131, \u00e7ok \u00e7e\u015fitli titre\u015fimli \u00e7anak besleyicilerle kullan\u0131labilen g\u00fc\u00e7l\u00fc ve \u00e7ok y\u00f6nl\u00fc bir kontrol cihaz\u0131d\u0131r. Kullan\u0131m\u0131 kolayla\u015ft\u0131ran ve besleyicinizin hassas kontrol\u00fcn\u00fc sa\u011flayan \u00f6zelliklerle doludur.<\/p>","protected":false},"featured_media":2493,"comment_status":"open","ping_status":"closed","template":"","meta":[],"product_cat":[45],"product_tag":[],"yoast_head":"<!-- This site is optimized with the Yoast SEO plugin v22.2 - https:\/\/yoast.com\/wordpress\/plugins\/seo\/ -->\n<title>Vibratory Bowl Feeder Speed Controller DVC34-XLR - SWOER<\/title>\n<meta name=\"description\" content=\"The DVC34-XLR Speed Controller offers precise control with features like automatic speed stabilization, frequency adjustment, sensor self-adaptation, remote control, and 485 communication for reliable performance.\" \/>\n<meta name=\"robots\" content=\"index, follow, max-snippet:-1, max-image-preview:large, max-video-preview:-1\" \/>\n<link rel=\"canonical\" href=\"https:\/\/swoer.com\/tr\/manufacturer\/vibratory-bowl-feeder-speed-controller-dvc34-xlr\/\" \/>\n<meta property=\"og:locale\" content=\"tr_TR\" \/>\n<meta property=\"og:type\" content=\"article\" \/>\n<meta property=\"og:title\" content=\"Vibratory Bowl Feeder Speed Controller DVC34-XLR - SWOER\" \/>\n<meta property=\"og:description\" content=\"The DVC34-XLR Speed Controller offers precise control with features like automatic speed stabilization, frequency adjustment, sensor self-adaptation, remote control, and 485 communication for reliable performance.\" \/>\n<meta property=\"og:url\" content=\"https:\/\/swoer.com\/tr\/manufacturer\/vibratory-bowl-feeder-speed-controller-dvc34-xlr\/\" \/>\n<meta property=\"og:site_name\" content=\"SWOER\" \/>\n<meta property=\"article:modified_time\" content=\"2024-08-16T06:01:56+00:00\" \/>\n<meta property=\"og:image\" content=\"https:\/\/swoer.com\/wp-content\/uploads\/2024\/07\/Vibratory-Feeder-Controller-SDVC34-XLR.webp\" \/>\n\t<meta property=\"og:image:width\" content=\"1000\" \/>\n\t<meta property=\"og:image:height\" content=\"1000\" \/>\n\t<meta property=\"og:image:type\" content=\"image\/webp\" \/>\n<meta name=\"twitter:card\" content=\"summary_large_image\" \/>\n<meta name=\"twitter:label1\" content=\"Tahmini okuma s\u00fcresi\" \/>\n\t<meta name=\"twitter:data1\" content=\"3 dakika\" \/>\n<script type=\"application\/ld+json\" class=\"yoast-schema-graph\">{\"@context\":\"https:\/\/schema.org\",\"@graph\":[{\"@type\":\"WebPage\",\"@id\":\"https:\/\/swoer.com\/manufacturer\/vibratory-bowl-feeder-speed-controller-dvc34-xlr\/\",\"url\":\"https:\/\/swoer.com\/manufacturer\/vibratory-bowl-feeder-speed-controller-dvc34-xlr\/\",\"name\":\"Vibratory Bowl Feeder Speed Controller DVC34-XLR - SWOER\",\"isPartOf\":{\"@id\":\"https:\/\/swoer.com\/#website\"},\"primaryImageOfPage\":{\"@id\":\"https:\/\/swoer.com\/manufacturer\/vibratory-bowl-feeder-speed-controller-dvc34-xlr\/#primaryimage\"},\"image\":{\"@id\":\"https:\/\/swoer.com\/manufacturer\/vibratory-bowl-feeder-speed-controller-dvc34-xlr\/#primaryimage\"},\"thumbnailUrl\":\"https:\/\/swoer.com\/wp-content\/uploads\/2024\/07\/Vibratory-Feeder-Controller-SDVC34-XLR.webp\",\"datePublished\":\"2024-07-10T02:07:49+00:00\",\"dateModified\":\"2024-08-16T06:01:56+00:00\",\"description\":\"The DVC34-XLR Speed Controller offers precise control with features like automatic speed stabilization, frequency adjustment, sensor self-adaptation, remote control, and 485 communication for reliable performance.\",\"breadcrumb\":{\"@id\":\"https:\/\/swoer.com\/manufacturer\/vibratory-bowl-feeder-speed-controller-dvc34-xlr\/#breadcrumb\"},\"inLanguage\":\"tr\",\"potentialAction\":[{\"@type\":\"ReadAction\",\"target\":[\"https:\/\/swoer.com\/manufacturer\/vibratory-bowl-feeder-speed-controller-dvc34-xlr\/\"]}]},{\"@type\":\"ImageObject\",\"inLanguage\":\"tr\",\"@id\":\"https:\/\/swoer.com\/manufacturer\/vibratory-bowl-feeder-speed-controller-dvc34-xlr\/#primaryimage\",\"url\":\"https:\/\/swoer.com\/wp-content\/uploads\/2024\/07\/Vibratory-Feeder-Controller-SDVC34-XLR.webp\",\"contentUrl\":\"https:\/\/swoer.com\/wp-content\/uploads\/2024\/07\/Vibratory-Feeder-Controller-SDVC34-XLR.webp\",\"width\":1000,\"height\":1000,\"caption\":\"Vibratory Feeder Controller SDVC34-XLR\"},{\"@type\":\"BreadcrumbList\",\"@id\":\"https:\/\/swoer.com\/manufacturer\/vibratory-bowl-feeder-speed-controller-dvc34-xlr\/#breadcrumb\",\"itemListElement\":[{\"@type\":\"ListItem\",\"position\":1,\"name\":\"Home\",\"item\":\"https:\/\/swoer.com\/\"},{\"@type\":\"ListItem\",\"position\":2,\"name\":\"Shop\",\"item\":\"https:\/\/swoer.com\/shop\/\"},{\"@type\":\"ListItem\",\"position\":3,\"name\":\"Vibratory Bowl Feeder Speed Controller DVC34-XLR\"}]},{\"@type\":\"WebSite\",\"@id\":\"https:\/\/swoer.com\/#website\",\"url\":\"https:\/\/swoer.com\/\",\"name\":\"SWOER\",\"description\":\"Swoer is the top 3 vibratory bowl feeder manufacturer in China\",\"potentialAction\":[{\"@type\":\"SearchAction\",\"target\":{\"@type\":\"EntryPoint\",\"urlTemplate\":\"https:\/\/swoer.com\/?s={search_term_string}\"},\"query-input\":\"required name=search_term_string\"}],\"inLanguage\":\"tr\"}]}<\/script>\n<!-- \/ Yoast SEO plugin. -->","yoast_head_json":{"title":"Vibratory Bowl Feeder Speed Controller DVC34-XLR - SWOER","description":"The DVC34-XLR Speed Controller offers precise control with features like automatic speed stabilization, frequency adjustment, sensor self-adaptation, remote control, and 485 communication for reliable performance.","robots":{"index":"index","follow":"follow","max-snippet":"max-snippet:-1","max-image-preview":"max-image-preview:large","max-video-preview":"max-video-preview:-1"},"canonical":"https:\/\/swoer.com\/tr\/manufacturer\/vibratory-bowl-feeder-speed-controller-dvc34-xlr\/","og_locale":"tr_TR","og_type":"article","og_title":"Vibratory Bowl Feeder Speed Controller DVC34-XLR - SWOER","og_description":"The DVC34-XLR Speed Controller offers precise control with features like automatic speed stabilization, frequency adjustment, sensor self-adaptation, remote control, and 485 communication for reliable performance.","og_url":"https:\/\/swoer.com\/tr\/manufacturer\/vibratory-bowl-feeder-speed-controller-dvc34-xlr\/","og_site_name":"SWOER","article_modified_time":"2024-08-16T06:01:56+00:00","og_image":[{"width":1000,"height":1000,"url":"https:\/\/swoer.com\/wp-content\/uploads\/2024\/07\/Vibratory-Feeder-Controller-SDVC34-XLR.webp","type":"image\/webp"}],"twitter_card":"summary_large_image","twitter_misc":{"Tahmini okuma s\u00fcresi":"3 dakika"},"schema":{"@context":"https:\/\/schema.org","@graph":[{"@type":"WebPage","@id":"https:\/\/swoer.com\/manufacturer\/vibratory-bowl-feeder-speed-controller-dvc34-xlr\/","url":"https:\/\/swoer.com\/manufacturer\/vibratory-bowl-feeder-speed-controller-dvc34-xlr\/","name":"Vibratory Bowl Feeder Speed Controller DVC34-XLR - SWOER","isPartOf":{"@id":"https:\/\/swoer.com\/#website"},"primaryImageOfPage":{"@id":"https:\/\/swoer.com\/manufacturer\/vibratory-bowl-feeder-speed-controller-dvc34-xlr\/#primaryimage"},"image":{"@id":"https:\/\/swoer.com\/manufacturer\/vibratory-bowl-feeder-speed-controller-dvc34-xlr\/#primaryimage"},"thumbnailUrl":"https:\/\/swoer.com\/wp-content\/uploads\/2024\/07\/Vibratory-Feeder-Controller-SDVC34-XLR.webp","datePublished":"2024-07-10T02:07:49+00:00","dateModified":"2024-08-16T06:01:56+00:00","description":"The DVC34-XLR Speed Controller offers precise control with features like automatic speed stabilization, frequency adjustment, sensor self-adaptation, remote control, and 485 communication for reliable performance.","breadcrumb":{"@id":"https:\/\/swoer.com\/manufacturer\/vibratory-bowl-feeder-speed-controller-dvc34-xlr\/#breadcrumb"},"inLanguage":"tr","potentialAction":[{"@type":"ReadAction","target":["https:\/\/swoer.com\/manufacturer\/vibratory-bowl-feeder-speed-controller-dvc34-xlr\/"]}]},{"@type":"ImageObject","inLanguage":"tr","@id":"https:\/\/swoer.com\/manufacturer\/vibratory-bowl-feeder-speed-controller-dvc34-xlr\/#primaryimage","url":"https:\/\/swoer.com\/wp-content\/uploads\/2024\/07\/Vibratory-Feeder-Controller-SDVC34-XLR.webp","contentUrl":"https:\/\/swoer.com\/wp-content\/uploads\/2024\/07\/Vibratory-Feeder-Controller-SDVC34-XLR.webp","width":1000,"height":1000,"caption":"Vibratory Feeder Controller SDVC34-XLR"},{"@type":"BreadcrumbList","@id":"https:\/\/swoer.com\/manufacturer\/vibratory-bowl-feeder-speed-controller-dvc34-xlr\/#breadcrumb","itemListElement":[{"@type":"ListItem","position":1,"name":"Home","item":"https:\/\/swoer.com\/"},{"@type":"ListItem","position":2,"name":"Shop","item":"https:\/\/swoer.com\/shop\/"},{"@type":"ListItem","position":3,"name":"Vibratory Bowl Feeder Speed Controller DVC34-XLR"}]},{"@type":"WebSite","@id":"https:\/\/swoer.com\/#website","url":"https:\/\/swoer.com\/","name":"SWOER","description":"Swoer is the top 3 vibratory bowl feeder manufacturer in China","potentialAction":[{"@type":"SearchAction","target":{"@type":"EntryPoint","urlTemplate":"https:\/\/swoer.com\/?s={search_term_string}"},"query-input":"required name=search_term_string"}],"inLanguage":"tr"}]}},"_links":{"self":[{"href":"https:\/\/swoer.com\/tr\/wp-json\/wp\/v2\/product\/2326"}],"collection":[{"href":"https:\/\/swoer.com\/tr\/wp-json\/wp\/v2\/product"}],"about":[{"href":"https:\/\/swoer.com\/tr\/wp-json\/wp\/v2\/types\/product"}],"replies":[{"embeddable":true,"href":"https:\/\/swoer.com\/tr\/wp-json\/wp\/v2\/comments?post=2326"}],"wp:featuredmedia":[{"embeddable":true,"href":"https:\/\/swoer.com\/tr\/wp-json\/wp\/v2\/media\/2493"}],"wp:attachment":[{"href":"https:\/\/swoer.com\/tr\/wp-json\/wp\/v2\/media?parent=2326"}],"wp:term":[{"taxonomy":"product_cat","embeddable":true,"href":"https:\/\/swoer.com\/tr\/wp-json\/wp\/v2\/product_cat?post=2326"},{"taxonomy":"product_tag","embeddable":true,"href":"https:\/\/swoer.com\/tr\/wp-json\/wp\/v2\/product_tag?post=2326"}],"curies":[{"name":"wp","href":"https:\/\/api.w.org\/{rel}","templated":true}]}}