{"id":2302,"date":"2024-07-09T02:48:58","date_gmt":"2024-07-09T02:48:58","guid":{"rendered":"https:\/\/swoer.com\/?post_type=product&#038;p=2302"},"modified":"2024-08-16T14:09:17","modified_gmt":"2024-08-16T06:09:17","slug":"vibratory-feeder-controller-sdvc34-ur","status":"publish","type":"product","link":"https:\/\/swoer.com\/tr\/manufacturer\/vibratory-feeder-controller-sdvc34-ur\/","title":{"rendered":"Titre\u015fimli Besleyici Kontrol Cihaz\u0131 SDVC34-UR"},"content":{"rendered":"<h2><strong><b>Avantajlar\u0131<\/b><\/strong><\/h2>\n<ul>\n<li>Otomatik h\u0131z stabilizasyonu<\/li>\n<li>Otomatik frekans ayar\u0131<\/li>\n<li>Otomatik frekans arama<\/li>\n<li>Senkron \u00e7\u0131k\u0131\u015f<\/li>\n<li>H\u0131z \u00f6n ayar\u0131<\/li>\n<li>Ayarlanabilir yava\u015f ba\u015flang\u0131\u00e7<\/li>\n<li>Y\u00fcksek hassasiyetli otomatik voltaj stabilizasyonu<\/li>\n<li>Dijital a\u015f\u0131r\u0131 \u0131s\u0131nma korumas\u0131<\/li>\n<li>Sens\u00f6r\u00fcn kendi kendine adaptasyonu<\/li>\n<li>Uzaktan h\u0131z kontrol\u00fc<\/li>\n<li>DC kontrol \u00e7\u0131k\u0131\u015f\u0131<\/li>\n<li>Maksimum \u00e7\u0131k\u0131\u015f voltaj\u0131 ayar\u0131<\/li>\n<li>\u00c7ift anahtar sens\u00f6r\u00fc dolu\/bo\u015f kapatma<\/li>\n<li>Sayma fonksiyonu<\/li>\n<li>485 ileti\u015fim<\/li>\n<\/ul>\n\t<div id=\"gap-1796162756\" class=\"gap-element clearfix\" style=\"display:block; height:auto;\">\n\t\t\n<style>\n#gap-1796162756 {\n  padding-top: 30px;\n}\n<\/style>\n\t<\/div>\n\t\n<h2><strong>\u00dcr\u00fcn Fonksiyonlar\u0131<\/strong><\/h2>\n<h3 data-sourcepos=\"5:1-5:149\"><\/h3>\n<ol data-sourcepos=\"7:1-7:119\">\n<li data-sourcepos=\"7:1-7:119\">\n<p data-sourcepos=\"7:4-7:165\"><strong>Otomatik Frekans Mod\u00fclasyonu:<\/strong> Denetleyici, \u00e7\u0131k\u0131\u015f frekans\u0131n\u0131 ger\u00e7ek zamanl\u0131 olarak otomatik olarak ayarlayarak besleyicinin optimum frekansta \u00e7al\u0131\u015fmas\u0131n\u0131 sa\u011flar.<\/p>\n<\/li>\n<li data-sourcepos=\"9:1-9:140\">\n<p data-sourcepos=\"9:4-9:140\"><strong>Otomatik H\u0131z Sabitleme:<\/strong> Kontrol\u00f6r ger\u00e7ek zamanl\u0131 olarak voltaj\u0131 otomatik olarak ayarlar. B\u00f6ylece, i\u015f par\u00e7as\u0131 de\u011fi\u015fikliklerinden ba\u011f\u0131ms\u0131z olarak tutarl\u0131 besleme h\u0131z\u0131 sa\u011flar.<\/p>\n<\/li>\n<li data-sourcepos=\"11:1-11:137\">\n<p data-sourcepos=\"11:4-11:137\"><strong>Kusursuz Otomatik Frekans Arama:<\/strong> Bu i\u015flev, optimum \u00e7al\u0131\u015fma frekans\u0131n\u0131 ve di\u011fer ilgili parametreleri h\u0131zl\u0131 bir \u015fekilde belirleyerek kullan\u0131c\u0131n\u0131n \u00e7al\u0131\u015fmas\u0131n\u0131 kolayla\u015ft\u0131r\u0131r.<\/p>\n<\/li>\n<li data-sourcepos=\"13:1-14:0\">\n<p data-sourcepos=\"13:4-13:227\"><strong>Otomatik Gerilim Stabilizasyonu:<\/strong> Otomatik h\u0131z stabilizasyonu etkinle\u015ftirilmese bile kontrol\u00f6r, g\u00fc\u00e7 kayna\u011f\u0131 dalgalanmalar\u0131ndan ve end\u00fcstriyel frekans AC vuru\u015f frekans\u0131 etkilerinden kaynaklanan besleme h\u0131z\u0131 de\u011fi\u015fikliklerini ortadan kald\u0131r\u0131r.<\/p>\n<\/li>\n<li data-sourcepos=\"15:1-16:0\">\n<p data-sourcepos=\"15:4-15:163\"><strong>Senkron \u00c7\u0131k\u0131\u015f:<\/strong> Bu i\u015flev, birden fazla denetleyicinin \u00e7\u0131k\u0131\u015flar\u0131n\u0131 ayn\u0131 frekans ve fazda e\u015fzamanl\u0131 olarak kilitleyerek vuru\u015f frekans\u0131 sorunlar\u0131n\u0131 \u00f6nler.<\/p>\n<\/li>\n<li data-sourcepos=\"17:1-18:0\">\n<p data-sourcepos=\"17:4-17:254\"><strong>Dolu\/Bo\u015f Malzemenin Kapat\u0131lmas\u0131:<\/strong> Kontrol cihaz\u0131, ayarlanabilir yava\u015f ba\u015flatma s\u00fcresi, a\u00e7ma gecikmesi, kapatma gecikmesi, mant\u0131ksal y\u00f6n ayar\u0131 ve di\u011fer kontrol fonksiyonlar\u0131yla dolu\/bo\u015f malzeme kapatma kontrol\u00fc i\u00e7in bir anahtar sens\u00f6r\u00fc sinyal giri\u015f aray\u00fcz\u00fc sa\u011flar.<\/p>\n<\/li>\n<li data-sourcepos=\"19:1-19:77\">\n<p data-sourcepos=\"19:4-19:77\"><strong>Sens\u00f6r Adaptasyonu:<\/strong> Ayr\u0131ca kontrol\u00f6r hem NPN hem de PNP sens\u00f6rlere zahmetsizce uyum sa\u011flayarak kusursuz uyumluluk ve g\u00fcvenilirlik sa\u011flar.<\/p>\n<\/li>\n<li data-sourcepos=\"21:1-22:0\">\n<p data-sourcepos=\"21:4-21:191\"><strong>Yava\u015f ba\u015fla:<\/strong> Ba\u015flatma s\u0131ras\u0131nda kontrol\u00f6r, \u00e7\u0131k\u0131\u015f voltaj\u0131n\u0131\/besleme h\u0131z\u0131n\u0131 kademeli olarak 0&#039;dan \u00f6nceden ayarlanan de\u011fere y\u00fckseltir ve ba\u015flatma \u015fokundan kaynaklanan titre\u015fim ekipman\u0131n\u0131n zarar g\u00f6rmesini ortadan kald\u0131r\u0131r.<\/p>\n<\/li>\n<li data-sourcepos=\"23:1-24:0\">\n<p data-sourcepos=\"23:4-23:111\"><strong>H\u0131z \u00d6n Ayar\u0131:<\/strong> Kullan\u0131c\u0131lar, harici kontrol sinyalleri arac\u0131l\u0131\u011f\u0131yla do\u011frudan 4&#039;e kadar \u00f6nceden ayarlanm\u0131\u015f \u00e7\u0131k\u0131\u015f voltaj\u0131n\u0131 se\u00e7ebilir.<\/p>\n<\/li>\n<li data-sourcepos=\"25:1-26:0\">\n<p data-sourcepos=\"25:5-25:111\"><strong>H\u0131zlanma Fonksiyonu:<\/strong> Bu fonksiyon maksimum \u00e7\u0131k\u0131\u015f voltaj\u0131n\u0131 giri\u015f voltaj\u0131n\u0131n 150% de\u011ferine y\u00fckseltir.<\/p>\n<\/li>\n<li data-sourcepos=\"27:1-28:0\">\n<p data-sourcepos=\"27:5-27:188\"><strong>Maksimum \u00c7\u0131k\u0131\u015f Gerilimi Ayar\u0131:<\/strong> Bu ayar, kullan\u0131c\u0131lar\u0131n ayarlanabilir maksimum voltaj\u0131 tan\u0131mlamas\u0131na olanak tan\u0131r ve voltaj s\u0131n\u0131rlar\u0131n\u0131 a\u015farak titre\u015fim ekipman\u0131n\u0131n kazara hasar g\u00f6rmesini \u00f6nler.<\/p>\n<\/li>\n<li data-sourcepos=\"29:1-30:0\">\n<p data-sourcepos=\"29:5-29:107\"><strong>Dalga Formu \u0130ndeksi:<\/strong> Kullan\u0131c\u0131lar bu parametreyi kontrol cihaz\u0131 verimlili\u011fini ve maksimum g\u00fcc\u00fc dengelemek i\u00e7in ayarlayabilir.<\/p>\n<\/li>\n<li data-sourcepos=\"31:1-32:0\">\n<p data-sourcepos=\"31:5-31:188\"><strong>Uzaktan H\u0131z Kontrol\u00fc:<\/strong> Kontrol\u00f6r, harici bir potansiyometre, PLC, 1~5V voltaj sinyali veya 4~20mA g\u00fc\u00e7 sinyali kullanarak \u00e7\u0131k\u0131\u015f voltaj\u0131n\u0131n veya besleme h\u0131z\u0131n\u0131n do\u011frudan kontrol\u00fcne olanak tan\u0131r.<\/p>\n<\/li>\n<li data-sourcepos=\"33:1-34:0\">\n<p data-sourcepos=\"33:5-33:185\"><strong>24V DC Kontrol \u00c7\u0131k\u0131\u015f\u0131:<\/strong> Kontrol cihaz\u0131, kontrol cihaz\u0131 ile koordineli olarak solenoid valfler gibi harici cihazlar\u0131 do\u011frudan kontrol etmek i\u00e7in bir transist\u00f6r arac\u0131l\u0131\u011f\u0131yla bir kontrol sinyali sa\u011flar.<\/p>\n<\/li>\n<li data-sourcepos=\"35:1-35:12\">\n<p data-sourcepos=\"35:5-35:12\"><strong>\u00c7\u0131k\u0131\u015f Anahtar\u0131:<\/strong> Paneldeki dokunmatik d\u00fc\u011fme, kullan\u0131c\u0131lar\u0131n makineyi an\u0131nda ba\u015flatmas\u0131na\/durdurmas\u0131na olanak tan\u0131yarak ekipman hata ay\u0131klamas\u0131n\u0131 kolayla\u015ft\u0131r\u0131r.<\/p>\n<\/li>\n<li data-sourcepos=\"37:1-38:0\">\n<p data-sourcepos=\"37:5-37:115\"><strong>Klavye Kilidi:<\/strong> Kullan\u0131c\u0131lar t\u00fcm d\u00fc\u011fmeleri kilitlemek i\u00e7in a\u00e7ma\/kapama d\u00fc\u011fmesine uzun s\u00fcre basabilir ve b\u00f6ylece yanl\u0131\u015fl\u0131kla \u00e7al\u0131\u015ft\u0131rman\u0131n \u00f6n\u00fcne ge\u00e7ilebilir.<\/p>\n<\/li>\n<li data-sourcepos=\"39:1-40:0\">\n<p data-sourcepos=\"39:5-39:154\"><strong>Parametre \u015eifresi:<\/strong> Kullan\u0131c\u0131lar, izinsiz de\u011fi\u015fiklikleri \u00f6nlemek amac\u0131yla \u00e7\u0131k\u0131\u015f voltaj\u0131\/besleme h\u0131z\u0131 hari\u00e7 belirli parametreleri kilitlemek i\u00e7in bir \u015fifre ayarlayabilir.<\/p>\n<\/li>\n<li data-sourcepos=\"41:1-42:0\">\n<p data-sourcepos=\"41:5-41:183\"><strong>Fabrika Ayarlar\u0131n\u0131 Geri Y\u00fckle:<\/strong> Bu i\u015flev, kullan\u0131c\u0131lar\u0131n ayarlanan t\u00fcm parametreleri h\u0131zl\u0131 bir \u015fekilde fabrika varsay\u0131lanlar\u0131na geri y\u00fcklemesine ve denetleyiciyi orijinal \u00e7al\u0131\u015fma durumuna geri d\u00f6nd\u00fcrmesine olanak tan\u0131r.<\/p>\n<\/li>\n<li data-sourcepos=\"43:1-43:108\">\n<p data-sourcepos=\"43:5-43:108\"><strong>485 \u0130leti\u015fim:<\/strong> \u00c7e\u015fitli kontrol\u00f6r parametreleri 485 ileti\u015fimi arac\u0131l\u0131\u011f\u0131yla uzaktan ayarlanabilir.<\/p>\n<\/li>\n<\/ol>\n\t<div id=\"gap-1072342946\" class=\"gap-element clearfix\" style=\"display:block; height:auto;\">\n\t\t\n<style>\n#gap-1072342946 {\n  padding-top: 30px;\n}\n<\/style>\n\t<\/div>\n\t\n<h2>Teknik \u00f6zellik<\/h2>\n<table width=\"767\">\n<tbody>\n<tr>\n<td rowspan=\"2\" width=\"225\">\u00d6\u011fe<\/td>\n<td colspan=\"3\" width=\"216\">Menzil<\/td>\n<td rowspan=\"2\" width=\"72\">Birim<\/td>\n<td rowspan=\"2\" width=\"254\">Tan\u0131m<\/td>\n<\/tr>\n<tr>\n<td>Asgari<\/td>\n<td>Tipik<\/td>\n<td>Maksimum<\/td>\n<\/tr>\n<tr>\n<td>Giri\u015f gerilimi<\/td>\n<td>85<\/td>\n<td>220<\/td>\n<td>260<\/td>\n<td>V<\/td>\n<td>AC efektif de\u011feri<\/td>\n<\/tr>\n<tr>\n<td>\u00c7\u0131k\u0131\u015f voltaj\u0131 ayar aral\u0131\u011f\u0131<\/td>\n<td>0<\/td>\n<td><\/td>\n<td>260<\/td>\n<td>V<\/td>\n<td>150% giri\u015f voltaj\u0131ndan az<\/td>\n<\/tr>\n<tr>\n<td>Gerilim ayar do\u011frulu\u011fu<\/td>\n<td colspan=\"3\">1<\/td>\n<td>V<\/td>\n<td><\/td>\n<\/tr>\n<tr>\n<td>Gerilim d\u00fczenleme do\u011frulu\u011fu<\/td>\n<td>0<\/td>\n<td><\/td>\n<td>10<\/td>\n<td><\/td>\n<td>Vout\/Vin<\/td>\n<\/tr>\n<tr>\n<td>Gerilim reg\u00fclasyonu tepki s\u00fcresi<\/td>\n<td>0.0025<\/td>\n<td><\/td>\n<td>0.04<\/td>\n<td>S<\/td>\n<td>\u00c7\u0131k\u0131\u015f voltaj\u0131 d\u00f6ng\u00fcs\u00fcn\u00fcn onda biri<\/td>\n<\/tr>\n<tr>\n<td rowspan=\"2\">\u00c7\u0131k\u0131\u015f ak\u0131m\u0131 ayar aral\u0131\u011f\u0131<\/td>\n<td rowspan=\"2\">0<\/td>\n<td rowspan=\"2\"><\/td>\n<td rowspan=\"2\">10<\/td>\n<td rowspan=\"2\">A<\/td>\n<td rowspan=\"2\"><\/td>\n<\/tr>\n<tr>\n<td rowspan=\"2\"><\/td>\n<td rowspan=\"2\"><\/td>\n<td rowspan=\"2\"><\/td>\n<td rowspan=\"2\"><\/td>\n<td rowspan=\"2\"><\/td>\n<td rowspan=\"2\"><\/td>\n<\/tr>\n<tr>\n<td>\u00c7\u0131k\u0131\u015f frekans\u0131<\/td>\n<td>25<\/td>\n<td><\/td>\n<td>400<\/td>\n<td>Hz.<\/td>\n<td><\/td>\n<\/tr>\n<tr>\n<td>Frekans ayar do\u011frulu\u011fu<\/td>\n<td colspan=\"3\">0.1<\/td>\n<td>Hz.<\/td>\n<td><\/td>\n<\/tr>\n<tr>\n<td>\u00c7\u0131k\u0131\u015f dalga formu<\/td>\n<td colspan=\"3\">sin\u00fcs<\/td>\n<td><\/td>\n<td><\/td>\n<\/tr>\n<tr>\n<td>Yava\u015f ba\u015flang\u0131\u00e7 zaman\u0131<\/td>\n<td>0<\/td>\n<td><\/td>\n<td>10<\/td>\n<td>S<\/td>\n<td>Fabrika varsay\u0131lan\u0131 0,5<\/td>\n<\/tr>\n<tr>\n<td>Gecikme s\u00fcresi aral\u0131\u011f\u0131<\/td>\n<td>0<\/td>\n<td><\/td>\n<td>20<\/td>\n<td>S<\/td>\n<td>Fabrika varsay\u0131lan\u0131 0,2<\/td>\n<\/tr>\n<tr>\n<td>Gecikme s\u00fcresi do\u011frulu\u011fu<\/td>\n<td colspan=\"3\">0.1<\/td>\n<td>S<\/td>\n<td><\/td>\n<\/tr>\n<tr>\n<td>A\u015f\u0131r\u0131 \u0131s\u0131nma koruma s\u0131cakl\u0131\u011f\u0131<\/td>\n<td>60<\/td>\n<td>65<\/td>\n<td>65<\/td>\n<td>\u00b0C<\/td>\n<td><\/td>\n<\/tr>\n<tr>\n<td>Analog kontrol modeli<\/td>\n<td colspan=\"3\">ModBus485 ileti\u015fimi<\/td>\n<td>V<\/td>\n<td>Uzaktan h\u0131z kontrol voltaj\u0131<\/td>\n<\/tr>\n<tr>\n<td>Dijital kontrol sinyali<\/td>\n<td colspan=\"3\">24<\/td>\n<td>V<\/td>\n<td>Sinyal kontrol\u00fcn\u00fc de\u011fi\u015ftir<\/td>\n<\/tr>\n<tr>\n<td>Ayarlama y\u00f6ntemi<\/td>\n<td colspan=\"3\">6<\/td>\n<td>anahtar<\/td>\n<td><\/td>\n<\/tr>\n<tr>\n<td>Y\u00fcks\u00fcz g\u00fc\u00e7 t\u00fcketimi<\/td>\n<td><\/td>\n<td>3<\/td>\n<td><\/td>\n<td>K<\/td>\n<td><\/td>\n<\/tr>\n<tr>\n<td>Ekran modu<\/td>\n<td colspan=\"3\">5<\/td>\n<td>hane<\/td>\n<td>LED dijital t\u00fcp<\/td>\n<\/tr>\n<tr>\n<td>\u00dccret ortam\u0131 s\u0131cakl\u0131\u011f\u0131<\/td>\n<td>0<\/td>\n<td>25<\/td>\n<td>40<\/td>\n<td>\u00b0C<\/td>\n<td rowspan=\"2\">Yo\u011fu\u015fma yok<\/td>\n<\/tr>\n<tr>\n<td>\u00dccret ortam\u0131 nemi<\/td>\n<td>10<\/td>\n<td>60<\/td>\n<td>85<\/td>\n<td>%<\/td>\n<\/tr>\n<\/tbody>\n<\/table>\n\t<div id=\"gap-258502798\" class=\"gap-element clearfix\" style=\"display:block; height:auto;\">\n\t\t\n<style>\n#gap-258502798 {\n  padding-top: 30px;\n}\n<\/style>\n\t<\/div>\n\t\n<h2><strong><b>Boyutlar ve <\/b><\/strong><strong><b>K<\/b><\/strong><strong><b>sekiz:<\/b><\/strong><\/h2>\n<ul>\n<li><strong>Boyutlar:<\/strong> 190 mm uzunluk x 242 mm geni\u015flik x 94,5 mm y\u00fckseklik<\/li>\n<li><strong>A\u011f\u0131rl\u0131k:<\/strong> 2670g (aksesuarlar hari\u00e7)<\/li>\n<\/ul>\n\t<div class=\"img has-hover x md-x lg-x y md-y lg-y\" id=\"image_1393758582\">\n\t\t\t\t\t\t\t\t<div class=\"img-inner dark\" >\n\t\t\t<img loading=\"lazy\" decoding=\"async\" width=\"818\" height=\"559\" src=\"https:\/\/swoer.com\/wp-content\/uploads\/2024\/07\/Dimensions.webp\" class=\"attachment-original size-original\" alt=\"Boyutlar\" srcset=\"https:\/\/swoer.com\/wp-content\/uploads\/2024\/07\/Dimensions.webp 818w, https:\/\/swoer.com\/wp-content\/uploads\/2024\/07\/Dimensions-300x205.webp 300w, https:\/\/swoer.com\/wp-content\/uploads\/2024\/07\/Dimensions-768x525.webp 768w, https:\/\/swoer.com\/wp-content\/uploads\/2024\/07\/Dimensions-18x12.webp 18w, https:\/\/swoer.com\/wp-content\/uploads\/2024\/07\/Dimensions-600x410.webp 600w\" sizes=\"(max-width: 818px) 100vw, 818px\" \/>\t\t\t\t\t\t\n\t\t\t\t\t<\/div>\n\t\t\t\t\t\t\t\t\n<style>\n#image_1393758582 {\n  width: 67%;\n}\n<\/style>\n\t<\/div>","protected":false},"excerpt":{"rendered":"<p>Bu geli\u015fmi\u015f kontrol cihaz\u0131, otomatik h\u0131z\/frekans kontrol\u00fc, senkron \u00e7\u0131k\u0131\u015f, h\u0131z \u00f6n ayar\u0131, yava\u015f ba\u015flatma, voltaj stabilizasyonu, a\u015f\u0131r\u0131 \u0131s\u0131nma korumas\u0131, sens\u00f6r\u00fcn kendi kendine adaptasyonu, uzaktan kontrol, DC \u00e7\u0131k\u0131\u015f\u0131, voltaj ayar\u0131, tam\/bo\u015f kapatma, sayma ve 485 ileti\u015fim \u00f6zelliklerine sahiptir.<\/p>","protected":false},"featured_media":2497,"comment_status":"open","ping_status":"closed","template":"","meta":[],"product_cat":[45],"product_tag":[],"yoast_head":"<!-- This site is optimized with the Yoast SEO plugin v22.2 - https:\/\/yoast.com\/wordpress\/plugins\/seo\/ -->\n<title>Vibratory Feeder Controller SDVC34-UR - SWOER<\/title>\n<meta name=\"description\" content=\"Optimize your material flow with the Vibratory Feeder Controller SDVC34-UR. Precise control, easy setup, and enhanced efficiency for industrial applications. Order now\uff01\" \/>\n<meta name=\"robots\" content=\"index, follow, max-snippet:-1, max-image-preview:large, max-video-preview:-1\" \/>\n<link rel=\"canonical\" href=\"https:\/\/swoer.com\/tr\/manufacturer\/vibratory-feeder-controller-sdvc34-ur\/\" \/>\n<meta property=\"og:locale\" content=\"tr_TR\" \/>\n<meta property=\"og:type\" content=\"article\" \/>\n<meta property=\"og:title\" content=\"Vibratory Feeder Controller SDVC34-UR - SWOER\" \/>\n<meta property=\"og:description\" content=\"Optimize your material flow with the Vibratory Feeder Controller SDVC34-UR. Precise control, easy setup, and enhanced efficiency for industrial applications. Order now\uff01\" \/>\n<meta property=\"og:url\" content=\"https:\/\/swoer.com\/tr\/manufacturer\/vibratory-feeder-controller-sdvc34-ur\/\" \/>\n<meta property=\"og:site_name\" content=\"SWOER\" \/>\n<meta property=\"article:modified_time\" content=\"2024-08-16T06:09:17+00:00\" \/>\n<meta property=\"og:image\" content=\"https:\/\/swoer.com\/wp-content\/uploads\/2024\/07\/Vibratory-Bowl-Feeder-Controller-SDVC34-UR.webp\" \/>\n\t<meta property=\"og:image:width\" content=\"1000\" \/>\n\t<meta property=\"og:image:height\" content=\"1000\" \/>\n\t<meta property=\"og:image:type\" content=\"image\/webp\" \/>\n<meta name=\"twitter:card\" content=\"summary_large_image\" \/>\n<meta name=\"twitter:label1\" content=\"Tahmini okuma s\u00fcresi\" \/>\n\t<meta name=\"twitter:data1\" content=\"3 dakika\" \/>\n<script type=\"application\/ld+json\" class=\"yoast-schema-graph\">{\"@context\":\"https:\/\/schema.org\",\"@graph\":[{\"@type\":\"WebPage\",\"@id\":\"https:\/\/swoer.com\/manufacturer\/vibratory-feeder-controller-sdvc34-ur\/\",\"url\":\"https:\/\/swoer.com\/manufacturer\/vibratory-feeder-controller-sdvc34-ur\/\",\"name\":\"Vibratory Feeder Controller SDVC34-UR - SWOER\",\"isPartOf\":{\"@id\":\"https:\/\/swoer.com\/#website\"},\"primaryImageOfPage\":{\"@id\":\"https:\/\/swoer.com\/manufacturer\/vibratory-feeder-controller-sdvc34-ur\/#primaryimage\"},\"image\":{\"@id\":\"https:\/\/swoer.com\/manufacturer\/vibratory-feeder-controller-sdvc34-ur\/#primaryimage\"},\"thumbnailUrl\":\"https:\/\/swoer.com\/wp-content\/uploads\/2024\/07\/Vibratory-Bowl-Feeder-Controller-SDVC34-UR.webp\",\"datePublished\":\"2024-07-09T02:48:58+00:00\",\"dateModified\":\"2024-08-16T06:09:17+00:00\",\"description\":\"Optimize your material flow with the Vibratory Feeder Controller SDVC34-UR. Precise control, easy setup, and enhanced efficiency for industrial applications. Order now\uff01\",\"breadcrumb\":{\"@id\":\"https:\/\/swoer.com\/manufacturer\/vibratory-feeder-controller-sdvc34-ur\/#breadcrumb\"},\"inLanguage\":\"tr\",\"potentialAction\":[{\"@type\":\"ReadAction\",\"target\":[\"https:\/\/swoer.com\/manufacturer\/vibratory-feeder-controller-sdvc34-ur\/\"]}]},{\"@type\":\"ImageObject\",\"inLanguage\":\"tr\",\"@id\":\"https:\/\/swoer.com\/manufacturer\/vibratory-feeder-controller-sdvc34-ur\/#primaryimage\",\"url\":\"https:\/\/swoer.com\/wp-content\/uploads\/2024\/07\/Vibratory-Bowl-Feeder-Controller-SDVC34-UR.webp\",\"contentUrl\":\"https:\/\/swoer.com\/wp-content\/uploads\/2024\/07\/Vibratory-Bowl-Feeder-Controller-SDVC34-UR.webp\",\"width\":1000,\"height\":1000,\"caption\":\"Vibratory Bowl Feeder Controller SDVC34-UR\"},{\"@type\":\"BreadcrumbList\",\"@id\":\"https:\/\/swoer.com\/manufacturer\/vibratory-feeder-controller-sdvc34-ur\/#breadcrumb\",\"itemListElement\":[{\"@type\":\"ListItem\",\"position\":1,\"name\":\"Home\",\"item\":\"https:\/\/swoer.com\/\"},{\"@type\":\"ListItem\",\"position\":2,\"name\":\"Shop\",\"item\":\"https:\/\/swoer.com\/shop\/\"},{\"@type\":\"ListItem\",\"position\":3,\"name\":\"Vibratory Feeder Controller SDVC34-UR\"}]},{\"@type\":\"WebSite\",\"@id\":\"https:\/\/swoer.com\/#website\",\"url\":\"https:\/\/swoer.com\/\",\"name\":\"SWOER\",\"description\":\"Swoer is the top 3 vibratory bowl feeder manufacturer in China\",\"potentialAction\":[{\"@type\":\"SearchAction\",\"target\":{\"@type\":\"EntryPoint\",\"urlTemplate\":\"https:\/\/swoer.com\/?s={search_term_string}\"},\"query-input\":\"required name=search_term_string\"}],\"inLanguage\":\"tr\"}]}<\/script>\n<!-- \/ Yoast SEO plugin. -->","yoast_head_json":{"title":"Vibratory Feeder Controller SDVC34-UR - SWOER","description":"Optimize your material flow with the Vibratory Feeder Controller SDVC34-UR. Precise control, easy setup, and enhanced efficiency for industrial applications. Order now\uff01","robots":{"index":"index","follow":"follow","max-snippet":"max-snippet:-1","max-image-preview":"max-image-preview:large","max-video-preview":"max-video-preview:-1"},"canonical":"https:\/\/swoer.com\/tr\/manufacturer\/vibratory-feeder-controller-sdvc34-ur\/","og_locale":"tr_TR","og_type":"article","og_title":"Vibratory Feeder Controller SDVC34-UR - SWOER","og_description":"Optimize your material flow with the Vibratory Feeder Controller SDVC34-UR. Precise control, easy setup, and enhanced efficiency for industrial applications. Order now\uff01","og_url":"https:\/\/swoer.com\/tr\/manufacturer\/vibratory-feeder-controller-sdvc34-ur\/","og_site_name":"SWOER","article_modified_time":"2024-08-16T06:09:17+00:00","og_image":[{"width":1000,"height":1000,"url":"https:\/\/swoer.com\/wp-content\/uploads\/2024\/07\/Vibratory-Bowl-Feeder-Controller-SDVC34-UR.webp","type":"image\/webp"}],"twitter_card":"summary_large_image","twitter_misc":{"Tahmini okuma s\u00fcresi":"3 dakika"},"schema":{"@context":"https:\/\/schema.org","@graph":[{"@type":"WebPage","@id":"https:\/\/swoer.com\/manufacturer\/vibratory-feeder-controller-sdvc34-ur\/","url":"https:\/\/swoer.com\/manufacturer\/vibratory-feeder-controller-sdvc34-ur\/","name":"Vibratory Feeder Controller SDVC34-UR - SWOER","isPartOf":{"@id":"https:\/\/swoer.com\/#website"},"primaryImageOfPage":{"@id":"https:\/\/swoer.com\/manufacturer\/vibratory-feeder-controller-sdvc34-ur\/#primaryimage"},"image":{"@id":"https:\/\/swoer.com\/manufacturer\/vibratory-feeder-controller-sdvc34-ur\/#primaryimage"},"thumbnailUrl":"https:\/\/swoer.com\/wp-content\/uploads\/2024\/07\/Vibratory-Bowl-Feeder-Controller-SDVC34-UR.webp","datePublished":"2024-07-09T02:48:58+00:00","dateModified":"2024-08-16T06:09:17+00:00","description":"Optimize your material flow with the Vibratory Feeder Controller SDVC34-UR. Precise control, easy setup, and enhanced efficiency for industrial applications. Order now\uff01","breadcrumb":{"@id":"https:\/\/swoer.com\/manufacturer\/vibratory-feeder-controller-sdvc34-ur\/#breadcrumb"},"inLanguage":"tr","potentialAction":[{"@type":"ReadAction","target":["https:\/\/swoer.com\/manufacturer\/vibratory-feeder-controller-sdvc34-ur\/"]}]},{"@type":"ImageObject","inLanguage":"tr","@id":"https:\/\/swoer.com\/manufacturer\/vibratory-feeder-controller-sdvc34-ur\/#primaryimage","url":"https:\/\/swoer.com\/wp-content\/uploads\/2024\/07\/Vibratory-Bowl-Feeder-Controller-SDVC34-UR.webp","contentUrl":"https:\/\/swoer.com\/wp-content\/uploads\/2024\/07\/Vibratory-Bowl-Feeder-Controller-SDVC34-UR.webp","width":1000,"height":1000,"caption":"Vibratory Bowl Feeder Controller SDVC34-UR"},{"@type":"BreadcrumbList","@id":"https:\/\/swoer.com\/manufacturer\/vibratory-feeder-controller-sdvc34-ur\/#breadcrumb","itemListElement":[{"@type":"ListItem","position":1,"name":"Home","item":"https:\/\/swoer.com\/"},{"@type":"ListItem","position":2,"name":"Shop","item":"https:\/\/swoer.com\/shop\/"},{"@type":"ListItem","position":3,"name":"Vibratory Feeder Controller SDVC34-UR"}]},{"@type":"WebSite","@id":"https:\/\/swoer.com\/#website","url":"https:\/\/swoer.com\/","name":"SWOER","description":"Swoer is the top 3 vibratory bowl feeder manufacturer in China","potentialAction":[{"@type":"SearchAction","target":{"@type":"EntryPoint","urlTemplate":"https:\/\/swoer.com\/?s={search_term_string}"},"query-input":"required name=search_term_string"}],"inLanguage":"tr"}]}},"_links":{"self":[{"href":"https:\/\/swoer.com\/tr\/wp-json\/wp\/v2\/product\/2302"}],"collection":[{"href":"https:\/\/swoer.com\/tr\/wp-json\/wp\/v2\/product"}],"about":[{"href":"https:\/\/swoer.com\/tr\/wp-json\/wp\/v2\/types\/product"}],"replies":[{"embeddable":true,"href":"https:\/\/swoer.com\/tr\/wp-json\/wp\/v2\/comments?post=2302"}],"wp:featuredmedia":[{"embeddable":true,"href":"https:\/\/swoer.com\/tr\/wp-json\/wp\/v2\/media\/2497"}],"wp:attachment":[{"href":"https:\/\/swoer.com\/tr\/wp-json\/wp\/v2\/media?parent=2302"}],"wp:term":[{"taxonomy":"product_cat","embeddable":true,"href":"https:\/\/swoer.com\/tr\/wp-json\/wp\/v2\/product_cat?post=2302"},{"taxonomy":"product_tag","embeddable":true,"href":"https:\/\/swoer.com\/tr\/wp-json\/wp\/v2\/product_tag?post=2302"}],"curies":[{"name":"wp","href":"https:\/\/api.w.org\/{rel}","templated":true}]}}