{"id":2284,"date":"2024-07-06T00:52:41","date_gmt":"2024-07-06T00:52:41","guid":{"rendered":"https:\/\/swoer.com\/?post_type=product&#038;p=2284"},"modified":"2024-08-16T14:12:47","modified_gmt":"2024-08-16T06:12:47","slug":"vibratory-bowl-feeder-controller-sdvc34-mr","status":"publish","type":"product","link":"https:\/\/swoer.com\/tr\/manufacturer\/vibratory-bowl-feeder-controller-sdvc34-mr\/","title":{"rendered":"Titre\u015fimli Hazne Besleyici Kontrol Cihaz\u0131 SDVC34-MR"},"content":{"rendered":"<h2><strong><b>\u00d6zellikler<\/b><\/strong><\/h2>\n<ul>\n<li>Otomatik frekans arama<\/li>\n<li>Senkronize \u00e7\u0131kt\u0131<\/li>\n<li>H\u0131z \u00f6n ayar\u0131<\/li>\n<li>Ayarlanabilir yava\u015f ba\u015flang\u0131\u00e7<\/li>\n<li>Y\u00fcksek hassasiyetli otomatik voltaj stabilizasyonu<\/li>\n<li>Sens\u00f6r Uyarlanabilir<\/li>\n<li>Uzaktan h\u0131z kontrol\u00fc<\/li>\n<li>DC kontrol \u00e7\u0131k\u0131\u015f\u0131<\/li>\n<li>\u00c7ift anahtarl\u0131 sens\u00f6r malzemesi dolu\/bo\u015f kapatma<\/li>\n<li>Sayma fonksiyonu<\/li>\n<li>485 ileti\u015fim<\/li>\n<\/ul>\n<h2><strong><b>\u00dcr\u00fcn \u00d6zellikleri<\/b><\/strong><\/h2>\n<h3>Geli\u015fmi\u015f \u00dcr\u00fcn \u00d6zellikleri<\/h3>\n<p>Titre\u015fimli Kase Besleyici Kontrol\u00f6rlerimiz, en son elektronik teknolojiyi entegre ederek otomasyon ekipmanlar\u0131nda titre\u015fim besleme kontrol\u00fc i\u00e7in ustal\u0131kla tasarlanm\u0131\u015ft\u0131r. Kullan\u0131c\u0131lara pratik ve kullan\u0131\u015fl\u0131 i\u015flevler sunarlar:<\/p>\n<ol>\n<li><strong>Otomatik Frekans Ayar\u0131<\/strong>: Ger\u00e7ek zamanl\u0131 frekans ayar\u0131, besleyicinin optimum frekansta \u00e7al\u0131\u015fmas\u0131n\u0131 sa\u011flar.<\/li>\n<li><strong>Otomatik H\u0131z Sabitleme<\/strong>: \u0130\u015f par\u00e7as\u0131 say\u0131s\u0131ndan ba\u011f\u0131ms\u0131z olarak ger\u00e7ek zamanl\u0131 voltaj ayar\u0131yla tutarl\u0131 besleme h\u0131z\u0131n\u0131 korur.<\/li>\n<li><strong>Otomatik Frekans Arama<\/strong>: Kusursuz \u00f6zellik, kullan\u0131c\u0131n\u0131n rahatl\u0131\u011f\u0131 i\u00e7in optimum \u00e7al\u0131\u015fma frekans\u0131n\u0131 ve ilgili parametreleri h\u0131zl\u0131 bir \u015fekilde belirler.<\/li>\n<li><strong>Otomatik Gerilim Stabilizasyonu<\/strong>: G\u00fc\u00e7 kayna\u011f\u0131 voltaj\u0131 de\u011fi\u015fimlerinden ve end\u00fcstriyel AC g\u00fcc\u00fcnden kaynaklanan frekans etkilerinden kaynaklanan besleme h\u0131z\u0131 dalgalanmalar\u0131n\u0131 ortadan kald\u0131r\u0131r.<\/li>\n<li><strong>Senkronize \u00c7\u0131k\u0131\u015f<\/strong>: Frekans giri\u015fimini \u00f6nlemek i\u00e7in birden fazla kontrol cihaz\u0131n\u0131 ayn\u0131 frekans ve fazda senkronize eder.<\/li>\n<li><strong>Dolu\/Bo\u015f Kapatma<\/strong>: Anahtar sens\u00f6r\u00fc giri\u015fi, ayarlanabilir yava\u015f ba\u015flatma s\u00fcresi, a\u00e7ma\/kapama gecikmesi ve mant\u0131ksal y\u00f6n ayarlar\u0131yla tam\/bo\u015f kapatman\u0131n kontrol\u00fcne olanak tan\u0131r.<\/li>\n<li><strong>Sens\u00f6r Kendi Kendine Adaptasyonu<\/strong>: NPN tipi ve PNP tipi anahtar sens\u00f6rlerine otomatik olarak uyum sa\u011flar.<\/li>\n<li><strong>Yava\u015f ba\u015fla<\/strong>: \u00c7\u0131k\u0131\u015f voltaj\u0131n\u0131\/besleme h\u0131z\u0131n\u0131 ba\u015flatma s\u0131ras\u0131nda kademeli olarak 0&#039;dan \u00f6nceden ayarlanan de\u011fere y\u00fckselterek titre\u015fim ekipman\u0131n\u0131 ba\u015flatma \u015fokundan korur.<\/li>\n<li><strong>H\u0131z \u00d6n Ayar\u0131<\/strong>: Harici kontrol sinyalleri arac\u0131l\u0131\u011f\u0131yla 4&#039;e kadar \u00f6nceden ayarlanm\u0131\u015f \u00e7\u0131k\u0131\u015f voltaj\u0131 se\u00e7in.<\/li>\n<li><strong>H\u0131zlanma Fonksiyonu<\/strong>: Maksimum \u00e7\u0131k\u0131\u015f voltaj\u0131n\u0131 giri\u015f voltaj\u0131n\u0131n 150% de\u011ferine y\u00fckseltir.<\/li>\n<li><strong>Maksimum \u00c7\u0131k\u0131\u015f Gerilimi Ayar\u0131<\/strong>: Titre\u015fim ekipmanlar\u0131n\u0131 korumak i\u00e7in a\u015f\u0131r\u0131 voltaj \u00e7\u0131k\u0131\u015f\u0131n\u0131 \u00f6nler.<\/li>\n<li><strong>Dalga Formu \u0130ndeksi<\/strong>: Bu parametreyle kontrol cihaz\u0131 verimlili\u011fini ve maksimum g\u00fcc\u00fc dengeleyin.<\/li>\n<li><strong>Uzaktan H\u0131z Kontrol\u00fc<\/strong>: Harici potansiyometre, PLC, 1 kullanarak \u00e7\u0131k\u0131\u015f voltaj\u0131n\u0131\/besleme h\u0131z\u0131n\u0131 kontrol edin<del>5V voltaj sinyali veya 4<\/del>20mA g\u00fc\u00e7 sinyali.<\/li>\n<li><strong>24V DC Kontrol \u00c7\u0131k\u0131\u015f\u0131<\/strong>: Transist\u00f6r \u00e7\u0131k\u0131\u015f sinyali solenoid valfleri ve di\u011fer harici cihazlar\u0131 kontrol edebilir.<\/li>\n<li><strong>\u00c7\u0131k\u0131\u015f Anahtar\u0131<\/strong>: Ekipman hata ay\u0131klamas\u0131n\u0131 kolayla\u015ft\u0131ran, an\u0131nda ba\u015flatma\/durdurma i\u00e7in paneldeki hafif dokunmatik tu\u015f.<\/li>\n<li><strong>Klavye Kilidi<\/strong>: Yanl\u0131\u015f kullan\u0131m\u0131 \u00f6nlemek amac\u0131yla t\u00fcm tu\u015flar\u0131 kilitlemek i\u00e7in a\u00e7ma\/kapama tu\u015funa uzun bas\u0131n.<\/li>\n<li><strong>Parametre \u015eifresi<\/strong>: \u00c7\u0131k\u0131\u015f voltaj\u0131\/besleme h\u0131z\u0131 d\u0131\u015f\u0131ndaki parametreleri kilitlemek ve yetkisiz de\u011fi\u015fiklikleri \u00f6nlemek i\u00e7in bir parametre \u015fifresi ayarlay\u0131n.<\/li>\n<li><strong>Fabrika Ayarlar\u0131n\u0131 Geri Y\u00fckle<\/strong>: Parametreleri h\u0131zla fabrika varsay\u0131lan ayarlar\u0131na geri y\u00fckleyin.<\/li>\n<li><strong>485 \u0130leti\u015fim<\/strong>: Kontrol cihaz\u0131 parametrelerini 485 ileti\u015fimi arac\u0131l\u0131\u011f\u0131yla uzaktan ayarlay\u0131n.<\/li>\n<\/ol>\n<p>Teknik \u00f6zellik<\/p>\n<table width=\"767\">\n<tbody>\n<tr>\n<td rowspan=\"2\" width=\"225\">\u00d6\u011fe<\/td>\n<td colspan=\"3\" width=\"216\">Menzil<\/td>\n<td rowspan=\"2\" width=\"72\">Birim<\/td>\n<td rowspan=\"2\" width=\"254\">Tan\u0131m<\/td>\n<\/tr>\n<tr>\n<td>Asgari<\/td>\n<td>Tipik<\/td>\n<td>Maksimum<\/td>\n<\/tr>\n<tr>\n<td>Giri\u015f gerilimi<\/td>\n<td>85<\/td>\n<td>220<\/td>\n<td>260<\/td>\n<td>V<\/td>\n<td>AC efektif de\u011feri<\/td>\n<\/tr>\n<tr>\n<td>\u00c7\u0131k\u0131\u015f voltaj\u0131 ayar aral\u0131\u011f\u0131<\/td>\n<td>0<\/td>\n<td><\/td>\n<td>260<\/td>\n<td>V<\/td>\n<td>150% giri\u015f voltaj\u0131ndan az<\/td>\n<\/tr>\n<tr>\n<td>Gerilim ayar do\u011frulu\u011fu<\/td>\n<td colspan=\"3\">1<\/td>\n<td>V<\/td>\n<td><\/td>\n<\/tr>\n<tr>\n<td>Gerilim d\u00fczenleme do\u011frulu\u011fu<\/td>\n<td>0<\/td>\n<td><\/td>\n<td>10<\/td>\n<td><\/td>\n<td>Vout\/Vin<\/td>\n<\/tr>\n<tr>\n<td>Gerilim reg\u00fclasyonu tepki s\u00fcresi<\/td>\n<td>0.0025<\/td>\n<td><\/td>\n<td>0.04<\/td>\n<td>S<\/td>\n<td>\u00c7\u0131k\u0131\u015f voltaj\u0131 d\u00f6ng\u00fcs\u00fcn\u00fcn onda biri<\/td>\n<\/tr>\n<tr>\n<td rowspan=\"2\">\u00c7\u0131k\u0131\u015f ak\u0131m\u0131 ayar aral\u0131\u011f\u0131<\/td>\n<td rowspan=\"2\">0<\/td>\n<td rowspan=\"2\"><\/td>\n<td rowspan=\"2\">3<\/td>\n<td rowspan=\"2\">A<\/td>\n<td rowspan=\"2\" width=\"254\">SDVC34-MR<br \/>\nSDVC34-MRJ<\/td>\n<\/tr>\n<tr>\n<td rowspan=\"2\"><\/td>\n<td rowspan=\"2\"><\/td>\n<td rowspan=\"2\"><\/td>\n<td rowspan=\"2\"><\/td>\n<td rowspan=\"2\"><\/td>\n<td rowspan=\"2\" width=\"254\"><\/td>\n<\/tr>\n<tr>\n<td>\u00c7\u0131k\u0131\u015f frekans\u0131<\/td>\n<td>25<\/td>\n<td><\/td>\n<td>400<\/td>\n<td>Hz.<\/td>\n<td><\/td>\n<\/tr>\n<tr>\n<td>Frekans ayar do\u011frulu\u011fu<\/td>\n<td colspan=\"3\">0.1<\/td>\n<td>Hz.<\/td>\n<td><\/td>\n<\/tr>\n<tr>\n<td>\u00c7\u0131k\u0131\u015f dalga formu<\/td>\n<td colspan=\"3\">sin\u00fcs<\/td>\n<td><\/td>\n<td><\/td>\n<\/tr>\n<tr>\n<td>Yava\u015f ba\u015flang\u0131\u00e7 zaman\u0131<\/td>\n<td>0<\/td>\n<td><\/td>\n<td>10<\/td>\n<td>S<\/td>\n<td>Fabrika varsay\u0131lan\u0131 0,5<\/td>\n<\/tr>\n<tr>\n<td>Gecikme s\u00fcresi aral\u0131\u011f\u0131<\/td>\n<td>0<\/td>\n<td><\/td>\n<td>20<\/td>\n<td>S<\/td>\n<td>Fabrika varsay\u0131lan\u0131 0,2<\/td>\n<\/tr>\n<tr>\n<td>Gecikme s\u00fcresi do\u011frulu\u011fu<\/td>\n<td colspan=\"3\">0.1<\/td>\n<td>S<\/td>\n<td><\/td>\n<\/tr>\n<tr>\n<td>A\u015f\u0131r\u0131 \u0131s\u0131nma koruma s\u0131cakl\u0131\u011f\u0131<\/td>\n<td>60<\/td>\n<td>65<\/td>\n<td>65<\/td>\n<td>\u00b0C<\/td>\n<td><\/td>\n<\/tr>\n<tr>\n<td>DC kontrol \u00e7\u0131k\u0131\u015f voltaj\u0131<\/td>\n<td>22<\/td>\n<td>24<\/td>\n<td>26<\/td>\n<td>V<\/td>\n<td><\/td>\n<\/tr>\n<tr>\n<td>DC kontrol \u00e7\u0131k\u0131\u015f ak\u0131m\u0131<\/td>\n<td>0<\/td>\n<td><\/td>\n<td>200<\/td>\n<td>mA<\/td>\n<td><\/td>\n<\/tr>\n<tr>\n<td>Analog kontrol modeli<\/td>\n<td colspan=\"3\">1- 5<\/td>\n<td>V<\/td>\n<td>Uzaktan h\u0131z kontrol voltaj\u0131<\/td>\n<\/tr>\n<tr>\n<td>Dijital kontrol sinyali<\/td>\n<td colspan=\"3\">24<\/td>\n<td>V<\/td>\n<td>Sinyal kontrol\u00fcn\u00fc de\u011fi\u015ftir<\/td>\n<\/tr>\n<tr>\n<td>Ayarlama y\u00f6ntemi<\/td>\n<td colspan=\"3\">6<\/td>\n<td>anahtar<\/td>\n<td><\/td>\n<\/tr>\n<tr>\n<td>Y\u00fcks\u00fcz g\u00fc\u00e7 t\u00fcketimi<\/td>\n<td><\/td>\n<td>3<\/td>\n<td><\/td>\n<td>K<\/td>\n<td><\/td>\n<\/tr>\n<tr>\n<td>Ekran modu<\/td>\n<td colspan=\"3\">5<\/td>\n<td>hane<\/td>\n<td>LED dijital t\u00fcp<\/td>\n<\/tr>\n<tr>\n<td>\u00dccret ortam\u0131 s\u0131cakl\u0131\u011f\u0131<\/td>\n<td>0<\/td>\n<td>25<\/td>\n<td>40<\/td>\n<td>\u00b0C<\/td>\n<td rowspan=\"2\">Yo\u011fu\u015fma yok<\/td>\n<\/tr>\n<tr>\n<td>\u00dccret ortam\u0131 nemi<\/td>\n<td>10<\/td>\n<td>60<\/td>\n<td>85<\/td>\n<td>%<\/td>\n<\/tr>\n<\/tbody>\n<\/table>\n\t<div id=\"gap-926745316\" class=\"gap-element clearfix\" style=\"display:block; height:auto;\">\n\t\t\n<style>\n#gap-926745316 {\n  padding-top: 30px;\n}\n<\/style>\n\t<\/div>\n\t\n<h2><strong><b>Boyutlar ve A\u011f\u0131rl\u0131k<\/b><\/strong><\/h2>\n<ul>\n<li>Boyut: uzunluk 190 mm \u00d7 geni\u015flik 56 mm \u00d7 y\u00fckseklik 94,5 mm.<\/li>\n<li>A\u011f\u0131rl\u0131k: 560g (aksesuarlar hari\u00e7)<\/li>\n<\/ul>\n\t<div class=\"img has-hover x md-x lg-x y md-y lg-y\" id=\"image_1258518321\">\n\t\t\t\t\t\t\t\t<div class=\"img-inner dark\" >\n\t\t\t<img loading=\"lazy\" decoding=\"async\" width=\"705\" height=\"650\" src=\"https:\/\/swoer.com\/wp-content\/uploads\/2024\/07\/Dimension-Drawing-3.webp\" class=\"attachment-original size-original\" alt=\"Boyut \u00c7izimi\" srcset=\"https:\/\/swoer.com\/wp-content\/uploads\/2024\/07\/Dimension-Drawing-3.webp 705w, https:\/\/swoer.com\/wp-content\/uploads\/2024\/07\/Dimension-Drawing-3-300x277.webp 300w, https:\/\/swoer.com\/wp-content\/uploads\/2024\/07\/Dimension-Drawing-3-13x12.webp 13w, https:\/\/swoer.com\/wp-content\/uploads\/2024\/07\/Dimension-Drawing-3-600x553.webp 600w\" sizes=\"(max-width: 705px) 100vw, 705px\" \/>\t\t\t\t\t\t\n\t\t\t\t\t<\/div>\n\t\t\t\t\t\t\t\t\n<style>\n#image_1258518321 {\n  width: 65%;\n}\n<\/style>\n\t<\/div>","protected":false},"excerpt":{"rendered":"<p>Titre\u015fimli \u00e7anak besleyicinizin verimlili\u011fini ve do\u011frulu\u011funu art\u0131r\u0131n. SDVC34-MR kontrol cihaz\u0131, otomatik frekans arama, senkronize \u00e7\u0131k\u0131\u015f, h\u0131z \u00f6n ayar\u0131, ayarlanabilir yava\u015f ba\u015flatma, y\u00fcksek hassasiyetli otomatik voltaj stabilizasyonu, sens\u00f6r adaptasyonu, uzaktan h\u0131z kontrol\u00fc, DC kontrol \u00e7\u0131k\u0131\u015f\u0131, \u00e7ift anahtarl\u0131 sens\u00f6r malzemesi dolu\/bo\u015f kapatma gibi geli\u015fmi\u015f \u00f6zelliklere sahiptir. Sorunsuz ve tutarl\u0131 malzeme ta\u015f\u0131may\u0131 sa\u011flamak i\u00e7in sayma fonksiyonu ve 485 ileti\u015fim.<\/p>","protected":false},"featured_media":2501,"comment_status":"open","ping_status":"closed","template":"","meta":[],"product_cat":[45],"product_tag":[],"yoast_head":"<!-- This site is optimized with the Yoast SEO plugin v22.2 - https:\/\/yoast.com\/wordpress\/plugins\/seo\/ -->\n<title>Vibratory Bowl Feeder Controller SDVC34-MR - SWOER<\/title>\n<meta name=\"description\" content=\"The SDVC34-MR is an intelligent controller designed to enhance the efficiency and precision of your vibratory bowl feeder. Its advanced features, including automatic frequency search, synchronized output, speed preset, adjustable slow start, high precision automatic voltage stabilization, sensor adaptability, remote speed control, DC control output, dual switch sensor material full\/empty shutdown, counting function, and 485 communication, ensure smooth, consistent material handling.\" \/>\n<meta name=\"robots\" content=\"index, follow, max-snippet:-1, max-image-preview:large, max-video-preview:-1\" \/>\n<link rel=\"canonical\" href=\"https:\/\/swoer.com\/tr\/manufacturer\/vibratory-bowl-feeder-controller-sdvc34-mr\/\" \/>\n<meta property=\"og:locale\" content=\"tr_TR\" \/>\n<meta property=\"og:type\" content=\"article\" \/>\n<meta property=\"og:title\" content=\"Vibratory Bowl Feeder Controller SDVC34-MR - SWOER\" \/>\n<meta property=\"og:description\" content=\"The SDVC34-MR is an intelligent controller designed to enhance the efficiency and precision of your vibratory bowl feeder. Its advanced features, including automatic frequency search, synchronized output, speed preset, adjustable slow start, high precision automatic voltage stabilization, sensor adaptability, remote speed control, DC control output, dual switch sensor material full\/empty shutdown, counting function, and 485 communication, ensure smooth, consistent material handling.\" \/>\n<meta property=\"og:url\" content=\"https:\/\/swoer.com\/tr\/manufacturer\/vibratory-bowl-feeder-controller-sdvc34-mr\/\" \/>\n<meta property=\"og:site_name\" content=\"SWOER\" \/>\n<meta property=\"article:modified_time\" content=\"2024-08-16T06:12:47+00:00\" \/>\n<meta property=\"og:image\" content=\"https:\/\/swoer.com\/wp-content\/uploads\/2024\/07\/Vibratory-Bowl-Feeder-Controller-SDVC34-MR-1.webp\" \/>\n\t<meta property=\"og:image:width\" content=\"1000\" \/>\n\t<meta property=\"og:image:height\" content=\"1000\" \/>\n\t<meta property=\"og:image:type\" content=\"image\/webp\" \/>\n<meta name=\"twitter:card\" content=\"summary_large_image\" \/>\n<meta name=\"twitter:label1\" content=\"Tahmini okuma s\u00fcresi\" \/>\n\t<meta name=\"twitter:data1\" content=\"3 dakika\" \/>\n<script type=\"application\/ld+json\" class=\"yoast-schema-graph\">{\"@context\":\"https:\/\/schema.org\",\"@graph\":[{\"@type\":\"WebPage\",\"@id\":\"https:\/\/swoer.com\/manufacturer\/vibratory-bowl-feeder-controller-sdvc34-mr\/\",\"url\":\"https:\/\/swoer.com\/manufacturer\/vibratory-bowl-feeder-controller-sdvc34-mr\/\",\"name\":\"Vibratory Bowl Feeder Controller SDVC34-MR - SWOER\",\"isPartOf\":{\"@id\":\"https:\/\/swoer.com\/#website\"},\"primaryImageOfPage\":{\"@id\":\"https:\/\/swoer.com\/manufacturer\/vibratory-bowl-feeder-controller-sdvc34-mr\/#primaryimage\"},\"image\":{\"@id\":\"https:\/\/swoer.com\/manufacturer\/vibratory-bowl-feeder-controller-sdvc34-mr\/#primaryimage\"},\"thumbnailUrl\":\"https:\/\/swoer.com\/wp-content\/uploads\/2024\/07\/Vibratory-Bowl-Feeder-Controller-SDVC34-MR-1.webp\",\"datePublished\":\"2024-07-06T00:52:41+00:00\",\"dateModified\":\"2024-08-16T06:12:47+00:00\",\"description\":\"The SDVC34-MR is an intelligent controller designed to enhance the efficiency and precision of your vibratory bowl feeder. Its advanced features, including automatic frequency search, synchronized output, speed preset, adjustable slow start, high precision automatic voltage stabilization, sensor adaptability, remote speed control, DC control output, dual switch sensor material full\/empty shutdown, counting function, and 485 communication, ensure smooth, consistent material handling.\",\"breadcrumb\":{\"@id\":\"https:\/\/swoer.com\/manufacturer\/vibratory-bowl-feeder-controller-sdvc34-mr\/#breadcrumb\"},\"inLanguage\":\"tr\",\"potentialAction\":[{\"@type\":\"ReadAction\",\"target\":[\"https:\/\/swoer.com\/manufacturer\/vibratory-bowl-feeder-controller-sdvc34-mr\/\"]}]},{\"@type\":\"ImageObject\",\"inLanguage\":\"tr\",\"@id\":\"https:\/\/swoer.com\/manufacturer\/vibratory-bowl-feeder-controller-sdvc34-mr\/#primaryimage\",\"url\":\"https:\/\/swoer.com\/wp-content\/uploads\/2024\/07\/Vibratory-Bowl-Feeder-Controller-SDVC34-MR-1.webp\",\"contentUrl\":\"https:\/\/swoer.com\/wp-content\/uploads\/2024\/07\/Vibratory-Bowl-Feeder-Controller-SDVC34-MR-1.webp\",\"width\":1000,\"height\":1000,\"caption\":\"Vibratory Bowl Feeder Controller SDVC34-MR\"},{\"@type\":\"BreadcrumbList\",\"@id\":\"https:\/\/swoer.com\/manufacturer\/vibratory-bowl-feeder-controller-sdvc34-mr\/#breadcrumb\",\"itemListElement\":[{\"@type\":\"ListItem\",\"position\":1,\"name\":\"Home\",\"item\":\"https:\/\/swoer.com\/\"},{\"@type\":\"ListItem\",\"position\":2,\"name\":\"Shop\",\"item\":\"https:\/\/swoer.com\/shop\/\"},{\"@type\":\"ListItem\",\"position\":3,\"name\":\"Vibratory Bowl Feeder Controller SDVC34-MR\"}]},{\"@type\":\"WebSite\",\"@id\":\"https:\/\/swoer.com\/#website\",\"url\":\"https:\/\/swoer.com\/\",\"name\":\"SWOER\",\"description\":\"Swoer is the top 3 vibratory bowl feeder manufacturer in China\",\"potentialAction\":[{\"@type\":\"SearchAction\",\"target\":{\"@type\":\"EntryPoint\",\"urlTemplate\":\"https:\/\/swoer.com\/?s={search_term_string}\"},\"query-input\":\"required name=search_term_string\"}],\"inLanguage\":\"tr\"}]}<\/script>\n<!-- \/ Yoast SEO plugin. -->","yoast_head_json":{"title":"Vibratory Bowl Feeder Controller SDVC34-MR - SWOER","description":"The SDVC34-MR is an intelligent controller designed to enhance the efficiency and precision of your vibratory bowl feeder. Its advanced features, including automatic frequency search, synchronized output, speed preset, adjustable slow start, high precision automatic voltage stabilization, sensor adaptability, remote speed control, DC control output, dual switch sensor material full\/empty shutdown, counting function, and 485 communication, ensure smooth, consistent material handling.","robots":{"index":"index","follow":"follow","max-snippet":"max-snippet:-1","max-image-preview":"max-image-preview:large","max-video-preview":"max-video-preview:-1"},"canonical":"https:\/\/swoer.com\/tr\/manufacturer\/vibratory-bowl-feeder-controller-sdvc34-mr\/","og_locale":"tr_TR","og_type":"article","og_title":"Vibratory Bowl Feeder Controller SDVC34-MR - SWOER","og_description":"The SDVC34-MR is an intelligent controller designed to enhance the efficiency and precision of your vibratory bowl feeder. Its advanced features, including automatic frequency search, synchronized output, speed preset, adjustable slow start, high precision automatic voltage stabilization, sensor adaptability, remote speed control, DC control output, dual switch sensor material full\/empty shutdown, counting function, and 485 communication, ensure smooth, consistent material handling.","og_url":"https:\/\/swoer.com\/tr\/manufacturer\/vibratory-bowl-feeder-controller-sdvc34-mr\/","og_site_name":"SWOER","article_modified_time":"2024-08-16T06:12:47+00:00","og_image":[{"width":1000,"height":1000,"url":"https:\/\/swoer.com\/wp-content\/uploads\/2024\/07\/Vibratory-Bowl-Feeder-Controller-SDVC34-MR-1.webp","type":"image\/webp"}],"twitter_card":"summary_large_image","twitter_misc":{"Tahmini okuma s\u00fcresi":"3 dakika"},"schema":{"@context":"https:\/\/schema.org","@graph":[{"@type":"WebPage","@id":"https:\/\/swoer.com\/manufacturer\/vibratory-bowl-feeder-controller-sdvc34-mr\/","url":"https:\/\/swoer.com\/manufacturer\/vibratory-bowl-feeder-controller-sdvc34-mr\/","name":"Vibratory Bowl Feeder Controller SDVC34-MR - SWOER","isPartOf":{"@id":"https:\/\/swoer.com\/#website"},"primaryImageOfPage":{"@id":"https:\/\/swoer.com\/manufacturer\/vibratory-bowl-feeder-controller-sdvc34-mr\/#primaryimage"},"image":{"@id":"https:\/\/swoer.com\/manufacturer\/vibratory-bowl-feeder-controller-sdvc34-mr\/#primaryimage"},"thumbnailUrl":"https:\/\/swoer.com\/wp-content\/uploads\/2024\/07\/Vibratory-Bowl-Feeder-Controller-SDVC34-MR-1.webp","datePublished":"2024-07-06T00:52:41+00:00","dateModified":"2024-08-16T06:12:47+00:00","description":"The SDVC34-MR is an intelligent controller designed to enhance the efficiency and precision of your vibratory bowl feeder. Its advanced features, including automatic frequency search, synchronized output, speed preset, adjustable slow start, high precision automatic voltage stabilization, sensor adaptability, remote speed control, DC control output, dual switch sensor material full\/empty shutdown, counting function, and 485 communication, ensure smooth, consistent material handling.","breadcrumb":{"@id":"https:\/\/swoer.com\/manufacturer\/vibratory-bowl-feeder-controller-sdvc34-mr\/#breadcrumb"},"inLanguage":"tr","potentialAction":[{"@type":"ReadAction","target":["https:\/\/swoer.com\/manufacturer\/vibratory-bowl-feeder-controller-sdvc34-mr\/"]}]},{"@type":"ImageObject","inLanguage":"tr","@id":"https:\/\/swoer.com\/manufacturer\/vibratory-bowl-feeder-controller-sdvc34-mr\/#primaryimage","url":"https:\/\/swoer.com\/wp-content\/uploads\/2024\/07\/Vibratory-Bowl-Feeder-Controller-SDVC34-MR-1.webp","contentUrl":"https:\/\/swoer.com\/wp-content\/uploads\/2024\/07\/Vibratory-Bowl-Feeder-Controller-SDVC34-MR-1.webp","width":1000,"height":1000,"caption":"Vibratory Bowl Feeder Controller SDVC34-MR"},{"@type":"BreadcrumbList","@id":"https:\/\/swoer.com\/manufacturer\/vibratory-bowl-feeder-controller-sdvc34-mr\/#breadcrumb","itemListElement":[{"@type":"ListItem","position":1,"name":"Home","item":"https:\/\/swoer.com\/"},{"@type":"ListItem","position":2,"name":"Shop","item":"https:\/\/swoer.com\/shop\/"},{"@type":"ListItem","position":3,"name":"Vibratory Bowl Feeder Controller SDVC34-MR"}]},{"@type":"WebSite","@id":"https:\/\/swoer.com\/#website","url":"https:\/\/swoer.com\/","name":"SWOER","description":"Swoer is the top 3 vibratory bowl feeder manufacturer in China","potentialAction":[{"@type":"SearchAction","target":{"@type":"EntryPoint","urlTemplate":"https:\/\/swoer.com\/?s={search_term_string}"},"query-input":"required name=search_term_string"}],"inLanguage":"tr"}]}},"_links":{"self":[{"href":"https:\/\/swoer.com\/tr\/wp-json\/wp\/v2\/product\/2284"}],"collection":[{"href":"https:\/\/swoer.com\/tr\/wp-json\/wp\/v2\/product"}],"about":[{"href":"https:\/\/swoer.com\/tr\/wp-json\/wp\/v2\/types\/product"}],"replies":[{"embeddable":true,"href":"https:\/\/swoer.com\/tr\/wp-json\/wp\/v2\/comments?post=2284"}],"wp:featuredmedia":[{"embeddable":true,"href":"https:\/\/swoer.com\/tr\/wp-json\/wp\/v2\/media\/2501"}],"wp:attachment":[{"href":"https:\/\/swoer.com\/tr\/wp-json\/wp\/v2\/media?parent=2284"}],"wp:term":[{"taxonomy":"product_cat","embeddable":true,"href":"https:\/\/swoer.com\/tr\/wp-json\/wp\/v2\/product_cat?post=2284"},{"taxonomy":"product_tag","embeddable":true,"href":"https:\/\/swoer.com\/tr\/wp-json\/wp\/v2\/product_tag?post=2284"}],"curies":[{"name":"wp","href":"https:\/\/api.w.org\/{rel}","templated":true}]}}