{"id":2278,"date":"2024-07-05T03:34:25","date_gmt":"2024-07-05T03:34:25","guid":{"rendered":"https:\/\/swoer.com\/?post_type=product&#038;p=2278"},"modified":"2024-08-16T14:15:24","modified_gmt":"2024-08-16T06:15:24","slug":"automated-feeder-controller-sdvc31-xl-6a","status":"publish","type":"product","link":"https:\/\/swoer.com\/tr\/manufacturer\/automated-feeder-controller-sdvc31-xl-6a\/","title":{"rendered":"Otomatik Besleyici Kontrol Cihaz\u0131 SDVC31-XL 6A"},"content":{"rendered":"<h2><strong><b>\u00d6zellikler<\/b><\/strong><\/h2>\n<ul>\n<li>Y\u00fcksek hassasiyetli otomatik voltaj stabilizasyonu<\/li>\n<li>Ayarlanabilir yava\u015f ba\u015flang\u0131\u00e7<\/li>\n<li>Anahtar sens\u00f6r\u00fc dolu\/bo\u015f durdurma<\/li>\n<li>Fotoelektrik sens\u00f6r dolu\/bo\u015f kapatma<\/li>\n<li>Uzaktan h\u0131z kontrol\u00fc<\/li>\n<li>DC kontrol \u00e7\u0131k\u0131\u015f\u0131<\/li>\n<\/ul>\n<h2><strong><b>Temel i\u015flev<\/b><\/strong><\/h2>\n<ol>\n<li><strong>Frekans Ayar\u0131:<\/strong> Kullan\u0131c\u0131lar, daha yumu\u015fak, daha sessiz ve enerji tasarrufu sa\u011flayan bir besleme etkisi i\u00e7in kontrol cihaz\u0131n\u0131n \u00e7\u0131k\u0131\u015f frekans\u0131n\u0131 ayarlar.<\/li>\n<li><strong>Y\u00fcksek Hassasiyetli Otomatik Gerilim Stabilizasyonu:<\/strong> Sistem, yerle\u015fik bir dijital devre kullanarak voltaj\u0131 dengeler ve b\u00f6ylece g\u00fc\u00e7 kayna\u011f\u0131 dalgalanmalar\u0131ndan dolay\u0131 meydana gelen besleme h\u0131z\u0131 de\u011fi\u015fikliklerini ortadan kald\u0131r\u0131r.<\/li>\n<li><strong>Ayarlanabilir Yava\u015f Ba\u015flang\u0131\u00e7:<\/strong> Titre\u015fim plakas\u0131 \u00fczerindeki etkiyi en aza indirmek i\u00e7in \u00e7\u0131k\u0131\u015f voltaj\u0131 kademeli olarak s\u0131f\u0131rdan \u00f6nceden ayarlanan seviyeye kadar artar. Kullan\u0131c\u0131lar yava\u015f ba\u015flatma s\u00fcresini dijital olarak \u00f6nceden ayarlayabilir.<\/li>\n<li><strong>Anahtar Sens\u00f6r\u00fc Dolu\/Bo\u015f Durdurma:<\/strong> NPN tipi sens\u00f6r\u00fc veya PLC uzaktan tam\/bo\u015f durdurma kontrol\u00fcn\u00fc destekler.<\/li>\n<li><strong>Fotoelektrik Sens\u00f6r Dolu\/Bo\u015f Durdurma:<\/strong> Fotoelektrik saya\u00e7 sens\u00f6r\u00fc dolu\/bo\u015f durdurma kontrol\u00fcn\u00fc destekler.<\/li>\n<li><strong>Uzaktan H\u0131z Kontrol\u00fc:<\/strong> Kullan\u0131c\u0131lar, harici bir potansiyometre, PLC veya 1-5V voltaj sinyali kullanarak \u00e7\u0131k\u0131\u015f voltaj\u0131n\u0131 uzaktan kontrol edebilir.<\/li>\n<li><strong>DC Kontrol \u00c7\u0131k\u0131\u015f\u0131:<\/strong> Kontrol cihaz\u0131, solenoid valfler gibi cihazlar\u0131 \u00e7al\u0131\u015ft\u0131rmak i\u00e7in bir DC d\u00fc\u015f\u00fck voltaj kontrol sinyali \u00e7\u0131k\u0131\u015f\u0131 sa\u011flar.<\/li>\n<li><strong>Tu\u015f tak\u0131m\u0131 kilidi:<\/strong> T\u00fcm tu\u015flar\u0131 kilitlemek ve yanl\u0131\u015f \u00e7al\u0131\u015fmay\u0131 \u00f6nlemek i\u00e7in a\u00e7ma\/kapama tu\u015funa uzun bas\u0131n.<\/li>\n<li><strong>Maksimum \u00c7\u0131k\u0131\u015f Gerilimi Ayar\u0131:<\/strong> Kullan\u0131c\u0131lar a\u015f\u0131r\u0131 voltajdan kaynaklanan hasar\u0131 \u00f6nlemek i\u00e7in ayarlanabilir maksimum voltaj\u0131 ayarlar.<\/li>\n<li><strong>A\u015f\u0131r\u0131 Is\u0131nma Korumas\u0131:<\/strong> Kendini korumak i\u00e7in kontrol\u00f6r, \u00e7al\u0131\u015fma s\u0131cakl\u0131\u011f\u0131 \u00e7ok y\u00fckseldi\u011finde \u00e7\u0131k\u0131\u015f\u0131 durdurur.<\/li>\n<li><strong>A\u015f\u0131r\u0131 Ak\u0131m Korumas\u0131:<\/strong> Kontrol \u00fcnitesini ve titre\u015fim ekipman\u0131n\u0131 korumak i\u00e7in sistem, \u00e7al\u0131\u015fma ak\u0131m\u0131 nominal ak\u0131m\u0131 a\u015ft\u0131\u011f\u0131nda \u00e7\u0131k\u0131\u015f\u0131 durdurur.<\/li>\n<li><strong>Kurtar\u0131labilir K\u0131sa Devre Korumas\u0131:<\/strong> Sistem, hem denetleyiciyi hem de ekipman\u0131 korumak i\u00e7in k\u0131sa devre s\u0131ras\u0131nda \u00e7\u0131k\u0131\u015f\u0131 durdurur. K\u0131sa devre temizlendikten sonra sisteme normal \u015fekilde \u00e7al\u0131\u015fmas\u0131 i\u00e7in yeniden enerji verilebilir.<\/li>\n<\/ol>\n\t<div id=\"gap-1853587571\" class=\"gap-element clearfix\" style=\"display:block; height:auto;\">\n\t\t\n<style>\n#gap-1853587571 {\n  padding-top: 30px;\n}\n<\/style>\n\t<\/div>\n\t\n<h2><strong>Teknik \u00f6zellik<\/strong><\/h2>\n<table width=\"767\">\n<tbody>\n<tr>\n<td rowspan=\"2\" width=\"225\">\u00d6\u011fe<\/td>\n<td colspan=\"3\" width=\"216\">Menzil<\/td>\n<td rowspan=\"2\" width=\"72\">Birim<\/td>\n<td rowspan=\"2\" width=\"254\">Tan\u0131m<\/td>\n<\/tr>\n<tr>\n<td>Asgari<\/td>\n<td>Tipik<\/td>\n<td>Maksimum<\/td>\n<\/tr>\n<tr>\n<td>Giri\u015f gerilimi<\/td>\n<td>85<\/td>\n<td>220<\/td>\n<td>260<\/td>\n<td>V<\/td>\n<td>AC efektif de\u011feri<\/td>\n<\/tr>\n<tr>\n<td>\u00c7\u0131k\u0131\u015f voltaj\u0131 ayar aral\u0131\u011f\u0131<\/td>\n<td>0<\/td>\n<td><\/td>\n<td>260<\/td>\n<td>V<\/td>\n<td>150% giri\u015f voltaj\u0131ndan az<\/td>\n<\/tr>\n<tr>\n<td>Gerilim ayar do\u011frulu\u011fu<\/td>\n<td colspan=\"3\">1<\/td>\n<td>V<\/td>\n<td><\/td>\n<\/tr>\n<tr>\n<td>Gerilim d\u00fczenleme do\u011frulu\u011fu<\/td>\n<td>0<\/td>\n<td><\/td>\n<td>10<\/td>\n<td><\/td>\n<td>Vout\/Vin<\/td>\n<\/tr>\n<tr>\n<td>Gerilim reg\u00fclasyonu tepki s\u00fcresi<\/td>\n<td>0.0025<\/td>\n<td><\/td>\n<td>0.025<\/td>\n<td>S<\/td>\n<td>\u00c7\u0131k\u0131\u015f voltaj\u0131 d\u00f6ng\u00fcs\u00fcn\u00fcn onda biri<\/td>\n<\/tr>\n<tr>\n<td rowspan=\"2\">\u00c7\u0131k\u0131\u015f ak\u0131m\u0131 ayar aral\u0131\u011f\u0131<\/td>\n<td rowspan=\"2\">0<\/td>\n<td rowspan=\"2\"><\/td>\n<td rowspan=\"2\">10<\/td>\n<td rowspan=\"2\">A<\/td>\n<td rowspan=\"2\">SDVC31-U-Ekstra Y\u00fcksek G\u00fc\u00e7<\/td>\n<\/tr>\n<tr>\n<td rowspan=\"2\"><\/td>\n<td rowspan=\"2\"><\/td>\n<td rowspan=\"2\"><\/td>\n<td rowspan=\"2\"><\/td>\n<td rowspan=\"2\"><\/td>\n<td rowspan=\"2\"><\/td>\n<\/tr>\n<tr>\n<td>\u00c7\u0131k\u0131\u015f frekans\u0131<\/td>\n<td>40<\/td>\n<td><\/td>\n<td>400<\/td>\n<td>Hz.<\/td>\n<td><\/td>\n<\/tr>\n<tr>\n<td>Frekans ayar do\u011frulu\u011fu<\/td>\n<td colspan=\"3\">0.1<\/td>\n<td>Hz.<\/td>\n<td><\/td>\n<\/tr>\n<tr>\n<td>\u00c7\u0131k\u0131\u015f dalga formu<\/td>\n<td colspan=\"3\">sin\u00fcs<\/td>\n<td><\/td>\n<td><\/td>\n<\/tr>\n<tr>\n<td>Yava\u015f ba\u015flang\u0131\u00e7 zaman\u0131<\/td>\n<td>0<\/td>\n<td><\/td>\n<td>10<\/td>\n<td>S<\/td>\n<td>Fabrika varsay\u0131lan\u0131 0,5<\/td>\n<\/tr>\n<tr>\n<td>Gecikme s\u00fcresi aral\u0131\u011f\u0131<\/td>\n<td>0<\/td>\n<td><\/td>\n<td>20<\/td>\n<td>S<\/td>\n<td>Fabrika varsay\u0131lan\u0131 0,2<\/td>\n<\/tr>\n<tr>\n<td>Gecikme s\u00fcresi do\u011frulu\u011fu<\/td>\n<td colspan=\"3\">0.1<\/td>\n<td>S<\/td>\n<td><\/td>\n<\/tr>\n<tr>\n<td>A\u015f\u0131r\u0131 \u0131s\u0131nma koruma s\u0131cakl\u0131\u011f\u0131<\/td>\n<td>60<\/td>\n<td>65<\/td>\n<td>65<\/td>\n<td>\u00b0C<\/td>\n<td><\/td>\n<\/tr>\n<tr>\n<td>DC kontrol \u00e7\u0131k\u0131\u015f voltaj\u0131<\/td>\n<td>22<\/td>\n<td>24<\/td>\n<td>26<\/td>\n<td>V<\/td>\n<td><\/td>\n<\/tr>\n<tr>\n<td>DC kontrol \u00e7\u0131k\u0131\u015f ak\u0131m\u0131<\/td>\n<td>0<\/td>\n<td><\/td>\n<td>200<\/td>\n<td>mA<\/td>\n<td><\/td>\n<\/tr>\n<tr>\n<td>Analog kontrol modeli<\/td>\n<td colspan=\"3\">1 Haziran 5 May\u0131s<\/td>\n<td>V<\/td>\n<td>Uzaktan h\u0131z kontrol voltaj\u0131<\/td>\n<\/tr>\n<tr>\n<td>Dijital kontrol sinyali<\/td>\n<td colspan=\"3\">24<\/td>\n<td>V<\/td>\n<td>Sinyal kontrol\u00fcn\u00fc de\u011fi\u015ftir<\/td>\n<\/tr>\n<tr>\n<td>Ayarlama y\u00f6ntemi<\/td>\n<td colspan=\"3\">6<\/td>\n<td>anahtar<\/td>\n<td><\/td>\n<\/tr>\n<tr>\n<td>Y\u00fcks\u00fcz g\u00fc\u00e7 t\u00fcketimi<\/td>\n<td><\/td>\n<td>3<\/td>\n<td><\/td>\n<td>K<\/td>\n<td><\/td>\n<\/tr>\n<tr>\n<td>Ekran modu<\/td>\n<td colspan=\"3\">5<\/td>\n<td>hane<\/td>\n<td>LED dijital t\u00fcp<\/td>\n<\/tr>\n<tr>\n<td>\u00dccret ortam\u0131 s\u0131cakl\u0131\u011f\u0131<\/td>\n<td>0<\/td>\n<td>25<\/td>\n<td>40<\/td>\n<td>\u00b0C<\/td>\n<td rowspan=\"2\">Yo\u011fu\u015fma yok<\/td>\n<\/tr>\n<tr>\n<td>\u00dccret ortam\u0131 nemi<\/td>\n<td>10<\/td>\n<td>60<\/td>\n<td>85<\/td>\n<td>%<\/td>\n<\/tr>\n<\/tbody>\n<\/table>\n\t<div id=\"gap-125862612\" class=\"gap-element clearfix\" style=\"display:block; height:auto;\">\n\t\t\n<style>\n#gap-125862612 {\n  padding-top: 30px;\n}\n<\/style>\n\t<\/div>\n\t\n<h2><strong><b>Boyutlar ve A\u011f\u0131rl\u0131k<\/b><\/strong><\/h2>\n<ul>\n<li>Boyutlar: U190mm x G242mm x Y94,5mm<\/li>\n<li>A\u011f\u0131rl\u0131k: 2670g (aksesuarlar hari\u00e7)<\/li>\n<\/ul>\n\t<div class=\"img has-hover x md-x lg-x y md-y lg-y\" id=\"image_1687965026\">\n\t\t\t\t\t\t\t\t<div class=\"img-inner dark\" >\n\t\t\t<img loading=\"lazy\" decoding=\"async\" width=\"775\" height=\"574\" src=\"https:\/\/swoer.com\/wp-content\/uploads\/2024\/07\/dimension-drawing-2.webp\" class=\"attachment-original size-original\" alt=\"boyut \u00e7izimi\" srcset=\"https:\/\/swoer.com\/wp-content\/uploads\/2024\/07\/dimension-drawing-2.webp 775w, https:\/\/swoer.com\/wp-content\/uploads\/2024\/07\/dimension-drawing-2-300x222.webp 300w, https:\/\/swoer.com\/wp-content\/uploads\/2024\/07\/dimension-drawing-2-768x569.webp 768w, https:\/\/swoer.com\/wp-content\/uploads\/2024\/07\/dimension-drawing-2-16x12.webp 16w, https:\/\/swoer.com\/wp-content\/uploads\/2024\/07\/dimension-drawing-2-600x444.webp 600w\" sizes=\"(max-width: 775px) 100vw, 775px\" \/>\t\t\t\t\t\t\n\t\t\t\t\t<\/div>\n\t\t\t\t\t\t\t\t\n<style>\n#image_1687965026 {\n  width: 62%;\n}\n<\/style>\n\t<\/div>","protected":false},"excerpt":{"rendered":"<p>Otomatik Besleyici Kontrol Cihaz\u0131 SDVC31-XL 6A, y\u00fcksek hassasiyetli otomatik voltaj stabilizasyonu, ayarlanabilir yava\u015f ba\u015flatma ve anahtar sens\u00f6r\u00fc ve fotoelektrik sens\u00f6r dolu\/bo\u015f kapatma dahil \u00e7ok y\u00f6nl\u00fc kontrol se\u00e7enekleri sunar. Besleme sisteminizin performans\u0131n\u0131 ve verimlili\u011fini art\u0131rmak i\u00e7in m\u00fckemmeldir.<\/p>","protected":false},"featured_media":2505,"comment_status":"open","ping_status":"closed","template":"","meta":[],"product_cat":[45],"product_tag":[],"yoast_head":"<!-- This site is optimized with the Yoast SEO plugin v22.2 - https:\/\/yoast.com\/wordpress\/plugins\/seo\/ -->\n<title>Automated Feeder Controller SDVC31-XL 6A - SWOER<\/title>\n<meta name=\"description\" content=\"The Automated Feeder Controller SDVC31-XL 6A has high precision voltage stabilization, adjustable slow start, and remote speed control. It is ideal for efficient and reliable feeding operations.\" \/>\n<meta name=\"robots\" content=\"index, follow, max-snippet:-1, max-image-preview:large, max-video-preview:-1\" \/>\n<link rel=\"canonical\" href=\"https:\/\/swoer.com\/tr\/manufacturer\/automated-feeder-controller-sdvc31-xl-6a\/\" \/>\n<meta property=\"og:locale\" content=\"tr_TR\" \/>\n<meta property=\"og:type\" content=\"article\" \/>\n<meta property=\"og:title\" content=\"Automated Feeder Controller SDVC31-XL 6A - SWOER\" \/>\n<meta property=\"og:description\" content=\"The Automated Feeder Controller SDVC31-XL 6A has high precision voltage stabilization, adjustable slow start, and remote speed control. It is ideal for efficient and reliable feeding operations.\" \/>\n<meta property=\"og:url\" content=\"https:\/\/swoer.com\/tr\/manufacturer\/automated-feeder-controller-sdvc31-xl-6a\/\" \/>\n<meta property=\"og:site_name\" content=\"SWOER\" \/>\n<meta property=\"article:modified_time\" content=\"2024-08-16T06:15:24+00:00\" \/>\n<meta property=\"og:image\" content=\"https:\/\/swoer.com\/wp-content\/uploads\/2024\/07\/Automated-Feeder-Controller-SDVC31-XL-6A-1.webp\" \/>\n\t<meta property=\"og:image:width\" content=\"1000\" \/>\n\t<meta property=\"og:image:height\" content=\"1000\" \/>\n\t<meta property=\"og:image:type\" content=\"image\/webp\" \/>\n<meta name=\"twitter:card\" content=\"summary_large_image\" \/>\n<meta name=\"twitter:label1\" content=\"Tahmini okuma s\u00fcresi\" \/>\n\t<meta name=\"twitter:data1\" content=\"3 dakika\" \/>\n<script type=\"application\/ld+json\" class=\"yoast-schema-graph\">{\"@context\":\"https:\/\/schema.org\",\"@graph\":[{\"@type\":\"WebPage\",\"@id\":\"https:\/\/swoer.com\/manufacturer\/automated-feeder-controller-sdvc31-xl-6a\/\",\"url\":\"https:\/\/swoer.com\/manufacturer\/automated-feeder-controller-sdvc31-xl-6a\/\",\"name\":\"Automated Feeder Controller SDVC31-XL 6A - SWOER\",\"isPartOf\":{\"@id\":\"https:\/\/swoer.com\/#website\"},\"primaryImageOfPage\":{\"@id\":\"https:\/\/swoer.com\/manufacturer\/automated-feeder-controller-sdvc31-xl-6a\/#primaryimage\"},\"image\":{\"@id\":\"https:\/\/swoer.com\/manufacturer\/automated-feeder-controller-sdvc31-xl-6a\/#primaryimage\"},\"thumbnailUrl\":\"https:\/\/swoer.com\/wp-content\/uploads\/2024\/07\/Automated-Feeder-Controller-SDVC31-XL-6A-1.webp\",\"datePublished\":\"2024-07-05T03:34:25+00:00\",\"dateModified\":\"2024-08-16T06:15:24+00:00\",\"description\":\"The Automated Feeder Controller SDVC31-XL 6A has high precision voltage stabilization, adjustable slow start, and remote speed control. It is ideal for efficient and reliable feeding operations.\",\"breadcrumb\":{\"@id\":\"https:\/\/swoer.com\/manufacturer\/automated-feeder-controller-sdvc31-xl-6a\/#breadcrumb\"},\"inLanguage\":\"tr\",\"potentialAction\":[{\"@type\":\"ReadAction\",\"target\":[\"https:\/\/swoer.com\/manufacturer\/automated-feeder-controller-sdvc31-xl-6a\/\"]}]},{\"@type\":\"ImageObject\",\"inLanguage\":\"tr\",\"@id\":\"https:\/\/swoer.com\/manufacturer\/automated-feeder-controller-sdvc31-xl-6a\/#primaryimage\",\"url\":\"https:\/\/swoer.com\/wp-content\/uploads\/2024\/07\/Automated-Feeder-Controller-SDVC31-XL-6A-1.webp\",\"contentUrl\":\"https:\/\/swoer.com\/wp-content\/uploads\/2024\/07\/Automated-Feeder-Controller-SDVC31-XL-6A-1.webp\",\"width\":1000,\"height\":1000,\"caption\":\"Automated Feeder Controller SDVC31-XL 6A\"},{\"@type\":\"BreadcrumbList\",\"@id\":\"https:\/\/swoer.com\/manufacturer\/automated-feeder-controller-sdvc31-xl-6a\/#breadcrumb\",\"itemListElement\":[{\"@type\":\"ListItem\",\"position\":1,\"name\":\"Home\",\"item\":\"https:\/\/swoer.com\/\"},{\"@type\":\"ListItem\",\"position\":2,\"name\":\"Shop\",\"item\":\"https:\/\/swoer.com\/shop\/\"},{\"@type\":\"ListItem\",\"position\":3,\"name\":\"Automated Feeder Controller SDVC31-XL 6A\"}]},{\"@type\":\"WebSite\",\"@id\":\"https:\/\/swoer.com\/#website\",\"url\":\"https:\/\/swoer.com\/\",\"name\":\"SWOER\",\"description\":\"Swoer is the top 3 vibratory bowl feeder manufacturer in China\",\"potentialAction\":[{\"@type\":\"SearchAction\",\"target\":{\"@type\":\"EntryPoint\",\"urlTemplate\":\"https:\/\/swoer.com\/?s={search_term_string}\"},\"query-input\":\"required name=search_term_string\"}],\"inLanguage\":\"tr\"}]}<\/script>\n<!-- \/ Yoast SEO plugin. -->","yoast_head_json":{"title":"Automated Feeder Controller SDVC31-XL 6A - SWOER","description":"The Automated Feeder Controller SDVC31-XL 6A has high precision voltage stabilization, adjustable slow start, and remote speed control. It is ideal for efficient and reliable feeding operations.","robots":{"index":"index","follow":"follow","max-snippet":"max-snippet:-1","max-image-preview":"max-image-preview:large","max-video-preview":"max-video-preview:-1"},"canonical":"https:\/\/swoer.com\/tr\/manufacturer\/automated-feeder-controller-sdvc31-xl-6a\/","og_locale":"tr_TR","og_type":"article","og_title":"Automated Feeder Controller SDVC31-XL 6A - SWOER","og_description":"The Automated Feeder Controller SDVC31-XL 6A has high precision voltage stabilization, adjustable slow start, and remote speed control. It is ideal for efficient and reliable feeding operations.","og_url":"https:\/\/swoer.com\/tr\/manufacturer\/automated-feeder-controller-sdvc31-xl-6a\/","og_site_name":"SWOER","article_modified_time":"2024-08-16T06:15:24+00:00","og_image":[{"width":1000,"height":1000,"url":"https:\/\/swoer.com\/wp-content\/uploads\/2024\/07\/Automated-Feeder-Controller-SDVC31-XL-6A-1.webp","type":"image\/webp"}],"twitter_card":"summary_large_image","twitter_misc":{"Tahmini okuma s\u00fcresi":"3 dakika"},"schema":{"@context":"https:\/\/schema.org","@graph":[{"@type":"WebPage","@id":"https:\/\/swoer.com\/manufacturer\/automated-feeder-controller-sdvc31-xl-6a\/","url":"https:\/\/swoer.com\/manufacturer\/automated-feeder-controller-sdvc31-xl-6a\/","name":"Automated Feeder Controller SDVC31-XL 6A - SWOER","isPartOf":{"@id":"https:\/\/swoer.com\/#website"},"primaryImageOfPage":{"@id":"https:\/\/swoer.com\/manufacturer\/automated-feeder-controller-sdvc31-xl-6a\/#primaryimage"},"image":{"@id":"https:\/\/swoer.com\/manufacturer\/automated-feeder-controller-sdvc31-xl-6a\/#primaryimage"},"thumbnailUrl":"https:\/\/swoer.com\/wp-content\/uploads\/2024\/07\/Automated-Feeder-Controller-SDVC31-XL-6A-1.webp","datePublished":"2024-07-05T03:34:25+00:00","dateModified":"2024-08-16T06:15:24+00:00","description":"The Automated Feeder Controller SDVC31-XL 6A has high precision voltage stabilization, adjustable slow start, and remote speed control. It is ideal for efficient and reliable feeding operations.","breadcrumb":{"@id":"https:\/\/swoer.com\/manufacturer\/automated-feeder-controller-sdvc31-xl-6a\/#breadcrumb"},"inLanguage":"tr","potentialAction":[{"@type":"ReadAction","target":["https:\/\/swoer.com\/manufacturer\/automated-feeder-controller-sdvc31-xl-6a\/"]}]},{"@type":"ImageObject","inLanguage":"tr","@id":"https:\/\/swoer.com\/manufacturer\/automated-feeder-controller-sdvc31-xl-6a\/#primaryimage","url":"https:\/\/swoer.com\/wp-content\/uploads\/2024\/07\/Automated-Feeder-Controller-SDVC31-XL-6A-1.webp","contentUrl":"https:\/\/swoer.com\/wp-content\/uploads\/2024\/07\/Automated-Feeder-Controller-SDVC31-XL-6A-1.webp","width":1000,"height":1000,"caption":"Automated Feeder Controller SDVC31-XL 6A"},{"@type":"BreadcrumbList","@id":"https:\/\/swoer.com\/manufacturer\/automated-feeder-controller-sdvc31-xl-6a\/#breadcrumb","itemListElement":[{"@type":"ListItem","position":1,"name":"Home","item":"https:\/\/swoer.com\/"},{"@type":"ListItem","position":2,"name":"Shop","item":"https:\/\/swoer.com\/shop\/"},{"@type":"ListItem","position":3,"name":"Automated Feeder Controller SDVC31-XL 6A"}]},{"@type":"WebSite","@id":"https:\/\/swoer.com\/#website","url":"https:\/\/swoer.com\/","name":"SWOER","description":"Swoer is the top 3 vibratory bowl feeder manufacturer in China","potentialAction":[{"@type":"SearchAction","target":{"@type":"EntryPoint","urlTemplate":"https:\/\/swoer.com\/?s={search_term_string}"},"query-input":"required name=search_term_string"}],"inLanguage":"tr"}]}},"_links":{"self":[{"href":"https:\/\/swoer.com\/tr\/wp-json\/wp\/v2\/product\/2278"}],"collection":[{"href":"https:\/\/swoer.com\/tr\/wp-json\/wp\/v2\/product"}],"about":[{"href":"https:\/\/swoer.com\/tr\/wp-json\/wp\/v2\/types\/product"}],"replies":[{"embeddable":true,"href":"https:\/\/swoer.com\/tr\/wp-json\/wp\/v2\/comments?post=2278"}],"wp:featuredmedia":[{"embeddable":true,"href":"https:\/\/swoer.com\/tr\/wp-json\/wp\/v2\/media\/2505"}],"wp:attachment":[{"href":"https:\/\/swoer.com\/tr\/wp-json\/wp\/v2\/media?parent=2278"}],"wp:term":[{"taxonomy":"product_cat","embeddable":true,"href":"https:\/\/swoer.com\/tr\/wp-json\/wp\/v2\/product_cat?post=2278"},{"taxonomy":"product_tag","embeddable":true,"href":"https:\/\/swoer.com\/tr\/wp-json\/wp\/v2\/product_tag?post=2278"}],"curies":[{"name":"wp","href":"https:\/\/api.w.org\/{rel}","templated":true}]}}