{"id":2272,"date":"2024-07-04T01:57:14","date_gmt":"2024-07-04T01:57:14","guid":{"rendered":"https:\/\/swoer.com\/?post_type=product&#038;p=2272"},"modified":"2024-08-16T14:17:52","modified_gmt":"2024-08-16T06:17:52","slug":"bowl-feeder-controller-sdvc31-u-10a","status":"publish","type":"product","link":"https:\/\/swoer.com\/tr\/manufacturer\/bowl-feeder-controller-sdvc31-u-10a\/","title":{"rendered":"Kase Besleyici Kontrol Cihaz\u0131 SDVC31-U 10A"},"content":{"rendered":"<h2><strong><b>\u00d6zellikler<\/b><\/strong><\/h2>\n<ul>\n<li>Frekans ve y\u00fcksek hassasiyetli otomatik voltaj stabilizasyonu<\/li>\n<li>Ayarlanabilir yava\u015f ba\u015flang\u0131\u00e7<\/li>\n<li>Anahtar sens\u00f6r\u00fc dolu\/bo\u015f durdurma<\/li>\n<li>Fotoelektrik sens\u00f6r dolu\/bo\u015f kapatma<\/li>\n<li>Uzaktan h\u0131z kontrol\u00fc<\/li>\n<li>DC kontrol \u00e7\u0131k\u0131\u015f\u0131<\/li>\n<li>Tu\u015f tak\u0131m\u0131 kilitleme<\/li>\n<\/ul>\n\t<div id=\"gap-747242975\" class=\"gap-element clearfix\" style=\"display:block; height:auto;\">\n\t\t\n<style>\n#gap-747242975 {\n  padding-top: 30px;\n}\n<\/style>\n\t<\/div>\n\t\n<p>Teknik \u00f6zellik<\/p>\n<table width=\"767\">\n<tbody>\n<tr>\n<td rowspan=\"2\" width=\"225\">\u00d6\u011fe<\/td>\n<td colspan=\"3\" width=\"216\">Menzil<\/td>\n<td rowspan=\"2\" width=\"72\">Birim<\/td>\n<td rowspan=\"2\" width=\"254\">Tan\u0131m<\/td>\n<\/tr>\n<tr>\n<td>Asgari<\/td>\n<td>Tipik<\/td>\n<td>Maksimum<\/td>\n<\/tr>\n<tr>\n<td>Giri\u015f gerilimi<\/td>\n<td>85<\/td>\n<td>220<\/td>\n<td>260<\/td>\n<td>V<\/td>\n<td>AC efektif de\u011feri<\/td>\n<\/tr>\n<tr>\n<td>\u00c7\u0131k\u0131\u015f voltaj\u0131 ayar aral\u0131\u011f\u0131<\/td>\n<td>0<\/td>\n<td><\/td>\n<td>260<\/td>\n<td>V<\/td>\n<td>150% giri\u015f voltaj\u0131ndan az<\/td>\n<\/tr>\n<tr>\n<td>Gerilim ayar do\u011frulu\u011fu<\/td>\n<td colspan=\"3\">1<\/td>\n<td>V<\/td>\n<td><\/td>\n<\/tr>\n<tr>\n<td>Gerilim d\u00fczenleme do\u011frulu\u011fu<\/td>\n<td>0<\/td>\n<td><\/td>\n<td>10<\/td>\n<td><\/td>\n<td>Vout\/Vin<\/td>\n<\/tr>\n<tr>\n<td>Gerilim reg\u00fclasyonu tepki s\u00fcresi<\/td>\n<td>0.0025<\/td>\n<td><\/td>\n<td>0.025<\/td>\n<td>S<\/td>\n<td>\u00c7\u0131k\u0131\u015f voltaj\u0131 d\u00f6ng\u00fcs\u00fcn\u00fcn onda biri<\/td>\n<\/tr>\n<tr>\n<td rowspan=\"2\">\u00c7\u0131k\u0131\u015f ak\u0131m\u0131 ayar aral\u0131\u011f\u0131<\/td>\n<td rowspan=\"2\">0<\/td>\n<td rowspan=\"2\"><\/td>\n<td rowspan=\"2\">10<\/td>\n<td rowspan=\"2\">A<\/td>\n<td rowspan=\"2\">SDVC31-U-Ekstra Y\u00fcksek G\u00fc\u00e7<\/td>\n<\/tr>\n<tr>\n<td rowspan=\"2\"><\/td>\n<td rowspan=\"2\"><\/td>\n<td rowspan=\"2\"><\/td>\n<td rowspan=\"2\"><\/td>\n<td rowspan=\"2\"><\/td>\n<td rowspan=\"2\"><\/td>\n<\/tr>\n<tr>\n<td>\u00c7\u0131k\u0131\u015f frekans\u0131<\/td>\n<td>40<\/td>\n<td><\/td>\n<td>400<\/td>\n<td>Hz.<\/td>\n<td><\/td>\n<\/tr>\n<tr>\n<td>Frekans ayar do\u011frulu\u011fu<\/td>\n<td colspan=\"3\">0.1<\/td>\n<td>Hz.<\/td>\n<td><\/td>\n<\/tr>\n<tr>\n<td>\u00c7\u0131k\u0131\u015f dalga formu<\/td>\n<td colspan=\"3\">sin\u00fcs<\/td>\n<td><\/td>\n<td><\/td>\n<\/tr>\n<tr>\n<td>Yava\u015f ba\u015flang\u0131\u00e7 zaman\u0131<\/td>\n<td>0<\/td>\n<td><\/td>\n<td>10<\/td>\n<td>S<\/td>\n<td>Fabrika varsay\u0131lan\u0131 0,5<\/td>\n<\/tr>\n<tr>\n<td>Gecikme s\u00fcresi aral\u0131\u011f\u0131<\/td>\n<td>0<\/td>\n<td><\/td>\n<td>20<\/td>\n<td>S<\/td>\n<td>Fabrika varsay\u0131lan\u0131 0,2<\/td>\n<\/tr>\n<tr>\n<td>Gecikme s\u00fcresi do\u011frulu\u011fu<\/td>\n<td colspan=\"3\">0.1<\/td>\n<td>S<\/td>\n<td><\/td>\n<\/tr>\n<tr>\n<td>A\u015f\u0131r\u0131 \u0131s\u0131nma koruma s\u0131cakl\u0131\u011f\u0131<\/td>\n<td>60<\/td>\n<td>65<\/td>\n<td>65<\/td>\n<td>\u00b0C<\/td>\n<td><\/td>\n<\/tr>\n<tr>\n<td>DC kontrol \u00e7\u0131k\u0131\u015f voltaj\u0131<\/td>\n<td>22<\/td>\n<td>24<\/td>\n<td>26<\/td>\n<td>V<\/td>\n<td><\/td>\n<\/tr>\n<tr>\n<td>DC kontrol \u00e7\u0131k\u0131\u015f ak\u0131m\u0131<\/td>\n<td>0<\/td>\n<td><\/td>\n<td>200<\/td>\n<td>mA<\/td>\n<td><\/td>\n<\/tr>\n<tr>\n<td>Analog kontrol modeli<\/td>\n<td colspan=\"3\">1-5<\/td>\n<td>V<\/td>\n<td>Uzaktan h\u0131z kontrol voltaj\u0131<\/td>\n<\/tr>\n<tr>\n<td>Dijital kontrol sinyali<\/td>\n<td colspan=\"3\">24<\/td>\n<td>V<\/td>\n<td>Sinyal kontrol\u00fcn\u00fc de\u011fi\u015ftir<\/td>\n<\/tr>\n<tr>\n<td>Ayarlama y\u00f6ntemi<\/td>\n<td colspan=\"3\">6<\/td>\n<td>anahtar<\/td>\n<td><\/td>\n<\/tr>\n<tr>\n<td>Y\u00fcks\u00fcz g\u00fc\u00e7 t\u00fcketimi<\/td>\n<td><\/td>\n<td>3<\/td>\n<td><\/td>\n<td>K<\/td>\n<td><\/td>\n<\/tr>\n<tr>\n<td>Ekran modu<\/td>\n<td colspan=\"3\">5<\/td>\n<td>hane<\/td>\n<td>LED dijital t\u00fcp<\/td>\n<\/tr>\n<tr>\n<td>\u00dccret ortam\u0131 s\u0131cakl\u0131\u011f\u0131<\/td>\n<td>0<\/td>\n<td>25<\/td>\n<td>40<\/td>\n<td>\u00b0C<\/td>\n<td rowspan=\"2\">Yo\u011fu\u015fma yok<\/td>\n<\/tr>\n<tr>\n<td>\u00dccret ortam\u0131 nemi<\/td>\n<td>10<\/td>\n<td>60<\/td>\n<td>85<\/td>\n<td>%<\/td>\n<\/tr>\n<\/tbody>\n<\/table>\n\t<div id=\"gap-543831555\" class=\"gap-element clearfix\" style=\"display:block; height:auto;\">\n\t\t\n<style>\n#gap-543831555 {\n  padding-top: 30px;\n}\n<\/style>\n\t<\/div>\n\t\n<h2><strong><b>Boyutlar ve A\u011f\u0131rl\u0131k<\/b><\/strong><\/h2>\n<ul>\n<li>Boyutlar: U190mm x G242mm x Y94,5mm<\/li>\n<li>A\u011f\u0131rl\u0131k: 2670g (aksesuarlar hari\u00e7)<\/li>\n<\/ul>\n\t<div id=\"gap-1083796617\" class=\"gap-element clearfix\" style=\"display:block; height:auto;\">\n\t\t\n<style>\n#gap-1083796617 {\n  padding-top: 30px;\n}\n<\/style>\n\t<\/div>\n\t\n\t<div class=\"img has-hover x md-x lg-x y md-y lg-y\" id=\"image_398622463\">\n\t\t\t\t\t\t\t\t<div class=\"img-inner dark\" >\n\t\t\t<img loading=\"lazy\" decoding=\"async\" width=\"840\" height=\"538\" src=\"https:\/\/swoer.com\/wp-content\/uploads\/2024\/07\/dimension-drawing-1.webp\" class=\"attachment-original size-original\" alt=\"boyut \u00e7izimi\" srcset=\"https:\/\/swoer.com\/wp-content\/uploads\/2024\/07\/dimension-drawing-1.webp 840w, https:\/\/swoer.com\/wp-content\/uploads\/2024\/07\/dimension-drawing-1-300x192.webp 300w, https:\/\/swoer.com\/wp-content\/uploads\/2024\/07\/dimension-drawing-1-768x492.webp 768w, https:\/\/swoer.com\/wp-content\/uploads\/2024\/07\/dimension-drawing-1-18x12.webp 18w, https:\/\/swoer.com\/wp-content\/uploads\/2024\/07\/dimension-drawing-1-600x384.webp 600w\" sizes=\"(max-width: 840px) 100vw, 840px\" \/>\t\t\t\t\t\t\n\t\t\t\t\t<\/div>\n\t\t\t\t\t\t\t\t\n<style>\n#image_398622463 {\n  width: 68%;\n}\n<\/style>\n\t<\/div>","protected":false},"excerpt":{"rendered":"<p>Kase Besleyici Denetleyicisi SDVC31-U 10A, optimum performans ve g\u00fcvenilirlik i\u00e7in tasarlanm\u0131\u015ft\u0131r. Y\u00fcksek hassasiyetli otomatik voltaj stabilizasyonu, ayarlanabilir yava\u015f ba\u015flatma, sens\u00f6r tabanl\u0131 tam\/bo\u015f kapatma, uzaktan h\u0131z kontrol\u00fc ve DC kontrol \u00e7\u0131k\u0131\u015f\u0131 gibi \u00f6zelliklere sahiptir. Kontrol\u00f6r ayn\u0131 zamanda g\u00fcvenli \u00e7al\u0131\u015fma i\u00e7in bir tu\u015f tak\u0131m\u0131 kilidi de i\u00e7erir, bu da onu modern besleme sistemleri i\u00e7in vazge\u00e7ilmez bir bile\u015fen haline getirir.<\/p>","protected":false},"featured_media":2509,"comment_status":"open","ping_status":"closed","template":"","meta":[],"product_cat":[45],"product_tag":[],"yoast_head":"<!-- This site is optimized with the Yoast SEO plugin v22.2 - https:\/\/yoast.com\/wordpress\/plugins\/seo\/ -->\n<title>Bowl Feeder Controller SDVC31-U 10A - SWOER<\/title>\n<meta name=\"description\" content=\"Unleash the power of Bowl Feeder Controller SDVC31-U 10A, featuring high precision automatic voltage stabilization, adjustable slow start, sensor-based full\/empty stop, remote speed control, and more. Enhance your feeding systems with top-notch reliability and performance.\" \/>\n<meta name=\"robots\" content=\"index, follow, max-snippet:-1, max-image-preview:large, max-video-preview:-1\" \/>\n<link rel=\"canonical\" href=\"https:\/\/swoer.com\/tr\/manufacturer\/bowl-feeder-controller-sdvc31-u-10a\/\" \/>\n<meta property=\"og:locale\" content=\"tr_TR\" \/>\n<meta property=\"og:type\" content=\"article\" \/>\n<meta property=\"og:title\" content=\"Bowl Feeder Controller SDVC31-U 10A - SWOER\" \/>\n<meta property=\"og:description\" content=\"Unleash the power of Bowl Feeder Controller SDVC31-U 10A, featuring high precision automatic voltage stabilization, adjustable slow start, sensor-based full\/empty stop, remote speed control, and more. Enhance your feeding systems with top-notch reliability and performance.\" \/>\n<meta property=\"og:url\" content=\"https:\/\/swoer.com\/tr\/manufacturer\/bowl-feeder-controller-sdvc31-u-10a\/\" \/>\n<meta property=\"og:site_name\" content=\"SWOER\" \/>\n<meta property=\"article:modified_time\" content=\"2024-08-16T06:17:52+00:00\" \/>\n<meta property=\"og:image\" content=\"https:\/\/swoer.com\/wp-content\/uploads\/2024\/07\/Bowl-Feeder-Controller-SDVC31-U-10A-1.webp\" \/>\n\t<meta property=\"og:image:width\" content=\"1000\" \/>\n\t<meta property=\"og:image:height\" content=\"1000\" \/>\n\t<meta property=\"og:image:type\" content=\"image\/webp\" \/>\n<meta name=\"twitter:card\" content=\"summary_large_image\" \/>\n<meta name=\"twitter:label1\" content=\"Tahmini okuma s\u00fcresi\" \/>\n\t<meta name=\"twitter:data1\" content=\"2 dakika\" \/>\n<script type=\"application\/ld+json\" class=\"yoast-schema-graph\">{\"@context\":\"https:\/\/schema.org\",\"@graph\":[{\"@type\":\"WebPage\",\"@id\":\"https:\/\/swoer.com\/manufacturer\/bowl-feeder-controller-sdvc31-u-10a\/\",\"url\":\"https:\/\/swoer.com\/manufacturer\/bowl-feeder-controller-sdvc31-u-10a\/\",\"name\":\"Bowl Feeder Controller SDVC31-U 10A - SWOER\",\"isPartOf\":{\"@id\":\"https:\/\/swoer.com\/#website\"},\"primaryImageOfPage\":{\"@id\":\"https:\/\/swoer.com\/manufacturer\/bowl-feeder-controller-sdvc31-u-10a\/#primaryimage\"},\"image\":{\"@id\":\"https:\/\/swoer.com\/manufacturer\/bowl-feeder-controller-sdvc31-u-10a\/#primaryimage\"},\"thumbnailUrl\":\"https:\/\/swoer.com\/wp-content\/uploads\/2024\/07\/Bowl-Feeder-Controller-SDVC31-U-10A-1.webp\",\"datePublished\":\"2024-07-04T01:57:14+00:00\",\"dateModified\":\"2024-08-16T06:17:52+00:00\",\"description\":\"Unleash the power of Bowl Feeder Controller SDVC31-U 10A, featuring high precision automatic voltage stabilization, adjustable slow start, sensor-based full\/empty stop, remote speed control, and more. Enhance your feeding systems with top-notch reliability and performance.\",\"breadcrumb\":{\"@id\":\"https:\/\/swoer.com\/manufacturer\/bowl-feeder-controller-sdvc31-u-10a\/#breadcrumb\"},\"inLanguage\":\"tr\",\"potentialAction\":[{\"@type\":\"ReadAction\",\"target\":[\"https:\/\/swoer.com\/manufacturer\/bowl-feeder-controller-sdvc31-u-10a\/\"]}]},{\"@type\":\"ImageObject\",\"inLanguage\":\"tr\",\"@id\":\"https:\/\/swoer.com\/manufacturer\/bowl-feeder-controller-sdvc31-u-10a\/#primaryimage\",\"url\":\"https:\/\/swoer.com\/wp-content\/uploads\/2024\/07\/Bowl-Feeder-Controller-SDVC31-U-10A-1.webp\",\"contentUrl\":\"https:\/\/swoer.com\/wp-content\/uploads\/2024\/07\/Bowl-Feeder-Controller-SDVC31-U-10A-1.webp\",\"width\":1000,\"height\":1000,\"caption\":\"Bowl Feeder Controller SDVC31-U 10A\"},{\"@type\":\"BreadcrumbList\",\"@id\":\"https:\/\/swoer.com\/manufacturer\/bowl-feeder-controller-sdvc31-u-10a\/#breadcrumb\",\"itemListElement\":[{\"@type\":\"ListItem\",\"position\":1,\"name\":\"Home\",\"item\":\"https:\/\/swoer.com\/\"},{\"@type\":\"ListItem\",\"position\":2,\"name\":\"Shop\",\"item\":\"https:\/\/swoer.com\/shop\/\"},{\"@type\":\"ListItem\",\"position\":3,\"name\":\"Bowl Feeder Controller SDVC31-U 10A\"}]},{\"@type\":\"WebSite\",\"@id\":\"https:\/\/swoer.com\/#website\",\"url\":\"https:\/\/swoer.com\/\",\"name\":\"SWOER\",\"description\":\"Swoer is the top 3 vibratory bowl feeder manufacturer in China\",\"potentialAction\":[{\"@type\":\"SearchAction\",\"target\":{\"@type\":\"EntryPoint\",\"urlTemplate\":\"https:\/\/swoer.com\/?s={search_term_string}\"},\"query-input\":\"required name=search_term_string\"}],\"inLanguage\":\"tr\"}]}<\/script>\n<!-- \/ Yoast SEO plugin. -->","yoast_head_json":{"title":"Bowl Feeder Controller SDVC31-U 10A - SWOER","description":"Unleash the power of Bowl Feeder Controller SDVC31-U 10A, featuring high precision automatic voltage stabilization, adjustable slow start, sensor-based full\/empty stop, remote speed control, and more. Enhance your feeding systems with top-notch reliability and performance.","robots":{"index":"index","follow":"follow","max-snippet":"max-snippet:-1","max-image-preview":"max-image-preview:large","max-video-preview":"max-video-preview:-1"},"canonical":"https:\/\/swoer.com\/tr\/manufacturer\/bowl-feeder-controller-sdvc31-u-10a\/","og_locale":"tr_TR","og_type":"article","og_title":"Bowl Feeder Controller SDVC31-U 10A - SWOER","og_description":"Unleash the power of Bowl Feeder Controller SDVC31-U 10A, featuring high precision automatic voltage stabilization, adjustable slow start, sensor-based full\/empty stop, remote speed control, and more. Enhance your feeding systems with top-notch reliability and performance.","og_url":"https:\/\/swoer.com\/tr\/manufacturer\/bowl-feeder-controller-sdvc31-u-10a\/","og_site_name":"SWOER","article_modified_time":"2024-08-16T06:17:52+00:00","og_image":[{"width":1000,"height":1000,"url":"https:\/\/swoer.com\/wp-content\/uploads\/2024\/07\/Bowl-Feeder-Controller-SDVC31-U-10A-1.webp","type":"image\/webp"}],"twitter_card":"summary_large_image","twitter_misc":{"Tahmini okuma s\u00fcresi":"2 dakika"},"schema":{"@context":"https:\/\/schema.org","@graph":[{"@type":"WebPage","@id":"https:\/\/swoer.com\/manufacturer\/bowl-feeder-controller-sdvc31-u-10a\/","url":"https:\/\/swoer.com\/manufacturer\/bowl-feeder-controller-sdvc31-u-10a\/","name":"Bowl Feeder Controller SDVC31-U 10A - SWOER","isPartOf":{"@id":"https:\/\/swoer.com\/#website"},"primaryImageOfPage":{"@id":"https:\/\/swoer.com\/manufacturer\/bowl-feeder-controller-sdvc31-u-10a\/#primaryimage"},"image":{"@id":"https:\/\/swoer.com\/manufacturer\/bowl-feeder-controller-sdvc31-u-10a\/#primaryimage"},"thumbnailUrl":"https:\/\/swoer.com\/wp-content\/uploads\/2024\/07\/Bowl-Feeder-Controller-SDVC31-U-10A-1.webp","datePublished":"2024-07-04T01:57:14+00:00","dateModified":"2024-08-16T06:17:52+00:00","description":"Unleash the power of Bowl Feeder Controller SDVC31-U 10A, featuring high precision automatic voltage stabilization, adjustable slow start, sensor-based full\/empty stop, remote speed control, and more. Enhance your feeding systems with top-notch reliability and performance.","breadcrumb":{"@id":"https:\/\/swoer.com\/manufacturer\/bowl-feeder-controller-sdvc31-u-10a\/#breadcrumb"},"inLanguage":"tr","potentialAction":[{"@type":"ReadAction","target":["https:\/\/swoer.com\/manufacturer\/bowl-feeder-controller-sdvc31-u-10a\/"]}]},{"@type":"ImageObject","inLanguage":"tr","@id":"https:\/\/swoer.com\/manufacturer\/bowl-feeder-controller-sdvc31-u-10a\/#primaryimage","url":"https:\/\/swoer.com\/wp-content\/uploads\/2024\/07\/Bowl-Feeder-Controller-SDVC31-U-10A-1.webp","contentUrl":"https:\/\/swoer.com\/wp-content\/uploads\/2024\/07\/Bowl-Feeder-Controller-SDVC31-U-10A-1.webp","width":1000,"height":1000,"caption":"Bowl Feeder Controller SDVC31-U 10A"},{"@type":"BreadcrumbList","@id":"https:\/\/swoer.com\/manufacturer\/bowl-feeder-controller-sdvc31-u-10a\/#breadcrumb","itemListElement":[{"@type":"ListItem","position":1,"name":"Home","item":"https:\/\/swoer.com\/"},{"@type":"ListItem","position":2,"name":"Shop","item":"https:\/\/swoer.com\/shop\/"},{"@type":"ListItem","position":3,"name":"Bowl Feeder Controller SDVC31-U 10A"}]},{"@type":"WebSite","@id":"https:\/\/swoer.com\/#website","url":"https:\/\/swoer.com\/","name":"SWOER","description":"Swoer is the top 3 vibratory bowl feeder manufacturer in China","potentialAction":[{"@type":"SearchAction","target":{"@type":"EntryPoint","urlTemplate":"https:\/\/swoer.com\/?s={search_term_string}"},"query-input":"required name=search_term_string"}],"inLanguage":"tr"}]}},"_links":{"self":[{"href":"https:\/\/swoer.com\/tr\/wp-json\/wp\/v2\/product\/2272"}],"collection":[{"href":"https:\/\/swoer.com\/tr\/wp-json\/wp\/v2\/product"}],"about":[{"href":"https:\/\/swoer.com\/tr\/wp-json\/wp\/v2\/types\/product"}],"replies":[{"embeddable":true,"href":"https:\/\/swoer.com\/tr\/wp-json\/wp\/v2\/comments?post=2272"}],"wp:featuredmedia":[{"embeddable":true,"href":"https:\/\/swoer.com\/tr\/wp-json\/wp\/v2\/media\/2509"}],"wp:attachment":[{"href":"https:\/\/swoer.com\/tr\/wp-json\/wp\/v2\/media?parent=2272"}],"wp:term":[{"taxonomy":"product_cat","embeddable":true,"href":"https:\/\/swoer.com\/tr\/wp-json\/wp\/v2\/product_cat?post=2272"},{"taxonomy":"product_tag","embeddable":true,"href":"https:\/\/swoer.com\/tr\/wp-json\/wp\/v2\/product_tag?post=2272"}],"curies":[{"name":"wp","href":"https:\/\/api.w.org\/{rel}","templated":true}]}}