{"id":2254,"date":"2024-06-29T01:47:26","date_gmt":"2024-06-29T01:47:26","guid":{"rendered":"https:\/\/swoer.com\/?post_type=product&#038;p=2254"},"modified":"2024-12-13T15:35:22","modified_gmt":"2024-12-13T07:35:22","slug":"flex-feeding-and-conveying-machines-with-spider-robot","status":"publish","type":"product","link":"https:\/\/swoer.com\/tr\/manufacturer\/flex-feeding-and-conveying-machines-with-spider-robot\/","title":{"rendered":"\u00d6r\u00fcmcek Robotlu Otomatik Par\u00e7a Flex Besleme ve Ta\u015f\u0131ma Makinalar\u0131"},"content":{"rendered":"<h2>\u00dcr\u00fcn \u00d6zellikleri<\/h2>\n<div class=\"avatar-gutter ng-tns-c2351017130-57 ng-star-inserted\">\n<div class=\"resize-observable\"><\/div>\n<\/div>\n<div class=\"response-container-content ng-tns-c2351017130-57\">\n<div class=\"response-content ng-tns-c2351017130-57\">\n<div class=\"markdown markdown-main-panel\" dir=\"ltr\">\n<p class=\"first-token\" data-sourcepos=\"1:1-1:8\">\u00d6r\u00fcmcek robot \u00f6zelliklerine sahip otomatik par\u00e7a esnek besleme ve ta\u015f\u0131ma makineleri \u015funlard\u0131r:<\/p>\n<ul data-sourcepos=\"3:1-3:106\">\n<li data-sourcepos=\"3:1-3:106\"><strong>Zahmetsiz Hassasiyet ve H\u0131z:<\/strong> Y\u00fcksek performansl\u0131 \u00f6r\u00fcmcek robotumuz, benzersiz do\u011fruluk ve h\u0131z sunarak \u00fcretim hatt\u0131n\u0131z\u0131n verimlili\u011fini art\u0131r\u0131r.<\/li>\n<li data-sourcepos=\"4:1-4:31\"><strong>Tak ve \u00c7al\u0131\u015ft\u0131r Basitli\u011fi:<\/strong> Karma\u015f\u0131k programlamay\u0131 unutun; kullan\u0131c\u0131 dostu sistemimiz k\u0131sa s\u00fcrede \u00e7al\u0131\u015f\u0131r hale gelmenizi sa\u011flar.<\/li>\n<li data-sourcepos=\"5:1-5:156\"><strong>Tek T\u0131klamayla Form\u00fcl S\u00fcr\u00fcc\u00fcs\u00fc:<\/strong> Tek t\u0131klamayla y\u00fcklenen sezgisel form\u00fcl s\u00fcr\u00fcc\u00fcm\u00fczle robotunuzu sorunsuz bir \u015fekilde yap\u0131land\u0131r\u0131n.<\/li>\n<li data-sourcepos=\"6:1-7:0\"><strong>E\u015fsiz \u00c7ok Y\u00f6nl\u00fcl\u00fck:<\/strong> Uyarlanabilir tasar\u0131m\u0131m\u0131z \u00e7ok say\u0131da end\u00fcstrideki farkl\u0131 uygulamalara hitap etmektedir.<\/li>\n<\/ul>\n<\/div>\n<\/div>\n<\/div>\n\t<section class=\"section\" id=\"section_1441838631\">\n\t\t<div class=\"bg section-bg fill bg-fill  bg-loaded\" >\n\n\t\t\t\n\t\t\t\n\t\t\t\n\n\t\t<\/div>\n\n\t\t\n\n\t\t<div class=\"section-content relative\">\n\t\t\t\n<h3>G\u00f6r\u00fcn\u00fcm Y\u00f6nergeleri:<\/h3>\n\t<div class=\"img has-hover x md-x lg-x y md-y lg-y\" id=\"image_1917237718\">\n\t\t\t\t\t\t\t\t<div class=\"img-inner dark\" >\n\t\t\t<img loading=\"lazy\" decoding=\"async\" width=\"794\" height=\"682\" src=\"https:\/\/swoer.com\/wp-content\/uploads\/2024\/06\/Appearance-Guidelines.webp\" class=\"attachment-original size-original\" alt=\"G\u00f6r\u00fcn\u00fcm Y\u00f6nergeleri\" srcset=\"https:\/\/swoer.com\/wp-content\/uploads\/2024\/06\/Appearance-Guidelines.webp 794w, https:\/\/swoer.com\/wp-content\/uploads\/2024\/06\/Appearance-Guidelines-300x258.webp 300w, https:\/\/swoer.com\/wp-content\/uploads\/2024\/06\/Appearance-Guidelines-768x660.webp 768w, https:\/\/swoer.com\/wp-content\/uploads\/2024\/06\/Appearance-Guidelines-14x12.webp 14w, https:\/\/swoer.com\/wp-content\/uploads\/2024\/06\/Appearance-Guidelines-600x515.webp 600w\" sizes=\"(max-width: 794px) 100vw, 794px\" \/>\t\t\t\t\t\t\n\t\t\t\t\t<\/div>\n\t\t\t\t\t\t\t\t\n<style>\n#image_1917237718 {\n  width: 100%;\n}\n<\/style>\n\t<\/div>\n\t\n<h3>\u00c7al\u0131\u015fma Parametreleri<\/h3>\n<table style=\"border-collapse: collapse; width: 525.02pt;\" border=\"0\" width=\"700\" cellspacing=\"0\" cellpadding=\"0\">\n<tbody>\n<tr style=\"height: 21.00pt;\">\n<td class=\"et3\" style=\"height: 21.00pt; width: 220.50pt;\" width=\"294\" height=\"28\">\u0130sim<\/td>\n<td class=\"et3\" style=\"width: 304.50pt;\" width=\"406\">Menzil<\/td>\n<\/tr>\n<tr style=\"height: 21.00pt;\">\n<td class=\"et3\" style=\"height: 21.00pt;\" height=\"28\">Modeli<\/td>\n<td class=\"et3\">SW-AC03<\/td>\n<\/tr>\n<tr style=\"height: 21.00pt;\">\n<td class=\"et3\" style=\"height: 21.00pt;\" height=\"28\">Gerilim<\/td>\n<td class=\"et3\">AC220W<\/td>\n<\/tr>\n<tr style=\"height: 21.00pt;\">\n<td class=\"et3\" style=\"height: 21.00pt;\" height=\"28\">G\u00fc\u00e7<\/td>\n<td class=\"et3\">500W<\/td>\n<\/tr>\n<tr style=\"height: 21.00pt;\">\n<td class=\"et3\" style=\"height: 21.00pt;\" height=\"28\">Boyutlar<\/td>\n<td class=\"et3\">224*380*650mm<\/td>\n<\/tr>\n<tr style=\"height: 21.00pt;\">\n<td class=\"et3\" style=\"height: 21.00pt;\" height=\"28\">A\u011f\u0131rl\u0131k<\/td>\n<td class=\"et3\">30kg<\/td>\n<\/tr>\n<tr style=\"height: 21.00pt;\">\n<td class=\"et3\" style=\"height: 21.00pt;\" height=\"28\">Sallanma aral\u0131\u011f\u0131<\/td>\n<td class=\"et3\">250*300mm<\/td>\n<\/tr>\n<tr style=\"height: 21.00pt;\">\n<td class=\"et3\" style=\"height: 21.00pt;\" height=\"28\">\u00c7al\u0131\u015fma aral\u0131\u011f\u0131<\/td>\n<td class=\"et3\">200*240mm<\/td>\n<\/tr>\n<tr style=\"height: 21.00pt;\">\n<td class=\"et3\" style=\"height: 21.00pt;\" height=\"28\">Azami h\u0131z<\/td>\n<td class=\"et3\">0,4 sn\/adet<\/td>\n<\/tr>\n<tr style=\"height: 21.00pt;\">\n<td class=\"et3\" style=\"height: 21.00pt;\" height=\"28\">Tekrarlanabilirlik<\/td>\n<td class=\"et3\">\u00b1 0,1 mm<\/td>\n<\/tr>\n<tr style=\"height: 21.00pt;\">\n<td class=\"et3\" style=\"height: 21.00pt;\" height=\"28\">Esnek besleyici boyutu<\/td>\n<td class=\"et3\">100*150mm<\/td>\n<\/tr>\n<tr style=\"height: 21.00pt;\">\n<td class=\"et3\" style=\"height: 21.00pt;\" height=\"28\">\u0130letim modu<\/td>\n<td class=\"et3\">Servo motor<\/td>\n<\/tr>\n<tr style=\"height: 21.00pt;\">\n<td class=\"et3\" style=\"height: 21.00pt;\" height=\"28\">I\u015f\u0131k kayna\u011f\u0131<\/td>\n<td class=\"et3\">Kare beyaz \u0131\u015f\u0131k<\/td>\n<\/tr>\n<tr style=\"height: 21.00pt;\">\n<td class=\"et3\" style=\"height: 21.00pt;\" height=\"28\">Titre\u015fim modu<\/td>\n<td class=\"et3\">Kare beyaz \u0131\u015f\u0131k<\/td>\n<\/tr>\n<tr style=\"height: 21.00pt;\">\n<td class=\"et3\" style=\"height: 21.00pt;\" height=\"28\">\u00c7\u00f6z\u00fcn\u00fcrl\u00fck<\/td>\n<td class=\"et3\">Titre\u015fim motoru<\/td>\n<\/tr>\n<tr style=\"height: 21.00pt;\">\n<td class=\"et3\" style=\"height: 21.00pt;\" height=\"28\">Giri\u015f hava kayna\u011f\u0131<\/td>\n<td class=\"et3\">0,4~0,6MPa<\/td>\n<\/tr>\n<tr style=\"height: 21.00pt;\">\n<td class=\"et3\" style=\"height: 21.00pt;\" height=\"28\">\u00c7\u0131k\u0131\u015f hava bas\u0131nc\u0131<\/td>\n<td class=\"et3\">-4kg<\/td>\n<\/tr>\n<\/tbody>\n<\/table>\n\t\t<\/div>\n\n\t\t\n<style>\n#section_1441838631 {\n  padding-top: 30px;\n  padding-bottom: 30px;\n}\n#section_1441838631 .ux-shape-divider--top svg {\n  height: 150px;\n  --divider-top-width: 100%;\n}\n#section_1441838631 .ux-shape-divider--bottom svg {\n  height: 150px;\n  --divider-width: 100%;\n}\n<\/style>\n\t<\/section>\n\t\n<h2>SW-AC03 G\u00f6r\u00fcn\u00fcm Boyutlar\u0131<\/h2>\n\t<div class=\"img has-hover x md-x lg-x y md-y lg-y\" id=\"image_362230729\">\n\t\t\t\t\t\t\t\t<div class=\"img-inner dark\" >\n\t\t\t<img loading=\"lazy\" decoding=\"async\" width=\"1036\" height=\"582\" src=\"https:\/\/swoer.com\/wp-content\/uploads\/2024\/06\/SW-AC03-Appearance-Dimensions.webp\" class=\"attachment-original size-original\" alt=\"\" srcset=\"https:\/\/swoer.com\/wp-content\/uploads\/2024\/06\/SW-AC03-Appearance-Dimensions.webp 1036w, https:\/\/swoer.com\/wp-content\/uploads\/2024\/06\/SW-AC03-Appearance-Dimensions-300x169.webp 300w, https:\/\/swoer.com\/wp-content\/uploads\/2024\/06\/SW-AC03-Appearance-Dimensions-1024x575.webp 1024w, https:\/\/swoer.com\/wp-content\/uploads\/2024\/06\/SW-AC03-Appearance-Dimensions-768x431.webp 768w, https:\/\/swoer.com\/wp-content\/uploads\/2024\/06\/SW-AC03-Appearance-Dimensions-18x10.webp 18w, https:\/\/swoer.com\/wp-content\/uploads\/2024\/06\/SW-AC03-Appearance-Dimensions-600x337.webp 600w\" sizes=\"(max-width: 1036px) 100vw, 1036px\" \/>\t\t\t\t\t\t\n\t\t\t\t\t<\/div>\n\t\t\t\t\t\t\t\t\n<style>\n#image_362230729 {\n  width: 100%;\n}\n<\/style>\n\t<\/div>\n\t\n\t<div id=\"gap-1465367886\" class=\"gap-element clearfix\" style=\"display:block; height:auto;\">\n\t\t\n<style>\n#gap-1465367886 {\n  padding-top: 30px;\n}\n<\/style>\n\t<\/div>\n\t\n<h2>Video<\/h2>\n<div class=\"video video-fit mb\" style=\"padding-top:56.25%;\"><p><iframe loading=\"lazy\" title=\"Flex Besleme Sistemi &amp; End\u00fcstriyel \u00d6r\u00fcmcek Robot &amp; CCD Kamera Sistemi #automobile #machine #robot\" width=\"1020\" height=\"574\" src=\"https:\/\/www.youtube.com\/embed\/SF6wfrXKYvk?feature=oembed\" frameborder=\"0\" allow=\"accelerometer; autoplay; clipboard-write; encrypted-media; gyroscope; picture-in-picture; web-share\" referrerpolicy=\"strict-origin-when-cross-origin\" allowfullscreen><\/iframe><\/p>\n<\/div>","protected":false},"excerpt":{"rendered":"<p>Y\u00fcksek hassasiyetli, y\u00fcksek h\u0131zl\u0131 \u00f6r\u00fcmcek robota sahip son teknoloji otomatik par\u00e7a esnek besleme ve ta\u015f\u0131ma sistemlerimizle \u00fcretim s\u00fcrecinizi kolayla\u015ft\u0131r\u0131n. Sezgisel yaz\u0131l\u0131m\u0131m\u0131z ve \u00e7ok y\u00f6nl\u00fc form\u00fcl s\u00fcr\u00fcc\u00fcm\u00fcz zahmetsiz kurulum ve \u00e7al\u0131\u015ft\u0131rma sa\u011flarken esnek tasar\u0131m\u0131m\u0131z da geni\u015f bir uygulama yelpazesine hitap eder.<\/p>","protected":false},"featured_media":2255,"comment_status":"open","ping_status":"closed","template":"","meta":[],"product_cat":[131],"product_tag":[],"yoast_head":"<!-- This site is optimized with the Yoast SEO plugin v22.2 - https:\/\/yoast.com\/wordpress\/plugins\/seo\/ -->\n<title>Flex Feeding and Conveying Machines with Spider Robot<\/title>\n<meta name=\"description\" content=\"Experience effortless automation with our spider robot feeding system. Our intuitive, one-click formula driver and plug-and-play setup make it easy to use. Ideal for various industries.\" \/>\n<meta name=\"robots\" content=\"index, follow, max-snippet:-1, max-image-preview:large, max-video-preview:-1\" \/>\n<link rel=\"canonical\" href=\"https:\/\/swoer.com\/tr\/manufacturer\/flex-feeding-and-conveying-machines-with-spider-robot\/\" \/>\n<meta property=\"og:locale\" content=\"tr_TR\" \/>\n<meta property=\"og:type\" content=\"article\" \/>\n<meta property=\"og:title\" content=\"Flex Feeding and Conveying Machines with Spider Robot\" \/>\n<meta property=\"og:description\" content=\"Experience effortless automation with our spider robot feeding system. Our intuitive, one-click formula driver and plug-and-play setup make it easy to use. Ideal for various industries.\" \/>\n<meta property=\"og:url\" content=\"https:\/\/swoer.com\/tr\/manufacturer\/flex-feeding-and-conveying-machines-with-spider-robot\/\" \/>\n<meta property=\"og:site_name\" content=\"SWOER\" \/>\n<meta property=\"article:modified_time\" content=\"2024-12-13T07:35:22+00:00\" \/>\n<meta property=\"og:image\" content=\"https:\/\/swoer.com\/wp-content\/uploads\/2024\/06\/Automatic-Parts-Flex-Feeding-and-Conveying-Machines-with-Spider-Robot.webp\" \/>\n\t<meta property=\"og:image:width\" content=\"800\" \/>\n\t<meta property=\"og:image:height\" content=\"800\" \/>\n\t<meta property=\"og:image:type\" content=\"image\/webp\" \/>\n<meta name=\"twitter:card\" content=\"summary_large_image\" \/>\n<meta name=\"twitter:label1\" content=\"Tahmini okuma s\u00fcresi\" \/>\n\t<meta name=\"twitter:data1\" content=\"1 dakika\" \/>\n<script type=\"application\/ld+json\" class=\"yoast-schema-graph\">{\"@context\":\"https:\/\/schema.org\",\"@graph\":[{\"@type\":\"WebPage\",\"@id\":\"https:\/\/swoer.com\/manufacturer\/flex-feeding-and-conveying-machines-with-spider-robot\/\",\"url\":\"https:\/\/swoer.com\/manufacturer\/flex-feeding-and-conveying-machines-with-spider-robot\/\",\"name\":\"Flex Feeding and Conveying Machines with Spider Robot\",\"isPartOf\":{\"@id\":\"https:\/\/swoer.com\/#website\"},\"primaryImageOfPage\":{\"@id\":\"https:\/\/swoer.com\/manufacturer\/flex-feeding-and-conveying-machines-with-spider-robot\/#primaryimage\"},\"image\":{\"@id\":\"https:\/\/swoer.com\/manufacturer\/flex-feeding-and-conveying-machines-with-spider-robot\/#primaryimage\"},\"thumbnailUrl\":\"https:\/\/swoer.com\/wp-content\/uploads\/2024\/06\/Automatic-Parts-Flex-Feeding-and-Conveying-Machines-with-Spider-Robot.webp\",\"datePublished\":\"2024-06-29T01:47:26+00:00\",\"dateModified\":\"2024-12-13T07:35:22+00:00\",\"description\":\"Experience effortless automation with our spider robot feeding system. Our intuitive, one-click formula driver and plug-and-play setup make it easy to use. Ideal for various industries.\",\"breadcrumb\":{\"@id\":\"https:\/\/swoer.com\/manufacturer\/flex-feeding-and-conveying-machines-with-spider-robot\/#breadcrumb\"},\"inLanguage\":\"tr\",\"potentialAction\":[{\"@type\":\"ReadAction\",\"target\":[\"https:\/\/swoer.com\/manufacturer\/flex-feeding-and-conveying-machines-with-spider-robot\/\"]}]},{\"@type\":\"ImageObject\",\"inLanguage\":\"tr\",\"@id\":\"https:\/\/swoer.com\/manufacturer\/flex-feeding-and-conveying-machines-with-spider-robot\/#primaryimage\",\"url\":\"https:\/\/swoer.com\/wp-content\/uploads\/2024\/06\/Automatic-Parts-Flex-Feeding-and-Conveying-Machines-with-Spider-Robot.webp\",\"contentUrl\":\"https:\/\/swoer.com\/wp-content\/uploads\/2024\/06\/Automatic-Parts-Flex-Feeding-and-Conveying-Machines-with-Spider-Robot.webp\",\"width\":800,\"height\":800,\"caption\":\"Automatic Parts Flex Feeding and Conveying Machines with Spider Robot\"},{\"@type\":\"BreadcrumbList\",\"@id\":\"https:\/\/swoer.com\/manufacturer\/flex-feeding-and-conveying-machines-with-spider-robot\/#breadcrumb\",\"itemListElement\":[{\"@type\":\"ListItem\",\"position\":1,\"name\":\"Home\",\"item\":\"https:\/\/swoer.com\/\"},{\"@type\":\"ListItem\",\"position\":2,\"name\":\"Shop\",\"item\":\"https:\/\/swoer.com\/shop\/\"},{\"@type\":\"ListItem\",\"position\":3,\"name\":\"Automatic Parts Flex Feeding and Conveying Machines with Spider Robot\"}]},{\"@type\":\"WebSite\",\"@id\":\"https:\/\/swoer.com\/#website\",\"url\":\"https:\/\/swoer.com\/\",\"name\":\"SWOER\",\"description\":\"Swoer is the top 3 vibratory bowl feeder manufacturer in China\",\"potentialAction\":[{\"@type\":\"SearchAction\",\"target\":{\"@type\":\"EntryPoint\",\"urlTemplate\":\"https:\/\/swoer.com\/?s={search_term_string}\"},\"query-input\":\"required name=search_term_string\"}],\"inLanguage\":\"tr\"}]}<\/script>\n<!-- \/ Yoast SEO plugin. -->","yoast_head_json":{"title":"Flex Feeding and Conveying Machines with Spider Robot","description":"Experience effortless automation with our spider robot feeding system. Our intuitive, one-click formula driver and plug-and-play setup make it easy to use. Ideal for various industries.","robots":{"index":"index","follow":"follow","max-snippet":"max-snippet:-1","max-image-preview":"max-image-preview:large","max-video-preview":"max-video-preview:-1"},"canonical":"https:\/\/swoer.com\/tr\/manufacturer\/flex-feeding-and-conveying-machines-with-spider-robot\/","og_locale":"tr_TR","og_type":"article","og_title":"Flex Feeding and Conveying Machines with Spider Robot","og_description":"Experience effortless automation with our spider robot feeding system. Our intuitive, one-click formula driver and plug-and-play setup make it easy to use. Ideal for various industries.","og_url":"https:\/\/swoer.com\/tr\/manufacturer\/flex-feeding-and-conveying-machines-with-spider-robot\/","og_site_name":"SWOER","article_modified_time":"2024-12-13T07:35:22+00:00","og_image":[{"width":800,"height":800,"url":"https:\/\/swoer.com\/wp-content\/uploads\/2024\/06\/Automatic-Parts-Flex-Feeding-and-Conveying-Machines-with-Spider-Robot.webp","type":"image\/webp"}],"twitter_card":"summary_large_image","twitter_misc":{"Tahmini okuma s\u00fcresi":"1 dakika"},"schema":{"@context":"https:\/\/schema.org","@graph":[{"@type":"WebPage","@id":"https:\/\/swoer.com\/manufacturer\/flex-feeding-and-conveying-machines-with-spider-robot\/","url":"https:\/\/swoer.com\/manufacturer\/flex-feeding-and-conveying-machines-with-spider-robot\/","name":"Flex Feeding and Conveying Machines with Spider Robot","isPartOf":{"@id":"https:\/\/swoer.com\/#website"},"primaryImageOfPage":{"@id":"https:\/\/swoer.com\/manufacturer\/flex-feeding-and-conveying-machines-with-spider-robot\/#primaryimage"},"image":{"@id":"https:\/\/swoer.com\/manufacturer\/flex-feeding-and-conveying-machines-with-spider-robot\/#primaryimage"},"thumbnailUrl":"https:\/\/swoer.com\/wp-content\/uploads\/2024\/06\/Automatic-Parts-Flex-Feeding-and-Conveying-Machines-with-Spider-Robot.webp","datePublished":"2024-06-29T01:47:26+00:00","dateModified":"2024-12-13T07:35:22+00:00","description":"Experience effortless automation with our spider robot feeding system. Our intuitive, one-click formula driver and plug-and-play setup make it easy to use. Ideal for various industries.","breadcrumb":{"@id":"https:\/\/swoer.com\/manufacturer\/flex-feeding-and-conveying-machines-with-spider-robot\/#breadcrumb"},"inLanguage":"tr","potentialAction":[{"@type":"ReadAction","target":["https:\/\/swoer.com\/manufacturer\/flex-feeding-and-conveying-machines-with-spider-robot\/"]}]},{"@type":"ImageObject","inLanguage":"tr","@id":"https:\/\/swoer.com\/manufacturer\/flex-feeding-and-conveying-machines-with-spider-robot\/#primaryimage","url":"https:\/\/swoer.com\/wp-content\/uploads\/2024\/06\/Automatic-Parts-Flex-Feeding-and-Conveying-Machines-with-Spider-Robot.webp","contentUrl":"https:\/\/swoer.com\/wp-content\/uploads\/2024\/06\/Automatic-Parts-Flex-Feeding-and-Conveying-Machines-with-Spider-Robot.webp","width":800,"height":800,"caption":"Automatic Parts Flex Feeding and Conveying Machines with Spider Robot"},{"@type":"BreadcrumbList","@id":"https:\/\/swoer.com\/manufacturer\/flex-feeding-and-conveying-machines-with-spider-robot\/#breadcrumb","itemListElement":[{"@type":"ListItem","position":1,"name":"Home","item":"https:\/\/swoer.com\/"},{"@type":"ListItem","position":2,"name":"Shop","item":"https:\/\/swoer.com\/shop\/"},{"@type":"ListItem","position":3,"name":"Automatic Parts Flex Feeding and Conveying Machines with Spider Robot"}]},{"@type":"WebSite","@id":"https:\/\/swoer.com\/#website","url":"https:\/\/swoer.com\/","name":"SWOER","description":"Swoer is the top 3 vibratory bowl feeder manufacturer in China","potentialAction":[{"@type":"SearchAction","target":{"@type":"EntryPoint","urlTemplate":"https:\/\/swoer.com\/?s={search_term_string}"},"query-input":"required name=search_term_string"}],"inLanguage":"tr"}]}},"_links":{"self":[{"href":"https:\/\/swoer.com\/tr\/wp-json\/wp\/v2\/product\/2254"}],"collection":[{"href":"https:\/\/swoer.com\/tr\/wp-json\/wp\/v2\/product"}],"about":[{"href":"https:\/\/swoer.com\/tr\/wp-json\/wp\/v2\/types\/product"}],"replies":[{"embeddable":true,"href":"https:\/\/swoer.com\/tr\/wp-json\/wp\/v2\/comments?post=2254"}],"wp:featuredmedia":[{"embeddable":true,"href":"https:\/\/swoer.com\/tr\/wp-json\/wp\/v2\/media\/2255"}],"wp:attachment":[{"href":"https:\/\/swoer.com\/tr\/wp-json\/wp\/v2\/media?parent=2254"}],"wp:term":[{"taxonomy":"product_cat","embeddable":true,"href":"https:\/\/swoer.com\/tr\/wp-json\/wp\/v2\/product_cat?post=2254"},{"taxonomy":"product_tag","embeddable":true,"href":"https:\/\/swoer.com\/tr\/wp-json\/wp\/v2\/product_tag?post=2254"}],"curies":[{"name":"wp","href":"https:\/\/api.w.org\/{rel}","templated":true}]}}