{"id":2228,"date":"2024-06-17T06:38:28","date_gmt":"2024-06-17T06:38:28","guid":{"rendered":"https:\/\/swoer.com\/?post_type=product&#038;p=2228"},"modified":"2024-06-17T07:19:14","modified_gmt":"2024-06-17T07:19:14","slug":"ccd-imaging-system","status":"publish","type":"product","link":"https:\/\/swoer.com\/tr\/manufacturer\/ccd-imaging-system\/","title":{"rendered":"CCD G\u00f6r\u00fcnt\u00fcleme Sistemi"},"content":{"rendered":"<h2>\u00dcr\u00fcn Bilgisi<\/h2>\n<table>\n<tbody>\n<tr>\n<td width=\"224\"><strong><b>\u00a0\u00dcr\u00fcn ad\u0131<\/b><\/strong><\/td>\n<td width=\"377\">CCD G\u00f6r\u00fcnt\u00fcleme Sistemi<\/td>\n<\/tr>\n<tr>\n<td width=\"224\"><strong><b>\u00a0M<\/b><\/strong><strong><b>model<\/b><\/strong><\/td>\n<td width=\"377\">SW-80302<\/td>\n<\/tr>\n<tr>\n<td width=\"224\"><strong><b>\u00a0<\/b><\/strong><strong><b>Marka<\/b><\/strong><\/td>\n<td width=\"377\">Y\u00dcKSEK<\/td>\n<\/tr>\n<tr>\n<td width=\"224\"><strong><b>\u00a0Gerilim<\/b><\/strong><\/td>\n<td width=\"377\">\u00a0220V<\/td>\n<\/tr>\n<tr>\n<td width=\"224\"><strong><b>\u00a0G\u00fc\u00e7<\/b><\/strong><\/td>\n<td width=\"377\">\u00a065W \/150W \/180W \/ 220W \/ 350W<\/td>\n<\/tr>\n<tr>\n<td width=\"224\"><strong><b>\u00a0Kimlik do\u011frulama<\/b><\/strong><\/td>\n<td width=\"377\">\u00a0CE, ROHS, ISO9001<\/td>\n<\/tr>\n<tr>\n<td width=\"224\"><strong><b>\u00a0Garanti<\/b><\/strong><\/td>\n<td width=\"377\">\u00a01 y\u0131l garanti<\/td>\n<\/tr>\n<tr>\n<td width=\"224\"><strong><b>\u00a0Adedi<\/b><\/strong><\/td>\n<td width=\"377\">\u00a01 tak\u0131m<\/td>\n<\/tr>\n<tr>\n<td width=\"224\"><strong><b>\u00a0Kur\u015fun zaman\u0131<\/b><\/strong><\/td>\n<td width=\"377\">\u00a010-14 g\u00fcn<\/td>\n<\/tr>\n<tr>\n<td width=\"224\"><strong><b>\u00a0\u00d6deme ko\u015fulu<\/b><\/strong><\/td>\n<td width=\"377\">\u00a0T\/T 40% Sevkiyat \u00f6ncesi depozito ve bakiye<\/td>\n<\/tr>\n<tr>\n<td width=\"224\"><strong><b>\u00a0Yerin Orjinali<\/b><\/strong><\/td>\n<td width=\"377\">\u00a0\u00c7in<\/td>\n<\/tr>\n<\/tbody>\n<\/table>\n\t<div id=\"gap-1916323564\" class=\"gap-element clearfix\" style=\"display:block; height:auto;\">\n\t\t\n<style>\n#gap-1916323564 {\n  padding-top: 30px;\n}\n<\/style>\n\t<\/div>\n\t\n<h2><strong><b>\u00dcr\u00fcn Listeleri<\/b><\/strong><\/h2>\n<table>\n<tbody>\n<tr>\n<td width=\"276\"><strong><b>End\u00fcstriyel bilgisayar<\/b><\/strong><\/td>\n<td width=\"276\">1 Tak\u0131m<\/td>\n<\/tr>\n<tr>\n<td width=\"276\"><strong><b>8 in\u00e7 ekran<\/b><\/strong><\/td>\n<td width=\"276\">1 Tak\u0131m<\/td>\n<\/tr>\n<tr>\n<td width=\"276\"><strong><b>C<\/b><\/strong><strong><b>Amerika<\/b><\/strong><\/td>\n<td width=\"276\">1 Tak\u0131m<\/td>\n<\/tr>\n<tr>\n<td width=\"276\"><strong><b>Lens<\/b><\/strong><\/td>\n<td width=\"276\">1 Tak\u0131m<\/td>\n<\/tr>\n<tr>\n<td width=\"276\"><strong><b>L<\/b><\/strong><strong><b>\u0131\u015f\u0131k kayna\u011f\u0131<\/b><\/strong><\/td>\n<td width=\"276\">1 Tak\u0131m<\/td>\n<\/tr>\n<tr>\n<td width=\"276\"><strong><b>Kamera \u0131\u015f\u0131k kayna\u011f\u0131 sabitleme braketi<\/b><\/strong><\/td>\n<td width=\"276\">1 Tak\u0131m<\/td>\n<\/tr>\n<\/tbody>\n<\/table>\n\t<div id=\"gap-107851707\" class=\"gap-element clearfix\" style=\"display:block; height:auto;\">\n\t\t\n<style>\n#gap-107851707 {\n  padding-top: 30px;\n}\n<\/style>\n\t<\/div>\n\t\n<h3 data-sourcepos=\"11:1-11:17\"><strong>Ana \u00d6zellikler:<\/strong><\/h3>\n<ul data-sourcepos=\"13:1-19:82\">\n<li data-sourcepos=\"13:1-14:0\">\n<p data-sourcepos=\"13:3-13:143\"><strong>Dahili Tetik Mekanizmas\u0131:<\/strong> Hassas ve senkronize g\u00f6r\u00fcnt\u00fc yakalama i\u00e7in dahili bir tetikleyiciden yararlanarak optimum inceleme zamanlamas\u0131n\u0131 sa\u011flar.<\/p>\n<\/li>\n<li data-sourcepos=\"15:1-16:0\">\n<p data-sourcepos=\"15:3-15:165\"><strong>\u00c7ok Kanall\u0131 Tan\u0131mlama:<\/strong> Ayn\u0131 anda 4 nesneye kadar tan\u0131mlay\u0131p takip ederek denetim verimini en \u00fcst d\u00fczeye \u00e7\u0131kar\u0131r ve karma\u015f\u0131k \u00fcr\u00fcn konfig\u00fcrasyonlar\u0131n\u0131 y\u00f6netir.<\/p>\n<\/li>\n<li data-sourcepos=\"17:1-18:0\">\n<p data-sourcepos=\"17:3-17:132\"><strong>\u0130nan\u0131lmaz H\u0131zl\u0131 Tan\u0131ma H\u0131z\u0131:<\/strong> Y\u00fcksek hacimli \u00fcretim hatlar\u0131na ayak uydurarak dakikada 300 par\u00e7a gibi etkileyici bir i\u015fleme h\u0131z\u0131na sahiptir.<\/p>\n<\/li>\n<li data-sourcepos=\"19:1-19:82\">\n<p data-sourcepos=\"19:3-19:82\"><strong>Ola\u011fan\u00fcst\u00fc Tan\u0131ma Do\u011frulu\u011fu:<\/strong> Yanl\u0131\u015f pozitifleri en aza indirerek ve \u00fcr\u00fcn b\u00fct\u00fcnl\u00fc\u011f\u00fcn\u00fc garanti ederek 99,99% gibi ola\u011fan\u00fcst\u00fc bir tan\u0131ma oran\u0131na ula\u015f\u0131r.<\/p>\n<\/li>\n<li data-sourcepos=\"21:1-22:0\">\n<p data-sourcepos=\"21:3-21:164\"><strong>\u0130hmal Edilebilir Ters Malzeme Oran\u0131:<\/strong> 0,0001%&#039;nin alt\u0131nda ola\u011fan\u00fcst\u00fc d\u00fc\u015f\u00fck bir ters malzeme oran\u0131n\u0131 koruyarak israf\u0131 azalt\u0131r ve kaynak kullan\u0131m\u0131n\u0131 optimize eder.<\/p>\n<\/li>\n<li data-sourcepos=\"23:1-24:0\">\n<p data-sourcepos=\"23:3-23:146\"><strong>Uzaktan Yard\u0131m Fonksiyonu:<\/strong> Sorun giderme ve bak\u0131m i\u00e7in ger\u00e7ek zamanl\u0131 uzaktan destek sa\u011flayarak her t\u00fcrl\u00fc sorunun an\u0131nda \u00e7\u00f6z\u00fclmesini sa\u011flar.<\/p>\n<\/li>\n<li data-sourcepos=\"25:1-26:0\">\n<p data-sourcepos=\"25:3-25:165\"><strong>Tek T\u0131kla \u00dcr\u00fcn De\u011fi\u015ftirme:<\/strong> Tek bir t\u0131klamayla farkl\u0131 \u00fcr\u00fcn inceleme g\u00f6revleri aras\u0131nda zahmetsizce ge\u00e7i\u015f yaparak ar\u0131za s\u00fcresini en aza indirin ve verimlili\u011fi en \u00fcst d\u00fczeye \u00e7\u0131kar\u0131n.<\/p>\n<\/li>\n<li data-sourcepos=\"27:1-28:0\">\n<p data-sourcepos=\"27:3-27:135\"><strong>Tak ve \u00c7al\u0131\u015ft\u0131r Kurulumu:<\/strong> Sorunsuz bir kurulum s\u00fcreci sa\u011flayarak ve kesinti s\u00fcresini en aza indirerek karma\u015f\u0131k hata ay\u0131klama ihtiyac\u0131n\u0131 ortadan kald\u0131r\u0131r.<\/p>\n<\/li>\n<\/ul>\n<h3 data-sourcepos=\"29:1-29:108\"><\/h3>\n<h3 data-sourcepos=\"29:1-29:108\">CCD G\u00f6r\u00fcnt\u00fcleme Sistemimiz mevcut \u00fcretim hatlar\u0131n\u0131za sorunsuz bir \u015fekilde entegre olarak a\u015fa\u011f\u0131dakileri ba\u015farman\u0131z\u0131 sa\u011flar:<\/h3>\n<ul data-sourcepos=\"31:1-36:0\">\n<li data-sourcepos=\"31:1-32:0\">\n<p data-sourcepos=\"31:3-31:150\"><strong>Geli\u015ftirilmi\u015f \u00dcr\u00fcn Kalitesi:<\/strong> Tutarl\u0131 \u00fcr\u00fcn kalitesi ve m\u00fc\u015fteri memnuniyeti sa\u011flayarak kusurlar\u0131 ola\u011fan\u00fcst\u00fc do\u011frulukla tespit edip ortadan kald\u0131r\u0131n.<\/p>\n<\/li>\n<li data-sourcepos=\"33:1-34:0\">\n<p data-sourcepos=\"33:3-33:158\"><strong>Artan \u00dcretim Verimlili\u011fi:<\/strong> Denetim s\u00fcre\u00e7lerini kolayla\u015ft\u0131r\u0131n ve kesinti s\u00fcresini en aza indirin, genel \u00fcretim \u00e7\u0131kt\u0131s\u0131n\u0131 art\u0131r\u0131n ve m\u00fc\u015fteri taleplerini kar\u015f\u0131lay\u0131n.<\/p>\n<\/li>\n<li data-sourcepos=\"35:1-36:0\">\n<p data-sourcepos=\"35:3-35:115\"><strong>Azalan Operasyonel Maliyetler:<\/strong> At\u0131\u011f\u0131 ve yeniden \u00e7al\u0131\u015fmay\u0131 en aza indirin, \u00fcretim maliyetlerini d\u00fc\u015f\u00fcr\u00fcn ve karl\u0131l\u0131\u011f\u0131 en \u00fcst d\u00fczeye \u00e7\u0131kar\u0131n.<\/p>\n<\/li>\n<\/ul>\n<p data-sourcepos=\"37:1-37:113\">\u00dcr\u00fcn denetim becerilerinizi geli\u015ftirmek ve kalite kontrol s\u00fcre\u00e7lerinizde devrim yaratmak istiyorsan\u0131z CCD G\u00f6r\u00fcnt\u00fcleme Sistemimiz bekledi\u011finiz \u00e7\u00f6z\u00fcmd\u00fcr. Hassasiyet ve verimlili\u011fin d\u00f6n\u00fc\u015ft\u00fcr\u00fcc\u00fc g\u00fcc\u00fcn\u00fc deneyimlemek i\u00e7in bug\u00fcn bizimle ileti\u015fime ge\u00e7in.<\/p>","protected":false},"excerpt":{"rendered":"<p>Denetim s\u00fcre\u00e7lerini kolayla\u015ft\u0131rmak, \u00fcr\u00fcn kalitesini sa\u011flamak ve verimlili\u011fi en \u00fcst d\u00fczeye \u00e7\u0131karmak i\u00e7in tasarlanm\u0131\u015f son teknoloji \u00fcr\u00fcn\u00fc CCD G\u00f6r\u00fcnt\u00fcleme Sistemimizle \u00fcretim hatt\u0131n\u0131zda devrim yarat\u0131n. Bu geli\u015fmi\u015f \u00e7\u00f6z\u00fcm, \u00fcst\u00fcn sonu\u00e7lar elde etmenizi sa\u011flayacak kapsaml\u0131 \u00f6zelliklere sahiptir.<\/p>","protected":false},"featured_media":2229,"comment_status":"open","ping_status":"closed","template":"","meta":[],"product_cat":[58],"product_tag":[],"yoast_head":"<!-- This site is optimized with the Yoast SEO plugin v22.2 - https:\/\/yoast.com\/wordpress\/plugins\/seo\/ -->\n<title>CCD Imaging System - SWOER<\/title>\n<meta name=\"description\" content=\"Enhance your product inspection and quality control with our state-of-the-art CCD Imaging System, featuring high-speed recognition, exceptional accuracy, and seamless integration for unparalleled efficiency and product integrity.\" \/>\n<meta name=\"robots\" content=\"index, follow, max-snippet:-1, max-image-preview:large, max-video-preview:-1\" \/>\n<link rel=\"canonical\" href=\"https:\/\/swoer.com\/tr\/manufacturer\/ccd-imaging-system\/\" \/>\n<meta property=\"og:locale\" content=\"tr_TR\" \/>\n<meta property=\"og:type\" content=\"article\" \/>\n<meta property=\"og:title\" content=\"CCD Imaging System - SWOER\" \/>\n<meta property=\"og:description\" content=\"Enhance your product inspection and quality control with our state-of-the-art CCD Imaging System, featuring high-speed recognition, exceptional accuracy, and seamless integration for unparalleled efficiency and product integrity.\" \/>\n<meta property=\"og:url\" content=\"https:\/\/swoer.com\/tr\/manufacturer\/ccd-imaging-system\/\" \/>\n<meta property=\"og:site_name\" content=\"SWOER\" \/>\n<meta property=\"article:modified_time\" content=\"2024-06-17T07:19:14+00:00\" \/>\n<meta property=\"og:image\" content=\"https:\/\/swoer.com\/wp-content\/uploads\/2024\/06\/CCD-Imaging-System-.jpg\" \/>\n\t<meta property=\"og:image:width\" content=\"1000\" \/>\n\t<meta property=\"og:image:height\" content=\"1000\" \/>\n\t<meta property=\"og:image:type\" content=\"image\/jpeg\" \/>\n<meta name=\"twitter:card\" content=\"summary_large_image\" \/>\n<meta name=\"twitter:label1\" content=\"Tahmini okuma s\u00fcresi\" \/>\n\t<meta name=\"twitter:data1\" content=\"2 dakika\" \/>\n<script type=\"application\/ld+json\" class=\"yoast-schema-graph\">{\"@context\":\"https:\/\/schema.org\",\"@graph\":[{\"@type\":\"WebPage\",\"@id\":\"https:\/\/swoer.com\/manufacturer\/ccd-imaging-system\/\",\"url\":\"https:\/\/swoer.com\/manufacturer\/ccd-imaging-system\/\",\"name\":\"CCD Imaging System - SWOER\",\"isPartOf\":{\"@id\":\"https:\/\/swoer.com\/#website\"},\"primaryImageOfPage\":{\"@id\":\"https:\/\/swoer.com\/manufacturer\/ccd-imaging-system\/#primaryimage\"},\"image\":{\"@id\":\"https:\/\/swoer.com\/manufacturer\/ccd-imaging-system\/#primaryimage\"},\"thumbnailUrl\":\"https:\/\/swoer.com\/wp-content\/uploads\/2024\/06\/CCD-Imaging-System-.jpg\",\"datePublished\":\"2024-06-17T06:38:28+00:00\",\"dateModified\":\"2024-06-17T07:19:14+00:00\",\"description\":\"Enhance your product inspection and quality control with our state-of-the-art CCD Imaging System, featuring high-speed recognition, exceptional accuracy, and seamless integration for unparalleled efficiency and product integrity.\",\"breadcrumb\":{\"@id\":\"https:\/\/swoer.com\/manufacturer\/ccd-imaging-system\/#breadcrumb\"},\"inLanguage\":\"tr\",\"potentialAction\":[{\"@type\":\"ReadAction\",\"target\":[\"https:\/\/swoer.com\/manufacturer\/ccd-imaging-system\/\"]}]},{\"@type\":\"ImageObject\",\"inLanguage\":\"tr\",\"@id\":\"https:\/\/swoer.com\/manufacturer\/ccd-imaging-system\/#primaryimage\",\"url\":\"https:\/\/swoer.com\/wp-content\/uploads\/2024\/06\/CCD-Imaging-System-.jpg\",\"contentUrl\":\"https:\/\/swoer.com\/wp-content\/uploads\/2024\/06\/CCD-Imaging-System-.jpg\",\"width\":1000,\"height\":1000,\"caption\":\"CCD Imaging System\"},{\"@type\":\"BreadcrumbList\",\"@id\":\"https:\/\/swoer.com\/manufacturer\/ccd-imaging-system\/#breadcrumb\",\"itemListElement\":[{\"@type\":\"ListItem\",\"position\":1,\"name\":\"Home\",\"item\":\"https:\/\/swoer.com\/\"},{\"@type\":\"ListItem\",\"position\":2,\"name\":\"Shop\",\"item\":\"https:\/\/swoer.com\/shop\/\"},{\"@type\":\"ListItem\",\"position\":3,\"name\":\"CCD Imaging System\"}]},{\"@type\":\"WebSite\",\"@id\":\"https:\/\/swoer.com\/#website\",\"url\":\"https:\/\/swoer.com\/\",\"name\":\"SWOER\",\"description\":\"Swoer is the top 3 vibratory bowl feeder manufacturer in China\",\"potentialAction\":[{\"@type\":\"SearchAction\",\"target\":{\"@type\":\"EntryPoint\",\"urlTemplate\":\"https:\/\/swoer.com\/?s={search_term_string}\"},\"query-input\":\"required name=search_term_string\"}],\"inLanguage\":\"tr\"}]}<\/script>\n<!-- \/ Yoast SEO plugin. -->","yoast_head_json":{"title":"CCD Imaging System - SWOER","description":"Enhance your product inspection and quality control with our state-of-the-art CCD Imaging System, featuring high-speed recognition, exceptional accuracy, and seamless integration for unparalleled efficiency and product integrity.","robots":{"index":"index","follow":"follow","max-snippet":"max-snippet:-1","max-image-preview":"max-image-preview:large","max-video-preview":"max-video-preview:-1"},"canonical":"https:\/\/swoer.com\/tr\/manufacturer\/ccd-imaging-system\/","og_locale":"tr_TR","og_type":"article","og_title":"CCD Imaging System - SWOER","og_description":"Enhance your product inspection and quality control with our state-of-the-art CCD Imaging System, featuring high-speed recognition, exceptional accuracy, and seamless integration for unparalleled efficiency and product integrity.","og_url":"https:\/\/swoer.com\/tr\/manufacturer\/ccd-imaging-system\/","og_site_name":"SWOER","article_modified_time":"2024-06-17T07:19:14+00:00","og_image":[{"width":1000,"height":1000,"url":"https:\/\/swoer.com\/wp-content\/uploads\/2024\/06\/CCD-Imaging-System-.jpg","type":"image\/jpeg"}],"twitter_card":"summary_large_image","twitter_misc":{"Tahmini okuma s\u00fcresi":"2 dakika"},"schema":{"@context":"https:\/\/schema.org","@graph":[{"@type":"WebPage","@id":"https:\/\/swoer.com\/manufacturer\/ccd-imaging-system\/","url":"https:\/\/swoer.com\/manufacturer\/ccd-imaging-system\/","name":"CCD Imaging System - SWOER","isPartOf":{"@id":"https:\/\/swoer.com\/#website"},"primaryImageOfPage":{"@id":"https:\/\/swoer.com\/manufacturer\/ccd-imaging-system\/#primaryimage"},"image":{"@id":"https:\/\/swoer.com\/manufacturer\/ccd-imaging-system\/#primaryimage"},"thumbnailUrl":"https:\/\/swoer.com\/wp-content\/uploads\/2024\/06\/CCD-Imaging-System-.jpg","datePublished":"2024-06-17T06:38:28+00:00","dateModified":"2024-06-17T07:19:14+00:00","description":"Enhance your product inspection and quality control with our state-of-the-art CCD Imaging System, featuring high-speed recognition, exceptional accuracy, and seamless integration for unparalleled efficiency and product integrity.","breadcrumb":{"@id":"https:\/\/swoer.com\/manufacturer\/ccd-imaging-system\/#breadcrumb"},"inLanguage":"tr","potentialAction":[{"@type":"ReadAction","target":["https:\/\/swoer.com\/manufacturer\/ccd-imaging-system\/"]}]},{"@type":"ImageObject","inLanguage":"tr","@id":"https:\/\/swoer.com\/manufacturer\/ccd-imaging-system\/#primaryimage","url":"https:\/\/swoer.com\/wp-content\/uploads\/2024\/06\/CCD-Imaging-System-.jpg","contentUrl":"https:\/\/swoer.com\/wp-content\/uploads\/2024\/06\/CCD-Imaging-System-.jpg","width":1000,"height":1000,"caption":"CCD Imaging System"},{"@type":"BreadcrumbList","@id":"https:\/\/swoer.com\/manufacturer\/ccd-imaging-system\/#breadcrumb","itemListElement":[{"@type":"ListItem","position":1,"name":"Home","item":"https:\/\/swoer.com\/"},{"@type":"ListItem","position":2,"name":"Shop","item":"https:\/\/swoer.com\/shop\/"},{"@type":"ListItem","position":3,"name":"CCD Imaging System"}]},{"@type":"WebSite","@id":"https:\/\/swoer.com\/#website","url":"https:\/\/swoer.com\/","name":"SWOER","description":"Swoer is the top 3 vibratory bowl feeder manufacturer in China","potentialAction":[{"@type":"SearchAction","target":{"@type":"EntryPoint","urlTemplate":"https:\/\/swoer.com\/?s={search_term_string}"},"query-input":"required name=search_term_string"}],"inLanguage":"tr"}]}},"_links":{"self":[{"href":"https:\/\/swoer.com\/tr\/wp-json\/wp\/v2\/product\/2228"}],"collection":[{"href":"https:\/\/swoer.com\/tr\/wp-json\/wp\/v2\/product"}],"about":[{"href":"https:\/\/swoer.com\/tr\/wp-json\/wp\/v2\/types\/product"}],"replies":[{"embeddable":true,"href":"https:\/\/swoer.com\/tr\/wp-json\/wp\/v2\/comments?post=2228"}],"wp:featuredmedia":[{"embeddable":true,"href":"https:\/\/swoer.com\/tr\/wp-json\/wp\/v2\/media\/2229"}],"wp:attachment":[{"href":"https:\/\/swoer.com\/tr\/wp-json\/wp\/v2\/media?parent=2228"}],"wp:term":[{"taxonomy":"product_cat","embeddable":true,"href":"https:\/\/swoer.com\/tr\/wp-json\/wp\/v2\/product_cat?post=2228"},{"taxonomy":"product_tag","embeddable":true,"href":"https:\/\/swoer.com\/tr\/wp-json\/wp\/v2\/product_tag?post=2228"}],"curies":[{"name":"wp","href":"https:\/\/api.w.org\/{rel}","templated":true}]}}