{"id":2225,"date":"2024-06-17T06:16:07","date_gmt":"2024-06-17T06:16:07","guid":{"rendered":"https:\/\/swoer.com\/?post_type=product&#038;p=2225"},"modified":"2024-06-17T07:18:41","modified_gmt":"2024-06-17T07:18:41","slug":"ccd-camera-system","status":"publish","type":"product","link":"https:\/\/swoer.com\/tr\/manufacturer\/ccd-camera-system\/","title":{"rendered":"CCD Kamera Sistemi"},"content":{"rendered":"<h2><strong><b>\u00dcr\u00fcn <\/b><\/strong><strong><b>BEN<\/b><\/strong><strong><b>bilgi<\/b><\/strong><\/h2>\n<table>\n<tbody>\n<tr>\n<td width=\"224\"><strong><b>\u00a0\u00dcr\u00fcn ad\u0131<\/b><\/strong><\/td>\n<td width=\"377\">CCD Kamera Sistemi<\/td>\n<\/tr>\n<tr>\n<td width=\"224\"><strong><b>\u00a0M<\/b><\/strong><strong><b>model<\/b><\/strong><\/td>\n<td width=\"377\">SW-80301<\/td>\n<\/tr>\n<tr>\n<td width=\"224\"><strong><b>\u00a0<\/b><\/strong><strong><b>Marka<\/b><\/strong><\/td>\n<td width=\"377\">Y\u00dcKSEK<\/td>\n<\/tr>\n<tr>\n<td width=\"224\"><strong><b>\u00a0Gerilim<\/b><\/strong><\/td>\n<td width=\"377\">\u00a0220V<\/td>\n<\/tr>\n<tr>\n<td width=\"224\"><strong><b>\u00a0G\u00fc\u00e7<\/b><\/strong><\/td>\n<td width=\"377\">\u00a065W \/150W \/180W \/ 220W \/ 350W<\/td>\n<\/tr>\n<tr>\n<td width=\"224\"><strong><b>\u00a0Kimlik do\u011frulama<\/b><\/strong><\/td>\n<td width=\"377\">\u00a0CE, ROHS, ISO9001<\/td>\n<\/tr>\n<tr>\n<td width=\"224\"><strong><b>\u00a0Garanti<\/b><\/strong><\/td>\n<td width=\"377\">\u00a01 y\u0131l garanti<\/td>\n<\/tr>\n<tr>\n<td width=\"224\"><strong><b>\u00a0Adedi<\/b><\/strong><\/td>\n<td width=\"377\">\u00a01 tak\u0131m<\/td>\n<\/tr>\n<tr>\n<td width=\"224\"><strong><b>\u00a0Kur\u015fun zaman\u0131<\/b><\/strong><\/td>\n<td width=\"377\">\u00a010-14 g\u00fcn<\/td>\n<\/tr>\n<tr>\n<td width=\"224\"><strong><b>\u00a0\u00d6deme ko\u015fulu<\/b><\/strong><\/td>\n<td width=\"377\">\u00a0T\/T 40% Sevkiyat \u00f6ncesi depozito ve bakiye<\/td>\n<\/tr>\n<tr>\n<td width=\"224\"><strong><b>\u00a0Yerin Orjinali<\/b><\/strong><\/td>\n<td width=\"377\">\u00a0\u00c7in<\/td>\n<\/tr>\n<\/tbody>\n<\/table>\n\t<div id=\"gap-2066366073\" class=\"gap-element clearfix\" style=\"display:block; height:auto;\">\n\t\t\n<style>\n#gap-2066366073 {\n  padding-top: 30px;\n}\n<\/style>\n\t<\/div>\n\t\n<div class=\"row\"  id=\"row-306124174\">\n\n\t<div id=\"col-292718143\" class=\"col medium-6 small-12 large-6\"  >\n\t\t\t\t<div class=\"col-inner\"  >\n\t\t\t\n\t\t\t\n<h3><strong><b>\u00dcr\u00fcn listesi<\/b><\/strong><\/h3>\n<table>\n<tbody>\n<tr>\n<td width=\"276\"><strong><b>End\u00fcstriyel bilgisayar<\/b><\/strong><\/td>\n<td width=\"276\">1 Tak\u0131m<\/td>\n<\/tr>\n<tr>\n<td width=\"276\"><strong><b>8 in\u00e7 ekran<\/b><\/strong><\/td>\n<td width=\"276\">1 Tak\u0131m<\/td>\n<\/tr>\n<tr>\n<td width=\"276\"><strong><b>C<\/b><\/strong><strong><b>Amerika<\/b><\/strong><\/td>\n<td width=\"276\">1 Tak\u0131m<\/td>\n<\/tr>\n<tr>\n<td width=\"276\"><strong><b>Lens<\/b><\/strong><\/td>\n<td width=\"276\">1 Tak\u0131m<\/td>\n<\/tr>\n<tr>\n<td width=\"276\"><strong><b>L<\/b><\/strong><strong><b>\u0131\u015f\u0131k kayna\u011f\u0131<\/b><\/strong><\/td>\n<td width=\"276\">1 Tak\u0131m<\/td>\n<\/tr>\n<tr>\n<td width=\"276\"><strong><b>Kamera \u0131\u015f\u0131k kayna\u011f\u0131 sabitleme braketi<\/b><\/strong><\/td>\n<td width=\"276\">1 Tak\u0131m<\/td>\n<\/tr>\n<\/tbody>\n<\/table>\n\t\t<\/div>\n\t\t\t\t\t<\/div>\n\n\t\n\n\t<div id=\"col-1894947829\" class=\"col medium-6 small-12 large-6\"  >\n\t\t\t\t<div class=\"col-inner\"  >\n\t\t\t\n\t\t\t\n\t<div class=\"img has-hover x md-x lg-x y md-y lg-y\" id=\"image_397259925\">\n\t\t\t\t\t\t\t\t<div class=\"img-inner dark\" >\n\t\t\t<img loading=\"lazy\" decoding=\"async\" width=\"1000\" height=\"1000\" src=\"https:\/\/swoer.com\/wp-content\/uploads\/2024\/06\/ccd-camera-system-.jpg\" class=\"attachment-original size-original\" alt=\"ccd kamera sistemi\" srcset=\"https:\/\/swoer.com\/wp-content\/uploads\/2024\/06\/ccd-camera-system-.jpg 1000w, https:\/\/swoer.com\/wp-content\/uploads\/2024\/06\/ccd-camera-system--300x300.jpg 300w, https:\/\/swoer.com\/wp-content\/uploads\/2024\/06\/ccd-camera-system--150x150.jpg 150w, https:\/\/swoer.com\/wp-content\/uploads\/2024\/06\/ccd-camera-system--768x768.jpg 768w, https:\/\/swoer.com\/wp-content\/uploads\/2024\/06\/ccd-camera-system--12x12.jpg 12w, https:\/\/swoer.com\/wp-content\/uploads\/2024\/06\/ccd-camera-system--600x600.jpg 600w, https:\/\/swoer.com\/wp-content\/uploads\/2024\/06\/ccd-camera-system--100x100.jpg 100w\" sizes=\"(max-width: 1000px) 100vw, 1000px\" \/>\t\t\t\t\t\t\n\t\t\t\t\t<\/div>\n\t\t\t\t\t\t\t\t\n<style>\n#image_397259925 {\n  width: 59%;\n}\n<\/style>\n\t<\/div>\n\t\n\t\t<\/div>\n\t\t\t\t\t<\/div>\n\n\t\n<\/div>\n\t<div id=\"gap-453658815\" class=\"gap-element clearfix\" style=\"display:block; height:auto;\">\n\t\t\n<style>\n#gap-453658815 {\n  padding-top: 30px;\n}\n<\/style>\n\t<\/div>\n\t\n<h3 style=\"text-align: left;\"><strong><b>Titre\u015fime Uygulanan CCD G\u00f6r\u00fc\u015f Sisteminin G\u00f6r\u00fcnt\u00fcs\u00fc <\/b><\/strong><strong><b>Tas <\/b><\/strong><strong><b>Besleyici <\/b><\/strong><\/h3>\n\t<div class=\"img has-hover x md-x lg-x y md-y lg-y\" id=\"image_954367118\">\n\t\t\t\t\t\t\t\t<div class=\"img-inner image-cover dark\" style=\"padding-top:56.25%;\">\n\t\t\t<img loading=\"lazy\" decoding=\"async\" width=\"356\" height=\"335\" src=\"https:\/\/swoer.com\/wp-content\/uploads\/2024\/06\/Image-of-CCD-vision-system-applied-to-vibrating-bowl-feeder-.jpg\" class=\"attachment-original size-original\" alt=\"Titre\u015fimli \u00e7anak besleyiciye uygulanan CCD g\u00f6r\u00fc\u015f sisteminin g\u00f6r\u00fcnt\u00fcs\u00fc\" srcset=\"https:\/\/swoer.com\/wp-content\/uploads\/2024\/06\/Image-of-CCD-vision-system-applied-to-vibrating-bowl-feeder-.jpg 356w, https:\/\/swoer.com\/wp-content\/uploads\/2024\/06\/Image-of-CCD-vision-system-applied-to-vibrating-bowl-feeder--300x282.jpg 300w, https:\/\/swoer.com\/wp-content\/uploads\/2024\/06\/Image-of-CCD-vision-system-applied-to-vibrating-bowl-feeder--13x12.jpg 13w\" sizes=\"(max-width: 356px) 100vw, 356px\" \/>\t\t\t\t\t\t\n\t\t\t\t\t<\/div>\n\t\t\t\t\t\t\t\t\n<style>\n#image_954367118 {\n  width: 57%;\n}\n<\/style>\n\t<\/div>\n\t\n\t<div id=\"gap-136389749\" class=\"gap-element clearfix\" style=\"display:block; height:auto;\">\n\t\t\n<style>\n#gap-136389749 {\n  padding-top: 30px;\n}\n<\/style>\n\t<\/div>\n\t\n<h3 data-sourcepos=\"11:1-11:17\"><strong>Ana \u00d6zellikler:<\/strong><\/h3>\n<ul data-sourcepos=\"13:1-13:64\">\n<li data-sourcepos=\"13:1-13:64\">\n<p data-sourcepos=\"13:3-13:92\"><strong>Dahili Tetik Mekanizmas\u0131:<\/strong> Senkronize g\u00f6r\u00fcnt\u00fc yakalama i\u00e7in hassas tetiklemeyi etkinle\u015ftirir.<\/p>\n<\/li>\n<li data-sourcepos=\"15:1-16:0\">\n<p data-sourcepos=\"15:3-15:121\"><strong>\u00c7ok Kanall\u0131 Tan\u0131mlama:<\/strong> Ayn\u0131 anda 4 nesneye kadar tan\u0131mlay\u0131p takip ederek denetim verimini maksimuma \u00e7\u0131kar\u0131r.<\/p>\n<\/li>\n<li data-sourcepos=\"17:1-18:0\">\n<p data-sourcepos=\"17:3-17:116\"><strong>\u0130nan\u0131lmaz H\u0131zl\u0131 Tan\u0131ma H\u0131z\u0131:<\/strong> Zorlu \u00fcretim hatlar\u0131na ayak uydurarak dakikada 300 par\u00e7a i\u015fler.<\/p>\n<\/li>\n<li data-sourcepos=\"19:1-20:0\">\n<p data-sourcepos=\"19:3-19:137\"><strong>Ola\u011fan\u00fcst\u00fc Tan\u0131ma Do\u011frulu\u011fu:<\/strong> 99,99% tan\u0131ma oran\u0131na ula\u015farak yanl\u0131\u015f pozitifleri en aza indirir ve \u00fcr\u00fcn b\u00fct\u00fcnl\u00fc\u011f\u00fcn\u00fc sa\u011flar.<\/p>\n<\/li>\n<li data-sourcepos=\"21:1-21:85\">\n<p data-sourcepos=\"21:3-21:85\"><strong>\u0130hmal Edilebilir Ters Malzeme Oran\u0131:<\/strong> Ters malzeme oran\u0131n\u0131 0,0001%&#039;nin alt\u0131nda tutarak israf\u0131 azalt\u0131r ve kaynak kullan\u0131m\u0131n\u0131 optimize eder.<\/p>\n<\/li>\n<li data-sourcepos=\"23:1-24:0\">\n<p data-sourcepos=\"23:3-23:104\"><strong>Uzaktan Yard\u0131m Fonksiyonu:<\/strong> Sorun giderme ve bak\u0131m i\u00e7in ger\u00e7ek zamanl\u0131 uzaktan destek sa\u011flar.<\/p>\n<\/li>\n<li data-sourcepos=\"25:1-26:0\">\n<p data-sourcepos=\"25:3-25:118\"><strong>Tek T\u0131kla \u00dcr\u00fcn De\u011fi\u015ftirme:<\/strong> Tek t\u0131klamayla farkl\u0131 \u00fcr\u00fcn inceleme g\u00f6revleri aras\u0131nda zahmetsizce ge\u00e7i\u015f yap\u0131n.<\/p>\n<\/li>\n<li data-sourcepos=\"27:1-28:0\">\n<p data-sourcepos=\"27:3-27:111\"><strong>Tak ve \u00c7al\u0131\u015ft\u0131r Kurulumu:<\/strong> Sorunsuz bir kurulum s\u00fcreci sa\u011flayarak karma\u015f\u0131k hata ay\u0131klama ihtiyac\u0131n\u0131 ortadan kald\u0131r\u0131r.<\/p>\n<\/li>\n<\/ul>\n<p data-sourcepos=\"29:1-29:121\">CCD kamera sistemimiz, mevcut \u00fcretim hatlar\u0131n\u0131za sorunsuz bir \u015fekilde entegre olacak \u015fekilde tasarlanm\u0131\u015ft\u0131r ve a\u015fa\u011f\u0131dakileri ba\u015farman\u0131z\u0131 sa\u011flar:<\/p>\n<ul data-sourcepos=\"31:1-36:0\">\n<li data-sourcepos=\"31:1-32:0\">\n<p data-sourcepos=\"31:3-31:124\"><strong>Geli\u015ftirilmi\u015f \u00dcr\u00fcn Kalitesi:<\/strong> Tutarl\u0131 \u00fcr\u00fcn kalitesi sa\u011flayarak kusurlar\u0131 ola\u011fan\u00fcst\u00fc do\u011frulukla tespit edip ortadan kald\u0131r\u0131n.<\/p>\n<\/li>\n<li data-sourcepos=\"33:1-34:0\">\n<p data-sourcepos=\"33:3-33:129\"><strong>Artan \u00dcretim Verimlili\u011fi:<\/strong> Denetim s\u00fcre\u00e7lerini kolayla\u015ft\u0131r\u0131n ve kesinti s\u00fcresini en aza indirerek genel \u00fcretim \u00e7\u0131kt\u0131s\u0131n\u0131 art\u0131r\u0131n.<\/p>\n<\/li>\n<li data-sourcepos=\"35:1-36:0\">\n<p data-sourcepos=\"35:3-35:115\"><strong>Azalan Operasyonel Maliyetler:<\/strong> At\u0131\u011f\u0131 ve yeniden \u00e7al\u0131\u015fmay\u0131 en aza indirin, \u00fcretim maliyetlerini d\u00fc\u015f\u00fcr\u00fcn ve karl\u0131l\u0131\u011f\u0131 en \u00fcst d\u00fczeye \u00e7\u0131kar\u0131n.<\/p>\n<\/li>\n<\/ul>\n<p data-sourcepos=\"37:1-37:257\">\u00dcr\u00fcn denetim becerilerinizi geli\u015ftirmek ve kalite kontrol s\u00fcre\u00e7lerinizde devrim yaratmak istiyorsan\u0131z CCD kamera sistemimiz bekledi\u011finiz \u00e7\u00f6z\u00fcmd\u00fcr. Hassasiyet ve verimlili\u011fin d\u00f6n\u00fc\u015ft\u00fcr\u00fcc\u00fc g\u00fcc\u00fcn\u00fc deneyimlemek i\u00e7in bug\u00fcn bizimle ileti\u015fime ge\u00e7in.<\/p>\n<p data-sourcepos=\"51:1-51:155\">","protected":false},"excerpt":{"rendered":"<p>Son teknoloji \u00fcr\u00fcn\u00fc CCD kamera sistemimizle \u00fcr\u00fcn denetim ve kalite kontrol s\u00fcre\u00e7lerinizi geli\u015ftirin. Bu geli\u015fmi\u015f \u00e7\u00f6z\u00fcm, i\u015flemleri kolayla\u015ft\u0131ran ve benzersiz hassasiyet sa\u011flayan g\u00fc\u00e7l\u00fc bir \u00f6zellik setine sahiptir.<\/p>","protected":false},"featured_media":2226,"comment_status":"open","ping_status":"closed","template":"","meta":[],"product_cat":[58],"product_tag":[],"yoast_head":"<!-- This site is optimized with the Yoast SEO plugin v22.2 - https:\/\/yoast.com\/wordpress\/plugins\/seo\/ -->\n<title>CCD Camera System - SWOER<\/title>\n<meta name=\"description\" content=\"Revolutionize your production line with our CCD camera system, featuring high-speed recognition, exceptional accuracy, and seamless integration for enhanced quality control and efficiency.\" \/>\n<meta name=\"robots\" content=\"index, follow, max-snippet:-1, max-image-preview:large, max-video-preview:-1\" \/>\n<link rel=\"canonical\" href=\"https:\/\/swoer.com\/tr\/manufacturer\/ccd-camera-system\/\" \/>\n<meta property=\"og:locale\" content=\"tr_TR\" \/>\n<meta property=\"og:type\" content=\"article\" \/>\n<meta property=\"og:title\" content=\"CCD Camera System - SWOER\" \/>\n<meta property=\"og:description\" content=\"Revolutionize your production line with our CCD camera system, featuring high-speed recognition, exceptional accuracy, and seamless integration for enhanced quality control and efficiency.\" \/>\n<meta property=\"og:url\" content=\"https:\/\/swoer.com\/tr\/manufacturer\/ccd-camera-system\/\" \/>\n<meta property=\"og:site_name\" content=\"SWOER\" \/>\n<meta property=\"article:modified_time\" content=\"2024-06-17T07:18:41+00:00\" \/>\n<meta property=\"og:image\" content=\"https:\/\/swoer.com\/wp-content\/uploads\/2024\/06\/ccd-camera-system-.jpg\" \/>\n\t<meta property=\"og:image:width\" content=\"1000\" \/>\n\t<meta property=\"og:image:height\" content=\"1000\" \/>\n\t<meta property=\"og:image:type\" content=\"image\/jpeg\" \/>\n<meta name=\"twitter:card\" content=\"summary_large_image\" \/>\n<meta name=\"twitter:label1\" content=\"Tahmini okuma s\u00fcresi\" \/>\n\t<meta name=\"twitter:data1\" content=\"2 dakika\" \/>\n<script type=\"application\/ld+json\" class=\"yoast-schema-graph\">{\"@context\":\"https:\/\/schema.org\",\"@graph\":[{\"@type\":\"WebPage\",\"@id\":\"https:\/\/swoer.com\/manufacturer\/ccd-camera-system\/\",\"url\":\"https:\/\/swoer.com\/manufacturer\/ccd-camera-system\/\",\"name\":\"CCD Camera System - SWOER\",\"isPartOf\":{\"@id\":\"https:\/\/swoer.com\/#website\"},\"primaryImageOfPage\":{\"@id\":\"https:\/\/swoer.com\/manufacturer\/ccd-camera-system\/#primaryimage\"},\"image\":{\"@id\":\"https:\/\/swoer.com\/manufacturer\/ccd-camera-system\/#primaryimage\"},\"thumbnailUrl\":\"https:\/\/swoer.com\/wp-content\/uploads\/2024\/06\/ccd-camera-system-.jpg\",\"datePublished\":\"2024-06-17T06:16:07+00:00\",\"dateModified\":\"2024-06-17T07:18:41+00:00\",\"description\":\"Revolutionize your production line with our CCD camera system, featuring high-speed recognition, exceptional accuracy, and seamless integration for enhanced quality control and efficiency.\",\"breadcrumb\":{\"@id\":\"https:\/\/swoer.com\/manufacturer\/ccd-camera-system\/#breadcrumb\"},\"inLanguage\":\"tr\",\"potentialAction\":[{\"@type\":\"ReadAction\",\"target\":[\"https:\/\/swoer.com\/manufacturer\/ccd-camera-system\/\"]}]},{\"@type\":\"ImageObject\",\"inLanguage\":\"tr\",\"@id\":\"https:\/\/swoer.com\/manufacturer\/ccd-camera-system\/#primaryimage\",\"url\":\"https:\/\/swoer.com\/wp-content\/uploads\/2024\/06\/ccd-camera-system-.jpg\",\"contentUrl\":\"https:\/\/swoer.com\/wp-content\/uploads\/2024\/06\/ccd-camera-system-.jpg\",\"width\":1000,\"height\":1000,\"caption\":\"ccd camera system\"},{\"@type\":\"BreadcrumbList\",\"@id\":\"https:\/\/swoer.com\/manufacturer\/ccd-camera-system\/#breadcrumb\",\"itemListElement\":[{\"@type\":\"ListItem\",\"position\":1,\"name\":\"Home\",\"item\":\"https:\/\/swoer.com\/\"},{\"@type\":\"ListItem\",\"position\":2,\"name\":\"Shop\",\"item\":\"https:\/\/swoer.com\/shop\/\"},{\"@type\":\"ListItem\",\"position\":3,\"name\":\"CCD Camera System\"}]},{\"@type\":\"WebSite\",\"@id\":\"https:\/\/swoer.com\/#website\",\"url\":\"https:\/\/swoer.com\/\",\"name\":\"SWOER\",\"description\":\"Swoer is the top 3 vibratory bowl feeder manufacturer in China\",\"potentialAction\":[{\"@type\":\"SearchAction\",\"target\":{\"@type\":\"EntryPoint\",\"urlTemplate\":\"https:\/\/swoer.com\/?s={search_term_string}\"},\"query-input\":\"required name=search_term_string\"}],\"inLanguage\":\"tr\"}]}<\/script>\n<!-- \/ Yoast SEO plugin. -->","yoast_head_json":{"title":"CCD Camera System - SWOER","description":"Revolutionize your production line with our CCD camera system, featuring high-speed recognition, exceptional accuracy, and seamless integration for enhanced quality control and efficiency.","robots":{"index":"index","follow":"follow","max-snippet":"max-snippet:-1","max-image-preview":"max-image-preview:large","max-video-preview":"max-video-preview:-1"},"canonical":"https:\/\/swoer.com\/tr\/manufacturer\/ccd-camera-system\/","og_locale":"tr_TR","og_type":"article","og_title":"CCD Camera System - SWOER","og_description":"Revolutionize your production line with our CCD camera system, featuring high-speed recognition, exceptional accuracy, and seamless integration for enhanced quality control and efficiency.","og_url":"https:\/\/swoer.com\/tr\/manufacturer\/ccd-camera-system\/","og_site_name":"SWOER","article_modified_time":"2024-06-17T07:18:41+00:00","og_image":[{"width":1000,"height":1000,"url":"https:\/\/swoer.com\/wp-content\/uploads\/2024\/06\/ccd-camera-system-.jpg","type":"image\/jpeg"}],"twitter_card":"summary_large_image","twitter_misc":{"Tahmini okuma s\u00fcresi":"2 dakika"},"schema":{"@context":"https:\/\/schema.org","@graph":[{"@type":"WebPage","@id":"https:\/\/swoer.com\/manufacturer\/ccd-camera-system\/","url":"https:\/\/swoer.com\/manufacturer\/ccd-camera-system\/","name":"CCD Camera System - SWOER","isPartOf":{"@id":"https:\/\/swoer.com\/#website"},"primaryImageOfPage":{"@id":"https:\/\/swoer.com\/manufacturer\/ccd-camera-system\/#primaryimage"},"image":{"@id":"https:\/\/swoer.com\/manufacturer\/ccd-camera-system\/#primaryimage"},"thumbnailUrl":"https:\/\/swoer.com\/wp-content\/uploads\/2024\/06\/ccd-camera-system-.jpg","datePublished":"2024-06-17T06:16:07+00:00","dateModified":"2024-06-17T07:18:41+00:00","description":"Revolutionize your production line with our CCD camera system, featuring high-speed recognition, exceptional accuracy, and seamless integration for enhanced quality control and efficiency.","breadcrumb":{"@id":"https:\/\/swoer.com\/manufacturer\/ccd-camera-system\/#breadcrumb"},"inLanguage":"tr","potentialAction":[{"@type":"ReadAction","target":["https:\/\/swoer.com\/manufacturer\/ccd-camera-system\/"]}]},{"@type":"ImageObject","inLanguage":"tr","@id":"https:\/\/swoer.com\/manufacturer\/ccd-camera-system\/#primaryimage","url":"https:\/\/swoer.com\/wp-content\/uploads\/2024\/06\/ccd-camera-system-.jpg","contentUrl":"https:\/\/swoer.com\/wp-content\/uploads\/2024\/06\/ccd-camera-system-.jpg","width":1000,"height":1000,"caption":"ccd camera system"},{"@type":"BreadcrumbList","@id":"https:\/\/swoer.com\/manufacturer\/ccd-camera-system\/#breadcrumb","itemListElement":[{"@type":"ListItem","position":1,"name":"Home","item":"https:\/\/swoer.com\/"},{"@type":"ListItem","position":2,"name":"Shop","item":"https:\/\/swoer.com\/shop\/"},{"@type":"ListItem","position":3,"name":"CCD Camera System"}]},{"@type":"WebSite","@id":"https:\/\/swoer.com\/#website","url":"https:\/\/swoer.com\/","name":"SWOER","description":"Swoer is the top 3 vibratory bowl feeder manufacturer in China","potentialAction":[{"@type":"SearchAction","target":{"@type":"EntryPoint","urlTemplate":"https:\/\/swoer.com\/?s={search_term_string}"},"query-input":"required name=search_term_string"}],"inLanguage":"tr"}]}},"_links":{"self":[{"href":"https:\/\/swoer.com\/tr\/wp-json\/wp\/v2\/product\/2225"}],"collection":[{"href":"https:\/\/swoer.com\/tr\/wp-json\/wp\/v2\/product"}],"about":[{"href":"https:\/\/swoer.com\/tr\/wp-json\/wp\/v2\/types\/product"}],"replies":[{"embeddable":true,"href":"https:\/\/swoer.com\/tr\/wp-json\/wp\/v2\/comments?post=2225"}],"wp:featuredmedia":[{"embeddable":true,"href":"https:\/\/swoer.com\/tr\/wp-json\/wp\/v2\/media\/2226"}],"wp:attachment":[{"href":"https:\/\/swoer.com\/tr\/wp-json\/wp\/v2\/media?parent=2225"}],"wp:term":[{"taxonomy":"product_cat","embeddable":true,"href":"https:\/\/swoer.com\/tr\/wp-json\/wp\/v2\/product_cat?post=2225"},{"taxonomy":"product_tag","embeddable":true,"href":"https:\/\/swoer.com\/tr\/wp-json\/wp\/v2\/product_tag?post=2225"}],"curies":[{"name":"wp","href":"https:\/\/api.w.org\/{rel}","templated":true}]}}