{"id":2154,"date":"2024-06-04T02:19:44","date_gmt":"2024-06-04T02:19:44","guid":{"rendered":"https:\/\/swoer.com\/?post_type=product&#038;p=2154"},"modified":"2024-06-07T00:48:57","modified_gmt":"2024-06-07T00:48:57","slug":"fluxring-vibratory-bowl-feeder-bowl-feeder-machine-for-fluxring","status":"publish","type":"product","link":"https:\/\/swoer.com\/tr\/manufacturer\/fluxring-vibratory-bowl-feeder-bowl-feeder-machine-for-fluxring\/","title":{"rendered":"Fluxring Titre\u015fimli Kase Besleyici | Fluxring i\u00e7in Kase Besleyici Makinesi"},"content":{"rendered":"<p>SWOER taraf\u0131ndan tasarlan\u0131p \u00fcretilen yenilik\u00e7i Fluxring Titre\u015fimli Hazne Besleyiciyi ke\u015ffedin. Sa\u011flam bir destek yap\u0131s\u0131na ve geli\u015fmi\u015f ses ge\u00e7irmez muhafazaya sahip bu son teknoloji \u00fcr\u00fcn\u00fc besleyici sistemi, verimli ve sessiz \u00e7al\u0131\u015fmay\u0131 sa\u011flar; end\u00fcstriyel uygulamalarda hassas malzeme ta\u015f\u0131ma i\u00e7in SWOER&#039;in \u00e7ok y\u00f6nl\u00fc titre\u015fimli besleyiciler olu\u015fturma konusundaki uzmanl\u0131\u011f\u0131na g\u00fcvenin.<\/p>\n<h2>\u015eartname<\/h2>\n<table width=\"874\">\n<tbody>\n<tr>\n<td width=\"183\">\u00dcr\u00fcn ad\u0131<\/td>\n<td width=\"691\">Destek Yap\u0131s\u0131 ve Ses Ge\u00e7irmez Muhafaza ile Fluxring Titre\u015fimli Kase Besleyici.<\/td>\n<\/tr>\n<tr>\n<td>Malzeme<\/td>\n<td>\u00a0SUS201\/304<\/td>\n<\/tr>\n<tr>\n<td>Malzeme Uzmanl\u0131\u011f\u0131<\/td>\n<td>So\u011fuk i\u015flem d\u00f6vme ala\u015f\u0131m\u0131, Y\u00fcksek mukavemet, Y\u00fcksek sertlik<\/td>\n<\/tr>\n<tr>\n<td>Gerilim<\/td>\n<td>220V<\/td>\n<\/tr>\n<tr>\n<td>G\u00fc\u00e7<\/td>\n<td>65W \/150W \/180W \/ 220W \/ 350W<\/td>\n<\/tr>\n<tr>\n<td>Kimlik do\u011frulama<\/td>\n<td>CE, ROHS, ISO9001<\/td>\n<\/tr>\n<tr>\n<td>Garanti<\/td>\n<td>1 y\u0131l garanti<\/td>\n<\/tr>\n<tr>\n<td>Adedi<\/td>\n<td>1 tak\u0131m<\/td>\n<\/tr>\n<tr>\n<td>Kur\u015fun zaman\u0131<\/td>\n<td>10-14 g\u00fcn<\/td>\n<\/tr>\n<tr>\n<td>\u00d6deme ko\u015fulu<\/td>\n<td>T\/T 40% Sevkiyat \u00f6ncesi depozito ve bakiye<\/td>\n<\/tr>\n<tr>\n<td>Yerin Orjinali<\/td>\n<td>\u00c7in<\/td>\n<\/tr>\n<\/tbody>\n<\/table>","protected":false},"excerpt":{"rendered":"<p>Fluxring Titre\u015fimli Kase Besleyiciler, d\u00f6kme malzemeleri \u00fcretim hatlar\u0131na e\u015fit \u015fekilde ta\u015f\u0131mak i\u00e7in y\u00fcksek verimli ve g\u00fcvenilir besleyicilerdir. A\u015fa\u011f\u0131daki avantajlara sahiptirler:<\/p>\n<ul>\n<li>Farkl\u0131 malzemelerin besleme gereksinimlerini kar\u015f\u0131lamak i\u00e7in ayarlanabilir titre\u015fim frekans\u0131 ve genli\u011fi.<\/li>\n<li>Korozyona dayan\u0131kl\u0131l\u0131k ve kolay temizlik i\u00e7in paslanmaz \u00e7elik hazne.<\/li>\n<li>\u00dcretim hatt\u0131n\u0131n d\u00fczg\u00fcn \u00e7al\u0131\u015fmas\u0131n\u0131 sa\u011flamak i\u00e7in istikrarl\u0131 ve kontrol edilebilir besleme h\u0131z\u0131.<\/li>\n<li>Farkl\u0131 uygulama ortam\u0131 gereksinimlerini kar\u015f\u0131lamak i\u00e7in iste\u011fe ba\u011fl\u0131 destek yap\u0131s\u0131 ve ses ge\u00e7irmez muhafaza.<\/li>\n<\/ul>","protected":false},"featured_media":2155,"comment_status":"open","ping_status":"closed","template":"","meta":[],"product_cat":[37],"product_tag":[],"yoast_head":"<!-- This site is optimized with the Yoast SEO plugin v22.2 - https:\/\/yoast.com\/wordpress\/plugins\/seo\/ -->\n<title>Fluxring Vibratory Bowl Feeder | Bowl Feeder Machine for Fluxring - SWOER<\/title>\n<meta name=\"description\" content=\"Fluxring Vibratory Bowl Feeders with Support Structures and Soundproof Enclosures are widely used in electronics, food, chemical, pharmaceutical, and other industries, and are an important part of production line automation.\" \/>\n<meta name=\"robots\" content=\"index, follow, max-snippet:-1, max-image-preview:large, max-video-preview:-1\" \/>\n<link rel=\"canonical\" href=\"https:\/\/swoer.com\/tr\/manufacturer\/fluxring-vibratory-bowl-feeder-bowl-feeder-machine-for-fluxring\/\" \/>\n<meta property=\"og:locale\" content=\"tr_TR\" \/>\n<meta property=\"og:type\" content=\"article\" \/>\n<meta property=\"og:title\" content=\"Fluxring Vibratory Bowl Feeder | Bowl Feeder Machine for Fluxring - SWOER\" \/>\n<meta property=\"og:description\" content=\"Fluxring Vibratory Bowl Feeders with Support Structures and Soundproof Enclosures are widely used in electronics, food, chemical, pharmaceutical, and other industries, and are an important part of production line automation.\" \/>\n<meta property=\"og:url\" content=\"https:\/\/swoer.com\/tr\/manufacturer\/fluxring-vibratory-bowl-feeder-bowl-feeder-machine-for-fluxring\/\" \/>\n<meta property=\"og:site_name\" content=\"SWOER\" \/>\n<meta property=\"article:modified_time\" content=\"2024-06-07T00:48:57+00:00\" \/>\n<meta property=\"og:image\" content=\"https:\/\/swoer.com\/wp-content\/uploads\/2024\/06\/3D-design-drawing-for-fluxring-bowl-feeder.webp\" \/>\n\t<meta property=\"og:image:width\" content=\"1000\" \/>\n\t<meta property=\"og:image:height\" content=\"1000\" \/>\n\t<meta property=\"og:image:type\" content=\"image\/webp\" \/>\n<meta name=\"twitter:card\" content=\"summary_large_image\" \/>\n<meta name=\"twitter:label1\" content=\"Tahmini okuma s\u00fcresi\" \/>\n\t<meta name=\"twitter:data1\" content=\"1 dakika\" \/>\n<script type=\"application\/ld+json\" class=\"yoast-schema-graph\">{\"@context\":\"https:\/\/schema.org\",\"@graph\":[{\"@type\":\"WebPage\",\"@id\":\"https:\/\/swoer.com\/manufacturer\/fluxring-vibratory-bowl-feeder-bowl-feeder-machine-for-fluxring\/\",\"url\":\"https:\/\/swoer.com\/manufacturer\/fluxring-vibratory-bowl-feeder-bowl-feeder-machine-for-fluxring\/\",\"name\":\"Fluxring Vibratory Bowl Feeder | Bowl Feeder Machine for Fluxring - SWOER\",\"isPartOf\":{\"@id\":\"https:\/\/swoer.com\/#website\"},\"primaryImageOfPage\":{\"@id\":\"https:\/\/swoer.com\/manufacturer\/fluxring-vibratory-bowl-feeder-bowl-feeder-machine-for-fluxring\/#primaryimage\"},\"image\":{\"@id\":\"https:\/\/swoer.com\/manufacturer\/fluxring-vibratory-bowl-feeder-bowl-feeder-machine-for-fluxring\/#primaryimage\"},\"thumbnailUrl\":\"https:\/\/swoer.com\/wp-content\/uploads\/2024\/06\/3D-design-drawing-for-fluxring-bowl-feeder.webp\",\"datePublished\":\"2024-06-04T02:19:44+00:00\",\"dateModified\":\"2024-06-07T00:48:57+00:00\",\"description\":\"Fluxring Vibratory Bowl Feeders with Support Structures and Soundproof Enclosures are widely used in electronics, food, chemical, pharmaceutical, and other industries, and are an important part of production line automation.\",\"breadcrumb\":{\"@id\":\"https:\/\/swoer.com\/manufacturer\/fluxring-vibratory-bowl-feeder-bowl-feeder-machine-for-fluxring\/#breadcrumb\"},\"inLanguage\":\"tr\",\"potentialAction\":[{\"@type\":\"ReadAction\",\"target\":[\"https:\/\/swoer.com\/manufacturer\/fluxring-vibratory-bowl-feeder-bowl-feeder-machine-for-fluxring\/\"]}]},{\"@type\":\"ImageObject\",\"inLanguage\":\"tr\",\"@id\":\"https:\/\/swoer.com\/manufacturer\/fluxring-vibratory-bowl-feeder-bowl-feeder-machine-for-fluxring\/#primaryimage\",\"url\":\"https:\/\/swoer.com\/wp-content\/uploads\/2024\/06\/3D-design-drawing-for-fluxring-bowl-feeder.webp\",\"contentUrl\":\"https:\/\/swoer.com\/wp-content\/uploads\/2024\/06\/3D-design-drawing-for-fluxring-bowl-feeder.webp\",\"width\":1000,\"height\":1000,\"caption\":\"3D design drawing for fluxring bowl feeder\"},{\"@type\":\"BreadcrumbList\",\"@id\":\"https:\/\/swoer.com\/manufacturer\/fluxring-vibratory-bowl-feeder-bowl-feeder-machine-for-fluxring\/#breadcrumb\",\"itemListElement\":[{\"@type\":\"ListItem\",\"position\":1,\"name\":\"Home\",\"item\":\"https:\/\/swoer.com\/\"},{\"@type\":\"ListItem\",\"position\":2,\"name\":\"Shop\",\"item\":\"https:\/\/swoer.com\/shop\/\"},{\"@type\":\"ListItem\",\"position\":3,\"name\":\"Fluxring Vibratory Bowl Feeder | Bowl Feeder Machine for Fluxring\"}]},{\"@type\":\"WebSite\",\"@id\":\"https:\/\/swoer.com\/#website\",\"url\":\"https:\/\/swoer.com\/\",\"name\":\"SWOER\",\"description\":\"Swoer is the top 3 vibratory bowl feeder manufacturer in China\",\"potentialAction\":[{\"@type\":\"SearchAction\",\"target\":{\"@type\":\"EntryPoint\",\"urlTemplate\":\"https:\/\/swoer.com\/?s={search_term_string}\"},\"query-input\":\"required name=search_term_string\"}],\"inLanguage\":\"tr\"}]}<\/script>\n<!-- \/ Yoast SEO plugin. -->","yoast_head_json":{"title":"Fluxring Vibratory Bowl Feeder | Bowl Feeder Machine for Fluxring - SWOER","description":"Fluxring Vibratory Bowl Feeders with Support Structures and Soundproof Enclosures are widely used in electronics, food, chemical, pharmaceutical, and other industries, and are an important part of production line automation.","robots":{"index":"index","follow":"follow","max-snippet":"max-snippet:-1","max-image-preview":"max-image-preview:large","max-video-preview":"max-video-preview:-1"},"canonical":"https:\/\/swoer.com\/tr\/manufacturer\/fluxring-vibratory-bowl-feeder-bowl-feeder-machine-for-fluxring\/","og_locale":"tr_TR","og_type":"article","og_title":"Fluxring Vibratory Bowl Feeder | Bowl Feeder Machine for Fluxring - SWOER","og_description":"Fluxring Vibratory Bowl Feeders with Support Structures and Soundproof Enclosures are widely used in electronics, food, chemical, pharmaceutical, and other industries, and are an important part of production line automation.","og_url":"https:\/\/swoer.com\/tr\/manufacturer\/fluxring-vibratory-bowl-feeder-bowl-feeder-machine-for-fluxring\/","og_site_name":"SWOER","article_modified_time":"2024-06-07T00:48:57+00:00","og_image":[{"width":1000,"height":1000,"url":"https:\/\/swoer.com\/wp-content\/uploads\/2024\/06\/3D-design-drawing-for-fluxring-bowl-feeder.webp","type":"image\/webp"}],"twitter_card":"summary_large_image","twitter_misc":{"Tahmini okuma s\u00fcresi":"1 dakika"},"schema":{"@context":"https:\/\/schema.org","@graph":[{"@type":"WebPage","@id":"https:\/\/swoer.com\/manufacturer\/fluxring-vibratory-bowl-feeder-bowl-feeder-machine-for-fluxring\/","url":"https:\/\/swoer.com\/manufacturer\/fluxring-vibratory-bowl-feeder-bowl-feeder-machine-for-fluxring\/","name":"Fluxring Vibratory Bowl Feeder | Bowl Feeder Machine for Fluxring - SWOER","isPartOf":{"@id":"https:\/\/swoer.com\/#website"},"primaryImageOfPage":{"@id":"https:\/\/swoer.com\/manufacturer\/fluxring-vibratory-bowl-feeder-bowl-feeder-machine-for-fluxring\/#primaryimage"},"image":{"@id":"https:\/\/swoer.com\/manufacturer\/fluxring-vibratory-bowl-feeder-bowl-feeder-machine-for-fluxring\/#primaryimage"},"thumbnailUrl":"https:\/\/swoer.com\/wp-content\/uploads\/2024\/06\/3D-design-drawing-for-fluxring-bowl-feeder.webp","datePublished":"2024-06-04T02:19:44+00:00","dateModified":"2024-06-07T00:48:57+00:00","description":"Fluxring Vibratory Bowl Feeders with Support Structures and Soundproof Enclosures are widely used in electronics, food, chemical, pharmaceutical, and other industries, and are an important part of production line automation.","breadcrumb":{"@id":"https:\/\/swoer.com\/manufacturer\/fluxring-vibratory-bowl-feeder-bowl-feeder-machine-for-fluxring\/#breadcrumb"},"inLanguage":"tr","potentialAction":[{"@type":"ReadAction","target":["https:\/\/swoer.com\/manufacturer\/fluxring-vibratory-bowl-feeder-bowl-feeder-machine-for-fluxring\/"]}]},{"@type":"ImageObject","inLanguage":"tr","@id":"https:\/\/swoer.com\/manufacturer\/fluxring-vibratory-bowl-feeder-bowl-feeder-machine-for-fluxring\/#primaryimage","url":"https:\/\/swoer.com\/wp-content\/uploads\/2024\/06\/3D-design-drawing-for-fluxring-bowl-feeder.webp","contentUrl":"https:\/\/swoer.com\/wp-content\/uploads\/2024\/06\/3D-design-drawing-for-fluxring-bowl-feeder.webp","width":1000,"height":1000,"caption":"3D design drawing for fluxring bowl feeder"},{"@type":"BreadcrumbList","@id":"https:\/\/swoer.com\/manufacturer\/fluxring-vibratory-bowl-feeder-bowl-feeder-machine-for-fluxring\/#breadcrumb","itemListElement":[{"@type":"ListItem","position":1,"name":"Home","item":"https:\/\/swoer.com\/"},{"@type":"ListItem","position":2,"name":"Shop","item":"https:\/\/swoer.com\/shop\/"},{"@type":"ListItem","position":3,"name":"Fluxring Vibratory Bowl Feeder | Bowl Feeder Machine for Fluxring"}]},{"@type":"WebSite","@id":"https:\/\/swoer.com\/#website","url":"https:\/\/swoer.com\/","name":"SWOER","description":"Swoer is the top 3 vibratory bowl feeder manufacturer in China","potentialAction":[{"@type":"SearchAction","target":{"@type":"EntryPoint","urlTemplate":"https:\/\/swoer.com\/?s={search_term_string}"},"query-input":"required name=search_term_string"}],"inLanguage":"tr"}]}},"_links":{"self":[{"href":"https:\/\/swoer.com\/tr\/wp-json\/wp\/v2\/product\/2154"}],"collection":[{"href":"https:\/\/swoer.com\/tr\/wp-json\/wp\/v2\/product"}],"about":[{"href":"https:\/\/swoer.com\/tr\/wp-json\/wp\/v2\/types\/product"}],"replies":[{"embeddable":true,"href":"https:\/\/swoer.com\/tr\/wp-json\/wp\/v2\/comments?post=2154"}],"wp:featuredmedia":[{"embeddable":true,"href":"https:\/\/swoer.com\/tr\/wp-json\/wp\/v2\/media\/2155"}],"wp:attachment":[{"href":"https:\/\/swoer.com\/tr\/wp-json\/wp\/v2\/media?parent=2154"}],"wp:term":[{"taxonomy":"product_cat","embeddable":true,"href":"https:\/\/swoer.com\/tr\/wp-json\/wp\/v2\/product_cat?post=2154"},{"taxonomy":"product_tag","embeddable":true,"href":"https:\/\/swoer.com\/tr\/wp-json\/wp\/v2\/product_tag?post=2154"}],"curies":[{"name":"wp","href":"https:\/\/api.w.org\/{rel}","templated":true}]}}