{"id":2136,"date":"2024-05-22T07:09:25","date_gmt":"2024-05-22T07:09:25","guid":{"rendered":"https:\/\/swoer.com\/?post_type=product&#038;p=2136"},"modified":"2024-08-01T17:19:45","modified_gmt":"2024-08-01T09:19:45","slug":"bolts-vibratory-bowl-feeder-with-soundproof-cover","status":"publish","type":"product","link":"https:\/\/swoer.com\/tr\/manufacturer\/bolts-vibratory-bowl-feeder-with-soundproof-cover\/","title":{"rendered":"Ses Ge\u00e7irmez Kapakl\u0131 C\u0131vata Titre\u015fimli Kase Besleyici"},"content":{"rendered":"<p>Ses ge\u00e7irmez kapakl\u0131 Bolt titre\u015fimli \u00e7anak besleyici, azalt\u0131lm\u0131\u015f g\u00fcr\u00fclt\u00fc seviyeleriyle g\u00fcvenilir, verimli par\u00e7a besleme sa\u011flar. Hassasiyet ve dayan\u0131kl\u0131l\u0131k i\u00e7in tasarlanan bu \u00fcr\u00fcn, otomatik \u00fcretim ortamlar\u0131nda verimlili\u011fi art\u0131rmak i\u00e7in ideal \u00e7\u00f6z\u00fcmd\u00fcr.<\/p>\n<h2>\u015eartname:<\/h2>\n<table width=\"684\">\n<tbody>\n<tr>\n<td width=\"183\">\u00dcr\u00fcn ad\u0131<\/td>\n<td width=\"501\">Ses Ge\u00e7irmez Kapakl\u0131 C\u0131vata Titre\u015fimli Kase Besleyici<\/td>\n<\/tr>\n<tr>\n<td>Malzeme<\/td>\n<td>\u00a0SUS201\/304<\/td>\n<\/tr>\n<tr>\n<td>Malzeme Uzmanl\u0131\u011f\u0131<\/td>\n<td>So\u011fuk i\u015flem d\u00f6vme ala\u015f\u0131m\u0131, Y\u00fcksek mukavemet, Y\u00fcksek sertlik<\/td>\n<\/tr>\n<tr>\n<td>Gerilim<\/td>\n<td>220V<\/td>\n<\/tr>\n<tr>\n<td>G\u00fc\u00e7<\/td>\n<td>65W \/150W \/180W \/ 220W \/ 350W<\/td>\n<\/tr>\n<tr>\n<td>Kimlik do\u011frulama<\/td>\n<td>CE, ROHS, ISO9001<\/td>\n<\/tr>\n<tr>\n<td>Garanti<\/td>\n<td>1 y\u0131l garanti<\/td>\n<\/tr>\n<tr>\n<td>Adedi<\/td>\n<td>1 tak\u0131m<\/td>\n<\/tr>\n<tr>\n<td>Kur\u015fun zaman\u0131<\/td>\n<td>10-14 g\u00fcn<\/td>\n<\/tr>\n<tr>\n<td>\u00d6deme ko\u015fulu<\/td>\n<td>T\/T 40% Sevkiyat \u00f6ncesi depozito ve bakiye<\/td>\n<\/tr>\n<tr>\n<td>Yerin Orjinali<\/td>\n<td>\u00c7in<\/td>\n<\/tr>\n<\/tbody>\n<\/table>","protected":false},"excerpt":{"rendered":"<p>Ses ge\u00e7irmez kapakl\u0131 Bolt titre\u015fimli hazne besleyici, verimli ve sessiz par\u00e7a beslemeyi sa\u011flar, g\u00fcr\u00fclt\u00fc seviyelerini azalt\u0131rken \u00fcretkenli\u011fi art\u0131r\u0131r. \u00c7e\u015fitli end\u00fcstriyel uygulamalar i\u00e7in ideal olan bu \u00fcr\u00fcn, hassasiyet ve dayan\u0131kl\u0131l\u0131k sunarak otomatik \u00fcretim sistemleri i\u00e7in en iyi se\u00e7imdir.<\/p>","protected":false},"featured_media":2137,"comment_status":"open","ping_status":"closed","template":"","meta":[],"product_cat":[37],"product_tag":[],"yoast_head":"<!-- This site is optimized with the Yoast SEO plugin v22.2 - https:\/\/yoast.com\/wordpress\/plugins\/seo\/ -->\n<title>Bolts Vibratory Bowl Feeder with Soundproof Cover -<\/title>\n<meta name=\"description\" content=\"Our vibratory bowl feeder is designed with a soundproof cover to reduce noise pollution and improve your workspace environment.\" \/>\n<meta name=\"robots\" content=\"index, follow, max-snippet:-1, max-image-preview:large, max-video-preview:-1\" \/>\n<link rel=\"canonical\" href=\"https:\/\/swoer.com\/tr\/manufacturer\/bolts-vibratory-bowl-feeder-with-soundproof-cover\/\" \/>\n<meta property=\"og:locale\" content=\"tr_TR\" \/>\n<meta property=\"og:type\" content=\"article\" \/>\n<meta property=\"og:title\" content=\"Bolts Vibratory Bowl Feeder with Soundproof Cover -\" \/>\n<meta property=\"og:description\" content=\"Our vibratory bowl feeder is designed with a soundproof cover to reduce noise pollution and improve your workspace environment.\" \/>\n<meta property=\"og:url\" content=\"https:\/\/swoer.com\/tr\/manufacturer\/bolts-vibratory-bowl-feeder-with-soundproof-cover\/\" \/>\n<meta property=\"og:site_name\" content=\"SWOER\" \/>\n<meta property=\"article:modified_time\" content=\"2024-08-01T09:19:45+00:00\" \/>\n<meta property=\"og:image\" content=\"https:\/\/swoer.com\/wp-content\/uploads\/2024\/05\/Bolt-vibratory-bowl-feeder-with-soundproof-cover-.webp\" \/>\n\t<meta property=\"og:image:width\" content=\"1000\" \/>\n\t<meta property=\"og:image:height\" content=\"1000\" \/>\n\t<meta property=\"og:image:type\" content=\"image\/webp\" \/>\n<meta name=\"twitter:card\" content=\"summary_large_image\" \/>\n<meta name=\"twitter:label1\" content=\"Tahmini okuma s\u00fcresi\" \/>\n\t<meta name=\"twitter:data1\" content=\"1 dakika\" \/>\n<script type=\"application\/ld+json\" class=\"yoast-schema-graph\">{\"@context\":\"https:\/\/schema.org\",\"@graph\":[{\"@type\":\"WebPage\",\"@id\":\"https:\/\/swoer.com\/manufacturer\/bolts-vibratory-bowl-feeder-with-soundproof-cover\/\",\"url\":\"https:\/\/swoer.com\/manufacturer\/bolts-vibratory-bowl-feeder-with-soundproof-cover\/\",\"name\":\"Bolts Vibratory Bowl Feeder with Soundproof Cover -\",\"isPartOf\":{\"@id\":\"https:\/\/swoer.com\/#website\"},\"primaryImageOfPage\":{\"@id\":\"https:\/\/swoer.com\/manufacturer\/bolts-vibratory-bowl-feeder-with-soundproof-cover\/#primaryimage\"},\"image\":{\"@id\":\"https:\/\/swoer.com\/manufacturer\/bolts-vibratory-bowl-feeder-with-soundproof-cover\/#primaryimage\"},\"thumbnailUrl\":\"https:\/\/swoer.com\/wp-content\/uploads\/2024\/05\/Bolt-vibratory-bowl-feeder-with-soundproof-cover-.webp\",\"datePublished\":\"2024-05-22T07:09:25+00:00\",\"dateModified\":\"2024-08-01T09:19:45+00:00\",\"description\":\"Our vibratory bowl feeder is designed with a soundproof cover to reduce noise pollution and improve your workspace environment.\",\"breadcrumb\":{\"@id\":\"https:\/\/swoer.com\/manufacturer\/bolts-vibratory-bowl-feeder-with-soundproof-cover\/#breadcrumb\"},\"inLanguage\":\"tr\",\"potentialAction\":[{\"@type\":\"ReadAction\",\"target\":[\"https:\/\/swoer.com\/manufacturer\/bolts-vibratory-bowl-feeder-with-soundproof-cover\/\"]}]},{\"@type\":\"ImageObject\",\"inLanguage\":\"tr\",\"@id\":\"https:\/\/swoer.com\/manufacturer\/bolts-vibratory-bowl-feeder-with-soundproof-cover\/#primaryimage\",\"url\":\"https:\/\/swoer.com\/wp-content\/uploads\/2024\/05\/Bolt-vibratory-bowl-feeder-with-soundproof-cover-.webp\",\"contentUrl\":\"https:\/\/swoer.com\/wp-content\/uploads\/2024\/05\/Bolt-vibratory-bowl-feeder-with-soundproof-cover-.webp\",\"width\":1000,\"height\":1000,\"caption\":\"Bolt vibratory bowl feeder with soundproof cover\"},{\"@type\":\"BreadcrumbList\",\"@id\":\"https:\/\/swoer.com\/manufacturer\/bolts-vibratory-bowl-feeder-with-soundproof-cover\/#breadcrumb\",\"itemListElement\":[{\"@type\":\"ListItem\",\"position\":1,\"name\":\"Home\",\"item\":\"https:\/\/swoer.com\/\"},{\"@type\":\"ListItem\",\"position\":2,\"name\":\"Shop\",\"item\":\"https:\/\/swoer.com\/shop\/\"},{\"@type\":\"ListItem\",\"position\":3,\"name\":\"Bolts Vibratory Bowl Feeder with Soundproof Cover\"}]},{\"@type\":\"WebSite\",\"@id\":\"https:\/\/swoer.com\/#website\",\"url\":\"https:\/\/swoer.com\/\",\"name\":\"SWOER\",\"description\":\"Swoer is the top 3 vibratory bowl feeder manufacturer in China\",\"potentialAction\":[{\"@type\":\"SearchAction\",\"target\":{\"@type\":\"EntryPoint\",\"urlTemplate\":\"https:\/\/swoer.com\/?s={search_term_string}\"},\"query-input\":\"required name=search_term_string\"}],\"inLanguage\":\"tr\"}]}<\/script>\n<!-- \/ Yoast SEO plugin. -->","yoast_head_json":{"title":"Bolts Vibratory Bowl Feeder with Soundproof Cover -","description":"Our vibratory bowl feeder is designed with a soundproof cover to reduce noise pollution and improve your workspace environment.","robots":{"index":"index","follow":"follow","max-snippet":"max-snippet:-1","max-image-preview":"max-image-preview:large","max-video-preview":"max-video-preview:-1"},"canonical":"https:\/\/swoer.com\/tr\/manufacturer\/bolts-vibratory-bowl-feeder-with-soundproof-cover\/","og_locale":"tr_TR","og_type":"article","og_title":"Bolts Vibratory Bowl Feeder with Soundproof Cover -","og_description":"Our vibratory bowl feeder is designed with a soundproof cover to reduce noise pollution and improve your workspace environment.","og_url":"https:\/\/swoer.com\/tr\/manufacturer\/bolts-vibratory-bowl-feeder-with-soundproof-cover\/","og_site_name":"SWOER","article_modified_time":"2024-08-01T09:19:45+00:00","og_image":[{"width":1000,"height":1000,"url":"https:\/\/swoer.com\/wp-content\/uploads\/2024\/05\/Bolt-vibratory-bowl-feeder-with-soundproof-cover-.webp","type":"image\/webp"}],"twitter_card":"summary_large_image","twitter_misc":{"Tahmini okuma s\u00fcresi":"1 dakika"},"schema":{"@context":"https:\/\/schema.org","@graph":[{"@type":"WebPage","@id":"https:\/\/swoer.com\/manufacturer\/bolts-vibratory-bowl-feeder-with-soundproof-cover\/","url":"https:\/\/swoer.com\/manufacturer\/bolts-vibratory-bowl-feeder-with-soundproof-cover\/","name":"Bolts Vibratory Bowl Feeder with Soundproof Cover -","isPartOf":{"@id":"https:\/\/swoer.com\/#website"},"primaryImageOfPage":{"@id":"https:\/\/swoer.com\/manufacturer\/bolts-vibratory-bowl-feeder-with-soundproof-cover\/#primaryimage"},"image":{"@id":"https:\/\/swoer.com\/manufacturer\/bolts-vibratory-bowl-feeder-with-soundproof-cover\/#primaryimage"},"thumbnailUrl":"https:\/\/swoer.com\/wp-content\/uploads\/2024\/05\/Bolt-vibratory-bowl-feeder-with-soundproof-cover-.webp","datePublished":"2024-05-22T07:09:25+00:00","dateModified":"2024-08-01T09:19:45+00:00","description":"Our vibratory bowl feeder is designed with a soundproof cover to reduce noise pollution and improve your workspace environment.","breadcrumb":{"@id":"https:\/\/swoer.com\/manufacturer\/bolts-vibratory-bowl-feeder-with-soundproof-cover\/#breadcrumb"},"inLanguage":"tr","potentialAction":[{"@type":"ReadAction","target":["https:\/\/swoer.com\/manufacturer\/bolts-vibratory-bowl-feeder-with-soundproof-cover\/"]}]},{"@type":"ImageObject","inLanguage":"tr","@id":"https:\/\/swoer.com\/manufacturer\/bolts-vibratory-bowl-feeder-with-soundproof-cover\/#primaryimage","url":"https:\/\/swoer.com\/wp-content\/uploads\/2024\/05\/Bolt-vibratory-bowl-feeder-with-soundproof-cover-.webp","contentUrl":"https:\/\/swoer.com\/wp-content\/uploads\/2024\/05\/Bolt-vibratory-bowl-feeder-with-soundproof-cover-.webp","width":1000,"height":1000,"caption":"Bolt vibratory bowl feeder with soundproof cover"},{"@type":"BreadcrumbList","@id":"https:\/\/swoer.com\/manufacturer\/bolts-vibratory-bowl-feeder-with-soundproof-cover\/#breadcrumb","itemListElement":[{"@type":"ListItem","position":1,"name":"Home","item":"https:\/\/swoer.com\/"},{"@type":"ListItem","position":2,"name":"Shop","item":"https:\/\/swoer.com\/shop\/"},{"@type":"ListItem","position":3,"name":"Bolts Vibratory Bowl Feeder with Soundproof Cover"}]},{"@type":"WebSite","@id":"https:\/\/swoer.com\/#website","url":"https:\/\/swoer.com\/","name":"SWOER","description":"Swoer is the top 3 vibratory bowl feeder manufacturer in China","potentialAction":[{"@type":"SearchAction","target":{"@type":"EntryPoint","urlTemplate":"https:\/\/swoer.com\/?s={search_term_string}"},"query-input":"required name=search_term_string"}],"inLanguage":"tr"}]}},"_links":{"self":[{"href":"https:\/\/swoer.com\/tr\/wp-json\/wp\/v2\/product\/2136"}],"collection":[{"href":"https:\/\/swoer.com\/tr\/wp-json\/wp\/v2\/product"}],"about":[{"href":"https:\/\/swoer.com\/tr\/wp-json\/wp\/v2\/types\/product"}],"replies":[{"embeddable":true,"href":"https:\/\/swoer.com\/tr\/wp-json\/wp\/v2\/comments?post=2136"}],"wp:featuredmedia":[{"embeddable":true,"href":"https:\/\/swoer.com\/tr\/wp-json\/wp\/v2\/media\/2137"}],"wp:attachment":[{"href":"https:\/\/swoer.com\/tr\/wp-json\/wp\/v2\/media?parent=2136"}],"wp:term":[{"taxonomy":"product_cat","embeddable":true,"href":"https:\/\/swoer.com\/tr\/wp-json\/wp\/v2\/product_cat?post=2136"},{"taxonomy":"product_tag","embeddable":true,"href":"https:\/\/swoer.com\/tr\/wp-json\/wp\/v2\/product_tag?post=2136"}],"curies":[{"name":"wp","href":"https:\/\/api.w.org\/{rel}","templated":true}]}}