{"id":2033,"date":"2024-04-26T02:25:24","date_gmt":"2024-04-26T02:25:24","guid":{"rendered":"https:\/\/swoer.com\/?post_type=product&#038;p=2033"},"modified":"2024-04-26T02:38:04","modified_gmt":"2024-04-26T02:38:04","slug":"vibratory-linear-feeder-dk-series","status":"publish","type":"product","link":"https:\/\/swoer.com\/tr\/manufacturer\/vibratory-linear-feeder-dk-series\/","title":{"rendered":"Titre\u015fimli Do\u011frusal Besleyici DK Serisi"},"content":{"rendered":"<h2><strong><b>\u00d6zellikler<\/b><\/strong><\/h2>\n<p>\u00dcr\u00fcn ta\u015f\u0131ma hatt\u0131n\u0131n geni\u015fli\u011fi art\u0131r\u0131l\u0131r ve k\u00fc\u00e7\u00fck ve orta boyutlu bile\u015fenlerin ultra geni\u015f ta\u015f\u0131nmas\u0131 i\u00e7in uygun olan genlik a\u00e7\u0131s\u0131n\u0131n ayarlanmas\u0131yla s\u00fcr\u00fc\u015f h\u0131zl\u0131 ve istikrarl\u0131 hale gelir.<\/p>\n<h2><strong>Kurulum \u00f6nlemleri<\/strong><\/h2>\n<ol>\n<li>Malzeme yolu yeterli sa\u011flaml\u0131\u011fa sahip olmal\u0131d\u0131r, aksi takdirde rezonans olu\u015fturmak zor olacakt\u0131r.<\/li>\n<li>Makine ask\u0131dayken destek kiri\u015finde takviyeler kullan\u0131lmal\u0131d\u0131r.<\/li>\n<li>Ayn\u0131 deste\u011fe birden fazla direkt vibrat\u00f6r monte edildi\u011finde ortaya \u00e7\u0131kan giri\u015fim g\u00fcr\u00fclt\u00fcye neden olur ve i\u015f par\u00e7as\u0131n\u0131n konumunu de\u011fi\u015ftirir. Bu gibi durumlarda do\u011frudan sal\u0131n\u0131m yapan her makine i\u00e7in ayr\u0131 bir destek sa\u011flanmal\u0131d\u0131r.<\/li>\n<li>Ray veya \u015fasinin sertli\u011fi yoksa, a\u015fa\u011f\u0131dakiler meydana gelecektir:<\/li>\n<\/ol>\n<ul>\n<li>Aktar\u0131lan i\u015f par\u00e7as\u0131 geri hareket edecektir.<\/li>\n<li>Transferdeki i\u015f par\u00e7as\u0131 yukar\u0131 a\u015fa\u011f\u0131 z\u0131plar ve besleme kanal\u0131n\u0131n \u00f6n\u00fcnde ve arkas\u0131nda bloke olur.<\/li>\n<li>\u0130\u015f par\u00e7as\u0131 kanal kanal\u0131ndan \u00e7\u0131kt\u0131\u011f\u0131nda yava\u015f ve dengesizdir.<\/li>\n<li><strong>\u00a0<\/strong>Aktar\u0131lan i\u015f par\u00e7as\u0131 d\u00fczenli bir giri\u015fim olgusu yarat\u0131r.<\/li>\n<\/ul>\n<h3><strong><span class=\"15\">SW-350DK<\/span><\/strong><\/h3>\n\t<div class=\"img has-hover x md-x lg-x y md-y lg-y\" id=\"image_1574516906\">\n\t\t\t\t\t\t\t\t<div class=\"img-inner dark\" >\n\t\t\t<img loading=\"lazy\" decoding=\"async\" width=\"976\" height=\"695\" src=\"https:\/\/swoer.com\/wp-content\/uploads\/2024\/04\/SW-350DK.webp\" class=\"attachment-original size-original\" alt=\"SW-350DK\" srcset=\"https:\/\/swoer.com\/wp-content\/uploads\/2024\/04\/SW-350DK.webp 976w, https:\/\/swoer.com\/wp-content\/uploads\/2024\/04\/SW-350DK-300x214.webp 300w, https:\/\/swoer.com\/wp-content\/uploads\/2024\/04\/SW-350DK-768x547.webp 768w, https:\/\/swoer.com\/wp-content\/uploads\/2024\/04\/SW-350DK-18x12.webp 18w, https:\/\/swoer.com\/wp-content\/uploads\/2024\/04\/SW-350DK-600x427.webp 600w\" sizes=\"(max-width: 976px) 100vw, 976px\" \/>\t\t\t\t\t\t\n\t\t\t\t\t<\/div>\n\t\t\t\t\t\t\t\t\n<style>\n#image_1574516906 {\n  width: 100%;\n}\n<\/style>\n\t<\/div>\n\t\n<h3 class=\"p\"><strong>SW-450DK<\/strong><\/h3>\n\t<div class=\"img has-hover x md-x lg-x y md-y lg-y\" id=\"image_1699261277\">\n\t\t\t\t\t\t\t\t<div class=\"img-inner dark\" >\n\t\t\t<img loading=\"lazy\" decoding=\"async\" width=\"937\" height=\"686\" src=\"https:\/\/swoer.com\/wp-content\/uploads\/2024\/04\/SW-450DK.webp\" class=\"attachment-original size-original\" alt=\"SW-450DK\" srcset=\"https:\/\/swoer.com\/wp-content\/uploads\/2024\/04\/SW-450DK.webp 937w, https:\/\/swoer.com\/wp-content\/uploads\/2024\/04\/SW-450DK-300x220.webp 300w, https:\/\/swoer.com\/wp-content\/uploads\/2024\/04\/SW-450DK-768x562.webp 768w, https:\/\/swoer.com\/wp-content\/uploads\/2024\/04\/SW-450DK-16x12.webp 16w, https:\/\/swoer.com\/wp-content\/uploads\/2024\/04\/SW-450DK-600x439.webp 600w\" sizes=\"(max-width: 937px) 100vw, 937px\" \/>\t\t\t\t\t\t\n\t\t\t\t\t<\/div>\n\t\t\t\t\t\t\t\t\n<style>\n#image_1699261277 {\n  width: 100%;\n}\n<\/style>\n\t<\/div>\n\t\n<h3><strong>SW-550DK<\/strong><\/h3>\n\t<div class=\"img has-hover x md-x lg-x y md-y lg-y\" id=\"image_1405774101\">\n\t\t\t\t\t\t\t\t<div class=\"img-inner dark\" >\n\t\t\t<img loading=\"lazy\" decoding=\"async\" width=\"1020\" height=\"686\" src=\"https:\/\/swoer.com\/wp-content\/uploads\/2024\/04\/SW-550DK.webp\" class=\"attachment-original size-original\" alt=\"\" srcset=\"https:\/\/swoer.com\/wp-content\/uploads\/2024\/04\/SW-550DK.webp 1020w, https:\/\/swoer.com\/wp-content\/uploads\/2024\/04\/SW-550DK-300x202.webp 300w, https:\/\/swoer.com\/wp-content\/uploads\/2024\/04\/SW-550DK-768x517.webp 768w, https:\/\/swoer.com\/wp-content\/uploads\/2024\/04\/SW-550DK-18x12.webp 18w, https:\/\/swoer.com\/wp-content\/uploads\/2024\/04\/SW-550DK-600x404.webp 600w\" sizes=\"(max-width: 1020px) 100vw, 1020px\" \/>\t\t\t\t\t\t\n\t\t\t\t\t<\/div>\n\t\t\t\t\t\t\t\t\n<style>\n#image_1405774101 {\n  width: 100%;\n}\n<\/style>\n\t<\/div>\n\t\n<h3><strong>SW-1000DK<\/strong><\/h3>\n\t<div class=\"img has-hover x md-x lg-x y md-y lg-y\" id=\"image_1937934350\">\n\t\t\t\t\t\t\t\t<div class=\"img-inner dark\" >\n\t\t\t<img loading=\"lazy\" decoding=\"async\" width=\"1319\" height=\"622\" src=\"https:\/\/swoer.com\/wp-content\/uploads\/2024\/04\/SW-1000DK.webp\" class=\"attachment-original size-original\" alt=\"\" srcset=\"https:\/\/swoer.com\/wp-content\/uploads\/2024\/04\/SW-1000DK.webp 1319w, https:\/\/swoer.com\/wp-content\/uploads\/2024\/04\/SW-1000DK-300x141.webp 300w, https:\/\/swoer.com\/wp-content\/uploads\/2024\/04\/SW-1000DK-1024x483.webp 1024w, https:\/\/swoer.com\/wp-content\/uploads\/2024\/04\/SW-1000DK-768x362.webp 768w, https:\/\/swoer.com\/wp-content\/uploads\/2024\/04\/SW-1000DK-18x8.webp 18w, https:\/\/swoer.com\/wp-content\/uploads\/2024\/04\/SW-1000DK-600x283.webp 600w\" sizes=\"(max-width: 1319px) 100vw, 1319px\" \/>\t\t\t\t\t\t\n\t\t\t\t\t<\/div>\n\t\t\t\t\t\t\t\t\n<style>\n#image_1937934350 {\n  width: 100%;\n}\n<\/style>\n\t<\/div>","protected":false},"excerpt":{"rendered":"<p>Optimum performans i\u00e7in \u00e7anak besleyiciyle birle\u015ftirilmi\u015f s\u0131ral\u0131 ray i\u00e7eren DK Serisi Titre\u015fimli Do\u011frusal Besleyiciyi ke\u015ffedin.<\/p>\n<p>Bu hassas d\u00fcz vibrat\u00f6r, d\u00fcz besleme i\u00e7in tasarlanm\u0131\u015f bir titre\u015fim plakas\u0131yla tamamlanan d\u00fczg\u00fcn do\u011frusal titre\u015fim sa\u011flar.<\/p>\n<p>Kesintisiz, verimli bir \u015fekilde \u00e7al\u0131\u015fan sessiz bir otomatik besleyicinin rahatl\u0131\u011f\u0131n\u0131 ya\u015fay\u0131n. \u0130htiya\u00e7lar\u0131n\u0131za uygun d\u00f6rt model mevcuttur:<\/p>\n<p>SW-350DK<\/p>\n<p>SW-450DK<\/p>\n<p>SW-550DK<\/p>\n<p>SW-100DK<\/p>","protected":false},"featured_media":2034,"comment_status":"open","ping_status":"closed","template":"","meta":[],"product_cat":[55],"product_tag":[],"yoast_head":"<!-- This site is optimized with the Yoast SEO plugin v22.2 - https:\/\/yoast.com\/wordpress\/plugins\/seo\/ -->\n<title>Vibratory Linear Feeder DK Series - SWOER<\/title>\n<meta name=\"robots\" content=\"index, follow, max-snippet:-1, max-image-preview:large, max-video-preview:-1\" \/>\n<link rel=\"canonical\" href=\"https:\/\/swoer.com\/tr\/manufacturer\/vibratory-linear-feeder-dk-series\/\" \/>\n<meta property=\"og:locale\" content=\"tr_TR\" \/>\n<meta property=\"og:type\" content=\"article\" \/>\n<meta property=\"og:title\" content=\"Vibratory Linear Feeder DK Series - SWOER\" \/>\n<meta property=\"og:description\" content=\"Discover the DK Series Vibratory Linear Feeder, featuring an inline rail combined with a bowl feeder for optimal performance.  This precision straight vibrator ensures smooth linear vibration, complemented by a vibrating plate designed for flat feeding.  Experience the convenience of a silent automatic feeder that operates efficiently without disruption. Available in four models to suit your needs:  SW-350DK  SW-450DK  SW-550DK  SW-100DK\" \/>\n<meta property=\"og:url\" content=\"https:\/\/swoer.com\/tr\/manufacturer\/vibratory-linear-feeder-dk-series\/\" \/>\n<meta property=\"og:site_name\" content=\"SWOER\" \/>\n<meta property=\"article:modified_time\" content=\"2024-04-26T02:38:04+00:00\" \/>\n<meta property=\"og:image\" content=\"https:\/\/swoer.com\/wp-content\/uploads\/2024\/04\/Vibratory-Linear-Feeder-DK-Series.webp\" \/>\n\t<meta property=\"og:image:width\" content=\"1000\" \/>\n\t<meta property=\"og:image:height\" content=\"1000\" \/>\n\t<meta property=\"og:image:type\" content=\"image\/webp\" \/>\n<meta name=\"twitter:card\" content=\"summary_large_image\" \/>\n<meta name=\"twitter:label1\" content=\"Tahmini okuma s\u00fcresi\" \/>\n\t<meta name=\"twitter:data1\" content=\"1 dakika\" \/>\n<script type=\"application\/ld+json\" class=\"yoast-schema-graph\">{\"@context\":\"https:\/\/schema.org\",\"@graph\":[{\"@type\":\"WebPage\",\"@id\":\"https:\/\/swoer.com\/manufacturer\/vibratory-linear-feeder-dk-series\/\",\"url\":\"https:\/\/swoer.com\/manufacturer\/vibratory-linear-feeder-dk-series\/\",\"name\":\"Vibratory Linear Feeder DK Series - SWOER\",\"isPartOf\":{\"@id\":\"https:\/\/swoer.com\/#website\"},\"primaryImageOfPage\":{\"@id\":\"https:\/\/swoer.com\/manufacturer\/vibratory-linear-feeder-dk-series\/#primaryimage\"},\"image\":{\"@id\":\"https:\/\/swoer.com\/manufacturer\/vibratory-linear-feeder-dk-series\/#primaryimage\"},\"thumbnailUrl\":\"https:\/\/swoer.com\/wp-content\/uploads\/2024\/04\/Vibratory-Linear-Feeder-DK-Series.webp\",\"datePublished\":\"2024-04-26T02:25:24+00:00\",\"dateModified\":\"2024-04-26T02:38:04+00:00\",\"breadcrumb\":{\"@id\":\"https:\/\/swoer.com\/manufacturer\/vibratory-linear-feeder-dk-series\/#breadcrumb\"},\"inLanguage\":\"tr\",\"potentialAction\":[{\"@type\":\"ReadAction\",\"target\":[\"https:\/\/swoer.com\/manufacturer\/vibratory-linear-feeder-dk-series\/\"]}]},{\"@type\":\"ImageObject\",\"inLanguage\":\"tr\",\"@id\":\"https:\/\/swoer.com\/manufacturer\/vibratory-linear-feeder-dk-series\/#primaryimage\",\"url\":\"https:\/\/swoer.com\/wp-content\/uploads\/2024\/04\/Vibratory-Linear-Feeder-DK-Series.webp\",\"contentUrl\":\"https:\/\/swoer.com\/wp-content\/uploads\/2024\/04\/Vibratory-Linear-Feeder-DK-Series.webp\",\"width\":1000,\"height\":1000,\"caption\":\"Vibratory Linear Feeder DK Series\"},{\"@type\":\"BreadcrumbList\",\"@id\":\"https:\/\/swoer.com\/manufacturer\/vibratory-linear-feeder-dk-series\/#breadcrumb\",\"itemListElement\":[{\"@type\":\"ListItem\",\"position\":1,\"name\":\"Home\",\"item\":\"https:\/\/swoer.com\/\"},{\"@type\":\"ListItem\",\"position\":2,\"name\":\"Shop\",\"item\":\"https:\/\/swoer.com\/shop\/\"},{\"@type\":\"ListItem\",\"position\":3,\"name\":\"Vibratory Linear Feeder DK Series\"}]},{\"@type\":\"WebSite\",\"@id\":\"https:\/\/swoer.com\/#website\",\"url\":\"https:\/\/swoer.com\/\",\"name\":\"SWOER\",\"description\":\"Swoer is the top 3 vibratory bowl feeder manufacturer in China\",\"potentialAction\":[{\"@type\":\"SearchAction\",\"target\":{\"@type\":\"EntryPoint\",\"urlTemplate\":\"https:\/\/swoer.com\/?s={search_term_string}\"},\"query-input\":\"required name=search_term_string\"}],\"inLanguage\":\"tr\"}]}<\/script>\n<!-- \/ Yoast SEO plugin. -->","yoast_head_json":{"title":"Vibratory Linear Feeder DK Series - SWOER","robots":{"index":"index","follow":"follow","max-snippet":"max-snippet:-1","max-image-preview":"max-image-preview:large","max-video-preview":"max-video-preview:-1"},"canonical":"https:\/\/swoer.com\/tr\/manufacturer\/vibratory-linear-feeder-dk-series\/","og_locale":"tr_TR","og_type":"article","og_title":"Vibratory Linear Feeder DK Series - SWOER","og_description":"Discover the DK Series Vibratory Linear Feeder, featuring an inline rail combined with a bowl feeder for optimal performance.  This precision straight vibrator ensures smooth linear vibration, complemented by a vibrating plate designed for flat feeding.  Experience the convenience of a silent automatic feeder that operates efficiently without disruption. Available in four models to suit your needs:  SW-350DK  SW-450DK  SW-550DK  SW-100DK","og_url":"https:\/\/swoer.com\/tr\/manufacturer\/vibratory-linear-feeder-dk-series\/","og_site_name":"SWOER","article_modified_time":"2024-04-26T02:38:04+00:00","og_image":[{"width":1000,"height":1000,"url":"https:\/\/swoer.com\/wp-content\/uploads\/2024\/04\/Vibratory-Linear-Feeder-DK-Series.webp","type":"image\/webp"}],"twitter_card":"summary_large_image","twitter_misc":{"Tahmini okuma s\u00fcresi":"1 dakika"},"schema":{"@context":"https:\/\/schema.org","@graph":[{"@type":"WebPage","@id":"https:\/\/swoer.com\/manufacturer\/vibratory-linear-feeder-dk-series\/","url":"https:\/\/swoer.com\/manufacturer\/vibratory-linear-feeder-dk-series\/","name":"Vibratory Linear Feeder DK Series - SWOER","isPartOf":{"@id":"https:\/\/swoer.com\/#website"},"primaryImageOfPage":{"@id":"https:\/\/swoer.com\/manufacturer\/vibratory-linear-feeder-dk-series\/#primaryimage"},"image":{"@id":"https:\/\/swoer.com\/manufacturer\/vibratory-linear-feeder-dk-series\/#primaryimage"},"thumbnailUrl":"https:\/\/swoer.com\/wp-content\/uploads\/2024\/04\/Vibratory-Linear-Feeder-DK-Series.webp","datePublished":"2024-04-26T02:25:24+00:00","dateModified":"2024-04-26T02:38:04+00:00","breadcrumb":{"@id":"https:\/\/swoer.com\/manufacturer\/vibratory-linear-feeder-dk-series\/#breadcrumb"},"inLanguage":"tr","potentialAction":[{"@type":"ReadAction","target":["https:\/\/swoer.com\/manufacturer\/vibratory-linear-feeder-dk-series\/"]}]},{"@type":"ImageObject","inLanguage":"tr","@id":"https:\/\/swoer.com\/manufacturer\/vibratory-linear-feeder-dk-series\/#primaryimage","url":"https:\/\/swoer.com\/wp-content\/uploads\/2024\/04\/Vibratory-Linear-Feeder-DK-Series.webp","contentUrl":"https:\/\/swoer.com\/wp-content\/uploads\/2024\/04\/Vibratory-Linear-Feeder-DK-Series.webp","width":1000,"height":1000,"caption":"Vibratory Linear Feeder DK Series"},{"@type":"BreadcrumbList","@id":"https:\/\/swoer.com\/manufacturer\/vibratory-linear-feeder-dk-series\/#breadcrumb","itemListElement":[{"@type":"ListItem","position":1,"name":"Home","item":"https:\/\/swoer.com\/"},{"@type":"ListItem","position":2,"name":"Shop","item":"https:\/\/swoer.com\/shop\/"},{"@type":"ListItem","position":3,"name":"Vibratory Linear Feeder DK Series"}]},{"@type":"WebSite","@id":"https:\/\/swoer.com\/#website","url":"https:\/\/swoer.com\/","name":"SWOER","description":"Swoer is the top 3 vibratory bowl feeder manufacturer in China","potentialAction":[{"@type":"SearchAction","target":{"@type":"EntryPoint","urlTemplate":"https:\/\/swoer.com\/?s={search_term_string}"},"query-input":"required name=search_term_string"}],"inLanguage":"tr"}]}},"_links":{"self":[{"href":"https:\/\/swoer.com\/tr\/wp-json\/wp\/v2\/product\/2033"}],"collection":[{"href":"https:\/\/swoer.com\/tr\/wp-json\/wp\/v2\/product"}],"about":[{"href":"https:\/\/swoer.com\/tr\/wp-json\/wp\/v2\/types\/product"}],"replies":[{"embeddable":true,"href":"https:\/\/swoer.com\/tr\/wp-json\/wp\/v2\/comments?post=2033"}],"wp:featuredmedia":[{"embeddable":true,"href":"https:\/\/swoer.com\/tr\/wp-json\/wp\/v2\/media\/2034"}],"wp:attachment":[{"href":"https:\/\/swoer.com\/tr\/wp-json\/wp\/v2\/media?parent=2033"}],"wp:term":[{"taxonomy":"product_cat","embeddable":true,"href":"https:\/\/swoer.com\/tr\/wp-json\/wp\/v2\/product_cat?post=2033"},{"taxonomy":"product_tag","embeddable":true,"href":"https:\/\/swoer.com\/tr\/wp-json\/wp\/v2\/product_tag?post=2033"}],"curies":[{"name":"wp","href":"https:\/\/api.w.org\/{rel}","templated":true}]}}