{"id":2006,"date":"2024-04-22T02:17:38","date_gmt":"2024-04-22T02:17:38","guid":{"rendered":"https:\/\/swoer.com\/?post_type=product&#038;p=2006"},"modified":"2024-04-23T02:22:17","modified_gmt":"2024-04-23T02:22:17","slug":"electromagnetic-precision-vibratory-bowl-feeder-base-sw-j-serie","status":"publish","type":"product","link":"https:\/\/swoer.com\/tr\/manufacturer\/electromagnetic-precision-vibratory-bowl-feeder-base-sw-j-serie\/","title":{"rendered":"Elektromanyetik Hassas Titre\u015fimli Kase Besleyici Taban\u0131 SW-J Serisi"},"content":{"rendered":"<h2>\u00dcr\u00fcn A\u00e7\u0131klamas\u0131<\/h2>\n<table style=\"border-collapse: collapse; width: 488.27pt;\" border=\"0\" width=\"651\" cellspacing=\"0\" cellpadding=\"0\">\n<tbody>\n<tr style=\"height: 35.25pt;\">\n<td class=\"et2\" style=\"height: 35.25pt; width: 166.50pt;\" width=\"222\" height=\"47\">\u00dcr\u00fcn ad\u0131<\/td>\n<td class=\"et3\" style=\"width: 321.75pt;\" width=\"429\">Elektromanyetik Hassas Titre\u015fimli Kase Besleyici Taban\u0131 SW-J Serisi<\/td>\n<\/tr>\n<tr style=\"height: 35.25pt;\">\n<td class=\"et4\" style=\"height: 35.25pt; width: 166.50pt;\" width=\"222\" height=\"47\">Marka ad\u0131<\/td>\n<td class=\"et5\" style=\"width: 321.75pt;\" width=\"429\">Y\u00dcKSEK<\/td>\n<\/tr>\n<tr style=\"height: 35.25pt;\">\n<td class=\"et4\" style=\"height: 35.25pt; width: 166.50pt;\" width=\"222\" height=\"47\">Gerilim<\/td>\n<td class=\"et5\" style=\"width: 321.75pt;\" width=\"429\">85-260V<\/td>\n<\/tr>\n<tr style=\"height: 18.00pt;\">\n<td class=\"et4\" style=\"height: 18.00pt; width: 166.50pt;\" width=\"222\" height=\"24\">S\u0131kl\u0131k<\/td>\n<td class=\"et5\" style=\"width: 321.75pt;\" width=\"429\">40-400Hz<\/td>\n<\/tr>\n<tr style=\"height: 87.00pt;\">\n<td class=\"et4\" style=\"height: 87.00pt; width: 166.50pt;\" width=\"222\" height=\"116\">Garanti Sonras\u0131 Servis<\/td>\n<td class=\"et6\" style=\"width: 321.75pt;\" width=\"429\">Videolu teknik destek, \u00c7evrimi\u00e7i destek, Yedek par\u00e7a de\u011fi\u015fimi<\/td>\n<\/tr>\n<tr style=\"height: 35.25pt;\">\n<td class=\"et7\" style=\"height: 35.25pt; width: 166.50pt;\" width=\"222\" height=\"47\">Sat\u0131\u015f Sonras\u0131 Hizmet Sa\u011flan\u0131yor<\/td>\n<td class=\"et6\" style=\"width: 321.75pt;\" width=\"429\">\u00dccretsiz yedek par\u00e7a, Saha kurulumu, Devreye alma ve e\u011fitim<\/td>\n<\/tr>\n<tr style=\"height: 35.25pt;\">\n<td class=\"et4\" style=\"height: 35.25pt; width: 166.50pt;\" width=\"222\" height=\"47\">Garanti<\/td>\n<td class=\"et5\" style=\"width: 321.75pt;\" width=\"429\">1 y\u0131l<\/td>\n<\/tr>\n<tr style=\"height: 18.00pt;\">\n<td class=\"et4\" style=\"height: 18.00pt; width: 166.50pt;\" width=\"222\" height=\"24\">Adedi<\/td>\n<td class=\"et5\" style=\"width: 321.75pt;\" width=\"429\">1 tak\u0131m<\/td>\n<\/tr>\n<tr style=\"height: 36.00pt;\">\n<td class=\"et4\" style=\"height: 36.00pt; width: 166.50pt;\" width=\"222\" height=\"48\">Kur\u015fun zaman\u0131<\/td>\n<td class=\"et5\" style=\"width: 321.75pt;\" width=\"429\">7-10 g\u00fcn<\/td>\n<\/tr>\n<tr style=\"height: 18.00pt;\">\n<td class=\"et4\" style=\"height: 18.00pt; width: 166.50pt;\" width=\"222\" height=\"24\">Ambalajlama<\/td>\n<td class=\"et5\" style=\"width: 321.75pt;\" width=\"429\">Kontrplak kutu<\/td>\n<\/tr>\n<tr style=\"height: 138.75pt;\">\n<td class=\"et4\" style=\"height: 138.75pt; width: 166.50pt;\" width=\"222\" height=\"185\">\u00d6deme ko\u015fulu<\/td>\n<td class=\"et5\" style=\"width: 321.75pt;\" width=\"429\">T\/T 40% Sevkiyat \u00f6ncesi depozito ve bakiye<\/td>\n<\/tr>\n<tr style=\"height: 51.75pt;\">\n<td class=\"et8\" style=\"height: 51.75pt; width: 166.50pt;\" width=\"222\" height=\"69\">Anavatan<\/td>\n<td class=\"et9\" style=\"width: 321.75pt;\" width=\"429\">Guangdong, \u00c7in<\/td>\n<\/tr>\n<\/tbody>\n<\/table>","protected":false},"excerpt":{"rendered":"<p>SWOER, SW-J Serisinden Elektromanyetik Hassas Titre\u015fimli Kase Besleyici Taban\u0131n\u0131 sunar. D\u00f6rt farkl\u0131 model \u00fcretiyorlar, yani<\/p>\n<p>SW-C230<\/p>\n<p>SW-C270<\/p>\n<p>SW-320<\/p>\n<p>SW-C480<\/p>","protected":false},"featured_media":2007,"comment_status":"open","ping_status":"closed","template":"","meta":[],"product_cat":[46],"product_tag":[],"yoast_head":"<!-- This site is optimized with the Yoast SEO plugin v22.2 - https:\/\/yoast.com\/wordpress\/plugins\/seo\/ -->\n<title>Electromagnetic Precision Vibratory Bowl Feeder Base SW-J Serie - SWOER<\/title>\n<meta name=\"robots\" content=\"index, follow, max-snippet:-1, max-image-preview:large, max-video-preview:-1\" \/>\n<link rel=\"canonical\" href=\"https:\/\/swoer.com\/tr\/manufacturer\/electromagnetic-precision-vibratory-bowl-feeder-base-sw-j-serie\/\" \/>\n<meta property=\"og:locale\" content=\"tr_TR\" \/>\n<meta property=\"og:type\" content=\"article\" \/>\n<meta property=\"og:title\" content=\"Electromagnetic Precision Vibratory Bowl Feeder Base SW-J Serie - SWOER\" \/>\n<meta property=\"og:description\" content=\"SWOER offers the Electromagnetic Precision Vibratory Bowl Feeder Base from SW-J Series. They manufacture four different models, namely  SW-C230  SW-C270  SW-320  SW-C480\" \/>\n<meta property=\"og:url\" content=\"https:\/\/swoer.com\/tr\/manufacturer\/electromagnetic-precision-vibratory-bowl-feeder-base-sw-j-serie\/\" \/>\n<meta property=\"og:site_name\" content=\"SWOER\" \/>\n<meta property=\"article:modified_time\" content=\"2024-04-23T02:22:17+00:00\" \/>\n<meta property=\"og:image\" content=\"https:\/\/swoer.com\/wp-content\/uploads\/2024\/04\/Electromagnetic-Precision-Vibratory-Bowl-Feeder-Base-SW-J-Serie.webp\" \/>\n\t<meta property=\"og:image:width\" content=\"1000\" \/>\n\t<meta property=\"og:image:height\" content=\"1000\" \/>\n\t<meta property=\"og:image:type\" content=\"image\/webp\" \/>\n<meta name=\"twitter:card\" content=\"summary_large_image\" \/>\n<meta name=\"twitter:label1\" content=\"Tahmini okuma s\u00fcresi\" \/>\n\t<meta name=\"twitter:data1\" content=\"1 dakika\" \/>\n<script type=\"application\/ld+json\" class=\"yoast-schema-graph\">{\"@context\":\"https:\/\/schema.org\",\"@graph\":[{\"@type\":\"WebPage\",\"@id\":\"https:\/\/swoer.com\/manufacturer\/electromagnetic-precision-vibratory-bowl-feeder-base-sw-j-serie\/\",\"url\":\"https:\/\/swoer.com\/manufacturer\/electromagnetic-precision-vibratory-bowl-feeder-base-sw-j-serie\/\",\"name\":\"Electromagnetic Precision Vibratory Bowl Feeder Base SW-J Serie - SWOER\",\"isPartOf\":{\"@id\":\"https:\/\/swoer.com\/#website\"},\"primaryImageOfPage\":{\"@id\":\"https:\/\/swoer.com\/manufacturer\/electromagnetic-precision-vibratory-bowl-feeder-base-sw-j-serie\/#primaryimage\"},\"image\":{\"@id\":\"https:\/\/swoer.com\/manufacturer\/electromagnetic-precision-vibratory-bowl-feeder-base-sw-j-serie\/#primaryimage\"},\"thumbnailUrl\":\"https:\/\/swoer.com\/wp-content\/uploads\/2024\/04\/Electromagnetic-Precision-Vibratory-Bowl-Feeder-Base-SW-J-Serie.webp\",\"datePublished\":\"2024-04-22T02:17:38+00:00\",\"dateModified\":\"2024-04-23T02:22:17+00:00\",\"breadcrumb\":{\"@id\":\"https:\/\/swoer.com\/manufacturer\/electromagnetic-precision-vibratory-bowl-feeder-base-sw-j-serie\/#breadcrumb\"},\"inLanguage\":\"tr\",\"potentialAction\":[{\"@type\":\"ReadAction\",\"target\":[\"https:\/\/swoer.com\/manufacturer\/electromagnetic-precision-vibratory-bowl-feeder-base-sw-j-serie\/\"]}]},{\"@type\":\"ImageObject\",\"inLanguage\":\"tr\",\"@id\":\"https:\/\/swoer.com\/manufacturer\/electromagnetic-precision-vibratory-bowl-feeder-base-sw-j-serie\/#primaryimage\",\"url\":\"https:\/\/swoer.com\/wp-content\/uploads\/2024\/04\/Electromagnetic-Precision-Vibratory-Bowl-Feeder-Base-SW-J-Serie.webp\",\"contentUrl\":\"https:\/\/swoer.com\/wp-content\/uploads\/2024\/04\/Electromagnetic-Precision-Vibratory-Bowl-Feeder-Base-SW-J-Serie.webp\",\"width\":1000,\"height\":1000,\"caption\":\"Electromagnetic Precision Vibratory Bowl Feeder Base SW-J Serie\"},{\"@type\":\"BreadcrumbList\",\"@id\":\"https:\/\/swoer.com\/manufacturer\/electromagnetic-precision-vibratory-bowl-feeder-base-sw-j-serie\/#breadcrumb\",\"itemListElement\":[{\"@type\":\"ListItem\",\"position\":1,\"name\":\"Home\",\"item\":\"https:\/\/swoer.com\/\"},{\"@type\":\"ListItem\",\"position\":2,\"name\":\"Shop\",\"item\":\"https:\/\/swoer.com\/shop\/\"},{\"@type\":\"ListItem\",\"position\":3,\"name\":\"Electromagnetic Precision Vibratory Bowl Feeder Base SW-J Serie\"}]},{\"@type\":\"WebSite\",\"@id\":\"https:\/\/swoer.com\/#website\",\"url\":\"https:\/\/swoer.com\/\",\"name\":\"SWOER\",\"description\":\"Swoer is the top 3 vibratory bowl feeder manufacturer in China\",\"potentialAction\":[{\"@type\":\"SearchAction\",\"target\":{\"@type\":\"EntryPoint\",\"urlTemplate\":\"https:\/\/swoer.com\/?s={search_term_string}\"},\"query-input\":\"required name=search_term_string\"}],\"inLanguage\":\"tr\"}]}<\/script>\n<!-- \/ Yoast SEO plugin. -->","yoast_head_json":{"title":"Electromagnetic Precision Vibratory Bowl Feeder Base SW-J Serie - SWOER","robots":{"index":"index","follow":"follow","max-snippet":"max-snippet:-1","max-image-preview":"max-image-preview:large","max-video-preview":"max-video-preview:-1"},"canonical":"https:\/\/swoer.com\/tr\/manufacturer\/electromagnetic-precision-vibratory-bowl-feeder-base-sw-j-serie\/","og_locale":"tr_TR","og_type":"article","og_title":"Electromagnetic Precision Vibratory Bowl Feeder Base SW-J Serie - SWOER","og_description":"SWOER offers the Electromagnetic Precision Vibratory Bowl Feeder Base from SW-J Series. They manufacture four different models, namely  SW-C230  SW-C270  SW-320  SW-C480","og_url":"https:\/\/swoer.com\/tr\/manufacturer\/electromagnetic-precision-vibratory-bowl-feeder-base-sw-j-serie\/","og_site_name":"SWOER","article_modified_time":"2024-04-23T02:22:17+00:00","og_image":[{"width":1000,"height":1000,"url":"https:\/\/swoer.com\/wp-content\/uploads\/2024\/04\/Electromagnetic-Precision-Vibratory-Bowl-Feeder-Base-SW-J-Serie.webp","type":"image\/webp"}],"twitter_card":"summary_large_image","twitter_misc":{"Tahmini okuma s\u00fcresi":"1 dakika"},"schema":{"@context":"https:\/\/schema.org","@graph":[{"@type":"WebPage","@id":"https:\/\/swoer.com\/manufacturer\/electromagnetic-precision-vibratory-bowl-feeder-base-sw-j-serie\/","url":"https:\/\/swoer.com\/manufacturer\/electromagnetic-precision-vibratory-bowl-feeder-base-sw-j-serie\/","name":"Electromagnetic Precision Vibratory Bowl Feeder Base SW-J Serie - SWOER","isPartOf":{"@id":"https:\/\/swoer.com\/#website"},"primaryImageOfPage":{"@id":"https:\/\/swoer.com\/manufacturer\/electromagnetic-precision-vibratory-bowl-feeder-base-sw-j-serie\/#primaryimage"},"image":{"@id":"https:\/\/swoer.com\/manufacturer\/electromagnetic-precision-vibratory-bowl-feeder-base-sw-j-serie\/#primaryimage"},"thumbnailUrl":"https:\/\/swoer.com\/wp-content\/uploads\/2024\/04\/Electromagnetic-Precision-Vibratory-Bowl-Feeder-Base-SW-J-Serie.webp","datePublished":"2024-04-22T02:17:38+00:00","dateModified":"2024-04-23T02:22:17+00:00","breadcrumb":{"@id":"https:\/\/swoer.com\/manufacturer\/electromagnetic-precision-vibratory-bowl-feeder-base-sw-j-serie\/#breadcrumb"},"inLanguage":"tr","potentialAction":[{"@type":"ReadAction","target":["https:\/\/swoer.com\/manufacturer\/electromagnetic-precision-vibratory-bowl-feeder-base-sw-j-serie\/"]}]},{"@type":"ImageObject","inLanguage":"tr","@id":"https:\/\/swoer.com\/manufacturer\/electromagnetic-precision-vibratory-bowl-feeder-base-sw-j-serie\/#primaryimage","url":"https:\/\/swoer.com\/wp-content\/uploads\/2024\/04\/Electromagnetic-Precision-Vibratory-Bowl-Feeder-Base-SW-J-Serie.webp","contentUrl":"https:\/\/swoer.com\/wp-content\/uploads\/2024\/04\/Electromagnetic-Precision-Vibratory-Bowl-Feeder-Base-SW-J-Serie.webp","width":1000,"height":1000,"caption":"Electromagnetic Precision Vibratory Bowl Feeder Base SW-J Serie"},{"@type":"BreadcrumbList","@id":"https:\/\/swoer.com\/manufacturer\/electromagnetic-precision-vibratory-bowl-feeder-base-sw-j-serie\/#breadcrumb","itemListElement":[{"@type":"ListItem","position":1,"name":"Home","item":"https:\/\/swoer.com\/"},{"@type":"ListItem","position":2,"name":"Shop","item":"https:\/\/swoer.com\/shop\/"},{"@type":"ListItem","position":3,"name":"Electromagnetic Precision Vibratory Bowl Feeder Base SW-J Serie"}]},{"@type":"WebSite","@id":"https:\/\/swoer.com\/#website","url":"https:\/\/swoer.com\/","name":"SWOER","description":"Swoer is the top 3 vibratory bowl feeder manufacturer in China","potentialAction":[{"@type":"SearchAction","target":{"@type":"EntryPoint","urlTemplate":"https:\/\/swoer.com\/?s={search_term_string}"},"query-input":"required name=search_term_string"}],"inLanguage":"tr"}]}},"_links":{"self":[{"href":"https:\/\/swoer.com\/tr\/wp-json\/wp\/v2\/product\/2006"}],"collection":[{"href":"https:\/\/swoer.com\/tr\/wp-json\/wp\/v2\/product"}],"about":[{"href":"https:\/\/swoer.com\/tr\/wp-json\/wp\/v2\/types\/product"}],"replies":[{"embeddable":true,"href":"https:\/\/swoer.com\/tr\/wp-json\/wp\/v2\/comments?post=2006"}],"wp:featuredmedia":[{"embeddable":true,"href":"https:\/\/swoer.com\/tr\/wp-json\/wp\/v2\/media\/2007"}],"wp:attachment":[{"href":"https:\/\/swoer.com\/tr\/wp-json\/wp\/v2\/media?parent=2006"}],"wp:term":[{"taxonomy":"product_cat","embeddable":true,"href":"https:\/\/swoer.com\/tr\/wp-json\/wp\/v2\/product_cat?post=2006"},{"taxonomy":"product_tag","embeddable":true,"href":"https:\/\/swoer.com\/tr\/wp-json\/wp\/v2\/product_tag?post=2006"}],"curies":[{"name":"wp","href":"https:\/\/api.w.org\/{rel}","templated":true}]}}