{"id":1989,"date":"2024-04-16T06:05:57","date_gmt":"2024-04-16T06:05:57","guid":{"rendered":"https:\/\/swoer.com\/?post_type=product&#038;p=1989"},"modified":"2024-04-16T06:17:14","modified_gmt":"2024-04-16T06:17:14","slug":"digital-stabilized-voltage-vibratory-bowl-feeder-controller-sw-10","status":"publish","type":"product","link":"https:\/\/swoer.com\/tr\/manufacturer\/digital-stabilized-voltage-vibratory-bowl-feeder-controller-sw-10\/","title":{"rendered":"Dijital Stabilize Gerilim Titre\u015fimli Kase Besleyici Kontrol Cihaz\u0131 SW-10"},"content":{"rendered":"<h2><strong><b>\u00d6zellikler<\/b><\/strong><\/h2>\n<p><strong>Boyutlar:<\/strong>U128mm*G50mm*Y53mm<\/p>\n<p><strong>Kurulum deli\u011fi boyutu:<\/strong>\u00a0119mm 1 y\u0131l garanti<\/p>\n<ol>\n<li>\u0130\u015flemi ba\u015flatmak ve durdurmak i\u00e7in tu\u015fa hafif\u00e7e dokunarak rahat ve g\u00fcvenilir.<\/li>\n<li>D\u00f6rt set \u00e7al\u0131\u015fma durumu g\u00f6sterge \u0131\u015f\u0131\u011f\u0131, basit ve sezgisel \u00e7al\u0131\u015fma aray\u00fcz\u00fc.<\/li>\n<li>Dahili ak\u0131ll\u0131 yava\u015f ba\u015flatma ve yava\u015f durdurma program\u0131, ba\u015flatma ve durdurma an\u0131n\u0131n sorunsuz \u015fekilde beslenmesini sa\u011flar.<\/li>\n<li>Tamamen kapal\u0131, uzun \u00f6m\u00fcrl\u00fc potansiyometre kullan\u0131n, sa\u011flam ve dayan\u0131kl\u0131.<\/li>\n<li>\u0130yi d\u00fczenleme performans\u0131, Elektrik \u015febekesindeki voltaj dalgalanmalar\u0131 durumunda, sabit besleme h\u0131z\u0131 sa\u011flay\u0131n.<\/li>\n<li>Son derece entegre sistem, optimize edilmi\u015f boyutlar, hafiflik, az yer kaplama, kolay kurulum.<\/li>\n<li>D\u00fc\u015fmanca \u00e7al\u0131\u015fma ortam\u0131na uyarlanm\u0131\u015f, tamamen kapal\u0131 muhafaza.<\/li>\n<li>A\u015f\u0131r\u0131 \u0131s\u0131nma, a\u015f\u0131r\u0131 y\u00fck, \u00e7\u0131k\u0131\u015f k\u0131sa devre korumas\u0131 ile.<\/li>\n<\/ol>\n<h2><strong>Teknik \u00f6zellik<\/strong><\/h2>\n<table style=\"border-collapse: collapse; width: 622.52pt;\" border=\"0\" width=\"830\" cellspacing=\"0\" cellpadding=\"0\">\n<tbody>\n<tr style=\"height: 17.25pt;\">\n<td class=\"et2\" style=\"height: 33.75pt; width: 147.75pt;\" rowspan=\"2\" width=\"197\" height=\"45\">\u00d6\u011fe<\/td>\n<td class=\"et3\" style=\"width: 204.75pt;\" colspan=\"2\" width=\"273\">Aral\u0131k de\u011feri<\/td>\n<td class=\"et4\" style=\"width: 54.00pt; border-bottom: 1.0pt solid #DDDDDD;\" rowspan=\"2\" width=\"72\">Birim<\/td>\n<td class=\"et5\" style=\"width: 216.00pt;\" rowspan=\"2\" width=\"288\">A\u00e7\u0131klama<\/td>\n<\/tr>\n<tr style=\"height: 16.50pt;\">\n<td class=\"et7\" style=\"width: 122.25pt;\" width=\"163\">Min.<\/td>\n<td class=\"et7\" style=\"width: 82.50pt;\" width=\"110\">Maks.<\/td>\n<\/tr>\n<tr style=\"height: 16.50pt;\">\n<td class=\"et6\" style=\"height: 16.50pt; width: 147.75pt;\" width=\"197\" height=\"22\">Giri\u015f gerilimi<\/td>\n<td class=\"et10\" style=\"width: 122.25pt;\" width=\"163\">85<\/td>\n<td class=\"et10\" style=\"width: 82.50pt;\" width=\"110\">265<\/td>\n<td class=\"et10\" style=\"width: 54.00pt;\" width=\"72\">V<\/td>\n<td class=\"et11\" style=\"width: 216.00pt;\" width=\"288\">Sin\u00fcs dalgas\u013150\/60Hz<\/td>\n<\/tr>\n<tr style=\"height: 54.00pt;\">\n<td class=\"et6\" style=\"height: 54.00pt; width: 147.75pt;\" width=\"197\" height=\"72\">\u00c7\u0131k\u0131\u015f voltaj\u0131<\/td>\n<td class=\"et10\" style=\"width: 122.25pt;\" width=\"163\">0<\/td>\n<td class=\"et10\" style=\"width: 82.50pt;\" width=\"110\">250<\/td>\n<td class=\"et10\" style=\"width: 54.00pt;\" width=\"72\">V<\/td>\n<td class=\"et11\" style=\"width: 216.00pt;\" width=\"288\">Gerilim D\u00fczenleme Do\u011frulu\u011fu: 1v<\/td>\n<\/tr>\n<tr style=\"height: 30.00pt;\">\n<td class=\"et6\" style=\"height: 30.00pt; width: 147.75pt;\" width=\"197\" height=\"40\">\u00c7\u0131k\u0131\u015f ak\u0131m\u0131<\/td>\n<td class=\"et10\" style=\"width: 122.25pt;\" width=\"163\">0<\/td>\n<td class=\"et10\" style=\"width: 82.50pt;\" width=\"110\">4.5<\/td>\n<td class=\"et10\" style=\"width: 54.00pt;\" width=\"72\">A<\/td>\n<td class=\"et11\" style=\"width: 216.00pt;\" width=\"288\">G\u00fc\u00e7 derecesi: 1,5A\/3a\/4,5A<\/td>\n<\/tr>\n<tr style=\"height: 42.00pt;\">\n<td class=\"et6\" style=\"height: 42.00pt; width: 147.75pt;\" width=\"197\" height=\"56\">\u00c7\u0131k\u0131\u015f frekans\u0131<\/td>\n<td class=\"et10\" style=\"width: 122.25pt;\" width=\"163\">40<\/td>\n<td class=\"et10\" style=\"width: 82.50pt;\" width=\"110\">400<\/td>\n<td class=\"et10\" style=\"width: 54.00pt;\" width=\"72\">Hz.<\/td>\n<td class=\"et11\" style=\"width: 216.00pt;\" width=\"288\">Frekans aral\u0131\u011f\u0131 do\u011frulu\u011fu: 0,1Hz<\/td>\n<\/tr>\n<tr style=\"height: 33.00pt;\">\n<td class=\"et6\" style=\"height: 33.00pt; width: 147.75pt;\" width=\"197\" height=\"44\">\u00c7\u0131k\u0131\u015f dalgas\u0131<\/td>\n<td class=\"et10\" style=\"width: 474.75pt;\" colspan=\"4\" width=\"633\">Sin\u00fcs dalgas\u0131<\/td>\n<\/tr>\n<tr style=\"height: 16.50pt;\">\n<td class=\"et6\" style=\"height: 16.50pt; width: 147.75pt;\" width=\"197\" height=\"22\">Ba\u015flang\u0131\u00e7 gecikme s\u00fcresi aral\u0131\u011f\u0131<\/td>\n<td class=\"et10\" style=\"width: 122.25pt;\" width=\"163\">0<\/td>\n<td class=\"et10\" style=\"width: 82.50pt;\" width=\"110\">30<\/td>\n<td class=\"et10\" style=\"width: 54.00pt;\" width=\"72\">S<\/td>\n<td class=\"et11\" style=\"width: 216.00pt;\" width=\"288\">Gecikme s\u00fcresi do\u011frulu\u011fu: 15<\/td>\n<\/tr>\n<tr style=\"height: 28.00pt;\">\n<td class=\"et6\" style=\"height: 28.00pt; width: 147.75pt;\" width=\"197\" height=\"37\">D\u00fc\u015fmede gecikme zaman aral\u0131\u011f\u0131<\/td>\n<td class=\"et10\" style=\"width: 122.25pt;\" width=\"163\">0<\/td>\n<td class=\"et10\" style=\"width: 82.50pt;\" width=\"110\">30<\/td>\n<td class=\"et10\" style=\"width: 54.00pt;\" width=\"72\">S<\/td>\n<td class=\"et11\" style=\"width: 216.00pt;\" width=\"288\">Gecikme s\u00fcresi do\u011frulu\u011fu: 15<\/td>\n<\/tr>\n<tr style=\"height: 52.00pt;\">\n<td class=\"et6\" style=\"height: 52.00pt; width: 147.75pt;\" width=\"197\" height=\"69\">Yava\u015f ba\u015flang\u0131\u00e7 zaman\u0131<\/td>\n<td class=\"et10\" style=\"width: 122.25pt;\" width=\"163\">0.1<\/td>\n<td class=\"et10\" style=\"width: 82.50pt;\" width=\"110\">9.9<\/td>\n<td class=\"et10\" style=\"width: 54.00pt;\" width=\"72\">S<\/td>\n<td class=\"et11\" style=\"width: 216.00pt;\" width=\"288\">Yava\u015f ba\u015flang\u0131\u00e7 s\u00fcresi: 0,15<\/td>\n<\/tr>\n<tr style=\"height: 16.50pt;\">\n<td class=\"et6\" style=\"height: 16.50pt; width: 147.75pt;\" width=\"197\" height=\"22\">Yava\u015f durma s\u00fcresi<\/td>\n<td class=\"et10\" style=\"width: 122.25pt;\" width=\"163\">0.1<\/td>\n<td class=\"et10\" style=\"width: 82.50pt;\" width=\"110\">0.3<\/td>\n<td class=\"et10\" style=\"width: 54.00pt;\" width=\"72\">S<\/td>\n<td class=\"et11\" style=\"width: 216.00pt;\" width=\"288\">Program otomatik kontrol\u00fc<\/td>\n<\/tr>\n<tr style=\"height: 72.00pt;\">\n<td class=\"et6\" style=\"height: 72.00pt; width: 147.75pt;\" width=\"197\" height=\"96\">Fotoelektrik hassasiyet<\/td>\n<td class=\"et10\" style=\"width: 122.25pt;\" width=\"163\">0<\/td>\n<td class=\"et10\" style=\"width: 82.50pt;\" width=\"110\">99<\/td>\n<td class=\"et12\" style=\"width: 54.00pt;\" width=\"72\">\u00a0<\/td>\n<td class=\"et11\" style=\"width: 216.00pt;\" width=\"288\">De\u011fer ne kadar y\u00fcksek olursa. Duyarl\u0131l\u0131k ne kadar b\u00fcy\u00fck olursa<\/td>\n<\/tr>\n<tr style=\"height: 84.00pt;\">\n<td class=\"et6\" style=\"height: 84.00pt; width: 147.75pt;\" width=\"197\" height=\"112\">DC kontrol \u00e7\u0131k\u0131\u015f\u0131<\/td>\n<td class=\"et10\" style=\"width: 204.75pt;\" colspan=\"2\" width=\"273\">24V 200mA<\/td>\n<td class=\"et12\" style=\"width: 54.00pt;\" width=\"72\">\u00a0<\/td>\n<td class=\"et11\" style=\"width: 216.00pt;\" width=\"288\">G\u00fc\u00e7 kayna\u011f\u0131 i\u00e7in harici sens\u00f6rleri ve d\u00fc\u015f\u00fck g\u00fc\u00e7l\u00fc solenoid valfleri \u00e7al\u0131\u015ft\u0131r\u0131r<\/td>\n<\/tr>\n<tr style=\"height: 64.50pt;\">\n<td class=\"et6\" style=\"height: 64.50pt; width: 147.75pt;\" width=\"197\" height=\"86\">Y\u00fcks\u00fcz g\u00fc\u00e7 t\u00fcketimi<\/td>\n<td class=\"et10\" style=\"width: 204.75pt;\" colspan=\"2\" width=\"273\">&lt;3W<\/td>\n<td class=\"et10\" style=\"width: 54.00pt;\" width=\"72\">K<\/td>\n<td class=\"et11\" style=\"width: 216.00pt;\" width=\"288\">Giri\u015f voltaj\u0131: 220V 50Hz<\/td>\n<\/tr>\n<tr style=\"height: 33.00pt;\">\n<td class=\"et6\" style=\"height: 33.00pt; width: 147.75pt;\" width=\"197\" height=\"44\">Ekran modu<\/td>\n<td class=\"et10\" style=\"width: 204.75pt;\" colspan=\"2\" width=\"273\">LED+G\u00f6sterge \u0131\u015f\u0131\u011f\u0131 5<\/td>\n<td class=\"et12\" style=\"width: 54.00pt;\" width=\"72\">\u00a0<\/td>\n<td class=\"et13\" style=\"width: 216.00pt;\" width=\"288\">\u00a0<\/td>\n<\/tr>\n<tr style=\"height: 91.50pt;\">\n<td class=\"et6\" style=\"height: 91.50pt; width: 147.75pt;\" width=\"197\" height=\"122\">Operasyon modu<\/td>\n<td class=\"et10\" style=\"width: 204.75pt;\" colspan=\"2\" width=\"273\">Tu\u015flar+ kodlama anahtar\u0131<\/td>\n<td class=\"et12\" style=\"width: 54.00pt;\" width=\"72\">\u00a0<\/td>\n<td class=\"et11\" style=\"width: 216.00pt;\" width=\"288\">H\u0131zl\u0131 mekik operasyonu, patentli tasar\u0131m<\/td>\n<\/tr>\n<tr style=\"height: 76.50pt;\">\n<td class=\"et6\" style=\"height: 169.50pt; width: 147.75pt;\" rowspan=\"2\" width=\"197\" height=\"226\">Kontrol modu<\/td>\n<td class=\"et10\" style=\"width: 122.25pt;\" width=\"163\">K\u0131z\u0131l\u00f6tesi fotoelektrik sens\u00f6rl\u00fc<\/td>\n<td class=\"et12\" style=\"width: 82.50pt;\" width=\"110\">\u00a0<\/td>\n<td class=\"et12\" style=\"width: 54.00pt;\" width=\"72\">\u00a0<\/td>\n<td class=\"et11\" style=\"width: 216.00pt;\" rowspan=\"2\" width=\"288\">Malzeme dolu\/bo\u015f malzeme kapatma kontrol\u00fc<\/td>\n<\/tr>\n<tr style=\"height: 93.00pt;\">\n<td class=\"et10\" style=\"width: 122.25pt;\" width=\"163\">D\u00fc\u015f\u00fck seviyeli sinyal (NPN genel ama\u00e7l\u0131 sens\u00f6r veya PLC)<\/td>\n<td class=\"et12\" style=\"width: 82.50pt;\" width=\"110\">\u00a0<\/td>\n<td class=\"et12\" style=\"width: 54.00pt;\" width=\"72\">\u00a0<\/td>\n<\/tr>\n<tr style=\"height: 29.00pt;\">\n<td class=\"et6\" style=\"height: 29.00pt; width: 147.75pt;\" width=\"197\" height=\"38\">\u00c7al\u0131\u015fma s\u0131cakl\u0131\u011f\u0131<\/td>\n<td class=\"et10\" style=\"width: 122.25pt;\" width=\"163\">-20<\/td>\n<td class=\"et10\" style=\"width: 82.50pt;\" width=\"110\">40<\/td>\n<td class=\"et10\" style=\"width: 54.00pt;\" width=\"72\">\u00b0C<\/td>\n<td class=\"et11\" style=\"width: 216.00pt;\" width=\"288\">A\u015f\u0131r\u0131 \u0131s\u0131nma korumas\u0131: 58\u00b0C<\/td>\n<\/tr>\n<tr style=\"height: 32.25pt;\">\n<td class=\"et6\" style=\"height: 32.25pt; width: 147.75pt;\" width=\"197\" height=\"43\">\u00c7al\u0131\u015fma ba\u011f\u0131l nemi<\/td>\n<td class=\"et10\" style=\"width: 122.25pt;\" width=\"163\">0<\/td>\n<td class=\"et10\" style=\"width: 82.50pt;\" width=\"110\">90<\/td>\n<td class=\"et10\" style=\"width: 54.00pt;\" width=\"72\">%<\/td>\n<td class=\"et11\" style=\"width: 216.00pt;\" width=\"288\">Yo\u011fu\u015fmas\u0131z<\/td>\n<\/tr>\n<tr style=\"height: 64.50pt;\">\n<td class=\"et6\" style=\"height: 64.50pt; width: 147.75pt;\" width=\"197\" height=\"86\">Koruma \u00f6nlemleri<\/td>\n<td class=\"et10\" style=\"width: 474.75pt;\" colspan=\"4\" width=\"633\">A\u015f\u0131r\u0131 \u0131s\u0131nma, a\u015f\u0131r\u0131 ak\u0131m, \u00e7\u0131k\u0131\u015f k\u0131sa devre korumas\u0131<\/td>\n<\/tr>\n<tr style=\"height: 31.50pt;\">\n<td class=\"et14\" style=\"height: 31.50pt; width: 147.75pt;\" width=\"197\" height=\"42\">Ba\u015fvuru<\/td>\n<td class=\"et15\" style=\"width: 474.75pt;\" colspan=\"4\" width=\"633\">Elektromanyetik<\/td>\n<\/tr>\n<\/tbody>\n<\/table>","protected":false},"excerpt":{"rendered":"<p>SW-10 titre\u015fimli kase besleyici kontrol\u00f6r\u00fc, titre\u015fimli kase besleyici kontrol\u00f6r\u00fc, titre\u015fimli kase par\u00e7alar\u0131 do\u011frusal besleyici i\u00e7in de\u011fi\u015fken frekansl\u0131 dijital kontrol cihaz\u0131.<\/p>","protected":false},"featured_media":1990,"comment_status":"open","ping_status":"closed","template":"","meta":[],"product_cat":[45],"product_tag":[],"yoast_head":"<!-- This site is optimized with the Yoast SEO plugin v22.2 - https:\/\/yoast.com\/wordpress\/plugins\/seo\/ -->\n<title>Digital Stabilized Voltage Vibratory Bowl Feeder Controller SW-10 - SWOER<\/title>\n<meta name=\"robots\" content=\"index, follow, max-snippet:-1, max-image-preview:large, max-video-preview:-1\" \/>\n<link rel=\"canonical\" href=\"https:\/\/swoer.com\/tr\/manufacturer\/digital-stabilized-voltage-vibratory-bowl-feeder-controller-sw-10\/\" \/>\n<meta property=\"og:locale\" content=\"tr_TR\" \/>\n<meta property=\"og:type\" content=\"article\" \/>\n<meta property=\"og:title\" content=\"Digital Stabilized Voltage Vibratory Bowl Feeder Controller SW-10 - SWOER\" \/>\n<meta property=\"og:description\" content=\"SW-10 vibratory bowl feeder controller,vibratory bowl feeder controller, variable frequency digital controller for vibratory bowl parts linear feeder.\" \/>\n<meta property=\"og:url\" content=\"https:\/\/swoer.com\/tr\/manufacturer\/digital-stabilized-voltage-vibratory-bowl-feeder-controller-sw-10\/\" \/>\n<meta property=\"og:site_name\" content=\"SWOER\" \/>\n<meta property=\"article:modified_time\" content=\"2024-04-16T06:17:14+00:00\" \/>\n<meta property=\"og:image\" content=\"https:\/\/swoer.com\/wp-content\/uploads\/2024\/04\/Digital-Stabilized-Voltage-Bowl-Feeder-Controller-SW-10.webp\" \/>\n\t<meta property=\"og:image:width\" content=\"1000\" \/>\n\t<meta property=\"og:image:height\" content=\"1000\" \/>\n\t<meta property=\"og:image:type\" content=\"image\/webp\" \/>\n<meta name=\"twitter:card\" content=\"summary_large_image\" \/>\n<meta name=\"twitter:label1\" content=\"Tahmini okuma s\u00fcresi\" \/>\n\t<meta name=\"twitter:data1\" content=\"1 dakika\" \/>\n<script type=\"application\/ld+json\" class=\"yoast-schema-graph\">{\"@context\":\"https:\/\/schema.org\",\"@graph\":[{\"@type\":\"WebPage\",\"@id\":\"https:\/\/swoer.com\/manufacturer\/digital-stabilized-voltage-vibratory-bowl-feeder-controller-sw-10\/\",\"url\":\"https:\/\/swoer.com\/manufacturer\/digital-stabilized-voltage-vibratory-bowl-feeder-controller-sw-10\/\",\"name\":\"Digital Stabilized Voltage Vibratory Bowl Feeder Controller SW-10 - SWOER\",\"isPartOf\":{\"@id\":\"https:\/\/swoer.com\/#website\"},\"primaryImageOfPage\":{\"@id\":\"https:\/\/swoer.com\/manufacturer\/digital-stabilized-voltage-vibratory-bowl-feeder-controller-sw-10\/#primaryimage\"},\"image\":{\"@id\":\"https:\/\/swoer.com\/manufacturer\/digital-stabilized-voltage-vibratory-bowl-feeder-controller-sw-10\/#primaryimage\"},\"thumbnailUrl\":\"https:\/\/swoer.com\/wp-content\/uploads\/2024\/04\/Digital-Stabilized-Voltage-Bowl-Feeder-Controller-SW-10.webp\",\"datePublished\":\"2024-04-16T06:05:57+00:00\",\"dateModified\":\"2024-04-16T06:17:14+00:00\",\"breadcrumb\":{\"@id\":\"https:\/\/swoer.com\/manufacturer\/digital-stabilized-voltage-vibratory-bowl-feeder-controller-sw-10\/#breadcrumb\"},\"inLanguage\":\"tr\",\"potentialAction\":[{\"@type\":\"ReadAction\",\"target\":[\"https:\/\/swoer.com\/manufacturer\/digital-stabilized-voltage-vibratory-bowl-feeder-controller-sw-10\/\"]}]},{\"@type\":\"ImageObject\",\"inLanguage\":\"tr\",\"@id\":\"https:\/\/swoer.com\/manufacturer\/digital-stabilized-voltage-vibratory-bowl-feeder-controller-sw-10\/#primaryimage\",\"url\":\"https:\/\/swoer.com\/wp-content\/uploads\/2024\/04\/Digital-Stabilized-Voltage-Bowl-Feeder-Controller-SW-10.webp\",\"contentUrl\":\"https:\/\/swoer.com\/wp-content\/uploads\/2024\/04\/Digital-Stabilized-Voltage-Bowl-Feeder-Controller-SW-10.webp\",\"width\":1000,\"height\":1000,\"caption\":\"Digital Stabilized Voltage Vibratory Bowl Feeder Controller SW-10\"},{\"@type\":\"BreadcrumbList\",\"@id\":\"https:\/\/swoer.com\/manufacturer\/digital-stabilized-voltage-vibratory-bowl-feeder-controller-sw-10\/#breadcrumb\",\"itemListElement\":[{\"@type\":\"ListItem\",\"position\":1,\"name\":\"Home\",\"item\":\"https:\/\/swoer.com\/\"},{\"@type\":\"ListItem\",\"position\":2,\"name\":\"Shop\",\"item\":\"https:\/\/swoer.com\/shop\/\"},{\"@type\":\"ListItem\",\"position\":3,\"name\":\"Digital Stabilized Voltage Vibratory Bowl Feeder Controller SW-10\"}]},{\"@type\":\"WebSite\",\"@id\":\"https:\/\/swoer.com\/#website\",\"url\":\"https:\/\/swoer.com\/\",\"name\":\"SWOER\",\"description\":\"Swoer is the top 3 vibratory bowl feeder manufacturer in China\",\"potentialAction\":[{\"@type\":\"SearchAction\",\"target\":{\"@type\":\"EntryPoint\",\"urlTemplate\":\"https:\/\/swoer.com\/?s={search_term_string}\"},\"query-input\":\"required name=search_term_string\"}],\"inLanguage\":\"tr\"}]}<\/script>\n<!-- \/ Yoast SEO plugin. -->","yoast_head_json":{"title":"Digital Stabilized Voltage Vibratory Bowl Feeder Controller SW-10 - SWOER","robots":{"index":"index","follow":"follow","max-snippet":"max-snippet:-1","max-image-preview":"max-image-preview:large","max-video-preview":"max-video-preview:-1"},"canonical":"https:\/\/swoer.com\/tr\/manufacturer\/digital-stabilized-voltage-vibratory-bowl-feeder-controller-sw-10\/","og_locale":"tr_TR","og_type":"article","og_title":"Digital Stabilized Voltage Vibratory Bowl Feeder Controller SW-10 - SWOER","og_description":"SW-10 vibratory bowl feeder controller,vibratory bowl feeder controller, variable frequency digital controller for vibratory bowl parts linear feeder.","og_url":"https:\/\/swoer.com\/tr\/manufacturer\/digital-stabilized-voltage-vibratory-bowl-feeder-controller-sw-10\/","og_site_name":"SWOER","article_modified_time":"2024-04-16T06:17:14+00:00","og_image":[{"width":1000,"height":1000,"url":"https:\/\/swoer.com\/wp-content\/uploads\/2024\/04\/Digital-Stabilized-Voltage-Bowl-Feeder-Controller-SW-10.webp","type":"image\/webp"}],"twitter_card":"summary_large_image","twitter_misc":{"Tahmini okuma s\u00fcresi":"1 dakika"},"schema":{"@context":"https:\/\/schema.org","@graph":[{"@type":"WebPage","@id":"https:\/\/swoer.com\/manufacturer\/digital-stabilized-voltage-vibratory-bowl-feeder-controller-sw-10\/","url":"https:\/\/swoer.com\/manufacturer\/digital-stabilized-voltage-vibratory-bowl-feeder-controller-sw-10\/","name":"Digital Stabilized Voltage Vibratory Bowl Feeder Controller SW-10 - SWOER","isPartOf":{"@id":"https:\/\/swoer.com\/#website"},"primaryImageOfPage":{"@id":"https:\/\/swoer.com\/manufacturer\/digital-stabilized-voltage-vibratory-bowl-feeder-controller-sw-10\/#primaryimage"},"image":{"@id":"https:\/\/swoer.com\/manufacturer\/digital-stabilized-voltage-vibratory-bowl-feeder-controller-sw-10\/#primaryimage"},"thumbnailUrl":"https:\/\/swoer.com\/wp-content\/uploads\/2024\/04\/Digital-Stabilized-Voltage-Bowl-Feeder-Controller-SW-10.webp","datePublished":"2024-04-16T06:05:57+00:00","dateModified":"2024-04-16T06:17:14+00:00","breadcrumb":{"@id":"https:\/\/swoer.com\/manufacturer\/digital-stabilized-voltage-vibratory-bowl-feeder-controller-sw-10\/#breadcrumb"},"inLanguage":"tr","potentialAction":[{"@type":"ReadAction","target":["https:\/\/swoer.com\/manufacturer\/digital-stabilized-voltage-vibratory-bowl-feeder-controller-sw-10\/"]}]},{"@type":"ImageObject","inLanguage":"tr","@id":"https:\/\/swoer.com\/manufacturer\/digital-stabilized-voltage-vibratory-bowl-feeder-controller-sw-10\/#primaryimage","url":"https:\/\/swoer.com\/wp-content\/uploads\/2024\/04\/Digital-Stabilized-Voltage-Bowl-Feeder-Controller-SW-10.webp","contentUrl":"https:\/\/swoer.com\/wp-content\/uploads\/2024\/04\/Digital-Stabilized-Voltage-Bowl-Feeder-Controller-SW-10.webp","width":1000,"height":1000,"caption":"Digital Stabilized Voltage Vibratory Bowl Feeder Controller SW-10"},{"@type":"BreadcrumbList","@id":"https:\/\/swoer.com\/manufacturer\/digital-stabilized-voltage-vibratory-bowl-feeder-controller-sw-10\/#breadcrumb","itemListElement":[{"@type":"ListItem","position":1,"name":"Home","item":"https:\/\/swoer.com\/"},{"@type":"ListItem","position":2,"name":"Shop","item":"https:\/\/swoer.com\/shop\/"},{"@type":"ListItem","position":3,"name":"Digital Stabilized Voltage Vibratory Bowl Feeder Controller SW-10"}]},{"@type":"WebSite","@id":"https:\/\/swoer.com\/#website","url":"https:\/\/swoer.com\/","name":"SWOER","description":"Swoer is the top 3 vibratory bowl feeder manufacturer in China","potentialAction":[{"@type":"SearchAction","target":{"@type":"EntryPoint","urlTemplate":"https:\/\/swoer.com\/?s={search_term_string}"},"query-input":"required name=search_term_string"}],"inLanguage":"tr"}]}},"_links":{"self":[{"href":"https:\/\/swoer.com\/tr\/wp-json\/wp\/v2\/product\/1989"}],"collection":[{"href":"https:\/\/swoer.com\/tr\/wp-json\/wp\/v2\/product"}],"about":[{"href":"https:\/\/swoer.com\/tr\/wp-json\/wp\/v2\/types\/product"}],"replies":[{"embeddable":true,"href":"https:\/\/swoer.com\/tr\/wp-json\/wp\/v2\/comments?post=1989"}],"wp:featuredmedia":[{"embeddable":true,"href":"https:\/\/swoer.com\/tr\/wp-json\/wp\/v2\/media\/1990"}],"wp:attachment":[{"href":"https:\/\/swoer.com\/tr\/wp-json\/wp\/v2\/media?parent=1989"}],"wp:term":[{"taxonomy":"product_cat","embeddable":true,"href":"https:\/\/swoer.com\/tr\/wp-json\/wp\/v2\/product_cat?post=1989"},{"taxonomy":"product_tag","embeddable":true,"href":"https:\/\/swoer.com\/tr\/wp-json\/wp\/v2\/product_tag?post=1989"}],"curies":[{"name":"wp","href":"https:\/\/api.w.org\/{rel}","templated":true}]}}