{"id":1979,"date":"2024-04-13T07:33:22","date_gmt":"2024-04-13T07:33:22","guid":{"rendered":"https:\/\/swoer.com\/?post_type=product&#038;p=1979"},"modified":"2024-04-13T09:01:56","modified_gmt":"2024-04-13T09:01:56","slug":"vibratory-bowl-feeder-controller-sdvc31-xlr","status":"publish","type":"product","link":"https:\/\/swoer.com\/tr\/manufacturer\/vibratory-bowl-feeder-controller-sdvc31-xlr\/","title":{"rendered":"Titre\u015fimli Hazne Besleyici Kontrol Cihaz\u0131 SDVC31-XLR"},"content":{"rendered":"<h2><strong><b>\u00d6zellikler:<\/b><\/strong><\/h2>\n<p><strong><b>CE sertifikal\u0131<\/b><\/strong><strong><b>, <\/b><\/strong><strong><b>RoHS uyumludur.<\/b><\/strong><\/p>\n<p><strong><b>Frekans Ayar\u0131:\u00a0<\/b><\/strong>Kontrol\u00f6r\u00fcn \u00e7\u0131k\u0131\u015f frekans\u0131, d\u00fczg\u00fcn, sessiz ve enerji tasarrufu sa\u011flayan besleme efekti elde etmek i\u00e7in titre\u015fimli besleyicinin rezonans frekans\u0131na manuel olarak ayarlanabilir.<\/p>\n<p><strong><b>Otomatik Y\u00fcksek Hassasiyetli Gerilim D\u00fczenlemesi:<\/b><\/strong>\u00a0Dahili dijital voltaj d\u00fczenleme devresi, \u015febeke voltaj\u0131ndaki dalgalanman\u0131n neden oldu\u011fu besleme h\u0131z\u0131 de\u011fi\u015fimini ortadan kald\u0131rabilir.<\/p>\n<p><strong><b>Zaman Ayarl\u0131 Yumu\u015fak Ba\u015flang\u0131\u00e7:<\/b><\/strong>\u00a0Ani sars\u0131nt\u0131y\u0131 \u00f6nlemek i\u00e7in kontrol cihaz\u0131, g\u00fc\u00e7 a\u00e7\u0131ld\u0131\u011f\u0131nda \u00e7\u0131k\u0131\u015f voltaj\u0131n\u0131 0&#039;dan \u00f6nceden ayarlanm\u0131\u015f de\u011fere yava\u015f\u00e7a art\u0131racakt\u0131r. Yumu\u015fak ba\u015flang\u0131\u00e7 zaman\u0131 dijital olarak \u00f6nceden ayarlanabilir.<\/p>\n<p><strong><b>Anahtar Sens\u00f6r\u00fc A\u00c7IK\/KAPALI Kontrol\u00fc:\u00a0<\/b><\/strong>Kontrol cihaz\u0131n\u0131 a\u00e7mak\/kapatmak i\u00e7in 1 NPN anahtar sens\u00f6r\u00fc veya PLC ba\u011flanabilir.<\/p>\n<p><strong><b>Fotoelektrik Sens\u00f6r A\u00c7IK\/KAPALI Kontrol\u00fc:<\/b><\/strong>\u00a0CUH Ak\u0131ll\u0131 Fotoelektrik Sens\u00f6r, kontrol cihaz\u0131n\u0131 a\u00e7mak\/kapatmak i\u00e7in ba\u011flanabilir.<\/p>\n<p><strong><b>Uzaktan H\u0131z Kontrol\u00fc:<\/b><\/strong>\u00a0Kontrol\u00f6r\u00fcn \u00c7\u0131k\u0131\u015f Gerilimi harici bir potansiyometre, PLC veya 1-5V DC sinyal ile uzaktan ayarlanabilir.<\/p>\n<p><strong><b>DC Kontrol \u00c7\u0131k\u0131\u015f\u0131:<\/b><\/strong>\u00a0Kontrol cihaz\u0131, bir solenoidi veya di\u011fer harici cihazlar\u0131 \u00e7al\u0131\u015ft\u0131rmak i\u00e7in kontrol cihaz\u0131n\u0131n A\u00c7IK\/KAPALI Kontrol\u00fc ile ili\u015fkili d\u00fc\u015f\u00fck voltajl\u0131 DC g\u00fcc\u00fc \u00e7\u0131k\u0131\u015f\u0131 sa\u011flayabilir.<\/p>\n<p><strong><b>Tu\u015f tak\u0131m\u0131 kilidi:<\/b><\/strong>\u00a0Yanl\u0131\u015f \u00e7al\u0131\u015fmay\u0131 \u00f6nlemek i\u00e7in A\u00c7MA\/KAPAMA d\u00fc\u011fmesine basarak tu\u015f tak\u0131m\u0131 \u00fczerindeki t\u00fcm d\u00fc\u011fmeleri kilitleyin ve 2 saniye bas\u0131l\u0131 tutun.<\/p>\n<p><strong><b>A\u015f\u0131r\u0131 \u0131s\u0131nmaya kar\u015f\u0131 koruma:\u00a0<\/b><\/strong>Kontrol\u00f6r\u00fcn i\u00e7 s\u0131cakl\u0131\u011f\u0131 \u00e7ok y\u00fckselirse kontrol\u00f6r kendisini korumak i\u00e7in \u00e7\u0131k\u0131\u015f\u0131n\u0131 durduracakt\u0131r.<\/p>\n<p><strong><b>A\u015f\u0131r\u0131 Ak\u0131m Korumas\u0131:<\/b><\/strong>\u00a0\u00c7\u0131k\u0131\u015f ak\u0131m\u0131 nominal de\u011ferini a\u015farsa kontrol cihaz\u0131 kendisini ve y\u00fck\u00fc korumak i\u00e7in \u00e7\u0131k\u0131\u015f\u0131n\u0131 durduracakt\u0131r.<\/p>\n<p><strong><b>Geri Y\u00fcklenebilir K\u0131sa Devre Korumas\u0131:<\/b><\/strong>\u00a0Kontrol\u00f6r\u00fcn \u00e7\u0131k\u0131\u015f\u0131 k\u0131sa devre olursa, kontrol\u00f6r kendisini ve y\u00fck\u00fc korumak i\u00e7in \u00e7\u0131k\u0131\u015f\u0131n\u0131 kapatacakt\u0131r. Ancak i\u00e7erideki sigorta atmayacak. B\u00f6ylece \u00e7\u0131k\u0131\u015f taraf\u0131nda herhangi bir k\u0131sa devre olmad\u0131\u011f\u0131nda kontrol\u00f6r enerji verildikten sonra tekrar \u00e7al\u0131\u015facakt\u0131r.<\/p>\n<p><strong><b>Maksimum Ayarlanabilir \u00c7\u0131k\u0131\u015f Gerilimi:<\/b><\/strong>\u00a0Maksimum Ayarlanabilir \u00c7\u0131k\u0131\u015f Gerilimi, y\u00fck\u00fc \u00e7ok y\u00fcksek gerilimden kaynaklanan hasarlardan korumak i\u00e7in \u00f6nceden ayarlanabilir.<\/p>\n<h2><strong><b>Standart aksesuarlar:<\/b><\/strong><\/h2>\n<p>Giri\u015f G\u00fc\u00e7 Kablosu(1,5 m) *1<\/p>\n<p>\u00c7\u0131k\u0131\u015f G\u00fc\u00e7 Kablosu(1,5m) *1<\/p>\n<p>A\u00e7\u0131klama:Giri\u015f g\u00fc\u00e7 kablosu, \u00fclkenizdeki sokete uyacak \u015fekilde \u00f6zelle\u015ftirilebilir.<\/p>\n<h2><strong><b>\u0130ste\u011fe ba\u011fl\u0131 Aksesuarlar:<\/b><\/strong><\/h2>\n<p>Ak\u0131ll\u0131 Fotoelektrik Sens\u00f6r(1,5m)<\/p>\n<h2 class=\"p\"><strong><span class=\"15\">Boyutlar ve A\u011f\u0131rl\u0131k:<\/span><\/strong><\/h2>\n<p class=\"p\">Boyutlar: 190*53,6*94,5(U*G*Y, mm)<\/p>\n<p class=\"p\">A\u011f\u0131rl\u0131k: SDVC31-S:610g(aksesuars\u0131z)<\/p>\n<h2><strong><b>Teknik \u00f6zellik<\/b><\/strong><\/h2>\n<table width=\"710\">\n<tbody>\n<tr>\n<td rowspan=\"2\" width=\"242\">\u00d6\u011fe<\/td>\n<td colspan=\"3\" width=\"216\">Menzil<\/td>\n<td rowspan=\"2\" width=\"72\">Birim<\/td>\n<td rowspan=\"2\" width=\"180\">Tan\u0131m<\/td>\n<\/tr>\n<tr>\n<td width=\"72\">Min.<\/td>\n<td width=\"72\">Tipik<\/td>\n<td width=\"72\">Maksimum<\/td>\n<\/tr>\n<tr>\n<td width=\"242\">Giri\u015f gerilimi<\/td>\n<td width=\"72\">85<\/td>\n<td width=\"72\">220<\/td>\n<td width=\"72\">260<\/td>\n<td width=\"72\">V<\/td>\n<td width=\"180\">AVRMS<\/td>\n<\/tr>\n<tr>\n<td width=\"242\">Ayarlanabilir \u00c7\u0131k\u0131\u015f Gerilim Aral\u0131\u011f\u0131<\/td>\n<td width=\"72\">0<\/td>\n<td width=\"72\">&#8212;<\/td>\n<td width=\"72\">260<\/td>\n<td width=\"72\">V<\/td>\n<td width=\"180\">Giri\u015f Gerilimi 150%&#039;den d\u00fc\u015f\u00fck<\/td>\n<\/tr>\n<tr>\n<td width=\"242\">Gerilim Ayar Do\u011frulu\u011fu<\/td>\n<td colspan=\"3\" width=\"216\">1<\/td>\n<td width=\"72\">V<\/td>\n<td width=\"180\"><\/td>\n<\/tr>\n<tr>\n<td width=\"242\">Gerilim D\u00fczenleme Do\u011frulu\u011fu<\/td>\n<td width=\"72\">0<\/td>\n<td width=\"72\">&#8212;<\/td>\n<td width=\"72\">10<\/td>\n<td width=\"72\">%<\/td>\n<td width=\"180\">\u25b3Vout\/\u25b3Vin<\/td>\n<\/tr>\n<tr>\n<td width=\"242\">Gerilim Reg\u00fclasyonunun Tepki S\u00fcresi<\/td>\n<td width=\"72\">0.0025<\/td>\n<td width=\"72\">&#8212;<\/td>\n<td width=\"72\">0.025<\/td>\n<td width=\"72\">S<\/td>\n<td width=\"180\">\u00e7\u0131k\u0131\u015f voltaj\u0131 periyodu<\/td>\n<\/tr>\n<tr>\n<td rowspan=\"2\" width=\"242\">Ayarlanabilir \u00c7\u0131k\u0131\u015f Ak\u0131m\u0131 Aral\u0131\u011f\u0131<\/td>\n<td width=\"72\">0<\/td>\n<td width=\"72\">&#8212;<\/td>\n<td width=\"72\">1.5<\/td>\n<td width=\"72\">A<\/td>\n<td width=\"180\">D\u00fc\u015f\u00fck g\u00fc\u00e7<\/td>\n<\/tr>\n<tr>\n<td width=\"72\">0<\/td>\n<td width=\"72\">&#8212;<\/td>\n<td width=\"72\">3<\/td>\n<td width=\"72\">A<\/td>\n<td width=\"180\">Orta g\u00fc\u00e7<\/td>\n<\/tr>\n<tr>\n<td rowspan=\"2\" width=\"242\">\u00c7\u0131k\u0131\u015f g\u00fcc\u00fc<\/td>\n<td width=\"72\">0<\/td>\n<td width=\"72\">&#8212;<\/td>\n<td width=\"72\">330<\/td>\n<td width=\"72\">VA<\/td>\n<td width=\"180\">D\u00fc\u015f\u00fck g\u00fc\u00e7<\/td>\n<\/tr>\n<tr>\n<td width=\"72\">0<\/td>\n<td width=\"72\">&#8212;<\/td>\n<td width=\"72\">660<\/td>\n<td width=\"72\">VA<\/td>\n<td width=\"180\">Orta g\u00fc\u00e7<\/td>\n<\/tr>\n<tr>\n<td width=\"242\">\u00c7\u0131k\u0131\u015f frekans\u0131<\/td>\n<td width=\"72\">40<\/td>\n<td width=\"72\">&#8212;<\/td>\n<td width=\"72\">400<\/td>\n<td width=\"72\">Hz.<\/td>\n<td width=\"180\"><\/td>\n<\/tr>\n<tr>\n<td width=\"242\">Frekans Ayar\u0131 Do\u011frulu\u011fu<\/td>\n<td colspan=\"3\" width=\"216\">0.1<\/td>\n<td width=\"72\">Hz.<\/td>\n<td width=\"180\"><\/td>\n<\/tr>\n<tr>\n<td width=\"242\">\u00c7\u0131k\u0131\u015f Dalga Formu<\/td>\n<td colspan=\"3\" width=\"216\">sin\u00fcs<\/td>\n<td width=\"72\"><\/td>\n<td width=\"180\"><\/td>\n<\/tr>\n<tr>\n<td width=\"242\">Yumu\u015fak Ba\u015flang\u0131\u00e7 Zaman\u0131<\/td>\n<td width=\"72\">0<\/td>\n<td width=\"72\">&#8212;<\/td>\n<td width=\"72\">10<\/td>\n<td width=\"72\">S<\/td>\n<td width=\"180\">Fabrika Varsay\u0131lan De\u011feri:0,5<\/td>\n<\/tr>\n<tr>\n<td width=\"242\">A\u00e7ma\/Kapama Gecikme S\u00fcresi Aral\u0131\u011f\u0131<\/td>\n<td width=\"72\">0<\/td>\n<td width=\"72\">&#8212;<\/td>\n<td width=\"72\">20<\/td>\n<td width=\"72\">S<\/td>\n<td width=\"180\">Fabrika Varsay\u0131lan De\u011feri:0,2<\/td>\n<\/tr>\n<tr>\n<td width=\"242\">A\u00e7ma\/Kapama Gecikme S\u00fcresi Do\u011frulu\u011fu<\/td>\n<td colspan=\"3\" width=\"216\">0.1<\/td>\n<td width=\"72\">S<\/td>\n<td width=\"180\"><\/td>\n<\/tr>\n<tr>\n<td width=\"242\">A\u015f\u0131r\u0131 Is\u0131nma Korumas\u0131 Tetikleme S\u0131cakl\u0131\u011f\u0131<\/td>\n<td width=\"72\">58<\/td>\n<td width=\"72\">60<\/td>\n<td width=\"72\">66<\/td>\n<td width=\"72\">\u00b0C<\/td>\n<td width=\"180\"><\/td>\n<\/tr>\n<tr>\n<td width=\"242\">DC Kontrol \u00c7\u0131k\u0131\u015f Ak\u0131m\u0131<\/td>\n<td width=\"72\">0<\/td>\n<td width=\"72\">&#8212;<\/td>\n<td width=\"72\">200<\/td>\n<td width=\"72\">mA<\/td>\n<td width=\"180\"><\/td>\n<\/tr>\n<tr>\n<td width=\"242\">Analog Kontrol Sinyali<\/td>\n<td colspan=\"3\" width=\"216\">1-5<\/td>\n<td width=\"72\">V<\/td>\n<td width=\"180\">Renctespeed Kontrol Gerilimi<\/td>\n<\/tr>\n<tr>\n<td width=\"242\">Dijital Kontrol Sinyali<\/td>\n<td colspan=\"3\" width=\"216\">24<\/td>\n<td width=\"72\">V<\/td>\n<td width=\"180\">Anahtarlama Sinyali<\/td>\n<\/tr>\n<tr>\n<td width=\"242\">Ayarlama Y\u00f6ntemi<\/td>\n<td colspan=\"3\" width=\"216\">6<\/td>\n<td width=\"72\">D\u00fc\u011fme<\/td>\n<td width=\"180\"><\/td>\n<\/tr>\n<tr>\n<td width=\"242\">Bekleme Durumunda G\u00fc\u00e7 T\u00fcketimi<\/td>\n<td width=\"72\">&#8212;<\/td>\n<td width=\"72\">3<\/td>\n<td width=\"72\"><\/td>\n<td width=\"72\">K<\/td>\n<td width=\"180\"><\/td>\n<\/tr>\n<tr>\n<td width=\"242\">G\u00f6r\u00fcnt\u00fcleme Y\u00f6ntemi<\/td>\n<td colspan=\"3\" width=\"216\">5<\/td>\n<td width=\"72\">Hane<\/td>\n<td width=\"180\">LED Dijital T\u00fcpler<\/td>\n<\/tr>\n<tr>\n<td width=\"242\">Ortam s\u0131cakl\u0131\u011f\u0131<\/td>\n<td width=\"72\">0<\/td>\n<td width=\"72\">25<\/td>\n<td width=\"72\">40<\/td>\n<td width=\"72\">\u00b0C<\/td>\n<td rowspan=\"2\" width=\"180\">Yo\u011fu\u015fma Yok<\/td>\n<\/tr>\n<tr>\n<td width=\"242\">Ortam nemi<\/td>\n<td width=\"72\">10<\/td>\n<td width=\"72\">60<\/td>\n<td width=\"72\">85<\/td>\n<td width=\"72\">%<\/td>\n<\/tr>\n<\/tbody>\n<\/table>","protected":false},"excerpt":{"rendered":"<p>Titre\u015fimli hazne besleyici denetleyicisi SDVC31-XLR: CE sertifikal\u0131d\u0131r; d\u00fczg\u00fcn besleme i\u00e7in manuel frekans ayar\u0131 ve kararl\u0131l\u0131k i\u00e7in otomatik voltaj d\u00fczenlemesi sunar.<\/p>\n<p>Yumu\u015fak ba\u015flatma, sens\u00f6r kontrolleri ve g\u00fcvenlik korumalar\u0131na sahiptir. Standart kablolar i\u00e7erir.<\/p>\n<p>Boyutlar: 190<em>53.6<\/em>94,5 mm; A\u011f\u0131rl\u0131k: 610g (aksesuarlar hari\u00e7).<\/p>","protected":false},"featured_media":1980,"comment_status":"open","ping_status":"closed","template":"","meta":[],"product_cat":[45],"product_tag":[],"yoast_head":"<!-- This site is optimized with the Yoast SEO plugin v22.2 - https:\/\/yoast.com\/wordpress\/plugins\/seo\/ -->\n<title>Vibratory Bowl Feeder Controller SDVC31-XLR - SWOER<\/title>\n<meta name=\"robots\" content=\"index, follow, max-snippet:-1, max-image-preview:large, max-video-preview:-1\" \/>\n<link rel=\"canonical\" href=\"https:\/\/swoer.com\/tr\/manufacturer\/vibratory-bowl-feeder-controller-sdvc31-xlr\/\" \/>\n<meta property=\"og:locale\" content=\"tr_TR\" \/>\n<meta property=\"og:type\" content=\"article\" \/>\n<meta property=\"og:title\" content=\"Vibratory Bowl Feeder Controller SDVC31-XLR - SWOER\" \/>\n<meta property=\"og:description\" content=\"The vibratory bowl feeder controller SDVC31-XLR: CE-certified, it offers manual frequency adjustment for smooth feeding and automatic voltage regulation for stability.  Features soft start, sensor controls, and safety protections. Includes standard cables.  Dimensions: 19053.694.5mm; Weight: 610g (without accessories).\" \/>\n<meta property=\"og:url\" content=\"https:\/\/swoer.com\/tr\/manufacturer\/vibratory-bowl-feeder-controller-sdvc31-xlr\/\" \/>\n<meta property=\"og:site_name\" content=\"SWOER\" \/>\n<meta property=\"article:modified_time\" content=\"2024-04-13T09:01:56+00:00\" \/>\n<meta property=\"og:image\" content=\"https:\/\/swoer.com\/wp-content\/uploads\/2024\/04\/vibratory-bowl-feeder-controller-SDVC31-XLR.webp\" \/>\n\t<meta property=\"og:image:width\" content=\"1000\" \/>\n\t<meta property=\"og:image:height\" content=\"1000\" \/>\n\t<meta property=\"og:image:type\" content=\"image\/webp\" \/>\n<meta name=\"twitter:card\" content=\"summary_large_image\" \/>\n<meta name=\"twitter:label1\" content=\"Tahmini okuma s\u00fcresi\" \/>\n\t<meta name=\"twitter:data1\" content=\"3 dakika\" \/>\n<script type=\"application\/ld+json\" class=\"yoast-schema-graph\">{\"@context\":\"https:\/\/schema.org\",\"@graph\":[{\"@type\":\"WebPage\",\"@id\":\"https:\/\/swoer.com\/manufacturer\/vibratory-bowl-feeder-controller-sdvc31-xlr\/\",\"url\":\"https:\/\/swoer.com\/manufacturer\/vibratory-bowl-feeder-controller-sdvc31-xlr\/\",\"name\":\"Vibratory Bowl Feeder Controller SDVC31-XLR - SWOER\",\"isPartOf\":{\"@id\":\"https:\/\/swoer.com\/#website\"},\"primaryImageOfPage\":{\"@id\":\"https:\/\/swoer.com\/manufacturer\/vibratory-bowl-feeder-controller-sdvc31-xlr\/#primaryimage\"},\"image\":{\"@id\":\"https:\/\/swoer.com\/manufacturer\/vibratory-bowl-feeder-controller-sdvc31-xlr\/#primaryimage\"},\"thumbnailUrl\":\"https:\/\/swoer.com\/wp-content\/uploads\/2024\/04\/vibratory-bowl-feeder-controller-SDVC31-XLR.webp\",\"datePublished\":\"2024-04-13T07:33:22+00:00\",\"dateModified\":\"2024-04-13T09:01:56+00:00\",\"breadcrumb\":{\"@id\":\"https:\/\/swoer.com\/manufacturer\/vibratory-bowl-feeder-controller-sdvc31-xlr\/#breadcrumb\"},\"inLanguage\":\"tr\",\"potentialAction\":[{\"@type\":\"ReadAction\",\"target\":[\"https:\/\/swoer.com\/manufacturer\/vibratory-bowl-feeder-controller-sdvc31-xlr\/\"]}]},{\"@type\":\"ImageObject\",\"inLanguage\":\"tr\",\"@id\":\"https:\/\/swoer.com\/manufacturer\/vibratory-bowl-feeder-controller-sdvc31-xlr\/#primaryimage\",\"url\":\"https:\/\/swoer.com\/wp-content\/uploads\/2024\/04\/vibratory-bowl-feeder-controller-SDVC31-XLR.webp\",\"contentUrl\":\"https:\/\/swoer.com\/wp-content\/uploads\/2024\/04\/vibratory-bowl-feeder-controller-SDVC31-XLR.webp\",\"width\":1000,\"height\":1000,\"caption\":\"vibratory bowl feeder controller SDVC31-XLR\"},{\"@type\":\"BreadcrumbList\",\"@id\":\"https:\/\/swoer.com\/manufacturer\/vibratory-bowl-feeder-controller-sdvc31-xlr\/#breadcrumb\",\"itemListElement\":[{\"@type\":\"ListItem\",\"position\":1,\"name\":\"Home\",\"item\":\"https:\/\/swoer.com\/\"},{\"@type\":\"ListItem\",\"position\":2,\"name\":\"Shop\",\"item\":\"https:\/\/swoer.com\/shop\/\"},{\"@type\":\"ListItem\",\"position\":3,\"name\":\"Vibratory Bowl Feeder Controller SDVC31-XLR\"}]},{\"@type\":\"WebSite\",\"@id\":\"https:\/\/swoer.com\/#website\",\"url\":\"https:\/\/swoer.com\/\",\"name\":\"SWOER\",\"description\":\"Swoer is the top 3 vibratory bowl feeder manufacturer in China\",\"potentialAction\":[{\"@type\":\"SearchAction\",\"target\":{\"@type\":\"EntryPoint\",\"urlTemplate\":\"https:\/\/swoer.com\/?s={search_term_string}\"},\"query-input\":\"required name=search_term_string\"}],\"inLanguage\":\"tr\"}]}<\/script>\n<!-- \/ Yoast SEO plugin. -->","yoast_head_json":{"title":"Vibratory Bowl Feeder Controller SDVC31-XLR - SWOER","robots":{"index":"index","follow":"follow","max-snippet":"max-snippet:-1","max-image-preview":"max-image-preview:large","max-video-preview":"max-video-preview:-1"},"canonical":"https:\/\/swoer.com\/tr\/manufacturer\/vibratory-bowl-feeder-controller-sdvc31-xlr\/","og_locale":"tr_TR","og_type":"article","og_title":"Vibratory Bowl Feeder Controller SDVC31-XLR - SWOER","og_description":"The vibratory bowl feeder controller SDVC31-XLR: CE-certified, it offers manual frequency adjustment for smooth feeding and automatic voltage regulation for stability.  Features soft start, sensor controls, and safety protections. Includes standard cables.  Dimensions: 19053.694.5mm; Weight: 610g (without accessories).","og_url":"https:\/\/swoer.com\/tr\/manufacturer\/vibratory-bowl-feeder-controller-sdvc31-xlr\/","og_site_name":"SWOER","article_modified_time":"2024-04-13T09:01:56+00:00","og_image":[{"width":1000,"height":1000,"url":"https:\/\/swoer.com\/wp-content\/uploads\/2024\/04\/vibratory-bowl-feeder-controller-SDVC31-XLR.webp","type":"image\/webp"}],"twitter_card":"summary_large_image","twitter_misc":{"Tahmini okuma s\u00fcresi":"3 dakika"},"schema":{"@context":"https:\/\/schema.org","@graph":[{"@type":"WebPage","@id":"https:\/\/swoer.com\/manufacturer\/vibratory-bowl-feeder-controller-sdvc31-xlr\/","url":"https:\/\/swoer.com\/manufacturer\/vibratory-bowl-feeder-controller-sdvc31-xlr\/","name":"Vibratory Bowl Feeder Controller SDVC31-XLR - SWOER","isPartOf":{"@id":"https:\/\/swoer.com\/#website"},"primaryImageOfPage":{"@id":"https:\/\/swoer.com\/manufacturer\/vibratory-bowl-feeder-controller-sdvc31-xlr\/#primaryimage"},"image":{"@id":"https:\/\/swoer.com\/manufacturer\/vibratory-bowl-feeder-controller-sdvc31-xlr\/#primaryimage"},"thumbnailUrl":"https:\/\/swoer.com\/wp-content\/uploads\/2024\/04\/vibratory-bowl-feeder-controller-SDVC31-XLR.webp","datePublished":"2024-04-13T07:33:22+00:00","dateModified":"2024-04-13T09:01:56+00:00","breadcrumb":{"@id":"https:\/\/swoer.com\/manufacturer\/vibratory-bowl-feeder-controller-sdvc31-xlr\/#breadcrumb"},"inLanguage":"tr","potentialAction":[{"@type":"ReadAction","target":["https:\/\/swoer.com\/manufacturer\/vibratory-bowl-feeder-controller-sdvc31-xlr\/"]}]},{"@type":"ImageObject","inLanguage":"tr","@id":"https:\/\/swoer.com\/manufacturer\/vibratory-bowl-feeder-controller-sdvc31-xlr\/#primaryimage","url":"https:\/\/swoer.com\/wp-content\/uploads\/2024\/04\/vibratory-bowl-feeder-controller-SDVC31-XLR.webp","contentUrl":"https:\/\/swoer.com\/wp-content\/uploads\/2024\/04\/vibratory-bowl-feeder-controller-SDVC31-XLR.webp","width":1000,"height":1000,"caption":"vibratory bowl feeder controller SDVC31-XLR"},{"@type":"BreadcrumbList","@id":"https:\/\/swoer.com\/manufacturer\/vibratory-bowl-feeder-controller-sdvc31-xlr\/#breadcrumb","itemListElement":[{"@type":"ListItem","position":1,"name":"Home","item":"https:\/\/swoer.com\/"},{"@type":"ListItem","position":2,"name":"Shop","item":"https:\/\/swoer.com\/shop\/"},{"@type":"ListItem","position":3,"name":"Vibratory Bowl Feeder Controller SDVC31-XLR"}]},{"@type":"WebSite","@id":"https:\/\/swoer.com\/#website","url":"https:\/\/swoer.com\/","name":"SWOER","description":"Swoer is the top 3 vibratory bowl feeder manufacturer in China","potentialAction":[{"@type":"SearchAction","target":{"@type":"EntryPoint","urlTemplate":"https:\/\/swoer.com\/?s={search_term_string}"},"query-input":"required name=search_term_string"}],"inLanguage":"tr"}]}},"_links":{"self":[{"href":"https:\/\/swoer.com\/tr\/wp-json\/wp\/v2\/product\/1979"}],"collection":[{"href":"https:\/\/swoer.com\/tr\/wp-json\/wp\/v2\/product"}],"about":[{"href":"https:\/\/swoer.com\/tr\/wp-json\/wp\/v2\/types\/product"}],"replies":[{"embeddable":true,"href":"https:\/\/swoer.com\/tr\/wp-json\/wp\/v2\/comments?post=1979"}],"wp:featuredmedia":[{"embeddable":true,"href":"https:\/\/swoer.com\/tr\/wp-json\/wp\/v2\/media\/1980"}],"wp:attachment":[{"href":"https:\/\/swoer.com\/tr\/wp-json\/wp\/v2\/media?parent=1979"}],"wp:term":[{"taxonomy":"product_cat","embeddable":true,"href":"https:\/\/swoer.com\/tr\/wp-json\/wp\/v2\/product_cat?post=1979"},{"taxonomy":"product_tag","embeddable":true,"href":"https:\/\/swoer.com\/tr\/wp-json\/wp\/v2\/product_tag?post=1979"}],"curies":[{"name":"wp","href":"https:\/\/api.w.org\/{rel}","templated":true}]}}