{"id":1855,"date":"2024-04-03T06:07:37","date_gmt":"2024-04-03T06:07:37","guid":{"rendered":"https:\/\/lightgrey-porpoise-816575.hostingersite.com\/?post_type=product&#038;p=1855"},"modified":"2024-08-01T14:30:00","modified_gmt":"2024-08-01T06:30:00","slug":"two-tracks-small-vibratory-bowl-feeder-for-hardware","status":"publish","type":"product","link":"https:\/\/swoer.com\/tr\/manufacturer\/two-tracks-small-vibratory-bowl-feeder-for-hardware\/","title":{"rendered":"Donan\u0131m i\u00e7in \u0130ki Par\u00e7al\u0131 K\u00fc\u00e7\u00fck Titre\u015fimli Kase Besleyici"},"content":{"rendered":"<section class=\"section\" id=\"section_1442895213\">\n\t\t<div class=\"bg section-bg fill bg-fill  bg-loaded\" >\n\n\t\t\t\n\t\t\t\n\t\t\t\n\n\t\t<\/div>\n\n\t\t\n\n\t\t<div class=\"section-content relative\">\n\t\t\t\n<p>\u0130ki kanall\u0131 k\u00fc\u00e7\u00fck titre\u015fimli \u00e7anak besleyicimizle donan\u0131m ihtiya\u00e7lar\u0131n\u0131za uygun \u00f6zel besleme \u00e7\u00f6z\u00fcmlerini ke\u015ffedin. Hassasiyet ve g\u00fcvenilirlik i\u00e7in tasarlanan \u00f6zel yap\u0131m besleyicilerimiz, \u00e7e\u015fitli donan\u0131m bile\u015fenlerini sorunsuz bir \u015fekilde i\u015fler. Kaliteden \u00f6d\u00fcn vermeden do\u011frudan fabrika fiyatland\u0131rmas\u0131ndan yararlan\u0131n. Kompakt ve \u00e7ok y\u00f6nl\u00fc besleme \u00e7\u00f6z\u00fcm\u00fcm\u00fczle \u00fcretim verimlili\u011finizi art\u0131r\u0131n. Donan\u0131m \u00fcretiminizi bug\u00fcn art\u0131r\u0131n!<\/p>\n\t<div id=\"gap-1348202788\" class=\"gap-element clearfix\" style=\"display:block; height:auto;\">\n\t\t\n<style>\n#gap-1348202788 {\n  padding-top: 30px;\n}\n<\/style>\n\t<\/div>\n\t\n<h2>\u015eartname:<\/h2>\n\t<div id=\"text-3539694468\" class=\"text\">\n\t\t\n<table width=\"684\">\n<tbody>\n<tr>\n<td width=\"183\">\u00dcr\u00fcn ad\u0131<\/td>\n<td width=\"501\">Donan\u0131m i\u00e7in \u0130ki Par\u00e7al\u0131 K\u00fc\u00e7\u00fck Titre\u015fimli Kase Besleyici<\/td>\n<\/tr>\n<tr>\n<td>Malzeme<\/td>\n<td>\u00a0SUS201\/304<\/td>\n<\/tr>\n<tr>\n<td>Malzeme Uzmanl\u0131\u011f\u0131<\/td>\n<td>So\u011fuk i\u015flem d\u00f6vme ala\u015f\u0131m\u0131, Y\u00fcksek mukavemet, Y\u00fcksek sertlik<\/td>\n<\/tr>\n<tr>\n<td>Gerilim<\/td>\n<td>220V<\/td>\n<\/tr>\n<tr>\n<td>G\u00fc\u00e7<\/td>\n<td>65W \/150W \/180W \/ 220W \/ 350W<\/td>\n<\/tr>\n<tr>\n<td>Kimlik do\u011frulama<\/td>\n<td>CE, ROHS, ISO9001<\/td>\n<\/tr>\n<tr>\n<td>Garanti<\/td>\n<td>1 y\u0131l garanti<\/td>\n<\/tr>\n<tr>\n<td>Adedi<\/td>\n<td>1 tak\u0131m<\/td>\n<\/tr>\n<tr>\n<td>Kur\u015fun zaman\u0131<\/td>\n<td>10-14 g\u00fcn<\/td>\n<\/tr>\n<tr>\n<td>\u00d6deme ko\u015fulu<\/td>\n<td>T\/T 40% Sevkiyat \u00f6ncesi depozito ve bakiye<\/td>\n<\/tr>\n<tr>\n<td>Yerin Orjinali<\/td>\n<td>\u00c7in<\/td>\n<\/tr>\n<\/tbody>\n<\/table>\n\t\t\n<style>\n#text-3539694468 {\n  font-size: 1.2rem;\n}\n<\/style>\n\t<\/div>\n\t\n\t\t<\/div>\n\n\t\t\n<style>\n#section_1442895213 {\n  padding-top: 30px;\n  padding-bottom: 30px;\n}\n#section_1442895213 .ux-shape-divider--top svg {\n  height: 150px;\n  --divider-top-width: 100%;\n}\n#section_1442895213 .ux-shape-divider--bottom svg {\n  height: 150px;\n  --divider-width: 100%;\n}\n<\/style>\n\t<\/section>\n\t\n<p>\u0130ki Kanall\u0131 K\u00fc\u00e7\u00fck Titre\u015fimli Kase Besleyicimizle donan\u0131m kullan\u0131m\u0131n\u0131z\u0131 art\u0131r\u0131n. Hassasiyet ve verimlilik i\u00e7in tasarlanan bu besleyici, \u00f6zel ihtiya\u00e7lar\u0131n\u0131za g\u00f6re uyarlanm\u0131\u015f \u00f6zel bir \u00e7\u00f6z\u00fcm sunar. H\u0131zl\u0131 teslimat \u00f6zelli\u011fine sahiptir ve kalite ve g\u00fcvenlik g\u00fcvencesi i\u00e7in CE\/UL sertifikas\u0131yla birlikte gelir.<\/p>\n<p>SWOER olarak g\u00fcvenilir ve etkili besleme \u00e7\u00f6z\u00fcmlerinin \u00f6nemini anl\u0131yoruz. Titre\u015fimli besleyicimizin \u00fcretim s\u00fcrecinize sorunsuz bir \u015fekilde entegre olmas\u0131n\u0131 sa\u011flamak i\u00e7in deneyimli ekibimiz sizinle yak\u0131n i\u015fbirli\u011fi i\u00e7inde \u00e7al\u0131\u015facakt\u0131r. Rekabet\u00e7i fabrika fiyatlar\u0131m\u0131z ve kaliteye olan ba\u011fl\u0131l\u0131\u011f\u0131m\u0131z sayesinde, b\u00fct\u00e7enizi zorlamadan operasyonlar\u0131n\u0131z\u0131 geli\u015ftirebilirsiniz.<\/p>\n<p><strong>Donan\u0131m besleme s\u00fcrecinizi iyile\u015ftirmeye haz\u0131r m\u0131s\u0131n\u0131z?<\/strong><\/p>\n<p>\u0130htiya\u00e7lar\u0131n\u0131z\u0131 g\u00f6r\u00fc\u015fmek ve ki\u015fiselle\u015ftirilmi\u015f bir teklif almak i\u00e7in bug\u00fcn bizimle ileti\u015fime ge\u00e7in. Daha fazla \u00fcretim verimlili\u011fi ve hassasiyetine ula\u015fmada SWOER&#039;\u0131n orta\u011f\u0131n\u0131z olmas\u0131na izin verin.<\/p>\n\n<div class=\"wpcf7 no-js\" id=\"wpcf7-f5-o1\" lang=\"en-US\" dir=\"ltr\">\n<div class=\"screen-reader-response\"><p role=\"status\" aria-live=\"polite\" aria-atomic=\"true\"><\/p> <ul><\/ul><\/div>\n<form action=\"\/tr\/wp-json\/wp\/v2\/product\/1855#wpcf7-f5-o1\" method=\"post\" class=\"wpcf7-form init\" aria-label=\"\u0130leti\u015fim Formu\" novalidate=\"novalidate\" data-status=\"init\" data-trp-original-action=\"\/tr\/wp-json\/wp\/v2\/product\/1855#wpcf7-f5-o1\">\n<div style=\"display: none;\">\n<input type=\"hidden\" name=\"_wpcf7\" value=\"5\" \/>\n<input type=\"hidden\" name=\"_wpcf7_version\" value=\"5.9.2\" \/>\n<input type=\"hidden\" name=\"_wpcf7_locale\" value=\"en_US\" \/>\n<input type=\"hidden\" name=\"_wpcf7_unit_tag\" value=\"wpcf7-f5-o1\" \/>\n<input type=\"hidden\" name=\"_wpcf7_container_post\" value=\"0\" \/>\n<input type=\"hidden\" name=\"_wpcf7_posted_data_hash\" value=\"\" \/>\n<\/div>\n<div class='custom_contact_style'>\n\t<p><label> Ad\u0131n\u0131z<br \/>\n<span class=\"wpcf7-form-control-wrap\" data-name=\"your-name\"><input size=\"40\" class=\"wpcf7-form-control wpcf7-text wpcf7-validates-as-required\" autocomplete=\"name\" aria-required=\"true\" aria-invalid=\"false\" value=\"\" type=\"text\" name=\"your-name\" \/><\/span> <\/label>\n\t<\/p>\n\t<p><label> E-posta adresiniz<br \/>\n<span class=\"wpcf7-form-control-wrap\" data-name=\"your-email\"><input size=\"40\" class=\"wpcf7-form-control wpcf7-email wpcf7-validates-as-required wpcf7-text wpcf7-validates-as-email\" autocomplete=\"email\" aria-required=\"true\" aria-invalid=\"false\" value=\"\" type=\"email\" name=\"your-email\" \/><\/span> <\/label>\n\t<\/p>\n\t<p><label> Mesaj\u0131n\u0131z (iste\u011fe ba\u011fl\u0131)<br \/>\n<span class=\"wpcf7-form-control-wrap\" data-name=\"your-message\"><textarea cols=\"40\" rows=\"10\" class=\"wpcf7-form-control wpcf7-textarea\" aria-invalid=\"false\" name=\"your-message\"><\/textarea><\/span> <\/label>\n\t<\/p>\n\t<div style=\"margin-bottom:10px;\">\n\t\t<p><span class=\"wpcf7-form-control-wrap kc_captcha cf7ic-toggle\" data-name=\"kc_captcha\"><span class=\"wpcf7-form-control wpcf7-radio\"><span class=\"captcha-image\" style=\"display: none;\"><span class=\"cf7ic_instructions\">L\u00fctfen se\u00e7erek insan oldu\u011funuzu kan\u0131tlay\u0131n.<span> anahtar<\/span>.<\/span><label><input aria-label=\"1\" type=\"radio\" name=\"kc_captcha\" value=\"bot\" \/><svg aria-hidden=\"true\" role=\"img\" xmlns=\"http:\/\/www.w3.org\/2000\/svg\" viewbox=\"0 0 576 512\"><path fill=\"currentColor\" d=\"M415 24c-53 0-103 42-127 65-24-23-74-65-127-65C70 24 16 77 16 166c0 72 67 133 69 135l187 181c9 8 23 8 32 0l187-180c2-3 69-64 69-136 0-89-54-142-145-142z\"\/><\/svg><\/label><label><input aria-label=\"2\" type=\"radio\" name=\"kc_captcha\" value=\"bot\" \/><svg aria-hidden=\"true\" role=\"img\" xmlns=\"http:\/\/www.w3.org\/2000\/svg\" viewbox=\"0 0 512 512\"><path fill=\"currentColor\" d=\"M350 99c-54 0-98-35-166-35-25 0-47 4-68 12a56 56 0 004-24C118 24 95 1 66 0a56 56 0 00-34 102v386c0 13 11 24 24 24h16c13 0 24-11 24-24v-94c28-12 64-23 114-23 54 0 98 35 166 35 48 0 86-16 122-41 9-6 14-15 14-26V96c0-23-24-39-45-29-35 16-77 32-117 32z\"\/><\/svg><\/label><label><input aria-label=\"3\" type=\"radio\" name=\"kc_captcha\" value=\"kc_human\" \/><svg aria-hidden=\"true\" role=\"img\" xmlns=\"http:\/\/www.w3.org\/2000\/svg\" viewbox=\"0 0 512 512\"><path fill=\"currentColor\" d=\"M512 176a176 176 0 01-209 173l-24 27a24 24 0 01-18 8h-37v40c0 13-11 24-24 24h-40v40c0 13-11 24-24 24H24c-13 0-24-11-24-24v-78c0-6 3-13 7-17l162-162a176 176 0 11343-55zm-176-48a48 48 0 1096 0 48 48 0 00-96 0z\"\/><\/svg><\/label>\r\n    <\/span>\r\n    <span style=\"display:none\">\r\n        <input type=\"text\" name=\"kc_honeypot\">\r\n    <\/span><\/span><\/span>\n\t\t<\/p>\n\t<\/div>\n\t<p><input class=\"wpcf7-form-control wpcf7-submit has-spinner\" type=\"submit\" value=\"G\u00f6ndermek\" \/>\n\t<\/p>\n<\/div><div class=\"wpcf7-response-output\" aria-hidden=\"true\"><\/div>\n<input type=\"hidden\" name=\"trp-form-language\" value=\"tr\"\/><\/form>\n<\/div>","protected":false},"excerpt":{"rendered":"<p>Donan\u0131ma y\u00f6nelik \u0130ki Kanall\u0131 K\u00fc\u00e7\u00fck Titre\u015fimli Kase Besleyicimiz \u00f6zel \u00e7\u00f6z\u00fcmler, h\u0131zl\u0131 teslimat ve CE\/UL sertifikas\u0131 sunar. Operasyonlar\u0131n\u0131z\u0131 optimize etmek i\u00e7in m\u00fckemmeldir.<\/p>","protected":false},"featured_media":1856,"comment_status":"open","ping_status":"closed","template":"","meta":[],"product_cat":[37],"product_tag":[],"yoast_head":"<!-- This site is optimized with the Yoast SEO plugin v22.2 - https:\/\/yoast.com\/wordpress\/plugins\/seo\/ -->\n<title>Two Tracks Small Vibratory Bowl Feeder for Hardware - SWOER<\/title>\n<meta name=\"description\" content=\"Boost efficiency with our Two Tracks Small Vibratory Bowl Feeder for hardware. Custom solutions, CE\/UL certified. Contact SWOER for your needs!\" \/>\n<meta name=\"robots\" content=\"index, follow, max-snippet:-1, max-image-preview:large, max-video-preview:-1\" \/>\n<link rel=\"canonical\" href=\"https:\/\/swoer.com\/tr\/manufacturer\/two-tracks-small-vibratory-bowl-feeder-for-hardware\/\" \/>\n<meta property=\"og:locale\" content=\"tr_TR\" \/>\n<meta property=\"og:type\" content=\"article\" \/>\n<meta property=\"og:title\" content=\"Two Tracks Small Vibratory Bowl Feeder for Hardware - SWOER\" \/>\n<meta property=\"og:description\" content=\"Boost efficiency with our Two Tracks Small Vibratory Bowl Feeder for hardware. Custom solutions, CE\/UL certified. Contact SWOER for your needs!\" \/>\n<meta property=\"og:url\" content=\"https:\/\/swoer.com\/tr\/manufacturer\/two-tracks-small-vibratory-bowl-feeder-for-hardware\/\" \/>\n<meta property=\"og:site_name\" content=\"SWOER\" \/>\n<meta property=\"article:modified_time\" content=\"2024-08-01T06:30:00+00:00\" \/>\n<meta property=\"og:image\" content=\"https:\/\/swoer.com\/wp-content\/uploads\/2024\/04\/two-tracks-small-vibratory-bowl-feeder-for-hardware-.jpg\" \/>\n\t<meta property=\"og:image:width\" content=\"1000\" \/>\n\t<meta property=\"og:image:height\" content=\"1000\" \/>\n\t<meta property=\"og:image:type\" content=\"image\/jpeg\" \/>\n<meta name=\"twitter:card\" content=\"summary_large_image\" \/>\n<meta name=\"twitter:label1\" content=\"Tahmini okuma s\u00fcresi\" \/>\n\t<meta name=\"twitter:data1\" content=\"2 dakika\" \/>\n<script type=\"application\/ld+json\" class=\"yoast-schema-graph\">{\"@context\":\"https:\/\/schema.org\",\"@graph\":[{\"@type\":\"WebPage\",\"@id\":\"https:\/\/swoer.com\/manufacturer\/two-tracks-small-vibratory-bowl-feeder-for-hardware\/\",\"url\":\"https:\/\/swoer.com\/manufacturer\/two-tracks-small-vibratory-bowl-feeder-for-hardware\/\",\"name\":\"Two Tracks Small Vibratory Bowl Feeder for Hardware - SWOER\",\"isPartOf\":{\"@id\":\"https:\/\/swoer.com\/#website\"},\"primaryImageOfPage\":{\"@id\":\"https:\/\/swoer.com\/manufacturer\/two-tracks-small-vibratory-bowl-feeder-for-hardware\/#primaryimage\"},\"image\":{\"@id\":\"https:\/\/swoer.com\/manufacturer\/two-tracks-small-vibratory-bowl-feeder-for-hardware\/#primaryimage\"},\"thumbnailUrl\":\"https:\/\/swoer.com\/wp-content\/uploads\/2024\/04\/two-tracks-small-vibratory-bowl-feeder-for-hardware-.jpg\",\"datePublished\":\"2024-04-03T06:07:37+00:00\",\"dateModified\":\"2024-08-01T06:30:00+00:00\",\"description\":\"Boost efficiency with our Two Tracks Small Vibratory Bowl Feeder for hardware. Custom solutions, CE\/UL certified. Contact SWOER for your needs!\",\"breadcrumb\":{\"@id\":\"https:\/\/swoer.com\/manufacturer\/two-tracks-small-vibratory-bowl-feeder-for-hardware\/#breadcrumb\"},\"inLanguage\":\"tr\",\"potentialAction\":[{\"@type\":\"ReadAction\",\"target\":[\"https:\/\/swoer.com\/manufacturer\/two-tracks-small-vibratory-bowl-feeder-for-hardware\/\"]}]},{\"@type\":\"ImageObject\",\"inLanguage\":\"tr\",\"@id\":\"https:\/\/swoer.com\/manufacturer\/two-tracks-small-vibratory-bowl-feeder-for-hardware\/#primaryimage\",\"url\":\"https:\/\/swoer.com\/wp-content\/uploads\/2024\/04\/two-tracks-small-vibratory-bowl-feeder-for-hardware-.jpg\",\"contentUrl\":\"https:\/\/swoer.com\/wp-content\/uploads\/2024\/04\/two-tracks-small-vibratory-bowl-feeder-for-hardware-.jpg\",\"width\":1000,\"height\":1000,\"caption\":\"two tracks small vibratory bowl feeder for hardware\"},{\"@type\":\"BreadcrumbList\",\"@id\":\"https:\/\/swoer.com\/manufacturer\/two-tracks-small-vibratory-bowl-feeder-for-hardware\/#breadcrumb\",\"itemListElement\":[{\"@type\":\"ListItem\",\"position\":1,\"name\":\"Home\",\"item\":\"https:\/\/swoer.com\/\"},{\"@type\":\"ListItem\",\"position\":2,\"name\":\"Shop\",\"item\":\"https:\/\/swoer.com\/shop\/\"},{\"@type\":\"ListItem\",\"position\":3,\"name\":\"Two Tracks Small Vibratory Bowl Feeder for Hardware\"}]},{\"@type\":\"WebSite\",\"@id\":\"https:\/\/swoer.com\/#website\",\"url\":\"https:\/\/swoer.com\/\",\"name\":\"SWOER\",\"description\":\"Swoer is the top 3 vibratory bowl feeder manufacturer in China\",\"potentialAction\":[{\"@type\":\"SearchAction\",\"target\":{\"@type\":\"EntryPoint\",\"urlTemplate\":\"https:\/\/swoer.com\/?s={search_term_string}\"},\"query-input\":\"required name=search_term_string\"}],\"inLanguage\":\"tr\"}]}<\/script>\n<!-- \/ Yoast SEO plugin. -->","yoast_head_json":{"title":"Two Tracks Small Vibratory Bowl Feeder for Hardware - SWOER","description":"Boost efficiency with our Two Tracks Small Vibratory Bowl Feeder for hardware. Custom solutions, CE\/UL certified. Contact SWOER for your needs!","robots":{"index":"index","follow":"follow","max-snippet":"max-snippet:-1","max-image-preview":"max-image-preview:large","max-video-preview":"max-video-preview:-1"},"canonical":"https:\/\/swoer.com\/tr\/manufacturer\/two-tracks-small-vibratory-bowl-feeder-for-hardware\/","og_locale":"tr_TR","og_type":"article","og_title":"Two Tracks Small Vibratory Bowl Feeder for Hardware - SWOER","og_description":"Boost efficiency with our Two Tracks Small Vibratory Bowl Feeder for hardware. Custom solutions, CE\/UL certified. Contact SWOER for your needs!","og_url":"https:\/\/swoer.com\/tr\/manufacturer\/two-tracks-small-vibratory-bowl-feeder-for-hardware\/","og_site_name":"SWOER","article_modified_time":"2024-08-01T06:30:00+00:00","og_image":[{"width":1000,"height":1000,"url":"https:\/\/swoer.com\/wp-content\/uploads\/2024\/04\/two-tracks-small-vibratory-bowl-feeder-for-hardware-.jpg","type":"image\/jpeg"}],"twitter_card":"summary_large_image","twitter_misc":{"Tahmini okuma s\u00fcresi":"2 dakika"},"schema":{"@context":"https:\/\/schema.org","@graph":[{"@type":"WebPage","@id":"https:\/\/swoer.com\/manufacturer\/two-tracks-small-vibratory-bowl-feeder-for-hardware\/","url":"https:\/\/swoer.com\/manufacturer\/two-tracks-small-vibratory-bowl-feeder-for-hardware\/","name":"Two Tracks Small Vibratory Bowl Feeder for Hardware - SWOER","isPartOf":{"@id":"https:\/\/swoer.com\/#website"},"primaryImageOfPage":{"@id":"https:\/\/swoer.com\/manufacturer\/two-tracks-small-vibratory-bowl-feeder-for-hardware\/#primaryimage"},"image":{"@id":"https:\/\/swoer.com\/manufacturer\/two-tracks-small-vibratory-bowl-feeder-for-hardware\/#primaryimage"},"thumbnailUrl":"https:\/\/swoer.com\/wp-content\/uploads\/2024\/04\/two-tracks-small-vibratory-bowl-feeder-for-hardware-.jpg","datePublished":"2024-04-03T06:07:37+00:00","dateModified":"2024-08-01T06:30:00+00:00","description":"Boost efficiency with our Two Tracks Small Vibratory Bowl Feeder for hardware. Custom solutions, CE\/UL certified. Contact SWOER for your needs!","breadcrumb":{"@id":"https:\/\/swoer.com\/manufacturer\/two-tracks-small-vibratory-bowl-feeder-for-hardware\/#breadcrumb"},"inLanguage":"tr","potentialAction":[{"@type":"ReadAction","target":["https:\/\/swoer.com\/manufacturer\/two-tracks-small-vibratory-bowl-feeder-for-hardware\/"]}]},{"@type":"ImageObject","inLanguage":"tr","@id":"https:\/\/swoer.com\/manufacturer\/two-tracks-small-vibratory-bowl-feeder-for-hardware\/#primaryimage","url":"https:\/\/swoer.com\/wp-content\/uploads\/2024\/04\/two-tracks-small-vibratory-bowl-feeder-for-hardware-.jpg","contentUrl":"https:\/\/swoer.com\/wp-content\/uploads\/2024\/04\/two-tracks-small-vibratory-bowl-feeder-for-hardware-.jpg","width":1000,"height":1000,"caption":"two tracks small vibratory bowl feeder for hardware"},{"@type":"BreadcrumbList","@id":"https:\/\/swoer.com\/manufacturer\/two-tracks-small-vibratory-bowl-feeder-for-hardware\/#breadcrumb","itemListElement":[{"@type":"ListItem","position":1,"name":"Home","item":"https:\/\/swoer.com\/"},{"@type":"ListItem","position":2,"name":"Shop","item":"https:\/\/swoer.com\/shop\/"},{"@type":"ListItem","position":3,"name":"Two Tracks Small Vibratory Bowl Feeder for Hardware"}]},{"@type":"WebSite","@id":"https:\/\/swoer.com\/#website","url":"https:\/\/swoer.com\/","name":"SWOER","description":"Swoer is the top 3 vibratory bowl feeder manufacturer in China","potentialAction":[{"@type":"SearchAction","target":{"@type":"EntryPoint","urlTemplate":"https:\/\/swoer.com\/?s={search_term_string}"},"query-input":"required name=search_term_string"}],"inLanguage":"tr"}]}},"_links":{"self":[{"href":"https:\/\/swoer.com\/tr\/wp-json\/wp\/v2\/product\/1855"}],"collection":[{"href":"https:\/\/swoer.com\/tr\/wp-json\/wp\/v2\/product"}],"about":[{"href":"https:\/\/swoer.com\/tr\/wp-json\/wp\/v2\/types\/product"}],"replies":[{"embeddable":true,"href":"https:\/\/swoer.com\/tr\/wp-json\/wp\/v2\/comments?post=1855"}],"wp:featuredmedia":[{"embeddable":true,"href":"https:\/\/swoer.com\/tr\/wp-json\/wp\/v2\/media\/1856"}],"wp:attachment":[{"href":"https:\/\/swoer.com\/tr\/wp-json\/wp\/v2\/media?parent=1855"}],"wp:term":[{"taxonomy":"product_cat","embeddable":true,"href":"https:\/\/swoer.com\/tr\/wp-json\/wp\/v2\/product_cat?post=1855"},{"taxonomy":"product_tag","embeddable":true,"href":"https:\/\/swoer.com\/tr\/wp-json\/wp\/v2\/product_tag?post=1855"}],"curies":[{"name":"wp","href":"https:\/\/api.w.org\/{rel}","templated":true}]}}