{"id":1839,"date":"2024-04-02T08:27:07","date_gmt":"2024-04-02T08:27:07","guid":{"rendered":"https:\/\/lightgrey-porpoise-816575.hostingersite.com\/?post_type=product&#038;p=1839"},"modified":"2024-07-31T09:05:56","modified_gmt":"2024-07-31T01:05:56","slug":"automatic-riveting-machine","status":"publish","type":"product","link":"https:\/\/swoer.com\/tr\/manufacturer\/automatic-riveting-machine\/","title":{"rendered":"Otomatik Per\u00e7inleme Makinas\u0131"},"content":{"rendered":"<p data-sourcepos=\"3:1-3:9\">SWOER Otomatik Per\u00e7inleme Makinesi, per\u00e7inleri otomatik olarak \u00e7ivi \u00e7ekme a\u011fz\u0131na aktaran geli\u015fmi\u015f bir sistemdir. Bu makineyi \u00c7in end\u00fcstrisindeki kritik bo\u015fluklar\u0131 doldurmak i\u00e7in tasarlad\u0131k ve \u00e7ok say\u0131da patent kazand\u0131. Bu makineyi kullanmak i\u015fletmenizi i\u015f\u00e7ilik maliyetlerinde 30%&#039;den fazla kurtarabilir.<\/p>\n<p data-sourcepos=\"5:1-5:135\">SWOER modeli di\u011fer Otomatik Per\u00e7inleme Makinalar\u0131ndan farkl\u0131 olarak farkl\u0131 bir \u015fekilde \u00e7al\u0131\u015fmaktad\u0131r. Geleneksel makineler per\u00e7in giri\u015fi i\u00e7in negatif bas\u0131nca ba\u011fl\u0131 olarak man\u00fcel per\u00e7in yerle\u015ftirme ve namlu a\u011fz\u0131 kontrol\u00fc gerektirirken, SWOER Otomatik Per\u00e7inleme Makinesi bunun aksine otomatik bir yakla\u015f\u0131m sa\u011flar. Makinemiz per\u00e7inleri otomatik per\u00e7in arac\u0131l\u0131\u011f\u0131yla do\u011frudan \u00e7ivi tabancas\u0131 namlusuna ta\u015f\u0131mak i\u00e7in bas\u0131n\u00e7l\u0131 hava kullan\u0131r. d\u00fczenleme ve ay\u0131rma. SWOER Otomatik Per\u00e7inleme Makinesini benimseyerek, emek yo\u011fun manuel \u00e7ivileme operasyonlar\u0131n\u0131 otomatik veya insans\u0131z s\u00fcre\u00e7lere d\u00f6n\u00fc\u015ft\u00fcrebilirsiniz; bu da \u00e7ivi end\u00fcstrisinde \u00f6nemli bir teknolojik ilerlemeye i\u015faret eder.<\/p>\n\t<div id=\"gap-1336858353\" class=\"gap-element clearfix\" style=\"display:block; height:auto;\">\n\t\t\n<style>\n#gap-1336858353 {\n  padding-top: 30px;\n}\n<\/style>\n\t<\/div>\n\t\n<h2><strong>\u015eartname:<\/strong><\/h2>\n\t<div id=\"text-1620942772\" class=\"text\">\n\t\t\n<table style=\"border-collapse: collapse; width: 432.77pt;\" border=\"0\" width=\"577\" cellspacing=\"0\" cellpadding=\"0\">\n<tbody>\n<tr style=\"height: 15.00pt;\">\n<td class=\"et2\" style=\"height: 15.00pt; width: 206.25pt;\" width=\"275\" height=\"20\">\u00d6\u011fe<\/td>\n<td class=\"et2\" style=\"width: 226.50pt;\" width=\"302\">De\u011fer<\/td>\n<\/tr>\n<tr style=\"height: 15.00pt;\">\n<td class=\"et2\" style=\"height: 15.00pt; width: 206.25pt;\" width=\"275\" height=\"20\">Model numaras\u0131<\/td>\n<td class=\"et2\" style=\"width: 226.50pt;\" width=\"302\">SW-1000A<\/td>\n<\/tr>\n<tr style=\"height: 15.00pt;\">\n<td class=\"et2\" style=\"height: 15.00pt; width: 206.25pt;\" width=\"275\" height=\"20\">Garanti<\/td>\n<td class=\"et2\" style=\"width: 226.50pt;\" width=\"302\">1 y\u0131l<\/td>\n<\/tr>\n<tr style=\"height: 15.00pt;\">\n<td class=\"et2\" style=\"height: 15.00pt; width: 206.25pt;\" width=\"275\" height=\"20\">Y\u00fcks\u00fcz H\u0131z<\/td>\n<td class=\"et3\" style=\"width: 226.50pt;\" width=\"302\">0<\/td>\n<\/tr>\n<tr style=\"height: 15.00pt;\">\n<td class=\"et2\" style=\"height: 15.00pt; width: 206.25pt;\" width=\"275\" height=\"20\">\u00d6zelle\u015ftirilmi\u015f destek<\/td>\n<td class=\"et2\" style=\"width: 226.50pt;\" width=\"302\">OEM<\/td>\n<\/tr>\n<tr style=\"height: 15.00pt;\">\n<td class=\"et2\" style=\"height: 15.00pt; width: 206.25pt;\" width=\"275\" height=\"20\">Anavatan<\/td>\n<td class=\"et2\" style=\"width: 226.50pt;\" width=\"302\">\u00c7in<\/td>\n<\/tr>\n<tr style=\"height: 15.00pt;\">\n<td class=\"et2\" style=\"height: 15.00pt; width: 206.25pt;\" width=\"275\" height=\"20\">\u0130sim<\/td>\n<td class=\"et2\" style=\"width: 226.50pt;\" width=\"302\">Otomatik Per\u00e7inleme Makinas\u0131<\/td>\n<\/tr>\n<tr style=\"height: 15.00pt;\">\n<td class=\"et2\" style=\"height: 15.00pt; width: 206.25pt;\" width=\"275\" height=\"20\">Renk<\/td>\n<td class=\"et2\" style=\"width: 226.50pt;\" width=\"302\">Solgun<\/td>\n<\/tr>\n<tr style=\"height: 15.00pt;\">\n<td class=\"et2\" style=\"height: 15.00pt; width: 206.25pt;\" width=\"275\" height=\"20\">A\u011f\u0131rl\u0131k<\/td>\n<td class=\"et2\" style=\"width: 226.50pt;\" width=\"302\">50kg<\/td>\n<\/tr>\n<tr style=\"height: 15.00pt;\">\n<td class=\"et2\" style=\"height: 15.00pt; width: 206.25pt;\" width=\"275\" height=\"20\">T\u0131rnak Besleme H\u0131z\u0131<\/td>\n<td class=\"et2\" style=\"width: 226.50pt;\" width=\"302\">60~120 Adet\/dak<\/td>\n<\/tr>\n<tr style=\"height: 15.00pt;\">\n<td class=\"et2\" style=\"height: 15.00pt; width: 206.25pt;\" width=\"275\" height=\"20\">Bas\u0131n\u00e7<\/td>\n<td class=\"et2\" style=\"width: 226.50pt;\" width=\"302\">5.5~6.5bar<\/td>\n<\/tr>\n<tr style=\"height: 15.00pt;\">\n<td class=\"et2\" style=\"height: 15.00pt; width: 206.25pt;\" width=\"275\" height=\"20\">\u015easi Boyutu<\/td>\n<td class=\"et2\" style=\"width: 226.50pt;\" width=\"302\">530*360*380mm<\/td>\n<\/tr>\n<\/tbody>\n<\/table>\n\t\t\n<style>\n#text-1620942772 {\n  font-size: 1.15rem;\n  line-height: 3;\n}\n<\/style>\n\t<\/div>\n\t\n\t<div id=\"gap-1101334761\" class=\"gap-element clearfix\" style=\"display:block; height:auto;\">\n\t\t\n<style>\n#gap-1101334761 {\n  padding-top: 30px;\n}\n<\/style>\n\t<\/div>\n\t\n<h3><strong>SWOER Otomatik Per\u00e7inleme Makinesi iki ana bile\u015fenden olu\u015fur: ana motor ve \u00e7ivi tabancas\u0131 bile\u015fenleri.<\/strong><\/h3>\n<ol>\n<li>Ana motor, makine hareket sistemi, makine kontrol sistemi ve alg\u0131lama sisteminden olu\u015fur. Makine hareket sisteminin rol\u00fc per\u00e7inleri d\u00fczenli bir \u015fekilde ay\u0131rmak ve bunlar\u0131 tabanca noz\u00fcl\u00fcne belirli bir y\u00f6nde ta\u015f\u0131makt\u0131r. Bu arada makine kontrol sistemi, \u00f6nceden belirlenmi\u015f talimatlara g\u00f6re \u00e7e\u015fitli par\u00e7alar\u0131n hareketlerini y\u00f6netir. Ayn\u0131 zamanda alg\u0131lama sistemi, programlanan parametrelere g\u00f6re makinenin stabil \u00e7al\u0131\u015fmas\u0131n\u0131 sa\u011flar.<\/li>\n<\/ol>\n<p>2. \u00c7ivi tabancas\u0131 bile\u015feni \u00e7ivi tabancas\u0131n\u0131, per\u00e7in alma mekanizmas\u0131n\u0131 ve sinyal toplama ve \u00e7\u0131k\u0131\u015f mekanizmas\u0131n\u0131 i\u00e7erir. Ayr\u0131ca piyasada bulunan standart bir otomatik \u00e7ivi tabancas\u0131 olan \u00e7ivi tabancas\u0131, ister manuel ister otomatik olsun, \u00e7ivileme i\u015flemlerinin birincil arac\u0131 olarak hizmet eder. Per\u00e7in alma mekanizmas\u0131, ana motor taraf\u0131ndan boru hatt\u0131 boyunca ta\u015f\u0131nan per\u00e7inleri yakalar ve per\u00e7in a\u011fz\u0131 bile\u015fenine y\u00fckler; bu, otomatik per\u00e7inleme makinesinin temel teknolojisini temsil eder. Son olarak sinyal toplama ve \u00e7\u0131k\u0131\u015f mekanizmas\u0131, ad\u0131ndan da anla\u015f\u0131laca\u011f\u0131 gibi, makinenin \u00e7al\u0131\u015fmas\u0131n\u0131 ba\u015flatmak ve g\u00f6revleri tamamlamak i\u00e7in sinyalleri toplar ve \u00e7\u0131kar\u0131r.<\/p>\n<h3><strong>Otomatik Per\u00e7inleme Makinesi i\u00e7in Temizlik ve Bak\u0131m Y\u00f6nergeleri:<\/strong><\/h3>\n<p><strong>1.<\/strong> Temizli\u011fini korumak i\u00e7in t\u0131rnak kutusunu d\u00fczenli olarak temizleyin, i\u00e7inde biriken kal\u0131nt\u0131lar\u0131 d\u0131\u015far\u0131 \u00fcflemek i\u00e7in y\u00fcksek bas\u0131n\u00e7l\u0131 gaz kullan\u0131n.<\/p>\n<p><strong>2.<\/strong> Per\u00e7inleme makinenizin d\u00fczg\u00fcn \u00e7al\u0131\u015fmas\u0131n\u0131 sa\u011flamak i\u00e7in paletlerini d\u00fczenli olarak temizleyin.<\/p>\n<p><strong>3.<\/strong> \u0130\u015flevselli\u011fini korumak i\u00e7in \u00e7ivi da\u011f\u0131t\u0131m sistemini periyodik olarak temizleyin ve optimum performans i\u00e7in hareketli par\u00e7alar\u0131 ya\u011flamak \u00fczere gres uygulamay\u0131 d\u00fc\u015f\u00fcn\u00fcn.<\/p>\n<p><strong>4.<\/strong> D\u00fczenli temizlik rutinleriyle makine kasas\u0131n\u0131n d\u0131\u015f y\u00fczeyinin temizli\u011fini koruyun.<\/p>\n<p><strong>5.<\/strong> \u00c7ivi tabancas\u0131n\u0131n namlusunu i\u015f par\u00e7alar\u0131na veya di\u011fer nesnelere \u00e7arpmak i\u00e7in kullanmaktan ka\u00e7\u0131n\u0131n. Ayr\u0131ca kazalar\u0131 \u00f6nlemek i\u00e7in makineyi kullanmad\u0131\u011f\u0131n\u0131z zamanlarda kapatmay\u0131 unutmay\u0131n.<\/p>","protected":false},"excerpt":{"rendered":"<p>\u00c7in&#039;de SWOER \u00d6zel Otomatik Per\u00e7inleme Makinesi \u00dcreticisi ve Tedarik\u00e7isi.<\/p>\n<p>-MOQ:1 adet<\/p>\n<p>-OEM\/ODM hizmeti sunuldu<\/p>\n<p>-\u00d6zelle\u015ftirmeyi kabul et<\/p>\n<p>Otomatik Per\u00e7inleme Ekipmanlar\u0131 fiyatlar\u0131 almak istiyorsan\u0131z l\u00fctfen bizimle ileti\u015fime ge\u00e7in.<\/p>","protected":false},"featured_media":1840,"comment_status":"open","ping_status":"closed","template":"","meta":[],"product_cat":[42],"product_tag":[],"yoast_head":"<!-- This site is optimized with the Yoast SEO plugin v22.2 - https:\/\/yoast.com\/wordpress\/plugins\/seo\/ -->\n<title>Automatic Riveting Machine - SWOER<\/title>\n<meta name=\"description\" content=\"Experience advanced automation with SOWER&#039;s riveting machine. Automate rivet transfer, saving over 30% in labor and boosting efficiency.\" \/>\n<meta name=\"robots\" content=\"index, follow, max-snippet:-1, max-image-preview:large, max-video-preview:-1\" \/>\n<link rel=\"canonical\" href=\"https:\/\/swoer.com\/tr\/manufacturer\/automatic-riveting-machine\/\" \/>\n<meta property=\"og:locale\" content=\"tr_TR\" \/>\n<meta property=\"og:type\" content=\"article\" \/>\n<meta property=\"og:title\" content=\"Automatic Riveting Machine - SWOER\" \/>\n<meta property=\"og:description\" content=\"Experience advanced automation with SOWER&#039;s riveting machine. Automate rivet transfer, saving over 30% in labor and boosting efficiency.\" \/>\n<meta property=\"og:url\" content=\"https:\/\/swoer.com\/tr\/manufacturer\/automatic-riveting-machine\/\" \/>\n<meta property=\"og:site_name\" content=\"SWOER\" \/>\n<meta property=\"article:modified_time\" content=\"2024-07-31T01:05:56+00:00\" \/>\n<meta property=\"og:image\" content=\"https:\/\/swoer.com\/wp-content\/uploads\/2024\/04\/auto-rivet-tools.webp\" \/>\n\t<meta property=\"og:image:width\" content=\"1000\" \/>\n\t<meta property=\"og:image:height\" content=\"1000\" \/>\n\t<meta property=\"og:image:type\" content=\"image\/webp\" \/>\n<meta name=\"twitter:card\" content=\"summary_large_image\" \/>\n<meta name=\"twitter:label1\" content=\"Tahmini okuma s\u00fcresi\" \/>\n\t<meta name=\"twitter:data1\" content=\"3 dakika\" \/>\n<script type=\"application\/ld+json\" class=\"yoast-schema-graph\">{\"@context\":\"https:\/\/schema.org\",\"@graph\":[{\"@type\":\"WebPage\",\"@id\":\"https:\/\/swoer.com\/manufacturer\/automatic-riveting-machine\/\",\"url\":\"https:\/\/swoer.com\/manufacturer\/automatic-riveting-machine\/\",\"name\":\"Automatic Riveting Machine - SWOER\",\"isPartOf\":{\"@id\":\"https:\/\/swoer.com\/#website\"},\"primaryImageOfPage\":{\"@id\":\"https:\/\/swoer.com\/manufacturer\/automatic-riveting-machine\/#primaryimage\"},\"image\":{\"@id\":\"https:\/\/swoer.com\/manufacturer\/automatic-riveting-machine\/#primaryimage\"},\"thumbnailUrl\":\"https:\/\/swoer.com\/wp-content\/uploads\/2024\/04\/auto-rivet-tools.webp\",\"datePublished\":\"2024-04-02T08:27:07+00:00\",\"dateModified\":\"2024-07-31T01:05:56+00:00\",\"description\":\"Experience advanced automation with SOWER's riveting machine. Automate rivet transfer, saving over 30% in labor and boosting efficiency.\",\"breadcrumb\":{\"@id\":\"https:\/\/swoer.com\/manufacturer\/automatic-riveting-machine\/#breadcrumb\"},\"inLanguage\":\"tr\",\"potentialAction\":[{\"@type\":\"ReadAction\",\"target\":[\"https:\/\/swoer.com\/manufacturer\/automatic-riveting-machine\/\"]}]},{\"@type\":\"ImageObject\",\"inLanguage\":\"tr\",\"@id\":\"https:\/\/swoer.com\/manufacturer\/automatic-riveting-machine\/#primaryimage\",\"url\":\"https:\/\/swoer.com\/wp-content\/uploads\/2024\/04\/auto-rivet-tools.webp\",\"contentUrl\":\"https:\/\/swoer.com\/wp-content\/uploads\/2024\/04\/auto-rivet-tools.webp\",\"width\":1000,\"height\":1000,\"caption\":\"auto rivet tools\"},{\"@type\":\"BreadcrumbList\",\"@id\":\"https:\/\/swoer.com\/manufacturer\/automatic-riveting-machine\/#breadcrumb\",\"itemListElement\":[{\"@type\":\"ListItem\",\"position\":1,\"name\":\"Home\",\"item\":\"https:\/\/swoer.com\/\"},{\"@type\":\"ListItem\",\"position\":2,\"name\":\"Shop\",\"item\":\"https:\/\/swoer.com\/shop\/\"},{\"@type\":\"ListItem\",\"position\":3,\"name\":\"Automatic Riveting Machine\"}]},{\"@type\":\"WebSite\",\"@id\":\"https:\/\/swoer.com\/#website\",\"url\":\"https:\/\/swoer.com\/\",\"name\":\"SWOER\",\"description\":\"Swoer is the top 3 vibratory bowl feeder manufacturer in China\",\"potentialAction\":[{\"@type\":\"SearchAction\",\"target\":{\"@type\":\"EntryPoint\",\"urlTemplate\":\"https:\/\/swoer.com\/?s={search_term_string}\"},\"query-input\":\"required name=search_term_string\"}],\"inLanguage\":\"tr\"}]}<\/script>\n<!-- \/ Yoast SEO plugin. -->","yoast_head_json":{"title":"Automatic Riveting Machine - SWOER","description":"Experience advanced automation with SOWER's riveting machine. Automate rivet transfer, saving over 30% in labor and boosting efficiency.","robots":{"index":"index","follow":"follow","max-snippet":"max-snippet:-1","max-image-preview":"max-image-preview:large","max-video-preview":"max-video-preview:-1"},"canonical":"https:\/\/swoer.com\/tr\/manufacturer\/automatic-riveting-machine\/","og_locale":"tr_TR","og_type":"article","og_title":"Automatic Riveting Machine - SWOER","og_description":"Experience advanced automation with SOWER's riveting machine. Automate rivet transfer, saving over 30% in labor and boosting efficiency.","og_url":"https:\/\/swoer.com\/tr\/manufacturer\/automatic-riveting-machine\/","og_site_name":"SWOER","article_modified_time":"2024-07-31T01:05:56+00:00","og_image":[{"width":1000,"height":1000,"url":"https:\/\/swoer.com\/wp-content\/uploads\/2024\/04\/auto-rivet-tools.webp","type":"image\/webp"}],"twitter_card":"summary_large_image","twitter_misc":{"Tahmini okuma s\u00fcresi":"3 dakika"},"schema":{"@context":"https:\/\/schema.org","@graph":[{"@type":"WebPage","@id":"https:\/\/swoer.com\/manufacturer\/automatic-riveting-machine\/","url":"https:\/\/swoer.com\/manufacturer\/automatic-riveting-machine\/","name":"Automatic Riveting Machine - SWOER","isPartOf":{"@id":"https:\/\/swoer.com\/#website"},"primaryImageOfPage":{"@id":"https:\/\/swoer.com\/manufacturer\/automatic-riveting-machine\/#primaryimage"},"image":{"@id":"https:\/\/swoer.com\/manufacturer\/automatic-riveting-machine\/#primaryimage"},"thumbnailUrl":"https:\/\/swoer.com\/wp-content\/uploads\/2024\/04\/auto-rivet-tools.webp","datePublished":"2024-04-02T08:27:07+00:00","dateModified":"2024-07-31T01:05:56+00:00","description":"Experience advanced automation with SOWER's riveting machine. Automate rivet transfer, saving over 30% in labor and boosting efficiency.","breadcrumb":{"@id":"https:\/\/swoer.com\/manufacturer\/automatic-riveting-machine\/#breadcrumb"},"inLanguage":"tr","potentialAction":[{"@type":"ReadAction","target":["https:\/\/swoer.com\/manufacturer\/automatic-riveting-machine\/"]}]},{"@type":"ImageObject","inLanguage":"tr","@id":"https:\/\/swoer.com\/manufacturer\/automatic-riveting-machine\/#primaryimage","url":"https:\/\/swoer.com\/wp-content\/uploads\/2024\/04\/auto-rivet-tools.webp","contentUrl":"https:\/\/swoer.com\/wp-content\/uploads\/2024\/04\/auto-rivet-tools.webp","width":1000,"height":1000,"caption":"auto rivet tools"},{"@type":"BreadcrumbList","@id":"https:\/\/swoer.com\/manufacturer\/automatic-riveting-machine\/#breadcrumb","itemListElement":[{"@type":"ListItem","position":1,"name":"Home","item":"https:\/\/swoer.com\/"},{"@type":"ListItem","position":2,"name":"Shop","item":"https:\/\/swoer.com\/shop\/"},{"@type":"ListItem","position":3,"name":"Automatic Riveting Machine"}]},{"@type":"WebSite","@id":"https:\/\/swoer.com\/#website","url":"https:\/\/swoer.com\/","name":"SWOER","description":"Swoer is the top 3 vibratory bowl feeder manufacturer in China","potentialAction":[{"@type":"SearchAction","target":{"@type":"EntryPoint","urlTemplate":"https:\/\/swoer.com\/?s={search_term_string}"},"query-input":"required name=search_term_string"}],"inLanguage":"tr"}]}},"_links":{"self":[{"href":"https:\/\/swoer.com\/tr\/wp-json\/wp\/v2\/product\/1839"}],"collection":[{"href":"https:\/\/swoer.com\/tr\/wp-json\/wp\/v2\/product"}],"about":[{"href":"https:\/\/swoer.com\/tr\/wp-json\/wp\/v2\/types\/product"}],"replies":[{"embeddable":true,"href":"https:\/\/swoer.com\/tr\/wp-json\/wp\/v2\/comments?post=1839"}],"wp:featuredmedia":[{"embeddable":true,"href":"https:\/\/swoer.com\/tr\/wp-json\/wp\/v2\/media\/1840"}],"wp:attachment":[{"href":"https:\/\/swoer.com\/tr\/wp-json\/wp\/v2\/media?parent=1839"}],"wp:term":[{"taxonomy":"product_cat","embeddable":true,"href":"https:\/\/swoer.com\/tr\/wp-json\/wp\/v2\/product_cat?post=1839"},{"taxonomy":"product_tag","embeddable":true,"href":"https:\/\/swoer.com\/tr\/wp-json\/wp\/v2\/product_tag?post=1839"}],"curies":[{"name":"wp","href":"https:\/\/api.w.org\/{rel}","templated":true}]}}