{"id":1820,"date":"2024-04-02T03:12:36","date_gmt":"2024-04-02T03:12:36","guid":{"rendered":"https:\/\/lightgrey-porpoise-816575.hostingersite.com\/?post_type=product&#038;p=1820"},"modified":"2024-04-02T03:18:29","modified_gmt":"2024-04-02T03:18:29","slug":"plastic-connector-pneumatic-stepped-feeding-device","status":"publish","type":"product","link":"https:\/\/swoer.com\/tr\/manufacturer\/plastic-connector-pneumatic-stepped-feeding-device\/","title":{"rendered":"Plastik Konekt\u00f6r Pn\u00f6matik Kademeli Besleme Cihaz\u0131"},"content":{"rendered":"<p><strong>1.<\/strong> Plastik Konekt\u00f6r Pn\u00f6matik Kademeli Besleme Cihaz\u0131m\u0131zla montaj hatt\u0131n\u0131z\u0131n verimlili\u011fini art\u0131r\u0131n. Hassasiyet i\u00e7in tasarlanm\u0131\u015f olup, optimize edilmi\u015f \u00fcretim i\u015f ak\u0131\u015flar\u0131 i\u00e7in kusursuz malzeme kullan\u0131m\u0131 sa\u011flar<\/p>\n<p><strong>2.<\/strong> Plastik Konekt\u00f6r Pn\u00f6matik Kademeli Besleme Cihaz\u0131m\u0131zla \u00fcretim s\u00fcre\u00e7lerinizi kolayla\u015ft\u0131r\u0131n. G\u00fcvenilir ve verimli, tutarl\u0131 besleme sa\u011flayarak \u00fcretkenli\u011fi en \u00fcst d\u00fczeye \u00e7\u0131kar\u0131r.<\/p>\n\t<div id=\"gap-1782452810\" class=\"gap-element clearfix\" style=\"display:block; height:auto;\">\n\t\t\n<style>\n#gap-1782452810 {\n  padding-top: 30px;\n}\n<\/style>\n\t<\/div>\n\t\n<h2>Tan\u0131m:<\/h2>\n<table width=\"727\">\n<tbody>\n<tr>\n<td width=\"205\">\u00dcr\u00fcn ad\u0131<\/td>\n<td width=\"522\">Plastik Konekt\u00f6r Pn\u00f6matik Kademeli Besleme Cihaz\u0131\u00a0<\/td>\n<\/tr>\n<tr>\n<td>Malzeme<\/td>\n<td>AL7075 \/ SUS304<\/td>\n<\/tr>\n<tr>\n<td>Malzeme Uzmanl\u0131\u011f\u0131<\/td>\n<td>So\u011fuk i\u015flem d\u00f6vme ala\u015f\u0131m\u0131, Y\u00fcksek mukavemet, Y\u00fcksek sertlik<\/td>\n<\/tr>\n<tr>\n<td>Gerilim<\/td>\n<td>220V<\/td>\n<\/tr>\n<tr>\n<td>G\u00fc\u00e7<\/td>\n<td>65W \/150W \/180w \/ 220W \/ 350W<\/td>\n<\/tr>\n<tr>\n<td>Kimlik do\u011frulama<\/td>\n<td>CE,ROHS,ISO9001<\/td>\n<\/tr>\n<tr>\n<td>Garanti<\/td>\n<td>1 y\u0131l garanti<\/td>\n<\/tr>\n<tr>\n<td>Adedi<\/td>\n<td>1 tak\u0131m<\/td>\n<\/tr>\n<tr>\n<td>Kur\u015fun zaman\u0131<\/td>\n<td>28 g\u00fcn<\/td>\n<\/tr>\n<tr>\n<td>\u00d6deme ko\u015fulu<\/td>\n<td>T\/T 30% Sevkiyat \u00f6ncesi depozito ve bakiye<\/td>\n<\/tr>\n<tr>\n<td>Yerin Orjinali<\/td>\n<td>\u00c7in<\/td>\n<\/tr>\n<\/tbody>\n<\/table>\n\t<div id=\"gap-406080770\" class=\"gap-element clearfix\" style=\"display:block; height:auto;\">\n\t\t\n<style>\n#gap-406080770 {\n  padding-top: 30px;\n}\n<\/style>\n\t<\/div>\n\t\n<h2>SSS:<\/h2>\n<p><strong>1. Plastik Konekt\u00f6r Pn\u00f6matik Kademeli Besleme Cihaz\u0131 montaj hatt\u0131m\u0131n verimlili\u011fini nas\u0131l art\u0131racak?<\/strong><\/p>\n<p>Plastik Konekt\u00f6r Pn\u00f6matik Kademeli Besleme Cihaz\u0131m\u0131z, malzeme ta\u015f\u0131may\u0131 optimize edecek ve plastik konekt\u00f6rlerin kesintisiz ve verimli beslenmesini sa\u011flayacak \u015fekilde tasarlanm\u0131\u015ft\u0131r. Bu s\u00fcreci otomatikle\u015ftirerek manuel i\u015f\u00e7ili\u011fi azalt\u0131r ve \u00fcretimin aksama s\u00fcresini en aza indirir, sonu\u00e7ta genel montaj hatt\u0131 verimlili\u011fini art\u0131r\u0131r.<\/p>\n<p><strong>2. Bu besleme cihaz\u0131 farkl\u0131 boyut ve \u015fekillerdeki plastik konekt\u00f6rleri i\u015fleyebilir mi?<\/strong><\/p>\n<p>Kesinlikle. Cihaz\u0131m\u0131z \u00e7ok y\u00f6nl\u00fc ve ayarlanabilir olup \u00e7ok \u00e7e\u015fitli plastik konekt\u00f6r boyutlar\u0131 ve \u015fekillerine uyum sa\u011flama kapasitesine sahiptir. \u0130ster k\u00fc\u00e7\u00fck ister b\u00fcy\u00fck konnekt\u00f6rlerle \u00e7al\u0131\u015f\u0131yor olun, besleme cihaz\u0131m\u0131z tutarl\u0131 ve g\u00fcvenilir performans sunarak montaj hatt\u0131n\u0131za kusursuz entegrasyon sa\u011flar.<\/p>\n<p><strong>3. Bu besleme cihaz\u0131n\u0131 mevcut \u00fcretim kurulumuma kurmak ve entegre etmek ne kadar kolay?<\/strong><\/p>\n<p>Kurulum ve entegrasyon basit s\u00fcre\u00e7lerdir. Ekibimiz, Plastik Konekt\u00f6r Pn\u00f6matik Kademeli Besleme Cihaz\u0131n\u0131n sorunsuz kurulumunu ve mevcut \u00fcretim kurulumunuza entegrasyonunu sa\u011flamak i\u00e7in kapsaml\u0131 destek sa\u011flar. Operasyonlar\u0131n\u0131zda minimum d\u00fczeyde kesintiye \u00f6ncelik vererek, geli\u015fmi\u015f verimlilikten h\u0131zl\u0131 bir \u015fekilde faydalanman\u0131z\u0131 sa\u011fl\u0131yoruz.<\/p>\n<p><strong>4. Bu besleme cihaz\u0131 \u00fcr\u00fcn kalitesine ve tutarl\u0131l\u0131\u011f\u0131na nas\u0131l katk\u0131da bulunuyor?<\/strong><\/p>\n<p>Cihaz\u0131m\u0131z, plastik konekt\u00f6rlerin hassas ve kontroll\u00fc beslenmesini sa\u011flayarak montaj s\u00fcreci boyunca \u00fcr\u00fcn kalitesinin ve tutarl\u0131l\u0131\u011f\u0131n\u0131n korunmas\u0131na yard\u0131mc\u0131 olur. Pn\u00f6matik \u00e7al\u0131\u015fmas\u0131, do\u011fru yerle\u015ftirme ve hizalama sa\u011flar, hatalar\u0131 ve kusurlar\u0131 en aza indirir ve y\u00fcksek kaliteli \u00e7\u0131kt\u0131 sa\u011flar.<\/p>\n<p><strong>5. Bu besleme cihaz\u0131n\u0131n bak\u0131m\u0131 ve ar\u0131zalar\u0131n\u0131n giderilmesi konusunda ne t\u00fcr bir destek sunuyorsunuz?<\/strong><\/p>\n<p>Bak\u0131m ve sorun giderme ihtiya\u00e7lar\u0131 i\u00e7in s\u00fcrekli destek sa\u011fl\u0131yoruz. Ekibimiz, Plastik Konekt\u00f6r Pn\u00f6matik Kademeli Besleme Cihaz\u0131n\u0131n s\u00fcrekli g\u00fcvenilirli\u011fini ve performans\u0131n\u0131 sa\u011flamak i\u00e7in kapsaml\u0131 e\u011fitim, bak\u0131m programlar\u0131 ve teknik yard\u0131m sunmaktad\u0131r. Montaj hatt\u0131 operasyonlar\u0131n\u0131z\u0131n verimlili\u011fini ve etkinli\u011fini en \u00fcst d\u00fczeye \u00e7\u0131karman\u0131za yard\u0131mc\u0131 olmaya kararl\u0131y\u0131z.<\/p>","protected":false},"excerpt":{"rendered":"<p>Plastik Konekt\u00f6r Pn\u00f6matik Kademeli Besleme Cihaz\u0131m\u0131zla montaj hatt\u0131n\u0131z\u0131 optimize edin. Sorunsuz malzeme ta\u015f\u0131ma i\u00e7in hassas bir \u015fekilde tasarlanm\u0131\u015f olup, verimli ve g\u00fcvenilir besleme sa\u011flayarak \u00fcretim s\u00fcre\u00e7lerinizi geli\u015ftirir.<\/p>","protected":false},"featured_media":1821,"comment_status":"open","ping_status":"closed","template":"","meta":[],"product_cat":[39],"product_tag":[],"yoast_head":"<!-- This site is optimized with the Yoast SEO plugin v22.2 - https:\/\/yoast.com\/wordpress\/plugins\/seo\/ -->\n<title>Plastic Connector Pneumatic Stepped Feeding Device - SWOER<\/title>\n<meta name=\"robots\" content=\"index, follow, max-snippet:-1, max-image-preview:large, max-video-preview:-1\" \/>\n<link rel=\"canonical\" href=\"https:\/\/swoer.com\/tr\/manufacturer\/plastic-connector-pneumatic-stepped-feeding-device\/\" \/>\n<meta property=\"og:locale\" content=\"tr_TR\" \/>\n<meta property=\"og:type\" content=\"article\" \/>\n<meta property=\"og:title\" content=\"Plastic Connector Pneumatic Stepped Feeding Device - SWOER\" \/>\n<meta property=\"og:description\" content=\"Optimize your assembly line with our Plastic Connector Pneumatic Stepped Feeding Device. Precision-engineered for seamless material handling, it ensures efficient and reliable feeding, enhancing your production processes.\" \/>\n<meta property=\"og:url\" content=\"https:\/\/swoer.com\/tr\/manufacturer\/plastic-connector-pneumatic-stepped-feeding-device\/\" \/>\n<meta property=\"og:site_name\" content=\"SWOER\" \/>\n<meta property=\"article:modified_time\" content=\"2024-04-02T03:18:29+00:00\" \/>\n<meta property=\"og:image\" content=\"https:\/\/swoer.com\/wp-content\/uploads\/2024\/04\/Plastic-Connector-Pneumatic-Stepped-Feeding-Device-.jpg\" \/>\n\t<meta property=\"og:image:width\" content=\"1000\" \/>\n\t<meta property=\"og:image:height\" content=\"1000\" \/>\n\t<meta property=\"og:image:type\" content=\"image\/jpeg\" \/>\n<meta name=\"twitter:card\" content=\"summary_large_image\" \/>\n<meta name=\"twitter:label1\" content=\"Tahmini okuma s\u00fcresi\" \/>\n\t<meta name=\"twitter:data1\" content=\"1 dakika\" \/>\n<script type=\"application\/ld+json\" class=\"yoast-schema-graph\">{\"@context\":\"https:\/\/schema.org\",\"@graph\":[{\"@type\":\"WebPage\",\"@id\":\"https:\/\/swoer.com\/manufacturer\/plastic-connector-pneumatic-stepped-feeding-device\/\",\"url\":\"https:\/\/swoer.com\/manufacturer\/plastic-connector-pneumatic-stepped-feeding-device\/\",\"name\":\"Plastic Connector Pneumatic Stepped Feeding Device - SWOER\",\"isPartOf\":{\"@id\":\"https:\/\/swoer.com\/#website\"},\"primaryImageOfPage\":{\"@id\":\"https:\/\/swoer.com\/manufacturer\/plastic-connector-pneumatic-stepped-feeding-device\/#primaryimage\"},\"image\":{\"@id\":\"https:\/\/swoer.com\/manufacturer\/plastic-connector-pneumatic-stepped-feeding-device\/#primaryimage\"},\"thumbnailUrl\":\"https:\/\/swoer.com\/wp-content\/uploads\/2024\/04\/Plastic-Connector-Pneumatic-Stepped-Feeding-Device-.jpg\",\"datePublished\":\"2024-04-02T03:12:36+00:00\",\"dateModified\":\"2024-04-02T03:18:29+00:00\",\"breadcrumb\":{\"@id\":\"https:\/\/swoer.com\/manufacturer\/plastic-connector-pneumatic-stepped-feeding-device\/#breadcrumb\"},\"inLanguage\":\"tr\",\"potentialAction\":[{\"@type\":\"ReadAction\",\"target\":[\"https:\/\/swoer.com\/manufacturer\/plastic-connector-pneumatic-stepped-feeding-device\/\"]}]},{\"@type\":\"ImageObject\",\"inLanguage\":\"tr\",\"@id\":\"https:\/\/swoer.com\/manufacturer\/plastic-connector-pneumatic-stepped-feeding-device\/#primaryimage\",\"url\":\"https:\/\/swoer.com\/wp-content\/uploads\/2024\/04\/Plastic-Connector-Pneumatic-Stepped-Feeding-Device-.jpg\",\"contentUrl\":\"https:\/\/swoer.com\/wp-content\/uploads\/2024\/04\/Plastic-Connector-Pneumatic-Stepped-Feeding-Device-.jpg\",\"width\":1000,\"height\":1000,\"caption\":\"Plastic Connector Pneumatic Stepped Feeding Device\"},{\"@type\":\"BreadcrumbList\",\"@id\":\"https:\/\/swoer.com\/manufacturer\/plastic-connector-pneumatic-stepped-feeding-device\/#breadcrumb\",\"itemListElement\":[{\"@type\":\"ListItem\",\"position\":1,\"name\":\"Home\",\"item\":\"https:\/\/swoer.com\/\"},{\"@type\":\"ListItem\",\"position\":2,\"name\":\"Shop\",\"item\":\"https:\/\/swoer.com\/shop\/\"},{\"@type\":\"ListItem\",\"position\":3,\"name\":\"Plastic Connector Pneumatic Stepped Feeding Device\"}]},{\"@type\":\"WebSite\",\"@id\":\"https:\/\/swoer.com\/#website\",\"url\":\"https:\/\/swoer.com\/\",\"name\":\"SWOER\",\"description\":\"Swoer is the top 3 vibratory bowl feeder manufacturer in China\",\"potentialAction\":[{\"@type\":\"SearchAction\",\"target\":{\"@type\":\"EntryPoint\",\"urlTemplate\":\"https:\/\/swoer.com\/?s={search_term_string}\"},\"query-input\":\"required name=search_term_string\"}],\"inLanguage\":\"tr\"}]}<\/script>\n<!-- \/ Yoast SEO plugin. -->","yoast_head_json":{"title":"Plastic Connector Pneumatic Stepped Feeding Device - SWOER","robots":{"index":"index","follow":"follow","max-snippet":"max-snippet:-1","max-image-preview":"max-image-preview:large","max-video-preview":"max-video-preview:-1"},"canonical":"https:\/\/swoer.com\/tr\/manufacturer\/plastic-connector-pneumatic-stepped-feeding-device\/","og_locale":"tr_TR","og_type":"article","og_title":"Plastic Connector Pneumatic Stepped Feeding Device - SWOER","og_description":"Optimize your assembly line with our Plastic Connector Pneumatic Stepped Feeding Device. Precision-engineered for seamless material handling, it ensures efficient and reliable feeding, enhancing your production processes.","og_url":"https:\/\/swoer.com\/tr\/manufacturer\/plastic-connector-pneumatic-stepped-feeding-device\/","og_site_name":"SWOER","article_modified_time":"2024-04-02T03:18:29+00:00","og_image":[{"width":1000,"height":1000,"url":"https:\/\/swoer.com\/wp-content\/uploads\/2024\/04\/Plastic-Connector-Pneumatic-Stepped-Feeding-Device-.jpg","type":"image\/jpeg"}],"twitter_card":"summary_large_image","twitter_misc":{"Tahmini okuma s\u00fcresi":"1 dakika"},"schema":{"@context":"https:\/\/schema.org","@graph":[{"@type":"WebPage","@id":"https:\/\/swoer.com\/manufacturer\/plastic-connector-pneumatic-stepped-feeding-device\/","url":"https:\/\/swoer.com\/manufacturer\/plastic-connector-pneumatic-stepped-feeding-device\/","name":"Plastic Connector Pneumatic Stepped Feeding Device - SWOER","isPartOf":{"@id":"https:\/\/swoer.com\/#website"},"primaryImageOfPage":{"@id":"https:\/\/swoer.com\/manufacturer\/plastic-connector-pneumatic-stepped-feeding-device\/#primaryimage"},"image":{"@id":"https:\/\/swoer.com\/manufacturer\/plastic-connector-pneumatic-stepped-feeding-device\/#primaryimage"},"thumbnailUrl":"https:\/\/swoer.com\/wp-content\/uploads\/2024\/04\/Plastic-Connector-Pneumatic-Stepped-Feeding-Device-.jpg","datePublished":"2024-04-02T03:12:36+00:00","dateModified":"2024-04-02T03:18:29+00:00","breadcrumb":{"@id":"https:\/\/swoer.com\/manufacturer\/plastic-connector-pneumatic-stepped-feeding-device\/#breadcrumb"},"inLanguage":"tr","potentialAction":[{"@type":"ReadAction","target":["https:\/\/swoer.com\/manufacturer\/plastic-connector-pneumatic-stepped-feeding-device\/"]}]},{"@type":"ImageObject","inLanguage":"tr","@id":"https:\/\/swoer.com\/manufacturer\/plastic-connector-pneumatic-stepped-feeding-device\/#primaryimage","url":"https:\/\/swoer.com\/wp-content\/uploads\/2024\/04\/Plastic-Connector-Pneumatic-Stepped-Feeding-Device-.jpg","contentUrl":"https:\/\/swoer.com\/wp-content\/uploads\/2024\/04\/Plastic-Connector-Pneumatic-Stepped-Feeding-Device-.jpg","width":1000,"height":1000,"caption":"Plastic Connector Pneumatic Stepped Feeding Device"},{"@type":"BreadcrumbList","@id":"https:\/\/swoer.com\/manufacturer\/plastic-connector-pneumatic-stepped-feeding-device\/#breadcrumb","itemListElement":[{"@type":"ListItem","position":1,"name":"Home","item":"https:\/\/swoer.com\/"},{"@type":"ListItem","position":2,"name":"Shop","item":"https:\/\/swoer.com\/shop\/"},{"@type":"ListItem","position":3,"name":"Plastic Connector Pneumatic Stepped Feeding Device"}]},{"@type":"WebSite","@id":"https:\/\/swoer.com\/#website","url":"https:\/\/swoer.com\/","name":"SWOER","description":"Swoer is the top 3 vibratory bowl feeder manufacturer in China","potentialAction":[{"@type":"SearchAction","target":{"@type":"EntryPoint","urlTemplate":"https:\/\/swoer.com\/?s={search_term_string}"},"query-input":"required name=search_term_string"}],"inLanguage":"tr"}]}},"_links":{"self":[{"href":"https:\/\/swoer.com\/tr\/wp-json\/wp\/v2\/product\/1820"}],"collection":[{"href":"https:\/\/swoer.com\/tr\/wp-json\/wp\/v2\/product"}],"about":[{"href":"https:\/\/swoer.com\/tr\/wp-json\/wp\/v2\/types\/product"}],"replies":[{"embeddable":true,"href":"https:\/\/swoer.com\/tr\/wp-json\/wp\/v2\/comments?post=1820"}],"wp:featuredmedia":[{"embeddable":true,"href":"https:\/\/swoer.com\/tr\/wp-json\/wp\/v2\/media\/1821"}],"wp:attachment":[{"href":"https:\/\/swoer.com\/tr\/wp-json\/wp\/v2\/media?parent=1820"}],"wp:term":[{"taxonomy":"product_cat","embeddable":true,"href":"https:\/\/swoer.com\/tr\/wp-json\/wp\/v2\/product_cat?post=1820"},{"taxonomy":"product_tag","embeddable":true,"href":"https:\/\/swoer.com\/tr\/wp-json\/wp\/v2\/product_tag?post=1820"}],"curies":[{"name":"wp","href":"https:\/\/api.w.org\/{rel}","templated":true}]}}