{"id":1817,"date":"2024-04-02T03:02:08","date_gmt":"2024-04-02T03:02:08","guid":{"rendered":"https:\/\/lightgrey-porpoise-816575.hostingersite.com\/?post_type=product&#038;p=1817"},"modified":"2024-04-02T03:10:00","modified_gmt":"2024-04-02T03:10:00","slug":"screw-pneumatic-step-feeder-system","status":"publish","type":"product","link":"https:\/\/swoer.com\/tr\/manufacturer\/screw-pneumatic-step-feeder-system\/","title":{"rendered":"Vidal\u0131 Pn\u00f6matik Kademeli Besleyici Sistem"},"content":{"rendered":"<ol>\n<li>\n<p>Vidal\u0131 Pn\u00f6matik Kademeli Besleyici Sistemimizle verimlili\u011fi en \u00fcst d\u00fczeye \u00e7\u0131kar\u0131n. Hassasiyet i\u00e7in tasarlanm\u0131\u015f olup, kesintisiz \u00fcretim i\u015f ak\u0131\u015flar\u0131 i\u00e7in malzeme i\u015flemeyi kolayla\u015ft\u0131r\u0131r.<\/p>\n<\/li>\n<li>\n<p>Vidal\u0131 Pn\u00f6matik Kademeli Besleyici Sistemimizle malzemeleri zahmetsizce kullan\u0131n. G\u00fcvenilir ve verimli olup tutarl\u0131 besleme sa\u011flar ve \u00fcretim s\u00fcre\u00e7lerinizi optimize eder.<\/p>\n<\/li>\n<\/ol>\n\t<div id=\"gap-866927371\" class=\"gap-element clearfix\" style=\"display:block; height:auto;\">\n\t\t\n<style>\n#gap-866927371 {\n  padding-top: 30px;\n}\n<\/style>\n\t<\/div>\n\t\n<h2>Tan\u0131m:<\/h2>\n<table style=\"border-collapse: collapse; width: 545.27pt;\" border=\"0\" width=\"727\" cellspacing=\"0\" cellpadding=\"0\">\n<tbody>\n<tr style=\"height: 29.00pt;\">\n<td class=\"et2\" style=\"height: 29.00pt; width: 153.75pt;\" width=\"205\" height=\"38\">\u00dcr\u00fcn ad\u0131<\/td>\n<td class=\"et2\" style=\"width: 391.50pt;\" width=\"522\">Vidal\u0131 Pn\u00f6matik Kademeli Besleyici Sistem<\/td>\n<\/tr>\n<tr style=\"height: 29.00pt;\">\n<td class=\"et2\" style=\"height: 29.00pt;\" height=\"38\">Malzeme<\/td>\n<td class=\"et2\">AL7075 \/ SUS304<\/td>\n<\/tr>\n<tr style=\"height: 29.00pt;\">\n<td class=\"et2\" style=\"height: 29.00pt;\" height=\"38\">Malzeme Uzmanl\u0131\u011f\u0131<\/td>\n<td class=\"et2\">So\u011fuk i\u015flem d\u00f6vme ala\u015f\u0131m\u0131, Y\u00fcksek mukavemet, Y\u00fcksek sertlik<\/td>\n<\/tr>\n<tr style=\"height: 29.00pt;\">\n<td class=\"et2\" style=\"height: 29.00pt;\" height=\"38\">Gerilim<\/td>\n<td class=\"et2\">220V<\/td>\n<\/tr>\n<tr style=\"height: 29.00pt;\">\n<td class=\"et2\" style=\"height: 29.00pt;\" height=\"38\">G\u00fc\u00e7<\/td>\n<td class=\"et2\">65W \/150W \/180w \/ 220W \/ 350W<\/td>\n<\/tr>\n<tr style=\"height: 29.00pt;\">\n<td class=\"et2\" style=\"height: 29.00pt;\" height=\"38\">Kimlik do\u011frulama<\/td>\n<td class=\"et2\">CE,ROHS,ISO9001<\/td>\n<\/tr>\n<tr style=\"height: 29.00pt;\">\n<td class=\"et2\" style=\"height: 29.00pt;\" height=\"38\">Garanti<\/td>\n<td class=\"et2\">1 y\u0131l garanti<\/td>\n<\/tr>\n<tr style=\"height: 29.00pt;\">\n<td class=\"et2\" style=\"height: 29.00pt;\" height=\"38\">Adedi<\/td>\n<td class=\"et2\">1 tak\u0131m<\/td>\n<\/tr>\n<tr style=\"height: 29.00pt;\">\n<td class=\"et2\" style=\"height: 29.00pt;\" height=\"38\">Kur\u015fun zaman\u0131<\/td>\n<td class=\"et2\">28 g\u00fcn<\/td>\n<\/tr>\n<tr style=\"height: 29.00pt;\">\n<td class=\"et2\" style=\"height: 29.00pt;\" height=\"38\">\u00d6deme ko\u015fulu<\/td>\n<td class=\"et2\">T\/T 30% Sevkiyat \u00f6ncesi depozito ve bakiye<\/td>\n<\/tr>\n<tr style=\"height: 29.00pt;\">\n<td class=\"et2\" style=\"height: 29.00pt;\" height=\"38\">Yerin Orjinali<\/td>\n<td class=\"et2\">\u00c7in<\/td>\n<\/tr>\n<\/tbody>\n<\/table>\n\t<div id=\"gap-469323452\" class=\"gap-element clearfix\" style=\"display:block; height:auto;\">\n\t\t\n<style>\n#gap-469323452 {\n  padding-top: 30px;\n}\n<\/style>\n\t<\/div>\n\t\n<h2>SSS:<\/h2>\n<p><strong>1. Vidal\u0131 Pn\u00f6matik Kademeli Besleyici Sistemi \u00fcretim s\u00fcrecimi nas\u0131l iyile\u015ftirir?<\/strong><\/p>\n<p>Vidal\u0131 Pn\u00f6matik Kademeli Besleyici Sistemimiz hassas ve g\u00fcvenilir malzeme beslemesi sa\u011flar, ar\u0131za s\u00fcresini en aza indirir ve i\u015f ak\u0131\u015f\u0131 verimlili\u011fini optimize eder. Geli\u015fmi\u015f tasar\u0131m\u0131, malzeme ta\u015f\u0131may\u0131 kolayla\u015ft\u0131rarak daha sorunsuz \u00fcretim s\u00fcre\u00e7leri ve artan \u00fcretkenlik sa\u011flar.<\/p>\n<p><strong>2. Bu besleme sistemi farkl\u0131 t\u00fcrdeki malzemeleri etkili bir \u015fekilde i\u015fleyebilir mi?<\/strong><\/p>\n<p>Kesinlikle. Sistemimiz \u00e7ok y\u00f6nl\u00fcd\u00fcr ve ince tozlardan gran\u00fcllere ve k\u00fc\u00e7\u00fck bile\u015fenlere kadar \u00e7ok \u00e7e\u015fitli malzemeleri i\u015fleme kapasitesine sahiptir. \u0130ster ila\u00e7, g\u0131da \u00fcr\u00fcnleri, ister end\u00fcstriyel malzemelerle \u00e7al\u0131\u015f\u0131yor olun, besleme sistemimiz \u00e7e\u015fitli uygulamalarda tutarl\u0131 performans sunar.<\/p>\n<p><strong>3. Kurulum s\u00fcreci karma\u015f\u0131k m\u0131?<\/strong><\/p>\n<p>Hi\u00e7 de bile. Vidal\u0131 Pn\u00f6matik Kademeli Besleyici Sisteminin mevcut \u00fcretim hatt\u0131n\u0131za kolay kurulumunu ve entegrasyonunu sa\u011flamak i\u00e7in kapsaml\u0131 destek sa\u011fl\u0131yoruz. Ekibimiz s\u00fcre\u00e7 boyunca size rehberlik ederek operasyonlar\u0131n\u0131z\u0131n aksamas\u0131n\u0131 en aza indirir ve geli\u015fmi\u015f malzeme ta\u015f\u0131maya sorunsuz bir ge\u00e7i\u015f yapman\u0131z\u0131 sa\u011flar.<\/p>\n<p><strong>4. Bu besleme sistemi operasyonel verimlili\u011fe nas\u0131l katk\u0131 sa\u011fl\u0131yor?<\/strong><\/p>\n<p>Vidal\u0131 Pn\u00f6matik Kademeli Besleyici Sistemimiz, malzeme besleme g\u00f6revlerini otomatikle\u015ftirerek manuel eme\u011fi azalt\u0131r ve \u00fcretim s\u00fcre\u00e7lerini kolayla\u015ft\u0131r\u0131r. Hassas pn\u00f6matik \u00e7al\u0131\u015fmas\u0131, do\u011fru beslemeyi sa\u011flar, israf\u0131 en aza indirir ve geli\u015fmi\u015f operasyonel verimlilik i\u00e7in kaynak kullan\u0131m\u0131n\u0131 optimize eder.<\/p>\n<p><strong>5. Bak\u0131m ve sorun giderme konusunda ne t\u00fcr destek sunuyorsunuz?<\/strong><\/p>\n<p>M\u00fc\u015fteri memnuniyetini \u00f6n planda tutuyoruz ve bak\u0131m ve sorun giderme ihtiya\u00e7lar\u0131 i\u00e7in s\u00fcrekli destek sunuyoruz. Ekibimiz, Vidal\u0131 Pn\u00f6matik Kademeli Besleyici Sisteminizin s\u00fcrekli g\u00fcvenilirli\u011fini ve performans\u0131n\u0131 sa\u011flamak i\u00e7in kapsaml\u0131 e\u011fitim, bak\u0131m programlar\u0131 ve teknik yard\u0131m sa\u011flar.<\/p>","protected":false},"excerpt":{"rendered":"<p>Vidal\u0131 Pn\u00f6matik Kademeli Besleyici Sistemimizle \u00fcretim hatt\u0131n\u0131z\u0131n verimlili\u011fini art\u0131r\u0131n. Kesintisiz malzeme ta\u015f\u0131ma i\u00e7in hassas bir \u015fekilde tasarlanm\u0131\u015f olup, optimum i\u015f ak\u0131\u015f\u0131 i\u00e7in tutarl\u0131 ve g\u00fcvenilir besleme sa\u011flar.<\/p>","protected":false},"featured_media":1818,"comment_status":"open","ping_status":"closed","template":"","meta":[],"product_cat":[39],"product_tag":[],"yoast_head":"<!-- This site is optimized with the Yoast SEO plugin v22.2 - https:\/\/yoast.com\/wordpress\/plugins\/seo\/ -->\n<title>Screw Pneumatic Step Feeder System - SWOER<\/title>\n<meta name=\"robots\" content=\"index, follow, max-snippet:-1, max-image-preview:large, max-video-preview:-1\" \/>\n<link rel=\"canonical\" href=\"https:\/\/swoer.com\/tr\/manufacturer\/screw-pneumatic-step-feeder-system\/\" \/>\n<meta property=\"og:locale\" content=\"tr_TR\" \/>\n<meta property=\"og:type\" content=\"article\" \/>\n<meta property=\"og:title\" content=\"Screw Pneumatic Step Feeder System - SWOER\" \/>\n<meta property=\"og:description\" content=\"Enhance your production line efficiency with our Screw Pneumatic Step Feeder System. Precisely engineered for seamless material handling, it ensures consistent and reliable feeding for optimal workflow.\" \/>\n<meta property=\"og:url\" content=\"https:\/\/swoer.com\/tr\/manufacturer\/screw-pneumatic-step-feeder-system\/\" \/>\n<meta property=\"og:site_name\" content=\"SWOER\" \/>\n<meta property=\"article:modified_time\" content=\"2024-04-02T03:10:00+00:00\" \/>\n<meta property=\"og:image\" content=\"https:\/\/swoer.com\/wp-content\/uploads\/2024\/04\/Screw-Pneumatic-Step-Feeder-System.jpg\" \/>\n\t<meta property=\"og:image:width\" content=\"1000\" \/>\n\t<meta property=\"og:image:height\" content=\"1000\" \/>\n\t<meta property=\"og:image:type\" content=\"image\/jpeg\" \/>\n<meta name=\"twitter:card\" content=\"summary_large_image\" \/>\n<meta name=\"twitter:label1\" content=\"Tahmini okuma s\u00fcresi\" \/>\n\t<meta name=\"twitter:data1\" content=\"1 dakika\" \/>\n<script type=\"application\/ld+json\" class=\"yoast-schema-graph\">{\"@context\":\"https:\/\/schema.org\",\"@graph\":[{\"@type\":\"WebPage\",\"@id\":\"https:\/\/swoer.com\/manufacturer\/screw-pneumatic-step-feeder-system\/\",\"url\":\"https:\/\/swoer.com\/manufacturer\/screw-pneumatic-step-feeder-system\/\",\"name\":\"Screw Pneumatic Step Feeder System - SWOER\",\"isPartOf\":{\"@id\":\"https:\/\/swoer.com\/#website\"},\"primaryImageOfPage\":{\"@id\":\"https:\/\/swoer.com\/manufacturer\/screw-pneumatic-step-feeder-system\/#primaryimage\"},\"image\":{\"@id\":\"https:\/\/swoer.com\/manufacturer\/screw-pneumatic-step-feeder-system\/#primaryimage\"},\"thumbnailUrl\":\"https:\/\/swoer.com\/wp-content\/uploads\/2024\/04\/Screw-Pneumatic-Step-Feeder-System.jpg\",\"datePublished\":\"2024-04-02T03:02:08+00:00\",\"dateModified\":\"2024-04-02T03:10:00+00:00\",\"breadcrumb\":{\"@id\":\"https:\/\/swoer.com\/manufacturer\/screw-pneumatic-step-feeder-system\/#breadcrumb\"},\"inLanguage\":\"tr\",\"potentialAction\":[{\"@type\":\"ReadAction\",\"target\":[\"https:\/\/swoer.com\/manufacturer\/screw-pneumatic-step-feeder-system\/\"]}]},{\"@type\":\"ImageObject\",\"inLanguage\":\"tr\",\"@id\":\"https:\/\/swoer.com\/manufacturer\/screw-pneumatic-step-feeder-system\/#primaryimage\",\"url\":\"https:\/\/swoer.com\/wp-content\/uploads\/2024\/04\/Screw-Pneumatic-Step-Feeder-System.jpg\",\"contentUrl\":\"https:\/\/swoer.com\/wp-content\/uploads\/2024\/04\/Screw-Pneumatic-Step-Feeder-System.jpg\",\"width\":1000,\"height\":1000,\"caption\":\"Screw Pneumatic Step Feeder System\"},{\"@type\":\"BreadcrumbList\",\"@id\":\"https:\/\/swoer.com\/manufacturer\/screw-pneumatic-step-feeder-system\/#breadcrumb\",\"itemListElement\":[{\"@type\":\"ListItem\",\"position\":1,\"name\":\"Home\",\"item\":\"https:\/\/swoer.com\/\"},{\"@type\":\"ListItem\",\"position\":2,\"name\":\"Shop\",\"item\":\"https:\/\/swoer.com\/shop\/\"},{\"@type\":\"ListItem\",\"position\":3,\"name\":\"Screw Pneumatic Step Feeder System\"}]},{\"@type\":\"WebSite\",\"@id\":\"https:\/\/swoer.com\/#website\",\"url\":\"https:\/\/swoer.com\/\",\"name\":\"SWOER\",\"description\":\"Swoer is the top 3 vibratory bowl feeder manufacturer in China\",\"potentialAction\":[{\"@type\":\"SearchAction\",\"target\":{\"@type\":\"EntryPoint\",\"urlTemplate\":\"https:\/\/swoer.com\/?s={search_term_string}\"},\"query-input\":\"required name=search_term_string\"}],\"inLanguage\":\"tr\"}]}<\/script>\n<!-- \/ Yoast SEO plugin. -->","yoast_head_json":{"title":"Screw Pneumatic Step Feeder System - SWOER","robots":{"index":"index","follow":"follow","max-snippet":"max-snippet:-1","max-image-preview":"max-image-preview:large","max-video-preview":"max-video-preview:-1"},"canonical":"https:\/\/swoer.com\/tr\/manufacturer\/screw-pneumatic-step-feeder-system\/","og_locale":"tr_TR","og_type":"article","og_title":"Screw Pneumatic Step Feeder System - SWOER","og_description":"Enhance your production line efficiency with our Screw Pneumatic Step Feeder System. Precisely engineered for seamless material handling, it ensures consistent and reliable feeding for optimal workflow.","og_url":"https:\/\/swoer.com\/tr\/manufacturer\/screw-pneumatic-step-feeder-system\/","og_site_name":"SWOER","article_modified_time":"2024-04-02T03:10:00+00:00","og_image":[{"width":1000,"height":1000,"url":"https:\/\/swoer.com\/wp-content\/uploads\/2024\/04\/Screw-Pneumatic-Step-Feeder-System.jpg","type":"image\/jpeg"}],"twitter_card":"summary_large_image","twitter_misc":{"Tahmini okuma s\u00fcresi":"1 dakika"},"schema":{"@context":"https:\/\/schema.org","@graph":[{"@type":"WebPage","@id":"https:\/\/swoer.com\/manufacturer\/screw-pneumatic-step-feeder-system\/","url":"https:\/\/swoer.com\/manufacturer\/screw-pneumatic-step-feeder-system\/","name":"Screw Pneumatic Step Feeder System - SWOER","isPartOf":{"@id":"https:\/\/swoer.com\/#website"},"primaryImageOfPage":{"@id":"https:\/\/swoer.com\/manufacturer\/screw-pneumatic-step-feeder-system\/#primaryimage"},"image":{"@id":"https:\/\/swoer.com\/manufacturer\/screw-pneumatic-step-feeder-system\/#primaryimage"},"thumbnailUrl":"https:\/\/swoer.com\/wp-content\/uploads\/2024\/04\/Screw-Pneumatic-Step-Feeder-System.jpg","datePublished":"2024-04-02T03:02:08+00:00","dateModified":"2024-04-02T03:10:00+00:00","breadcrumb":{"@id":"https:\/\/swoer.com\/manufacturer\/screw-pneumatic-step-feeder-system\/#breadcrumb"},"inLanguage":"tr","potentialAction":[{"@type":"ReadAction","target":["https:\/\/swoer.com\/manufacturer\/screw-pneumatic-step-feeder-system\/"]}]},{"@type":"ImageObject","inLanguage":"tr","@id":"https:\/\/swoer.com\/manufacturer\/screw-pneumatic-step-feeder-system\/#primaryimage","url":"https:\/\/swoer.com\/wp-content\/uploads\/2024\/04\/Screw-Pneumatic-Step-Feeder-System.jpg","contentUrl":"https:\/\/swoer.com\/wp-content\/uploads\/2024\/04\/Screw-Pneumatic-Step-Feeder-System.jpg","width":1000,"height":1000,"caption":"Screw Pneumatic Step Feeder System"},{"@type":"BreadcrumbList","@id":"https:\/\/swoer.com\/manufacturer\/screw-pneumatic-step-feeder-system\/#breadcrumb","itemListElement":[{"@type":"ListItem","position":1,"name":"Home","item":"https:\/\/swoer.com\/"},{"@type":"ListItem","position":2,"name":"Shop","item":"https:\/\/swoer.com\/shop\/"},{"@type":"ListItem","position":3,"name":"Screw Pneumatic Step Feeder System"}]},{"@type":"WebSite","@id":"https:\/\/swoer.com\/#website","url":"https:\/\/swoer.com\/","name":"SWOER","description":"Swoer is the top 3 vibratory bowl feeder manufacturer in China","potentialAction":[{"@type":"SearchAction","target":{"@type":"EntryPoint","urlTemplate":"https:\/\/swoer.com\/?s={search_term_string}"},"query-input":"required name=search_term_string"}],"inLanguage":"tr"}]}},"_links":{"self":[{"href":"https:\/\/swoer.com\/tr\/wp-json\/wp\/v2\/product\/1817"}],"collection":[{"href":"https:\/\/swoer.com\/tr\/wp-json\/wp\/v2\/product"}],"about":[{"href":"https:\/\/swoer.com\/tr\/wp-json\/wp\/v2\/types\/product"}],"replies":[{"embeddable":true,"href":"https:\/\/swoer.com\/tr\/wp-json\/wp\/v2\/comments?post=1817"}],"wp:featuredmedia":[{"embeddable":true,"href":"https:\/\/swoer.com\/tr\/wp-json\/wp\/v2\/media\/1818"}],"wp:attachment":[{"href":"https:\/\/swoer.com\/tr\/wp-json\/wp\/v2\/media?parent=1817"}],"wp:term":[{"taxonomy":"product_cat","embeddable":true,"href":"https:\/\/swoer.com\/tr\/wp-json\/wp\/v2\/product_cat?post=1817"},{"taxonomy":"product_tag","embeddable":true,"href":"https:\/\/swoer.com\/tr\/wp-json\/wp\/v2\/product_tag?post=1817"}],"curies":[{"name":"wp","href":"https:\/\/api.w.org\/{rel}","templated":true}]}}