{"id":1815,"date":"2024-04-02T02:41:23","date_gmt":"2024-04-02T02:41:23","guid":{"rendered":"https:\/\/lightgrey-porpoise-816575.hostingersite.com\/?post_type=product&#038;p=1815"},"modified":"2024-04-02T02:57:02","modified_gmt":"2024-04-02T02:57:02","slug":"electromagnetic-vibrating-magnetic-feeder","status":"publish","type":"product","link":"https:\/\/swoer.com\/tr\/manufacturer\/electromagnetic-vibrating-magnetic-feeder\/","title":{"rendered":"Elektromanyetik Titre\u015fimli Manyetik Besleyici"},"content":{"rendered":"<p>Elektromanyetik Titre\u015fimli Manyetik Besleyicimizle hassas malzeme ta\u015f\u0131ma deneyimini ya\u015fay\u0131n. G\u00fcvenilirlik i\u00e7in tasarlanm\u0131\u015f olup, kesintisiz \u00fcretim s\u00fcre\u00e7leri i\u00e7in kontroll\u00fc malzeme ak\u0131\u015f\u0131 sa\u011flar.<\/p>\n<p>Elektromanyetik Titre\u015fimli Manyetik Besleyicimizle verimlili\u011fi art\u0131r\u0131n. Kusursuz \u00e7al\u0131\u015fma i\u00e7in tasarlanan bu \u00fcr\u00fcn, \u00e7e\u015fitli end\u00fcstriyel uygulamalarda malzeme kullan\u0131m\u0131n\u0131 optimize eder.<\/p>\n\t<div id=\"gap-804144678\" class=\"gap-element clearfix\" style=\"display:block; height:auto;\">\n\t\t\n<style>\n#gap-804144678 {\n  padding-top: 30px;\n}\n<\/style>\n\t<\/div>\n\t\n<h2>Tan\u0131m:<\/h2>\n<table style=\"border-collapse: collapse; width: 585.77pt;\" border=\"0\" width=\"781\" cellspacing=\"0\" cellpadding=\"0\">\n<tbody>\n<tr style=\"height: 32.00pt;\">\n<td class=\"et3\" style=\"height: 32.00pt; width: 145.50pt;\" width=\"194\" height=\"42\">\u00dcr\u00fcn ad\u0131<\/td>\n<td class=\"et4\" style=\"width: 440.25pt;\" width=\"587\">Elektromanyetik Titre\u015fimli Manyetik Besleyici<\/td>\n<\/tr>\n<tr style=\"height: 32.00pt;\">\n<td class=\"et3\" style=\"height: 32.00pt;\" height=\"42\">Marka ad\u0131<\/td>\n<td class=\"et4\">Y\u00dcKSEK<\/td>\n<\/tr>\n<tr style=\"height: 32.00pt;\">\n<td class=\"et3\" style=\"height: 32.00pt;\" height=\"42\">Boyut(U*G*Y)<\/td>\n<td class=\"et4\">\u00d6zel yap\u0131lm\u0131\u015f<\/td>\n<\/tr>\n<tr style=\"height: 32.00pt;\">\n<td class=\"et3\" style=\"height: 32.00pt;\" height=\"42\">A\u011f\u0131rl\u0131k<\/td>\n<td class=\"et4\">\u00d6zel yap\u0131lm\u0131\u015f<\/td>\n<\/tr>\n<tr style=\"height: 32.00pt;\">\n<td class=\"et3\" style=\"height: 32.00pt;\" height=\"42\">Renk<\/td>\n<td class=\"et4\">M\u00fc\u015fteri gereksinimleri<\/td>\n<\/tr>\n<tr style=\"height: 32.00pt;\">\n<td class=\"et3\" style=\"height: 32.00pt;\" height=\"42\">Kapasite(ton\/saat)<\/td>\n<td class=\"et4\">0,1-6 ton\/saat<\/td>\n<\/tr>\n<tr style=\"height: 32.00pt;\">\n<td class=\"et3\" style=\"height: 32.00pt;\" height=\"42\">Gerilim<\/td>\n<td class=\"et4\">85-260V<\/td>\n<\/tr>\n<tr style=\"height: 32.00pt;\">\n<td class=\"et3\" style=\"height: 32.00pt;\" height=\"42\">S\u0131kl\u0131k<\/td>\n<td class=\"et4\">40-400Hz<\/td>\n<\/tr>\n<tr style=\"height: 32.00pt;\">\n<td class=\"et3\" style=\"height: 32.00pt;\" height=\"42\">Garanti<\/td>\n<td class=\"et4\">1 y\u0131l<\/td>\n<\/tr>\n<tr style=\"height: 32.00pt;\">\n<td class=\"et3\" style=\"height: 32.00pt;\" height=\"42\">Adedi<\/td>\n<td class=\"et4\">1 tak\u0131m<\/td>\n<\/tr>\n<tr style=\"height: 32.00pt;\">\n<td class=\"et3\" style=\"height: 32.00pt;\" height=\"42\">Kur\u015fun zaman\u0131<\/td>\n<td class=\"et4\">7-10 g\u00fcn<\/td>\n<\/tr>\n<tr style=\"height: 32.00pt;\">\n<td class=\"et3\" style=\"height: 32.00pt;\" height=\"42\">7-10 g\u00fcn<\/td>\n<td class=\"et4\">Kontrplak kutu<\/td>\n<\/tr>\n<tr style=\"height: 32.00pt;\">\n<td class=\"et3\" style=\"height: 32.00pt;\" height=\"42\">\u00d6deme ko\u015fulu<\/td>\n<td class=\"et4\">T\/T 40% Sevkiyat \u00f6ncesi depozito ve bakiye<\/td>\n<\/tr>\n<tr style=\"height: 32.00pt;\">\n<td class=\"et3\" style=\"height: 32.00pt;\" height=\"42\">Anavatan<\/td>\n<td class=\"et4\">Guangdong, \u00c7in<\/td>\n<\/tr>\n<\/tbody>\n<\/table>\n\t<div id=\"gap-1290746912\" class=\"gap-element clearfix\" style=\"display:block; height:auto;\">\n\t\t\n<style>\n#gap-1290746912 {\n  padding-top: 30px;\n}\n<\/style>\n\t<\/div>\n\t\n<h2>SSS:<\/h2>\n<p><strong>1. Elektromanyetik Titre\u015fimli Manyetik Besleyici malzeme ta\u015f\u0131may\u0131 nas\u0131l iyile\u015ftirir?<\/strong><\/p>\n<p>Elektromanyetik Titre\u015fimli Manyetik Besleyicimiz d\u00fczg\u00fcn ve hassas malzeme beslemesi sa\u011flayarak t\u0131kanma ve t\u0131kan\u0131kl\u0131k riskini azalt\u0131r. Kontroll\u00fc titre\u015fimleri tutarl\u0131 ak\u0131\u015f sa\u011flayarak malzeme ta\u015f\u0131ma s\u00fcre\u00e7lerinde genel verimlili\u011fi art\u0131r\u0131r.<\/p>\n<p><strong>2. Bu besleyici farkl\u0131 t\u00fcrdeki malzemeleri bar\u0131nd\u0131rabilir mi?<\/strong><\/p>\n<p>Evet, besleyicimiz \u00e7ok y\u00f6nl\u00fcd\u00fcr ve ince tozlardan kaba gran\u00fcllere kadar \u00e7ok \u00e7e\u015fitli malzemeleri i\u015fleme kapasitesine sahiptir. \u0130ster mineralleri, kimyasallar\u0131, ister g\u0131da \u00fcr\u00fcnlerini i\u015fliyor olun, besleyicimiz \u00e7e\u015fitli end\u00fcstrilerde g\u00fcvenilir performans sunar.<\/p>\n<p><strong>3. Kurulum s\u00fcreci karma\u015f\u0131k m\u0131?<\/strong><\/p>\n<p>Hi\u00e7 de bile. Elektromanyetik Titre\u015fimli Manyetik Besleyicimiz, kolay kurulum ve mevcut \u00fcretim hatt\u0131n\u0131za entegrasyon i\u00e7in tasarlanm\u0131\u015ft\u0131r. Ekibimiz sorunsuz bir kurulum s\u00fcreci sa\u011flamak, aksama s\u00fcresini ve operasyonlar\u0131n\u0131z\u0131n aksamas\u0131n\u0131 en aza indirmek i\u00e7in kapsaml\u0131 destek sa\u011flar.<\/p>\n<p><strong>4. Bu besleyici \u00fcretim verimlili\u011fine nas\u0131l katk\u0131da bulunuyor?<\/strong><\/p>\n<p>Besleyicimiz, hassas ve kontroll\u00fc malzeme beslemesini sa\u011flayarak israf\u0131 en aza indirir ve genel \u00fcretim verimlili\u011fini art\u0131r\u0131r. Elektromanyetik teknolojisi, \u00f6zelle\u015ftirilebilir besleme h\u0131zlar\u0131na olanak tan\u0131yarak verimi \u00f6zel \u00fcretim gereksinimlerinize g\u00f6re optimize etmenize olanak tan\u0131r.<\/p>\n<p><strong>5. Bu besleyici i\u00e7in ne t\u00fcr bir bak\u0131m gerekiyor?<\/strong><\/p>\n<p>Elektromanyetik Titre\u015fimli Manyetik Besleyicimiz az bak\u0131m gerektiren i\u015flemler i\u00e7in tasarlanm\u0131\u015ft\u0131r. Optimum performans\u0131n sa\u011flanmas\u0131 i\u00e7in d\u00fczenli incelemeler ve temizlik \u00f6nerilir. Ekibimiz, besleyicinizin \u00f6mr\u00fcn\u00fc en \u00fcst d\u00fczeye \u00e7\u0131karman\u0131za yard\u0131mc\u0131 olmak i\u00e7in en iyi bak\u0131m uygulamalar\u0131 konusunda rehberlik sa\u011flar.<\/p>","protected":false},"excerpt":{"rendered":"<p>Elektromanyetik Titre\u015fimli Manyetik Besleyicimiz ile malzeme ta\u015f\u0131ma verimlili\u011finizi art\u0131r\u0131n. Kesintisiz \u00e7al\u0131\u015fma i\u00e7in hassas bir \u015fekilde tasarlanm\u0131\u015f olup, tutarl\u0131 ve kontroll\u00fc malzeme ak\u0131\u015f\u0131 sa\u011flayarak \u00fcretim s\u00fcre\u00e7lerinizi zahmetsizce optimize eder.<\/p>","protected":false},"featured_media":1816,"comment_status":"open","ping_status":"closed","template":"","meta":[],"product_cat":[38],"product_tag":[],"yoast_head":"<!-- This site is optimized with the Yoast SEO plugin v22.2 - https:\/\/yoast.com\/wordpress\/plugins\/seo\/ -->\n<title>Electromagnetic Vibrating Magnetic Feeder - SWOER<\/title>\n<meta name=\"robots\" content=\"index, follow, max-snippet:-1, max-image-preview:large, max-video-preview:-1\" \/>\n<link rel=\"canonical\" href=\"https:\/\/swoer.com\/tr\/manufacturer\/electromagnetic-vibrating-magnetic-feeder\/\" \/>\n<meta property=\"og:locale\" content=\"tr_TR\" \/>\n<meta property=\"og:type\" content=\"article\" \/>\n<meta property=\"og:title\" content=\"Electromagnetic Vibrating Magnetic Feeder - SWOER\" \/>\n<meta property=\"og:description\" content=\"Elevate your material handling efficiency with our Electromagnetic Vibrating Magnetic Feeder. Precisely engineered for seamless operation, it ensures consistent and controlled material flow, optimizing your production processes effortlessly.\" \/>\n<meta property=\"og:url\" content=\"https:\/\/swoer.com\/tr\/manufacturer\/electromagnetic-vibrating-magnetic-feeder\/\" \/>\n<meta property=\"og:site_name\" content=\"SWOER\" \/>\n<meta property=\"article:modified_time\" content=\"2024-04-02T02:57:02+00:00\" \/>\n<meta property=\"og:image\" content=\"https:\/\/swoer.com\/wp-content\/uploads\/2024\/04\/Electromagnetic-Vibrating-Magnetic-Feeder.webp\" \/>\n\t<meta property=\"og:image:width\" content=\"1000\" \/>\n\t<meta property=\"og:image:height\" content=\"1000\" \/>\n\t<meta property=\"og:image:type\" content=\"image\/webp\" \/>\n<meta name=\"twitter:card\" content=\"summary_large_image\" \/>\n<script type=\"application\/ld+json\" class=\"yoast-schema-graph\">{\"@context\":\"https:\/\/schema.org\",\"@graph\":[{\"@type\":\"WebPage\",\"@id\":\"https:\/\/swoer.com\/manufacturer\/electromagnetic-vibrating-magnetic-feeder\/\",\"url\":\"https:\/\/swoer.com\/manufacturer\/electromagnetic-vibrating-magnetic-feeder\/\",\"name\":\"Electromagnetic Vibrating Magnetic Feeder - SWOER\",\"isPartOf\":{\"@id\":\"https:\/\/swoer.com\/#website\"},\"primaryImageOfPage\":{\"@id\":\"https:\/\/swoer.com\/manufacturer\/electromagnetic-vibrating-magnetic-feeder\/#primaryimage\"},\"image\":{\"@id\":\"https:\/\/swoer.com\/manufacturer\/electromagnetic-vibrating-magnetic-feeder\/#primaryimage\"},\"thumbnailUrl\":\"https:\/\/swoer.com\/wp-content\/uploads\/2024\/04\/Electromagnetic-Vibrating-Magnetic-Feeder.webp\",\"datePublished\":\"2024-04-02T02:41:23+00:00\",\"dateModified\":\"2024-04-02T02:57:02+00:00\",\"breadcrumb\":{\"@id\":\"https:\/\/swoer.com\/manufacturer\/electromagnetic-vibrating-magnetic-feeder\/#breadcrumb\"},\"inLanguage\":\"tr\",\"potentialAction\":[{\"@type\":\"ReadAction\",\"target\":[\"https:\/\/swoer.com\/manufacturer\/electromagnetic-vibrating-magnetic-feeder\/\"]}]},{\"@type\":\"ImageObject\",\"inLanguage\":\"tr\",\"@id\":\"https:\/\/swoer.com\/manufacturer\/electromagnetic-vibrating-magnetic-feeder\/#primaryimage\",\"url\":\"https:\/\/swoer.com\/wp-content\/uploads\/2024\/04\/Electromagnetic-Vibrating-Magnetic-Feeder.webp\",\"contentUrl\":\"https:\/\/swoer.com\/wp-content\/uploads\/2024\/04\/Electromagnetic-Vibrating-Magnetic-Feeder.webp\",\"width\":1000,\"height\":1000,\"caption\":\"Electromagnetic Vibrating Magnetic Feeder\"},{\"@type\":\"BreadcrumbList\",\"@id\":\"https:\/\/swoer.com\/manufacturer\/electromagnetic-vibrating-magnetic-feeder\/#breadcrumb\",\"itemListElement\":[{\"@type\":\"ListItem\",\"position\":1,\"name\":\"Home\",\"item\":\"https:\/\/swoer.com\/\"},{\"@type\":\"ListItem\",\"position\":2,\"name\":\"Shop\",\"item\":\"https:\/\/swoer.com\/shop\/\"},{\"@type\":\"ListItem\",\"position\":3,\"name\":\"Electromagnetic Vibrating Magnetic Feeder\"}]},{\"@type\":\"WebSite\",\"@id\":\"https:\/\/swoer.com\/#website\",\"url\":\"https:\/\/swoer.com\/\",\"name\":\"SWOER\",\"description\":\"Swoer is the top 3 vibratory bowl feeder manufacturer in China\",\"potentialAction\":[{\"@type\":\"SearchAction\",\"target\":{\"@type\":\"EntryPoint\",\"urlTemplate\":\"https:\/\/swoer.com\/?s={search_term_string}\"},\"query-input\":\"required name=search_term_string\"}],\"inLanguage\":\"tr\"}]}<\/script>\n<!-- \/ Yoast SEO plugin. -->","yoast_head_json":{"title":"Electromagnetic Vibrating Magnetic Feeder - SWOER","robots":{"index":"index","follow":"follow","max-snippet":"max-snippet:-1","max-image-preview":"max-image-preview:large","max-video-preview":"max-video-preview:-1"},"canonical":"https:\/\/swoer.com\/tr\/manufacturer\/electromagnetic-vibrating-magnetic-feeder\/","og_locale":"tr_TR","og_type":"article","og_title":"Electromagnetic Vibrating Magnetic Feeder - SWOER","og_description":"Elevate your material handling efficiency with our Electromagnetic Vibrating Magnetic Feeder. Precisely engineered for seamless operation, it ensures consistent and controlled material flow, optimizing your production processes effortlessly.","og_url":"https:\/\/swoer.com\/tr\/manufacturer\/electromagnetic-vibrating-magnetic-feeder\/","og_site_name":"SWOER","article_modified_time":"2024-04-02T02:57:02+00:00","og_image":[{"width":1000,"height":1000,"url":"https:\/\/swoer.com\/wp-content\/uploads\/2024\/04\/Electromagnetic-Vibrating-Magnetic-Feeder.webp","type":"image\/webp"}],"twitter_card":"summary_large_image","schema":{"@context":"https:\/\/schema.org","@graph":[{"@type":"WebPage","@id":"https:\/\/swoer.com\/manufacturer\/electromagnetic-vibrating-magnetic-feeder\/","url":"https:\/\/swoer.com\/manufacturer\/electromagnetic-vibrating-magnetic-feeder\/","name":"Electromagnetic Vibrating Magnetic Feeder - SWOER","isPartOf":{"@id":"https:\/\/swoer.com\/#website"},"primaryImageOfPage":{"@id":"https:\/\/swoer.com\/manufacturer\/electromagnetic-vibrating-magnetic-feeder\/#primaryimage"},"image":{"@id":"https:\/\/swoer.com\/manufacturer\/electromagnetic-vibrating-magnetic-feeder\/#primaryimage"},"thumbnailUrl":"https:\/\/swoer.com\/wp-content\/uploads\/2024\/04\/Electromagnetic-Vibrating-Magnetic-Feeder.webp","datePublished":"2024-04-02T02:41:23+00:00","dateModified":"2024-04-02T02:57:02+00:00","breadcrumb":{"@id":"https:\/\/swoer.com\/manufacturer\/electromagnetic-vibrating-magnetic-feeder\/#breadcrumb"},"inLanguage":"tr","potentialAction":[{"@type":"ReadAction","target":["https:\/\/swoer.com\/manufacturer\/electromagnetic-vibrating-magnetic-feeder\/"]}]},{"@type":"ImageObject","inLanguage":"tr","@id":"https:\/\/swoer.com\/manufacturer\/electromagnetic-vibrating-magnetic-feeder\/#primaryimage","url":"https:\/\/swoer.com\/wp-content\/uploads\/2024\/04\/Electromagnetic-Vibrating-Magnetic-Feeder.webp","contentUrl":"https:\/\/swoer.com\/wp-content\/uploads\/2024\/04\/Electromagnetic-Vibrating-Magnetic-Feeder.webp","width":1000,"height":1000,"caption":"Electromagnetic Vibrating Magnetic Feeder"},{"@type":"BreadcrumbList","@id":"https:\/\/swoer.com\/manufacturer\/electromagnetic-vibrating-magnetic-feeder\/#breadcrumb","itemListElement":[{"@type":"ListItem","position":1,"name":"Home","item":"https:\/\/swoer.com\/"},{"@type":"ListItem","position":2,"name":"Shop","item":"https:\/\/swoer.com\/shop\/"},{"@type":"ListItem","position":3,"name":"Electromagnetic Vibrating Magnetic Feeder"}]},{"@type":"WebSite","@id":"https:\/\/swoer.com\/#website","url":"https:\/\/swoer.com\/","name":"SWOER","description":"Swoer is the top 3 vibratory bowl feeder manufacturer in China","potentialAction":[{"@type":"SearchAction","target":{"@type":"EntryPoint","urlTemplate":"https:\/\/swoer.com\/?s={search_term_string}"},"query-input":"required name=search_term_string"}],"inLanguage":"tr"}]}},"_links":{"self":[{"href":"https:\/\/swoer.com\/tr\/wp-json\/wp\/v2\/product\/1815"}],"collection":[{"href":"https:\/\/swoer.com\/tr\/wp-json\/wp\/v2\/product"}],"about":[{"href":"https:\/\/swoer.com\/tr\/wp-json\/wp\/v2\/types\/product"}],"replies":[{"embeddable":true,"href":"https:\/\/swoer.com\/tr\/wp-json\/wp\/v2\/comments?post=1815"}],"wp:featuredmedia":[{"embeddable":true,"href":"https:\/\/swoer.com\/tr\/wp-json\/wp\/v2\/media\/1816"}],"wp:attachment":[{"href":"https:\/\/swoer.com\/tr\/wp-json\/wp\/v2\/media?parent=1815"}],"wp:term":[{"taxonomy":"product_cat","embeddable":true,"href":"https:\/\/swoer.com\/tr\/wp-json\/wp\/v2\/product_cat?post=1815"},{"taxonomy":"product_tag","embeddable":true,"href":"https:\/\/swoer.com\/tr\/wp-json\/wp\/v2\/product_tag?post=1815"}],"curies":[{"name":"wp","href":"https:\/\/api.w.org\/{rel}","templated":true}]}}