{"id":1813,"date":"2024-04-02T02:28:40","date_gmt":"2024-04-02T02:28:40","guid":{"rendered":"https:\/\/lightgrey-porpoise-816575.hostingersite.com\/?post_type=product&#038;p=1813"},"modified":"2024-04-02T02:34:38","modified_gmt":"2024-04-02T02:34:38","slug":"powder-elevator-hopper-conveyor","status":"publish","type":"product","link":"https:\/\/swoer.com\/tr\/manufacturer\/powder-elevator-hopper-conveyor\/","title":{"rendered":"Toz Asans\u00f6r Hazne Konvey\u00f6r\u00fc"},"content":{"rendered":"<p>Toz Asans\u00f6r Hazne Konvey\u00f6r\u00fcm\u00fczle kusursuz malzeme ta\u015f\u0131ma deneyimini ya\u015fay\u0131n. Verimlilik ve g\u00fcvenilirlik i\u00e7in tasarlanan sistemimiz, toz halindeki malzemelerin transferini kolayla\u015ft\u0131rarak sorunsuz i\u015f ak\u0131\u015f\u0131 ve optimize edilmi\u015f \u00fcretim s\u00fcre\u00e7leri sa\u011flar. Son teknoloji \u00fcr\u00fcn\u00fc \u00e7\u00f6z\u00fcm\u00fcm\u00fczle operasyonlar\u0131n\u0131z\u0131 geli\u015ftirin.<\/p>\n\t<div id=\"gap-1484585947\" class=\"gap-element clearfix\" style=\"display:block; height:auto;\">\n\t\t\n<style>\n#gap-1484585947 {\n  padding-top: 30px;\n}\n<\/style>\n\t<\/div>\n\t\n<h2>Tan\u0131m:<\/h2>\n<table style=\"border-collapse: collapse; width: 585.77pt;\" border=\"0\" width=\"781\" cellspacing=\"0\" cellpadding=\"0\">\n<tbody>\n<tr style=\"height: 32.00pt;\">\n<td class=\"et3\" style=\"height: 32.00pt; width: 145.50pt;\" width=\"194\" height=\"42\">\u00dcr\u00fcn ad\u0131<\/td>\n<td class=\"et4\" style=\"width: 440.25pt;\" width=\"587\">Toz Asans\u00f6r Hazne Konvey\u00f6r\u00fc<\/td>\n<\/tr>\n<tr style=\"height: 32.00pt;\">\n<td class=\"et3\" style=\"height: 32.00pt;\" height=\"42\">Marka ad\u0131<\/td>\n<td class=\"et4\">Y\u00dcKSEK<\/td>\n<\/tr>\n<tr style=\"height: 32.00pt;\">\n<td class=\"et3\" style=\"height: 32.00pt;\" height=\"42\">Boyut(U*G*Y)<\/td>\n<td class=\"et4\">\u00d6zel yap\u0131lm\u0131\u015f<\/td>\n<\/tr>\n<tr style=\"height: 32.00pt;\">\n<td class=\"et3\" style=\"height: 32.00pt;\" height=\"42\">A\u011f\u0131rl\u0131k<\/td>\n<td class=\"et4\">\u00d6zel yap\u0131lm\u0131\u015f<\/td>\n<\/tr>\n<tr style=\"height: 32.00pt;\">\n<td class=\"et3\" style=\"height: 32.00pt;\" height=\"42\">Renk<\/td>\n<td class=\"et4\">M\u00fc\u015fteri gereksinimleri<\/td>\n<\/tr>\n<tr style=\"height: 32.00pt;\">\n<td class=\"et3\" style=\"height: 32.00pt;\" height=\"42\">Kapasite(ton\/saat)<\/td>\n<td class=\"et4\">0,1-6 ton\/saat<\/td>\n<\/tr>\n<tr style=\"height: 32.00pt;\">\n<td class=\"et3\" style=\"height: 32.00pt;\" height=\"42\">Gerilim<\/td>\n<td class=\"et4\">85-260V<\/td>\n<\/tr>\n<tr style=\"height: 32.00pt;\">\n<td class=\"et3\" style=\"height: 32.00pt;\" height=\"42\">S\u0131kl\u0131k<\/td>\n<td class=\"et4\">40-400Hz<\/td>\n<\/tr>\n<tr style=\"height: 32.00pt;\">\n<td class=\"et3\" style=\"height: 32.00pt;\" height=\"42\">Garanti<\/td>\n<td class=\"et4\">1 y\u0131l<\/td>\n<\/tr>\n<tr style=\"height: 32.00pt;\">\n<td class=\"et3\" style=\"height: 32.00pt;\" height=\"42\">Adedi<\/td>\n<td class=\"et4\">1 tak\u0131m<\/td>\n<\/tr>\n<tr style=\"height: 32.00pt;\">\n<td class=\"et3\" style=\"height: 32.00pt;\" height=\"42\">Kur\u015fun zaman\u0131<\/td>\n<td class=\"et4\">7-10 g\u00fcn<\/td>\n<\/tr>\n<tr style=\"height: 32.00pt;\">\n<td class=\"et3\" style=\"height: 32.00pt;\" height=\"42\">7-10 g\u00fcn<\/td>\n<td class=\"et4\">Kontrplak kutu<\/td>\n<\/tr>\n<tr style=\"height: 32.00pt;\">\n<td class=\"et3\" style=\"height: 32.00pt;\" height=\"42\">\u00d6deme ko\u015fulu<\/td>\n<td class=\"et4\">T\/T 40% Sevkiyat \u00f6ncesi depozito ve bakiye<\/td>\n<\/tr>\n<tr style=\"height: 32.00pt;\">\n<td class=\"et3\" style=\"height: 32.00pt;\" height=\"42\">Anavatan<\/td>\n<td class=\"et4\">Guangdong, \u00c7in<\/td>\n<\/tr>\n<\/tbody>\n<\/table>\n\t<div id=\"gap-574550650\" class=\"gap-element clearfix\" style=\"display:block; height:auto;\">\n\t\t\n<style>\n#gap-574550650 {\n  padding-top: 30px;\n}\n<\/style>\n\t<\/div>\n\t\n<h2>SSS:<\/h2>\n<p><strong>1. Toz Asans\u00f6r Haznesi Konvey\u00f6r\u00fc malzeme ta\u015f\u0131ma s\u00fcrecimi nas\u0131l iyile\u015ftirir?<\/strong><\/p>\n<p>Toz Asans\u00f6r Hazne Konvey\u00f6r\u00fcm\u00fcz, toz halindeki malzemelerin kesintisiz ve verimli aktar\u0131m\u0131n\u0131 kolayla\u015ft\u0131rarak manuel ta\u015f\u0131may\u0131 en aza indirir ve i\u015f ak\u0131\u015f\u0131n\u0131 optimize eder. Tutarl\u0131 ve g\u00fcvenilir ta\u015f\u0131ma sa\u011flar, ar\u0131za s\u00fcresini azalt\u0131r ve operasyonlar\u0131n\u0131zda genel verimlili\u011fi art\u0131r\u0131r.<\/p>\n<p><strong>2. Bu konvey\u00f6r sistemi farkl\u0131 t\u00fcrdeki toz halindeki malzemeleri bar\u0131nd\u0131rabilir mi?<\/strong><\/p>\n<p>Kesinlikle. Toz Asans\u00f6r Hazne Konvey\u00f6r\u00fcm\u00fcz \u00e7ok y\u00f6nl\u00fcd\u00fcr ve un, \u015feker, baharatlar ve farmas\u00f6tik tozlar dahil ancak bunlarla s\u0131n\u0131rl\u0131 olmamak \u00fczere \u00e7ok \u00e7e\u015fitli toz halindeki malzemeleri i\u015flemek \u00fczere tasarlanm\u0131\u015ft\u0131r. Uyarlanabilir tasar\u0131m\u0131, \u00e7e\u015fitli end\u00fcstriler ve uygulamalarda optimum performans\u0131 sa\u011flar.<\/p>\n<p><strong>3. Konvey\u00f6r sisteminin kurulumu ve mevcut kurulumuma entegre edilmesi kolay m\u0131?<\/strong><\/p>\n<p>Evet, kurulum ve entegrasyon basit s\u00fcre\u00e7lerdir. Ekibimiz, Toz Asans\u00f6r Haznesi Konvey\u00f6r\u00fcn\u00fcn mevcut \u00fcretim hatt\u0131n\u0131za sorunsuz kurulumunu ve entegrasyonunu sa\u011flamak i\u00e7in kapsaml\u0131 destek sa\u011flar. Operasyonlar\u0131n\u0131zda minimum kesintiye \u00f6ncelik vererek, geli\u015fmi\u015f malzeme ta\u015f\u0131ma verimlili\u011finin avantajlar\u0131ndan h\u0131zla yararlanman\u0131za olanak sa\u011fl\u0131yoruz.<\/p>\n<p><strong>4. Bu konvey\u00f6r sistemi i\u015f yeri g\u00fcvenli\u011fine nas\u0131l katk\u0131 sa\u011fl\u0131yor?<\/strong><\/p>\n<p>Toz Asans\u00f6r Haznesi Konvey\u00f6r\u00fc, toz halindeki malzemelerin manuel olarak ta\u015f\u0131nmas\u0131n\u0131 en aza indirerek, a\u011f\u0131r y\u00fcklerin kald\u0131r\u0131lmas\u0131 ve ta\u015f\u0131nmas\u0131yla ili\u015fkili i\u015f yeri kazalar\u0131 ve yaralanma riskini azalt\u0131r. Otomatik \u00e7al\u0131\u015fmas\u0131, kontroll\u00fc ve g\u00fcvenli malzeme aktar\u0131m\u0131 sa\u011flayarak \u00e7al\u0131\u015fanlar\u0131n\u0131z i\u00e7in daha g\u00fcvenli bir \u00e7al\u0131\u015fma ortam\u0131 sa\u011flar.<\/p>\n<p><strong>5. Bu konvey\u00f6r sisteminin ne t\u00fcr bir bak\u0131m\u0131 gerekiyor?<\/strong><\/p>\n<p>Toz Asans\u00f6r Hazne Konvey\u00f6r\u00fcm\u00fcz g\u00fcvenilirlik ve minimum bak\u0131m gereksinimleri i\u00e7in tasarlanm\u0131\u015ft\u0131r. Optimum performans ve uzun \u00f6m\u00fcr sa\u011flamak i\u00e7in d\u00fczenli denetimler ve \u00f6nleyici bak\u0131m \u00f6nerilir. Ekibimiz, konvey\u00f6r sisteminizi en iyi durumda tutman\u0131za yard\u0131mc\u0131 olmak i\u00e7in s\u00fcrekli destek ve yard\u0131m sa\u011flar.<\/p>","protected":false},"excerpt":{"rendered":"<p>Toz Asans\u00f6r Hazne Konvey\u00f6r\u00fcm\u00fczle malzeme ta\u015f\u0131ma i\u015flemini optimize edin. Verimli \u00fcretim i\u00e7in modern ve g\u00fcvenilir.<\/p>","protected":false},"featured_media":1814,"comment_status":"open","ping_status":"closed","template":"","meta":[],"product_cat":[38],"product_tag":[],"yoast_head":"<!-- This site is optimized with the Yoast SEO plugin v22.2 - https:\/\/yoast.com\/wordpress\/plugins\/seo\/ -->\n<title>Powder Elevator Hopper Conveyor - SWOER<\/title>\n<meta name=\"robots\" content=\"index, follow, max-snippet:-1, max-image-preview:large, max-video-preview:-1\" \/>\n<link rel=\"canonical\" href=\"https:\/\/swoer.com\/tr\/manufacturer\/powder-elevator-hopper-conveyor\/\" \/>\n<meta property=\"og:locale\" content=\"tr_TR\" \/>\n<meta property=\"og:type\" content=\"article\" \/>\n<meta property=\"og:title\" content=\"Powder Elevator Hopper Conveyor - SWOER\" \/>\n<meta property=\"og:description\" content=\"Optimize material handling with our Powder Elevator Hopper Conveyor. Streamlined and reliable for efficient production.\" \/>\n<meta property=\"og:url\" content=\"https:\/\/swoer.com\/tr\/manufacturer\/powder-elevator-hopper-conveyor\/\" \/>\n<meta property=\"og:site_name\" content=\"SWOER\" \/>\n<meta property=\"article:modified_time\" content=\"2024-04-02T02:34:38+00:00\" \/>\n<meta property=\"og:image\" content=\"https:\/\/swoer.com\/wp-content\/uploads\/2024\/04\/Powder-elevator-hopper-conveyor-Flour-screw-conveyor.webp\" \/>\n\t<meta property=\"og:image:width\" content=\"1000\" \/>\n\t<meta property=\"og:image:height\" content=\"1000\" \/>\n\t<meta property=\"og:image:type\" content=\"image\/webp\" \/>\n<meta name=\"twitter:card\" content=\"summary_large_image\" \/>\n<meta name=\"twitter:label1\" content=\"Tahmini okuma s\u00fcresi\" \/>\n\t<meta name=\"twitter:data1\" content=\"1 dakika\" \/>\n<script type=\"application\/ld+json\" class=\"yoast-schema-graph\">{\"@context\":\"https:\/\/schema.org\",\"@graph\":[{\"@type\":\"WebPage\",\"@id\":\"https:\/\/swoer.com\/manufacturer\/powder-elevator-hopper-conveyor\/\",\"url\":\"https:\/\/swoer.com\/manufacturer\/powder-elevator-hopper-conveyor\/\",\"name\":\"Powder Elevator Hopper Conveyor - SWOER\",\"isPartOf\":{\"@id\":\"https:\/\/swoer.com\/#website\"},\"primaryImageOfPage\":{\"@id\":\"https:\/\/swoer.com\/manufacturer\/powder-elevator-hopper-conveyor\/#primaryimage\"},\"image\":{\"@id\":\"https:\/\/swoer.com\/manufacturer\/powder-elevator-hopper-conveyor\/#primaryimage\"},\"thumbnailUrl\":\"https:\/\/swoer.com\/wp-content\/uploads\/2024\/04\/Powder-elevator-hopper-conveyor-Flour-screw-conveyor.webp\",\"datePublished\":\"2024-04-02T02:28:40+00:00\",\"dateModified\":\"2024-04-02T02:34:38+00:00\",\"breadcrumb\":{\"@id\":\"https:\/\/swoer.com\/manufacturer\/powder-elevator-hopper-conveyor\/#breadcrumb\"},\"inLanguage\":\"tr\",\"potentialAction\":[{\"@type\":\"ReadAction\",\"target\":[\"https:\/\/swoer.com\/manufacturer\/powder-elevator-hopper-conveyor\/\"]}]},{\"@type\":\"ImageObject\",\"inLanguage\":\"tr\",\"@id\":\"https:\/\/swoer.com\/manufacturer\/powder-elevator-hopper-conveyor\/#primaryimage\",\"url\":\"https:\/\/swoer.com\/wp-content\/uploads\/2024\/04\/Powder-elevator-hopper-conveyor-Flour-screw-conveyor.webp\",\"contentUrl\":\"https:\/\/swoer.com\/wp-content\/uploads\/2024\/04\/Powder-elevator-hopper-conveyor-Flour-screw-conveyor.webp\",\"width\":1000,\"height\":1000,\"caption\":\"Powder elevator hopper conveyor - Flour screw conveyor\"},{\"@type\":\"BreadcrumbList\",\"@id\":\"https:\/\/swoer.com\/manufacturer\/powder-elevator-hopper-conveyor\/#breadcrumb\",\"itemListElement\":[{\"@type\":\"ListItem\",\"position\":1,\"name\":\"Home\",\"item\":\"https:\/\/swoer.com\/\"},{\"@type\":\"ListItem\",\"position\":2,\"name\":\"Shop\",\"item\":\"https:\/\/swoer.com\/shop\/\"},{\"@type\":\"ListItem\",\"position\":3,\"name\":\"Powder Elevator Hopper Conveyor\"}]},{\"@type\":\"WebSite\",\"@id\":\"https:\/\/swoer.com\/#website\",\"url\":\"https:\/\/swoer.com\/\",\"name\":\"SWOER\",\"description\":\"Swoer is the top 3 vibratory bowl feeder manufacturer in China\",\"potentialAction\":[{\"@type\":\"SearchAction\",\"target\":{\"@type\":\"EntryPoint\",\"urlTemplate\":\"https:\/\/swoer.com\/?s={search_term_string}\"},\"query-input\":\"required name=search_term_string\"}],\"inLanguage\":\"tr\"}]}<\/script>\n<!-- \/ Yoast SEO plugin. -->","yoast_head_json":{"title":"Powder Elevator Hopper Conveyor - SWOER","robots":{"index":"index","follow":"follow","max-snippet":"max-snippet:-1","max-image-preview":"max-image-preview:large","max-video-preview":"max-video-preview:-1"},"canonical":"https:\/\/swoer.com\/tr\/manufacturer\/powder-elevator-hopper-conveyor\/","og_locale":"tr_TR","og_type":"article","og_title":"Powder Elevator Hopper Conveyor - SWOER","og_description":"Optimize material handling with our Powder Elevator Hopper Conveyor. Streamlined and reliable for efficient production.","og_url":"https:\/\/swoer.com\/tr\/manufacturer\/powder-elevator-hopper-conveyor\/","og_site_name":"SWOER","article_modified_time":"2024-04-02T02:34:38+00:00","og_image":[{"width":1000,"height":1000,"url":"https:\/\/swoer.com\/wp-content\/uploads\/2024\/04\/Powder-elevator-hopper-conveyor-Flour-screw-conveyor.webp","type":"image\/webp"}],"twitter_card":"summary_large_image","twitter_misc":{"Tahmini okuma s\u00fcresi":"1 dakika"},"schema":{"@context":"https:\/\/schema.org","@graph":[{"@type":"WebPage","@id":"https:\/\/swoer.com\/manufacturer\/powder-elevator-hopper-conveyor\/","url":"https:\/\/swoer.com\/manufacturer\/powder-elevator-hopper-conveyor\/","name":"Powder Elevator Hopper Conveyor - SWOER","isPartOf":{"@id":"https:\/\/swoer.com\/#website"},"primaryImageOfPage":{"@id":"https:\/\/swoer.com\/manufacturer\/powder-elevator-hopper-conveyor\/#primaryimage"},"image":{"@id":"https:\/\/swoer.com\/manufacturer\/powder-elevator-hopper-conveyor\/#primaryimage"},"thumbnailUrl":"https:\/\/swoer.com\/wp-content\/uploads\/2024\/04\/Powder-elevator-hopper-conveyor-Flour-screw-conveyor.webp","datePublished":"2024-04-02T02:28:40+00:00","dateModified":"2024-04-02T02:34:38+00:00","breadcrumb":{"@id":"https:\/\/swoer.com\/manufacturer\/powder-elevator-hopper-conveyor\/#breadcrumb"},"inLanguage":"tr","potentialAction":[{"@type":"ReadAction","target":["https:\/\/swoer.com\/manufacturer\/powder-elevator-hopper-conveyor\/"]}]},{"@type":"ImageObject","inLanguage":"tr","@id":"https:\/\/swoer.com\/manufacturer\/powder-elevator-hopper-conveyor\/#primaryimage","url":"https:\/\/swoer.com\/wp-content\/uploads\/2024\/04\/Powder-elevator-hopper-conveyor-Flour-screw-conveyor.webp","contentUrl":"https:\/\/swoer.com\/wp-content\/uploads\/2024\/04\/Powder-elevator-hopper-conveyor-Flour-screw-conveyor.webp","width":1000,"height":1000,"caption":"Powder elevator hopper conveyor - Flour screw conveyor"},{"@type":"BreadcrumbList","@id":"https:\/\/swoer.com\/manufacturer\/powder-elevator-hopper-conveyor\/#breadcrumb","itemListElement":[{"@type":"ListItem","position":1,"name":"Home","item":"https:\/\/swoer.com\/"},{"@type":"ListItem","position":2,"name":"Shop","item":"https:\/\/swoer.com\/shop\/"},{"@type":"ListItem","position":3,"name":"Powder Elevator Hopper Conveyor"}]},{"@type":"WebSite","@id":"https:\/\/swoer.com\/#website","url":"https:\/\/swoer.com\/","name":"SWOER","description":"Swoer is the top 3 vibratory bowl feeder manufacturer in China","potentialAction":[{"@type":"SearchAction","target":{"@type":"EntryPoint","urlTemplate":"https:\/\/swoer.com\/?s={search_term_string}"},"query-input":"required name=search_term_string"}],"inLanguage":"tr"}]}},"_links":{"self":[{"href":"https:\/\/swoer.com\/tr\/wp-json\/wp\/v2\/product\/1813"}],"collection":[{"href":"https:\/\/swoer.com\/tr\/wp-json\/wp\/v2\/product"}],"about":[{"href":"https:\/\/swoer.com\/tr\/wp-json\/wp\/v2\/types\/product"}],"replies":[{"embeddable":true,"href":"https:\/\/swoer.com\/tr\/wp-json\/wp\/v2\/comments?post=1813"}],"wp:featuredmedia":[{"embeddable":true,"href":"https:\/\/swoer.com\/tr\/wp-json\/wp\/v2\/media\/1814"}],"wp:attachment":[{"href":"https:\/\/swoer.com\/tr\/wp-json\/wp\/v2\/media?parent=1813"}],"wp:term":[{"taxonomy":"product_cat","embeddable":true,"href":"https:\/\/swoer.com\/tr\/wp-json\/wp\/v2\/product_cat?post=1813"},{"taxonomy":"product_tag","embeddable":true,"href":"https:\/\/swoer.com\/tr\/wp-json\/wp\/v2\/product_tag?post=1813"}],"curies":[{"name":"wp","href":"https:\/\/api.w.org\/{rel}","templated":true}]}}