{"id":1806,"date":"2024-04-02T01:56:57","date_gmt":"2024-04-02T01:56:57","guid":{"rendered":"https:\/\/lightgrey-porpoise-816575.hostingersite.com\/?post_type=product&#038;p=1806"},"modified":"2024-04-02T02:06:28","modified_gmt":"2024-04-02T02:06:28","slug":"hopper-elevator-conveyor-automation","status":"publish","type":"product","link":"https:\/\/swoer.com\/tr\/manufacturer\/hopper-elevator-conveyor-automation\/","title":{"rendered":"Hopper Asans\u00f6r Konvey\u00f6r Otomasyonu"},"content":{"rendered":"<p>Son teknolojiye sahip Hazne Asans\u00f6r Konvey\u00f6r Otomasyonu \u00e7\u00f6z\u00fcm\u00fcm\u00fczle kusursuz malzeme ta\u015f\u0131ma verimlili\u011fini deneyimleyin. G\u00fcvenilirlik ve hassasiyet i\u00e7in tasarlanan sistemimiz, malzemeleri \u00fcretimin \u00e7e\u015fitli a\u015famalar\u0131 aras\u0131nda sorunsuz bir \u015fekilde aktararak i\u015f ak\u0131\u015f\u0131n\u0131 optimize eder. Geli\u015fmi\u015f pn\u00f6matik teknolojisiyle tasarlanan bu \u00fcr\u00fcn, sorunsuz ve verimli dikey hareket sa\u011flayarak \u00fcretkenli\u011fi art\u0131r\u0131rken ar\u0131za s\u00fcresini en aza indirir. Operasyonlar\u0131n\u0131z\u0131 kolayla\u015ft\u0131rmak ve \u00fcretim yeteneklerinizi y\u00fckseltmek i\u00e7in uzmanl\u0131\u011f\u0131m\u0131za g\u00fcvenin.<\/p>\n<h2>Tan\u0131m:<\/h2>\n<table style=\"border-collapse: collapse; width: 464.27pt;\" border=\"0\" width=\"619\" cellspacing=\"0\" cellpadding=\"0\">\n<tbody>\n<tr style=\"height: 32.00pt;\">\n<td class=\"et3\" style=\"height: 32.00pt; width: 145.50pt;\" width=\"194\" height=\"42\">\u00dcr\u00fcn ad\u0131<\/td>\n<td class=\"et4\" style=\"width: 318.75pt;\" width=\"425\">Hopper Asans\u00f6r Konvey\u00f6r Otomasyonu<\/td>\n<\/tr>\n<tr style=\"height: 32.00pt;\">\n<td class=\"et3\" style=\"height: 32.00pt;\" height=\"42\">Marka ad\u0131<\/td>\n<td class=\"et4\">Y\u00dcKSEK<\/td>\n<\/tr>\n<tr style=\"height: 32.00pt;\">\n<td class=\"et3\" style=\"height: 32.00pt;\" height=\"42\">Boyut(U*G*Y)<\/td>\n<td class=\"et4\">2200*1000*1500mm<\/td>\n<\/tr>\n<tr style=\"height: 32.00pt;\">\n<td class=\"et3\" style=\"height: 32.00pt;\" height=\"42\">A\u011f\u0131rl\u0131k<\/td>\n<td class=\"et4\">120kg<\/td>\n<\/tr>\n<tr style=\"height: 32.00pt;\">\n<td class=\"et3\" style=\"height: 32.00pt;\" height=\"42\">Renk<\/td>\n<td class=\"et4\">M\u00fc\u015fteri gereksinimleri<\/td>\n<\/tr>\n<tr style=\"height: 32.00pt;\">\n<td class=\"et3\" style=\"height: 32.00pt;\" height=\"42\">Kapasite(ton\/saat)<\/td>\n<td class=\"et4\">0,1-6 ton\/saat<\/td>\n<\/tr>\n<tr style=\"height: 32.00pt;\">\n<td class=\"et3\" style=\"height: 32.00pt;\" height=\"42\">Gerilim<\/td>\n<td class=\"et4\">85-260V<\/td>\n<\/tr>\n<tr style=\"height: 32.00pt;\">\n<td class=\"et3\" style=\"height: 32.00pt;\" height=\"42\">S\u0131kl\u0131k<\/td>\n<td class=\"et4\">40-400Hz<\/td>\n<\/tr>\n<tr style=\"height: 32.00pt;\">\n<td class=\"et3\" style=\"height: 32.00pt;\" height=\"42\">Garanti<\/td>\n<td class=\"et4\">1 y\u0131l<\/td>\n<\/tr>\n<tr style=\"height: 32.00pt;\">\n<td class=\"et3\" style=\"height: 32.00pt;\" height=\"42\">Adedi<\/td>\n<td class=\"et4\">1 tak\u0131m<\/td>\n<\/tr>\n<tr style=\"height: 32.00pt;\">\n<td class=\"et3\" style=\"height: 32.00pt;\" height=\"42\">Kur\u015fun zaman\u0131<\/td>\n<td class=\"et4\">7-10 g\u00fcn<\/td>\n<\/tr>\n<tr style=\"height: 32.00pt;\">\n<td class=\"et3\" style=\"height: 32.00pt;\" height=\"42\">7-10 g\u00fcn<\/td>\n<td class=\"et4\">Kontrplak kutu<\/td>\n<\/tr>\n<tr style=\"height: 32.00pt;\">\n<td class=\"et3\" style=\"height: 32.00pt;\" height=\"42\">\u00d6deme ko\u015fulu<\/td>\n<td class=\"et4\">T\/T 40% Sevkiyat \u00f6ncesi depozito ve bakiye<\/td>\n<\/tr>\n<tr style=\"height: 32.00pt;\">\n<td class=\"et3\" style=\"height: 32.00pt;\" height=\"42\">Anavatan<\/td>\n<td class=\"et4\">Guangdong, \u00c7in<\/td>\n<\/tr>\n<\/tbody>\n<\/table>\n<h2>SSS:<\/h2>\n\t<div id=\"gap-1273887245\" class=\"gap-element clearfix\" style=\"display:block; height:auto;\">\n\t\t\n<style>\n#gap-1273887245 {\n  padding-top: 30px;\n}\n<\/style>\n\t<\/div>\n\t\n<p><strong>1. Hazne Asans\u00f6r\u00fc Konvey\u00f6r Otomasyonu \u00fcretkenli\u011fi nas\u0131l art\u0131r\u0131r?<\/strong><\/p>\n<p>Hazne Asans\u00f6r Konvey\u00f6r Otomasyonumuz, malzeme ta\u015f\u0131ma s\u00fcre\u00e7lerini d\u00fczene sokarak \u00fcretim a\u015famalar\u0131 aras\u0131nda kusursuz aktar\u0131m sa\u011flar. Bu g\u00f6revleri otomatikle\u015ftirerek darbo\u011fazlar\u0131 ortadan kald\u0131r\u0131r, manuel eme\u011fi azalt\u0131r ve i\u015f ak\u0131\u015f\u0131 verimlili\u011fini optimize ederek sonu\u00e7ta genel \u00fcretkenli\u011fi art\u0131r\u0131r.<\/p>\n<p><strong>2. Sistem s\u00fcrekli \u00e7al\u0131\u015fma a\u00e7\u0131s\u0131ndan g\u00fcvenilir ve dayan\u0131kl\u0131 m\u0131?<\/strong><\/p>\n<p>Kesinlikle. Sa\u011flam bile\u015fenler ve geli\u015fmi\u015f otomasyon teknolojisiyle tasarlanan Hazne Asans\u00f6r Konvey\u00f6r sistemimiz zorlu end\u00fcstriyel ortamlara dayanacak \u015fekilde \u00fcretilmi\u015ftir. Y\u00fcksek hacimli \u00fcretimden 7\/24 \u00e7al\u0131\u015fmaya kadar tasar\u0131m\u0131m\u0131z\u0131n temelinde g\u00fcvenilirlik yer al\u0131r ve kesintisiz performans sa\u011flan\u0131r.<\/p>\n<p><strong>3. Sistem belirli \u00fcretim gereksinimlerine uyacak \u015fekilde \u00f6zelle\u015ftirilebilir mi?<\/strong><\/p>\n<p>Evet, esneklik \u00e7ok \u00f6nemlidir. Her \u00fcretim tesisinin kendine \u00f6zg\u00fc ihtiya\u00e7lar\u0131 oldu\u011funun bilincindeyiz. Hazne Asans\u00f6r Konvey\u00f6r Otomasyonumuz, \u00e7e\u015fitli malzeme t\u00fcrlerine, \u00fcretim d\u00fczenlerine ve \u00fcretim taleplerine uyum sa\u011flayacak \u015fekilde uyarlanabilir. \u0130ster belirli boyutlara, ister h\u0131z ayarlar\u0131na, ister mevcut sistemlerle entegrasyona ihtiyac\u0131n\u0131z olsun, gereksinimlerinizi tam olarak kar\u015f\u0131layacak \u00f6zelle\u015ftirilebilir \u00e7\u00f6z\u00fcmler sunuyoruz.<\/p>\n<p><strong>4. Otomasyon sistemi i\u015f\u00e7i g\u00fcvenli\u011fine nas\u0131l katk\u0131 sa\u011flar?<\/strong><\/p>\n<p>G\u00fcvenlik her t\u00fcrl\u00fc \u00fcretim ortam\u0131nda \u00e7ok \u00f6nemlidir. Hazne Asans\u00f6r Konvey\u00f6r Otomasyonumuz, manuel malzeme ta\u015f\u0131ma g\u00f6revlerine olan ihtiyac\u0131 azaltarak i\u015f yeri kazalar\u0131 ve tekrarlayan zorlanma yaralanmalar\u0131 riskini en aza indirir. Bu s\u00fcre\u00e7leri otomatikle\u015ftirerek ekibiniz i\u00e7in daha g\u00fcvenli bir \u00e7al\u0131\u015fma ortam\u0131 yaratarak onlar\u0131n daha beceri gerektiren ve katma de\u011ferli g\u00f6revlere odaklanmas\u0131na olanak tan\u0131r.<\/p>\n<p><strong>5. Ne t\u00fcr teknik destek ve bak\u0131m hizmetleri sa\u011fl\u0131yorsunuz?<\/strong><\/p>\n<p>M\u00fc\u015fteri memnuniyetini ve uzun vadeli ba\u015far\u0131y\u0131 \u00f6n planda tutuyoruz. Uzman ekibimiz, Hopper Asans\u00f6r Konvey\u00f6r sisteminizin sorunsuz \u00e7al\u0131\u015fmas\u0131n\u0131 sa\u011flamak i\u00e7in kapsaml\u0131 teknik destek ve bak\u0131m hizmetleri sunmaktad\u0131r. \u0130lk kurulum ve e\u011fitimden s\u00fcrekli bak\u0131m ve sorun gidermeye kadar, h\u0131zl\u0131 yard\u0131m sa\u011flamaya ve ekipman\u0131n\u0131z\u0131n \u00e7al\u0131\u015fma s\u00fcresini en \u00fcst d\u00fczeye \u00e7\u0131karmaya kararl\u0131y\u0131z.<\/p>","protected":false},"excerpt":{"rendered":"<p>Hazne Asans\u00f6r Konvey\u00f6r Otomasyonumuzla \u00fcretimi optimize edin. Verimli malzeme kullan\u0131m\u0131 ve kusursuz i\u015f ak\u0131\u015f\u0131. \u00dcretkenli\u011fi art\u0131rmak i\u00e7in uzmanl\u0131\u011f\u0131m\u0131za g\u00fcvenin.<\/p>","protected":false},"featured_media":1807,"comment_status":"open","ping_status":"closed","template":"","meta":[],"product_cat":[38],"product_tag":[],"yoast_head":"<!-- This site is optimized with the Yoast SEO plugin v22.2 - https:\/\/yoast.com\/wordpress\/plugins\/seo\/ -->\n<title>Hopper Elevator Conveyor Automation - SWOER<\/title>\n<meta name=\"robots\" content=\"index, follow, max-snippet:-1, max-image-preview:large, max-video-preview:-1\" \/>\n<link rel=\"canonical\" href=\"https:\/\/swoer.com\/tr\/manufacturer\/hopper-elevator-conveyor-automation\/\" \/>\n<meta property=\"og:locale\" content=\"tr_TR\" \/>\n<meta property=\"og:type\" content=\"article\" \/>\n<meta property=\"og:title\" content=\"Hopper Elevator Conveyor Automation - SWOER\" \/>\n<meta property=\"og:description\" content=\"Optimize production with our Hopper Elevator Conveyor Automation. Efficient material handling, and seamless workflow. Trust our expertise to boost productivity.\" \/>\n<meta property=\"og:url\" content=\"https:\/\/swoer.com\/tr\/manufacturer\/hopper-elevator-conveyor-automation\/\" \/>\n<meta property=\"og:site_name\" content=\"SWOER\" \/>\n<meta property=\"article:modified_time\" content=\"2024-04-02T02:06:28+00:00\" \/>\n<meta property=\"og:image\" content=\"https:\/\/swoer.com\/wp-content\/uploads\/2024\/04\/Hopper-Elevator-Conveyor-Automation.webp\" \/>\n\t<meta property=\"og:image:width\" content=\"1000\" \/>\n\t<meta property=\"og:image:height\" content=\"1000\" \/>\n\t<meta property=\"og:image:type\" content=\"image\/webp\" \/>\n<meta name=\"twitter:card\" content=\"summary_large_image\" \/>\n<meta name=\"twitter:label1\" content=\"Tahmini okuma s\u00fcresi\" \/>\n\t<meta name=\"twitter:data1\" content=\"1 dakika\" \/>\n<script type=\"application\/ld+json\" class=\"yoast-schema-graph\">{\"@context\":\"https:\/\/schema.org\",\"@graph\":[{\"@type\":\"WebPage\",\"@id\":\"https:\/\/swoer.com\/manufacturer\/hopper-elevator-conveyor-automation\/\",\"url\":\"https:\/\/swoer.com\/manufacturer\/hopper-elevator-conveyor-automation\/\",\"name\":\"Hopper Elevator Conveyor Automation - SWOER\",\"isPartOf\":{\"@id\":\"https:\/\/swoer.com\/#website\"},\"primaryImageOfPage\":{\"@id\":\"https:\/\/swoer.com\/manufacturer\/hopper-elevator-conveyor-automation\/#primaryimage\"},\"image\":{\"@id\":\"https:\/\/swoer.com\/manufacturer\/hopper-elevator-conveyor-automation\/#primaryimage\"},\"thumbnailUrl\":\"https:\/\/swoer.com\/wp-content\/uploads\/2024\/04\/Hopper-Elevator-Conveyor-Automation.webp\",\"datePublished\":\"2024-04-02T01:56:57+00:00\",\"dateModified\":\"2024-04-02T02:06:28+00:00\",\"breadcrumb\":{\"@id\":\"https:\/\/swoer.com\/manufacturer\/hopper-elevator-conveyor-automation\/#breadcrumb\"},\"inLanguage\":\"tr\",\"potentialAction\":[{\"@type\":\"ReadAction\",\"target\":[\"https:\/\/swoer.com\/manufacturer\/hopper-elevator-conveyor-automation\/\"]}]},{\"@type\":\"ImageObject\",\"inLanguage\":\"tr\",\"@id\":\"https:\/\/swoer.com\/manufacturer\/hopper-elevator-conveyor-automation\/#primaryimage\",\"url\":\"https:\/\/swoer.com\/wp-content\/uploads\/2024\/04\/Hopper-Elevator-Conveyor-Automation.webp\",\"contentUrl\":\"https:\/\/swoer.com\/wp-content\/uploads\/2024\/04\/Hopper-Elevator-Conveyor-Automation.webp\",\"width\":1000,\"height\":1000,\"caption\":\"Hopper Elevator Conveyor Automation\"},{\"@type\":\"BreadcrumbList\",\"@id\":\"https:\/\/swoer.com\/manufacturer\/hopper-elevator-conveyor-automation\/#breadcrumb\",\"itemListElement\":[{\"@type\":\"ListItem\",\"position\":1,\"name\":\"Home\",\"item\":\"https:\/\/swoer.com\/\"},{\"@type\":\"ListItem\",\"position\":2,\"name\":\"Shop\",\"item\":\"https:\/\/swoer.com\/shop\/\"},{\"@type\":\"ListItem\",\"position\":3,\"name\":\"Hopper Elevator Conveyor Automation\"}]},{\"@type\":\"WebSite\",\"@id\":\"https:\/\/swoer.com\/#website\",\"url\":\"https:\/\/swoer.com\/\",\"name\":\"SWOER\",\"description\":\"Swoer is the top 3 vibratory bowl feeder manufacturer in China\",\"potentialAction\":[{\"@type\":\"SearchAction\",\"target\":{\"@type\":\"EntryPoint\",\"urlTemplate\":\"https:\/\/swoer.com\/?s={search_term_string}\"},\"query-input\":\"required name=search_term_string\"}],\"inLanguage\":\"tr\"}]}<\/script>\n<!-- \/ Yoast SEO plugin. -->","yoast_head_json":{"title":"Hopper Elevator Conveyor Automation - SWOER","robots":{"index":"index","follow":"follow","max-snippet":"max-snippet:-1","max-image-preview":"max-image-preview:large","max-video-preview":"max-video-preview:-1"},"canonical":"https:\/\/swoer.com\/tr\/manufacturer\/hopper-elevator-conveyor-automation\/","og_locale":"tr_TR","og_type":"article","og_title":"Hopper Elevator Conveyor Automation - SWOER","og_description":"Optimize production with our Hopper Elevator Conveyor Automation. Efficient material handling, and seamless workflow. Trust our expertise to boost productivity.","og_url":"https:\/\/swoer.com\/tr\/manufacturer\/hopper-elevator-conveyor-automation\/","og_site_name":"SWOER","article_modified_time":"2024-04-02T02:06:28+00:00","og_image":[{"width":1000,"height":1000,"url":"https:\/\/swoer.com\/wp-content\/uploads\/2024\/04\/Hopper-Elevator-Conveyor-Automation.webp","type":"image\/webp"}],"twitter_card":"summary_large_image","twitter_misc":{"Tahmini okuma s\u00fcresi":"1 dakika"},"schema":{"@context":"https:\/\/schema.org","@graph":[{"@type":"WebPage","@id":"https:\/\/swoer.com\/manufacturer\/hopper-elevator-conveyor-automation\/","url":"https:\/\/swoer.com\/manufacturer\/hopper-elevator-conveyor-automation\/","name":"Hopper Elevator Conveyor Automation - SWOER","isPartOf":{"@id":"https:\/\/swoer.com\/#website"},"primaryImageOfPage":{"@id":"https:\/\/swoer.com\/manufacturer\/hopper-elevator-conveyor-automation\/#primaryimage"},"image":{"@id":"https:\/\/swoer.com\/manufacturer\/hopper-elevator-conveyor-automation\/#primaryimage"},"thumbnailUrl":"https:\/\/swoer.com\/wp-content\/uploads\/2024\/04\/Hopper-Elevator-Conveyor-Automation.webp","datePublished":"2024-04-02T01:56:57+00:00","dateModified":"2024-04-02T02:06:28+00:00","breadcrumb":{"@id":"https:\/\/swoer.com\/manufacturer\/hopper-elevator-conveyor-automation\/#breadcrumb"},"inLanguage":"tr","potentialAction":[{"@type":"ReadAction","target":["https:\/\/swoer.com\/manufacturer\/hopper-elevator-conveyor-automation\/"]}]},{"@type":"ImageObject","inLanguage":"tr","@id":"https:\/\/swoer.com\/manufacturer\/hopper-elevator-conveyor-automation\/#primaryimage","url":"https:\/\/swoer.com\/wp-content\/uploads\/2024\/04\/Hopper-Elevator-Conveyor-Automation.webp","contentUrl":"https:\/\/swoer.com\/wp-content\/uploads\/2024\/04\/Hopper-Elevator-Conveyor-Automation.webp","width":1000,"height":1000,"caption":"Hopper Elevator Conveyor Automation"},{"@type":"BreadcrumbList","@id":"https:\/\/swoer.com\/manufacturer\/hopper-elevator-conveyor-automation\/#breadcrumb","itemListElement":[{"@type":"ListItem","position":1,"name":"Home","item":"https:\/\/swoer.com\/"},{"@type":"ListItem","position":2,"name":"Shop","item":"https:\/\/swoer.com\/shop\/"},{"@type":"ListItem","position":3,"name":"Hopper Elevator Conveyor Automation"}]},{"@type":"WebSite","@id":"https:\/\/swoer.com\/#website","url":"https:\/\/swoer.com\/","name":"SWOER","description":"Swoer is the top 3 vibratory bowl feeder manufacturer in China","potentialAction":[{"@type":"SearchAction","target":{"@type":"EntryPoint","urlTemplate":"https:\/\/swoer.com\/?s={search_term_string}"},"query-input":"required name=search_term_string"}],"inLanguage":"tr"}]}},"_links":{"self":[{"href":"https:\/\/swoer.com\/tr\/wp-json\/wp\/v2\/product\/1806"}],"collection":[{"href":"https:\/\/swoer.com\/tr\/wp-json\/wp\/v2\/product"}],"about":[{"href":"https:\/\/swoer.com\/tr\/wp-json\/wp\/v2\/types\/product"}],"replies":[{"embeddable":true,"href":"https:\/\/swoer.com\/tr\/wp-json\/wp\/v2\/comments?post=1806"}],"wp:featuredmedia":[{"embeddable":true,"href":"https:\/\/swoer.com\/tr\/wp-json\/wp\/v2\/media\/1807"}],"wp:attachment":[{"href":"https:\/\/swoer.com\/tr\/wp-json\/wp\/v2\/media?parent=1806"}],"wp:term":[{"taxonomy":"product_cat","embeddable":true,"href":"https:\/\/swoer.com\/tr\/wp-json\/wp\/v2\/product_cat?post=1806"},{"taxonomy":"product_tag","embeddable":true,"href":"https:\/\/swoer.com\/tr\/wp-json\/wp\/v2\/product_tag?post=1806"}],"curies":[{"name":"wp","href":"https:\/\/api.w.org\/{rel}","templated":true}]}}