{"id":1793,"date":"2024-04-01T03:57:20","date_gmt":"2024-04-01T03:57:20","guid":{"rendered":"https:\/\/lightgrey-porpoise-816575.hostingersite.com\/?post_type=product&#038;p=1793"},"modified":"2024-06-13T00:44:49","modified_gmt":"2024-06-13T00:44:49","slug":"white-caps-centrifugal-feeder","status":"publish","type":"product","link":"https:\/\/swoer.com\/tr\/manufacturer\/white-caps-centrifugal-feeder\/","title":{"rendered":"Beyaz Kapakl\u0131 Santrif\u00fcj Besleyici | Santrif\u00fcj Kapakl\u0131 Besleyici"},"content":{"rendered":"<p>Malzeme i\u015flemeyi kolayla\u015ft\u0131rmak ve tutarl\u0131 \u00fcr\u00fcn kalitesi sa\u011flamak \u00fczere tasarlanm\u0131\u015f birinci s\u0131n\u0131f santrif\u00fcj kapakl\u0131 besleyicilerimizle end\u00fcstriyel operasyonlar\u0131n\u0131z\u0131 geli\u015ftirin. Yenilik\u00e7i besleyicilerimiz, d\u00f6kme malzemeleri hassas bir \u015fekilde da\u011f\u0131tmak ve da\u011f\u0131tmak i\u00e7in merkezka\u00e7 kuvvetinden yararlanarak verimlili\u011fi en \u00fcst d\u00fczeye \u00e7\u0131kar\u0131r ve israf\u0131 en aza indirir. \u0130ster tozlar, gran\u00fcller, ister k\u00fc\u00e7\u00fck kat\u0131 maddelerle \u00e7al\u0131\u015f\u0131yor olun, santrif\u00fcj kapakl\u0131 besleyicilerimiz benzersiz performans ve g\u00fcvenilirlik sunar.<\/p>\n<h2>Tan\u0131m:<\/h2>\n<table style=\"border-collapse: collapse; width: 488.27pt;\" border=\"0\" width=\"651\" cellspacing=\"0\" cellpadding=\"0\">\n<tbody>\n<tr style=\"height: 30.00pt;\">\n<td class=\"et3\" style=\"height: 30.00pt; width: 210.75pt;\" width=\"281\" height=\"40\">\u0130sim<\/td>\n<td class=\"et3\" style=\"width: 277.50pt;\" width=\"370\">Beyaz Kapakl\u0131 Santrif\u00fcj Besleyici<\/td>\n<\/tr>\n<tr style=\"height: 29.00pt;\">\n<td class=\"et3\" style=\"height: 29.00pt;\" height=\"38\">Marka<\/td>\n<td class=\"et3\">Y\u00dcKSEK<\/td>\n<\/tr>\n<tr style=\"height: 25.00pt;\">\n<td class=\"et3\" style=\"height: 25.00pt;\" height=\"33\">Malzeme<\/td>\n<td class=\"et3\">SUS304, Plastik<\/td>\n<\/tr>\n<tr style=\"height: 30.00pt;\">\n<td class=\"et3\" style=\"height: 30.00pt;\" height=\"40\">Boyut<\/td>\n<td class=\"et3\">Gelenek<\/td>\n<\/tr>\n<tr style=\"height: 30.00pt;\">\n<td class=\"et3\" style=\"height: 30.00pt;\" height=\"40\">\u0130\u015flev<\/td>\n<td class=\"et3\">Ta\u015f\u0131ma malzemesi<\/td>\n<\/tr>\n<tr style=\"height: 30.00pt;\">\n<td class=\"et3\" style=\"height: 30.00pt;\" height=\"40\">Kullan\u0131m<\/td>\n<td class=\"et3\">S\u0131ralay\u0131c\u0131, say<\/td>\n<\/tr>\n<tr style=\"height: 28.00pt;\">\n<td class=\"et3\" style=\"height: 28.00pt;\" height=\"37\">Avantaj<\/td>\n<td class=\"et3\">\u0130nsan Kayna\u011f\u0131n\u0131 Tasarruf Edin<\/td>\n<\/tr>\n<tr style=\"height: 32.00pt;\">\n<td class=\"et3\" style=\"height: 32.00pt;\" height=\"42\">Makine tipi<\/td>\n<td class=\"et3\">Tam tak\u0131m<\/td>\n<\/tr>\n<tr style=\"height: 29.00pt;\">\n<td class=\"et3\" style=\"height: 29.00pt;\" height=\"38\">\u00d6\u011fe<\/td>\n<td class=\"et3\">Otomatik ekipman<\/td>\n<\/tr>\n<tr style=\"height: 33.00pt;\">\n<td class=\"et3\" style=\"height: 33.00pt;\" height=\"44\">Uygulanabilir End\u00fcstriler<\/td>\n<td class=\"et3\">\u00dcretim Tesisi, \u00c7iftlikler, End\u00fcstriyel<\/td>\n<\/tr>\n<tr style=\"height: 31.00pt;\">\n<td class=\"et3\" style=\"height: 31.00pt;\" height=\"41\">Sat\u0131\u015f Sonras\u0131 Hizmet Sa\u011flan\u0131yor<\/td>\n<td class=\"et3\">Video teknik deste\u011fi, \u00c7evrimi\u00e7i destek<\/td>\n<\/tr>\n<\/tbody>\n<\/table>\n\t<div id=\"gap-592105744\" class=\"gap-element clearfix\" style=\"display:block; height:auto;\">\n\t\t\n<style>\n#gap-592105744 {\n  padding-top: 30px;\n}\n<\/style>\n\t<\/div>\n\t\n<h2>Ana \u00d6zellikler:<\/h2>\n<ul>\n<li>Hassas ve D\u00fczg\u00fcn Besleme: Santrif\u00fcj kapakl\u0131 besleyicilerimiz tutarl\u0131 ve d\u00fczg\u00fcn bir malzeme ak\u0131\u015f\u0131 sa\u011flayarak t\u0131kanmalar\u0131 ve \u00fcr\u00fcn tutars\u0131zl\u0131klar\u0131n\u0131 \u00f6nler.<\/li>\n<li>Artt\u0131r\u0131lm\u0131\u015f Verimlilik: Besleyicilerimizin malzeme da\u011f\u0131t\u0131m\u0131n\u0131 do\u011fru bir \u015fekilde kontrol etme yetene\u011fi sayesinde malzeme israf\u0131n\u0131 ve ar\u0131za s\u00fcresini azalt\u0131n.<\/li>\n<li>Hassas \u00dcr\u00fcn \u0130\u015fleme: Besleyicilerimizin hassas i\u015fleme mekanizmalar\u0131yla hassas \u00fcr\u00fcnlerinizin b\u00fct\u00fcnl\u00fc\u011f\u00fcn\u00fc koruyun.<\/li>\n<li>\u00c7ok Y\u00f6nl\u00fc Uygulamalar: Santrif\u00fcj kapakl\u0131 besleyicilerimiz g\u0131da i\u015fleme, ila\u00e7, kimyasallar ve daha fazlas\u0131n\u0131 i\u00e7eren \u00e7ok \u00e7e\u015fitli end\u00fcstriler i\u00e7in uygundur.<\/li>\n<\/ul>\n<h2><\/h2>\n<h2>Faydalar:<\/h2>\n<ul>\n<li>Geli\u015ftirilmi\u015f \u00dcretkenlik: Besleyicilerimizin tutarl\u0131 malzeme ak\u0131\u015f\u0131n\u0131 s\u00fcrd\u00fcrme becerisiyle \u00fcretim \u00e7\u0131kt\u0131n\u0131z\u0131 art\u0131r\u0131n.<\/li>\n<li>Daha Az Malzeme At\u0131\u011f\u0131: Besleyicilerimizin hassas da\u011f\u0131t\u0131m yetenekleriyle malzeme kayb\u0131n\u0131 en aza indirin ve paradan tasarruf edin.<\/li>\n<li>Geli\u015fmi\u015f \u00dcr\u00fcn Kalitesi: Besleyicilerimizin malzemeleri hassas bir \u015fekilde i\u015fleme yetene\u011fi sayesinde tutarl\u0131 \u00fcr\u00fcn kalitesi sa\u011flay\u0131n.<\/li>\n<li>Kolayla\u015ft\u0131r\u0131lm\u0131\u015f Operasyonlar: Besleyicilerimizin kullan\u0131c\u0131 dostu tasar\u0131m\u0131 ve g\u00fcvenilir performans\u0131yla malzeme ta\u015f\u0131ma s\u00fcre\u00e7lerinizi basitle\u015ftirin.<\/li>\n<li>\u00dcst\u00fcn Malzeme Kullan\u0131m\u0131 i\u00e7in Santrif\u00fcj Kapakl\u0131 Besleyicilere Yat\u0131r\u0131m Yap\u0131n<\/li>\n<\/ul>\n<p>Santrif\u00fcj kapakl\u0131 besleyicilerimiz, ola\u011fan\u00fcst\u00fc performans ve de\u011fer sunan en ileri teknoloji ve m\u00fchendislik uzmanl\u0131\u011f\u0131n\u0131n doruk noktas\u0131n\u0131 temsil eder. Santrif\u00fcj kapakl\u0131 besleyicilerimizin end\u00fcstriyel s\u00fcre\u00e7lerinizde nas\u0131l devrim yaratabilece\u011fi hakk\u0131nda daha fazla bilgi edinmek i\u00e7in bug\u00fcn bizimle ileti\u015fime ge\u00e7in.<\/p>","protected":false},"excerpt":{"rendered":"<p>Beyaz kapakl\u0131 santrif\u00fcj besleyicimiz profesyonel ve g\u00fcvenilir \u00e7\u00f6z\u00fcmler sunar. Sorunsuz entegrasyon i\u00e7in ayr\u0131nt\u0131l\u0131 3D CAD modeliyle m\u00fc\u015fteri \u00f6zelliklerine uyacak \u015fekilde \u00f6zelle\u015ftirilmi\u015f h\u0131zlar. G\u00fcvenilir performans i\u00e7in uzmanl\u0131\u011f\u0131m\u0131za g\u00fcvenin.<\/p>","protected":false},"featured_media":1794,"comment_status":"open","ping_status":"closed","template":"","meta":[],"product_cat":[36],"product_tag":[],"yoast_head":"<!-- This site is optimized with the Yoast SEO plugin v22.2 - https:\/\/yoast.com\/wordpress\/plugins\/seo\/ -->\n<title>White Caps Centrifugal Feeder | Centrifugal Cap Feeder<\/title>\n<meta name=\"description\" content=\"Discover high-efficiency centrifugal cap feeders designed for precision and speed in automated production lines. Enhance your manufacturing process with reliable and customizable cap feeding solutions.\" \/>\n<meta name=\"robots\" content=\"index, follow, max-snippet:-1, max-image-preview:large, max-video-preview:-1\" \/>\n<link rel=\"canonical\" href=\"https:\/\/swoer.com\/tr\/manufacturer\/white-caps-centrifugal-feeder\/\" \/>\n<meta property=\"og:locale\" content=\"tr_TR\" \/>\n<meta property=\"og:type\" content=\"article\" \/>\n<meta property=\"og:title\" content=\"White Caps Centrifugal Feeder | Centrifugal Cap Feeder\" \/>\n<meta property=\"og:description\" content=\"Discover high-efficiency centrifugal cap feeders designed for precision and speed in automated production lines. Enhance your manufacturing process with reliable and customizable cap feeding solutions.\" \/>\n<meta property=\"og:url\" content=\"https:\/\/swoer.com\/tr\/manufacturer\/white-caps-centrifugal-feeder\/\" \/>\n<meta property=\"og:site_name\" content=\"SWOER\" \/>\n<meta property=\"article:modified_time\" content=\"2024-06-13T00:44:49+00:00\" \/>\n<meta property=\"og:image\" content=\"https:\/\/swoer.com\/wp-content\/uploads\/2024\/04\/white-caps-centrifugal-feeder.webp\" \/>\n\t<meta property=\"og:image:width\" content=\"1000\" \/>\n\t<meta property=\"og:image:height\" content=\"1000\" \/>\n\t<meta property=\"og:image:type\" content=\"image\/webp\" \/>\n<meta name=\"twitter:card\" content=\"summary_large_image\" \/>\n<meta name=\"twitter:label1\" content=\"Tahmini okuma s\u00fcresi\" \/>\n\t<meta name=\"twitter:data1\" content=\"2 dakika\" \/>\n<script type=\"application\/ld+json\" class=\"yoast-schema-graph\">{\"@context\":\"https:\/\/schema.org\",\"@graph\":[{\"@type\":\"WebPage\",\"@id\":\"https:\/\/swoer.com\/manufacturer\/white-caps-centrifugal-feeder\/\",\"url\":\"https:\/\/swoer.com\/manufacturer\/white-caps-centrifugal-feeder\/\",\"name\":\"White Caps Centrifugal Feeder | Centrifugal Cap Feeder\",\"isPartOf\":{\"@id\":\"https:\/\/swoer.com\/#website\"},\"primaryImageOfPage\":{\"@id\":\"https:\/\/swoer.com\/manufacturer\/white-caps-centrifugal-feeder\/#primaryimage\"},\"image\":{\"@id\":\"https:\/\/swoer.com\/manufacturer\/white-caps-centrifugal-feeder\/#primaryimage\"},\"thumbnailUrl\":\"https:\/\/swoer.com\/wp-content\/uploads\/2024\/04\/white-caps-centrifugal-feeder.webp\",\"datePublished\":\"2024-04-01T03:57:20+00:00\",\"dateModified\":\"2024-06-13T00:44:49+00:00\",\"description\":\"Discover high-efficiency centrifugal cap feeders designed for precision and speed in automated production lines. Enhance your manufacturing process with reliable and customizable cap feeding solutions.\",\"breadcrumb\":{\"@id\":\"https:\/\/swoer.com\/manufacturer\/white-caps-centrifugal-feeder\/#breadcrumb\"},\"inLanguage\":\"tr\",\"potentialAction\":[{\"@type\":\"ReadAction\",\"target\":[\"https:\/\/swoer.com\/manufacturer\/white-caps-centrifugal-feeder\/\"]}]},{\"@type\":\"ImageObject\",\"inLanguage\":\"tr\",\"@id\":\"https:\/\/swoer.com\/manufacturer\/white-caps-centrifugal-feeder\/#primaryimage\",\"url\":\"https:\/\/swoer.com\/wp-content\/uploads\/2024\/04\/white-caps-centrifugal-feeder.webp\",\"contentUrl\":\"https:\/\/swoer.com\/wp-content\/uploads\/2024\/04\/white-caps-centrifugal-feeder.webp\",\"width\":1000,\"height\":1000,\"caption\":\"white caps centrifugal feeder\"},{\"@type\":\"BreadcrumbList\",\"@id\":\"https:\/\/swoer.com\/manufacturer\/white-caps-centrifugal-feeder\/#breadcrumb\",\"itemListElement\":[{\"@type\":\"ListItem\",\"position\":1,\"name\":\"Home\",\"item\":\"https:\/\/swoer.com\/\"},{\"@type\":\"ListItem\",\"position\":2,\"name\":\"Shop\",\"item\":\"https:\/\/swoer.com\/shop\/\"},{\"@type\":\"ListItem\",\"position\":3,\"name\":\"White Caps Centrifugal Feeder | Centrifugal Cap Feeder\"}]},{\"@type\":\"WebSite\",\"@id\":\"https:\/\/swoer.com\/#website\",\"url\":\"https:\/\/swoer.com\/\",\"name\":\"SWOER\",\"description\":\"Swoer is the top 3 vibratory bowl feeder manufacturer in China\",\"potentialAction\":[{\"@type\":\"SearchAction\",\"target\":{\"@type\":\"EntryPoint\",\"urlTemplate\":\"https:\/\/swoer.com\/?s={search_term_string}\"},\"query-input\":\"required name=search_term_string\"}],\"inLanguage\":\"tr\"}]}<\/script>\n<!-- \/ Yoast SEO plugin. -->","yoast_head_json":{"title":"White Caps Centrifugal Feeder | Centrifugal Cap Feeder","description":"Discover high-efficiency centrifugal cap feeders designed for precision and speed in automated production lines. Enhance your manufacturing process with reliable and customizable cap feeding solutions.","robots":{"index":"index","follow":"follow","max-snippet":"max-snippet:-1","max-image-preview":"max-image-preview:large","max-video-preview":"max-video-preview:-1"},"canonical":"https:\/\/swoer.com\/tr\/manufacturer\/white-caps-centrifugal-feeder\/","og_locale":"tr_TR","og_type":"article","og_title":"White Caps Centrifugal Feeder | Centrifugal Cap Feeder","og_description":"Discover high-efficiency centrifugal cap feeders designed for precision and speed in automated production lines. Enhance your manufacturing process with reliable and customizable cap feeding solutions.","og_url":"https:\/\/swoer.com\/tr\/manufacturer\/white-caps-centrifugal-feeder\/","og_site_name":"SWOER","article_modified_time":"2024-06-13T00:44:49+00:00","og_image":[{"width":1000,"height":1000,"url":"https:\/\/swoer.com\/wp-content\/uploads\/2024\/04\/white-caps-centrifugal-feeder.webp","type":"image\/webp"}],"twitter_card":"summary_large_image","twitter_misc":{"Tahmini okuma s\u00fcresi":"2 dakika"},"schema":{"@context":"https:\/\/schema.org","@graph":[{"@type":"WebPage","@id":"https:\/\/swoer.com\/manufacturer\/white-caps-centrifugal-feeder\/","url":"https:\/\/swoer.com\/manufacturer\/white-caps-centrifugal-feeder\/","name":"White Caps Centrifugal Feeder | Centrifugal Cap Feeder","isPartOf":{"@id":"https:\/\/swoer.com\/#website"},"primaryImageOfPage":{"@id":"https:\/\/swoer.com\/manufacturer\/white-caps-centrifugal-feeder\/#primaryimage"},"image":{"@id":"https:\/\/swoer.com\/manufacturer\/white-caps-centrifugal-feeder\/#primaryimage"},"thumbnailUrl":"https:\/\/swoer.com\/wp-content\/uploads\/2024\/04\/white-caps-centrifugal-feeder.webp","datePublished":"2024-04-01T03:57:20+00:00","dateModified":"2024-06-13T00:44:49+00:00","description":"Discover high-efficiency centrifugal cap feeders designed for precision and speed in automated production lines. Enhance your manufacturing process with reliable and customizable cap feeding solutions.","breadcrumb":{"@id":"https:\/\/swoer.com\/manufacturer\/white-caps-centrifugal-feeder\/#breadcrumb"},"inLanguage":"tr","potentialAction":[{"@type":"ReadAction","target":["https:\/\/swoer.com\/manufacturer\/white-caps-centrifugal-feeder\/"]}]},{"@type":"ImageObject","inLanguage":"tr","@id":"https:\/\/swoer.com\/manufacturer\/white-caps-centrifugal-feeder\/#primaryimage","url":"https:\/\/swoer.com\/wp-content\/uploads\/2024\/04\/white-caps-centrifugal-feeder.webp","contentUrl":"https:\/\/swoer.com\/wp-content\/uploads\/2024\/04\/white-caps-centrifugal-feeder.webp","width":1000,"height":1000,"caption":"white caps centrifugal feeder"},{"@type":"BreadcrumbList","@id":"https:\/\/swoer.com\/manufacturer\/white-caps-centrifugal-feeder\/#breadcrumb","itemListElement":[{"@type":"ListItem","position":1,"name":"Home","item":"https:\/\/swoer.com\/"},{"@type":"ListItem","position":2,"name":"Shop","item":"https:\/\/swoer.com\/shop\/"},{"@type":"ListItem","position":3,"name":"White Caps Centrifugal Feeder | Centrifugal Cap Feeder"}]},{"@type":"WebSite","@id":"https:\/\/swoer.com\/#website","url":"https:\/\/swoer.com\/","name":"SWOER","description":"Swoer is the top 3 vibratory bowl feeder manufacturer in China","potentialAction":[{"@type":"SearchAction","target":{"@type":"EntryPoint","urlTemplate":"https:\/\/swoer.com\/?s={search_term_string}"},"query-input":"required name=search_term_string"}],"inLanguage":"tr"}]}},"_links":{"self":[{"href":"https:\/\/swoer.com\/tr\/wp-json\/wp\/v2\/product\/1793"}],"collection":[{"href":"https:\/\/swoer.com\/tr\/wp-json\/wp\/v2\/product"}],"about":[{"href":"https:\/\/swoer.com\/tr\/wp-json\/wp\/v2\/types\/product"}],"replies":[{"embeddable":true,"href":"https:\/\/swoer.com\/tr\/wp-json\/wp\/v2\/comments?post=1793"}],"wp:featuredmedia":[{"embeddable":true,"href":"https:\/\/swoer.com\/tr\/wp-json\/wp\/v2\/media\/1794"}],"wp:attachment":[{"href":"https:\/\/swoer.com\/tr\/wp-json\/wp\/v2\/media?parent=1793"}],"wp:term":[{"taxonomy":"product_cat","embeddable":true,"href":"https:\/\/swoer.com\/tr\/wp-json\/wp\/v2\/product_cat?post=1793"},{"taxonomy":"product_tag","embeddable":true,"href":"https:\/\/swoer.com\/tr\/wp-json\/wp\/v2\/product_tag?post=1793"}],"curies":[{"name":"wp","href":"https:\/\/api.w.org\/{rel}","templated":true}]}}