{"id":1788,"date":"2024-04-01T03:37:02","date_gmt":"2024-04-01T03:37:02","guid":{"rendered":"https:\/\/lightgrey-porpoise-816575.hostingersite.com\/?post_type=product&#038;p=1788"},"modified":"2024-04-01T03:40:52","modified_gmt":"2024-04-01T03:40:52","slug":"bottle-centrifugal-feeder","status":"publish","type":"product","link":"https:\/\/swoer.com\/tr\/manufacturer\/bottle-centrifugal-feeder\/","title":{"rendered":"\u015ei\u015fe Santrif\u00fcj Besleyici"},"content":{"rendered":"<p>Profesyonel kalitede santrif\u00fcj besleyici \u00e7\u00f6z\u00fcmlerimizle \u015fi\u015fe ta\u015f\u0131ma operasyonlar\u0131n\u0131z\u0131 geli\u015ftirin. \u00d6zel gereksinimlerinize g\u00f6re uyarlanm\u0131\u015f \u00f6zelle\u015ftirilebilir h\u0131z ayarlar\u0131ndan yararlan\u0131n. \u0130\u015f ak\u0131\u015f\u0131n\u0131za kusursuz entegrasyon i\u00e7in ayr\u0131nt\u0131l\u0131 3D CAD modelleri sunarak her ad\u0131mda g\u00fcvenilirlik sa\u011fl\u0131yoruz. Verimli ve g\u00fcvenilir biberonla besleme \u00e7\u00f6z\u00fcmleri sunmak i\u00e7in uzmanl\u0131\u011f\u0131m\u0131za g\u00fcvenin.<\/p>\n<h2>Tan\u0131m:<\/h2>\n<table style=\"border-collapse: collapse; width: 488.27pt;\" border=\"0\" width=\"651\" cellspacing=\"0\" cellpadding=\"0\">\n<tbody>\n<tr style=\"height: 30.00pt;\">\n<td class=\"et3\" style=\"height: 30.00pt; width: 210.75pt;\" width=\"281\" height=\"40\">\u0130sim<\/td>\n<td class=\"et3\" style=\"width: 277.50pt;\" width=\"370\">\u015ei\u015fe Santrif\u00fcj Besleyici<\/td>\n<\/tr>\n<tr style=\"height: 29.00pt;\">\n<td class=\"et3\" style=\"height: 29.00pt;\" height=\"38\">Marka<\/td>\n<td class=\"et3\">Y\u00dcKSEK<\/td>\n<\/tr>\n<tr style=\"height: 25.00pt;\">\n<td class=\"et3\" style=\"height: 25.00pt;\" height=\"33\">Malzeme<\/td>\n<td class=\"et3\">SUS304, Plastik<\/td>\n<\/tr>\n<tr style=\"height: 30.00pt;\">\n<td class=\"et3\" style=\"height: 30.00pt;\" height=\"40\">Boyut<\/td>\n<td class=\"et3\">Gelenek<\/td>\n<\/tr>\n<tr style=\"height: 30.00pt;\">\n<td class=\"et3\" style=\"height: 30.00pt;\" height=\"40\">\u0130\u015flev<\/td>\n<td class=\"et3\">Ta\u015f\u0131ma malzemesi<\/td>\n<\/tr>\n<tr style=\"height: 30.00pt;\">\n<td class=\"et3\" style=\"height: 30.00pt;\" height=\"40\">Kullan\u0131m<\/td>\n<td class=\"et3\">S\u0131ralay\u0131c\u0131, say<\/td>\n<\/tr>\n<tr style=\"height: 28.00pt;\">\n<td class=\"et3\" style=\"height: 28.00pt;\" height=\"37\">Avantaj<\/td>\n<td class=\"et3\">\u0130nsan Kayna\u011f\u0131n\u0131 Tasarruf Edin<\/td>\n<\/tr>\n<tr style=\"height: 32.00pt;\">\n<td class=\"et3\" style=\"height: 32.00pt;\" height=\"42\">Makine tipi<\/td>\n<td class=\"et3\">Tam tak\u0131m<\/td>\n<\/tr>\n<tr style=\"height: 29.00pt;\">\n<td class=\"et3\" style=\"height: 29.00pt;\" height=\"38\">\u00d6\u011fe<\/td>\n<td class=\"et3\">Otomatik ekipman<\/td>\n<\/tr>\n<tr style=\"height: 33.00pt;\">\n<td class=\"et3\" style=\"height: 33.00pt;\" height=\"44\">Uygulanabilir End\u00fcstriler<\/td>\n<td class=\"et3\">\u00dcretim Tesisi, \u00c7iftlikler, End\u00fcstriyel<\/td>\n<\/tr>\n<tr style=\"height: 31.00pt;\">\n<td class=\"et3\" style=\"height: 31.00pt;\" height=\"41\">Sat\u0131\u015f Sonras\u0131 Hizmet Sa\u011flan\u0131yor<\/td>\n<td class=\"et3\">Video teknik deste\u011fi, \u00c7evrimi\u00e7i destek<\/td>\n<\/tr>\n<\/tbody>\n<\/table>","protected":false},"excerpt":{"rendered":"<p>Santrif\u00fcjl\u00fc besleyicimiz g\u00fcvenilir \u015fi\u015fe kullan\u0131m\u0131 sa\u011flar. \u00d6zelle\u015ftirilebilir h\u0131zlar, kusursuz entegrasyon i\u00e7in ayr\u0131nt\u0131l\u0131 3D CAD modeliyle ihtiya\u00e7lar\u0131n\u0131z\u0131 kar\u015f\u0131lar. Etkili \u00e7\u00f6z\u00fcmler i\u00e7in uzmanl\u0131\u011f\u0131m\u0131za g\u00fcvenin.<\/p>","protected":false},"featured_media":1789,"comment_status":"open","ping_status":"closed","template":"","meta":[],"product_cat":[36],"product_tag":[],"yoast_head":"<!-- This site is optimized with the Yoast SEO plugin v22.2 - https:\/\/yoast.com\/wordpress\/plugins\/seo\/ -->\n<title>Bottle Centrifugal Feeder - SWOER<\/title>\n<meta name=\"robots\" content=\"index, follow, max-snippet:-1, max-image-preview:large, max-video-preview:-1\" \/>\n<link rel=\"canonical\" href=\"https:\/\/swoer.com\/tr\/manufacturer\/bottle-centrifugal-feeder\/\" \/>\n<meta property=\"og:locale\" content=\"tr_TR\" \/>\n<meta property=\"og:type\" content=\"article\" \/>\n<meta property=\"og:title\" content=\"Bottle Centrifugal Feeder - SWOER\" \/>\n<meta property=\"og:description\" content=\"Our centrifugal feeder ensures reliable bottle handling. Customizable speeds meet your needs, with detailed 3D CAD model for seamless integration. Trust our expertise for efficient solutions.\" \/>\n<meta property=\"og:url\" content=\"https:\/\/swoer.com\/tr\/manufacturer\/bottle-centrifugal-feeder\/\" \/>\n<meta property=\"og:site_name\" content=\"SWOER\" \/>\n<meta property=\"article:modified_time\" content=\"2024-04-01T03:40:52+00:00\" \/>\n<meta property=\"og:image\" content=\"https:\/\/swoer.com\/wp-content\/uploads\/2024\/04\/bottle-centrifugal-feeder.webp\" \/>\n\t<meta property=\"og:image:width\" content=\"1000\" \/>\n\t<meta property=\"og:image:height\" content=\"1000\" \/>\n\t<meta property=\"og:image:type\" content=\"image\/webp\" \/>\n<meta name=\"twitter:card\" content=\"summary_large_image\" \/>\n<meta name=\"twitter:label1\" content=\"Tahmini okuma s\u00fcresi\" \/>\n\t<meta name=\"twitter:data1\" content=\"1 dakika\" \/>\n<script type=\"application\/ld+json\" class=\"yoast-schema-graph\">{\"@context\":\"https:\/\/schema.org\",\"@graph\":[{\"@type\":\"WebPage\",\"@id\":\"https:\/\/swoer.com\/manufacturer\/bottle-centrifugal-feeder\/\",\"url\":\"https:\/\/swoer.com\/manufacturer\/bottle-centrifugal-feeder\/\",\"name\":\"Bottle Centrifugal Feeder - SWOER\",\"isPartOf\":{\"@id\":\"https:\/\/swoer.com\/#website\"},\"primaryImageOfPage\":{\"@id\":\"https:\/\/swoer.com\/manufacturer\/bottle-centrifugal-feeder\/#primaryimage\"},\"image\":{\"@id\":\"https:\/\/swoer.com\/manufacturer\/bottle-centrifugal-feeder\/#primaryimage\"},\"thumbnailUrl\":\"https:\/\/swoer.com\/wp-content\/uploads\/2024\/04\/bottle-centrifugal-feeder.webp\",\"datePublished\":\"2024-04-01T03:37:02+00:00\",\"dateModified\":\"2024-04-01T03:40:52+00:00\",\"breadcrumb\":{\"@id\":\"https:\/\/swoer.com\/manufacturer\/bottle-centrifugal-feeder\/#breadcrumb\"},\"inLanguage\":\"tr\",\"potentialAction\":[{\"@type\":\"ReadAction\",\"target\":[\"https:\/\/swoer.com\/manufacturer\/bottle-centrifugal-feeder\/\"]}]},{\"@type\":\"ImageObject\",\"inLanguage\":\"tr\",\"@id\":\"https:\/\/swoer.com\/manufacturer\/bottle-centrifugal-feeder\/#primaryimage\",\"url\":\"https:\/\/swoer.com\/wp-content\/uploads\/2024\/04\/bottle-centrifugal-feeder.webp\",\"contentUrl\":\"https:\/\/swoer.com\/wp-content\/uploads\/2024\/04\/bottle-centrifugal-feeder.webp\",\"width\":1000,\"height\":1000,\"caption\":\"bottle centrifugal feeder\"},{\"@type\":\"BreadcrumbList\",\"@id\":\"https:\/\/swoer.com\/manufacturer\/bottle-centrifugal-feeder\/#breadcrumb\",\"itemListElement\":[{\"@type\":\"ListItem\",\"position\":1,\"name\":\"Home\",\"item\":\"https:\/\/swoer.com\/\"},{\"@type\":\"ListItem\",\"position\":2,\"name\":\"Shop\",\"item\":\"https:\/\/swoer.com\/shop\/\"},{\"@type\":\"ListItem\",\"position\":3,\"name\":\"Bottle Centrifugal Feeder\"}]},{\"@type\":\"WebSite\",\"@id\":\"https:\/\/swoer.com\/#website\",\"url\":\"https:\/\/swoer.com\/\",\"name\":\"SWOER\",\"description\":\"Swoer is the top 3 vibratory bowl feeder manufacturer in China\",\"potentialAction\":[{\"@type\":\"SearchAction\",\"target\":{\"@type\":\"EntryPoint\",\"urlTemplate\":\"https:\/\/swoer.com\/?s={search_term_string}\"},\"query-input\":\"required name=search_term_string\"}],\"inLanguage\":\"tr\"}]}<\/script>\n<!-- \/ Yoast SEO plugin. -->","yoast_head_json":{"title":"Bottle Centrifugal Feeder - SWOER","robots":{"index":"index","follow":"follow","max-snippet":"max-snippet:-1","max-image-preview":"max-image-preview:large","max-video-preview":"max-video-preview:-1"},"canonical":"https:\/\/swoer.com\/tr\/manufacturer\/bottle-centrifugal-feeder\/","og_locale":"tr_TR","og_type":"article","og_title":"Bottle Centrifugal Feeder - SWOER","og_description":"Our centrifugal feeder ensures reliable bottle handling. Customizable speeds meet your needs, with detailed 3D CAD model for seamless integration. Trust our expertise for efficient solutions.","og_url":"https:\/\/swoer.com\/tr\/manufacturer\/bottle-centrifugal-feeder\/","og_site_name":"SWOER","article_modified_time":"2024-04-01T03:40:52+00:00","og_image":[{"width":1000,"height":1000,"url":"https:\/\/swoer.com\/wp-content\/uploads\/2024\/04\/bottle-centrifugal-feeder.webp","type":"image\/webp"}],"twitter_card":"summary_large_image","twitter_misc":{"Tahmini okuma s\u00fcresi":"1 dakika"},"schema":{"@context":"https:\/\/schema.org","@graph":[{"@type":"WebPage","@id":"https:\/\/swoer.com\/manufacturer\/bottle-centrifugal-feeder\/","url":"https:\/\/swoer.com\/manufacturer\/bottle-centrifugal-feeder\/","name":"Bottle Centrifugal Feeder - SWOER","isPartOf":{"@id":"https:\/\/swoer.com\/#website"},"primaryImageOfPage":{"@id":"https:\/\/swoer.com\/manufacturer\/bottle-centrifugal-feeder\/#primaryimage"},"image":{"@id":"https:\/\/swoer.com\/manufacturer\/bottle-centrifugal-feeder\/#primaryimage"},"thumbnailUrl":"https:\/\/swoer.com\/wp-content\/uploads\/2024\/04\/bottle-centrifugal-feeder.webp","datePublished":"2024-04-01T03:37:02+00:00","dateModified":"2024-04-01T03:40:52+00:00","breadcrumb":{"@id":"https:\/\/swoer.com\/manufacturer\/bottle-centrifugal-feeder\/#breadcrumb"},"inLanguage":"tr","potentialAction":[{"@type":"ReadAction","target":["https:\/\/swoer.com\/manufacturer\/bottle-centrifugal-feeder\/"]}]},{"@type":"ImageObject","inLanguage":"tr","@id":"https:\/\/swoer.com\/manufacturer\/bottle-centrifugal-feeder\/#primaryimage","url":"https:\/\/swoer.com\/wp-content\/uploads\/2024\/04\/bottle-centrifugal-feeder.webp","contentUrl":"https:\/\/swoer.com\/wp-content\/uploads\/2024\/04\/bottle-centrifugal-feeder.webp","width":1000,"height":1000,"caption":"bottle centrifugal feeder"},{"@type":"BreadcrumbList","@id":"https:\/\/swoer.com\/manufacturer\/bottle-centrifugal-feeder\/#breadcrumb","itemListElement":[{"@type":"ListItem","position":1,"name":"Home","item":"https:\/\/swoer.com\/"},{"@type":"ListItem","position":2,"name":"Shop","item":"https:\/\/swoer.com\/shop\/"},{"@type":"ListItem","position":3,"name":"Bottle Centrifugal Feeder"}]},{"@type":"WebSite","@id":"https:\/\/swoer.com\/#website","url":"https:\/\/swoer.com\/","name":"SWOER","description":"Swoer is the top 3 vibratory bowl feeder manufacturer in China","potentialAction":[{"@type":"SearchAction","target":{"@type":"EntryPoint","urlTemplate":"https:\/\/swoer.com\/?s={search_term_string}"},"query-input":"required name=search_term_string"}],"inLanguage":"tr"}]}},"_links":{"self":[{"href":"https:\/\/swoer.com\/tr\/wp-json\/wp\/v2\/product\/1788"}],"collection":[{"href":"https:\/\/swoer.com\/tr\/wp-json\/wp\/v2\/product"}],"about":[{"href":"https:\/\/swoer.com\/tr\/wp-json\/wp\/v2\/types\/product"}],"replies":[{"embeddable":true,"href":"https:\/\/swoer.com\/tr\/wp-json\/wp\/v2\/comments?post=1788"}],"wp:featuredmedia":[{"embeddable":true,"href":"https:\/\/swoer.com\/tr\/wp-json\/wp\/v2\/media\/1789"}],"wp:attachment":[{"href":"https:\/\/swoer.com\/tr\/wp-json\/wp\/v2\/media?parent=1788"}],"wp:term":[{"taxonomy":"product_cat","embeddable":true,"href":"https:\/\/swoer.com\/tr\/wp-json\/wp\/v2\/product_cat?post=1788"},{"taxonomy":"product_tag","embeddable":true,"href":"https:\/\/swoer.com\/tr\/wp-json\/wp\/v2\/product_tag?post=1788"}],"curies":[{"name":"wp","href":"https:\/\/api.w.org\/{rel}","templated":true}]}}