{"id":1738,"date":"2024-03-30T03:53:19","date_gmt":"2024-03-30T03:53:19","guid":{"rendered":"https:\/\/lightgrey-porpoise-816575.hostingersite.com\/?post_type=product&#038;p=1738"},"modified":"2024-08-01T14:20:13","modified_gmt":"2024-08-01T06:20:13","slug":"three-tracks-vibratory-parts-feeder-for-white-caps","status":"publish","type":"product","link":"https:\/\/swoer.com\/tr\/manufacturer\/three-tracks-vibratory-parts-feeder-for-white-caps\/","title":{"rendered":"Beyaz Kapaklar i\u00e7in \u00dc\u00e7 Kanall\u0131 Titre\u015fimli Par\u00e7a Besleyici"},"content":{"rendered":"<p>SWOER olarak, \u00dc\u00e7 Kanall\u0131 Titre\u015fimli Par\u00e7a Besleyicilerini par\u00e7alar\u0131n kesin \u00f6zelliklerine ve m\u00fc\u015fterilerimizin \u00f6zel gereksinimlerine uyacak \u015fekilde uyarlama konusunda uzman\u0131z. \u00d6zelle\u015ftirilmi\u015f \u00e7\u00f6z\u00fcmlerimiz, beyaz kapaklar ve benzer bile\u015fenlerin i\u015flenmesinde optimum performans ve do\u011fruluk sa\u011flar.<\/p>\n<p>\u00dcstelik, y\u00fcksek kalite standartlar\u0131n\u0131 korurken uygun fiyatl\u0131l\u0131\u011f\u0131 garanti eden rekabet\u00e7i fabrika fiyatlar\u0131 sunuyoruz. \u0130htiya\u00e7lar\u0131n\u0131za ve b\u00fct\u00e7e k\u0131s\u0131tlamalar\u0131n\u0131za m\u00fckemmel \u015fekilde uyum sa\u011flayan \u00f6zelle\u015ftirilmi\u015f titre\u015fimli par\u00e7a besleyiciler i\u00e7in SWOER&#039;a g\u00fcvenin.<\/p>\n\t<div id=\"gap-250546423\" class=\"gap-element clearfix\" style=\"display:block; height:auto;\">\n\t\t\n<style>\n#gap-250546423 {\n  padding-top: 30px;\n}\n<\/style>\n\t<\/div>\n\t\n<h2>Kase Besleyici Parametresi:<\/h2>\n<table width=\"684\">\n<tbody>\n<tr>\n<td width=\"183\">\u00dcr\u00fcn ad\u0131<\/td>\n<td width=\"501\">Beyaz Kapaklar i\u00e7in \u00dc\u00e7 Kanall\u0131 Titre\u015fimli Par\u00e7a Besleyici<\/td>\n<\/tr>\n<tr>\n<td>Malzeme<\/td>\n<td>\u00a0SUS201\/304<\/td>\n<\/tr>\n<tr>\n<td>Malzeme Uzmanl\u0131\u011f\u0131<\/td>\n<td>So\u011fuk i\u015flem d\u00f6vme ala\u015f\u0131m\u0131, Y\u00fcksek mukavemet, Y\u00fcksek sertlik<\/td>\n<\/tr>\n<tr>\n<td>Gerilim<\/td>\n<td>220V<\/td>\n<\/tr>\n<tr>\n<td>G\u00fc\u00e7<\/td>\n<td>65W \/150W \/180W \/ 220W \/ 350W<\/td>\n<\/tr>\n<tr>\n<td>Kimlik do\u011frulama<\/td>\n<td>CE, ROHS, ISO9001<\/td>\n<\/tr>\n<tr>\n<td>Garanti<\/td>\n<td>1 y\u0131l garanti<\/td>\n<\/tr>\n<tr>\n<td>Adedi<\/td>\n<td>1 tak\u0131m<\/td>\n<\/tr>\n<tr>\n<td>Kur\u015fun zaman\u0131<\/td>\n<td>10-14 g\u00fcn<\/td>\n<\/tr>\n<tr>\n<td>\u00d6deme ko\u015fulu<\/td>\n<td>T\/T 40% Sevkiyat \u00f6ncesi depozito ve bakiye<\/td>\n<\/tr>\n<tr>\n<td>Yerin Orjinali<\/td>\n<td>\u00c7in<\/td>\n<\/tr>\n<\/tbody>\n<\/table>\n\t<div id=\"gap-74195008\" class=\"gap-element clearfix\" style=\"display:block; height:auto;\">\n\t\t\n<style>\n#gap-74195008 {\n  padding-top: 30px;\n}\n<\/style>\n\t<\/div>\n\t\n<h2>Beyaz Ba\u015fl\u0131k Detaylar\u0131:<\/h2>\n\t<div class=\"img has-hover x md-x lg-x y md-y lg-y\" id=\"image_1796593259\">\n\t\t\t\t\t\t\t\t<div class=\"img-inner dark\" >\n\t\t\t<img loading=\"lazy\" decoding=\"async\" width=\"104\" height=\"150\" src=\"https:\/\/swoer.com\/wp-content\/uploads\/2024\/03\/white-cap-detail-104x150.webp\" class=\"attachment-thumbnail size-thumbnail\" alt=\"beyaz ba\u015fl\u0131k detay\u0131\" \/>\t\t\t\t\t\t\n\t\t\t\t\t<\/div>\n\t\t\t\t\t\t\t\t\n<style>\n#image_1796593259 {\n  width: 25%;\n}\n<\/style>\n\t<\/div>\n\t\n\t<div id=\"gap-741331766\" class=\"gap-element clearfix\" style=\"display:block; height:auto;\">\n\t\t\n<style>\n#gap-741331766 {\n  padding-top: 30px;\n}\n<\/style>\n\t<\/div>\n\t\n<h3><strong>\u0130htiya\u00e7lar\u0131n\u0131z i\u00e7in l\u00fctfen bize a\u015fa\u011f\u0131daki ayr\u0131nt\u0131lar\u0131 sa\u011flay\u0131n:<\/strong><\/h3>\n<ul>\n<li><strong>Bile\u015fen Ayr\u0131nt\u0131lar\u0131<\/strong>: Bile\u015fenlerin resimleri, boyutlar\u0131 ve varsa 3 boyutlu \u00e7izimleri.<\/li>\n<li><strong>Gerekli H\u0131z<\/strong>: Dakikadaki par\u00e7a say\u0131s\u0131 (\u00f6rn. 30 adet\/dak).<\/li>\n<li><strong>D\u00f6nen Y\u00f6n<\/strong>: Besleyici saat y\u00f6n\u00fcnde mi yoksa saat y\u00f6n\u00fcn\u00fcn tersine mi d\u00f6nmeli?<\/li>\n<li><strong>Besleme Y\u00f6n\u00fc<\/strong>: Besleme s\u0131ras\u0131nda bile\u015fenlerin istenen y\u00f6n\u00fc.<\/li>\n<li><strong>Ek ekipman<\/strong>: Do\u011frusal besleyiciye, s\u00fcp\u00fcrgeli\u011fe veya hazneye mi ihtiyac\u0131n\u0131z var?<\/li>\n<\/ul>\n<p>Bu bilgilerle ihtiya\u00e7lar\u0131n\u0131z\u0131 derhal de\u011ferlendirece\u011fiz ve size \u00f6zel bir teklif sunaca\u011f\u0131z.<\/p>\n\t<div id=\"gap-449905080\" class=\"gap-element clearfix\" style=\"display:block; height:auto;\">\n\t\t\n<style>\n#gap-449905080 {\n  padding-top: 30px;\n}\n<\/style>\n\t<\/div>\n\t\n<h2 style=\"text-align: center;\">Bize Ula\u015f\u0131n<\/h2>\n\n<div class=\"wpcf7 no-js\" id=\"wpcf7-f5-o1\" lang=\"en-US\" dir=\"ltr\">\n<div class=\"screen-reader-response\"><p role=\"status\" aria-live=\"polite\" aria-atomic=\"true\"><\/p> <ul><\/ul><\/div>\n<form action=\"\/tr\/wp-json\/wp\/v2\/product\/1738#wpcf7-f5-o1\" method=\"post\" class=\"wpcf7-form init\" aria-label=\"\u0130leti\u015fim Formu\" novalidate=\"novalidate\" data-status=\"init\" data-trp-original-action=\"\/tr\/wp-json\/wp\/v2\/product\/1738#wpcf7-f5-o1\">\n<div style=\"display: none;\">\n<input type=\"hidden\" name=\"_wpcf7\" value=\"5\" \/>\n<input type=\"hidden\" name=\"_wpcf7_version\" value=\"5.9.2\" \/>\n<input type=\"hidden\" name=\"_wpcf7_locale\" value=\"en_US\" \/>\n<input type=\"hidden\" name=\"_wpcf7_unit_tag\" value=\"wpcf7-f5-o1\" \/>\n<input type=\"hidden\" name=\"_wpcf7_container_post\" value=\"0\" \/>\n<input type=\"hidden\" name=\"_wpcf7_posted_data_hash\" value=\"\" \/>\n<\/div>\n<div class='custom_contact_style'>\n\t<p><label> Ad\u0131n\u0131z<br \/>\n<span class=\"wpcf7-form-control-wrap\" data-name=\"your-name\"><input size=\"40\" class=\"wpcf7-form-control wpcf7-text wpcf7-validates-as-required\" autocomplete=\"name\" aria-required=\"true\" aria-invalid=\"false\" value=\"\" type=\"text\" name=\"your-name\" \/><\/span> <\/label>\n\t<\/p>\n\t<p><label> E-posta adresiniz<br \/>\n<span class=\"wpcf7-form-control-wrap\" data-name=\"your-email\"><input size=\"40\" class=\"wpcf7-form-control wpcf7-email wpcf7-validates-as-required wpcf7-text wpcf7-validates-as-email\" autocomplete=\"email\" aria-required=\"true\" aria-invalid=\"false\" value=\"\" type=\"email\" name=\"your-email\" \/><\/span> <\/label>\n\t<\/p>\n\t<p><label> Mesaj\u0131n\u0131z (iste\u011fe ba\u011fl\u0131)<br \/>\n<span class=\"wpcf7-form-control-wrap\" data-name=\"your-message\"><textarea cols=\"40\" rows=\"10\" class=\"wpcf7-form-control wpcf7-textarea\" aria-invalid=\"false\" name=\"your-message\"><\/textarea><\/span> <\/label>\n\t<\/p>\n\t<div style=\"margin-bottom:10px;\">\n\t\t<p><span class=\"wpcf7-form-control-wrap kc_captcha cf7ic-toggle\" data-name=\"kc_captcha\"><span class=\"wpcf7-form-control wpcf7-radio\"><span class=\"captcha-image\" style=\"display: none;\"><span class=\"cf7ic_instructions\">L\u00fctfen se\u00e7erek insan oldu\u011funuzu kan\u0131tlay\u0131n.<span> flag<\/span>.<\/span><label><input aria-label=\"1\" type=\"radio\" name=\"kc_captcha\" value=\"bot\" \/><svg aria-hidden=\"true\" role=\"img\" xmlns=\"http:\/\/www.w3.org\/2000\/svg\" viewbox=\"0 0 576 512\"><path fill=\"currentColor\" d=\"M259 18l-65 132-146 22c-26 3-37 36-18 54l106 103-25 146c-5 26 23 46 46 33l131-68 131 68c23 13 51-7 46-33l-25-146 106-103c19-18 8-51-18-54l-146-22-65-132a32 32 0 00-58 0z\"\/><\/svg><\/label><label><input aria-label=\"2\" type=\"radio\" name=\"kc_captcha\" value=\"bot\" \/><svg aria-hidden=\"true\" role=\"img\" xmlns=\"http:\/\/www.w3.org\/2000\/svg\" viewbox=\"0 0 640 512\"><path fill=\"currentColor\" d=\"M192 384h192c53 0 96-43 96-96h32a128 128 0 000-256H120c-13 0-24 11-24 24v232c0 53 43 96 96 96zM512 96a64 64 0 010 128h-32V96h32zm48 384H48c-47 0-61-64-36-64h584c25 0 11 64-36 64z\"\/><\/svg><\/label><label><input aria-label=\"3\" type=\"radio\" name=\"kc_captcha\" value=\"kc_human\" \/><svg aria-hidden=\"true\" role=\"img\" xmlns=\"http:\/\/www.w3.org\/2000\/svg\" viewbox=\"0 0 512 512\"><path fill=\"currentColor\" d=\"M350 99c-54 0-98-35-166-35-25 0-47 4-68 12a56 56 0 004-24C118 24 95 1 66 0a56 56 0 00-34 102v386c0 13 11 24 24 24h16c13 0 24-11 24-24v-94c28-12 64-23 114-23 54 0 98 35 166 35 48 0 86-16 122-41 9-6 14-15 14-26V96c0-23-24-39-45-29-35 16-77 32-117 32z\"\/><\/svg><\/label>\r\n    <\/span>\r\n    <span style=\"display:none\">\r\n        <input type=\"text\" name=\"kc_honeypot\">\r\n    <\/span><\/span><\/span>\n\t\t<\/p>\n\t<\/div>\n\t<p><input class=\"wpcf7-form-control wpcf7-submit has-spinner\" type=\"submit\" value=\"G\u00f6ndermek\" \/>\n\t<\/p>\n<\/div><div class=\"wpcf7-response-output\" aria-hidden=\"true\"><\/div>\n<input type=\"hidden\" name=\"trp-form-language\" value=\"tr\"\/><\/form>\n<\/div>","protected":false},"excerpt":{"rendered":"<p>SWOER, rekabet\u00e7i fabrika fiyatlar\u0131yla, par\u00e7a \u00f6zelliklerini ve m\u00fc\u015fteri ihtiya\u00e7lar\u0131n\u0131 kar\u015f\u0131layacak \u015fekilde \u00dc\u00e7 Kanall\u0131 Titre\u015fimli Par\u00e7a Besleyicilerini \u00f6zelle\u015ftirme konusunda uzmanla\u015fm\u0131\u015ft\u0131r.<\/p>\n<p>Kase besleyici fiyatlar\u0131n\u0131 \u00f6\u011frenmek istiyorsan\u0131z l\u00fctfen bizimle ileti\u015fime ge\u00e7in.<\/p>","protected":false},"featured_media":1739,"comment_status":"open","ping_status":"closed","template":"","meta":[],"product_cat":[37],"product_tag":[],"yoast_head":"<!-- This site is optimized with the Yoast SEO plugin v22.2 - https:\/\/yoast.com\/wordpress\/plugins\/seo\/ -->\n<title>Three Tracks Vibratory Parts Feeder for White Caps - SWOER<\/title>\n<meta name=\"description\" content=\"Three Tracks Vibratory Parts Feeder for white caps. Custom solutions, fast delivery, and CE\/UL-certified quality. Optimize your production with SWOER today.\" \/>\n<meta name=\"robots\" content=\"index, follow, max-snippet:-1, max-image-preview:large, max-video-preview:-1\" \/>\n<link rel=\"canonical\" href=\"https:\/\/swoer.com\/tr\/manufacturer\/three-tracks-vibratory-parts-feeder-for-white-caps\/\" \/>\n<meta property=\"og:locale\" content=\"tr_TR\" \/>\n<meta property=\"og:type\" content=\"article\" \/>\n<meta property=\"og:title\" content=\"Three Tracks Vibratory Parts Feeder for White Caps - SWOER\" \/>\n<meta property=\"og:description\" content=\"Three Tracks Vibratory Parts Feeder for white caps. Custom solutions, fast delivery, and CE\/UL-certified quality. Optimize your production with SWOER today.\" \/>\n<meta property=\"og:url\" content=\"https:\/\/swoer.com\/tr\/manufacturer\/three-tracks-vibratory-parts-feeder-for-white-caps\/\" \/>\n<meta property=\"og:site_name\" content=\"SWOER\" \/>\n<meta property=\"article:modified_time\" content=\"2024-08-01T06:20:13+00:00\" \/>\n<meta property=\"og:image\" content=\"https:\/\/swoer.com\/wp-content\/uploads\/2024\/03\/three-tracks-vibratory-parts-feeder-for-white-caps.webp\" \/>\n\t<meta property=\"og:image:width\" content=\"1000\" \/>\n\t<meta property=\"og:image:height\" content=\"1000\" \/>\n\t<meta property=\"og:image:type\" content=\"image\/webp\" \/>\n<meta name=\"twitter:card\" content=\"summary_large_image\" \/>\n<meta name=\"twitter:label1\" content=\"Tahmini okuma s\u00fcresi\" \/>\n\t<meta name=\"twitter:data1\" content=\"2 dakika\" \/>\n<script type=\"application\/ld+json\" class=\"yoast-schema-graph\">{\"@context\":\"https:\/\/schema.org\",\"@graph\":[{\"@type\":\"WebPage\",\"@id\":\"https:\/\/swoer.com\/manufacturer\/three-tracks-vibratory-parts-feeder-for-white-caps\/\",\"url\":\"https:\/\/swoer.com\/manufacturer\/three-tracks-vibratory-parts-feeder-for-white-caps\/\",\"name\":\"Three Tracks Vibratory Parts Feeder for White Caps - SWOER\",\"isPartOf\":{\"@id\":\"https:\/\/swoer.com\/#website\"},\"primaryImageOfPage\":{\"@id\":\"https:\/\/swoer.com\/manufacturer\/three-tracks-vibratory-parts-feeder-for-white-caps\/#primaryimage\"},\"image\":{\"@id\":\"https:\/\/swoer.com\/manufacturer\/three-tracks-vibratory-parts-feeder-for-white-caps\/#primaryimage\"},\"thumbnailUrl\":\"https:\/\/swoer.com\/wp-content\/uploads\/2024\/03\/three-tracks-vibratory-parts-feeder-for-white-caps.webp\",\"datePublished\":\"2024-03-30T03:53:19+00:00\",\"dateModified\":\"2024-08-01T06:20:13+00:00\",\"description\":\"Three Tracks Vibratory Parts Feeder for white caps. Custom solutions, fast delivery, and CE\/UL-certified quality. Optimize your production with SWOER today.\",\"breadcrumb\":{\"@id\":\"https:\/\/swoer.com\/manufacturer\/three-tracks-vibratory-parts-feeder-for-white-caps\/#breadcrumb\"},\"inLanguage\":\"tr\",\"potentialAction\":[{\"@type\":\"ReadAction\",\"target\":[\"https:\/\/swoer.com\/manufacturer\/three-tracks-vibratory-parts-feeder-for-white-caps\/\"]}]},{\"@type\":\"ImageObject\",\"inLanguage\":\"tr\",\"@id\":\"https:\/\/swoer.com\/manufacturer\/three-tracks-vibratory-parts-feeder-for-white-caps\/#primaryimage\",\"url\":\"https:\/\/swoer.com\/wp-content\/uploads\/2024\/03\/three-tracks-vibratory-parts-feeder-for-white-caps.webp\",\"contentUrl\":\"https:\/\/swoer.com\/wp-content\/uploads\/2024\/03\/three-tracks-vibratory-parts-feeder-for-white-caps.webp\",\"width\":1000,\"height\":1000,\"caption\":\"three tracks vibratory parts feeder for white caps\"},{\"@type\":\"BreadcrumbList\",\"@id\":\"https:\/\/swoer.com\/manufacturer\/three-tracks-vibratory-parts-feeder-for-white-caps\/#breadcrumb\",\"itemListElement\":[{\"@type\":\"ListItem\",\"position\":1,\"name\":\"Home\",\"item\":\"https:\/\/swoer.com\/\"},{\"@type\":\"ListItem\",\"position\":2,\"name\":\"Shop\",\"item\":\"https:\/\/swoer.com\/shop\/\"},{\"@type\":\"ListItem\",\"position\":3,\"name\":\"Three Tracks Vibratory Parts Feeder for White Caps\"}]},{\"@type\":\"WebSite\",\"@id\":\"https:\/\/swoer.com\/#website\",\"url\":\"https:\/\/swoer.com\/\",\"name\":\"SWOER\",\"description\":\"Swoer is the top 3 vibratory bowl feeder manufacturer in China\",\"potentialAction\":[{\"@type\":\"SearchAction\",\"target\":{\"@type\":\"EntryPoint\",\"urlTemplate\":\"https:\/\/swoer.com\/?s={search_term_string}\"},\"query-input\":\"required name=search_term_string\"}],\"inLanguage\":\"tr\"}]}<\/script>\n<!-- \/ Yoast SEO plugin. -->","yoast_head_json":{"title":"Three Tracks Vibratory Parts Feeder for White Caps - SWOER","description":"Three Tracks Vibratory Parts Feeder for white caps. Custom solutions, fast delivery, and CE\/UL-certified quality. Optimize your production with SWOER today.","robots":{"index":"index","follow":"follow","max-snippet":"max-snippet:-1","max-image-preview":"max-image-preview:large","max-video-preview":"max-video-preview:-1"},"canonical":"https:\/\/swoer.com\/tr\/manufacturer\/three-tracks-vibratory-parts-feeder-for-white-caps\/","og_locale":"tr_TR","og_type":"article","og_title":"Three Tracks Vibratory Parts Feeder for White Caps - SWOER","og_description":"Three Tracks Vibratory Parts Feeder for white caps. Custom solutions, fast delivery, and CE\/UL-certified quality. Optimize your production with SWOER today.","og_url":"https:\/\/swoer.com\/tr\/manufacturer\/three-tracks-vibratory-parts-feeder-for-white-caps\/","og_site_name":"SWOER","article_modified_time":"2024-08-01T06:20:13+00:00","og_image":[{"width":1000,"height":1000,"url":"https:\/\/swoer.com\/wp-content\/uploads\/2024\/03\/three-tracks-vibratory-parts-feeder-for-white-caps.webp","type":"image\/webp"}],"twitter_card":"summary_large_image","twitter_misc":{"Tahmini okuma s\u00fcresi":"2 dakika"},"schema":{"@context":"https:\/\/schema.org","@graph":[{"@type":"WebPage","@id":"https:\/\/swoer.com\/manufacturer\/three-tracks-vibratory-parts-feeder-for-white-caps\/","url":"https:\/\/swoer.com\/manufacturer\/three-tracks-vibratory-parts-feeder-for-white-caps\/","name":"Three Tracks Vibratory Parts Feeder for White Caps - SWOER","isPartOf":{"@id":"https:\/\/swoer.com\/#website"},"primaryImageOfPage":{"@id":"https:\/\/swoer.com\/manufacturer\/three-tracks-vibratory-parts-feeder-for-white-caps\/#primaryimage"},"image":{"@id":"https:\/\/swoer.com\/manufacturer\/three-tracks-vibratory-parts-feeder-for-white-caps\/#primaryimage"},"thumbnailUrl":"https:\/\/swoer.com\/wp-content\/uploads\/2024\/03\/three-tracks-vibratory-parts-feeder-for-white-caps.webp","datePublished":"2024-03-30T03:53:19+00:00","dateModified":"2024-08-01T06:20:13+00:00","description":"Three Tracks Vibratory Parts Feeder for white caps. Custom solutions, fast delivery, and CE\/UL-certified quality. Optimize your production with SWOER today.","breadcrumb":{"@id":"https:\/\/swoer.com\/manufacturer\/three-tracks-vibratory-parts-feeder-for-white-caps\/#breadcrumb"},"inLanguage":"tr","potentialAction":[{"@type":"ReadAction","target":["https:\/\/swoer.com\/manufacturer\/three-tracks-vibratory-parts-feeder-for-white-caps\/"]}]},{"@type":"ImageObject","inLanguage":"tr","@id":"https:\/\/swoer.com\/manufacturer\/three-tracks-vibratory-parts-feeder-for-white-caps\/#primaryimage","url":"https:\/\/swoer.com\/wp-content\/uploads\/2024\/03\/three-tracks-vibratory-parts-feeder-for-white-caps.webp","contentUrl":"https:\/\/swoer.com\/wp-content\/uploads\/2024\/03\/three-tracks-vibratory-parts-feeder-for-white-caps.webp","width":1000,"height":1000,"caption":"three tracks vibratory parts feeder for white caps"},{"@type":"BreadcrumbList","@id":"https:\/\/swoer.com\/manufacturer\/three-tracks-vibratory-parts-feeder-for-white-caps\/#breadcrumb","itemListElement":[{"@type":"ListItem","position":1,"name":"Home","item":"https:\/\/swoer.com\/"},{"@type":"ListItem","position":2,"name":"Shop","item":"https:\/\/swoer.com\/shop\/"},{"@type":"ListItem","position":3,"name":"Three Tracks Vibratory Parts Feeder for White Caps"}]},{"@type":"WebSite","@id":"https:\/\/swoer.com\/#website","url":"https:\/\/swoer.com\/","name":"SWOER","description":"Swoer is the top 3 vibratory bowl feeder manufacturer in China","potentialAction":[{"@type":"SearchAction","target":{"@type":"EntryPoint","urlTemplate":"https:\/\/swoer.com\/?s={search_term_string}"},"query-input":"required name=search_term_string"}],"inLanguage":"tr"}]}},"_links":{"self":[{"href":"https:\/\/swoer.com\/tr\/wp-json\/wp\/v2\/product\/1738"}],"collection":[{"href":"https:\/\/swoer.com\/tr\/wp-json\/wp\/v2\/product"}],"about":[{"href":"https:\/\/swoer.com\/tr\/wp-json\/wp\/v2\/types\/product"}],"replies":[{"embeddable":true,"href":"https:\/\/swoer.com\/tr\/wp-json\/wp\/v2\/comments?post=1738"}],"wp:featuredmedia":[{"embeddable":true,"href":"https:\/\/swoer.com\/tr\/wp-json\/wp\/v2\/media\/1739"}],"wp:attachment":[{"href":"https:\/\/swoer.com\/tr\/wp-json\/wp\/v2\/media?parent=1738"}],"wp:term":[{"taxonomy":"product_cat","embeddable":true,"href":"https:\/\/swoer.com\/tr\/wp-json\/wp\/v2\/product_cat?post=1738"},{"taxonomy":"product_tag","embeddable":true,"href":"https:\/\/swoer.com\/tr\/wp-json\/wp\/v2\/product_tag?post=1738"}],"curies":[{"name":"wp","href":"https:\/\/api.w.org\/{rel}","templated":true}]}}