{"id":1708,"date":"2024-03-29T08:32:52","date_gmt":"2024-03-29T08:32:52","guid":{"rendered":"https:\/\/lightgrey-porpoise-816575.hostingersite.com\/?post_type=product&#038;p=1708"},"modified":"2024-08-01T09:55:42","modified_gmt":"2024-08-01T01:55:42","slug":"red-caps-bowl-feeder-3d-model","status":"publish","type":"product","link":"https:\/\/swoer.com\/tr\/manufacturer\/red-caps-bowl-feeder-3d-model\/","title":{"rendered":"K\u0131rm\u0131z\u0131 Kapakl\u0131 Kase Besleyici 3D Modeli"},"content":{"rendered":"<h2>Kase Besleyici \u00d6zellikleri:<\/h2>\n<table width=\"684\">\n<tbody>\n<tr>\n<td width=\"183\">\u00dcr\u00fcn ad\u0131<\/td>\n<td width=\"501\">K\u0131rm\u0131z\u0131 Kapakl\u0131 Kase Besleyici 3D Modeli<\/td>\n<\/tr>\n<tr>\n<td>Malzeme<\/td>\n<td>\u00a0SUS201\/304<\/td>\n<\/tr>\n<tr>\n<td>Malzeme Uzmanl\u0131\u011f\u0131<\/td>\n<td>So\u011fuk i\u015flem d\u00f6vme ala\u015f\u0131m\u0131, Y\u00fcksek mukavemet, Y\u00fcksek sertlik<\/td>\n<\/tr>\n<tr>\n<td>Gerilim<\/td>\n<td>220V<\/td>\n<\/tr>\n<tr>\n<td>G\u00fc\u00e7<\/td>\n<td>65W \/150W \/180W \/ 220W \/ 350W<\/td>\n<\/tr>\n<tr>\n<td>Kimlik do\u011frulama<\/td>\n<td>CE, ROHS, ISO9001<\/td>\n<\/tr>\n<tr>\n<td>Garanti<\/td>\n<td>1 y\u0131l garanti<\/td>\n<\/tr>\n<tr>\n<td>Adedi<\/td>\n<td>1 tak\u0131m<\/td>\n<\/tr>\n<tr>\n<td>Kur\u015fun zaman\u0131<\/td>\n<td>10-14 g\u00fcn<\/td>\n<\/tr>\n<tr>\n<td>\u00d6deme ko\u015fulu<\/td>\n<td>T\/T 40% Sevkiyat \u00f6ncesi depozito ve bakiye<\/td>\n<\/tr>\n<tr>\n<td>Yerin Orjinali<\/td>\n<td>\u00c7in<\/td>\n<\/tr>\n<\/tbody>\n<\/table>\n<h3><\/h3>\n<h2>K\u0131rm\u0131z\u0131 \u015eapka Detaylar\u0131:<\/h2>\n\t<div class=\"img has-hover x md-x lg-x y md-y lg-y\" id=\"image_1377303251\">\n\t\t\t\t\t\t\t\t<div class=\"img-inner dark\" >\n\t\t\t<img loading=\"lazy\" decoding=\"async\" width=\"336\" height=\"191\" src=\"https:\/\/swoer.com\/wp-content\/uploads\/2024\/03\/Red-Cap-Detail.webp\" class=\"attachment-original size-original\" alt=\"K\u0131rm\u0131z\u0131 Ba\u015fl\u0131k Detay\u0131\" srcset=\"https:\/\/swoer.com\/wp-content\/uploads\/2024\/03\/Red-Cap-Detail.webp 336w, https:\/\/swoer.com\/wp-content\/uploads\/2024\/03\/Red-Cap-Detail-300x171.webp 300w\" sizes=\"(max-width: 336px) 100vw, 336px\" \/>\t\t\t\t\t\t\n\t\t\t\t\t<\/div>\n\t\t\t\t\t\t\t\t\n<style>\n#image_1377303251 {\n  width: 48%;\n}\n<\/style>\n\t<\/div>\n\t\n\t<div id=\"gap-1086155382\" class=\"gap-element clearfix\" style=\"display:block; height:auto;\">\n\t\t\n<style>\n#gap-1086155382 {\n  padding-top: 30px;\n}\n<\/style>\n\t<\/div>\n\t\n<p><strong>Otomasyon projenizi hayata ge\u00e7irmeye haz\u0131r m\u0131s\u0131n\u0131z?<\/strong>\u00a0SWOER yard\u0131mc\u0131 olabilir.<\/p>\n<p><strong>\u00d6zel gereksinimlerinizi payla\u015f\u0131n<\/strong>\u00a0ve Red Caps Bowl Feeder&#039;\u0131n\u0131z i\u00e7in \u00f6zel bir fiyat teklifi sunaca\u011f\u0131z. Bize \u015funlardan bahsedin:<\/p>\n<ul>\n<li><strong>Par\u00e7a detaylar\u0131:<\/strong>Bile\u015fenlerinizin g\u00f6rsellerini, boyutlar\u0131n\u0131 veya 3D modellerini y\u00fckleyin.<\/li>\n<li><strong>\u0130stenilen h\u0131z:<\/strong>Dakikada ka\u00e7 par\u00e7aya ihtiyac\u0131n\u0131z var?<\/li>\n<li><strong>Oryantasyon:<\/strong>Saat y\u00f6n\u00fcnde mi yoksa saat y\u00f6n\u00fcn\u00fcn tersine mi d\u00f6n\u00fc\u015fe ihtiyac\u0131n\u0131z var? \u0130deal besleme y\u00f6n\u00fc nedir?<\/li>\n<li><strong>Ek donan\u0131m:<\/strong>Do\u011frusal besleyiciye, s\u00fcp\u00fcrgeli\u011fe veya huniye mi ihtiyac\u0131n\u0131z var?<\/li>\n<\/ul>\n<p><strong>\u0130htiya\u00e7lar\u0131n\u0131z\u0131 tam olarak kar\u015f\u0131layan bir \u00e7\u00f6z\u00fcm tasarlamak i\u00e7in sizinle yak\u0131n bir \u015fekilde \u00e7al\u0131\u015faca\u011f\u0131z.<\/strong>\u00a0Deneyimli m\u00fchendislerimiz, optimum performans ve verimlili\u011fi garanti eden \u00f6zel bir yemlik yaratacakt\u0131r.<\/p>\n<p><strong>Bug\u00fcn bizimle ileti\u015fime ge\u00e7in<\/strong>\u00a0Projenizi tart\u0131\u015fmak ve ba\u015flamak i\u00e7in.<\/p>\n\t<div id=\"gap-598288266\" class=\"gap-element clearfix\" style=\"display:block; height:auto;\">\n\t\t\n<style>\n#gap-598288266 {\n  padding-top: 30px;\n}\n<\/style>\n\t<\/div>\n\t\n<h2 style=\"text-align: center;\"><strong>Bize Ula\u015f\u0131n<\/strong><\/h2>\n\n<div class=\"wpcf7 no-js\" id=\"wpcf7-f280-o1\" lang=\"en-US\" dir=\"ltr\">\n<div class=\"screen-reader-response\"><p role=\"status\" aria-live=\"polite\" aria-atomic=\"true\"><\/p> <ul><\/ul><\/div>\n<form action=\"\/tr\/wp-json\/wp\/v2\/product\/1708#wpcf7-f280-o1\" method=\"post\" class=\"wpcf7-form init\" aria-label=\"\u0130leti\u015fim Formu\" novalidate=\"novalidate\" data-status=\"init\" data-trp-original-action=\"\/tr\/wp-json\/wp\/v2\/product\/1708#wpcf7-f280-o1\">\n<div style=\"display: none;\">\n<input type=\"hidden\" name=\"_wpcf7\" value=\"280\" \/>\n<input type=\"hidden\" name=\"_wpcf7_version\" value=\"5.9.2\" \/>\n<input type=\"hidden\" name=\"_wpcf7_locale\" value=\"en_US\" \/>\n<input type=\"hidden\" name=\"_wpcf7_unit_tag\" value=\"wpcf7-f280-o1\" \/>\n<input type=\"hidden\" name=\"_wpcf7_container_post\" value=\"0\" \/>\n<input type=\"hidden\" name=\"_wpcf7_posted_data_hash\" value=\"\" \/>\n<\/div>\n<div class='custom_contact_style'>\n\t<div class=\"row row-small\">\n\t\t<div class=\"col medium-6 small-12 large-6\">\n\t\t\t<div class=\"col-inner\">\n\t\t\t\t<p><span class=\"wpcf7-form-control-wrap\" data-name=\"your-name\"><input size=\"40\" class=\"wpcf7-form-control wpcf7-text wpcf7-validates-as-required\" aria-required=\"true\" aria-invalid=\"false\" placeholder=\"\u0130sim*\" value=\"\" type=\"text\" name=\"your-name\" \/><\/span>\n\t\t\t\t<\/p>\n\t\t\t<\/div>\n\t\t<\/div>\n\t\t<div class=\"col medium-6 small-12 large-6\">\n\t\t\t<div class=\"col-inner\">\n\t\t\t\t<p><span class=\"wpcf7-form-control-wrap\" data-name=\"your-email\"><input size=\"40\" class=\"wpcf7-form-control wpcf7-email wpcf7-validates-as-required wpcf7-text wpcf7-validates-as-email\" aria-required=\"true\" aria-invalid=\"false\" placeholder=\"E-posta*\" value=\"\" type=\"email\" name=\"your-email\" \/><\/span>\n\t\t\t\t<\/p>\n\t\t\t<\/div>\n\t\t<\/div>\n\t<\/div>\n\t<div class='cus_contact_form_bottom'>\n\t\t<p><span class=\"wpcf7-form-control-wrap\" data-name=\"your-phone\"><input size=\"40\" class=\"wpcf7-form-control wpcf7-text\" aria-invalid=\"false\" placeholder=\"Telefon\" value=\"\" type=\"text\" name=\"your-phone\" \/><\/span>\n\t\t<\/p>\n\t<\/div>\n\t<div class='cus_contact_form_bottom'>\n\t\t<p><span class=\"wpcf7-form-control-wrap\" data-name=\"your-country\"><input size=\"40\" class=\"wpcf7-form-control wpcf7-text\" aria-invalid=\"false\" placeholder=\"\u00dclke\" value=\"\" type=\"text\" name=\"your-country\" \/><\/span>\n\t\t<\/p>\n\t<\/div>\n\t<p><span class=\"wpcf7-form-control-wrap\" data-name=\"your-message\"><textarea cols=\"40\" rows=\"10\" class=\"wpcf7-form-control wpcf7-textarea wpcf7-validates-as-required\" aria-required=\"true\" aria-invalid=\"false\" placeholder=\"Mesaj\u0131n *\" name=\"your-message\"><\/textarea><\/span>\n\t<\/p>\n\t<div style=\"margin-bottom:10px;\">\n\t\t<p><span class=\"wpcf7-form-control-wrap kc_captcha cf7ic-toggle\" data-name=\"kc_captcha\"><span class=\"wpcf7-form-control wpcf7-radio\"><span class=\"captcha-image\" style=\"display: none;\"><span class=\"cf7ic_instructions\">L\u00fctfen se\u00e7erek insan oldu\u011funuzu kan\u0131tlay\u0131n.<span> cup<\/span>.<\/span><label><input aria-label=\"1\" type=\"radio\" name=\"kc_captcha\" value=\"bot\" \/><svg aria-hidden=\"true\" role=\"img\" xmlns=\"http:\/\/www.w3.org\/2000\/svg\" viewbox=\"0 0 576 512\"><path fill=\"currentColor\" d=\"M488 313v143c0 13-11 24-24 24H348c-7 0-12-5-12-12V356c0-7-5-12-12-12h-72c-7 0-12 5-12 12v112c0 7-5 12-12 12H112c-13 0-24-11-24-24V313c0-4 2-7 4-10l188-154c5-4 11-4 16 0l188 154c2 3 4 6 4 10zm84-61l-84-69V44c0-6-5-12-12-12h-56c-7 0-12 6-12 12v73l-89-74a48 48 0 00-61 0L4 252c-5 4-5 12-1 17l25 31c5 5 12 5 17 1l235-193c5-4 11-4 16 0l235 193c5 5 13 4 17-1l25-31c4-6 4-13-1-17z\"\/><\/svg><\/label><label><input aria-label=\"2\" type=\"radio\" name=\"kc_captcha\" value=\"kc_human\" \/><svg aria-hidden=\"true\" role=\"img\" xmlns=\"http:\/\/www.w3.org\/2000\/svg\" viewbox=\"0 0 640 512\"><path fill=\"currentColor\" d=\"M192 384h192c53 0 96-43 96-96h32a128 128 0 000-256H120c-13 0-24 11-24 24v232c0 53 43 96 96 96zM512 96a64 64 0 010 128h-32V96h32zm48 384H48c-47 0-61-64-36-64h584c25 0 11 64-36 64z\"\/><\/svg><\/label><label><input aria-label=\"3\" type=\"radio\" name=\"kc_captcha\" value=\"bot\" \/><svg aria-hidden=\"true\" role=\"img\" xmlns=\"http:\/\/www.w3.org\/2000\/svg\" viewbox=\"0 0 512 512\"><path fill=\"currentColor\" d=\"M350 99c-54 0-98-35-166-35-25 0-47 4-68 12a56 56 0 004-24C118 24 95 1 66 0a56 56 0 00-34 102v386c0 13 11 24 24 24h16c13 0 24-11 24-24v-94c28-12 64-23 114-23 54 0 98 35 166 35 48 0 86-16 122-41 9-6 14-15 14-26V96c0-23-24-39-45-29-35 16-77 32-117 32z\"\/><\/svg><\/label>\r\n    <\/span>\r\n    <span style=\"display:none\">\r\n        <input type=\"text\" name=\"kc_honeypot\">\r\n    <\/span><\/span><\/span>\n\t\t<\/p>\n\t<\/div>\n\t<p><input class=\"wpcf7-form-control wpcf7-submit has-spinner\" type=\"submit\" value=\"Mesaj g\u00f6nder\" \/>\n\t<\/p>\n<\/div><div class=\"wpcf7-response-output\" aria-hidden=\"true\"><\/div>\n<input type=\"hidden\" name=\"trp-form-language\" value=\"tr\"\/><\/form>\n<\/div>","protected":false},"excerpt":{"rendered":"<p>SWOER Red Caps Kase Besleyici 3D Modeli: Profesyonel titre\u015fimli besleyici \u00fcreticileri size \u00fccretsiz 3D tasar\u0131m \u00e7\u00f6z\u00fcmleri sa\u011flar.<\/p>","protected":false},"featured_media":1709,"comment_status":"open","ping_status":"closed","template":"","meta":[],"product_cat":[37],"product_tag":[],"yoast_head":"<!-- This site is optimized with the Yoast SEO plugin v22.2 - https:\/\/yoast.com\/wordpress\/plugins\/seo\/ -->\n<title>Red Caps Bowl Feeder 3D Model | Bowl Feeder 3D Model Design<\/title>\n<meta name=\"description\" content=\"Need a custom bowl feeder solution? Our engineering team can design a bowl feeder tailored to your specific needs. Contact us today for a quote.\" \/>\n<meta name=\"robots\" content=\"index, follow, max-snippet:-1, max-image-preview:large, max-video-preview:-1\" \/>\n<link rel=\"canonical\" href=\"https:\/\/swoer.com\/tr\/manufacturer\/red-caps-bowl-feeder-3d-model\/\" \/>\n<meta property=\"og:locale\" content=\"tr_TR\" \/>\n<meta property=\"og:type\" content=\"article\" \/>\n<meta property=\"og:title\" content=\"Red Caps Bowl Feeder 3D Model | Bowl Feeder 3D Model Design\" \/>\n<meta property=\"og:description\" content=\"Need a custom bowl feeder solution? Our engineering team can design a bowl feeder tailored to your specific needs. Contact us today for a quote.\" \/>\n<meta property=\"og:url\" content=\"https:\/\/swoer.com\/tr\/manufacturer\/red-caps-bowl-feeder-3d-model\/\" \/>\n<meta property=\"og:site_name\" content=\"SWOER\" \/>\n<meta property=\"article:modified_time\" content=\"2024-08-01T01:55:42+00:00\" \/>\n<meta property=\"og:image\" content=\"https:\/\/swoer.com\/wp-content\/uploads\/2024\/03\/red-caps-bowl-feeder-3D-model-.webp\" \/>\n\t<meta property=\"og:image:width\" content=\"1000\" \/>\n\t<meta property=\"og:image:height\" content=\"1000\" \/>\n\t<meta property=\"og:image:type\" content=\"image\/webp\" \/>\n<meta name=\"twitter:card\" content=\"summary_large_image\" \/>\n<meta name=\"twitter:label1\" content=\"Tahmini okuma s\u00fcresi\" \/>\n\t<meta name=\"twitter:data1\" content=\"2 dakika\" \/>\n<script type=\"application\/ld+json\" class=\"yoast-schema-graph\">{\"@context\":\"https:\/\/schema.org\",\"@graph\":[{\"@type\":\"WebPage\",\"@id\":\"https:\/\/swoer.com\/manufacturer\/red-caps-bowl-feeder-3d-model\/\",\"url\":\"https:\/\/swoer.com\/manufacturer\/red-caps-bowl-feeder-3d-model\/\",\"name\":\"Red Caps Bowl Feeder 3D Model | Bowl Feeder 3D Model Design\",\"isPartOf\":{\"@id\":\"https:\/\/swoer.com\/#website\"},\"primaryImageOfPage\":{\"@id\":\"https:\/\/swoer.com\/manufacturer\/red-caps-bowl-feeder-3d-model\/#primaryimage\"},\"image\":{\"@id\":\"https:\/\/swoer.com\/manufacturer\/red-caps-bowl-feeder-3d-model\/#primaryimage\"},\"thumbnailUrl\":\"https:\/\/swoer.com\/wp-content\/uploads\/2024\/03\/red-caps-bowl-feeder-3D-model-.webp\",\"datePublished\":\"2024-03-29T08:32:52+00:00\",\"dateModified\":\"2024-08-01T01:55:42+00:00\",\"description\":\"Need a custom bowl feeder solution? Our engineering team can design a bowl feeder tailored to your specific needs. Contact us today for a quote.\",\"breadcrumb\":{\"@id\":\"https:\/\/swoer.com\/manufacturer\/red-caps-bowl-feeder-3d-model\/#breadcrumb\"},\"inLanguage\":\"tr\",\"potentialAction\":[{\"@type\":\"ReadAction\",\"target\":[\"https:\/\/swoer.com\/manufacturer\/red-caps-bowl-feeder-3d-model\/\"]}]},{\"@type\":\"ImageObject\",\"inLanguage\":\"tr\",\"@id\":\"https:\/\/swoer.com\/manufacturer\/red-caps-bowl-feeder-3d-model\/#primaryimage\",\"url\":\"https:\/\/swoer.com\/wp-content\/uploads\/2024\/03\/red-caps-bowl-feeder-3D-model-.webp\",\"contentUrl\":\"https:\/\/swoer.com\/wp-content\/uploads\/2024\/03\/red-caps-bowl-feeder-3D-model-.webp\",\"width\":1000,\"height\":1000,\"caption\":\"red caps bowl feeder 3D model\"},{\"@type\":\"BreadcrumbList\",\"@id\":\"https:\/\/swoer.com\/manufacturer\/red-caps-bowl-feeder-3d-model\/#breadcrumb\",\"itemListElement\":[{\"@type\":\"ListItem\",\"position\":1,\"name\":\"Home\",\"item\":\"https:\/\/swoer.com\/\"},{\"@type\":\"ListItem\",\"position\":2,\"name\":\"Shop\",\"item\":\"https:\/\/swoer.com\/shop\/\"},{\"@type\":\"ListItem\",\"position\":3,\"name\":\"Red Caps Bowl Feeder 3D Model\"}]},{\"@type\":\"WebSite\",\"@id\":\"https:\/\/swoer.com\/#website\",\"url\":\"https:\/\/swoer.com\/\",\"name\":\"SWOER\",\"description\":\"Swoer is the top 3 vibratory bowl feeder manufacturer in China\",\"potentialAction\":[{\"@type\":\"SearchAction\",\"target\":{\"@type\":\"EntryPoint\",\"urlTemplate\":\"https:\/\/swoer.com\/?s={search_term_string}\"},\"query-input\":\"required name=search_term_string\"}],\"inLanguage\":\"tr\"}]}<\/script>\n<!-- \/ Yoast SEO plugin. -->","yoast_head_json":{"title":"Red Caps Bowl Feeder 3D Model | Bowl Feeder 3D Model Design","description":"Need a custom bowl feeder solution? Our engineering team can design a bowl feeder tailored to your specific needs. Contact us today for a quote.","robots":{"index":"index","follow":"follow","max-snippet":"max-snippet:-1","max-image-preview":"max-image-preview:large","max-video-preview":"max-video-preview:-1"},"canonical":"https:\/\/swoer.com\/tr\/manufacturer\/red-caps-bowl-feeder-3d-model\/","og_locale":"tr_TR","og_type":"article","og_title":"Red Caps Bowl Feeder 3D Model | Bowl Feeder 3D Model Design","og_description":"Need a custom bowl feeder solution? Our engineering team can design a bowl feeder tailored to your specific needs. Contact us today for a quote.","og_url":"https:\/\/swoer.com\/tr\/manufacturer\/red-caps-bowl-feeder-3d-model\/","og_site_name":"SWOER","article_modified_time":"2024-08-01T01:55:42+00:00","og_image":[{"width":1000,"height":1000,"url":"https:\/\/swoer.com\/wp-content\/uploads\/2024\/03\/red-caps-bowl-feeder-3D-model-.webp","type":"image\/webp"}],"twitter_card":"summary_large_image","twitter_misc":{"Tahmini okuma s\u00fcresi":"2 dakika"},"schema":{"@context":"https:\/\/schema.org","@graph":[{"@type":"WebPage","@id":"https:\/\/swoer.com\/manufacturer\/red-caps-bowl-feeder-3d-model\/","url":"https:\/\/swoer.com\/manufacturer\/red-caps-bowl-feeder-3d-model\/","name":"Red Caps Bowl Feeder 3D Model | Bowl Feeder 3D Model Design","isPartOf":{"@id":"https:\/\/swoer.com\/#website"},"primaryImageOfPage":{"@id":"https:\/\/swoer.com\/manufacturer\/red-caps-bowl-feeder-3d-model\/#primaryimage"},"image":{"@id":"https:\/\/swoer.com\/manufacturer\/red-caps-bowl-feeder-3d-model\/#primaryimage"},"thumbnailUrl":"https:\/\/swoer.com\/wp-content\/uploads\/2024\/03\/red-caps-bowl-feeder-3D-model-.webp","datePublished":"2024-03-29T08:32:52+00:00","dateModified":"2024-08-01T01:55:42+00:00","description":"Need a custom bowl feeder solution? Our engineering team can design a bowl feeder tailored to your specific needs. Contact us today for a quote.","breadcrumb":{"@id":"https:\/\/swoer.com\/manufacturer\/red-caps-bowl-feeder-3d-model\/#breadcrumb"},"inLanguage":"tr","potentialAction":[{"@type":"ReadAction","target":["https:\/\/swoer.com\/manufacturer\/red-caps-bowl-feeder-3d-model\/"]}]},{"@type":"ImageObject","inLanguage":"tr","@id":"https:\/\/swoer.com\/manufacturer\/red-caps-bowl-feeder-3d-model\/#primaryimage","url":"https:\/\/swoer.com\/wp-content\/uploads\/2024\/03\/red-caps-bowl-feeder-3D-model-.webp","contentUrl":"https:\/\/swoer.com\/wp-content\/uploads\/2024\/03\/red-caps-bowl-feeder-3D-model-.webp","width":1000,"height":1000,"caption":"red caps bowl feeder 3D model"},{"@type":"BreadcrumbList","@id":"https:\/\/swoer.com\/manufacturer\/red-caps-bowl-feeder-3d-model\/#breadcrumb","itemListElement":[{"@type":"ListItem","position":1,"name":"Home","item":"https:\/\/swoer.com\/"},{"@type":"ListItem","position":2,"name":"Shop","item":"https:\/\/swoer.com\/shop\/"},{"@type":"ListItem","position":3,"name":"Red Caps Bowl Feeder 3D Model"}]},{"@type":"WebSite","@id":"https:\/\/swoer.com\/#website","url":"https:\/\/swoer.com\/","name":"SWOER","description":"Swoer is the top 3 vibratory bowl feeder manufacturer in China","potentialAction":[{"@type":"SearchAction","target":{"@type":"EntryPoint","urlTemplate":"https:\/\/swoer.com\/?s={search_term_string}"},"query-input":"required name=search_term_string"}],"inLanguage":"tr"}]}},"_links":{"self":[{"href":"https:\/\/swoer.com\/tr\/wp-json\/wp\/v2\/product\/1708"}],"collection":[{"href":"https:\/\/swoer.com\/tr\/wp-json\/wp\/v2\/product"}],"about":[{"href":"https:\/\/swoer.com\/tr\/wp-json\/wp\/v2\/types\/product"}],"replies":[{"embeddable":true,"href":"https:\/\/swoer.com\/tr\/wp-json\/wp\/v2\/comments?post=1708"}],"wp:featuredmedia":[{"embeddable":true,"href":"https:\/\/swoer.com\/tr\/wp-json\/wp\/v2\/media\/1709"}],"wp:attachment":[{"href":"https:\/\/swoer.com\/tr\/wp-json\/wp\/v2\/media?parent=1708"}],"wp:term":[{"taxonomy":"product_cat","embeddable":true,"href":"https:\/\/swoer.com\/tr\/wp-json\/wp\/v2\/product_cat?post=1708"},{"taxonomy":"product_tag","embeddable":true,"href":"https:\/\/swoer.com\/tr\/wp-json\/wp\/v2\/product_tag?post=1708"}],"curies":[{"name":"wp","href":"https:\/\/api.w.org\/{rel}","templated":true}]}}