{"id":1664,"date":"2024-03-28T00:26:35","date_gmt":"2024-03-28T00:26:35","guid":{"rendered":"https:\/\/lightgrey-porpoise-816575.hostingersite.com\/?post_type=product&#038;p=1664"},"modified":"2024-08-01T10:13:43","modified_gmt":"2024-08-01T02:13:43","slug":"metal-part-vibratory-bowl-feeder","status":"publish","type":"product","link":"https:\/\/swoer.com\/tr\/manufacturer\/metal-part-vibratory-bowl-feeder\/","title":{"rendered":"Metal Par\u00e7a i\u00e7in \u0130ki Par\u00e7al\u0131 Titre\u015fimli Kase Besleyici"},"content":{"rendered":"<p>Metal par\u00e7alar i\u00e7in titre\u015fimli \u00e7anak besleyici, end\u00fcstriyel otomasyonda metal bile\u015fenlerin s\u0131n\u0131fland\u0131r\u0131lmas\u0131, y\u00f6nlendirilmesi ve beslenmesi i\u00e7in kullan\u0131lan hassas m\u00fchendislik \u00fcr\u00fcn\u00fc bir cihazd\u0131r. Par\u00e7alar\u0131 dairesel bir \u00e7anak i\u00e7inde hareket ettirmek ve y\u00f6nlendirmek i\u00e7in titre\u015fimden faydalan\u0131r ve montaj veya \u00fcretim hatlar\u0131 i\u00e7in sorunsuz ve verimli bir besleme s\u00fcrecini kolayla\u015ft\u0131r\u0131r. Bu besleyiciler y\u00fcksek g\u00fcvenilirlik, do\u011fruluk ve uyarlanabilirlik i\u00e7in tasarland\u0131\u011f\u0131ndan otomotiv, elektronik ve makine \u00fcretimi gibi \u00e7e\u015fitli imalat end\u00fcstrilerinde temel ekipmanlar haline gelir.<\/p>\n<h2>Ana \u00d6zellikler:<\/h2>\n<ul>\n<li>Artt\u0131r\u0131lm\u0131\u015f kapasite ve kullan\u0131m h\u0131z\u0131 i\u00e7in iki palet<\/li>\n<li>Par\u00e7a hasar\u0131n\u0131 \u00f6nlemek i\u00e7in sorunsuz \u00e7al\u0131\u015fma<\/li>\n<li>Uzun s\u00fcreli performans i\u00e7in dayan\u0131kl\u0131 yap\u0131<\/li>\n<li>\u00d6zel \u00fcretim ihtiya\u00e7lar\u0131n\u0131 kar\u015f\u0131lamak i\u00e7in ayarlanabilir besleme h\u0131z\u0131<\/li>\n<li>Bak\u0131m\u0131 ve temizli\u011fi kolayd\u0131r<\/li>\n<\/ul>\n<h2>Matal Par\u00e7a Titre\u015fimli Kase Besleyici \u00d6zellikleri:<\/h2>\n<table width=\"684\">\n<tbody>\n<tr>\n<td width=\"183\">\u00dcr\u00fcn ad\u0131<\/td>\n<td width=\"501\">Metal Par\u00e7alar Titre\u015fimli Kase Besleyici<\/td>\n<\/tr>\n<tr>\n<td>Malzeme<\/td>\n<td>\u00a0SUS201\/304<\/td>\n<\/tr>\n<tr>\n<td>Malzeme Uzmanl\u0131\u011f\u0131<\/td>\n<td>So\u011fuk i\u015flem d\u00f6vme ala\u015f\u0131m\u0131, Y\u00fcksek mukavemet, Y\u00fcksek sertlik<\/td>\n<\/tr>\n<tr>\n<td>Gerilim<\/td>\n<td>220V<\/td>\n<\/tr>\n<tr>\n<td>G\u00fc\u00e7<\/td>\n<td>65W \/150W \/180W \/ 220W \/ 350W<\/td>\n<\/tr>\n<tr>\n<td>Kimlik do\u011frulama<\/td>\n<td>CE, ROHS, ISO9001<\/td>\n<\/tr>\n<tr>\n<td>Garanti<\/td>\n<td>1 y\u0131l garanti<\/td>\n<\/tr>\n<tr>\n<td>Adedi<\/td>\n<td>1 tak\u0131m<\/td>\n<\/tr>\n<tr>\n<td>Kur\u015fun zaman\u0131<\/td>\n<td>10-14 g\u00fcn<\/td>\n<\/tr>\n<tr>\n<td>\u00d6deme ko\u015fulu<\/td>\n<td>T\/T 40% Sevkiyat \u00f6ncesi depozito ve bakiye<\/td>\n<\/tr>\n<tr>\n<td>Yerin Orjinali<\/td>\n<td>\u00c7in<\/td>\n<\/tr>\n<\/tbody>\n<\/table>\n<h3>Metal Detaylar\u0131:<\/h3>\n\t<div class=\"img has-hover x md-x lg-x y md-y lg-y\" id=\"image_138260180\">\n\t\t\t\t\t\t\t\t<div class=\"img-inner dark\" >\n\t\t\t<img loading=\"lazy\" decoding=\"async\" width=\"727\" height=\"500\" src=\"https:\/\/swoer.com\/wp-content\/uploads\/2024\/03\/Metal-Detail.webp\" class=\"attachment-original size-original\" alt=\"Metal Detay\" srcset=\"https:\/\/swoer.com\/wp-content\/uploads\/2024\/03\/Metal-Detail.webp 727w, https:\/\/swoer.com\/wp-content\/uploads\/2024\/03\/Metal-Detail-300x206.webp 300w, https:\/\/swoer.com\/wp-content\/uploads\/2024\/03\/Metal-Detail-600x413.webp 600w\" sizes=\"(max-width: 727px) 100vw, 727px\" \/>\t\t\t\t\t\t\n\t\t\t\t\t<\/div>\n\t\t\t\t\t\t\t\t\n<style>\n#image_138260180 {\n  width: 55%;\n}\n<\/style>\n\t<\/div>\n\t\n\t<div id=\"gap-552529376\" class=\"gap-element clearfix\" style=\"display:block; height:auto;\">\n\t\t\n<style>\n#gap-552529376 {\n  padding-top: 30px;\n}\n<\/style>\n\t<\/div>\n\t\n<h3>\u00dcretim hatt\u0131n\u0131zda metal par\u00e7alar\u0131 beslemek i\u00e7in g\u00fcvenilir bir \u00e7\u00f6z\u00fcm m\u00fc ar\u0131yorsunuz?<\/h3>\n<p>Bunun yan\u0131t\u0131 SWOER&#039;in \u0130ki Par\u00e7al\u0131 Titre\u015fimli Kase Besleyicisidir. Hassasiyet ve h\u0131z i\u00e7in tasarlanan besleyicimiz \u00e7ok \u00e7e\u015fitli metal bile\u015fenleri kolayl\u0131kla i\u015fler.<\/p>\n<h3>\u00d6zel bir \u00e7\u00f6z\u00fcme mi ihtiyac\u0131n\u0131z var?<\/h3>\n<p>Uzman ekibimiz \u00f6zel gereksinimlerinize g\u00f6re uyarlanm\u0131\u015f bir besleyici tasarlayabilir. Par\u00e7a ayr\u0131nt\u0131lar\u0131n\u0131z\u0131, istedi\u011finiz h\u0131z\u0131 ve y\u00f6nlendirme tercihlerinizi payla\u015f\u0131n, size \u00f6zel bir fiyat teklifi sunal\u0131m.<\/p>\n<p>Daha az\u0131na raz\u0131 olmay\u0131n. SWOER&#039;in \u0130ki Par\u00e7al\u0131 Titre\u015fimli Kase Besleyicisinin verimlili\u011fini ve g\u00fcvenilirli\u011fini deneyimleyin. Projenizi tart\u0131\u015fmak i\u00e7in bug\u00fcn bizimle ileti\u015fime ge\u00e7in!<\/p>\n\t<div id=\"gap-1274460387\" class=\"gap-element clearfix\" style=\"display:block; height:auto;\">\n\t\t\n<style>\n#gap-1274460387 {\n  padding-top: 30px;\n}\n<\/style>\n\t<\/div>\n\t\n<h2 style=\"text-align: center;\">Bir teklif iste\u011fi<\/h2>\n\n<div class=\"wpcf7 no-js\" id=\"wpcf7-f288-o1\" lang=\"en-US\" dir=\"ltr\">\n<div class=\"screen-reader-response\"><p role=\"status\" aria-live=\"polite\" aria-atomic=\"true\"><\/p> <ul><\/ul><\/div>\n<form action=\"\/tr\/wp-json\/wp\/v2\/product\/1664#wpcf7-f288-o1\" method=\"post\" class=\"wpcf7-form init\" aria-label=\"\u0130leti\u015fim Formu\" novalidate=\"novalidate\" data-status=\"init\" data-trp-original-action=\"\/tr\/wp-json\/wp\/v2\/product\/1664#wpcf7-f288-o1\">\n<div style=\"display: none;\">\n<input type=\"hidden\" name=\"_wpcf7\" value=\"288\" \/>\n<input type=\"hidden\" name=\"_wpcf7_version\" value=\"5.9.2\" \/>\n<input type=\"hidden\" name=\"_wpcf7_locale\" value=\"en_US\" \/>\n<input type=\"hidden\" name=\"_wpcf7_unit_tag\" value=\"wpcf7-f288-o1\" \/>\n<input type=\"hidden\" name=\"_wpcf7_container_post\" value=\"0\" \/>\n<input type=\"hidden\" name=\"_wpcf7_posted_data_hash\" value=\"\" \/>\n<\/div>\n<p><label> Ad\u0131n\u0131z<br \/>\n<span class=\"wpcf7-form-control-wrap\" data-name=\"your-name\"><input size=\"40\" class=\"wpcf7-form-control wpcf7-text wpcf7-validates-as-required\" autocomplete=\"name\" aria-required=\"true\" aria-invalid=\"false\" value=\"\" type=\"text\" name=\"your-name\" \/><\/span> <\/label>\n<\/p>\n<p><label> E-posta adresiniz<br \/>\n<span class=\"wpcf7-form-control-wrap\" data-name=\"your-email\"><input size=\"40\" class=\"wpcf7-form-control wpcf7-email wpcf7-validates-as-required wpcf7-text wpcf7-validates-as-email\" autocomplete=\"email\" aria-required=\"true\" aria-invalid=\"false\" value=\"\" type=\"email\" name=\"your-email\" \/><\/span> <\/label>\n<\/p>\n<p><label> Mesaj\u0131n\u0131z (iste\u011fe ba\u011fl\u0131)<br \/>\n<span class=\"wpcf7-form-control-wrap\" data-name=\"your-message\"><textarea cols=\"40\" rows=\"10\" class=\"wpcf7-form-control wpcf7-textarea\" aria-invalid=\"false\" name=\"your-message\"><\/textarea><\/span> <\/label>\n<\/p>\n<div style=\"margin-bottom:10px;\">\n\t<p><span class=\"wpcf7-form-control-wrap kc_captcha cf7ic-toggle\" data-name=\"kc_captcha\"><span class=\"wpcf7-form-control wpcf7-radio\"><span class=\"captcha-image\" style=\"display: none;\"><span class=\"cf7ic_instructions\">L\u00fctfen se\u00e7erek insan oldu\u011funuzu kan\u0131tlay\u0131n.<span> plane<\/span>.<\/span><label><input aria-label=\"1\" type=\"radio\" name=\"kc_captcha\" value=\"bot\" \/><svg aria-hidden=\"true\" role=\"img\" xmlns=\"http:\/\/www.w3.org\/2000\/svg\" viewbox=\"0 0 640 512\"><path fill=\"currentColor\" d=\"M192 384h192c53 0 96-43 96-96h32a128 128 0 000-256H120c-13 0-24 11-24 24v232c0 53 43 96 96 96zM512 96a64 64 0 010 128h-32V96h32zm48 384H48c-47 0-61-64-36-64h584c25 0 11 64-36 64z\"\/><\/svg><\/label><label><input aria-label=\"2\" type=\"radio\" name=\"kc_captcha\" value=\"bot\" \/><svg aria-hidden=\"true\" role=\"img\" xmlns=\"http:\/\/www.w3.org\/2000\/svg\" viewbox=\"0 0 640 512\"><path fill=\"currentColor\" d=\"M624 352h-16V244c0-13-5-25-14-34L494 110c-9-9-21-14-34-14h-44V48c0-26-21-48-48-48H48C22 0 0 22 0 48v320c0 27 22 48 48 48h16a96 96 0 00192 0h128a96 96 0 00192 0h48c9 0 16-7 16-16v-32c0-9-7-16-16-16zM160 464a48 48 0 110-96 48 48 0 010 96zm320 0a48 48 0 110-96 48 48 0 010 96zm80-208H416V144h44l100 100v12z\"\/><\/svg><\/label><label><input aria-label=\"3\" type=\"radio\" name=\"kc_captcha\" value=\"kc_human\" \/><svg aria-hidden=\"true\" role=\"img\" xmlns=\"http:\/\/www.w3.org\/2000\/svg\" viewbox=\"0 0 576 512\"><path fill=\"currentColor\" d=\"M472 200H360L256 6a12 12 0 00-10-6h-58c-8 0-14 7-12 15l34 185H100l-35-58a12 12 0 00-10-6H12c-8 0-13 7-12 14l21 106L0 362c-1 7 4 14 12 14h43c4 0 8-2 10-6l35-58h110l-34 185c-2 8 4 15 12 15h58a12 12 0 0010-6l104-194h112c57 0 104-25 104-56s-47-56-104-56z\"\/><\/svg><\/label>\r\n    <\/span>\r\n    <span style=\"display:none\">\r\n        <input type=\"text\" name=\"kc_honeypot\">\r\n    <\/span><\/span><\/span>\n\t<\/p>\n<\/div>\n<p><input class=\"wpcf7-form-control wpcf7-submit has-spinner\" type=\"submit\" value=\"G\u00f6ndermek\" \/>\n<\/p><div class=\"wpcf7-response-output\" aria-hidden=\"true\"><\/div>\n<input type=\"hidden\" name=\"trp-form-language\" value=\"tr\"\/><\/form>\n<\/div>","protected":false},"excerpt":{"rendered":"<p>\u0130ki Kanall\u0131 Titre\u015fimli Kase Besleyicimizle Metal Par\u00e7alar\u0131 Verimli Bir \u015eekilde Ta\u015f\u0131y\u0131n.<\/p>\n<p>-MOQ:1 adet<\/p>\n<p>-OEM\/ODM hizmeti sunuldu<\/p>\n<p>-\u00d6zelle\u015ftirmeyi kabul et<\/p>\n<p>Vibrasyonlu \u00e7anak besleyici fiyatlar\u0131n\u0131 \u00f6\u011frenmek istiyorsan\u0131z l\u00fctfen bizimle ileti\u015fime ge\u00e7in.<\/p>","protected":false},"featured_media":1665,"comment_status":"open","ping_status":"closed","template":"","meta":[],"product_cat":[37],"product_tag":[],"yoast_head":"<!-- This site is optimized with the Yoast SEO plugin v22.2 - https:\/\/yoast.com\/wordpress\/plugins\/seo\/ -->\n<title>Two Tracks Vibratory Bowl Feeder for Metal Part - SWOER<\/title>\n<meta name=\"description\" content=\"Optimize metal part feeding with our Two Tracks Vibratory Bowl Feeder. Increase production efficiency and reduce labor costs. Custom solutions are available.\" \/>\n<meta name=\"robots\" content=\"index, follow, max-snippet:-1, max-image-preview:large, max-video-preview:-1\" \/>\n<link rel=\"canonical\" href=\"https:\/\/swoer.com\/tr\/manufacturer\/metal-part-vibratory-bowl-feeder\/\" \/>\n<meta property=\"og:locale\" content=\"tr_TR\" \/>\n<meta property=\"og:type\" content=\"article\" \/>\n<meta property=\"og:title\" content=\"Two Tracks Vibratory Bowl Feeder for Metal Part - SWOER\" \/>\n<meta property=\"og:description\" content=\"Optimize metal part feeding with our Two Tracks Vibratory Bowl Feeder. Increase production efficiency and reduce labor costs. Custom solutions are available.\" \/>\n<meta property=\"og:url\" content=\"https:\/\/swoer.com\/tr\/manufacturer\/metal-part-vibratory-bowl-feeder\/\" \/>\n<meta property=\"og:site_name\" content=\"SWOER\" \/>\n<meta property=\"article:modified_time\" content=\"2024-08-01T02:13:43+00:00\" \/>\n<meta property=\"og:image\" content=\"https:\/\/swoer.com\/wp-content\/uploads\/2024\/03\/Metal-vibratory-bowl-feeder-3D-model.webp\" \/>\n\t<meta property=\"og:image:width\" content=\"1000\" \/>\n\t<meta property=\"og:image:height\" content=\"1000\" \/>\n\t<meta property=\"og:image:type\" content=\"image\/webp\" \/>\n<meta name=\"twitter:card\" content=\"summary_large_image\" \/>\n<meta name=\"twitter:label1\" content=\"Tahmini okuma s\u00fcresi\" \/>\n\t<meta name=\"twitter:data1\" content=\"2 dakika\" \/>\n<script type=\"application\/ld+json\" class=\"yoast-schema-graph\">{\"@context\":\"https:\/\/schema.org\",\"@graph\":[{\"@type\":\"WebPage\",\"@id\":\"https:\/\/swoer.com\/manufacturer\/metal-part-vibratory-bowl-feeder\/\",\"url\":\"https:\/\/swoer.com\/manufacturer\/metal-part-vibratory-bowl-feeder\/\",\"name\":\"Two Tracks Vibratory Bowl Feeder for Metal Part - SWOER\",\"isPartOf\":{\"@id\":\"https:\/\/swoer.com\/#website\"},\"primaryImageOfPage\":{\"@id\":\"https:\/\/swoer.com\/manufacturer\/metal-part-vibratory-bowl-feeder\/#primaryimage\"},\"image\":{\"@id\":\"https:\/\/swoer.com\/manufacturer\/metal-part-vibratory-bowl-feeder\/#primaryimage\"},\"thumbnailUrl\":\"https:\/\/swoer.com\/wp-content\/uploads\/2024\/03\/Metal-vibratory-bowl-feeder-3D-model.webp\",\"datePublished\":\"2024-03-28T00:26:35+00:00\",\"dateModified\":\"2024-08-01T02:13:43+00:00\",\"description\":\"Optimize metal part feeding with our Two Tracks Vibratory Bowl Feeder. Increase production efficiency and reduce labor costs. Custom solutions are available.\",\"breadcrumb\":{\"@id\":\"https:\/\/swoer.com\/manufacturer\/metal-part-vibratory-bowl-feeder\/#breadcrumb\"},\"inLanguage\":\"tr\",\"potentialAction\":[{\"@type\":\"ReadAction\",\"target\":[\"https:\/\/swoer.com\/manufacturer\/metal-part-vibratory-bowl-feeder\/\"]}]},{\"@type\":\"ImageObject\",\"inLanguage\":\"tr\",\"@id\":\"https:\/\/swoer.com\/manufacturer\/metal-part-vibratory-bowl-feeder\/#primaryimage\",\"url\":\"https:\/\/swoer.com\/wp-content\/uploads\/2024\/03\/Metal-vibratory-bowl-feeder-3D-model.webp\",\"contentUrl\":\"https:\/\/swoer.com\/wp-content\/uploads\/2024\/03\/Metal-vibratory-bowl-feeder-3D-model.webp\",\"width\":1000,\"height\":1000,\"caption\":\"Metal vibratory bowl feeder 3D model\"},{\"@type\":\"BreadcrumbList\",\"@id\":\"https:\/\/swoer.com\/manufacturer\/metal-part-vibratory-bowl-feeder\/#breadcrumb\",\"itemListElement\":[{\"@type\":\"ListItem\",\"position\":1,\"name\":\"Home\",\"item\":\"https:\/\/swoer.com\/\"},{\"@type\":\"ListItem\",\"position\":2,\"name\":\"Shop\",\"item\":\"https:\/\/swoer.com\/shop\/\"},{\"@type\":\"ListItem\",\"position\":3,\"name\":\"Two Tracks Vibratory Bowl Feeder for Metal Part\"}]},{\"@type\":\"WebSite\",\"@id\":\"https:\/\/swoer.com\/#website\",\"url\":\"https:\/\/swoer.com\/\",\"name\":\"SWOER\",\"description\":\"Swoer is the top 3 vibratory bowl feeder manufacturer in China\",\"potentialAction\":[{\"@type\":\"SearchAction\",\"target\":{\"@type\":\"EntryPoint\",\"urlTemplate\":\"https:\/\/swoer.com\/?s={search_term_string}\"},\"query-input\":\"required name=search_term_string\"}],\"inLanguage\":\"tr\"}]}<\/script>\n<!-- \/ Yoast SEO plugin. -->","yoast_head_json":{"title":"Two Tracks Vibratory Bowl Feeder for Metal Part - SWOER","description":"Optimize metal part feeding with our Two Tracks Vibratory Bowl Feeder. Increase production efficiency and reduce labor costs. Custom solutions are available.","robots":{"index":"index","follow":"follow","max-snippet":"max-snippet:-1","max-image-preview":"max-image-preview:large","max-video-preview":"max-video-preview:-1"},"canonical":"https:\/\/swoer.com\/tr\/manufacturer\/metal-part-vibratory-bowl-feeder\/","og_locale":"tr_TR","og_type":"article","og_title":"Two Tracks Vibratory Bowl Feeder for Metal Part - SWOER","og_description":"Optimize metal part feeding with our Two Tracks Vibratory Bowl Feeder. Increase production efficiency and reduce labor costs. Custom solutions are available.","og_url":"https:\/\/swoer.com\/tr\/manufacturer\/metal-part-vibratory-bowl-feeder\/","og_site_name":"SWOER","article_modified_time":"2024-08-01T02:13:43+00:00","og_image":[{"width":1000,"height":1000,"url":"https:\/\/swoer.com\/wp-content\/uploads\/2024\/03\/Metal-vibratory-bowl-feeder-3D-model.webp","type":"image\/webp"}],"twitter_card":"summary_large_image","twitter_misc":{"Tahmini okuma s\u00fcresi":"2 dakika"},"schema":{"@context":"https:\/\/schema.org","@graph":[{"@type":"WebPage","@id":"https:\/\/swoer.com\/manufacturer\/metal-part-vibratory-bowl-feeder\/","url":"https:\/\/swoer.com\/manufacturer\/metal-part-vibratory-bowl-feeder\/","name":"Two Tracks Vibratory Bowl Feeder for Metal Part - SWOER","isPartOf":{"@id":"https:\/\/swoer.com\/#website"},"primaryImageOfPage":{"@id":"https:\/\/swoer.com\/manufacturer\/metal-part-vibratory-bowl-feeder\/#primaryimage"},"image":{"@id":"https:\/\/swoer.com\/manufacturer\/metal-part-vibratory-bowl-feeder\/#primaryimage"},"thumbnailUrl":"https:\/\/swoer.com\/wp-content\/uploads\/2024\/03\/Metal-vibratory-bowl-feeder-3D-model.webp","datePublished":"2024-03-28T00:26:35+00:00","dateModified":"2024-08-01T02:13:43+00:00","description":"Optimize metal part feeding with our Two Tracks Vibratory Bowl Feeder. Increase production efficiency and reduce labor costs. Custom solutions are available.","breadcrumb":{"@id":"https:\/\/swoer.com\/manufacturer\/metal-part-vibratory-bowl-feeder\/#breadcrumb"},"inLanguage":"tr","potentialAction":[{"@type":"ReadAction","target":["https:\/\/swoer.com\/manufacturer\/metal-part-vibratory-bowl-feeder\/"]}]},{"@type":"ImageObject","inLanguage":"tr","@id":"https:\/\/swoer.com\/manufacturer\/metal-part-vibratory-bowl-feeder\/#primaryimage","url":"https:\/\/swoer.com\/wp-content\/uploads\/2024\/03\/Metal-vibratory-bowl-feeder-3D-model.webp","contentUrl":"https:\/\/swoer.com\/wp-content\/uploads\/2024\/03\/Metal-vibratory-bowl-feeder-3D-model.webp","width":1000,"height":1000,"caption":"Metal vibratory bowl feeder 3D model"},{"@type":"BreadcrumbList","@id":"https:\/\/swoer.com\/manufacturer\/metal-part-vibratory-bowl-feeder\/#breadcrumb","itemListElement":[{"@type":"ListItem","position":1,"name":"Home","item":"https:\/\/swoer.com\/"},{"@type":"ListItem","position":2,"name":"Shop","item":"https:\/\/swoer.com\/shop\/"},{"@type":"ListItem","position":3,"name":"Two Tracks Vibratory Bowl Feeder for Metal Part"}]},{"@type":"WebSite","@id":"https:\/\/swoer.com\/#website","url":"https:\/\/swoer.com\/","name":"SWOER","description":"Swoer is the top 3 vibratory bowl feeder manufacturer in China","potentialAction":[{"@type":"SearchAction","target":{"@type":"EntryPoint","urlTemplate":"https:\/\/swoer.com\/?s={search_term_string}"},"query-input":"required name=search_term_string"}],"inLanguage":"tr"}]}},"_links":{"self":[{"href":"https:\/\/swoer.com\/tr\/wp-json\/wp\/v2\/product\/1664"}],"collection":[{"href":"https:\/\/swoer.com\/tr\/wp-json\/wp\/v2\/product"}],"about":[{"href":"https:\/\/swoer.com\/tr\/wp-json\/wp\/v2\/types\/product"}],"replies":[{"embeddable":true,"href":"https:\/\/swoer.com\/tr\/wp-json\/wp\/v2\/comments?post=1664"}],"wp:featuredmedia":[{"embeddable":true,"href":"https:\/\/swoer.com\/tr\/wp-json\/wp\/v2\/media\/1665"}],"wp:attachment":[{"href":"https:\/\/swoer.com\/tr\/wp-json\/wp\/v2\/media?parent=1664"}],"wp:term":[{"taxonomy":"product_cat","embeddable":true,"href":"https:\/\/swoer.com\/tr\/wp-json\/wp\/v2\/product_cat?post=1664"},{"taxonomy":"product_tag","embeddable":true,"href":"https:\/\/swoer.com\/tr\/wp-json\/wp\/v2\/product_tag?post=1664"}],"curies":[{"name":"wp","href":"https:\/\/api.w.org\/{rel}","templated":true}]}}