{"id":1823,"date":"2024-04-02T07:05:58","date_gmt":"2024-04-02T07:05:58","guid":{"rendered":"https:\/\/lightgrey-porpoise-816575.hostingersite.com\/?page_id=1823"},"modified":"2024-12-02T17:21:30","modified_gmt":"2024-12-02T09:21:30","slug":"automatic-rivet-machine","status":"publish","type":"page","link":"https:\/\/swoer.com\/tr\/automatic-rivet-machine\/","title":{"rendered":"Otomatik Vida Besleme Makinesi"},"content":{"rendered":"<section class=\"section\" id=\"section_1084085101\">\n\t\t<div class=\"bg section-bg fill bg-fill  bg-loaded\" >\n\n\t\t\t\n\t\t\t\n\t\t\t\n\t<div class=\"is-border\"\n\t\tstyle=\"border-color:rgb(235, 235, 235);border-width:1px 0px 0px 0px;\">\n\t<\/div>\n\n\t\t<\/div>\n\n\t\t\n\n\t\t<div class=\"section-content relative\">\n\t\t\t\n<div class=\"row row-large align-middle align-center\"  id=\"row-1753874613\">\n\n\t<div id=\"col-607602440\" class=\"col medium-6 small-12 large-6\"  >\n\t\t\t\t<div class=\"col-inner text-center\"  >\n\t\t\t\n\t\t\t\n<h2><strong><b>Otomatik Vida Besleyici \u00dcreticisi<\/b><\/strong><\/h2>\n<p style=\"text-align: left;\">On y\u0131l\u0131 a\u015fk\u0131n bir s\u00fcredir per\u00e7inleme ve sabitleme end\u00fcstrisinde uzmanla\u015fan SWOER, otomatik sabitleme \u00e7\u00f6z\u00fcmlerinde g\u00fcvenilir bir isimdir.<\/p>\n<p style=\"text-align: left;\">CN SWOER CO., LTD taraf\u0131ndan tasarlanan SWOER otomatik vida besleyiciler, per\u00e7inleri otomatik olarak i\u015fleyerek per\u00e7inleme s\u00fcrecinde devrim yaratt\u0131. Bu teknolojiden yararlanmak, \u015firketinizin i\u015f\u00e7ilik maliyetlerinden 30%&#039;den fazla tasarruf sa\u011flayabilir.<\/p>\n<p style=\"text-align: left;\">Standart otomatik per\u00e7in tabancalar\u0131ndan ayr\u0131lan SWOER makinesi tam otomatik bir \u00e7\u00f6z\u00fcm sunuyor. Per\u00e7inlerin manuel olarak y\u00fcklendi\u011fi veya nozulun konumunun kontrol edildi\u011fi g\u00fcnler geride kald\u0131; makinemiz her \u015feyi hallediyor. Bas\u0131n\u00e7l\u0131 hava kullanarak per\u00e7inleri bir boru hatt\u0131 arac\u0131l\u0131\u011f\u0131yla noz\u00fcle zahmetsizce ta\u015f\u0131r. SWOER otomatik per\u00e7in makinesi ile man\u00fcel per\u00e7in \u00e7ekme i\u015flemi ge\u00e7mi\u015fte kal\u0131yor ve ba\u011flant\u0131 end\u00fcstrisinde yeni bir otomasyon \u00e7a\u011f\u0131n\u0131 ba\u015flat\u0131yor.<\/p>\n\t\t<\/div>\n\t\t\t\t\t<\/div>\n\n\t\n\n\t<div id=\"col-2102047961\" class=\"col medium-6 small-12 large-6\"  >\n\t\t\t\t<div class=\"col-inner box-shadow-2 box-shadow-5-hover\" style=\"background-color:rgb(255, 255, 255);\" >\n\t\t\t\n\t\t\t\n\t<div class=\"img has-hover x md-x lg-x y md-y lg-y\" id=\"image_802872496\">\n\t\t\t\t\t\t\t\t<div class=\"img-inner image-cover dark\" style=\"padding-top:75%;\">\n\t\t\t<img loading=\"lazy\" decoding=\"async\" width=\"554\" height=\"412\" src=\"https:\/\/swoer.com\/wp-content\/uploads\/2024\/04\/automatic-rivet-guns.webp\" class=\"attachment-original size-original\" alt=\"otomatik per\u00e7in tabancalar\u0131\" srcset=\"https:\/\/swoer.com\/wp-content\/uploads\/2024\/04\/automatic-rivet-guns.webp 554w, https:\/\/swoer.com\/wp-content\/uploads\/2024\/04\/automatic-rivet-guns-300x223.webp 300w\" sizes=\"(max-width: 554px) 100vw, 554px\" \/>\t\t\t\t\t\t\n\t\t\t\t\t<\/div>\n\t\t\t\t\t\t\t\t\n<style>\n#image_802872496 {\n  width: 100%;\n}\n<\/style>\n\t<\/div>\n\t\n<a href=\"https:\/\/swoer.com\/tr\/contact\/\" target=\"_self\" class=\"button primary\"  style=\"border-radius:99px;\">\n    <span>Bize Ula\u015f\u0131n<\/span>\n  <\/a>\n\n\t\t<\/div>\n\t\t\t\t\n<style>\n#col-2102047961 > .col-inner {\n  padding: 15px 15px 15px 15px;\n}\n<\/style>\n\t<\/div>\n\n\t\n<\/div>\n\t\t<\/div>\n\n\t\t\n<style>\n#section_1084085101 {\n  padding-top: 59px;\n  padding-bottom: 59px;\n  min-height: 300px;\n  background-color: rgb(228, 228, 228);\n}\n#section_1084085101 .ux-shape-divider--top svg {\n  height: 150px;\n  --divider-top-width: 100%;\n}\n#section_1084085101 .ux-shape-divider--bottom svg {\n  height: 150px;\n  --divider-width: 100%;\n}\n<\/style>\n\t<\/section>\n\t\n\t<section class=\"section\" id=\"section_1386408413\">\n\t\t<div class=\"bg section-bg fill bg-fill  bg-loaded\" >\n\n\t\t\t\n\t\t\t\n\t\t\t\n\n\t\t<\/div>\n\n\t\t\n\n\t\t<div class=\"section-content relative\">\n\t\t\t\n<h2 style=\"text-align: center;\"><strong><b>Otomatik Vida Besleme Makinesi <\/b><\/strong><strong><b>P<\/b><\/strong><strong><b>\u00fcr\u00fcn <\/b><\/strong><strong><b>C<\/b><\/strong><strong><b>kompozisyon<\/b><\/strong><\/h2>\n<p style=\"text-align: center;\">SWOER otomatik vida besleme makinesi, bir ana makine ve bir per\u00e7inleme makineli t\u00fcfek tertibat\u0131ndan olu\u015fur.<\/p>\n<div class=\"row\"  id=\"row-161829549\">\n\n\t<div id=\"col-977040088\" class=\"col medium-6 small-12 large-6\"  >\n\t\t\t\t<div class=\"col-inner\"  >\n\t\t\t\n\t\t\t\n\t<div class=\"img has-hover x md-x lg-x y md-y lg-y\" id=\"image_158081421\">\n\t\t\t\t\t\t\t\t<div class=\"img-inner dark\" >\n\t\t\t<img loading=\"lazy\" decoding=\"async\" width=\"554\" height=\"275\" src=\"https:\/\/swoer.com\/wp-content\/uploads\/2024\/04\/automatic-rivet-machine.webp\" class=\"attachment-original size-original\" alt=\"otomatik per\u00e7in makinesi\" srcset=\"https:\/\/swoer.com\/wp-content\/uploads\/2024\/04\/automatic-rivet-machine.webp 554w, https:\/\/swoer.com\/wp-content\/uploads\/2024\/04\/automatic-rivet-machine-300x149.webp 300w\" sizes=\"(max-width: 554px) 100vw, 554px\" \/>\t\t\t\t\t\t\n\t\t\t\t\t<\/div>\n\t\t\t\t\t\t\t\t\n<style>\n#image_158081421 {\n  width: 98%;\n}\n<\/style>\n\t<\/div>\n\t\n<p><strong>Ana bilgisayarda makine hareket sistemi, makine kontrol sistemi ve alg\u0131lama sistemi bulunur.<\/strong><\/p>\n<p>Makine hareket sisteminin g\u00f6revi per\u00e7inlerin d\u00fczensiz dizili\u015finden s\u0131rayla ayr\u0131lmas\u0131na kadar organize etmek ve per\u00e7inleri belli bir y\u00f6nde per\u00e7in tabancas\u0131 noz\u00fcl\u00fcne tek tek iletmektir; makine kontrol sistemi, makinenin her bir bile\u015feninin ayarlanan eylemlerini kontrol etmektir. Operasyon; alg\u0131lama sistemi makinenin belirlenen programa g\u00f6re stabil \u00e7al\u0131\u015f\u0131p \u00e7al\u0131\u015fmad\u0131\u011f\u0131n\u0131 tespit etmektir.<\/p>\n\t\t<\/div>\n\t\t\t\t\t<\/div>\n\n\t\n\n\t<div id=\"col-312606785\" class=\"col medium-6 small-12 large-6\"  >\n\t\t\t\t<div class=\"col-inner\"  >\n\t\t\t\n\t\t\t\n\t<div class=\"img has-hover x md-x lg-x y md-y lg-y\" id=\"image_139370728\">\n\t\t\t\t\t\t\t\t<div class=\"img-inner dark\" >\n\t\t\t<img loading=\"lazy\" decoding=\"async\" width=\"554\" height=\"275\" src=\"https:\/\/swoer.com\/wp-content\/uploads\/2024\/04\/Automatic-nail-pulling-machine-factory-line.webp\" class=\"attachment-original size-original\" alt=\"Otomatik \u00e7ivi \u00e7ekme makinesi fabrika hatt\u0131\" srcset=\"https:\/\/swoer.com\/wp-content\/uploads\/2024\/04\/Automatic-nail-pulling-machine-factory-line.webp 554w, https:\/\/swoer.com\/wp-content\/uploads\/2024\/04\/Automatic-nail-pulling-machine-factory-line-300x149.webp 300w\" sizes=\"(max-width: 554px) 100vw, 554px\" \/>\t\t\t\t\t\t\n\t\t\t\t\t<\/div>\n\t\t\t\t\t\t\t\t\n<style>\n#image_139370728 {\n  width: 100%;\n}\n<\/style>\n\t<\/div>\n\t\n<p><strong>Per\u00e7in tabancas\u0131 d\u00fczene\u011fi bir per\u00e7in tabancas\u0131, bir per\u00e7in alma mekanizmas\u0131 ve bir sinyal toplama ve \u00e7\u0131k\u0131\u015f mekanizmas\u0131ndan olu\u015fur.<\/strong><\/p>\n<p>Per\u00e7in tabancas\u0131, manuel veya otomatik per\u00e7inleme i\u00e7in \u00e7ok \u00f6nemlidir. Ana bilgisayar taraf\u0131ndan kontrol edilen per\u00e7in alma mekanizmas\u0131, per\u00e7inleri boru hatt\u0131ndan per\u00e7in a\u011fz\u0131na y\u00fckler; bu, otomatik per\u00e7in makinesinin temel teknolojisidir. Ek olarak sinyal toplama ve \u00e7\u0131k\u0131\u015f mekanizmas\u0131, sinyalleri toplay\u0131p g\u00f6ndererek makinenin \u00e7al\u0131\u015fmas\u0131n\u0131 ba\u015flat\u0131r.<\/p>\n\t\t<\/div>\n\t\t\t\t\t<\/div>\n\n\t\n<\/div>\n\t\t<\/div>\n\n\t\t\n<style>\n#section_1386408413 {\n  padding-top: 30px;\n  padding-bottom: 30px;\n}\n#section_1386408413 .ux-shape-divider--top svg {\n  height: 150px;\n  --divider-top-width: 100%;\n}\n#section_1386408413 .ux-shape-divider--bottom svg {\n  height: 150px;\n  --divider-width: 100%;\n}\n<\/style>\n\t<\/section>\n\t\n\t<section class=\"section\" id=\"section_1248394041\">\n\t\t<div class=\"bg section-bg fill bg-fill  bg-loaded\" >\n\n\t\t\t\n\t\t\t\n\t\t\t\n\n\t\t<\/div>\n\n\t\t\n\n\t\t<div class=\"section-content relative\">\n\t\t\t\n<h2 style=\"text-align: center;\"><strong><b>Oto <\/b><\/strong><strong><b>Per\u00e7inleme <\/b><\/strong><strong><b>M<\/b><\/strong><strong><b>makine<\/b><\/strong><strong><b>\u00a0S<\/b><\/strong><strong><b>\u00f6zellikler<\/b><\/strong><\/h2>\n<table>\n<tbody>\n<tr>\n<td width=\"85\">\u015eartname<\/td>\n<td width=\"89\">Boyut<\/p>\n<p>(mm)<\/td>\n<td width=\"67\">Gerilim<\/td>\n<td width=\"62\">\u00c7al\u0131\u015fma Hava Bas\u0131nc\u0131<\/td>\n<td width=\"54\">A\u011f\u0131rl\u0131k<\/td>\n<td width=\"77\">\u00c7ivi Besleme H\u0131z\u0131 (tane\/dak)<\/td>\n<td width=\"85\">Maksimum \u00c7ivi \u00d6zelli\u011fi<\/td>\n<td width=\"45\">G\u00fcr\u00fclt\u00fc (dB)<\/td>\n<\/tr>\n<tr>\n<td width=\"85\">SW-MDJ-240<\/td>\n<td width=\"89\">440*350*420<\/td>\n<td width=\"67\">220<\/td>\n<td width=\"62\">3.2<\/td>\n<td width=\"54\">40<\/td>\n<td width=\"77\">40-60<\/td>\n<td width=\"85\">3,4\u2264d&lt;3<\/td>\n<td width=\"45\">40<\/td>\n<\/tr>\n<tr>\n<td width=\"85\">SW-MDJ-300<\/td>\n<td width=\"89\">440*350*420<\/td>\n<td width=\"67\">220<\/td>\n<td width=\"62\">3.4<\/td>\n<td width=\"54\">46<\/td>\n<td width=\"77\">40-55<\/td>\n<td width=\"85\">3\u2264d\u22643,2<\/td>\n<td width=\"45\">40<\/td>\n<\/tr>\n<tr>\n<td width=\"85\">SW-MDJ-320<\/td>\n<td width=\"89\">440*350*420<\/td>\n<td width=\"67\">220<\/td>\n<td width=\"62\">3.6<\/td>\n<td width=\"54\">50<\/td>\n<td width=\"77\">40-50<\/td>\n<td width=\"85\">3,2\u2264d&lt;3,7<\/td>\n<td width=\"45\">40<\/td>\n<\/tr>\n<tr>\n<td width=\"85\">SW-MDJ-400<\/td>\n<td width=\"89\">440*350*420<\/td>\n<td width=\"67\">220<\/td>\n<td width=\"62\">3.8<\/td>\n<td width=\"54\">56<\/td>\n<td width=\"77\">40<\/td>\n<td width=\"85\">3,7\u2264d\u22644,4<\/td>\n<td width=\"45\">40<\/td>\n<\/tr>\n<tr>\n<td width=\"85\">SW-MDJ-480<\/td>\n<td width=\"89\">440*350*420<\/td>\n<td width=\"67\">220<\/td>\n<td width=\"62\">4<\/td>\n<td width=\"54\">58<\/td>\n<td width=\"77\">35-40<\/td>\n<td width=\"85\">4,5\u2264d\u22645,0<\/td>\n<td width=\"45\">40<\/td>\n<\/tr>\n<\/tbody>\n<\/table>\n<p><strong><b>Not:<\/b><\/strong>\u00a0Spesifik model, per\u00e7inin ger\u00e7ek \u00f6zelliklerine g\u00f6re belirlenmelidir. Bu tablo yaln\u0131zca referans ama\u00e7l\u0131d\u0131r.<\/p>\n\t\t<\/div>\n\n\t\t\n<style>\n#section_1248394041 {\n  padding-top: 30px;\n  padding-bottom: 30px;\n}\n#section_1248394041 .ux-shape-divider--top svg {\n  height: 150px;\n  --divider-top-width: 100%;\n}\n#section_1248394041 .ux-shape-divider--bottom svg {\n  height: 150px;\n  --divider-width: 100%;\n}\n<\/style>\n\t<\/section>\n\t\n\t<section class=\"section\" id=\"section_74992358\">\n\t\t<div class=\"bg section-bg fill bg-fill  bg-loaded\" >\n\n\t\t\t\n\t\t\t\n\t\t\t\n\n\t\t<\/div>\n\n\t\t\n\n\t\t<div class=\"section-content relative\">\n\t\t\t\n<h2 style=\"text-align: center;\"><strong><b>Y\u00dcKSEK <\/b><\/strong><strong><b>R<\/b><\/strong><strong><b>vet<\/b><\/strong><strong><b>ing<\/b><\/strong><strong><b>\u00a0<\/b><\/strong><strong><b>M<\/b><\/strong><strong><b>makine <\/b><\/strong><strong><b>K<\/b><\/strong><strong><b>orking <\/b><\/strong><strong><b>P<\/b><\/strong><strong><b>prensip ve <\/b><\/strong><strong><b>F<\/b><\/strong><strong><b>birle\u015fme<\/b><\/strong><\/h2>\n<h3><strong><b>Prensip:<\/b><\/strong><\/h3>\n<p>Per\u00e7inler, per\u00e7in tabancas\u0131n\u0131n a\u011fz\u0131ndaki negatif bas\u0131nca g\u00fcvenilerek per\u00e7in tabancas\u0131n\u0131n a\u011fz\u0131na emilir; SWOER otomatik per\u00e7in makinesi, otomatik per\u00e7in tabancas\u0131n\u0131n otomatikle\u015ftirilmi\u015f bir versiyonudur.<\/p>\n<p>Per\u00e7inleri otomatik olarak d\u00fczenlemek ve ay\u0131rmak i\u00e7in bir makineye g\u00fcvenir ve per\u00e7inleri borular arac\u0131l\u0131\u011f\u0131yla per\u00e7in tabancas\u0131n\u0131n noz\u00fcl\u00fcne otomatik olarak ta\u015f\u0131mak i\u00e7in g\u00fc\u00e7 olarak bas\u0131n\u00e7l\u0131 hava kullan\u0131r.<\/p>\n<h3><strong><b>\u0130\u015flev:<\/b><\/strong><\/h3>\n<p>SWOER otomatik \u00e7ivi \u00e7ekme makinesiyle, b\u00fcy\u00fck \u00f6l\u00e7\u00fcde vas\u0131fl\u0131 i\u015f\u00e7ilerin ellerine dayanan zorlu i\u015fler yap\u0131labilir.<\/p>\n<p>Manuel \u00e7ivi \u00e7ekme operasyonlar\u0131, otomatik veya insans\u0131z operasyonlara y\u00fckseltilebilir.<\/p>\n<h3><strong><b>Etki:<\/b><\/strong><\/h3>\n<ol>\n<li><strong><b> \u00c7al\u0131\u015fanlar\u0131 kurtar\u0131n ve y\u00f6netimi kolayla\u015ft\u0131r\u0131n<\/b><\/strong><\/li>\n<\/ol>\n<p>\u00c7ivi \u00e7ekme h\u0131z\u0131 y\u00fcksektir, bir ki\u015fi iki ki\u015finin i\u015fini yapabilir ve daha az i\u015f\u00e7i vard\u0131r, bu da y\u00f6netim maliyetlerini veya \u00fccretleri azalt\u0131r.<\/p>\n<ol start=\"2\">\n<li><strong><b> Y\u00fcksek verimlilik ve maliyet tasarrufu<\/b><\/strong><\/li>\n<\/ol>\n<p>Per\u00e7inleri elle \u00e7\u0131karmaya gerek kalmaz, \u00e7ivilemede zaman tasarrufu sa\u011flan\u0131r. \u00c7\u0131kt\u0131 orijinaline g\u00f6re art\u0131r\u0131l\u0131r, g\u00fcnl\u00fck \u00e7\u0131kt\u0131 planlanandan \u00f6nce tamamlan\u0131r ve \u00fcretim hacmi azalt\u0131l\u0131r. K\u0131sa s\u00fcreli \u00e7al\u0131\u015fma saatlerinde art\u0131k fazla mesai yok.<\/p>\n<ol start=\"3\">\n<li><strong><b> S\u00fcper temiz ve kaliteli<\/b><\/strong><\/li>\n<\/ol>\n<p>Per\u00e7in otomatik olarak tabancan\u0131n noz\u00fcl\u00fcne g\u00f6nderilir, elle almaya gerek yoktur, ikincil kirlili\u011fi azalt\u0131r; \u00dcr\u00fcn\u00fc sol elinizle tutun, endi\u015felenmenize gerek yok. Delik konumlar\u0131 e\u015fit de\u011fildir, bu da \u00e7\u0131kt\u0131n\u0131n azalmas\u0131na veya ikincil yeniden i\u015fleme neden olur.<\/p>\n<ol start=\"4\">\n<li><strong><b> Elle almaya gerek yok, daha kolay<\/b><\/strong><\/li>\n<\/ol>\n<p>Sol elin \u00e7al\u0131\u015fmas\u0131na gerek yoktur ve \u00fcr\u00fcn\u00fc tutabilir, bu da i\u015f\u00e7ilerin emek yo\u011funlu\u011funu b\u00fcy\u00fck \u00f6l\u00e7\u00fcde azalt\u0131r.<\/p>\n<ol start=\"5\">\n<li><strong><b> Deneyimlemeye gerek yok, \u00f6\u011frenmesi kolay<\/b><\/strong><\/li>\n<\/ol>\n<p>Hem deneyimli hem de deneyimli eller taraf\u0131ndan \u00e7al\u0131\u015ft\u0131r\u0131labilir ve herhangi bir e\u011fitim gerektirmez. Hemen \u00e7al\u0131\u015fmaya ba\u015flayabilirler; Tecr\u00fcbeli ellerin \u00fcretim kayb\u0131 ya\u015famas\u0131 konusunda endi\u015felenmenize gerek yok.<\/p>\n\t\t<\/div>\n\n\t\t\n<style>\n#section_74992358 {\n  padding-top: 30px;\n  padding-bottom: 30px;\n}\n#section_74992358 .ux-shape-divider--top svg {\n  height: 150px;\n  --divider-top-width: 100%;\n}\n#section_74992358 .ux-shape-divider--bottom svg {\n  height: 150px;\n  --divider-width: 100%;\n}\n<\/style>\n\t<\/section>\n\t\n\t<section class=\"section\" id=\"section_469283437\">\n\t\t<div class=\"bg section-bg fill bg-fill  bg-loaded\" >\n\n\t\t\t\n\t\t\t\n\t\t\t\n\n\t\t<\/div>\n\n\t\t\n\n\t\t<div class=\"section-content relative\">\n\t\t\t\n<h2 style=\"text-align: center;\"><strong><b>Kapsam\u0131 <\/b><\/strong><strong><b>A<\/b><\/strong><strong><b>uygulanmas\u0131 <\/b><\/strong><strong><b>T\u0131rnak<\/b><\/strong><\/h2>\n\t<div class=\"img has-hover x md-x lg-x y md-y lg-y\" id=\"image_1209966542\">\n\t\t\t\t\t\t\t\t<div class=\"img-inner dark\" >\n\t\t\t<img loading=\"lazy\" decoding=\"async\" width=\"553\" height=\"156\" src=\"https:\/\/swoer.com\/wp-content\/uploads\/2024\/04\/Scope-of-Application-of-The-Nail.webp\" class=\"attachment-original size-original\" alt=\"\u00c7ivinin Uygulama Kapsam\u0131\" srcset=\"https:\/\/swoer.com\/wp-content\/uploads\/2024\/04\/Scope-of-Application-of-The-Nail.webp 553w, https:\/\/swoer.com\/wp-content\/uploads\/2024\/04\/Scope-of-Application-of-The-Nail-300x85.webp 300w\" sizes=\"(max-width: 553px) 100vw, 553px\" \/>\t\t\t\t\t\t\n\t\t\t\t\t<\/div>\n\t\t\t\t\t\t\t\t\n<style>\n#image_1209966542 {\n  width: 100%;\n}\n<\/style>\n\t<\/div>\n\t\n<table>\n<tbody>\n<tr>\n<td colspan=\"3\" width=\"568\">\n<h4 style=\"text-align: center;\"><strong>Per\u00e7in Uygulama Aral\u0131\u011f\u0131 (Birim: mm)<\/strong><\/h4>\n<\/td>\n<\/tr>\n<tr>\n<td width=\"189\">\u0130sim Kodu<\/td>\n<td width=\"189\">Minimum Boyut<\/td>\n<td width=\"189\">Maksimum Boyut<\/td>\n<\/tr>\n<tr>\n<td width=\"189\">Per\u00e7in borusu \u00e7ap\u0131 A<\/td>\n<td width=\"189\">2.4<\/td>\n<td width=\"189\">4.8<\/td>\n<\/tr>\n<tr>\n<td width=\"189\">Per\u00e7in borusu uzunlu\u011fu B<\/td>\n<td width=\"189\">2<\/td>\n<td width=\"189\">15<\/td>\n<\/tr>\n<tr>\n<td width=\"189\">\u015eapka kenar \u00e7ap\u0131 C<\/td>\n<td width=\"189\">4<\/td>\n<td width=\"189\">9.5<\/td>\n<\/tr>\n<tr>\n<td width=\"189\">\u00c7ekirdek \u00e7ap\u0131 D&#039;yi \u00e7ekin<\/td>\n<td width=\"189\">1.4<\/td>\n<td width=\"189\">3<\/td>\n<\/tr>\n<tr>\n<td width=\"189\">\u00c7ekirdek uzunlu\u011fu E&#039;yi \u00e7ekin<\/td>\n<td width=\"189\">24<\/td>\n<td width=\"189\">36<\/td>\n<\/tr>\n<tr>\n<td width=\"189\">Per\u00e7inin toplam uzunlu\u011fu F<\/td>\n<td width=\"189\">28<\/td>\n<td width=\"189\">48<\/td>\n<\/tr>\n<\/tbody>\n<\/table>\n<p><strong><b>Not:<\/b><\/strong><\/p>\n<ol>\n<li>Per\u00e7inlerin d\u0131\u015f boyutlar\u0131 bu aral\u0131\u011fa uygun olmal\u0131d\u0131r.<\/li>\n<li>Baz\u0131 \u00f6zel per\u00e7inler: per\u00e7inleme t\u00fcp\u00fcn\u00fcn uzunlu\u011fu 13 mm&#039;den b\u00fcy\u00fck oldu\u011funda, \u00e7ekirde\u011fin uzunlu\u011fu 28 mm&#039;den b\u00fcy\u00fck olmal\u0131d\u0131r; Per\u00e7inleme borusunun uzunlu\u011fu 17 mm&#039;ye e\u015fit oldu\u011funda \u00e7ekirde\u011fin uzunlu\u011fu 26 mm&#039;den az olmamal\u0131d\u0131r.<\/li>\n<li>Per\u00e7in tipi gereksinimleri: Paslanmaz \u00e7elik per\u00e7inler d\u00fc\u015f\u00fck safl\u0131k gerektirirken, demir \u00e7iviler ve \u00e7elik \u00e7iviler gibi di\u011fer per\u00e7inlerin herhangi bir gereksinimi yoktur.<\/li>\n<\/ol>\n\t\t<\/div>\n\n\t\t\n<style>\n#section_469283437 {\n  padding-top: 30px;\n  padding-bottom: 30px;\n}\n#section_469283437 .ux-shape-divider--top svg {\n  height: 150px;\n  --divider-top-width: 100%;\n}\n#section_469283437 .ux-shape-divider--bottom svg {\n  height: 150px;\n  --divider-width: 100%;\n}\n<\/style>\n\t<\/section>\n\t\n\t<section class=\"section\" id=\"section_808591709\">\n\t\t<div class=\"bg section-bg fill bg-fill  bg-loaded\" >\n\n\t\t\t\n\t\t\t\n\t\t\t\n\n\t\t<\/div>\n\n\t\t\n\n\t\t<div class=\"section-content relative\">\n\t\t\t\n<h2 style=\"text-align: center;\"><strong><b>Uygulama alan\u0131<\/b><\/strong><\/h2>\n<p>SWOER otomatik per\u00e7inleme makinesi, \u00e7e\u015fitli malzeme ve kal\u0131nl\u0131ktaki panellerin iki veya daha fazla katman\u0131n\u0131n per\u00e7inler vas\u0131tas\u0131yla birbirine ba\u011flanmas\u0131na y\u00f6nelik per\u00e7inleme i\u015flemleri i\u00e7in uygundur. \u015easi, dolap, ayd\u0131nlatma, otomobil, gemi, u\u00e7ak, k\u00fc\u00e7\u00fck ev aletleri, sunucularda \u00e7ivi \u00e7ekme operasyonlar\u0131nda, elektrikli f\u0131r\u0131nlarda, mikrodalga f\u0131r\u0131nlarda, i\u00e7ki paketlemede ve di\u011fer sekt\u00f6rlerde yayg\u0131n olarak kullan\u0131lmaktad\u0131r.<\/p>\n\t<div class=\"img has-hover x md-x lg-x y md-y lg-y\" id=\"image_1292836033\">\n\t\t\t\t\t\t\t\t<div class=\"img-inner dark\" >\n\t\t\t<img loading=\"lazy\" decoding=\"async\" width=\"553\" height=\"212\" src=\"https:\/\/swoer.com\/wp-content\/uploads\/2024\/04\/automatic-riveting-machine-application-field.webp\" class=\"attachment-original size-original\" alt=\"otomatik per\u00e7inleme makinesi uygulama alan\u0131\" srcset=\"https:\/\/swoer.com\/wp-content\/uploads\/2024\/04\/automatic-riveting-machine-application-field.webp 553w, https:\/\/swoer.com\/wp-content\/uploads\/2024\/04\/automatic-riveting-machine-application-field-300x115.webp 300w\" sizes=\"(max-width: 553px) 100vw, 553px\" \/>\t\t\t\t\t\t\n\t\t\t\t\t<\/div>\n\t\t\t\t\t\t\t\t\n<style>\n#image_1292836033 {\n  width: 100%;\n}\n<\/style>\n\t<\/div>\n\t\n\t\t<\/div>\n\n\t\t\n<style>\n#section_808591709 {\n  padding-top: 30px;\n  padding-bottom: 30px;\n}\n#section_808591709 .ux-shape-divider--top svg {\n  height: 150px;\n  --divider-top-width: 100%;\n}\n#section_808591709 .ux-shape-divider--bottom svg {\n  height: 150px;\n  --divider-width: 100%;\n}\n<\/style>\n\t<\/section>","protected":false},"excerpt":{"rendered":"","protected":false},"author":1,"featured_media":0,"parent":0,"menu_order":0,"comment_status":"closed","ping_status":"closed","template":"","meta":{"footnotes":""},"yoast_head":"<!-- This site is optimized with the Yoast SEO plugin v22.2 - https:\/\/yoast.com\/wordpress\/plugins\/seo\/ -->\n<title>Auto Screw Feeder Machine - SWOER<\/title>\n<meta name=\"description\" content=\"Swoer is a professional manufacturer of auto screw feeder machine.\" \/>\n<meta name=\"robots\" content=\"index, follow, max-snippet:-1, max-image-preview:large, max-video-preview:-1\" \/>\n<link rel=\"canonical\" href=\"https:\/\/swoer.com\/tr\/automatic-rivet-machine\/\" \/>\n<meta property=\"og:locale\" content=\"tr_TR\" \/>\n<meta property=\"og:type\" content=\"article\" \/>\n<meta property=\"og:title\" content=\"Auto Screw Feeder Machine - SWOER\" \/>\n<meta property=\"og:description\" content=\"Swoer is a professional manufacturer of auto screw feeder machine.\" \/>\n<meta property=\"og:url\" content=\"https:\/\/swoer.com\/tr\/automatic-rivet-machine\/\" \/>\n<meta property=\"og:site_name\" content=\"SWOER\" \/>\n<meta property=\"article:modified_time\" content=\"2024-12-02T09:21:30+00:00\" \/>\n<meta name=\"twitter:card\" content=\"summary_large_image\" \/>\n<meta name=\"twitter:label1\" content=\"Tahmini okuma s\u00fcresi\" \/>\n\t<meta name=\"twitter:data1\" content=\"5 dakika\" \/>\n<script type=\"application\/ld+json\" class=\"yoast-schema-graph\">{\"@context\":\"https:\/\/schema.org\",\"@graph\":[{\"@type\":\"WebPage\",\"@id\":\"https:\/\/swoer.com\/automatic-rivet-machine\/\",\"url\":\"https:\/\/swoer.com\/automatic-rivet-machine\/\",\"name\":\"Auto Screw Feeder Machine - SWOER\",\"isPartOf\":{\"@id\":\"https:\/\/swoer.com\/#website\"},\"datePublished\":\"2024-04-02T07:05:58+00:00\",\"dateModified\":\"2024-12-02T09:21:30+00:00\",\"description\":\"Swoer is a professional manufacturer of auto screw feeder machine.\",\"breadcrumb\":{\"@id\":\"https:\/\/swoer.com\/automatic-rivet-machine\/#breadcrumb\"},\"inLanguage\":\"tr\",\"potentialAction\":[{\"@type\":\"ReadAction\",\"target\":[\"https:\/\/swoer.com\/automatic-rivet-machine\/\"]}]},{\"@type\":\"BreadcrumbList\",\"@id\":\"https:\/\/swoer.com\/automatic-rivet-machine\/#breadcrumb\",\"itemListElement\":[{\"@type\":\"ListItem\",\"position\":1,\"name\":\"Home\",\"item\":\"https:\/\/swoer.com\/\"},{\"@type\":\"ListItem\",\"position\":2,\"name\":\"Auto Screw Feeder Machine\"}]},{\"@type\":\"WebSite\",\"@id\":\"https:\/\/swoer.com\/#website\",\"url\":\"https:\/\/swoer.com\/\",\"name\":\"SWOER\",\"description\":\"Swoer is the top 3 vibratory bowl feeder manufacturer in China\",\"potentialAction\":[{\"@type\":\"SearchAction\",\"target\":{\"@type\":\"EntryPoint\",\"urlTemplate\":\"https:\/\/swoer.com\/?s={search_term_string}\"},\"query-input\":\"required name=search_term_string\"}],\"inLanguage\":\"tr\"}]}<\/script>\n<!-- \/ Yoast SEO plugin. -->","yoast_head_json":{"title":"Auto Screw Feeder Machine - SWOER","description":"Swoer is a professional manufacturer of auto screw feeder machine.","robots":{"index":"index","follow":"follow","max-snippet":"max-snippet:-1","max-image-preview":"max-image-preview:large","max-video-preview":"max-video-preview:-1"},"canonical":"https:\/\/swoer.com\/tr\/automatic-rivet-machine\/","og_locale":"tr_TR","og_type":"article","og_title":"Auto Screw Feeder Machine - SWOER","og_description":"Swoer is a professional manufacturer of auto screw feeder machine.","og_url":"https:\/\/swoer.com\/tr\/automatic-rivet-machine\/","og_site_name":"SWOER","article_modified_time":"2024-12-02T09:21:30+00:00","twitter_card":"summary_large_image","twitter_misc":{"Tahmini okuma s\u00fcresi":"5 dakika"},"schema":{"@context":"https:\/\/schema.org","@graph":[{"@type":"WebPage","@id":"https:\/\/swoer.com\/automatic-rivet-machine\/","url":"https:\/\/swoer.com\/automatic-rivet-machine\/","name":"Auto Screw Feeder Machine - SWOER","isPartOf":{"@id":"https:\/\/swoer.com\/#website"},"datePublished":"2024-04-02T07:05:58+00:00","dateModified":"2024-12-02T09:21:30+00:00","description":"Swoer is a professional manufacturer of auto screw feeder machine.","breadcrumb":{"@id":"https:\/\/swoer.com\/automatic-rivet-machine\/#breadcrumb"},"inLanguage":"tr","potentialAction":[{"@type":"ReadAction","target":["https:\/\/swoer.com\/automatic-rivet-machine\/"]}]},{"@type":"BreadcrumbList","@id":"https:\/\/swoer.com\/automatic-rivet-machine\/#breadcrumb","itemListElement":[{"@type":"ListItem","position":1,"name":"Home","item":"https:\/\/swoer.com\/"},{"@type":"ListItem","position":2,"name":"Auto Screw Feeder Machine"}]},{"@type":"WebSite","@id":"https:\/\/swoer.com\/#website","url":"https:\/\/swoer.com\/","name":"SWOER","description":"Swoer is the top 3 vibratory bowl feeder manufacturer in China","potentialAction":[{"@type":"SearchAction","target":{"@type":"EntryPoint","urlTemplate":"https:\/\/swoer.com\/?s={search_term_string}"},"query-input":"required name=search_term_string"}],"inLanguage":"tr"}]}},"_links":{"self":[{"href":"https:\/\/swoer.com\/tr\/wp-json\/wp\/v2\/pages\/1823"}],"collection":[{"href":"https:\/\/swoer.com\/tr\/wp-json\/wp\/v2\/pages"}],"about":[{"href":"https:\/\/swoer.com\/tr\/wp-json\/wp\/v2\/types\/page"}],"author":[{"embeddable":true,"href":"https:\/\/swoer.com\/tr\/wp-json\/wp\/v2\/users\/1"}],"replies":[{"embeddable":true,"href":"https:\/\/swoer.com\/tr\/wp-json\/wp\/v2\/comments?post=1823"}],"version-history":[{"count":15,"href":"https:\/\/swoer.com\/tr\/wp-json\/wp\/v2\/pages\/1823\/revisions"}],"predecessor-version":[{"id":2952,"href":"https:\/\/swoer.com\/tr\/wp-json\/wp\/v2\/pages\/1823\/revisions\/2952"}],"wp:attachment":[{"href":"https:\/\/swoer.com\/tr\/wp-json\/wp\/v2\/media?parent=1823"}],"curies":[{"name":"wp","href":"https:\/\/api.w.org\/{rel}","templated":true}]}}