{"id":3471,"date":"2025-11-08T11:21:15","date_gmt":"2025-11-08T03:21:15","guid":{"rendered":"https:\/\/swoer.com\/?post_type=product&#038;p=3471"},"modified":"2025-11-08T11:21:15","modified_gmt":"2025-11-08T03:21:15","slug":"vibratory-bowl-bases-sanki-vibrator-bases","status":"publish","type":"product","link":"https:\/\/swoer.com\/sk\/manufacturer\/vibratory-bowl-bases-sanki-vibrator-bases\/","title":{"rendered":"Vibratory Bowl Bases\/Sanki Vibrator Bases"},"content":{"rendered":"<p><strong>\u00a0Types of Vibratory Bowl Bases<\/strong><\/p>\n<ol>\n<li><strong> Electromagnetic Base<\/strong><\/li>\n<\/ol>\n<p>This is the most common and traditional type.<\/p>\n<ul>\n<li><strong>Working Principle<\/strong>: An electromagnet generates pulsed magnetic force to attract and release an armature, causing the bowl to vibrate.<\/li>\n<li><strong>Characteristics<\/strong>: Cost-effective, mature technology, high feeding speed, but relatively noisy.<\/li>\n<\/ul>\n<ol start=\"2\">\n<li><strong> Piezoelectric Base<\/strong><\/li>\n<\/ol>\n<p>A newer drive type that utilizes the piezoelectric effect.<\/p>\n<ul>\n<li><strong>Working Principle<\/strong>: High-frequency AC current applied to piezoelectric ceramics causes minor expansion\/contraction, translated into bowl vibration.<\/li>\n<li><strong>Characteristics<\/strong>: Very low energy consumption, extremely quiet operation, ideal for very small and delicate parts, but has limited driving force.<\/li>\n<\/ul>\n<ol start=\"3\">\n<li><strong> Motor-Driven Base<\/strong><\/li>\n<\/ol>\n<ul>\n<li><strong>Working Principle<\/strong>: A standard motor with an eccentric counterweight rotates to generate centrifugal force, causing vibration.<\/li>\n<li><strong>Characteristics<\/strong>: High driving force, suitable for heavier parts, but generates significant noise and vibration.<\/li>\n<\/ul>\n<ol start=\"4\">\n<li><strong> Servo Motor Base<\/strong><\/li>\n<\/ol>\n<p>A high-precision, programmable drive system.<\/p>\n<ul>\n<li><strong>Working Principle<\/strong>: A servo motor drives a cam or crank mechanism to produce precisely controlled vibration.<\/li>\n<li><strong>Characteristics<\/strong>: Programmable motion, very smooth and gentle feeding, high precision, but has a very high cost.<\/li>\n<\/ul>","protected":false},"excerpt":{"rendered":"<p>\u00a0Types of Vibratory Bowl Bases Electromagnetic Base This is the most common and traditional type. Working Principle: An electromagnet generates pulsed magnetic force to attract and release an armature, causing the bowl to vibrate. Characteristics: Cost-effective, mature technology, high feeding speed, but relatively noisy. Piezoelectric Base A newer drive type that utilizes the piezoelectric effect. [&#8230;]","protected":false},"featured_media":3473,"comment_status":"open","ping_status":"closed","template":"","meta":[],"product_cat":[37],"product_tag":[],"yoast_head":"<!-- This site is optimized with the Yoast SEO plugin v22.2 - https:\/\/yoast.com\/wordpress\/plugins\/seo\/ -->\n<title>Vibratory Bowl Bases\/Sanki Vibrator Bases - SWOER<\/title>\n<meta name=\"description\" content=\"Sanki Vibrator Bases\/Feeder Bowl Motor\/ Feeder Bases\" \/>\n<meta name=\"robots\" content=\"index, follow, max-snippet:-1, max-image-preview:large, max-video-preview:-1\" \/>\n<link rel=\"canonical\" href=\"https:\/\/swoer.com\/sk\/manufacturer\/vibratory-bowl-bases-sanki-vibrator-bases\/\" \/>\n<meta property=\"og:locale\" content=\"sk_SK\" \/>\n<meta property=\"og:type\" content=\"article\" \/>\n<meta property=\"og:title\" content=\"Vibratory Bowl Bases\/Sanki Vibrator Bases - SWOER\" \/>\n<meta property=\"og:description\" content=\"Sanki Vibrator Bases\/Feeder Bowl Motor\/ Feeder Bases\" \/>\n<meta property=\"og:url\" content=\"https:\/\/swoer.com\/sk\/manufacturer\/vibratory-bowl-bases-sanki-vibrator-bases\/\" \/>\n<meta property=\"og:site_name\" content=\"SWOER\" \/>\n<meta property=\"og:image\" content=\"https:\/\/swoer.com\/wp-content\/uploads\/2025\/11\/acf43e41bd5435d0f819f174555aa4e0_\u526f\u672c.webp\" \/>\n\t<meta property=\"og:image:width\" content=\"680\" \/>\n\t<meta property=\"og:image:height\" content=\"868\" \/>\n\t<meta property=\"og:image:type\" content=\"image\/webp\" \/>\n<meta name=\"twitter:card\" content=\"summary_large_image\" \/>\n<meta name=\"twitter:label1\" content=\"Predpokladan\u00fd \u010das \u010d\u00edtania\" \/>\n\t<meta name=\"twitter:data1\" content=\"1 min\u00fata\" \/>\n<script type=\"application\/ld+json\" class=\"yoast-schema-graph\">{\"@context\":\"https:\/\/schema.org\",\"@graph\":[{\"@type\":\"WebPage\",\"@id\":\"https:\/\/swoer.com\/manufacturer\/vibratory-bowl-bases-sanki-vibrator-bases\/\",\"url\":\"https:\/\/swoer.com\/manufacturer\/vibratory-bowl-bases-sanki-vibrator-bases\/\",\"name\":\"Vibratory Bowl Bases\/Sanki Vibrator Bases - SWOER\",\"isPartOf\":{\"@id\":\"https:\/\/swoer.com\/#website\"},\"primaryImageOfPage\":{\"@id\":\"https:\/\/swoer.com\/manufacturer\/vibratory-bowl-bases-sanki-vibrator-bases\/#primaryimage\"},\"image\":{\"@id\":\"https:\/\/swoer.com\/manufacturer\/vibratory-bowl-bases-sanki-vibrator-bases\/#primaryimage\"},\"thumbnailUrl\":\"https:\/\/swoer.com\/wp-content\/uploads\/2025\/11\/acf43e41bd5435d0f819f174555aa4e0_\u526f\u672c.webp\",\"datePublished\":\"2025-11-08T03:21:15+00:00\",\"dateModified\":\"2025-11-08T03:21:15+00:00\",\"description\":\"Sanki Vibrator Bases\/Feeder Bowl Motor\/ Feeder Bases\",\"breadcrumb\":{\"@id\":\"https:\/\/swoer.com\/manufacturer\/vibratory-bowl-bases-sanki-vibrator-bases\/#breadcrumb\"},\"inLanguage\":\"sk-SK\",\"potentialAction\":[{\"@type\":\"ReadAction\",\"target\":[\"https:\/\/swoer.com\/manufacturer\/vibratory-bowl-bases-sanki-vibrator-bases\/\"]}]},{\"@type\":\"ImageObject\",\"inLanguage\":\"sk-SK\",\"@id\":\"https:\/\/swoer.com\/manufacturer\/vibratory-bowl-bases-sanki-vibrator-bases\/#primaryimage\",\"url\":\"https:\/\/swoer.com\/wp-content\/uploads\/2025\/11\/acf43e41bd5435d0f819f174555aa4e0_\u526f\u672c.webp\",\"contentUrl\":\"https:\/\/swoer.com\/wp-content\/uploads\/2025\/11\/acf43e41bd5435d0f819f174555aa4e0_\u526f\u672c.webp\",\"width\":680,\"height\":868},{\"@type\":\"BreadcrumbList\",\"@id\":\"https:\/\/swoer.com\/manufacturer\/vibratory-bowl-bases-sanki-vibrator-bases\/#breadcrumb\",\"itemListElement\":[{\"@type\":\"ListItem\",\"position\":1,\"name\":\"Home\",\"item\":\"https:\/\/swoer.com\/\"},{\"@type\":\"ListItem\",\"position\":2,\"name\":\"Shop\",\"item\":\"https:\/\/swoer.com\/shop\/\"},{\"@type\":\"ListItem\",\"position\":3,\"name\":\"Vibratory Bowl Bases\/Sanki Vibrator Bases\"}]},{\"@type\":\"WebSite\",\"@id\":\"https:\/\/swoer.com\/#website\",\"url\":\"https:\/\/swoer.com\/\",\"name\":\"SWOER\",\"description\":\"Swoer is the top 3 vibratory bowl feeder manufacturer in China\",\"potentialAction\":[{\"@type\":\"SearchAction\",\"target\":{\"@type\":\"EntryPoint\",\"urlTemplate\":\"https:\/\/swoer.com\/?s={search_term_string}\"},\"query-input\":\"required name=search_term_string\"}],\"inLanguage\":\"sk-SK\"}]}<\/script>\n<!-- \/ Yoast SEO plugin. -->","yoast_head_json":{"title":"Vibratory Bowl Bases\/Sanki Vibrator Bases - SWOER","description":"Sanki Vibrator Bases\/Feeder Bowl Motor\/ Feeder Bases","robots":{"index":"index","follow":"follow","max-snippet":"max-snippet:-1","max-image-preview":"max-image-preview:large","max-video-preview":"max-video-preview:-1"},"canonical":"https:\/\/swoer.com\/sk\/manufacturer\/vibratory-bowl-bases-sanki-vibrator-bases\/","og_locale":"sk_SK","og_type":"article","og_title":"Vibratory Bowl Bases\/Sanki Vibrator Bases - SWOER","og_description":"Sanki Vibrator Bases\/Feeder Bowl Motor\/ Feeder Bases","og_url":"https:\/\/swoer.com\/sk\/manufacturer\/vibratory-bowl-bases-sanki-vibrator-bases\/","og_site_name":"SWOER","og_image":[{"width":680,"height":868,"url":"https:\/\/swoer.com\/wp-content\/uploads\/2025\/11\/acf43e41bd5435d0f819f174555aa4e0_\u526f\u672c.webp","type":"image\/webp"}],"twitter_card":"summary_large_image","twitter_misc":{"Predpokladan\u00fd \u010das \u010d\u00edtania":"1 min\u00fata"},"schema":{"@context":"https:\/\/schema.org","@graph":[{"@type":"WebPage","@id":"https:\/\/swoer.com\/manufacturer\/vibratory-bowl-bases-sanki-vibrator-bases\/","url":"https:\/\/swoer.com\/manufacturer\/vibratory-bowl-bases-sanki-vibrator-bases\/","name":"Vibratory Bowl Bases\/Sanki Vibrator Bases - SWOER","isPartOf":{"@id":"https:\/\/swoer.com\/#website"},"primaryImageOfPage":{"@id":"https:\/\/swoer.com\/manufacturer\/vibratory-bowl-bases-sanki-vibrator-bases\/#primaryimage"},"image":{"@id":"https:\/\/swoer.com\/manufacturer\/vibratory-bowl-bases-sanki-vibrator-bases\/#primaryimage"},"thumbnailUrl":"https:\/\/swoer.com\/wp-content\/uploads\/2025\/11\/acf43e41bd5435d0f819f174555aa4e0_\u526f\u672c.webp","datePublished":"2025-11-08T03:21:15+00:00","dateModified":"2025-11-08T03:21:15+00:00","description":"Sanki Vibrator Bases\/Feeder Bowl Motor\/ Feeder Bases","breadcrumb":{"@id":"https:\/\/swoer.com\/manufacturer\/vibratory-bowl-bases-sanki-vibrator-bases\/#breadcrumb"},"inLanguage":"sk-SK","potentialAction":[{"@type":"ReadAction","target":["https:\/\/swoer.com\/manufacturer\/vibratory-bowl-bases-sanki-vibrator-bases\/"]}]},{"@type":"ImageObject","inLanguage":"sk-SK","@id":"https:\/\/swoer.com\/manufacturer\/vibratory-bowl-bases-sanki-vibrator-bases\/#primaryimage","url":"https:\/\/swoer.com\/wp-content\/uploads\/2025\/11\/acf43e41bd5435d0f819f174555aa4e0_\u526f\u672c.webp","contentUrl":"https:\/\/swoer.com\/wp-content\/uploads\/2025\/11\/acf43e41bd5435d0f819f174555aa4e0_\u526f\u672c.webp","width":680,"height":868},{"@type":"BreadcrumbList","@id":"https:\/\/swoer.com\/manufacturer\/vibratory-bowl-bases-sanki-vibrator-bases\/#breadcrumb","itemListElement":[{"@type":"ListItem","position":1,"name":"Home","item":"https:\/\/swoer.com\/"},{"@type":"ListItem","position":2,"name":"Shop","item":"https:\/\/swoer.com\/shop\/"},{"@type":"ListItem","position":3,"name":"Vibratory Bowl Bases\/Sanki Vibrator Bases"}]},{"@type":"WebSite","@id":"https:\/\/swoer.com\/#website","url":"https:\/\/swoer.com\/","name":"SWOER","description":"Swoer is the top 3 vibratory bowl feeder manufacturer in China","potentialAction":[{"@type":"SearchAction","target":{"@type":"EntryPoint","urlTemplate":"https:\/\/swoer.com\/?s={search_term_string}"},"query-input":"required name=search_term_string"}],"inLanguage":"sk-SK"}]}},"_links":{"self":[{"href":"https:\/\/swoer.com\/sk\/wp-json\/wp\/v2\/product\/3471"}],"collection":[{"href":"https:\/\/swoer.com\/sk\/wp-json\/wp\/v2\/product"}],"about":[{"href":"https:\/\/swoer.com\/sk\/wp-json\/wp\/v2\/types\/product"}],"replies":[{"embeddable":true,"href":"https:\/\/swoer.com\/sk\/wp-json\/wp\/v2\/comments?post=3471"}],"wp:featuredmedia":[{"embeddable":true,"href":"https:\/\/swoer.com\/sk\/wp-json\/wp\/v2\/media\/3473"}],"wp:attachment":[{"href":"https:\/\/swoer.com\/sk\/wp-json\/wp\/v2\/media?parent=3471"}],"wp:term":[{"taxonomy":"product_cat","embeddable":true,"href":"https:\/\/swoer.com\/sk\/wp-json\/wp\/v2\/product_cat?post=3471"},{"taxonomy":"product_tag","embeddable":true,"href":"https:\/\/swoer.com\/sk\/wp-json\/wp\/v2\/product_tag?post=3471"}],"curies":[{"name":"wp","href":"https:\/\/api.w.org\/{rel}","templated":true}]}}