{"id":3417,"date":"2025-10-29T16:30:33","date_gmt":"2025-10-29T08:30:33","guid":{"rendered":"https:\/\/swoer.com\/?post_type=product&#038;p=3417"},"modified":"2025-10-31T15:39:39","modified_gmt":"2025-10-31T07:39:39","slug":"spring-feeder-linear-vibrating-feeder","status":"publish","type":"product","link":"https:\/\/swoer.com\/sk\/manufacturer\/spring-feeder-linear-vibrating-feeder\/","title":{"rendered":"Spring Feeder\/Linear vibrating feeder"},"content":{"rendered":"<h3><strong>Which Springs Are Suitable for Vibratory Bowls?<\/strong><\/h3>\n<p class=\"ds-markdown-paragraph\">In general,\u00a0<strong>the vast majority of springs are highly unsuitable for traditional vibratory bowls<\/strong>. The working principle of a vibratory bowl (vibration and friction) directly conflicts with the physical properties of springs (prone to tangling and deformation).<\/p>\n<p class=\"ds-markdown-paragraph\">However, under very limited conditions, certain types of springs can be used with difficulty, but it is generally not recommended.<\/p>\n<h4><strong>Spring Types That Are Almost Always Unsuitable:<\/strong><\/h4>\n<ol start=\"1\">\n<li>\n<p class=\"ds-markdown-paragraph\"><strong>Compression Springs (Especially those with a high slenderness ratio)<\/strong><\/p>\n<ul>\n<li>\n<p class=\"ds-markdown-paragraph\"><strong>Reason<\/strong>: During vibration, they will twist and tangle with each other into impossible knots, making separation unfeasible.<\/p>\n<\/li>\n<\/ul>\n<\/li>\n<li>\n<p class=\"ds-markdown-paragraph\"><strong>Extension Springs<\/strong><\/p>\n<ul>\n<li>\n<p class=\"ds-markdown-paragraph\"><strong>Reason<\/strong>: The hooks on both ends will readily catch onto other springs, instantly forming a tangled clump.<\/p>\n<\/li>\n<\/ul>\n<\/li>\n<li>\n<p class=\"ds-markdown-paragraph\"><strong>Torsion Springs<\/strong><\/p>\n<ul>\n<li>\n<p class=\"ds-markdown-paragraph\"><strong>Reason<\/strong>: The complex shape and protruding arms cause them to easily interlock.<\/p>\n<\/li>\n<\/ul>\n<\/li>\n<li>\n<p class=\"ds-markdown-paragraph\"><strong>Conical Springs<\/strong><\/p>\n<ul>\n<li>\n<p class=\"ds-markdown-paragraph\"><strong>Reason<\/strong>: They nest inside each other, becoming tightly stuck and inseparable.<\/p>\n<\/li>\n<\/ul>\n<\/li>\n<\/ol>\n<h4><strong>Spring Types That Might Be Feasible Under Specific Conditions:<\/strong><\/h4>\n<p class=\"ds-markdown-paragraph\">If your spring meets\u00a0<strong>ALL<\/strong>\u00a0of the following criteria, you can\u00a0<strong>attempt<\/strong>\u00a0to use a specially designed bowl:<\/p>\n<ol start=\"1\">\n<li>\n<p class=\"ds-markdown-paragraph\"><strong>Short and Stout Compression Springs<\/strong><\/p>\n<ul>\n<li>\n<p class=\"ds-markdown-paragraph\"><strong>Popis<\/strong>: Very short in length with a large diameter, resembling a &#8220;washer&#8221; shape (slenderness ratio close to 1).<\/p>\n<\/li>\n<li>\n<p class=\"ds-markdown-paragraph\"><strong>Reason<\/strong>: This shape significantly reduces the potential for tangling and is relatively stable on the track.<\/p>\n<\/li>\n<\/ul>\n<\/li>\n<li>\n<p class=\"ds-markdown-paragraph\"><strong>Spiral\/Wave Springs<\/strong><\/p>\n<ul>\n<li>\n<p class=\"ds-markdown-paragraph\"><strong>Popis<\/strong>: Flat in shape, multiple springs do not hook into each other.<\/p>\n<\/li>\n<li>\n<p class=\"ds-markdown-paragraph\"><strong>Reason<\/strong>: They behave more like washers, sliding on the track rather than rolling or hooking.<\/p>\n<\/li>\n<\/ul>\n<\/li>\n<li>\n<p class=\"ds-markdown-paragraph\"><strong>Small Spring Washers<\/strong><\/p>\n<ul>\n<li>\n<p class=\"ds-markdown-paragraph\"><strong>Popis<\/strong>: Although a spring, its shape is an open ring and can often be fed similar to a standard washer.<\/p>\n<\/li>\n<li>\n<p class=\"ds-markdown-paragraph\"><strong>Reason<\/strong>: The bowl track can be designed to maintain its orientation (open side up or down).<\/p>\n<\/li>\n<\/ul>\n<\/li>\n<\/ol>\n<p class=\"ds-markdown-paragraph\"><strong>Even for the &#8220;feasible&#8221; springs mentioned above, the vibratory bowl requires special design:<\/strong><\/p>\n<ul>\n<li>\n<p class=\"ds-markdown-paragraph\"><strong>Extremely Low Material Level<\/strong>: To prevent excessive contact between springs.<\/p>\n<\/li>\n<li>\n<p class=\"ds-markdown-paragraph\"><strong>Non-Stick Coating (e.g., Teflon)<\/strong>: To reduce friction and static electricity.<\/p>\n<\/li>\n<li>\n<p class=\"ds-markdown-paragraph\"><strong>Highly Optimized Track<\/strong>: With covers or special guiding tools to prevent springs from standing up or tilting.<\/p>\n<\/li>\n<li>\n<p class=\"ds-markdown-paragraph\"><strong>Possible Air Assistance<\/strong>: To help propel and orient them.<\/p>\n<\/li>\n<\/ul>\n<h3><strong>Recommended Alternative Solutions<\/strong><\/h3>\n<p class=\"ds-markdown-paragraph\">For spring feeding, the modern automation industry strongly prefers\u00a0<strong>non-vibratory solutions<\/strong>, which are\u00a0<strong>truly suitable for springs<\/strong>:<\/p>\n<ol start=\"1\">\n<li>\n<p class=\"ds-markdown-paragraph\"><strong>Krokov\u00e9 pod\u00e1va\u010de<\/strong><\/p>\n<ul>\n<li>\n<p class=\"ds-markdown-paragraph\"><strong>Principle<\/strong>: A linear pusher gently separates and pushes springs one by one from a magazine.<\/p>\n<\/li>\n<li>\n<p class=\"ds-markdown-paragraph\"><strong>V\u00fdhoda<\/strong>:\u00a0<strong>Completely eliminates tangling<\/strong>, is gentle on springs, quiet, and reliable. This is the\u00a0<strong>primary recommended solution<\/strong>\u00a0for spring feeding.<\/p>\n<\/li>\n<\/ul>\n<\/li>\n<li>\n<p class=\"ds-markdown-paragraph\"><strong>Flexible Feeders with Vision Systems<\/strong><\/p>\n<ul>\n<li>\n<p class=\"ds-markdown-paragraph\"><strong>Principle<\/strong>: A robot grabs a handful of springs from a bulk box and scatters them onto a flexible feeder. A vision system identifies correctly oriented springs and guides the robot to pick them.<\/p>\n<\/li>\n<li>\n<p class=\"ds-markdown-paragraph\"><strong>V\u00fdhoda<\/strong>: Solves the tangling problem at its root and allows for extremely easy product changeover, suitable for low-volume, high-mix production.<\/p>\n<\/li>\n<\/ul>\n<\/li>\n<\/ol>","protected":false},"excerpt":{"rendered":"<p>Which Springs Are Suitable for Vibratory Bowls? In general,\u00a0the vast majority of springs are highly unsuitable for traditional vibratory bowls. The working principle of a vibratory bowl (vibration and friction) directly conflicts with the physical properties of springs (prone to tangling and deformation). However, under very limited conditions, certain types of springs can be used [&#8230;]","protected":false},"featured_media":3418,"comment_status":"open","ping_status":"closed","template":"","meta":[],"product_cat":[37],"product_tag":[],"yoast_head":"<!-- This site is optimized with the Yoast SEO plugin v22.2 - https:\/\/yoast.com\/wordpress\/plugins\/seo\/ -->\n<title>Spring Feeder\/Linear vibrating feeder - SWOER<\/title>\n<meta name=\"description\" content=\"Spring Feeder\/Linear vibrating feeder\/Bowl Feeder Price\" \/>\n<meta name=\"robots\" content=\"index, follow, max-snippet:-1, max-image-preview:large, max-video-preview:-1\" \/>\n<link rel=\"canonical\" href=\"https:\/\/swoer.com\/sk\/manufacturer\/spring-feeder-linear-vibrating-feeder\/\" \/>\n<meta property=\"og:locale\" content=\"sk_SK\" \/>\n<meta property=\"og:type\" content=\"article\" \/>\n<meta property=\"og:title\" content=\"Spring Feeder\/Linear vibrating feeder - SWOER\" \/>\n<meta property=\"og:description\" content=\"Spring Feeder\/Linear vibrating feeder\/Bowl Feeder Price\" \/>\n<meta property=\"og:url\" content=\"https:\/\/swoer.com\/sk\/manufacturer\/spring-feeder-linear-vibrating-feeder\/\" \/>\n<meta property=\"og:site_name\" content=\"SWOER\" \/>\n<meta property=\"article:modified_time\" content=\"2025-10-31T07:39:39+00:00\" \/>\n<meta property=\"og:image\" content=\"https:\/\/swoer.com\/wp-content\/uploads\/2025\/10\/bc03f4dbab228dacb36946475da535e7_\u526f\u672c.webp\" \/>\n\t<meta property=\"og:image:width\" content=\"680\" \/>\n\t<meta property=\"og:image:height\" content=\"1176\" \/>\n\t<meta property=\"og:image:type\" content=\"image\/webp\" \/>\n<meta name=\"twitter:card\" content=\"summary_large_image\" \/>\n<meta name=\"twitter:label1\" content=\"Predpokladan\u00fd \u010das \u010d\u00edtania\" \/>\n\t<meta name=\"twitter:data1\" content=\"3 min\u00faty\" \/>\n<script type=\"application\/ld+json\" class=\"yoast-schema-graph\">{\"@context\":\"https:\/\/schema.org\",\"@graph\":[{\"@type\":\"WebPage\",\"@id\":\"https:\/\/swoer.com\/manufacturer\/spring-feeder-linear-vibrating-feeder\/\",\"url\":\"https:\/\/swoer.com\/manufacturer\/spring-feeder-linear-vibrating-feeder\/\",\"name\":\"Spring Feeder\/Linear vibrating feeder - SWOER\",\"isPartOf\":{\"@id\":\"https:\/\/swoer.com\/#website\"},\"primaryImageOfPage\":{\"@id\":\"https:\/\/swoer.com\/manufacturer\/spring-feeder-linear-vibrating-feeder\/#primaryimage\"},\"image\":{\"@id\":\"https:\/\/swoer.com\/manufacturer\/spring-feeder-linear-vibrating-feeder\/#primaryimage\"},\"thumbnailUrl\":\"https:\/\/swoer.com\/wp-content\/uploads\/2025\/10\/bc03f4dbab228dacb36946475da535e7_\u526f\u672c.webp\",\"datePublished\":\"2025-10-29T08:30:33+00:00\",\"dateModified\":\"2025-10-31T07:39:39+00:00\",\"description\":\"Spring Feeder\/Linear vibrating feeder\/Bowl Feeder Price\",\"breadcrumb\":{\"@id\":\"https:\/\/swoer.com\/manufacturer\/spring-feeder-linear-vibrating-feeder\/#breadcrumb\"},\"inLanguage\":\"sk-SK\",\"potentialAction\":[{\"@type\":\"ReadAction\",\"target\":[\"https:\/\/swoer.com\/manufacturer\/spring-feeder-linear-vibrating-feeder\/\"]}]},{\"@type\":\"ImageObject\",\"inLanguage\":\"sk-SK\",\"@id\":\"https:\/\/swoer.com\/manufacturer\/spring-feeder-linear-vibrating-feeder\/#primaryimage\",\"url\":\"https:\/\/swoer.com\/wp-content\/uploads\/2025\/10\/bc03f4dbab228dacb36946475da535e7_\u526f\u672c.webp\",\"contentUrl\":\"https:\/\/swoer.com\/wp-content\/uploads\/2025\/10\/bc03f4dbab228dacb36946475da535e7_\u526f\u672c.webp\",\"width\":680,\"height\":1176},{\"@type\":\"BreadcrumbList\",\"@id\":\"https:\/\/swoer.com\/manufacturer\/spring-feeder-linear-vibrating-feeder\/#breadcrumb\",\"itemListElement\":[{\"@type\":\"ListItem\",\"position\":1,\"name\":\"Home\",\"item\":\"https:\/\/swoer.com\/\"},{\"@type\":\"ListItem\",\"position\":2,\"name\":\"Shop\",\"item\":\"https:\/\/swoer.com\/shop\/\"},{\"@type\":\"ListItem\",\"position\":3,\"name\":\"Spring Feeder\/Linear vibrating feeder\"}]},{\"@type\":\"WebSite\",\"@id\":\"https:\/\/swoer.com\/#website\",\"url\":\"https:\/\/swoer.com\/\",\"name\":\"SWOER\",\"description\":\"Swoer is the top 3 vibratory bowl feeder manufacturer in China\",\"potentialAction\":[{\"@type\":\"SearchAction\",\"target\":{\"@type\":\"EntryPoint\",\"urlTemplate\":\"https:\/\/swoer.com\/?s={search_term_string}\"},\"query-input\":\"required name=search_term_string\"}],\"inLanguage\":\"sk-SK\"}]}<\/script>\n<!-- \/ Yoast SEO plugin. -->","yoast_head_json":{"title":"Spring Feeder\/Linear vibrating feeder - SWOER","description":"Spring Feeder\/Linear vibrating feeder\/Bowl Feeder Price","robots":{"index":"index","follow":"follow","max-snippet":"max-snippet:-1","max-image-preview":"max-image-preview:large","max-video-preview":"max-video-preview:-1"},"canonical":"https:\/\/swoer.com\/sk\/manufacturer\/spring-feeder-linear-vibrating-feeder\/","og_locale":"sk_SK","og_type":"article","og_title":"Spring Feeder\/Linear vibrating feeder - SWOER","og_description":"Spring Feeder\/Linear vibrating feeder\/Bowl Feeder Price","og_url":"https:\/\/swoer.com\/sk\/manufacturer\/spring-feeder-linear-vibrating-feeder\/","og_site_name":"SWOER","article_modified_time":"2025-10-31T07:39:39+00:00","og_image":[{"width":680,"height":1176,"url":"https:\/\/swoer.com\/wp-content\/uploads\/2025\/10\/bc03f4dbab228dacb36946475da535e7_\u526f\u672c.webp","type":"image\/webp"}],"twitter_card":"summary_large_image","twitter_misc":{"Predpokladan\u00fd \u010das \u010d\u00edtania":"3 min\u00faty"},"schema":{"@context":"https:\/\/schema.org","@graph":[{"@type":"WebPage","@id":"https:\/\/swoer.com\/manufacturer\/spring-feeder-linear-vibrating-feeder\/","url":"https:\/\/swoer.com\/manufacturer\/spring-feeder-linear-vibrating-feeder\/","name":"Spring Feeder\/Linear vibrating feeder - SWOER","isPartOf":{"@id":"https:\/\/swoer.com\/#website"},"primaryImageOfPage":{"@id":"https:\/\/swoer.com\/manufacturer\/spring-feeder-linear-vibrating-feeder\/#primaryimage"},"image":{"@id":"https:\/\/swoer.com\/manufacturer\/spring-feeder-linear-vibrating-feeder\/#primaryimage"},"thumbnailUrl":"https:\/\/swoer.com\/wp-content\/uploads\/2025\/10\/bc03f4dbab228dacb36946475da535e7_\u526f\u672c.webp","datePublished":"2025-10-29T08:30:33+00:00","dateModified":"2025-10-31T07:39:39+00:00","description":"Spring Feeder\/Linear vibrating feeder\/Bowl Feeder Price","breadcrumb":{"@id":"https:\/\/swoer.com\/manufacturer\/spring-feeder-linear-vibrating-feeder\/#breadcrumb"},"inLanguage":"sk-SK","potentialAction":[{"@type":"ReadAction","target":["https:\/\/swoer.com\/manufacturer\/spring-feeder-linear-vibrating-feeder\/"]}]},{"@type":"ImageObject","inLanguage":"sk-SK","@id":"https:\/\/swoer.com\/manufacturer\/spring-feeder-linear-vibrating-feeder\/#primaryimage","url":"https:\/\/swoer.com\/wp-content\/uploads\/2025\/10\/bc03f4dbab228dacb36946475da535e7_\u526f\u672c.webp","contentUrl":"https:\/\/swoer.com\/wp-content\/uploads\/2025\/10\/bc03f4dbab228dacb36946475da535e7_\u526f\u672c.webp","width":680,"height":1176},{"@type":"BreadcrumbList","@id":"https:\/\/swoer.com\/manufacturer\/spring-feeder-linear-vibrating-feeder\/#breadcrumb","itemListElement":[{"@type":"ListItem","position":1,"name":"Home","item":"https:\/\/swoer.com\/"},{"@type":"ListItem","position":2,"name":"Shop","item":"https:\/\/swoer.com\/shop\/"},{"@type":"ListItem","position":3,"name":"Spring Feeder\/Linear vibrating feeder"}]},{"@type":"WebSite","@id":"https:\/\/swoer.com\/#website","url":"https:\/\/swoer.com\/","name":"SWOER","description":"Swoer is the top 3 vibratory bowl feeder manufacturer in China","potentialAction":[{"@type":"SearchAction","target":{"@type":"EntryPoint","urlTemplate":"https:\/\/swoer.com\/?s={search_term_string}"},"query-input":"required name=search_term_string"}],"inLanguage":"sk-SK"}]}},"_links":{"self":[{"href":"https:\/\/swoer.com\/sk\/wp-json\/wp\/v2\/product\/3417"}],"collection":[{"href":"https:\/\/swoer.com\/sk\/wp-json\/wp\/v2\/product"}],"about":[{"href":"https:\/\/swoer.com\/sk\/wp-json\/wp\/v2\/types\/product"}],"replies":[{"embeddable":true,"href":"https:\/\/swoer.com\/sk\/wp-json\/wp\/v2\/comments?post=3417"}],"wp:featuredmedia":[{"embeddable":true,"href":"https:\/\/swoer.com\/sk\/wp-json\/wp\/v2\/media\/3418"}],"wp:attachment":[{"href":"https:\/\/swoer.com\/sk\/wp-json\/wp\/v2\/media?parent=3417"}],"wp:term":[{"taxonomy":"product_cat","embeddable":true,"href":"https:\/\/swoer.com\/sk\/wp-json\/wp\/v2\/product_cat?post=3417"},{"taxonomy":"product_tag","embeddable":true,"href":"https:\/\/swoer.com\/sk\/wp-json\/wp\/v2\/product_tag?post=3417"}],"curies":[{"name":"wp","href":"https:\/\/api.w.org\/{rel}","templated":true}]}}