{"id":3343,"date":"2025-04-25T10:07:57","date_gmt":"2025-04-25T02:07:57","guid":{"rendered":"https:\/\/swoer.com\/?post_type=product&#038;p=3343"},"modified":"2025-04-25T14:13:46","modified_gmt":"2025-04-25T06:13:46","slug":"vibrating-bowl-feeder-%ef%bc%8dvibration-bowl-feeder-%ef%bc%8dbowl-feeder","status":"publish","type":"product","link":"https:\/\/swoer.com\/sk\/manufacturer\/vibrating-bowl-feeder-%ef%bc%8dvibration-bowl-feeder-%ef%bc%8dbowl-feeder\/","title":{"rendered":"Vibra\u010dn\u00e9 k\u0155midlo pre misky \u2013 Vibra\u010dn\u00e9 k\u0155midlo pre misky \u2013 k\u0155midlo pre misky"},"content":{"rendered":"<h2 data-start=\"60\" data-end=\"115\">Pre\u010do si vybra\u0165 SWOER pre vlastn\u00e9 vibra\u010dn\u00e9 k\u0155midl\u00e1?<\/h2>\n<ul data-start=\"117\" data-end=\"772\">\n<li class=\"\" data-start=\"117\" data-end=\"212\">\n<p class=\"\" data-start=\"119\" data-end=\"212\"><strong data-start=\"119\" data-end=\"135\">Vyroben\u00e9 na mieru:<\/strong> Ka\u017ed\u00fd pod\u00e1va\u010d misky je vyroben\u00fd tak, aby vyhovoval va\u0161ej ve\u013ekosti, tvaru a potreb\u00e1m k\u0155menia.<\/p>\n<\/li>\n<li class=\"\" data-start=\"213\" data-end=\"325\">\n<p class=\"\" data-start=\"215\" data-end=\"325\"><strong data-start=\"215\" data-end=\"245\">Presn\u00e9 a r\u00fdchle k\u0155menie:<\/strong> Pod\u00e1va\u010de SWOER umo\u017e\u0148uj\u00fa hladk\u00fd a r\u00fdchly pohyb dielov vo va\u0161ej automatiza\u010dnej linke.<\/p>\n<\/li>\n<li class=\"\" data-start=\"326\" data-end=\"449\">\n<p class=\"\" data-start=\"328\" data-end=\"449\"><strong data-start=\"328\" data-end=\"357\">Bohat\u00e9 priemyseln\u00e9 sk\u00fasenosti:<\/strong> Viac ako 10 rokov spolupr\u00e1ce s v\u00fdrobcami automobilov, elektronikou, zdravotn\u00edckymi pom\u00f4ckami a obalov\u00fdmi spolo\u010dnos\u0165ami.<\/p>\n<\/li>\n<li class=\"\" data-start=\"450\" data-end=\"555\">\n<p class=\"\" data-start=\"452\" data-end=\"555\"><strong data-start=\"452\" data-end=\"479\">Mal\u00fd a priestorovo \u00fasporn\u00fd:<\/strong> Zvl\u00e1dne mal\u00e9 \u010dasti do 2 mm; skvel\u00e9 pre \u00fasporu miesta na va\u0161ich strojoch.<\/p>\n<\/li>\n<li class=\"\" data-start=\"556\" data-end=\"654\">\n<p class=\"\" data-start=\"558\" data-end=\"654\"><strong data-start=\"558\" data-end=\"577\">Stabiln\u00e1 kvalita:<\/strong> V\u0161etky pod\u00e1va\u010de s\u00fa starostlivo testovan\u00e9, aby sa zabezpe\u010dilo, \u017ee dobre be\u017eia a dlho vydr\u017eia.<\/p>\n<\/li>\n<li class=\"\" data-start=\"655\" data-end=\"772\">\n<p class=\"\" data-start=\"657\" data-end=\"772\"><strong data-start=\"657\" data-end=\"681\">R\u00fdchla glob\u00e1lna slu\u017eba:<\/strong> V\u010faka pobo\u010dke vo Vietname a r\u00fdchlej podpore v \u00c1zii a Eur\u00f3pe sa s nami \u013eahko spolupracuje.<\/p>\n<\/li>\n<\/ul>\n\t<div id=\"gap-2070810252\" class=\"gap-element clearfix\" style=\"display:block; height:auto;\">\n\t\t\n<style>\n#gap-2070810252 {\n  padding-top: 30px;\n}\n<\/style>\n\t<\/div>\n\t\n<h2 data-start=\"57\" data-end=\"120\">Inform\u00e1cie potrebn\u00e9 na prisp\u00f4sobenie v\u00e1\u0161ho vibra\u010dn\u00e9ho pod\u00e1va\u010da:<\/h2>\n<ol data-start=\"122\" data-end=\"1419\">\n<li class=\"\" data-start=\"122\" data-end=\"285\">\n<p class=\"\" data-start=\"125\" data-end=\"155\"><strong data-start=\"125\" data-end=\"153\">Vzorky dielov alebo v\u00fdkresy<\/strong><\/p>\n<ul data-start=\"159\" data-end=\"285\">\n<li class=\"\" data-start=\"159\" data-end=\"212\">\n<p class=\"\" data-start=\"161\" data-end=\"212\">Po\u0161lite n\u00e1m skuto\u010dn\u00e9 vzorky dielov alebo jasn\u00e9 3D v\u00fdkresy<\/p>\n<\/li>\n<li class=\"\" data-start=\"216\" data-end=\"285\">\n<p class=\"\" data-start=\"218\" data-end=\"285\">Kontrolujeme ve\u013ekos\u0165, tvar, materi\u00e1l, povrch a ako musia diely l\u00edcova\u0165<\/p>\n<\/li>\n<\/ul>\n<\/li>\n<li class=\"\" data-start=\"287\" data-end=\"418\">\n<p class=\"\" data-start=\"290\" data-end=\"313\"><strong data-start=\"290\" data-end=\"311\">Smer k\u0155menia<\/strong><\/p>\n<ul data-start=\"317\" data-end=\"418\">\n<li class=\"\" data-start=\"317\" data-end=\"369\">\n<p class=\"\" data-start=\"319\" data-end=\"369\">Mali by sa diely pohybova\u0165 v smere alebo proti smeru hodinov\u00fdch ru\u010di\u010diek?<\/p>\n<\/li>\n<li class=\"\" data-start=\"373\" data-end=\"418\">\n<p class=\"\" data-start=\"375\" data-end=\"418\">Musia by\u0165 oto\u010den\u00e9 nahor, nadol alebo nabok?<\/p>\n<\/li>\n<\/ul>\n<\/li>\n<li class=\"\" data-start=\"420\" data-end=\"518\">\n<p class=\"\" data-start=\"423\" data-end=\"442\"><strong data-start=\"423\" data-end=\"440\">R\u00fdchlos\u0165 k\u0155menia<\/strong><\/p>\n<ul data-start=\"446\" data-end=\"518\">\n<li class=\"\" data-start=\"446\" data-end=\"488\">\n<p class=\"\" data-start=\"448\" data-end=\"488\">Ko\u013eko dielov za min\u00fatu potrebujete?<\/p>\n<\/li>\n<li class=\"\" data-start=\"492\" data-end=\"518\">\n<p class=\"\" data-start=\"494\" data-end=\"518\">Ak\u00e9ko\u013evek po\u017eiadavky na \u010das?<\/p>\n<\/li>\n<\/ul>\n<\/li>\n<li class=\"\" data-start=\"520\" data-end=\"654\">\n<p class=\"\" data-start=\"523\" data-end=\"538\"><strong data-start=\"523\" data-end=\"536\">Ve\u013ekos\u0165 dielu<\/strong><\/p>\n<ul data-start=\"542\" data-end=\"654\">\n<li class=\"\" data-start=\"542\" data-end=\"609\">\n<p class=\"\" data-start=\"544\" data-end=\"609\">Ak\u00e1 je najmen\u0161ia a najv\u00e4\u010d\u0161ia ve\u013ekos\u0165 va\u0161ich dielov (D x \u0160 x V)?<\/p>\n<\/li>\n<li class=\"\" data-start=\"613\" data-end=\"654\">\n<p class=\"\" data-start=\"615\" data-end=\"654\">S\u00fa \u010dasti ve\u013emi mal\u00e9 alebo maj\u00fa zvl\u00e1\u0161tny tvar?<\/p>\n<\/li>\n<\/ul>\n<\/li>\n<li class=\"\" data-start=\"656\" data-end=\"807\">\n<p class=\"\" data-start=\"659\" data-end=\"678\"><strong data-start=\"659\" data-end=\"676\">Materi\u00e1l \u010dasti<\/strong><\/p>\n<ul data-start=\"682\" data-end=\"807\">\n<li class=\"\" data-start=\"682\" data-end=\"742\">\n<p class=\"\" data-start=\"684\" data-end=\"742\">S\u00fa diely plastov\u00e9, kovov\u00e9, gumen\u00e9 alebo nie\u010do in\u00e9?<\/p>\n<\/li>\n<li class=\"\" data-start=\"746\" data-end=\"807\">\n<p class=\"\" data-start=\"748\" data-end=\"807\">To n\u00e1m pom\u00e1ha pri v\u00fdbere spr\u00e1vneho n\u00e1teru alebo povrchovej \u00fapravy<\/p>\n<\/li>\n<\/ul>\n<\/li>\n<li class=\"\" data-start=\"809\" data-end=\"946\">\n<p class=\"\" data-start=\"812\" data-end=\"837\"><strong data-start=\"812\" data-end=\"835\">Pracovn\u00e9 prostredie<\/strong><\/p>\n<ul data-start=\"841\" data-end=\"946\">\n<li class=\"\" data-start=\"841\" data-end=\"891\">\n<p class=\"\" data-start=\"843\" data-end=\"891\">Je to \u010dist\u00e1 miestnos\u0165, hor\u00face, vlhk\u00e9 alebo pra\u0161n\u00e9 miesto?<\/p>\n<\/li>\n<li class=\"\" data-start=\"895\" data-end=\"946\">\n<p class=\"\" data-start=\"897\" data-end=\"946\">Ak\u00fd zdroj pou\u017e\u00edva\u0161? (napr. 220V alebo 110V)<\/p>\n<\/li>\n<\/ul>\n<\/li>\n<li class=\"\" data-start=\"948\" data-end=\"1113\">\n<p class=\"\" data-start=\"951\" data-end=\"976\"><strong data-start=\"951\" data-end=\"974\">Pripojen\u00e9 zariadenia<\/strong><\/p>\n<ul data-start=\"980\" data-end=\"1113\">\n<li class=\"\" data-start=\"980\" data-end=\"1045\">\n<p class=\"\" data-start=\"982\" data-end=\"1045\">Budete ho pou\u017e\u00edva\u0165 s kamerov\u00fdm syst\u00e9mom, ramenom robota alebo dopravn\u00edkom?<\/p>\n<\/li>\n<li class=\"\" data-start=\"1049\" data-end=\"1113\">\n<p class=\"\" data-start=\"1051\" data-end=\"1113\">Ako chcete, aby \u010dasti vy\u0161li \u2013 \u0161myk\u013eavka, ko\u013eajnica alebo dr\u00e1ha?<\/p>\n<\/li>\n<\/ul>\n<\/li>\n<li class=\"\" data-start=\"1115\" data-end=\"1283\">\n<p class=\"\" data-start=\"1118\" data-end=\"1155\"><strong data-start=\"1118\" data-end=\"1153\">Materi\u00e1l misky a potreby povrchu<\/strong><\/p>\n<ul data-start=\"1159\" data-end=\"1283\">\n<li class=\"\" data-start=\"1159\" data-end=\"1221\">\n<p class=\"\" data-start=\"1161\" data-end=\"1221\">Chcete nerezov\u00fa, hlin\u00edkov\u00fa alebo plastov\u00fa misu?<\/p>\n<\/li>\n<li class=\"\" data-start=\"1225\" data-end=\"1283\">\n<p class=\"\" data-start=\"1227\" data-end=\"1283\">Potrebujete dodato\u010dn\u00fd n\u00e1ter na zn\u00ed\u017eenie hluku alebo ochranu dielov?<\/p>\n<\/li>\n<\/ul>\n<\/li>\n<li class=\"\" data-start=\"1285\" data-end=\"1419\">\n<p class=\"\" data-start=\"1288\" data-end=\"1316\"><strong data-start=\"1288\" data-end=\"1314\">Priestor pre in\u0161tal\u00e1ciu<\/strong><\/p>\n<ul data-start=\"1320\" data-end=\"1419\">\n<li class=\"\" data-start=\"1320\" data-end=\"1366\">\n<p class=\"\" data-start=\"1322\" data-end=\"1366\">Ko\u013eko miesta m\u00e1te na pod\u00e1va\u010d?<\/p>\n<\/li>\n<li class=\"\" data-start=\"1370\" data-end=\"1419\">\n<p class=\"\" data-start=\"1372\" data-end=\"1419\">Potrebujete men\u0161\u00ed alebo \u0161peci\u00e1lny dizajn, aby sa v\u00e1m zmestil?<\/p>\n<\/li>\n<\/ul>\n<\/li>\n<\/ol>\n\t<div id=\"gap-1390525854\" class=\"gap-element clearfix\" style=\"display:block; height:auto;\">\n\t\t\n<style>\n#gap-1390525854 {\n  padding-top: 30px;\n}\n<\/style>\n\t<\/div>\n\t\n<h2>Kontaktujte SWOER teraz<\/h2>\n\n<div class=\"wpcf7 no-js\" id=\"wpcf7-f280-o1\" lang=\"en-US\" dir=\"ltr\">\n<div class=\"screen-reader-response\"><p role=\"status\" aria-live=\"polite\" aria-atomic=\"true\"><\/p> <ul><\/ul><\/div>\n<form action=\"\/sk\/wp-json\/wp\/v2\/product\/3343#wpcf7-f280-o1\" method=\"post\" class=\"wpcf7-form init\" aria-label=\"Kontaktn\u00fd formul\u00e1r\" novalidate=\"novalidate\" data-status=\"init\" data-trp-original-action=\"\/sk\/wp-json\/wp\/v2\/product\/3343#wpcf7-f280-o1\">\n<div style=\"display: none;\">\n<input type=\"hidden\" name=\"_wpcf7\" value=\"280\" \/>\n<input type=\"hidden\" name=\"_wpcf7_version\" value=\"5.9.2\" \/>\n<input type=\"hidden\" name=\"_wpcf7_locale\" value=\"en_US\" \/>\n<input type=\"hidden\" name=\"_wpcf7_unit_tag\" value=\"wpcf7-f280-o1\" \/>\n<input type=\"hidden\" name=\"_wpcf7_container_post\" value=\"0\" \/>\n<input type=\"hidden\" name=\"_wpcf7_posted_data_hash\" value=\"\" \/>\n<\/div>\n<div class='custom_contact_style'>\n\t<div class=\"row row-small\">\n\t\t<div class=\"col medium-6 small-12 large-6\">\n\t\t\t<div class=\"col-inner\">\n\t\t\t\t<p><span class=\"wpcf7-form-control-wrap\" data-name=\"your-name\"><input size=\"40\" class=\"wpcf7-form-control wpcf7-text wpcf7-validates-as-required\" aria-required=\"true\" aria-invalid=\"false\" placeholder=\"N\u00e1zov*\" value=\"\" type=\"text\" name=\"your-name\" \/><\/span>\n\t\t\t\t<\/p>\n\t\t\t<\/div>\n\t\t<\/div>\n\t\t<div class=\"col medium-6 small-12 large-6\">\n\t\t\t<div class=\"col-inner\">\n\t\t\t\t<p><span class=\"wpcf7-form-control-wrap\" data-name=\"your-email\"><input size=\"40\" class=\"wpcf7-form-control wpcf7-email wpcf7-validates-as-required wpcf7-text wpcf7-validates-as-email\" aria-required=\"true\" aria-invalid=\"false\" placeholder=\"E-mail*\" value=\"\" type=\"email\" name=\"your-email\" \/><\/span>\n\t\t\t\t<\/p>\n\t\t\t<\/div>\n\t\t<\/div>\n\t<\/div>\n\t<div class='cus_contact_form_bottom'>\n\t\t<p><span class=\"wpcf7-form-control-wrap\" data-name=\"your-phone\"><input size=\"40\" class=\"wpcf7-form-control wpcf7-text\" aria-invalid=\"false\" placeholder=\"Telef\u00f3n\" value=\"\" type=\"text\" name=\"your-phone\" \/><\/span>\n\t\t<\/p>\n\t<\/div>\n\t<div class='cus_contact_form_bottom'>\n\t\t<p><span class=\"wpcf7-form-control-wrap\" data-name=\"your-country\"><input size=\"40\" class=\"wpcf7-form-control wpcf7-text\" aria-invalid=\"false\" placeholder=\"Krajina\" value=\"\" type=\"text\" name=\"your-country\" \/><\/span>\n\t\t<\/p>\n\t<\/div>\n\t<p><span class=\"wpcf7-form-control-wrap\" data-name=\"your-message\"><textarea cols=\"40\" rows=\"10\" class=\"wpcf7-form-control wpcf7-textarea wpcf7-validates-as-required\" aria-required=\"true\" aria-invalid=\"false\" placeholder=\"Tvoja spr\u00e1va *\" name=\"your-message\"><\/textarea><\/span>\n\t<\/p>\n\t<div style=\"margin-bottom:10px;\">\n\t\t<p><span class=\"wpcf7-form-control-wrap kc_captcha cf7ic-toggle\" data-name=\"kc_captcha\"><span class=\"wpcf7-form-control wpcf7-radio\"><span class=\"captcha-image\" style=\"display: none;\"><span class=\"cf7ic_instructions\">Dok\u00e1\u017ete, \u017ee ste \u010dlovek, v\u00fdberom polo\u017eky<span> truck<\/span>.<\/span><label><input aria-label=\"1\" type=\"radio\" name=\"kc_captcha\" value=\"bot\" \/><svg aria-hidden=\"true\" role=\"img\" xmlns=\"http:\/\/www.w3.org\/2000\/svg\" viewbox=\"0 0 640 512\"><path fill=\"currentColor\" d=\"M192 384h192c53 0 96-43 96-96h32a128 128 0 000-256H120c-13 0-24 11-24 24v232c0 53 43 96 96 96zM512 96a64 64 0 010 128h-32V96h32zm48 384H48c-47 0-61-64-36-64h584c25 0 11 64-36 64z\"\/><\/svg><\/label><label><input aria-label=\"2\" type=\"radio\" name=\"kc_captcha\" value=\"kc_human\" \/><svg aria-hidden=\"true\" role=\"img\" xmlns=\"http:\/\/www.w3.org\/2000\/svg\" viewbox=\"0 0 640 512\"><path fill=\"currentColor\" d=\"M624 352h-16V244c0-13-5-25-14-34L494 110c-9-9-21-14-34-14h-44V48c0-26-21-48-48-48H48C22 0 0 22 0 48v320c0 27 22 48 48 48h16a96 96 0 00192 0h128a96 96 0 00192 0h48c9 0 16-7 16-16v-32c0-9-7-16-16-16zM160 464a48 48 0 110-96 48 48 0 010 96zm320 0a48 48 0 110-96 48 48 0 010 96zm80-208H416V144h44l100 100v12z\"\/><\/svg><\/label><label><input aria-label=\"3\" type=\"radio\" name=\"kc_captcha\" value=\"bot\" \/><svg aria-hidden=\"true\" role=\"img\" xmlns=\"http:\/\/www.w3.org\/2000\/svg\" viewbox=\"0 0 576 512\"><path fill=\"currentColor\" d=\"M472 200H360L256 6a12 12 0 00-10-6h-58c-8 0-14 7-12 15l34 185H100l-35-58a12 12 0 00-10-6H12c-8 0-13 7-12 14l21 106L0 362c-1 7 4 14 12 14h43c4 0 8-2 10-6l35-58h110l-34 185c-2 8 4 15 12 15h58a12 12 0 0010-6l104-194h112c57 0 104-25 104-56s-47-56-104-56z\"\/><\/svg><\/label>\r\n    <\/span>\r\n    <span style=\"display:none\">\r\n        <input type=\"text\" name=\"kc_honeypot\">\r\n    <\/span><\/span><\/span>\n\t\t<\/p>\n\t<\/div>\n\t<p><input class=\"wpcf7-form-control wpcf7-submit has-spinner\" type=\"submit\" value=\"Posla\u0165 spr\u00e1vu\" \/>\n\t<\/p>\n<\/div><div class=\"wpcf7-response-output\" aria-hidden=\"true\"><\/div>\n<input type=\"hidden\" name=\"trp-form-language\" value=\"sk\"\/><\/form>\n<\/div>","protected":false},"excerpt":{"rendered":"<p>SWOER sa \u0161pecializuje na z\u00e1kazkov\u00e9 vibra\u010dn\u00e9 miskov\u00e9 pod\u00e1va\u010de prisp\u00f4soben\u00e9 va\u0161im dielom. S viac ako 10-ro\u010dn\u00fdmi sk\u00fasenos\u0165ami dod\u00e1vame stabiln\u00e9, vysokor\u00fdchlostn\u00e9 rie\u0161enia pod\u00e1vania pre automatiz\u00e1ciu v automobilovom priemysle, elektronike, zdravotn\u00edctve a \u010fal\u0161\u00edch. Kompaktn\u00e9, spo\u013eahliv\u00e9 a vyroben\u00e9 pre presnos\u0165.<\/p>","protected":false},"featured_media":3344,"comment_status":"open","ping_status":"closed","template":"","meta":[],"product_cat":[37],"product_tag":[],"yoast_head":"<!-- This site is optimized with the Yoast SEO plugin v22.2 - https:\/\/yoast.com\/wordpress\/plugins\/seo\/ -->\n<title>Vibrating Bowl Feeder \uff0dVibration Bowl Feeder \uff0dBowl Feeder - SWOER<\/title>\n<meta name=\"description\" content=\"SWOER is a professional manufacturer of vibrating bowl feeders, offering custom vibration bowl feeder solutions for precise part feeding and automation.\" \/>\n<meta name=\"robots\" content=\"index, follow, max-snippet:-1, max-image-preview:large, max-video-preview:-1\" \/>\n<link rel=\"canonical\" href=\"https:\/\/swoer.com\/sk\/manufacturer\/vibrating-bowl-feeder-\uff0dvibration-bowl-feeder-\uff0dbowl-feeder\/\" \/>\n<meta property=\"og:locale\" content=\"sk_SK\" \/>\n<meta property=\"og:type\" content=\"article\" \/>\n<meta property=\"og:title\" content=\"Vibrating Bowl Feeder \uff0dVibration Bowl Feeder \uff0dBowl Feeder - SWOER\" \/>\n<meta property=\"og:description\" content=\"SWOER is a professional manufacturer of vibrating bowl feeders, offering custom vibration bowl feeder solutions for precise part feeding and automation.\" \/>\n<meta property=\"og:url\" content=\"https:\/\/swoer.com\/sk\/manufacturer\/vibrating-bowl-feeder-\uff0dvibration-bowl-feeder-\uff0dbowl-feeder\/\" \/>\n<meta property=\"og:site_name\" content=\"SWOER\" \/>\n<meta property=\"article:modified_time\" content=\"2025-04-25T06:13:46+00:00\" \/>\n<meta property=\"og:image\" content=\"https:\/\/swoer.com\/wp-content\/uploads\/2025\/04\/Vibrating-Bowl-Feeder.webp\" \/>\n\t<meta property=\"og:image:width\" content=\"800\" \/>\n\t<meta property=\"og:image:height\" content=\"800\" \/>\n\t<meta property=\"og:image:type\" content=\"image\/webp\" \/>\n<meta name=\"twitter:card\" content=\"summary_large_image\" \/>\n<meta name=\"twitter:label1\" content=\"Predpokladan\u00fd \u010das \u010d\u00edtania\" \/>\n\t<meta name=\"twitter:data1\" content=\"2 min\u00faty\" \/>\n<script type=\"application\/ld+json\" class=\"yoast-schema-graph\">{\"@context\":\"https:\/\/schema.org\",\"@graph\":[{\"@type\":\"WebPage\",\"@id\":\"https:\/\/swoer.com\/manufacturer\/vibrating-bowl-feeder-%ef%bc%8dvibration-bowl-feeder-%ef%bc%8dbowl-feeder\/\",\"url\":\"https:\/\/swoer.com\/manufacturer\/vibrating-bowl-feeder-%ef%bc%8dvibration-bowl-feeder-%ef%bc%8dbowl-feeder\/\",\"name\":\"Vibrating Bowl Feeder \uff0dVibration Bowl Feeder \uff0dBowl Feeder - SWOER\",\"isPartOf\":{\"@id\":\"https:\/\/swoer.com\/#website\"},\"primaryImageOfPage\":{\"@id\":\"https:\/\/swoer.com\/manufacturer\/vibrating-bowl-feeder-%ef%bc%8dvibration-bowl-feeder-%ef%bc%8dbowl-feeder\/#primaryimage\"},\"image\":{\"@id\":\"https:\/\/swoer.com\/manufacturer\/vibrating-bowl-feeder-%ef%bc%8dvibration-bowl-feeder-%ef%bc%8dbowl-feeder\/#primaryimage\"},\"thumbnailUrl\":\"https:\/\/swoer.com\/wp-content\/uploads\/2025\/04\/Vibrating-Bowl-Feeder.webp\",\"datePublished\":\"2025-04-25T02:07:57+00:00\",\"dateModified\":\"2025-04-25T06:13:46+00:00\",\"description\":\"SWOER is a professional manufacturer of vibrating bowl feeders, offering custom vibration bowl feeder solutions for precise part feeding and automation.\",\"breadcrumb\":{\"@id\":\"https:\/\/swoer.com\/manufacturer\/vibrating-bowl-feeder-%ef%bc%8dvibration-bowl-feeder-%ef%bc%8dbowl-feeder\/#breadcrumb\"},\"inLanguage\":\"sk-SK\",\"potentialAction\":[{\"@type\":\"ReadAction\",\"target\":[\"https:\/\/swoer.com\/manufacturer\/vibrating-bowl-feeder-%ef%bc%8dvibration-bowl-feeder-%ef%bc%8dbowl-feeder\/\"]}]},{\"@type\":\"ImageObject\",\"inLanguage\":\"sk-SK\",\"@id\":\"https:\/\/swoer.com\/manufacturer\/vibrating-bowl-feeder-%ef%bc%8dvibration-bowl-feeder-%ef%bc%8dbowl-feeder\/#primaryimage\",\"url\":\"https:\/\/swoer.com\/wp-content\/uploads\/2025\/04\/Vibrating-Bowl-Feeder.webp\",\"contentUrl\":\"https:\/\/swoer.com\/wp-content\/uploads\/2025\/04\/Vibrating-Bowl-Feeder.webp\",\"width\":800,\"height\":800,\"caption\":\"Vibrating Bowl Feeder\"},{\"@type\":\"BreadcrumbList\",\"@id\":\"https:\/\/swoer.com\/manufacturer\/vibrating-bowl-feeder-%ef%bc%8dvibration-bowl-feeder-%ef%bc%8dbowl-feeder\/#breadcrumb\",\"itemListElement\":[{\"@type\":\"ListItem\",\"position\":1,\"name\":\"Home\",\"item\":\"https:\/\/swoer.com\/\"},{\"@type\":\"ListItem\",\"position\":2,\"name\":\"Shop\",\"item\":\"https:\/\/swoer.com\/shop\/\"},{\"@type\":\"ListItem\",\"position\":3,\"name\":\"Vibrating Bowl Feeder \uff0dVibration Bowl Feeder \uff0dBowl Feeder\"}]},{\"@type\":\"WebSite\",\"@id\":\"https:\/\/swoer.com\/#website\",\"url\":\"https:\/\/swoer.com\/\",\"name\":\"SWOER\",\"description\":\"Swoer is the top 3 vibratory bowl feeder manufacturer in China\",\"potentialAction\":[{\"@type\":\"SearchAction\",\"target\":{\"@type\":\"EntryPoint\",\"urlTemplate\":\"https:\/\/swoer.com\/?s={search_term_string}\"},\"query-input\":\"required name=search_term_string\"}],\"inLanguage\":\"sk-SK\"}]}<\/script>\n<!-- \/ Yoast SEO plugin. -->","yoast_head_json":{"title":"Vibrating Bowl Feeder \uff0dVibration Bowl Feeder \uff0dBowl Feeder - SWOER","description":"SWOER is a professional manufacturer of vibrating bowl feeders, offering custom vibration bowl feeder solutions for precise part feeding and automation.","robots":{"index":"index","follow":"follow","max-snippet":"max-snippet:-1","max-image-preview":"max-image-preview:large","max-video-preview":"max-video-preview:-1"},"canonical":"https:\/\/swoer.com\/sk\/manufacturer\/vibrating-bowl-feeder-\uff0dvibration-bowl-feeder-\uff0dbowl-feeder\/","og_locale":"sk_SK","og_type":"article","og_title":"Vibrating Bowl Feeder \uff0dVibration Bowl Feeder \uff0dBowl Feeder - SWOER","og_description":"SWOER is a professional manufacturer of vibrating bowl feeders, offering custom vibration bowl feeder solutions for precise part feeding and automation.","og_url":"https:\/\/swoer.com\/sk\/manufacturer\/vibrating-bowl-feeder-\uff0dvibration-bowl-feeder-\uff0dbowl-feeder\/","og_site_name":"SWOER","article_modified_time":"2025-04-25T06:13:46+00:00","og_image":[{"width":800,"height":800,"url":"https:\/\/swoer.com\/wp-content\/uploads\/2025\/04\/Vibrating-Bowl-Feeder.webp","type":"image\/webp"}],"twitter_card":"summary_large_image","twitter_misc":{"Predpokladan\u00fd \u010das \u010d\u00edtania":"2 min\u00faty"},"schema":{"@context":"https:\/\/schema.org","@graph":[{"@type":"WebPage","@id":"https:\/\/swoer.com\/manufacturer\/vibrating-bowl-feeder-%ef%bc%8dvibration-bowl-feeder-%ef%bc%8dbowl-feeder\/","url":"https:\/\/swoer.com\/manufacturer\/vibrating-bowl-feeder-%ef%bc%8dvibration-bowl-feeder-%ef%bc%8dbowl-feeder\/","name":"Vibrating Bowl Feeder \uff0dVibration Bowl Feeder \uff0dBowl Feeder - SWOER","isPartOf":{"@id":"https:\/\/swoer.com\/#website"},"primaryImageOfPage":{"@id":"https:\/\/swoer.com\/manufacturer\/vibrating-bowl-feeder-%ef%bc%8dvibration-bowl-feeder-%ef%bc%8dbowl-feeder\/#primaryimage"},"image":{"@id":"https:\/\/swoer.com\/manufacturer\/vibrating-bowl-feeder-%ef%bc%8dvibration-bowl-feeder-%ef%bc%8dbowl-feeder\/#primaryimage"},"thumbnailUrl":"https:\/\/swoer.com\/wp-content\/uploads\/2025\/04\/Vibrating-Bowl-Feeder.webp","datePublished":"2025-04-25T02:07:57+00:00","dateModified":"2025-04-25T06:13:46+00:00","description":"SWOER is a professional manufacturer of vibrating bowl feeders, offering custom vibration bowl feeder solutions for precise part feeding and automation.","breadcrumb":{"@id":"https:\/\/swoer.com\/manufacturer\/vibrating-bowl-feeder-%ef%bc%8dvibration-bowl-feeder-%ef%bc%8dbowl-feeder\/#breadcrumb"},"inLanguage":"sk-SK","potentialAction":[{"@type":"ReadAction","target":["https:\/\/swoer.com\/manufacturer\/vibrating-bowl-feeder-%ef%bc%8dvibration-bowl-feeder-%ef%bc%8dbowl-feeder\/"]}]},{"@type":"ImageObject","inLanguage":"sk-SK","@id":"https:\/\/swoer.com\/manufacturer\/vibrating-bowl-feeder-%ef%bc%8dvibration-bowl-feeder-%ef%bc%8dbowl-feeder\/#primaryimage","url":"https:\/\/swoer.com\/wp-content\/uploads\/2025\/04\/Vibrating-Bowl-Feeder.webp","contentUrl":"https:\/\/swoer.com\/wp-content\/uploads\/2025\/04\/Vibrating-Bowl-Feeder.webp","width":800,"height":800,"caption":"Vibrating Bowl Feeder"},{"@type":"BreadcrumbList","@id":"https:\/\/swoer.com\/manufacturer\/vibrating-bowl-feeder-%ef%bc%8dvibration-bowl-feeder-%ef%bc%8dbowl-feeder\/#breadcrumb","itemListElement":[{"@type":"ListItem","position":1,"name":"Home","item":"https:\/\/swoer.com\/"},{"@type":"ListItem","position":2,"name":"Shop","item":"https:\/\/swoer.com\/shop\/"},{"@type":"ListItem","position":3,"name":"Vibrating Bowl Feeder \uff0dVibration Bowl Feeder \uff0dBowl Feeder"}]},{"@type":"WebSite","@id":"https:\/\/swoer.com\/#website","url":"https:\/\/swoer.com\/","name":"SWOER","description":"Swoer is the top 3 vibratory bowl feeder manufacturer in China","potentialAction":[{"@type":"SearchAction","target":{"@type":"EntryPoint","urlTemplate":"https:\/\/swoer.com\/?s={search_term_string}"},"query-input":"required name=search_term_string"}],"inLanguage":"sk-SK"}]}},"_links":{"self":[{"href":"https:\/\/swoer.com\/sk\/wp-json\/wp\/v2\/product\/3343"}],"collection":[{"href":"https:\/\/swoer.com\/sk\/wp-json\/wp\/v2\/product"}],"about":[{"href":"https:\/\/swoer.com\/sk\/wp-json\/wp\/v2\/types\/product"}],"replies":[{"embeddable":true,"href":"https:\/\/swoer.com\/sk\/wp-json\/wp\/v2\/comments?post=3343"}],"wp:featuredmedia":[{"embeddable":true,"href":"https:\/\/swoer.com\/sk\/wp-json\/wp\/v2\/media\/3344"}],"wp:attachment":[{"href":"https:\/\/swoer.com\/sk\/wp-json\/wp\/v2\/media?parent=3343"}],"wp:term":[{"taxonomy":"product_cat","embeddable":true,"href":"https:\/\/swoer.com\/sk\/wp-json\/wp\/v2\/product_cat?post=3343"},{"taxonomy":"product_tag","embeddable":true,"href":"https:\/\/swoer.com\/sk\/wp-json\/wp\/v2\/product_tag?post=3343"}],"curies":[{"name":"wp","href":"https:\/\/api.w.org\/{rel}","templated":true}]}}