{"id":3334,"date":"2025-04-24T09:39:19","date_gmt":"2025-04-24T01:39:19","guid":{"rendered":"https:\/\/swoer.com\/?post_type=product&#038;p=3334"},"modified":"2025-04-24T16:42:12","modified_gmt":"2025-04-24T08:42:12","slug":"bowl-feeder-manufacturers-uk","status":"publish","type":"product","link":"https:\/\/swoer.com\/sk\/manufacturer\/bowl-feeder-manufacturers-uk\/","title":{"rendered":"V\u00fdrobcovia misky pod\u00e1va\u010da UK | Dod\u00e1vate\u013e vibra\u010dn\u00fdch miskov\u00fdch pod\u00e1va\u010dov"},"content":{"rendered":"<h2>V\u00fdhody krm\u00edv SWOER Custom Bowl Feeders<\/h2>\n<ul>\n<li><strong>Prisp\u00f4soben\u00e9 va\u0161im dielom<\/strong><br \/>\nKa\u017ed\u00fd pod\u00e1va\u010d misky navrhujeme tak, aby vyhovoval ve\u013ekosti, tvaru a smeru pod\u00e1vania v\u00e1\u0161ho produktu.<\/li>\n<li><strong>R\u00fdchla dodacia lehota<\/strong><br \/>\nV\u010faka na\u0161ej efekt\u00edvnej v\u00fdrobe si zaobstarajte k\u0155midlo na mieru u\u017e za 1-2 t\u00fd\u017edne.<\/li>\n<li><strong>Presn\u00e9 a stabiln\u00e9 k\u0155menie<\/strong><br \/>\nNa\u0161e pod\u00e1va\u010de be\u017eia hladko a konzistentne a s presnos\u0165ou zvl\u00e1daj\u00fa a\u017e 500 dielov za min\u00fatu.<\/li>\n<li><strong>Viac ako 10 rokov sk\u00fasenost\u00ed<\/strong><br \/>\nD\u00f4veruj\u00fa z\u00e1kazn\u00edci na celom svete a u\u017e viac ako desa\u0165ro\u010die budujeme spo\u013eahliv\u00e9 pod\u00e1va\u010de misiek.<\/li>\n<li><strong>Kompaktn\u00fd dizajn<\/strong><br \/>\nPriestorovo \u00fasporn\u00e9 rie\u0161enia s\u00fa ide\u00e1lne pre automatizovan\u00e9 v\u00fdrobn\u00e9 linky.<\/li>\n<li><strong>D\u00f4veryhodn\u00e9 britsk\u00fdmi spolo\u010dnos\u0165ami<\/strong><br \/>\nDod\u00e1vame vysokokvalitn\u00e9 pod\u00e1va\u010de automatiza\u010dn\u00fdm spolo\u010dnostiam a v\u00fdrobcom po celom Spojenom kr\u00e1\u013eovstve.<\/li>\n<li><strong>Hod\u00ed sa pre mnoh\u00e9 odvetvia<\/strong><br \/>\nIde\u00e1lne pre pou\u017eitie v automobilovom priemysle, elektronike, medic\u00ednskych zariadeniach, plastoch a pod.<\/li>\n<\/ul>\n\t<div id=\"gap-950002191\" class=\"gap-element clearfix\" style=\"display:block; height:auto;\">\n\t\t\n<style>\n#gap-950002191 {\n  padding-top: 30px;\n}\n<\/style>\n\t<\/div>\n\t\n<h2>Vlastn\u00e9 mo\u017enosti na potvrdenie u v\u00fdrobcu SWOER<\/h2>\n<ol>\n<li><strong>\u0160pecifik\u00e1cie dielov<\/strong><br \/>\n\u201eUve\u010fte v\u00fdkresy dielov alebo vzorky vr\u00e1tane rozmerov, materi\u00e1lu a hmotnosti.\u201c<\/li>\n<li><strong>Smer a orient\u00e1cia k\u0155menia<\/strong><br \/>\n&quot;Potvr\u010fte po\u017eadovan\u00fa orient\u00e1ciu dielu a smer pod\u00e1vania (napr. v stoji, v \u013eahu, smerom nahor).&quot;<\/li>\n<li><strong>Po\u017eiadavky na r\u00fdchlos\u0165 k\u0155menia<\/strong><br \/>\n&quot;Uve\u010fte po\u017eadovan\u00fa r\u00fdchlos\u0165 pod\u00e1vania (po\u010det \u010dast\u00ed za min\u00fatu).&quot;<\/li>\n<li><strong>Ve\u013ekos\u0165 a kapacita misy<\/strong><br \/>\n&quot;Potvr\u010fte o\u010dak\u00e1van\u00fd priemer a objem misky na z\u00e1klade ve\u013ekosti a mno\u017estva va\u0161ej \u010dasti.&quot;<\/li>\n<li><strong>Rozlo\u017eenie stroja a priestorov\u00e9 obmedzenia<\/strong><br \/>\n\u201eZdie\u013eajte svoj dostupn\u00fd priestor a rozlo\u017eenie integr\u00e1cie, aby ste zaistili spr\u00e1vne prisp\u00f4sobenie.\u201c<\/li>\n<li><strong>Nap\u00e1janie<\/strong><br \/>\n&quot;Uve\u010fte nap\u00e4tie a frekvenciu (napr. 220V\/50Hz alebo 110V\/60Hz).&quot;<\/li>\n<li><strong>Po\u017eiadavky na hluk<\/strong><br \/>\n&quot;Dajte n\u00e1m vedie\u0165, ak m\u00e1te nejak\u00e9 obmedzenia v oblasti hluku alebo potrebujete zvukov\u00e9 kryty.&quot;<\/li>\n<li><strong>Povrchov\u00e1 \u00faprava alebo n\u00e1ter<\/strong><br \/>\n&quot;Ak s\u00fa potrebn\u00e9 protioderov\u00e9, antistatick\u00e9 alebo \u0161peci\u00e1lne n\u00e1tery, potvr\u010fte to vopred.&quot;<\/li>\n<li><strong>Po\u017eiadavka na z\u00e1sobn\u00edk alebo line\u00e1rny pod\u00e1va\u010d<\/strong><br \/>\n&quot;Potrebujete hromadn\u00fd z\u00e1sobn\u00edk alebo line\u00e1rny pod\u00e1va\u010d na podporu nepretr\u017eit\u00e9ho pod\u00e1vania?&quot;<\/li>\n<li><strong>Integr\u00e1cia so syst\u00e9mom Vision alebo Robot<\/strong><br \/>\n&quot;Dajte n\u00e1m vedie\u0165, \u010di pod\u00e1va\u010d potrebuje pracova\u0165 s kamerov\u00fdm syst\u00e9mom alebo robotick\u00fdm ramenom.&quot;<\/li>\n<\/ol>\n\t<div id=\"gap-87499047\" class=\"gap-element clearfix\" style=\"display:block; height:auto;\">\n\t\t\n<style>\n#gap-87499047 {\n  padding-top: 30px;\n}\n<\/style>\n\t<\/div>\n\t\n<h2>Kontaktujte SWOER<\/h2>\n<p>Komunikujte detaily dizajnu pod\u00e1va\u010da misky.<\/p>\n\n<div class=\"wpcf7 no-js\" id=\"wpcf7-f280-o1\" lang=\"en-US\" dir=\"ltr\">\n<div class=\"screen-reader-response\"><p role=\"status\" aria-live=\"polite\" aria-atomic=\"true\"><\/p> <ul><\/ul><\/div>\n<form action=\"\/sk\/wp-json\/wp\/v2\/product\/3334#wpcf7-f280-o1\" method=\"post\" class=\"wpcf7-form init\" aria-label=\"Kontaktn\u00fd formul\u00e1r\" novalidate=\"novalidate\" data-status=\"init\" data-trp-original-action=\"\/sk\/wp-json\/wp\/v2\/product\/3334#wpcf7-f280-o1\">\n<div style=\"display: none;\">\n<input type=\"hidden\" name=\"_wpcf7\" value=\"280\" \/>\n<input type=\"hidden\" name=\"_wpcf7_version\" value=\"5.9.2\" \/>\n<input type=\"hidden\" name=\"_wpcf7_locale\" value=\"en_US\" \/>\n<input type=\"hidden\" name=\"_wpcf7_unit_tag\" value=\"wpcf7-f280-o1\" \/>\n<input type=\"hidden\" name=\"_wpcf7_container_post\" value=\"0\" \/>\n<input type=\"hidden\" name=\"_wpcf7_posted_data_hash\" value=\"\" \/>\n<\/div>\n<div class='custom_contact_style'>\n\t<div class=\"row row-small\">\n\t\t<div class=\"col medium-6 small-12 large-6\">\n\t\t\t<div class=\"col-inner\">\n\t\t\t\t<p><span class=\"wpcf7-form-control-wrap\" data-name=\"your-name\"><input size=\"40\" class=\"wpcf7-form-control wpcf7-text wpcf7-validates-as-required\" aria-required=\"true\" aria-invalid=\"false\" placeholder=\"N\u00e1zov*\" value=\"\" type=\"text\" name=\"your-name\" \/><\/span>\n\t\t\t\t<\/p>\n\t\t\t<\/div>\n\t\t<\/div>\n\t\t<div class=\"col medium-6 small-12 large-6\">\n\t\t\t<div class=\"col-inner\">\n\t\t\t\t<p><span class=\"wpcf7-form-control-wrap\" data-name=\"your-email\"><input size=\"40\" class=\"wpcf7-form-control wpcf7-email wpcf7-validates-as-required wpcf7-text wpcf7-validates-as-email\" aria-required=\"true\" aria-invalid=\"false\" placeholder=\"E-mail*\" value=\"\" type=\"email\" name=\"your-email\" \/><\/span>\n\t\t\t\t<\/p>\n\t\t\t<\/div>\n\t\t<\/div>\n\t<\/div>\n\t<div class='cus_contact_form_bottom'>\n\t\t<p><span class=\"wpcf7-form-control-wrap\" data-name=\"your-phone\"><input size=\"40\" class=\"wpcf7-form-control wpcf7-text\" aria-invalid=\"false\" placeholder=\"Telef\u00f3n\" value=\"\" type=\"text\" name=\"your-phone\" \/><\/span>\n\t\t<\/p>\n\t<\/div>\n\t<div class='cus_contact_form_bottom'>\n\t\t<p><span class=\"wpcf7-form-control-wrap\" data-name=\"your-country\"><input size=\"40\" class=\"wpcf7-form-control wpcf7-text\" aria-invalid=\"false\" placeholder=\"Krajina\" value=\"\" type=\"text\" name=\"your-country\" \/><\/span>\n\t\t<\/p>\n\t<\/div>\n\t<p><span class=\"wpcf7-form-control-wrap\" data-name=\"your-message\"><textarea cols=\"40\" rows=\"10\" class=\"wpcf7-form-control wpcf7-textarea wpcf7-validates-as-required\" aria-required=\"true\" aria-invalid=\"false\" placeholder=\"Tvoja spr\u00e1va *\" name=\"your-message\"><\/textarea><\/span>\n\t<\/p>\n\t<div style=\"margin-bottom:10px;\">\n\t\t<p><span class=\"wpcf7-form-control-wrap kc_captcha cf7ic-toggle\" data-name=\"kc_captcha\"><span class=\"wpcf7-form-control wpcf7-radio\"><span class=\"captcha-image\" style=\"display: none;\"><span class=\"cf7ic_instructions\">Dok\u00e1\u017ete, \u017ee ste \u010dlovek, v\u00fdberom polo\u017eky<span> star<\/span>.<\/span><label><input aria-label=\"1\" type=\"radio\" name=\"kc_captcha\" value=\"kc_human\" \/><svg aria-hidden=\"true\" role=\"img\" xmlns=\"http:\/\/www.w3.org\/2000\/svg\" viewbox=\"0 0 576 512\"><path fill=\"currentColor\" d=\"M259 18l-65 132-146 22c-26 3-37 36-18 54l106 103-25 146c-5 26 23 46 46 33l131-68 131 68c23 13 51-7 46-33l-25-146 106-103c19-18 8-51-18-54l-146-22-65-132a32 32 0 00-58 0z\"\/><\/svg><\/label><label><input aria-label=\"2\" type=\"radio\" name=\"kc_captcha\" value=\"bot\" \/><svg aria-hidden=\"true\" role=\"img\" xmlns=\"http:\/\/www.w3.org\/2000\/svg\" viewbox=\"0 0 640 512\"><path fill=\"currentColor\" d=\"M192 384h192c53 0 96-43 96-96h32a128 128 0 000-256H120c-13 0-24 11-24 24v232c0 53 43 96 96 96zM512 96a64 64 0 010 128h-32V96h32zm48 384H48c-47 0-61-64-36-64h584c25 0 11 64-36 64z\"\/><\/svg><\/label><label><input aria-label=\"3\" type=\"radio\" name=\"kc_captcha\" value=\"bot\" \/><svg aria-hidden=\"true\" role=\"img\" xmlns=\"http:\/\/www.w3.org\/2000\/svg\" viewbox=\"0 0 512 512\"><path fill=\"currentColor\" d=\"M512 176a176 176 0 01-209 173l-24 27a24 24 0 01-18 8h-37v40c0 13-11 24-24 24h-40v40c0 13-11 24-24 24H24c-13 0-24-11-24-24v-78c0-6 3-13 7-17l162-162a176 176 0 11343-55zm-176-48a48 48 0 1096 0 48 48 0 00-96 0z\"\/><\/svg><\/label>\r\n    <\/span>\r\n    <span style=\"display:none\">\r\n        <input type=\"text\" name=\"kc_honeypot\">\r\n    <\/span><\/span><\/span>\n\t\t<\/p>\n\t<\/div>\n\t<p><input class=\"wpcf7-form-control wpcf7-submit has-spinner\" type=\"submit\" value=\"Posla\u0165 spr\u00e1vu\" \/>\n\t<\/p>\n<\/div><div class=\"wpcf7-response-output\" aria-hidden=\"true\"><\/div>\n<input type=\"hidden\" name=\"trp-form-language\" value=\"sk\"\/><\/form>\n<\/div>","protected":false},"excerpt":{"rendered":"<p>SWOER dod\u00e1va vlastn\u00e9 vibra\u010dn\u00e9 miskov\u00e9 pod\u00e1va\u010de s r\u00fdchlymi dodac\u00edmi lehotami, presn\u00fdm dizajnom a viac ako 10-ro\u010dn\u00fdmi v\u00fdrobn\u00fdmi sk\u00fasenos\u0165ami.<\/p>","protected":false},"featured_media":3336,"comment_status":"open","ping_status":"closed","template":"","meta":[],"product_cat":[37],"product_tag":[],"yoast_head":"<!-- This site is optimized with the Yoast SEO plugin v22.2 - https:\/\/yoast.com\/wordpress\/plugins\/seo\/ -->\n<title>Bowl Feeder Manufacturers UK | Vibratory Bowl Feeders Supplier - SWOER<\/title>\n<meta name=\"description\" content=\"SWOER is a leading bowl feeder manufacturer and supplier, offering high-quality vibratory bowl feeders for automation companies across the UK.\" \/>\n<meta name=\"robots\" content=\"index, follow, max-snippet:-1, max-image-preview:large, max-video-preview:-1\" \/>\n<link rel=\"canonical\" href=\"https:\/\/swoer.com\/sk\/manufacturer\/bowl-feeder-manufacturers-uk\/\" \/>\n<meta property=\"og:locale\" content=\"sk_SK\" \/>\n<meta property=\"og:type\" content=\"article\" \/>\n<meta property=\"og:title\" content=\"Bowl Feeder Manufacturers UK | Vibratory Bowl Feeders Supplier - SWOER\" \/>\n<meta property=\"og:description\" content=\"SWOER is a leading bowl feeder manufacturer and supplier, offering high-quality vibratory bowl feeders for automation companies across the UK.\" \/>\n<meta property=\"og:url\" content=\"https:\/\/swoer.com\/sk\/manufacturer\/bowl-feeder-manufacturers-uk\/\" \/>\n<meta property=\"og:site_name\" content=\"SWOER\" \/>\n<meta property=\"article:modified_time\" content=\"2025-04-24T08:42:12+00:00\" \/>\n<meta property=\"og:image\" content=\"https:\/\/swoer.com\/wp-content\/uploads\/2025\/04\/Bowl-Feeder-Manufacturers-uk.webp\" \/>\n\t<meta property=\"og:image:width\" content=\"800\" \/>\n\t<meta property=\"og:image:height\" content=\"800\" \/>\n\t<meta property=\"og:image:type\" content=\"image\/webp\" \/>\n<meta name=\"twitter:card\" content=\"summary_large_image\" \/>\n<meta name=\"twitter:label1\" content=\"Predpokladan\u00fd \u010das \u010d\u00edtania\" \/>\n\t<meta name=\"twitter:data1\" content=\"2 min\u00faty\" \/>\n<script type=\"application\/ld+json\" class=\"yoast-schema-graph\">{\"@context\":\"https:\/\/schema.org\",\"@graph\":[{\"@type\":\"WebPage\",\"@id\":\"https:\/\/swoer.com\/manufacturer\/bowl-feeder-manufacturers-uk\/\",\"url\":\"https:\/\/swoer.com\/manufacturer\/bowl-feeder-manufacturers-uk\/\",\"name\":\"Bowl Feeder Manufacturers UK | Vibratory Bowl Feeders Supplier - SWOER\",\"isPartOf\":{\"@id\":\"https:\/\/swoer.com\/#website\"},\"primaryImageOfPage\":{\"@id\":\"https:\/\/swoer.com\/manufacturer\/bowl-feeder-manufacturers-uk\/#primaryimage\"},\"image\":{\"@id\":\"https:\/\/swoer.com\/manufacturer\/bowl-feeder-manufacturers-uk\/#primaryimage\"},\"thumbnailUrl\":\"https:\/\/swoer.com\/wp-content\/uploads\/2025\/04\/Bowl-Feeder-Manufacturers-uk.webp\",\"datePublished\":\"2025-04-24T01:39:19+00:00\",\"dateModified\":\"2025-04-24T08:42:12+00:00\",\"description\":\"SWOER is a leading bowl feeder manufacturer and supplier, offering high-quality vibratory bowl feeders for automation companies across the UK.\",\"breadcrumb\":{\"@id\":\"https:\/\/swoer.com\/manufacturer\/bowl-feeder-manufacturers-uk\/#breadcrumb\"},\"inLanguage\":\"sk-SK\",\"potentialAction\":[{\"@type\":\"ReadAction\",\"target\":[\"https:\/\/swoer.com\/manufacturer\/bowl-feeder-manufacturers-uk\/\"]}]},{\"@type\":\"ImageObject\",\"inLanguage\":\"sk-SK\",\"@id\":\"https:\/\/swoer.com\/manufacturer\/bowl-feeder-manufacturers-uk\/#primaryimage\",\"url\":\"https:\/\/swoer.com\/wp-content\/uploads\/2025\/04\/Bowl-Feeder-Manufacturers-uk.webp\",\"contentUrl\":\"https:\/\/swoer.com\/wp-content\/uploads\/2025\/04\/Bowl-Feeder-Manufacturers-uk.webp\",\"width\":800,\"height\":800,\"caption\":\"Bowl Feeder Manufacturers uk\"},{\"@type\":\"BreadcrumbList\",\"@id\":\"https:\/\/swoer.com\/manufacturer\/bowl-feeder-manufacturers-uk\/#breadcrumb\",\"itemListElement\":[{\"@type\":\"ListItem\",\"position\":1,\"name\":\"Home\",\"item\":\"https:\/\/swoer.com\/\"},{\"@type\":\"ListItem\",\"position\":2,\"name\":\"Shop\",\"item\":\"https:\/\/swoer.com\/shop\/\"},{\"@type\":\"ListItem\",\"position\":3,\"name\":\"Bowl Feeder Manufacturers UK | Vibratory Bowl Feeders Supplier\"}]},{\"@type\":\"WebSite\",\"@id\":\"https:\/\/swoer.com\/#website\",\"url\":\"https:\/\/swoer.com\/\",\"name\":\"SWOER\",\"description\":\"Swoer is the top 3 vibratory bowl feeder manufacturer in China\",\"potentialAction\":[{\"@type\":\"SearchAction\",\"target\":{\"@type\":\"EntryPoint\",\"urlTemplate\":\"https:\/\/swoer.com\/?s={search_term_string}\"},\"query-input\":\"required name=search_term_string\"}],\"inLanguage\":\"sk-SK\"}]}<\/script>\n<!-- \/ Yoast SEO plugin. -->","yoast_head_json":{"title":"Bowl Feeder Manufacturers UK | Vibratory Bowl Feeders Supplier - SWOER","description":"SWOER is a leading bowl feeder manufacturer and supplier, offering high-quality vibratory bowl feeders for automation companies across the UK.","robots":{"index":"index","follow":"follow","max-snippet":"max-snippet:-1","max-image-preview":"max-image-preview:large","max-video-preview":"max-video-preview:-1"},"canonical":"https:\/\/swoer.com\/sk\/manufacturer\/bowl-feeder-manufacturers-uk\/","og_locale":"sk_SK","og_type":"article","og_title":"Bowl Feeder Manufacturers UK | Vibratory Bowl Feeders Supplier - SWOER","og_description":"SWOER is a leading bowl feeder manufacturer and supplier, offering high-quality vibratory bowl feeders for automation companies across the UK.","og_url":"https:\/\/swoer.com\/sk\/manufacturer\/bowl-feeder-manufacturers-uk\/","og_site_name":"SWOER","article_modified_time":"2025-04-24T08:42:12+00:00","og_image":[{"width":800,"height":800,"url":"https:\/\/swoer.com\/wp-content\/uploads\/2025\/04\/Bowl-Feeder-Manufacturers-uk.webp","type":"image\/webp"}],"twitter_card":"summary_large_image","twitter_misc":{"Predpokladan\u00fd \u010das \u010d\u00edtania":"2 min\u00faty"},"schema":{"@context":"https:\/\/schema.org","@graph":[{"@type":"WebPage","@id":"https:\/\/swoer.com\/manufacturer\/bowl-feeder-manufacturers-uk\/","url":"https:\/\/swoer.com\/manufacturer\/bowl-feeder-manufacturers-uk\/","name":"Bowl Feeder Manufacturers UK | Vibratory Bowl Feeders Supplier - SWOER","isPartOf":{"@id":"https:\/\/swoer.com\/#website"},"primaryImageOfPage":{"@id":"https:\/\/swoer.com\/manufacturer\/bowl-feeder-manufacturers-uk\/#primaryimage"},"image":{"@id":"https:\/\/swoer.com\/manufacturer\/bowl-feeder-manufacturers-uk\/#primaryimage"},"thumbnailUrl":"https:\/\/swoer.com\/wp-content\/uploads\/2025\/04\/Bowl-Feeder-Manufacturers-uk.webp","datePublished":"2025-04-24T01:39:19+00:00","dateModified":"2025-04-24T08:42:12+00:00","description":"SWOER is a leading bowl feeder manufacturer and supplier, offering high-quality vibratory bowl feeders for automation companies across the UK.","breadcrumb":{"@id":"https:\/\/swoer.com\/manufacturer\/bowl-feeder-manufacturers-uk\/#breadcrumb"},"inLanguage":"sk-SK","potentialAction":[{"@type":"ReadAction","target":["https:\/\/swoer.com\/manufacturer\/bowl-feeder-manufacturers-uk\/"]}]},{"@type":"ImageObject","inLanguage":"sk-SK","@id":"https:\/\/swoer.com\/manufacturer\/bowl-feeder-manufacturers-uk\/#primaryimage","url":"https:\/\/swoer.com\/wp-content\/uploads\/2025\/04\/Bowl-Feeder-Manufacturers-uk.webp","contentUrl":"https:\/\/swoer.com\/wp-content\/uploads\/2025\/04\/Bowl-Feeder-Manufacturers-uk.webp","width":800,"height":800,"caption":"Bowl Feeder Manufacturers uk"},{"@type":"BreadcrumbList","@id":"https:\/\/swoer.com\/manufacturer\/bowl-feeder-manufacturers-uk\/#breadcrumb","itemListElement":[{"@type":"ListItem","position":1,"name":"Home","item":"https:\/\/swoer.com\/"},{"@type":"ListItem","position":2,"name":"Shop","item":"https:\/\/swoer.com\/shop\/"},{"@type":"ListItem","position":3,"name":"Bowl Feeder Manufacturers UK | Vibratory Bowl Feeders Supplier"}]},{"@type":"WebSite","@id":"https:\/\/swoer.com\/#website","url":"https:\/\/swoer.com\/","name":"SWOER","description":"Swoer is the top 3 vibratory bowl feeder manufacturer in China","potentialAction":[{"@type":"SearchAction","target":{"@type":"EntryPoint","urlTemplate":"https:\/\/swoer.com\/?s={search_term_string}"},"query-input":"required name=search_term_string"}],"inLanguage":"sk-SK"}]}},"_links":{"self":[{"href":"https:\/\/swoer.com\/sk\/wp-json\/wp\/v2\/product\/3334"}],"collection":[{"href":"https:\/\/swoer.com\/sk\/wp-json\/wp\/v2\/product"}],"about":[{"href":"https:\/\/swoer.com\/sk\/wp-json\/wp\/v2\/types\/product"}],"replies":[{"embeddable":true,"href":"https:\/\/swoer.com\/sk\/wp-json\/wp\/v2\/comments?post=3334"}],"wp:featuredmedia":[{"embeddable":true,"href":"https:\/\/swoer.com\/sk\/wp-json\/wp\/v2\/media\/3336"}],"wp:attachment":[{"href":"https:\/\/swoer.com\/sk\/wp-json\/wp\/v2\/media?parent=3334"}],"wp:term":[{"taxonomy":"product_cat","embeddable":true,"href":"https:\/\/swoer.com\/sk\/wp-json\/wp\/v2\/product_cat?post=3334"},{"taxonomy":"product_tag","embeddable":true,"href":"https:\/\/swoer.com\/sk\/wp-json\/wp\/v2\/product_tag?post=3334"}],"curies":[{"name":"wp","href":"https:\/\/api.w.org\/{rel}","templated":true}]}}