{"id":3268,"date":"2025-04-02T10:32:36","date_gmt":"2025-04-02T02:32:36","guid":{"rendered":"https:\/\/swoer.com\/?post_type=product&#038;p=3268"},"modified":"2025-04-11T15:22:03","modified_gmt":"2025-04-11T07:22:03","slug":"vibratory-bowl-feeder-for-dust-seal-bowl-feeder-automation","status":"publish","type":"product","link":"https:\/\/swoer.com\/sk\/manufacturer\/vibratory-bowl-feeder-for-dust-seal-bowl-feeder-automation\/","title":{"rendered":"Vibra\u010dn\u00fd miskov\u00fd pod\u00e1va\u010d pre prachov\u00e9 tesnenie | Automatiz\u00e1cia pod\u00e1va\u010da misky"},"content":{"rendered":"<h2 data-start=\"0\" data-end=\"59\"><strong data-start=\"0\" data-end=\"57\">Vlastn\u00fd vibra\u010dn\u00fd miskov\u00fd pod\u00e1va\u010d pre automatiz\u00e1ciu utesnenia prachu<\/strong><\/h2>\n<p class=\"\" data-start=\"61\" data-end=\"332\">N\u00e1\u0161 vibra\u010dn\u00fd miskov\u00fd pod\u00e1va\u010d pre prachov\u00e9 tesnenia je navrhnut\u00fd pre presn\u00e9, stabiln\u00e9 a efekt\u00edvne pod\u00e1vanie dielov v automatizovan\u00fdch v\u00fdrobn\u00fdch link\u00e1ch. Tento pod\u00e1va\u010d je plne prisp\u00f4sobite\u013en\u00fd na z\u00e1klade ve\u013ekosti, tvaru a materi\u00e1lu tesnenia proti prachu, \u010d\u00edm zais\u0165uje hladk\u00e9 a konzistentn\u00e9 umiestnenie.<\/p>\n<h2 data-start=\"334\" data-end=\"378\"><strong data-start=\"338\" data-end=\"376\">Navrhnut\u00e9 pre va\u0161e v\u00fdrobn\u00e9 potreby<\/strong><\/h2>\n<p class=\"\" data-start=\"379\" data-end=\"695\">V SWOER vieme, \u017ee ka\u017ed\u00fd v\u00fdrobn\u00fd proces je in\u00fd. To je d\u00f4vod, pre\u010do pon\u00fakame vlastn\u00e9 dizajny, aby vyhovovali va\u0161im presn\u00fdm po\u017eiadavk\u00e1m, od ve\u013ekosti misy a usporiadania dr\u00e1hy a\u017e po v\u00fdber materi\u00e1lu. \u010ci u\u017e s\u00fa va\u0161e prachov\u00e9 tesnenia krehk\u00e9, nerovnomerne tvarovan\u00e9 alebo vy\u017eaduj\u00fa starostliv\u00e9 zaobch\u00e1dzanie, zabezpe\u010d\u00edme hladk\u00fa prev\u00e1dzku s minim\u00e1lnym opotrebovan\u00edm dielov.<\/p>\n<h2 data-start=\"697\" data-end=\"730\"><strong data-start=\"701\" data-end=\"728\">R\u00fdchle a\u00a0spo\u013eahliv\u00e9 k\u0155menie<\/strong><\/h2>\n<p class=\"\" data-start=\"731\" data-end=\"1005\">Na\u0161e vibra\u010dn\u00e9 miskov\u00e9 pod\u00e1va\u010de s\u00fa vyroben\u00e9 z vysoko kvalitnej nehrdzavej\u00facej ocele s odoln\u00fdmi povrchmi a poskytuj\u00fa dlhotrvaj\u00faci v\u00fdkon. Optimalizovan\u00fd syst\u00e9m kontroly vibr\u00e1ci\u00ed udr\u017euje tok dielov stabilne pri vysok\u00fdch r\u00fdchlostiach, \u010d\u00edm zvy\u0161uje efektivitu v\u00fdroby a zni\u017euje prestoje.<\/p>\n<h2 data-start=\"1007\" data-end=\"1057\"><strong data-start=\"1011\" data-end=\"1055\">Jednoduch\u00e1 integr\u00e1cia s automatiza\u010dn\u00fdmi syst\u00e9mami<\/strong><\/h2>\n<p class=\"\" data-start=\"1058\" data-end=\"1339\">Na\u0161e pod\u00e1va\u010de bezprobl\u00e9movo spolupracuj\u00fa s robotick\u00fdmi syst\u00e9mami vyberania a umiest\u0148ovania, vizu\u00e1lnou kontrolou a \u010fal\u0161\u00edmi nastaveniami automatiz\u00e1cie, v\u010faka \u010domu s\u00fa ide\u00e1lne pre automobilov\u00fd priemysel.<strong data-start=\"1197\" data-end=\"1248\">, <\/strong>elektronick\u00fd a tesniaci priemysel. Pon\u00fakame<strong data-start=\"1259\" data-end=\"1285\"> kompletn\u00e9 prisp\u00f4sobenie<\/strong> aby hladko zapadli do va\u0161ej existuj\u00facej v\u00fdrobnej linky.<\/p>\n<p class=\"\" data-start=\"1341\" data-end=\"1448\">Potrebujete vlastn\u00fd vibra\u010dn\u00fd pod\u00e1va\u010d misky na prachov\u00e9 tesnenia? Kontaktujte SWOER e\u0161te dnes, aby ste prediskutovali svoje \u0161pecifick\u00e9 potreby!<\/p>\n\n<div class=\"wpcf7 no-js\" id=\"wpcf7-f280-o1\" lang=\"en-US\" dir=\"ltr\">\n<div class=\"screen-reader-response\"><p role=\"status\" aria-live=\"polite\" aria-atomic=\"true\"><\/p> <ul><\/ul><\/div>\n<form action=\"\/sk\/wp-json\/wp\/v2\/product\/3268#wpcf7-f280-o1\" method=\"post\" class=\"wpcf7-form init\" aria-label=\"Kontaktn\u00fd formul\u00e1r\" novalidate=\"novalidate\" data-status=\"init\" data-trp-original-action=\"\/sk\/wp-json\/wp\/v2\/product\/3268#wpcf7-f280-o1\">\n<div style=\"display: none;\">\n<input type=\"hidden\" name=\"_wpcf7\" value=\"280\" \/>\n<input type=\"hidden\" name=\"_wpcf7_version\" value=\"5.9.2\" \/>\n<input type=\"hidden\" name=\"_wpcf7_locale\" value=\"en_US\" \/>\n<input type=\"hidden\" name=\"_wpcf7_unit_tag\" value=\"wpcf7-f280-o1\" \/>\n<input type=\"hidden\" name=\"_wpcf7_container_post\" value=\"0\" \/>\n<input type=\"hidden\" name=\"_wpcf7_posted_data_hash\" value=\"\" \/>\n<\/div>\n<div class='custom_contact_style'>\n\t<div class=\"row row-small\">\n\t\t<div class=\"col medium-6 small-12 large-6\">\n\t\t\t<div class=\"col-inner\">\n\t\t\t\t<p><span class=\"wpcf7-form-control-wrap\" data-name=\"your-name\"><input size=\"40\" class=\"wpcf7-form-control wpcf7-text wpcf7-validates-as-required\" aria-required=\"true\" aria-invalid=\"false\" placeholder=\"N\u00e1zov*\" value=\"\" type=\"text\" name=\"your-name\" \/><\/span>\n\t\t\t\t<\/p>\n\t\t\t<\/div>\n\t\t<\/div>\n\t\t<div class=\"col medium-6 small-12 large-6\">\n\t\t\t<div class=\"col-inner\">\n\t\t\t\t<p><span class=\"wpcf7-form-control-wrap\" data-name=\"your-email\"><input size=\"40\" class=\"wpcf7-form-control wpcf7-email wpcf7-validates-as-required wpcf7-text wpcf7-validates-as-email\" aria-required=\"true\" aria-invalid=\"false\" placeholder=\"E-mail*\" value=\"\" type=\"email\" name=\"your-email\" \/><\/span>\n\t\t\t\t<\/p>\n\t\t\t<\/div>\n\t\t<\/div>\n\t<\/div>\n\t<div class='cus_contact_form_bottom'>\n\t\t<p><span class=\"wpcf7-form-control-wrap\" data-name=\"your-phone\"><input size=\"40\" class=\"wpcf7-form-control wpcf7-text\" aria-invalid=\"false\" placeholder=\"Telef\u00f3n\" value=\"\" type=\"text\" name=\"your-phone\" \/><\/span>\n\t\t<\/p>\n\t<\/div>\n\t<div class='cus_contact_form_bottom'>\n\t\t<p><span class=\"wpcf7-form-control-wrap\" data-name=\"your-country\"><input size=\"40\" class=\"wpcf7-form-control wpcf7-text\" aria-invalid=\"false\" placeholder=\"Krajina\" value=\"\" type=\"text\" name=\"your-country\" \/><\/span>\n\t\t<\/p>\n\t<\/div>\n\t<p><span class=\"wpcf7-form-control-wrap\" data-name=\"your-message\"><textarea cols=\"40\" rows=\"10\" class=\"wpcf7-form-control wpcf7-textarea wpcf7-validates-as-required\" aria-required=\"true\" aria-invalid=\"false\" placeholder=\"Tvoja spr\u00e1va *\" name=\"your-message\"><\/textarea><\/span>\n\t<\/p>\n\t<div style=\"margin-bottom:10px;\">\n\t\t<p><span class=\"wpcf7-form-control-wrap kc_captcha cf7ic-toggle\" data-name=\"kc_captcha\"><span class=\"wpcf7-form-control wpcf7-radio\"><span class=\"captcha-image\" style=\"display: none;\"><span class=\"cf7ic_instructions\">Dok\u00e1\u017ete, \u017ee ste \u010dlovek, v\u00fdberom polo\u017eky<span> flag<\/span>.<\/span><label><input aria-label=\"1\" type=\"radio\" name=\"kc_captcha\" value=\"bot\" \/><svg aria-hidden=\"true\" role=\"img\" xmlns=\"http:\/\/www.w3.org\/2000\/svg\" viewbox=\"0 0 576 512\"><path fill=\"currentColor\" d=\"M488 313v143c0 13-11 24-24 24H348c-7 0-12-5-12-12V356c0-7-5-12-12-12h-72c-7 0-12 5-12 12v112c0 7-5 12-12 12H112c-13 0-24-11-24-24V313c0-4 2-7 4-10l188-154c5-4 11-4 16 0l188 154c2 3 4 6 4 10zm84-61l-84-69V44c0-6-5-12-12-12h-56c-7 0-12 6-12 12v73l-89-74a48 48 0 00-61 0L4 252c-5 4-5 12-1 17l25 31c5 5 12 5 17 1l235-193c5-4 11-4 16 0l235 193c5 5 13 4 17-1l25-31c4-6 4-13-1-17z\"\/><\/svg><\/label><label><input aria-label=\"2\" type=\"radio\" name=\"kc_captcha\" value=\"kc_human\" \/><svg aria-hidden=\"true\" role=\"img\" xmlns=\"http:\/\/www.w3.org\/2000\/svg\" viewbox=\"0 0 512 512\"><path fill=\"currentColor\" d=\"M350 99c-54 0-98-35-166-35-25 0-47 4-68 12a56 56 0 004-24C118 24 95 1 66 0a56 56 0 00-34 102v386c0 13 11 24 24 24h16c13 0 24-11 24-24v-94c28-12 64-23 114-23 54 0 98 35 166 35 48 0 86-16 122-41 9-6 14-15 14-26V96c0-23-24-39-45-29-35 16-77 32-117 32z\"\/><\/svg><\/label><label><input aria-label=\"3\" type=\"radio\" name=\"kc_captcha\" value=\"bot\" \/><svg aria-hidden=\"true\" role=\"img\" xmlns=\"http:\/\/www.w3.org\/2000\/svg\" viewbox=\"0 0 384 512\"><path fill=\"currentColor\" d=\"M377 375l-83-87h34c21 0 32-25 17-40l-82-88h33c21 0 32-25 18-40L210 8c-10-11-26-11-36 0L70 120c-14 15-3 40 18 40h33l-82 88c-15 15-4 40 17 40h34L7 375c-15 16-4 41 17 41h120c0 33-11 49-34 68-12 9-5 28 10 28h144c15 0 22-19 10-28-20-16-34-32-34-68h120c21 0 32-25 17-41z\"\/><\/svg><\/label>\r\n    <\/span>\r\n    <span style=\"display:none\">\r\n        <input type=\"text\" name=\"kc_honeypot\">\r\n    <\/span><\/span><\/span>\n\t\t<\/p>\n\t<\/div>\n\t<p><input class=\"wpcf7-form-control wpcf7-submit has-spinner\" type=\"submit\" value=\"Posla\u0165 spr\u00e1vu\" \/>\n\t<\/p>\n<\/div><div class=\"wpcf7-response-output\" aria-hidden=\"true\"><\/div>\n<input type=\"hidden\" name=\"trp-form-language\" value=\"sk\"\/><\/form>\n<\/div>","protected":false},"excerpt":{"rendered":"<p>Automatizovan\u00fd pod\u00e1va\u010d misy na manipul\u00e1ciu s prachov\u00fdm tesnen\u00edm.<\/p>\n<p>Vysoko\u00fa\u010dinn\u00fd vibra\u010dn\u00fd miskov\u00fd pod\u00e1va\u010d na prachov\u00e9 tesnenia.<\/p>","protected":false},"featured_media":3269,"comment_status":"open","ping_status":"closed","template":"","meta":[],"product_cat":[37],"product_tag":[],"yoast_head":"<!-- This site is optimized with the Yoast SEO plugin v22.2 - https:\/\/yoast.com\/wordpress\/plugins\/seo\/ -->\n<title>Vibratory Bowl Feeder for Dust Seal | Bowl Feeder Automation - SWOER<\/title>\n<meta name=\"description\" content=\"Precision-engineered vibratory bowl feeder for dust seals. Reliable automation ensures smooth part feeding, enhancing manufacturing process efficiency.\" \/>\n<meta name=\"robots\" content=\"index, follow, max-snippet:-1, max-image-preview:large, max-video-preview:-1\" \/>\n<link rel=\"canonical\" href=\"https:\/\/swoer.com\/sk\/manufacturer\/vibratory-bowl-feeder-for-dust-seal-bowl-feeder-automation\/\" \/>\n<meta property=\"og:locale\" content=\"sk_SK\" \/>\n<meta property=\"og:type\" content=\"article\" \/>\n<meta property=\"og:title\" content=\"Vibratory Bowl Feeder for Dust Seal | Bowl Feeder Automation - SWOER\" \/>\n<meta property=\"og:description\" content=\"Precision-engineered vibratory bowl feeder for dust seals. Reliable automation ensures smooth part feeding, enhancing manufacturing process efficiency.\" \/>\n<meta property=\"og:url\" content=\"https:\/\/swoer.com\/sk\/manufacturer\/vibratory-bowl-feeder-for-dust-seal-bowl-feeder-automation\/\" \/>\n<meta property=\"og:site_name\" content=\"SWOER\" \/>\n<meta property=\"article:modified_time\" content=\"2025-04-11T07:22:03+00:00\" \/>\n<meta property=\"og:image\" content=\"https:\/\/swoer.com\/wp-content\/uploads\/2025\/04\/vibratory-bowl-feeder-for-dust-seal.webp\" \/>\n\t<meta property=\"og:image:width\" content=\"1000\" \/>\n\t<meta property=\"og:image:height\" content=\"1000\" \/>\n\t<meta property=\"og:image:type\" content=\"image\/webp\" \/>\n<meta name=\"twitter:card\" content=\"summary_large_image\" \/>\n<meta name=\"twitter:label1\" content=\"Predpokladan\u00fd \u010das \u010d\u00edtania\" \/>\n\t<meta name=\"twitter:data1\" content=\"2 min\u00faty\" \/>\n<script type=\"application\/ld+json\" class=\"yoast-schema-graph\">{\"@context\":\"https:\/\/schema.org\",\"@graph\":[{\"@type\":\"WebPage\",\"@id\":\"https:\/\/swoer.com\/manufacturer\/vibratory-bowl-feeder-for-dust-seal-bowl-feeder-automation\/\",\"url\":\"https:\/\/swoer.com\/manufacturer\/vibratory-bowl-feeder-for-dust-seal-bowl-feeder-automation\/\",\"name\":\"Vibratory Bowl Feeder for Dust Seal | Bowl Feeder Automation - SWOER\",\"isPartOf\":{\"@id\":\"https:\/\/swoer.com\/#website\"},\"primaryImageOfPage\":{\"@id\":\"https:\/\/swoer.com\/manufacturer\/vibratory-bowl-feeder-for-dust-seal-bowl-feeder-automation\/#primaryimage\"},\"image\":{\"@id\":\"https:\/\/swoer.com\/manufacturer\/vibratory-bowl-feeder-for-dust-seal-bowl-feeder-automation\/#primaryimage\"},\"thumbnailUrl\":\"https:\/\/swoer.com\/wp-content\/uploads\/2025\/04\/vibratory-bowl-feeder-for-dust-seal.webp\",\"datePublished\":\"2025-04-02T02:32:36+00:00\",\"dateModified\":\"2025-04-11T07:22:03+00:00\",\"description\":\"Precision-engineered vibratory bowl feeder for dust seals. Reliable automation ensures smooth part feeding, enhancing manufacturing process efficiency.\",\"breadcrumb\":{\"@id\":\"https:\/\/swoer.com\/manufacturer\/vibratory-bowl-feeder-for-dust-seal-bowl-feeder-automation\/#breadcrumb\"},\"inLanguage\":\"sk-SK\",\"potentialAction\":[{\"@type\":\"ReadAction\",\"target\":[\"https:\/\/swoer.com\/manufacturer\/vibratory-bowl-feeder-for-dust-seal-bowl-feeder-automation\/\"]}]},{\"@type\":\"ImageObject\",\"inLanguage\":\"sk-SK\",\"@id\":\"https:\/\/swoer.com\/manufacturer\/vibratory-bowl-feeder-for-dust-seal-bowl-feeder-automation\/#primaryimage\",\"url\":\"https:\/\/swoer.com\/wp-content\/uploads\/2025\/04\/vibratory-bowl-feeder-for-dust-seal.webp\",\"contentUrl\":\"https:\/\/swoer.com\/wp-content\/uploads\/2025\/04\/vibratory-bowl-feeder-for-dust-seal.webp\",\"width\":1000,\"height\":1000,\"caption\":\"vibratory bowl feeder for dust seal\"},{\"@type\":\"BreadcrumbList\",\"@id\":\"https:\/\/swoer.com\/manufacturer\/vibratory-bowl-feeder-for-dust-seal-bowl-feeder-automation\/#breadcrumb\",\"itemListElement\":[{\"@type\":\"ListItem\",\"position\":1,\"name\":\"Home\",\"item\":\"https:\/\/swoer.com\/\"},{\"@type\":\"ListItem\",\"position\":2,\"name\":\"Shop\",\"item\":\"https:\/\/swoer.com\/shop\/\"},{\"@type\":\"ListItem\",\"position\":3,\"name\":\"Vibratory Bowl Feeder for Dust Seal | Bowl Feeder Automation\"}]},{\"@type\":\"WebSite\",\"@id\":\"https:\/\/swoer.com\/#website\",\"url\":\"https:\/\/swoer.com\/\",\"name\":\"SWOER\",\"description\":\"Swoer is the top 3 vibratory bowl feeder manufacturer in China\",\"potentialAction\":[{\"@type\":\"SearchAction\",\"target\":{\"@type\":\"EntryPoint\",\"urlTemplate\":\"https:\/\/swoer.com\/?s={search_term_string}\"},\"query-input\":\"required name=search_term_string\"}],\"inLanguage\":\"sk-SK\"}]}<\/script>\n<!-- \/ Yoast SEO plugin. -->","yoast_head_json":{"title":"Vibratory Bowl Feeder for Dust Seal | Bowl Feeder Automation - SWOER","description":"Precision-engineered vibratory bowl feeder for dust seals. Reliable automation ensures smooth part feeding, enhancing manufacturing process efficiency.","robots":{"index":"index","follow":"follow","max-snippet":"max-snippet:-1","max-image-preview":"max-image-preview:large","max-video-preview":"max-video-preview:-1"},"canonical":"https:\/\/swoer.com\/sk\/manufacturer\/vibratory-bowl-feeder-for-dust-seal-bowl-feeder-automation\/","og_locale":"sk_SK","og_type":"article","og_title":"Vibratory Bowl Feeder for Dust Seal | Bowl Feeder Automation - SWOER","og_description":"Precision-engineered vibratory bowl feeder for dust seals. Reliable automation ensures smooth part feeding, enhancing manufacturing process efficiency.","og_url":"https:\/\/swoer.com\/sk\/manufacturer\/vibratory-bowl-feeder-for-dust-seal-bowl-feeder-automation\/","og_site_name":"SWOER","article_modified_time":"2025-04-11T07:22:03+00:00","og_image":[{"width":1000,"height":1000,"url":"https:\/\/swoer.com\/wp-content\/uploads\/2025\/04\/vibratory-bowl-feeder-for-dust-seal.webp","type":"image\/webp"}],"twitter_card":"summary_large_image","twitter_misc":{"Predpokladan\u00fd \u010das \u010d\u00edtania":"2 min\u00faty"},"schema":{"@context":"https:\/\/schema.org","@graph":[{"@type":"WebPage","@id":"https:\/\/swoer.com\/manufacturer\/vibratory-bowl-feeder-for-dust-seal-bowl-feeder-automation\/","url":"https:\/\/swoer.com\/manufacturer\/vibratory-bowl-feeder-for-dust-seal-bowl-feeder-automation\/","name":"Vibratory Bowl Feeder for Dust Seal | Bowl Feeder Automation - SWOER","isPartOf":{"@id":"https:\/\/swoer.com\/#website"},"primaryImageOfPage":{"@id":"https:\/\/swoer.com\/manufacturer\/vibratory-bowl-feeder-for-dust-seal-bowl-feeder-automation\/#primaryimage"},"image":{"@id":"https:\/\/swoer.com\/manufacturer\/vibratory-bowl-feeder-for-dust-seal-bowl-feeder-automation\/#primaryimage"},"thumbnailUrl":"https:\/\/swoer.com\/wp-content\/uploads\/2025\/04\/vibratory-bowl-feeder-for-dust-seal.webp","datePublished":"2025-04-02T02:32:36+00:00","dateModified":"2025-04-11T07:22:03+00:00","description":"Precision-engineered vibratory bowl feeder for dust seals. Reliable automation ensures smooth part feeding, enhancing manufacturing process efficiency.","breadcrumb":{"@id":"https:\/\/swoer.com\/manufacturer\/vibratory-bowl-feeder-for-dust-seal-bowl-feeder-automation\/#breadcrumb"},"inLanguage":"sk-SK","potentialAction":[{"@type":"ReadAction","target":["https:\/\/swoer.com\/manufacturer\/vibratory-bowl-feeder-for-dust-seal-bowl-feeder-automation\/"]}]},{"@type":"ImageObject","inLanguage":"sk-SK","@id":"https:\/\/swoer.com\/manufacturer\/vibratory-bowl-feeder-for-dust-seal-bowl-feeder-automation\/#primaryimage","url":"https:\/\/swoer.com\/wp-content\/uploads\/2025\/04\/vibratory-bowl-feeder-for-dust-seal.webp","contentUrl":"https:\/\/swoer.com\/wp-content\/uploads\/2025\/04\/vibratory-bowl-feeder-for-dust-seal.webp","width":1000,"height":1000,"caption":"vibratory bowl feeder for dust seal"},{"@type":"BreadcrumbList","@id":"https:\/\/swoer.com\/manufacturer\/vibratory-bowl-feeder-for-dust-seal-bowl-feeder-automation\/#breadcrumb","itemListElement":[{"@type":"ListItem","position":1,"name":"Home","item":"https:\/\/swoer.com\/"},{"@type":"ListItem","position":2,"name":"Shop","item":"https:\/\/swoer.com\/shop\/"},{"@type":"ListItem","position":3,"name":"Vibratory Bowl Feeder for Dust Seal | Bowl Feeder Automation"}]},{"@type":"WebSite","@id":"https:\/\/swoer.com\/#website","url":"https:\/\/swoer.com\/","name":"SWOER","description":"Swoer is the top 3 vibratory bowl feeder manufacturer in China","potentialAction":[{"@type":"SearchAction","target":{"@type":"EntryPoint","urlTemplate":"https:\/\/swoer.com\/?s={search_term_string}"},"query-input":"required name=search_term_string"}],"inLanguage":"sk-SK"}]}},"_links":{"self":[{"href":"https:\/\/swoer.com\/sk\/wp-json\/wp\/v2\/product\/3268"}],"collection":[{"href":"https:\/\/swoer.com\/sk\/wp-json\/wp\/v2\/product"}],"about":[{"href":"https:\/\/swoer.com\/sk\/wp-json\/wp\/v2\/types\/product"}],"replies":[{"embeddable":true,"href":"https:\/\/swoer.com\/sk\/wp-json\/wp\/v2\/comments?post=3268"}],"wp:featuredmedia":[{"embeddable":true,"href":"https:\/\/swoer.com\/sk\/wp-json\/wp\/v2\/media\/3269"}],"wp:attachment":[{"href":"https:\/\/swoer.com\/sk\/wp-json\/wp\/v2\/media?parent=3268"}],"wp:term":[{"taxonomy":"product_cat","embeddable":true,"href":"https:\/\/swoer.com\/sk\/wp-json\/wp\/v2\/product_cat?post=3268"},{"taxonomy":"product_tag","embeddable":true,"href":"https:\/\/swoer.com\/sk\/wp-json\/wp\/v2\/product_tag?post=3268"}],"curies":[{"name":"wp","href":"https:\/\/api.w.org\/{rel}","templated":true}]}}