{"id":3090,"date":"2025-03-05T15:55:13","date_gmt":"2025-03-05T07:55:13","guid":{"rendered":"https:\/\/swoer.com\/?post_type=product&#038;p=3090"},"modified":"2025-03-06T10:55:06","modified_gmt":"2025-03-06T02:55:06","slug":"pneumatic-feeder-with-an-escapement","status":"publish","type":"product","link":"https:\/\/swoer.com\/sk\/manufacturer\/pneumatic-feeder-with-an-escapement\/","title":{"rendered":"Pneumatick\u00fd pod\u00e1va\u010d s \u00fanikom | Vibra\u010dn\u00fd pod\u00e1va\u010d"},"content":{"rendered":"<section class=\"section\" id=\"section_1521173641\">\n\t\t<div class=\"bg section-bg fill bg-fill  bg-loaded\" >\n\n\t\t\t\n\t\t\t\n\t\t\t\n\n\t\t<\/div>\n\n\t\t\n\n\t\t<div class=\"section-content relative\">\n\t\t\t\n<h2>\u0160pecifik\u00e1cia<\/h2>\n<table width=\"874\">\n<tbody>\n<tr>\n<td width=\"183\">Meno Produktu<\/td>\n<td width=\"691\">Pneumatick\u00fd pod\u00e1va\u010d s \u00fanikom | Vibra\u010dn\u00fd pod\u00e1va\u010d<\/td>\n<\/tr>\n<tr>\n<td>Materi\u00e1l<\/td>\n<td>\u00a0SUS201\/304<\/td>\n<\/tr>\n<tr>\n<td>\u0160pecialita materi\u00e1lu<\/td>\n<td>Zliatina na kovanie za studena, vysok\u00e1 pevnos\u0165, vysok\u00e1 tvrdos\u0165<\/td>\n<\/tr>\n<tr>\n<td>Nap\u00e4tie<\/td>\n<td>220V<\/td>\n<\/tr>\n<tr>\n<td>Moc<\/td>\n<td>65W \/150W \/180W \/ 220W \/ 350W<\/td>\n<\/tr>\n<tr>\n<td>Overenie<\/td>\n<td>CE, ROHS, ISO9001<\/td>\n<\/tr>\n<tr>\n<td>Z\u00e1ruka<\/td>\n<td>1 ro\u010dn\u00e1 z\u00e1ruka<\/td>\n<\/tr>\n<tr>\n<td>MOQ<\/td>\n<td>1 sada<\/td>\n<\/tr>\n<tr>\n<td>Dodacia lehota<\/td>\n<td>10-14 dn\u00ed<\/td>\n<\/tr>\n<tr>\n<td>Lehota splatnosti<\/td>\n<td>T\/T 40% Z\u00e1loha a zostatok pred odoslan\u00edm<\/td>\n<\/tr>\n<tr>\n<td>Origin\u00e1l miesta<\/td>\n<td>\u010c\u00edna<\/td>\n<\/tr>\n<\/tbody>\n<\/table>\n\t\t<\/div>\n\n\t\t\n<style>\n#section_1521173641 {\n  padding-top: 30px;\n  padding-bottom: 30px;\n}\n#section_1521173641 .ux-shape-divider--top svg {\n  height: 150px;\n  --divider-top-width: 100%;\n}\n#section_1521173641 .ux-shape-divider--bottom svg {\n  height: 150px;\n  --divider-width: 100%;\n}\n<\/style>\n\t<\/section>\n\t\n\t<section class=\"section\" id=\"section_752213881\">\n\t\t<div class=\"bg section-bg fill bg-fill  bg-loaded\" >\n\n\t\t\t\n\t\t\t\n\t\t\t\n\n\t\t<\/div>\n\n\t\t\n\n\t\t<div class=\"section-content relative\">\n\t\t\t\n<h2>Vlastn\u00e9 v\u00fdhody SWOER<\/h2>\n<ol>\n<li><strong>Presn\u00e9 in\u017einierstvo pre lep\u0161\u00ed v\u00fdkon<\/strong><br \/>\nSWOER navrhuje vibra\u010dn\u00e9 pod\u00e1vacie misky s \u00fanikmi pre hladk\u00e9 a presn\u00e9 pod\u00e1vanie dielov. Na\u0161e vlastn\u00e9 rie\u0161enia maximalizuj\u00fa efektivitu va\u0161ej v\u00fdrobnej linky.<\/li>\n<li><strong>Vlastn\u00e9 rie\u0161enia pre v\u0161etky typy dielov<\/strong><br \/>\n\u010ci u\u017e manipulujete s krehk\u00fdmi plastov\u00fdmi dielmi, mal\u00fdmi kovov\u00fdmi s\u00fa\u010diastkami alebo farmaceutick\u00fdmi v\u00fdrobkami, SWOER prisp\u00f4sob\u00ed ka\u017ed\u00fa misku pod\u00e1va\u010da tak, aby vyhovovala va\u0161im v\u00fdrobn\u00fdm potreb\u00e1m.<\/li>\n<li><strong>Vyroben\u00e9 pre odolnos\u0165 a dlhotrvaj\u00face pou\u017eitie<\/strong><br \/>\nMisky pod\u00e1va\u010da SWOER s\u00fa vyroben\u00e9 z vysoko kvalitn\u00fdch materi\u00e1lov a povrchov\u00fdch \u00faprav, ako je gumov\u00e1 pod\u0161\u00edvka a eloxovan\u00fd hlin\u00edk, aby vydr\u017eali dlh\u0161ie a zvl\u00e1dli opotrebenie pri ve\u013ekos\u00e9riovej v\u00fdrobe.<\/li>\n<li><strong>\u00danikov\u00fd mechanizmus na presn\u00e9 k\u0155menie<\/strong><br \/>\nN\u00e1\u0161 \u00fanikov\u00fd syst\u00e9m presne odde\u013euje diely, zni\u017euje prestoje a zlep\u0161uje prezent\u00e1ciu dielov. To zvy\u0161uje r\u00fdchlos\u0165 v\u00fdroby a zni\u017euje pravdepodobnos\u0165 ch\u00fdb.<\/li>\n<li><strong>R\u00fdchle nastavenia pre jednoduch\u00e9 nastavenie<\/strong><br \/>\nSWOER pon\u00faka vlastn\u00e9 diely, ktor\u00e9 v\u00e1m umo\u017enia r\u00fdchlo nastavi\u0165 pod\u00e1va\u010d pre r\u00f4zne diely alebo nastavenia v\u00fdrobnej linky, \u010do u\u013eah\u010duje prisp\u00f4sobenie v pr\u00edpade potreby.<\/li>\n<li><strong>Jednoduch\u00e1 integr\u00e1cia s existuj\u00facimi syst\u00e9mami<\/strong><br \/>\nNa\u0161e vibra\u010dn\u00e9 pod\u00e1va\u010de s \u00fanikov\u00fdmi kan\u00e1lmi s\u00fa skon\u0161truovan\u00e9 tak, aby fungovali s va\u0161\u00edm s\u00fa\u010dasn\u00fdm vybaven\u00edm, tak\u017ee svoj syst\u00e9m m\u00f4\u017eete bez probl\u00e9mov upgradova\u0165 a zabezpe\u010di\u0165, aby v\u0161etko spolu hladko fungovalo.<\/li>\n<li><strong>N\u00e1kladovo efekt\u00edvne pre lep\u0161iu n\u00e1vratnos\u0165 invest\u00edci\u00ed<\/strong><br \/>\nVlastn\u00e9 vibra\u010dn\u00e9 pod\u00e1vacie misky SWOER zlep\u0161uj\u00fa manipul\u00e1ciu s dielmi, zni\u017euj\u00fa mno\u017estvo odpadu a obmedzuj\u00fa preru\u0161enia, \u010do v\u00e1m prin\u00e1\u0161a lep\u0161iu n\u00e1vratnos\u0165 va\u0161ej invest\u00edcie.<\/li>\n<li><strong>Odborn\u00e1 pomoc a nepretr\u017eit\u00e1 podpora<\/strong><br \/>\nN\u00e1\u0161 t\u00edm odborn\u00edkov s vami \u00fazko spolupracuje, aby sme pochopili va\u0161e potreby a navrhli najlep\u0161ie rie\u0161enia pod\u00e1va\u010dov. Poskytujeme tie\u017e nepretr\u017eit\u00fa podporu, aby v\u00e1\u0161 syst\u00e9m fungoval hladko.<\/li>\n<\/ol>\n\t\t<\/div>\n\n\t\t\n<style>\n#section_752213881 {\n  padding-top: 30px;\n  padding-bottom: 30px;\n}\n#section_752213881 .ux-shape-divider--top svg {\n  height: 150px;\n  --divider-top-width: 100%;\n}\n#section_752213881 .ux-shape-divider--bottom svg {\n  height: 150px;\n  --divider-width: 100%;\n}\n<\/style>\n\t<\/section>\n\t\n\t<section class=\"section\" id=\"section_1700402392\">\n\t\t<div class=\"bg section-bg fill bg-fill  bg-loaded\" >\n\n\t\t\t\n\t\t\t\n\t\t\t\n\n\t\t<\/div>\n\n\t\t\n\n\t\t<div class=\"section-content relative\">\n\t\t\t\n<h2 style=\"text-align: center;\">Kontaktuj n\u00e1s<\/h2>\n\t<div id=\"gap-677643560\" class=\"gap-element clearfix\" style=\"display:block; height:auto;\">\n\t\t\n<style>\n#gap-677643560 {\n  padding-top: 30px;\n}\n<\/style>\n\t<\/div>\n\t\n\n<div class=\"wpcf7 no-js\" id=\"wpcf7-f280-o1\" lang=\"en-US\" dir=\"ltr\">\n<div class=\"screen-reader-response\"><p role=\"status\" aria-live=\"polite\" aria-atomic=\"true\"><\/p> <ul><\/ul><\/div>\n<form action=\"\/sk\/wp-json\/wp\/v2\/product\/3090#wpcf7-f280-o1\" method=\"post\" class=\"wpcf7-form init\" aria-label=\"Kontaktn\u00fd formul\u00e1r\" novalidate=\"novalidate\" data-status=\"init\" data-trp-original-action=\"\/sk\/wp-json\/wp\/v2\/product\/3090#wpcf7-f280-o1\">\n<div style=\"display: none;\">\n<input type=\"hidden\" name=\"_wpcf7\" value=\"280\" \/>\n<input type=\"hidden\" name=\"_wpcf7_version\" value=\"5.9.2\" \/>\n<input type=\"hidden\" name=\"_wpcf7_locale\" value=\"en_US\" \/>\n<input type=\"hidden\" name=\"_wpcf7_unit_tag\" value=\"wpcf7-f280-o1\" \/>\n<input type=\"hidden\" name=\"_wpcf7_container_post\" value=\"0\" \/>\n<input type=\"hidden\" name=\"_wpcf7_posted_data_hash\" value=\"\" \/>\n<\/div>\n<div class='custom_contact_style'>\n\t<div class=\"row row-small\">\n\t\t<div class=\"col medium-6 small-12 large-6\">\n\t\t\t<div class=\"col-inner\">\n\t\t\t\t<p><span class=\"wpcf7-form-control-wrap\" data-name=\"your-name\"><input size=\"40\" class=\"wpcf7-form-control wpcf7-text wpcf7-validates-as-required\" aria-required=\"true\" aria-invalid=\"false\" placeholder=\"N\u00e1zov*\" value=\"\" type=\"text\" name=\"your-name\" \/><\/span>\n\t\t\t\t<\/p>\n\t\t\t<\/div>\n\t\t<\/div>\n\t\t<div class=\"col medium-6 small-12 large-6\">\n\t\t\t<div class=\"col-inner\">\n\t\t\t\t<p><span class=\"wpcf7-form-control-wrap\" data-name=\"your-email\"><input size=\"40\" class=\"wpcf7-form-control wpcf7-email wpcf7-validates-as-required wpcf7-text wpcf7-validates-as-email\" aria-required=\"true\" aria-invalid=\"false\" placeholder=\"E-mail*\" value=\"\" type=\"email\" name=\"your-email\" \/><\/span>\n\t\t\t\t<\/p>\n\t\t\t<\/div>\n\t\t<\/div>\n\t<\/div>\n\t<div class='cus_contact_form_bottom'>\n\t\t<p><span class=\"wpcf7-form-control-wrap\" data-name=\"your-phone\"><input size=\"40\" class=\"wpcf7-form-control wpcf7-text\" aria-invalid=\"false\" placeholder=\"Telef\u00f3n\" value=\"\" type=\"text\" name=\"your-phone\" \/><\/span>\n\t\t<\/p>\n\t<\/div>\n\t<div class='cus_contact_form_bottom'>\n\t\t<p><span class=\"wpcf7-form-control-wrap\" data-name=\"your-country\"><input size=\"40\" class=\"wpcf7-form-control wpcf7-text\" aria-invalid=\"false\" placeholder=\"Krajina\" value=\"\" type=\"text\" name=\"your-country\" \/><\/span>\n\t\t<\/p>\n\t<\/div>\n\t<p><span class=\"wpcf7-form-control-wrap\" data-name=\"your-message\"><textarea cols=\"40\" rows=\"10\" class=\"wpcf7-form-control wpcf7-textarea wpcf7-validates-as-required\" aria-required=\"true\" aria-invalid=\"false\" placeholder=\"Tvoja spr\u00e1va *\" name=\"your-message\"><\/textarea><\/span>\n\t<\/p>\n\t<div style=\"margin-bottom:10px;\">\n\t\t<p><span class=\"wpcf7-form-control-wrap kc_captcha cf7ic-toggle\" data-name=\"kc_captcha\"><span class=\"wpcf7-form-control wpcf7-radio\"><span class=\"captcha-image\" style=\"display: none;\"><span class=\"cf7ic_instructions\">Dok\u00e1\u017ete, \u017ee ste \u010dlovek, v\u00fdberom polo\u017eky<span> cup<\/span>.<\/span><label><input aria-label=\"1\" type=\"radio\" name=\"kc_captcha\" value=\"bot\" \/><svg aria-hidden=\"true\" role=\"img\" xmlns=\"http:\/\/www.w3.org\/2000\/svg\" viewbox=\"0 0 576 512\"><path fill=\"currentColor\" d=\"M488 313v143c0 13-11 24-24 24H348c-7 0-12-5-12-12V356c0-7-5-12-12-12h-72c-7 0-12 5-12 12v112c0 7-5 12-12 12H112c-13 0-24-11-24-24V313c0-4 2-7 4-10l188-154c5-4 11-4 16 0l188 154c2 3 4 6 4 10zm84-61l-84-69V44c0-6-5-12-12-12h-56c-7 0-12 6-12 12v73l-89-74a48 48 0 00-61 0L4 252c-5 4-5 12-1 17l25 31c5 5 12 5 17 1l235-193c5-4 11-4 16 0l235 193c5 5 13 4 17-1l25-31c4-6 4-13-1-17z\"\/><\/svg><\/label><label><input aria-label=\"2\" type=\"radio\" name=\"kc_captcha\" value=\"bot\" \/><svg aria-hidden=\"true\" role=\"img\" xmlns=\"http:\/\/www.w3.org\/2000\/svg\" viewbox=\"0 0 512 512\"><path fill=\"currentColor\" d=\"M500 168h-55l-8-21a127 127 0 00-120-83H195a127 127 0 00-120 83l-8 21H12c-8 0-14 8-11 16l8 24a12 12 0 0011 8h29a64 64 0 00-33 56v48c0 16 6 31 16 42v62c0 13 11 24 24 24h48c13 0 24-11 24-24v-40h256v40c0 13 11 24 24 24h48c13 0 24-11 24-24v-62c10-11 16-26 16-42v-48c0-24-13-45-33-56h29a12 12 0 0011-8l8-24c3-8-3-16-11-16zm-365 2c9-25 33-42 60-42h122c27 0 51 17 60 42l15 38H120l15-38zM88 328a32 32 0 010-64c18 0 48 30 48 48s-30 16-48 16zm336 0c-18 0-48 2-48-16s30-48 48-48 32 14 32 32-14 32-32 32z\"\/><\/svg><\/label><label><input aria-label=\"3\" type=\"radio\" name=\"kc_captcha\" value=\"kc_human\" \/><svg aria-hidden=\"true\" role=\"img\" xmlns=\"http:\/\/www.w3.org\/2000\/svg\" viewbox=\"0 0 640 512\"><path fill=\"currentColor\" d=\"M192 384h192c53 0 96-43 96-96h32a128 128 0 000-256H120c-13 0-24 11-24 24v232c0 53 43 96 96 96zM512 96a64 64 0 010 128h-32V96h32zm48 384H48c-47 0-61-64-36-64h584c25 0 11 64-36 64z\"\/><\/svg><\/label>\r\n    <\/span>\r\n    <span style=\"display:none\">\r\n        <input type=\"text\" name=\"kc_honeypot\">\r\n    <\/span><\/span><\/span>\n\t\t<\/p>\n\t<\/div>\n\t<p><input class=\"wpcf7-form-control wpcf7-submit has-spinner\" type=\"submit\" value=\"Posla\u0165 spr\u00e1vu\" \/>\n\t<\/p>\n<\/div><div class=\"wpcf7-response-output\" aria-hidden=\"true\"><\/div>\n<input type=\"hidden\" name=\"trp-form-language\" value=\"sk\"\/><\/form>\n<\/div>\n\n\t\t<\/div>\n\n\t\t\n<style>\n#section_1700402392 {\n  padding-top: 30px;\n  padding-bottom: 30px;\n}\n#section_1700402392 .ux-shape-divider--top svg {\n  height: 150px;\n  --divider-top-width: 100%;\n}\n#section_1700402392 .ux-shape-divider--bottom svg {\n  height: 150px;\n  --divider-width: 100%;\n}\n<\/style>\n\t<\/section>","protected":false},"excerpt":{"rendered":"<p>Pneumatick\u00fd pod\u00e1va\u010d SWOER s Escapementom je navrhnut\u00fd pre hladk\u00e9 a presn\u00e9 pod\u00e1vanie dielov. Ako d\u00f4veryhodn\u00fd v\u00fdrobca vibra\u010dn\u00fdch pod\u00e1va\u010dov poskytujeme vlastn\u00e9 rie\u0161enia, ktor\u00e9 vyhovuj\u00fa va\u0161im potreb\u00e1m v oblasti automatiz\u00e1cie. Na\u0161e pod\u00e1va\u010de zais\u0165uj\u00fa stabiln\u00fd a efekt\u00edvny v\u00fdkon pre odvetvia, ako je automobilov\u00fd priemysel, elektronika a zdravotn\u00edcke zariadenia. Kontaktujte SWOER e\u0161te dnes a z\u00edskajte rie\u0161enia k\u0155menia na mieru na zlep\u0161enie va\u0161ej v\u00fdroby!<\/p>","protected":false},"featured_media":3091,"comment_status":"open","ping_status":"closed","template":"","meta":[],"product_cat":[37],"product_tag":[],"yoast_head":"<!-- This site is optimized with the Yoast SEO plugin v22.2 - https:\/\/yoast.com\/wordpress\/plugins\/seo\/ -->\n<title>Pneumatic Feeder with an Escapement | Vibratory Feeder - SWOER<\/title>\n<meta name=\"description\" content=\"Swoer is a Chinese manufacturer with rich experience in producing custom vibratory feeder bowls with escapement, reliable quality, and favorable factory prices.\" \/>\n<meta name=\"robots\" content=\"index, follow, max-snippet:-1, max-image-preview:large, max-video-preview:-1\" \/>\n<link rel=\"canonical\" href=\"https:\/\/swoer.com\/sk\/manufacturer\/pneumatic-feeder-with-an-escapement\/\" \/>\n<meta property=\"og:locale\" content=\"sk_SK\" \/>\n<meta property=\"og:type\" content=\"article\" \/>\n<meta property=\"og:title\" content=\"Pneumatic Feeder with an Escapement | Vibratory Feeder - SWOER\" \/>\n<meta property=\"og:description\" content=\"Swoer is a Chinese manufacturer with rich experience in producing custom vibratory feeder bowls with escapement, reliable quality, and favorable factory prices.\" \/>\n<meta property=\"og:url\" content=\"https:\/\/swoer.com\/sk\/manufacturer\/pneumatic-feeder-with-an-escapement\/\" \/>\n<meta property=\"og:site_name\" content=\"SWOER\" \/>\n<meta property=\"article:modified_time\" content=\"2025-03-06T02:55:06+00:00\" \/>\n<meta property=\"og:image\" content=\"https:\/\/swoer.com\/wp-content\/uploads\/2024\/12\/Vibratory-Feeder-Bowl-with-an-Escapement.webp\" \/>\n\t<meta property=\"og:image:width\" content=\"1000\" \/>\n\t<meta property=\"og:image:height\" content=\"1000\" \/>\n\t<meta property=\"og:image:type\" content=\"image\/webp\" \/>\n<meta name=\"twitter:card\" content=\"summary_large_image\" \/>\n<meta name=\"twitter:label1\" content=\"Predpokladan\u00fd \u010das \u010d\u00edtania\" \/>\n\t<meta name=\"twitter:data1\" content=\"2 min\u00faty\" \/>\n<script type=\"application\/ld+json\" class=\"yoast-schema-graph\">{\"@context\":\"https:\/\/schema.org\",\"@graph\":[{\"@type\":\"WebPage\",\"@id\":\"https:\/\/swoer.com\/manufacturer\/pneumatic-feeder-with-an-escapement\/\",\"url\":\"https:\/\/swoer.com\/manufacturer\/pneumatic-feeder-with-an-escapement\/\",\"name\":\"Pneumatic Feeder with an Escapement | Vibratory Feeder - SWOER\",\"isPartOf\":{\"@id\":\"https:\/\/swoer.com\/#website\"},\"primaryImageOfPage\":{\"@id\":\"https:\/\/swoer.com\/manufacturer\/pneumatic-feeder-with-an-escapement\/#primaryimage\"},\"image\":{\"@id\":\"https:\/\/swoer.com\/manufacturer\/pneumatic-feeder-with-an-escapement\/#primaryimage\"},\"thumbnailUrl\":\"https:\/\/swoer.com\/wp-content\/uploads\/2024\/12\/Vibratory-Feeder-Bowl-with-an-Escapement.webp\",\"datePublished\":\"2025-03-05T07:55:13+00:00\",\"dateModified\":\"2025-03-06T02:55:06+00:00\",\"description\":\"Swoer is a Chinese manufacturer with rich experience in producing custom vibratory feeder bowls with escapement, reliable quality, and favorable factory prices.\",\"breadcrumb\":{\"@id\":\"https:\/\/swoer.com\/manufacturer\/pneumatic-feeder-with-an-escapement\/#breadcrumb\"},\"inLanguage\":\"sk-SK\",\"potentialAction\":[{\"@type\":\"ReadAction\",\"target\":[\"https:\/\/swoer.com\/manufacturer\/pneumatic-feeder-with-an-escapement\/\"]}]},{\"@type\":\"ImageObject\",\"inLanguage\":\"sk-SK\",\"@id\":\"https:\/\/swoer.com\/manufacturer\/pneumatic-feeder-with-an-escapement\/#primaryimage\",\"url\":\"https:\/\/swoer.com\/wp-content\/uploads\/2024\/12\/Vibratory-Feeder-Bowl-with-an-Escapement.webp\",\"contentUrl\":\"https:\/\/swoer.com\/wp-content\/uploads\/2024\/12\/Vibratory-Feeder-Bowl-with-an-Escapement.webp\",\"width\":1000,\"height\":1000,\"caption\":\"Vibratory Feeder Bowl with an Escapement\"},{\"@type\":\"BreadcrumbList\",\"@id\":\"https:\/\/swoer.com\/manufacturer\/pneumatic-feeder-with-an-escapement\/#breadcrumb\",\"itemListElement\":[{\"@type\":\"ListItem\",\"position\":1,\"name\":\"Home\",\"item\":\"https:\/\/swoer.com\/\"},{\"@type\":\"ListItem\",\"position\":2,\"name\":\"Shop\",\"item\":\"https:\/\/swoer.com\/shop\/\"},{\"@type\":\"ListItem\",\"position\":3,\"name\":\"Pneumatic Feeder with an Escapement | Vibratory Feeder\"}]},{\"@type\":\"WebSite\",\"@id\":\"https:\/\/swoer.com\/#website\",\"url\":\"https:\/\/swoer.com\/\",\"name\":\"SWOER\",\"description\":\"Swoer is the top 3 vibratory bowl feeder manufacturer in China\",\"potentialAction\":[{\"@type\":\"SearchAction\",\"target\":{\"@type\":\"EntryPoint\",\"urlTemplate\":\"https:\/\/swoer.com\/?s={search_term_string}\"},\"query-input\":\"required name=search_term_string\"}],\"inLanguage\":\"sk-SK\"}]}<\/script>\n<!-- \/ Yoast SEO plugin. -->","yoast_head_json":{"title":"Pneumatic Feeder with an Escapement | Vibratory Feeder - SWOER","description":"Swoer is a Chinese manufacturer with rich experience in producing custom vibratory feeder bowls with escapement, reliable quality, and favorable factory prices.","robots":{"index":"index","follow":"follow","max-snippet":"max-snippet:-1","max-image-preview":"max-image-preview:large","max-video-preview":"max-video-preview:-1"},"canonical":"https:\/\/swoer.com\/sk\/manufacturer\/pneumatic-feeder-with-an-escapement\/","og_locale":"sk_SK","og_type":"article","og_title":"Pneumatic Feeder with an Escapement | Vibratory Feeder - SWOER","og_description":"Swoer is a Chinese manufacturer with rich experience in producing custom vibratory feeder bowls with escapement, reliable quality, and favorable factory prices.","og_url":"https:\/\/swoer.com\/sk\/manufacturer\/pneumatic-feeder-with-an-escapement\/","og_site_name":"SWOER","article_modified_time":"2025-03-06T02:55:06+00:00","og_image":[{"width":1000,"height":1000,"url":"https:\/\/swoer.com\/wp-content\/uploads\/2024\/12\/Vibratory-Feeder-Bowl-with-an-Escapement.webp","type":"image\/webp"}],"twitter_card":"summary_large_image","twitter_misc":{"Predpokladan\u00fd \u010das \u010d\u00edtania":"2 min\u00faty"},"schema":{"@context":"https:\/\/schema.org","@graph":[{"@type":"WebPage","@id":"https:\/\/swoer.com\/manufacturer\/pneumatic-feeder-with-an-escapement\/","url":"https:\/\/swoer.com\/manufacturer\/pneumatic-feeder-with-an-escapement\/","name":"Pneumatic Feeder with an Escapement | Vibratory Feeder - SWOER","isPartOf":{"@id":"https:\/\/swoer.com\/#website"},"primaryImageOfPage":{"@id":"https:\/\/swoer.com\/manufacturer\/pneumatic-feeder-with-an-escapement\/#primaryimage"},"image":{"@id":"https:\/\/swoer.com\/manufacturer\/pneumatic-feeder-with-an-escapement\/#primaryimage"},"thumbnailUrl":"https:\/\/swoer.com\/wp-content\/uploads\/2024\/12\/Vibratory-Feeder-Bowl-with-an-Escapement.webp","datePublished":"2025-03-05T07:55:13+00:00","dateModified":"2025-03-06T02:55:06+00:00","description":"Swoer is a Chinese manufacturer with rich experience in producing custom vibratory feeder bowls with escapement, reliable quality, and favorable factory prices.","breadcrumb":{"@id":"https:\/\/swoer.com\/manufacturer\/pneumatic-feeder-with-an-escapement\/#breadcrumb"},"inLanguage":"sk-SK","potentialAction":[{"@type":"ReadAction","target":["https:\/\/swoer.com\/manufacturer\/pneumatic-feeder-with-an-escapement\/"]}]},{"@type":"ImageObject","inLanguage":"sk-SK","@id":"https:\/\/swoer.com\/manufacturer\/pneumatic-feeder-with-an-escapement\/#primaryimage","url":"https:\/\/swoer.com\/wp-content\/uploads\/2024\/12\/Vibratory-Feeder-Bowl-with-an-Escapement.webp","contentUrl":"https:\/\/swoer.com\/wp-content\/uploads\/2024\/12\/Vibratory-Feeder-Bowl-with-an-Escapement.webp","width":1000,"height":1000,"caption":"Vibratory Feeder Bowl with an Escapement"},{"@type":"BreadcrumbList","@id":"https:\/\/swoer.com\/manufacturer\/pneumatic-feeder-with-an-escapement\/#breadcrumb","itemListElement":[{"@type":"ListItem","position":1,"name":"Home","item":"https:\/\/swoer.com\/"},{"@type":"ListItem","position":2,"name":"Shop","item":"https:\/\/swoer.com\/shop\/"},{"@type":"ListItem","position":3,"name":"Pneumatic Feeder with an Escapement | Vibratory Feeder"}]},{"@type":"WebSite","@id":"https:\/\/swoer.com\/#website","url":"https:\/\/swoer.com\/","name":"SWOER","description":"Swoer is the top 3 vibratory bowl feeder manufacturer in China","potentialAction":[{"@type":"SearchAction","target":{"@type":"EntryPoint","urlTemplate":"https:\/\/swoer.com\/?s={search_term_string}"},"query-input":"required name=search_term_string"}],"inLanguage":"sk-SK"}]}},"_links":{"self":[{"href":"https:\/\/swoer.com\/sk\/wp-json\/wp\/v2\/product\/3090"}],"collection":[{"href":"https:\/\/swoer.com\/sk\/wp-json\/wp\/v2\/product"}],"about":[{"href":"https:\/\/swoer.com\/sk\/wp-json\/wp\/v2\/types\/product"}],"replies":[{"embeddable":true,"href":"https:\/\/swoer.com\/sk\/wp-json\/wp\/v2\/comments?post=3090"}],"wp:featuredmedia":[{"embeddable":true,"href":"https:\/\/swoer.com\/sk\/wp-json\/wp\/v2\/media\/3091"}],"wp:attachment":[{"href":"https:\/\/swoer.com\/sk\/wp-json\/wp\/v2\/media?parent=3090"}],"wp:term":[{"taxonomy":"product_cat","embeddable":true,"href":"https:\/\/swoer.com\/sk\/wp-json\/wp\/v2\/product_cat?post=3090"},{"taxonomy":"product_tag","embeddable":true,"href":"https:\/\/swoer.com\/sk\/wp-json\/wp\/v2\/product_tag?post=3090"}],"curies":[{"name":"wp","href":"https:\/\/api.w.org\/{rel}","templated":true}]}}