{"id":2371,"date":"2024-07-29T09:55:57","date_gmt":"2024-07-29T01:55:57","guid":{"rendered":"https:\/\/swoer.com\/?post_type=product&#038;p=2371"},"modified":"2024-07-29T11:15:40","modified_gmt":"2024-07-29T03:15:40","slug":"rotary-bowl-feeder-for-grapa","status":"publish","type":"product","link":"https:\/\/swoer.com\/sk\/manufacturer\/rotary-bowl-feeder-for-grapa\/","title":{"rendered":"Rota\u010dn\u00fd miskov\u00fd pod\u00e1va\u010d pre Grapa"},"content":{"rendered":"<h2>Inform\u00e1cie o produkte<\/h2>\n<table width=\"566\">\n<tbody>\n<tr>\n<td width=\"144\">\u00a0Meno Produktu<\/td>\n<td width=\"422\">Rota\u010dn\u00fd miskov\u00fd pod\u00e1va\u010d pre Grapa<\/td>\n<\/tr>\n<tr>\n<td>\u00a0Materi\u00e1l<\/td>\n<td>\u00a0SUS201\/304<\/td>\n<\/tr>\n<tr>\n<td>\u00a0\u0160pecialita materi\u00e1lu<\/td>\n<td>\u00a0Zliatina na kovanie za studena, vysok\u00e1 pevnos\u0165, vysok\u00e1 tvrdos\u0165<\/td>\n<\/tr>\n<tr>\n<td>\u00a0Nap\u00e4tie<\/td>\n<td>\u00a0220V<\/td>\n<\/tr>\n<tr>\n<td>\u00a0Moc<\/td>\n<td>\u00a065W \/150W \/180W \/ 220W \/ 350W<\/td>\n<\/tr>\n<tr>\n<td>\u00a0Overenie<\/td>\n<td>\u00a0CE, ROHS, ISO9001<\/td>\n<\/tr>\n<tr>\n<td>\u00a0Z\u00e1ruka<\/td>\n<td>\u00a01 rok<\/td>\n<\/tr>\n<tr>\n<td>\u00a0MOQ<\/td>\n<td>\u00a01 sada<\/td>\n<\/tr>\n<tr>\n<td>\u00a0Dodacia lehota<\/td>\n<td>\u00a010-14 dn\u00ed<\/td>\n<\/tr>\n<tr>\n<td>\u00a0Lehota splatnosti<\/td>\n<td>\u00a0T\/T 40% Z\u00e1loha a zostatok pred odoslan\u00edm<\/td>\n<\/tr>\n<tr>\n<td>\u00a0Origin\u00e1l miesta<\/td>\n<td>\u00a0\u010c\u00edna<\/td>\n<\/tr>\n<\/tbody>\n<\/table>\n\t<div id=\"gap-1294731515\" class=\"gap-element clearfix\" style=\"display:block; height:auto;\">\n\t\t\n<style>\n#gap-1294731515 {\n  padding-top: 30px;\n}\n<\/style>\n\t<\/div>\n\t\n<h2>Testovacie video<\/h2>\n<div class=\"video video-fit mb\" style=\"padding-top:56.25%;\"><p><iframe loading=\"lazy\" title=\"Grapa Rotary Bowl Feeder - Vibra\u010dn\u00fd miskov\u00fd pod\u00e1va\u010d pre Grapa\" width=\"1020\" height=\"574\" src=\"https:\/\/www.youtube.com\/embed\/aZtwcK-m9lQ?feature=oembed\" frameborder=\"0\" allow=\"accelerometer; autoplay; clipboard-write; encrypted-media; gyroscope; picture-in-picture; web-share\" referrerpolicy=\"strict-origin-when-cross-origin\" allowfullscreen><\/iframe><\/p>\n<\/div>\n\t<div id=\"gap-804961409\" class=\"gap-element clearfix\" style=\"display:block; height:auto;\">\n\t\t\n<style>\n#gap-804961409 {\n  padding-top: 30px;\n}\n<\/style>\n\t<\/div>\n\t\n<h2>D\u00f4le\u017eit\u00e1 inform\u00e1cia<\/h2>\n<p>Ak m\u00e1te z\u00e1ujem o na\u0161e vibra\u010dn\u00e9 miskov\u00e9 pod\u00e1va\u010de, budeme radi, ak n\u00e1m poskytnete nasleduj\u00face inform\u00e1cie o va\u0161ich po\u017eiadavk\u00e1ch:<\/p>\n<ul>\n<li><b><\/b><strong><b>Detaily dielov: <\/b><\/strong>Obr\u00e1zky, rozmery a ak je to mo\u017en\u00e9, 3D v\u00fdkresy dielov, ktor\u00e9 chcete pou\u017ei\u0165.<\/li>\n<li><b><\/b><strong><b>Po\u017eadovan\u00e1 r\u00fdchlos\u0165: <\/b><\/strong>Po\u010det kusov za min\u00fatu (napr. 30 ks\/min).<\/li>\n<li><b><\/b><strong><b>Orient\u00e1cia ot\u00e1\u010dania: <\/b><\/strong>Potrebujete, aby sa pod\u00e1va\u010d ot\u00e1\u010dal v smere alebo proti smeru hodinov\u00fdch ru\u010di\u010diek?<\/li>\n<li><b><\/b><strong><b>Orient\u00e1cia k\u0155menia: <\/b><\/strong>Po\u017eadovan\u00e1 orient\u00e1cia komponentov pri pod\u00e1van\u00ed.<\/li>\n<li><b><\/b><strong><b>Dodato\u010dn\u00e9 vybavenie: <\/b><\/strong>Potrebujete line\u00e1rny pod\u00e1va\u010d, z\u00e1kladov\u00fa dosku alebo n\u00e1sypku?<\/li>\n<\/ul>\n<p><strong>Ke\u010f budeme ma\u0165 tieto inform\u00e1cie, okam\u017eite vyhodnot\u00edme va\u0161e po\u017eiadavky a poskytneme v\u00e1m cenov\u00fa ponuku na mieru.<\/strong><\/p>\n\t<div id=\"gap-1824258539\" class=\"gap-element clearfix\" style=\"display:block; height:auto;\">\n\t\t\n<style>\n#gap-1824258539 {\n  padding-top: 30px;\n}\n<\/style>\n\t<\/div>\n\t\n<h2 style=\"text-align: center;\">Kontaktuj n\u00e1s<\/h2>\n\n<div class=\"wpcf7 no-js\" id=\"wpcf7-f5-o1\" lang=\"en-US\" dir=\"ltr\">\n<div class=\"screen-reader-response\"><p role=\"status\" aria-live=\"polite\" aria-atomic=\"true\"><\/p> <ul><\/ul><\/div>\n<form action=\"\/sk\/wp-json\/wp\/v2\/product\/2371#wpcf7-f5-o1\" method=\"post\" class=\"wpcf7-form init\" aria-label=\"Kontaktn\u00fd formul\u00e1r\" novalidate=\"novalidate\" data-status=\"init\" data-trp-original-action=\"\/sk\/wp-json\/wp\/v2\/product\/2371#wpcf7-f5-o1\">\n<div style=\"display: none;\">\n<input type=\"hidden\" name=\"_wpcf7\" value=\"5\" \/>\n<input type=\"hidden\" name=\"_wpcf7_version\" value=\"5.9.2\" \/>\n<input type=\"hidden\" name=\"_wpcf7_locale\" value=\"en_US\" \/>\n<input type=\"hidden\" name=\"_wpcf7_unit_tag\" value=\"wpcf7-f5-o1\" \/>\n<input type=\"hidden\" name=\"_wpcf7_container_post\" value=\"0\" \/>\n<input type=\"hidden\" name=\"_wpcf7_posted_data_hash\" value=\"\" \/>\n<\/div>\n<div class='custom_contact_style'>\n\t<p><label> Tvoje meno<br \/>\n<span class=\"wpcf7-form-control-wrap\" data-name=\"your-name\"><input size=\"40\" class=\"wpcf7-form-control wpcf7-text wpcf7-validates-as-required\" autocomplete=\"name\" aria-required=\"true\" aria-invalid=\"false\" value=\"\" type=\"text\" name=\"your-name\" \/><\/span> <\/label>\n\t<\/p>\n\t<p><label> Tvoj email<br \/>\n<span class=\"wpcf7-form-control-wrap\" data-name=\"your-email\"><input size=\"40\" class=\"wpcf7-form-control wpcf7-email wpcf7-validates-as-required wpcf7-text wpcf7-validates-as-email\" autocomplete=\"email\" aria-required=\"true\" aria-invalid=\"false\" value=\"\" type=\"email\" name=\"your-email\" \/><\/span> <\/label>\n\t<\/p>\n\t<p><label> Va\u0161a spr\u00e1va (volite\u013en\u00e9)<br \/>\n<span class=\"wpcf7-form-control-wrap\" data-name=\"your-message\"><textarea cols=\"40\" rows=\"10\" class=\"wpcf7-form-control wpcf7-textarea\" aria-invalid=\"false\" name=\"your-message\"><\/textarea><\/span> <\/label>\n\t<\/p>\n\t<div style=\"margin-bottom:10px;\">\n\t\t<p><span class=\"wpcf7-form-control-wrap kc_captcha cf7ic-toggle\" data-name=\"kc_captcha\"><span class=\"wpcf7-form-control wpcf7-radio\"><span class=\"captcha-image\" style=\"display: none;\"><span class=\"cf7ic_instructions\">Dok\u00e1\u017ete, \u017ee ste \u010dlovek, v\u00fdberom polo\u017eky<span> car<\/span>.<\/span><label><input aria-label=\"1\" type=\"radio\" name=\"kc_captcha\" value=\"kc_human\" \/><svg aria-hidden=\"true\" role=\"img\" xmlns=\"http:\/\/www.w3.org\/2000\/svg\" viewbox=\"0 0 512 512\"><path fill=\"currentColor\" d=\"M500 168h-55l-8-21a127 127 0 00-120-83H195a127 127 0 00-120 83l-8 21H12c-8 0-14 8-11 16l8 24a12 12 0 0011 8h29a64 64 0 00-33 56v48c0 16 6 31 16 42v62c0 13 11 24 24 24h48c13 0 24-11 24-24v-40h256v40c0 13 11 24 24 24h48c13 0 24-11 24-24v-62c10-11 16-26 16-42v-48c0-24-13-45-33-56h29a12 12 0 0011-8l8-24c3-8-3-16-11-16zm-365 2c9-25 33-42 60-42h122c27 0 51 17 60 42l15 38H120l15-38zM88 328a32 32 0 010-64c18 0 48 30 48 48s-30 16-48 16zm336 0c-18 0-48 2-48-16s30-48 48-48 32 14 32 32-14 32-32 32z\"\/><\/svg><\/label><label><input aria-label=\"2\" type=\"radio\" name=\"kc_captcha\" value=\"bot\" \/><svg aria-hidden=\"true\" role=\"img\" xmlns=\"http:\/\/www.w3.org\/2000\/svg\" viewbox=\"0 0 640 512\"><path fill=\"currentColor\" d=\"M192 384h192c53 0 96-43 96-96h32a128 128 0 000-256H120c-13 0-24 11-24 24v232c0 53 43 96 96 96zM512 96a64 64 0 010 128h-32V96h32zm48 384H48c-47 0-61-64-36-64h584c25 0 11 64-36 64z\"\/><\/svg><\/label><label><input aria-label=\"3\" type=\"radio\" name=\"kc_captcha\" value=\"bot\" \/><svg aria-hidden=\"true\" role=\"img\" xmlns=\"http:\/\/www.w3.org\/2000\/svg\" viewbox=\"0 0 576 512\"><path fill=\"currentColor\" d=\"M472 200H360L256 6a12 12 0 00-10-6h-58c-8 0-14 7-12 15l34 185H100l-35-58a12 12 0 00-10-6H12c-8 0-13 7-12 14l21 106L0 362c-1 7 4 14 12 14h43c4 0 8-2 10-6l35-58h110l-34 185c-2 8 4 15 12 15h58a12 12 0 0010-6l104-194h112c57 0 104-25 104-56s-47-56-104-56z\"\/><\/svg><\/label>\r\n    <\/span>\r\n    <span style=\"display:none\">\r\n        <input type=\"text\" name=\"kc_honeypot\">\r\n    <\/span><\/span><\/span>\n\t\t<\/p>\n\t<\/div>\n\t<p><input class=\"wpcf7-form-control wpcf7-submit has-spinner\" type=\"submit\" value=\"Predlo\u017ei\u0165\" \/>\n\t<\/p>\n<\/div><div class=\"wpcf7-response-output\" aria-hidden=\"true\"><\/div>\n<input type=\"hidden\" name=\"trp-form-language\" value=\"sk\"\/><\/form>\n<\/div>","protected":false},"excerpt":{"rendered":"<p>N\u00e1\u0161 rota\u010dn\u00fd pod\u00e1va\u010d misiek je \u0161peci\u00e1lne navrhnut\u00fd na v\u00fdrobu grapy. Vyu\u017e\u00edva vibra\u010dn\u00fa technol\u00f3giu na orient\u00e1ciu a pod\u00e1vanie dielov z grapa pri vysok\u00fdch r\u00fdchlostiach, \u010d\u00edm zabezpe\u010duje konzistentn\u00fa a spo\u013eahliv\u00fa automatiz\u00e1ciu. Zv\u00fd\u0161te efektivitu svojej v\u00fdroby a zn\u00ed\u017ete n\u00e1klady na pr\u00e1cu s na\u0161\u00edm pokro\u010dil\u00fdm rie\u0161en\u00edm pod\u00e1vania.<\/p>","protected":false},"featured_media":2372,"comment_status":"open","ping_status":"closed","template":"","meta":[],"product_cat":[37],"product_tag":[],"yoast_head":"<!-- This site is optimized with the Yoast SEO plugin v22.2 - https:\/\/yoast.com\/wordpress\/plugins\/seo\/ -->\n<title>Rotary Bowl Feeder for Grapa | Grapa Vibratory Bowl Feeder<\/title>\n<meta name=\"description\" content=\"Enhance grapa production with our efficient rotary bowl feeder, designed to precisely orient and feed grapa parts, boosting automation and reducing downtime.\" \/>\n<meta name=\"robots\" content=\"index, follow, max-snippet:-1, max-image-preview:large, max-video-preview:-1\" \/>\n<link rel=\"canonical\" href=\"https:\/\/swoer.com\/sk\/manufacturer\/rotary-bowl-feeder-for-grapa\/\" \/>\n<meta property=\"og:locale\" content=\"sk_SK\" \/>\n<meta property=\"og:type\" content=\"article\" \/>\n<meta property=\"og:title\" content=\"Rotary Bowl Feeder for Grapa | Grapa Vibratory Bowl Feeder\" \/>\n<meta property=\"og:description\" content=\"Enhance grapa production with our efficient rotary bowl feeder, designed to precisely orient and feed grapa parts, boosting automation and reducing downtime.\" \/>\n<meta property=\"og:url\" content=\"https:\/\/swoer.com\/sk\/manufacturer\/rotary-bowl-feeder-for-grapa\/\" \/>\n<meta property=\"og:site_name\" content=\"SWOER\" \/>\n<meta property=\"article:modified_time\" content=\"2024-07-29T03:15:40+00:00\" \/>\n<meta property=\"og:image\" content=\"https:\/\/swoer.com\/wp-content\/uploads\/2024\/07\/rotary-bowl-feeder-for-grapa.webp\" \/>\n\t<meta property=\"og:image:width\" content=\"1000\" \/>\n\t<meta property=\"og:image:height\" content=\"1000\" \/>\n\t<meta property=\"og:image:type\" content=\"image\/webp\" \/>\n<meta name=\"twitter:card\" content=\"summary_large_image\" \/>\n<meta name=\"twitter:label1\" content=\"Predpokladan\u00fd \u010das \u010d\u00edtania\" \/>\n\t<meta name=\"twitter:data1\" content=\"1 min\u00fata\" \/>\n<script type=\"application\/ld+json\" class=\"yoast-schema-graph\">{\"@context\":\"https:\/\/schema.org\",\"@graph\":[{\"@type\":\"WebPage\",\"@id\":\"https:\/\/swoer.com\/manufacturer\/rotary-bowl-feeder-for-grapa\/\",\"url\":\"https:\/\/swoer.com\/manufacturer\/rotary-bowl-feeder-for-grapa\/\",\"name\":\"Rotary Bowl Feeder for Grapa | Grapa Vibratory Bowl Feeder\",\"isPartOf\":{\"@id\":\"https:\/\/swoer.com\/#website\"},\"primaryImageOfPage\":{\"@id\":\"https:\/\/swoer.com\/manufacturer\/rotary-bowl-feeder-for-grapa\/#primaryimage\"},\"image\":{\"@id\":\"https:\/\/swoer.com\/manufacturer\/rotary-bowl-feeder-for-grapa\/#primaryimage\"},\"thumbnailUrl\":\"https:\/\/swoer.com\/wp-content\/uploads\/2024\/07\/rotary-bowl-feeder-for-grapa.webp\",\"datePublished\":\"2024-07-29T01:55:57+00:00\",\"dateModified\":\"2024-07-29T03:15:40+00:00\",\"description\":\"Enhance grapa production with our efficient rotary bowl feeder, designed to precisely orient and feed grapa parts, boosting automation and reducing downtime.\",\"breadcrumb\":{\"@id\":\"https:\/\/swoer.com\/manufacturer\/rotary-bowl-feeder-for-grapa\/#breadcrumb\"},\"inLanguage\":\"sk-SK\",\"potentialAction\":[{\"@type\":\"ReadAction\",\"target\":[\"https:\/\/swoer.com\/manufacturer\/rotary-bowl-feeder-for-grapa\/\"]}]},{\"@type\":\"ImageObject\",\"inLanguage\":\"sk-SK\",\"@id\":\"https:\/\/swoer.com\/manufacturer\/rotary-bowl-feeder-for-grapa\/#primaryimage\",\"url\":\"https:\/\/swoer.com\/wp-content\/uploads\/2024\/07\/rotary-bowl-feeder-for-grapa.webp\",\"contentUrl\":\"https:\/\/swoer.com\/wp-content\/uploads\/2024\/07\/rotary-bowl-feeder-for-grapa.webp\",\"width\":1000,\"height\":1000,\"caption\":\"rotary bowl feeder for grapa\"},{\"@type\":\"BreadcrumbList\",\"@id\":\"https:\/\/swoer.com\/manufacturer\/rotary-bowl-feeder-for-grapa\/#breadcrumb\",\"itemListElement\":[{\"@type\":\"ListItem\",\"position\":1,\"name\":\"Home\",\"item\":\"https:\/\/swoer.com\/\"},{\"@type\":\"ListItem\",\"position\":2,\"name\":\"Shop\",\"item\":\"https:\/\/swoer.com\/shop\/\"},{\"@type\":\"ListItem\",\"position\":3,\"name\":\"Rotary Bowl Feeder for Grapa\"}]},{\"@type\":\"WebSite\",\"@id\":\"https:\/\/swoer.com\/#website\",\"url\":\"https:\/\/swoer.com\/\",\"name\":\"SWOER\",\"description\":\"Swoer is the top 3 vibratory bowl feeder manufacturer in China\",\"potentialAction\":[{\"@type\":\"SearchAction\",\"target\":{\"@type\":\"EntryPoint\",\"urlTemplate\":\"https:\/\/swoer.com\/?s={search_term_string}\"},\"query-input\":\"required name=search_term_string\"}],\"inLanguage\":\"sk-SK\"}]}<\/script>\n<!-- \/ Yoast SEO plugin. -->","yoast_head_json":{"title":"Rotary Bowl Feeder for Grapa | Grapa Vibratory Bowl Feeder","description":"Enhance grapa production with our efficient rotary bowl feeder, designed to precisely orient and feed grapa parts, boosting automation and reducing downtime.","robots":{"index":"index","follow":"follow","max-snippet":"max-snippet:-1","max-image-preview":"max-image-preview:large","max-video-preview":"max-video-preview:-1"},"canonical":"https:\/\/swoer.com\/sk\/manufacturer\/rotary-bowl-feeder-for-grapa\/","og_locale":"sk_SK","og_type":"article","og_title":"Rotary Bowl Feeder for Grapa | Grapa Vibratory Bowl Feeder","og_description":"Enhance grapa production with our efficient rotary bowl feeder, designed to precisely orient and feed grapa parts, boosting automation and reducing downtime.","og_url":"https:\/\/swoer.com\/sk\/manufacturer\/rotary-bowl-feeder-for-grapa\/","og_site_name":"SWOER","article_modified_time":"2024-07-29T03:15:40+00:00","og_image":[{"width":1000,"height":1000,"url":"https:\/\/swoer.com\/wp-content\/uploads\/2024\/07\/rotary-bowl-feeder-for-grapa.webp","type":"image\/webp"}],"twitter_card":"summary_large_image","twitter_misc":{"Predpokladan\u00fd \u010das \u010d\u00edtania":"1 min\u00fata"},"schema":{"@context":"https:\/\/schema.org","@graph":[{"@type":"WebPage","@id":"https:\/\/swoer.com\/manufacturer\/rotary-bowl-feeder-for-grapa\/","url":"https:\/\/swoer.com\/manufacturer\/rotary-bowl-feeder-for-grapa\/","name":"Rotary Bowl Feeder for Grapa | Grapa Vibratory Bowl Feeder","isPartOf":{"@id":"https:\/\/swoer.com\/#website"},"primaryImageOfPage":{"@id":"https:\/\/swoer.com\/manufacturer\/rotary-bowl-feeder-for-grapa\/#primaryimage"},"image":{"@id":"https:\/\/swoer.com\/manufacturer\/rotary-bowl-feeder-for-grapa\/#primaryimage"},"thumbnailUrl":"https:\/\/swoer.com\/wp-content\/uploads\/2024\/07\/rotary-bowl-feeder-for-grapa.webp","datePublished":"2024-07-29T01:55:57+00:00","dateModified":"2024-07-29T03:15:40+00:00","description":"Enhance grapa production with our efficient rotary bowl feeder, designed to precisely orient and feed grapa parts, boosting automation and reducing downtime.","breadcrumb":{"@id":"https:\/\/swoer.com\/manufacturer\/rotary-bowl-feeder-for-grapa\/#breadcrumb"},"inLanguage":"sk-SK","potentialAction":[{"@type":"ReadAction","target":["https:\/\/swoer.com\/manufacturer\/rotary-bowl-feeder-for-grapa\/"]}]},{"@type":"ImageObject","inLanguage":"sk-SK","@id":"https:\/\/swoer.com\/manufacturer\/rotary-bowl-feeder-for-grapa\/#primaryimage","url":"https:\/\/swoer.com\/wp-content\/uploads\/2024\/07\/rotary-bowl-feeder-for-grapa.webp","contentUrl":"https:\/\/swoer.com\/wp-content\/uploads\/2024\/07\/rotary-bowl-feeder-for-grapa.webp","width":1000,"height":1000,"caption":"rotary bowl feeder for grapa"},{"@type":"BreadcrumbList","@id":"https:\/\/swoer.com\/manufacturer\/rotary-bowl-feeder-for-grapa\/#breadcrumb","itemListElement":[{"@type":"ListItem","position":1,"name":"Home","item":"https:\/\/swoer.com\/"},{"@type":"ListItem","position":2,"name":"Shop","item":"https:\/\/swoer.com\/shop\/"},{"@type":"ListItem","position":3,"name":"Rotary Bowl Feeder for Grapa"}]},{"@type":"WebSite","@id":"https:\/\/swoer.com\/#website","url":"https:\/\/swoer.com\/","name":"SWOER","description":"Swoer is the top 3 vibratory bowl feeder manufacturer in China","potentialAction":[{"@type":"SearchAction","target":{"@type":"EntryPoint","urlTemplate":"https:\/\/swoer.com\/?s={search_term_string}"},"query-input":"required name=search_term_string"}],"inLanguage":"sk-SK"}]}},"_links":{"self":[{"href":"https:\/\/swoer.com\/sk\/wp-json\/wp\/v2\/product\/2371"}],"collection":[{"href":"https:\/\/swoer.com\/sk\/wp-json\/wp\/v2\/product"}],"about":[{"href":"https:\/\/swoer.com\/sk\/wp-json\/wp\/v2\/types\/product"}],"replies":[{"embeddable":true,"href":"https:\/\/swoer.com\/sk\/wp-json\/wp\/v2\/comments?post=2371"}],"wp:featuredmedia":[{"embeddable":true,"href":"https:\/\/swoer.com\/sk\/wp-json\/wp\/v2\/media\/2372"}],"wp:attachment":[{"href":"https:\/\/swoer.com\/sk\/wp-json\/wp\/v2\/media?parent=2371"}],"wp:term":[{"taxonomy":"product_cat","embeddable":true,"href":"https:\/\/swoer.com\/sk\/wp-json\/wp\/v2\/product_cat?post=2371"},{"taxonomy":"product_tag","embeddable":true,"href":"https:\/\/swoer.com\/sk\/wp-json\/wp\/v2\/product_tag?post=2371"}],"curies":[{"name":"wp","href":"https:\/\/api.w.org\/{rel}","templated":true}]}}