{"id":2346,"date":"2024-07-17T03:39:52","date_gmt":"2024-07-17T03:39:52","guid":{"rendered":"https:\/\/swoer.com\/?post_type=product&#038;p=2346"},"modified":"2024-08-01T09:07:15","modified_gmt":"2024-08-01T01:07:15","slug":"feeder-bowl-stand-sw-c270","status":"publish","type":"product","link":"https:\/\/swoer.com\/sk\/manufacturer\/feeder-bowl-stand-sw-c270\/","title":{"rendered":"Stojan na misku na k\u0155menie SW-C270"},"content":{"rendered":"<section class=\"section\" id=\"section_1622964526\">\n\t\t<div class=\"bg section-bg fill bg-fill  bg-loaded\" >\n\n\t\t\t\n\t\t\t\n\t\t\t\n\n\t\t<\/div>\n\n\t\t\n\n\t\t<div class=\"section-content relative\">\n\t\t\t\n<h2>Parametre produktu<\/h2>\n<table style=\"border-collapse: collapse; width: 418.52pt;\" border=\"0\" width=\"558\" cellspacing=\"0\" cellpadding=\"0\">\n<tbody>\n<tr style=\"height: 27.00pt;\">\n<td class=\"et3\" style=\"height: 27.00pt; width: 143.25pt;\" width=\"191\" height=\"36\">Model<\/td>\n<td class=\"et3\" style=\"width: 275.25pt;\" width=\"367\">SW-C270<\/td>\n<\/tr>\n<tr style=\"height: 27.00pt;\">\n<td class=\"et3\" style=\"height: 27.00pt;\" height=\"36\">Menovit\u00e9 nap\u00e4tie<\/td>\n<td class=\"et3\">220V<\/td>\n<\/tr>\n<tr style=\"height: 27.00pt;\">\n<td class=\"et3\" style=\"height: 27.00pt;\" height=\"36\">Frekvencia<\/td>\n<td class=\"et3\">50 Hz<\/td>\n<\/tr>\n<tr style=\"height: 27.00pt;\">\n<td class=\"et3\" style=\"height: 27.00pt;\" height=\"36\">Menovit\u00fd pr\u00fad<\/td>\n<td class=\"et3\">3.4A<\/td>\n<\/tr>\n<tr style=\"height: 27.00pt;\">\n<td class=\"et3\" style=\"height: 27.00pt;\" height=\"36\">Maxim\u00e1lne telo<\/td>\n<td class=\"et3\">480 mm<\/td>\n<\/tr>\n<tr style=\"height: 27.00pt;\">\n<td class=\"et3\" style=\"height: 27.00pt;\" height=\"36\">Maxim\u00e1lne za\u0165a\u017eenie<\/td>\n<td class=\"et3\">12 kg<\/td>\n<\/tr>\n<tr style=\"height: 27.00pt;\">\n<td class=\"et3\" style=\"height: 27.00pt;\" height=\"36\">Pou\u017eite\u013en\u00fd ovl\u00e1da\u010d<\/td>\n<td class=\"et3\">3A frekven\u010dn\u00fd ovl\u00e1da\u010d<\/td>\n<\/tr>\n<tr style=\"height: 27.00pt;\">\n<td class=\"et3\" style=\"height: 27.00pt;\" height=\"36\">Pou\u017eite\u013en\u00e1 listov\u00e1 pru\u017eina<\/td>\n<td class=\"et3\">SW-50CRVA-106 x 35<\/td>\n<\/tr>\n<tr style=\"height: 27.00pt;\">\n<td class=\"et3\" style=\"height: 27.00pt;\" height=\"36\">Vibra\u010dn\u00e9 \u010d\u00edslo<\/td>\n<td class=\"et3\">50-200Hz<\/td>\n<\/tr>\n<tr style=\"height: 27.00pt;\">\n<td class=\"et4\" style=\"height: 54.00pt;\" rowspan=\"2\" height=\"72\">Z\u00e1kladn\u00e1 hmotnos\u0165<\/td>\n<td class=\"et4\">39kg \/ Z\u00e1kladn\u00fd typ, s pomocn\u00fdm silo vo vn\u00fatri korby<\/td>\n<\/tr>\n<tr style=\"height: 27.00pt;\">\n<td class=\"et4\">45 kg \/ S n\u00edzkym oddelen\u00edm, s mont\u00e1\u017enou pr\u00edrubou tela<\/td>\n<\/tr>\n<\/tbody>\n<\/table>\n\t<div id=\"gap-586588010\" class=\"gap-element clearfix\" style=\"display:block; height:auto;\">\n\t\t\n<style>\n#gap-586588010 {\n  padding-top: 30px;\n}\n<\/style>\n\t<\/div>\n\t\n\t<div class=\"img has-hover x md-x lg-x y md-y lg-y\" id=\"image_1747311694\">\n\t\t\t\t\t\t\t\t<div class=\"img-inner dark\" >\n\t\t\t<img loading=\"lazy\" decoding=\"async\" width=\"833\" height=\"618\" src=\"https:\/\/swoer.com\/wp-content\/uploads\/2024\/07\/SW-C270-Dimensions.webp\" class=\"attachment-original size-original\" alt=\"Rozmery SW-C270\" srcset=\"https:\/\/swoer.com\/wp-content\/uploads\/2024\/07\/SW-C270-Dimensions.webp 833w, https:\/\/swoer.com\/wp-content\/uploads\/2024\/07\/SW-C270-Dimensions-300x223.webp 300w, https:\/\/swoer.com\/wp-content\/uploads\/2024\/07\/SW-C270-Dimensions-768x570.webp 768w, https:\/\/swoer.com\/wp-content\/uploads\/2024\/07\/SW-C270-Dimensions-16x12.webp 16w, https:\/\/swoer.com\/wp-content\/uploads\/2024\/07\/SW-C270-Dimensions-600x445.webp 600w\" sizes=\"(max-width: 833px) 100vw, 833px\" \/>\t\t\t\t\t\t\n\t\t\t\t\t<\/div>\n\t\t\t\t\t\t\t\t\n<style>\n#image_1747311694 {\n  width: 100%;\n}\n<\/style>\n\t<\/div>\n\t\n\t\t<\/div>\n\n\t\t\n<style>\n#section_1622964526 {\n  padding-top: 30px;\n  padding-bottom: 30px;\n}\n#section_1622964526 .ux-shape-divider--top svg {\n  height: 150px;\n  --divider-top-width: 100%;\n}\n#section_1622964526 .ux-shape-divider--bottom svg {\n  height: 150px;\n  --divider-width: 100%;\n}\n<\/style>\n\t<\/section>","protected":false},"excerpt":{"rendered":"<p>SW-C270 Feeder Bowl Stand je robustn\u00fd a spo\u013eahliv\u00fd priemyseln\u00fd pod\u00e1va\u010d navrhnut\u00fd pre presn\u00fa a efekt\u00edvnu manipul\u00e1ciu s materi\u00e1lom. Vyzna\u010duje sa robustnou kon\u0161trukciou, v\u00fdkonn\u00fdm motorom a \u0161irok\u00fdm rozsahom frekvenci\u00ed vibr\u00e1ci\u00ed, aby vyhovoval r\u00f4znym po\u017eiadavk\u00e1m na tok materi\u00e1lu. S maxim\u00e1lnou nosnos\u0165ou 12 kg je vhodn\u00fd na manipul\u00e1ciu s r\u00f4znymi materi\u00e1lmi v priemyselnom prostred\u00ed.<\/p>","protected":false},"featured_media":2347,"comment_status":"open","ping_status":"closed","template":"","meta":[],"product_cat":[46],"product_tag":[],"yoast_head":"<!-- This site is optimized with the Yoast SEO plugin v22.2 - https:\/\/yoast.com\/wordpress\/plugins\/seo\/ -->\n<title>Feeder Bowl Stand SW-C270 - SWOER<\/title>\n<meta name=\"description\" content=\"The SW-C270 Feeder Bowl Stand is a heavy-duty industrial feeder with a 12kg load capacity and 50-200Hz vibration range, perfect for precise material handling.\" \/>\n<meta name=\"robots\" content=\"index, follow, max-snippet:-1, max-image-preview:large, max-video-preview:-1\" \/>\n<link rel=\"canonical\" href=\"https:\/\/swoer.com\/sk\/manufacturer\/feeder-bowl-stand-sw-c270\/\" \/>\n<meta property=\"og:locale\" content=\"sk_SK\" \/>\n<meta property=\"og:type\" content=\"article\" \/>\n<meta property=\"og:title\" content=\"Feeder Bowl Stand SW-C270 - SWOER\" \/>\n<meta property=\"og:description\" content=\"The SW-C270 Feeder Bowl Stand is a heavy-duty industrial feeder with a 12kg load capacity and 50-200Hz vibration range, perfect for precise material handling.\" \/>\n<meta property=\"og:url\" content=\"https:\/\/swoer.com\/sk\/manufacturer\/feeder-bowl-stand-sw-c270\/\" \/>\n<meta property=\"og:site_name\" content=\"SWOER\" \/>\n<meta property=\"article:modified_time\" content=\"2024-08-01T01:07:15+00:00\" \/>\n<meta property=\"og:image\" content=\"https:\/\/swoer.com\/wp-content\/uploads\/2024\/07\/SW-C270.webp\" \/>\n\t<meta property=\"og:image:width\" content=\"1000\" \/>\n\t<meta property=\"og:image:height\" content=\"1000\" \/>\n\t<meta property=\"og:image:type\" content=\"image\/webp\" \/>\n<meta name=\"twitter:card\" content=\"summary_large_image\" \/>\n<meta name=\"twitter:label1\" content=\"Predpokladan\u00fd \u010das \u010d\u00edtania\" \/>\n\t<meta name=\"twitter:data1\" content=\"1 min\u00fata\" \/>\n<script type=\"application\/ld+json\" class=\"yoast-schema-graph\">{\"@context\":\"https:\/\/schema.org\",\"@graph\":[{\"@type\":\"WebPage\",\"@id\":\"https:\/\/swoer.com\/manufacturer\/feeder-bowl-stand-sw-c270\/\",\"url\":\"https:\/\/swoer.com\/manufacturer\/feeder-bowl-stand-sw-c270\/\",\"name\":\"Feeder Bowl Stand SW-C270 - SWOER\",\"isPartOf\":{\"@id\":\"https:\/\/swoer.com\/#website\"},\"primaryImageOfPage\":{\"@id\":\"https:\/\/swoer.com\/manufacturer\/feeder-bowl-stand-sw-c270\/#primaryimage\"},\"image\":{\"@id\":\"https:\/\/swoer.com\/manufacturer\/feeder-bowl-stand-sw-c270\/#primaryimage\"},\"thumbnailUrl\":\"https:\/\/swoer.com\/wp-content\/uploads\/2024\/07\/SW-C270.webp\",\"datePublished\":\"2024-07-17T03:39:52+00:00\",\"dateModified\":\"2024-08-01T01:07:15+00:00\",\"description\":\"The SW-C270 Feeder Bowl Stand is a heavy-duty industrial feeder with a 12kg load capacity and 50-200Hz vibration range, perfect for precise material handling.\",\"breadcrumb\":{\"@id\":\"https:\/\/swoer.com\/manufacturer\/feeder-bowl-stand-sw-c270\/#breadcrumb\"},\"inLanguage\":\"sk-SK\",\"potentialAction\":[{\"@type\":\"ReadAction\",\"target\":[\"https:\/\/swoer.com\/manufacturer\/feeder-bowl-stand-sw-c270\/\"]}]},{\"@type\":\"ImageObject\",\"inLanguage\":\"sk-SK\",\"@id\":\"https:\/\/swoer.com\/manufacturer\/feeder-bowl-stand-sw-c270\/#primaryimage\",\"url\":\"https:\/\/swoer.com\/wp-content\/uploads\/2024\/07\/SW-C270.webp\",\"contentUrl\":\"https:\/\/swoer.com\/wp-content\/uploads\/2024\/07\/SW-C270.webp\",\"width\":1000,\"height\":1000,\"caption\":\"SW-C270\"},{\"@type\":\"BreadcrumbList\",\"@id\":\"https:\/\/swoer.com\/manufacturer\/feeder-bowl-stand-sw-c270\/#breadcrumb\",\"itemListElement\":[{\"@type\":\"ListItem\",\"position\":1,\"name\":\"Home\",\"item\":\"https:\/\/swoer.com\/\"},{\"@type\":\"ListItem\",\"position\":2,\"name\":\"Shop\",\"item\":\"https:\/\/swoer.com\/shop\/\"},{\"@type\":\"ListItem\",\"position\":3,\"name\":\"Feeder Bowl Stand SW-C270\"}]},{\"@type\":\"WebSite\",\"@id\":\"https:\/\/swoer.com\/#website\",\"url\":\"https:\/\/swoer.com\/\",\"name\":\"SWOER\",\"description\":\"Swoer is the top 3 vibratory bowl feeder manufacturer in China\",\"potentialAction\":[{\"@type\":\"SearchAction\",\"target\":{\"@type\":\"EntryPoint\",\"urlTemplate\":\"https:\/\/swoer.com\/?s={search_term_string}\"},\"query-input\":\"required name=search_term_string\"}],\"inLanguage\":\"sk-SK\"}]}<\/script>\n<!-- \/ Yoast SEO plugin. -->","yoast_head_json":{"title":"Feeder Bowl Stand SW-C270 - SWOER","description":"The SW-C270 Feeder Bowl Stand is a heavy-duty industrial feeder with a 12kg load capacity and 50-200Hz vibration range, perfect for precise material handling.","robots":{"index":"index","follow":"follow","max-snippet":"max-snippet:-1","max-image-preview":"max-image-preview:large","max-video-preview":"max-video-preview:-1"},"canonical":"https:\/\/swoer.com\/sk\/manufacturer\/feeder-bowl-stand-sw-c270\/","og_locale":"sk_SK","og_type":"article","og_title":"Feeder Bowl Stand SW-C270 - SWOER","og_description":"The SW-C270 Feeder Bowl Stand is a heavy-duty industrial feeder with a 12kg load capacity and 50-200Hz vibration range, perfect for precise material handling.","og_url":"https:\/\/swoer.com\/sk\/manufacturer\/feeder-bowl-stand-sw-c270\/","og_site_name":"SWOER","article_modified_time":"2024-08-01T01:07:15+00:00","og_image":[{"width":1000,"height":1000,"url":"https:\/\/swoer.com\/wp-content\/uploads\/2024\/07\/SW-C270.webp","type":"image\/webp"}],"twitter_card":"summary_large_image","twitter_misc":{"Predpokladan\u00fd \u010das \u010d\u00edtania":"1 min\u00fata"},"schema":{"@context":"https:\/\/schema.org","@graph":[{"@type":"WebPage","@id":"https:\/\/swoer.com\/manufacturer\/feeder-bowl-stand-sw-c270\/","url":"https:\/\/swoer.com\/manufacturer\/feeder-bowl-stand-sw-c270\/","name":"Feeder Bowl Stand SW-C270 - SWOER","isPartOf":{"@id":"https:\/\/swoer.com\/#website"},"primaryImageOfPage":{"@id":"https:\/\/swoer.com\/manufacturer\/feeder-bowl-stand-sw-c270\/#primaryimage"},"image":{"@id":"https:\/\/swoer.com\/manufacturer\/feeder-bowl-stand-sw-c270\/#primaryimage"},"thumbnailUrl":"https:\/\/swoer.com\/wp-content\/uploads\/2024\/07\/SW-C270.webp","datePublished":"2024-07-17T03:39:52+00:00","dateModified":"2024-08-01T01:07:15+00:00","description":"The SW-C270 Feeder Bowl Stand is a heavy-duty industrial feeder with a 12kg load capacity and 50-200Hz vibration range, perfect for precise material handling.","breadcrumb":{"@id":"https:\/\/swoer.com\/manufacturer\/feeder-bowl-stand-sw-c270\/#breadcrumb"},"inLanguage":"sk-SK","potentialAction":[{"@type":"ReadAction","target":["https:\/\/swoer.com\/manufacturer\/feeder-bowl-stand-sw-c270\/"]}]},{"@type":"ImageObject","inLanguage":"sk-SK","@id":"https:\/\/swoer.com\/manufacturer\/feeder-bowl-stand-sw-c270\/#primaryimage","url":"https:\/\/swoer.com\/wp-content\/uploads\/2024\/07\/SW-C270.webp","contentUrl":"https:\/\/swoer.com\/wp-content\/uploads\/2024\/07\/SW-C270.webp","width":1000,"height":1000,"caption":"SW-C270"},{"@type":"BreadcrumbList","@id":"https:\/\/swoer.com\/manufacturer\/feeder-bowl-stand-sw-c270\/#breadcrumb","itemListElement":[{"@type":"ListItem","position":1,"name":"Home","item":"https:\/\/swoer.com\/"},{"@type":"ListItem","position":2,"name":"Shop","item":"https:\/\/swoer.com\/shop\/"},{"@type":"ListItem","position":3,"name":"Feeder Bowl Stand SW-C270"}]},{"@type":"WebSite","@id":"https:\/\/swoer.com\/#website","url":"https:\/\/swoer.com\/","name":"SWOER","description":"Swoer is the top 3 vibratory bowl feeder manufacturer in China","potentialAction":[{"@type":"SearchAction","target":{"@type":"EntryPoint","urlTemplate":"https:\/\/swoer.com\/?s={search_term_string}"},"query-input":"required name=search_term_string"}],"inLanguage":"sk-SK"}]}},"_links":{"self":[{"href":"https:\/\/swoer.com\/sk\/wp-json\/wp\/v2\/product\/2346"}],"collection":[{"href":"https:\/\/swoer.com\/sk\/wp-json\/wp\/v2\/product"}],"about":[{"href":"https:\/\/swoer.com\/sk\/wp-json\/wp\/v2\/types\/product"}],"replies":[{"embeddable":true,"href":"https:\/\/swoer.com\/sk\/wp-json\/wp\/v2\/comments?post=2346"}],"wp:featuredmedia":[{"embeddable":true,"href":"https:\/\/swoer.com\/sk\/wp-json\/wp\/v2\/media\/2347"}],"wp:attachment":[{"href":"https:\/\/swoer.com\/sk\/wp-json\/wp\/v2\/media?parent=2346"}],"wp:term":[{"taxonomy":"product_cat","embeddable":true,"href":"https:\/\/swoer.com\/sk\/wp-json\/wp\/v2\/product_cat?post=2346"},{"taxonomy":"product_tag","embeddable":true,"href":"https:\/\/swoer.com\/sk\/wp-json\/wp\/v2\/product_tag?post=2346"}],"curies":[{"name":"wp","href":"https:\/\/api.w.org\/{rel}","templated":true}]}}