{"id":2326,"date":"2024-07-10T02:07:49","date_gmt":"2024-07-10T02:07:49","guid":{"rendered":"https:\/\/swoer.com\/?post_type=product&#038;p=2326"},"modified":"2024-08-16T14:01:56","modified_gmt":"2024-08-16T06:01:56","slug":"vibratory-bowl-feeder-speed-controller-dvc34-xlr","status":"publish","type":"product","link":"https:\/\/swoer.com\/sk\/manufacturer\/vibratory-bowl-feeder-speed-controller-dvc34-xlr\/","title":{"rendered":"Regul\u00e1tor r\u00fdchlosti vibra\u010dn\u00e9ho pod\u00e1va\u010da DVC34-XLR"},"content":{"rendered":"<h2><strong><b>Vlastnosti DVC34-XLR<\/b><\/strong><\/h2>\n<ul>\n<li>Automatick\u00e1 stabiliz\u00e1cia r\u00fdchlosti<\/li>\n<li>Automatick\u00e9 nastavenie frekvencie<\/li>\n<li>Automatick\u00e9 vyh\u013ead\u00e1vanie frekvencie<\/li>\n<li>Synchr\u00f3nny v\u00fdstup<\/li>\n<li>Prednastaven\u00e1 r\u00fdchlos\u0165<\/li>\n<li>Vysoko presn\u00e1 automatick\u00e1 stabiliz\u00e1cia nap\u00e4tia<\/li>\n<li>Digit\u00e1lna ochrana proti prehriatiu<\/li>\n<li>Samoprisp\u00f4sobenie sn\u00edma\u010da<\/li>\n<li>Dia\u013ekov\u00e9 ovl\u00e1danie r\u00fdchlosti<\/li>\n<li>DC riadiaci v\u00fdstup<\/li>\n<li>Z\u00e1mok kl\u00e1vesnice<\/li>\n<li>Nastavenie maxim\u00e1lneho v\u00fdstupn\u00e9ho nap\u00e4tia<\/li>\n<li>Vypnutie pln\u00e9ho\/pr\u00e1zdneho materi\u00e1lu sn\u00edma\u010da s dvojit\u00fdm sp\u00edna\u010dom<\/li>\n<li>Funkcia po\u010d\u00edtania<\/li>\n<li>485 komunik\u00e1cia<\/li>\n<\/ul>\n\t<div id=\"gap-726285035\" class=\"gap-element clearfix\" style=\"display:block; height:auto;\">\n\t\t\n<style>\n#gap-726285035 {\n  padding-top: 30px;\n}\n<\/style>\n\t<\/div>\n\t\n<h2><strong><b>DVC34-XLR<\/b><\/strong><strong><b>\u00a0<\/b><\/strong><strong><b>Funkcia<\/b><\/strong><\/h2>\n<p>T\u00e1to s\u00e9ria ovl\u00e1da\u010dov, navrhnut\u00e1 na vibra\u010dn\u00e9 pod\u00e1vanie v automatiz\u00e1cii, integruje pokro\u010dil\u00fa elektronick\u00fa technol\u00f3giu. Poskytuje praktick\u00e9, u\u017e\u00edvate\u013esky pr\u00edvetiv\u00e9 funkcie:<\/p>\n<ol>\n<li><strong>Automatick\u00e1 frekven\u010dn\u00e1 modul\u00e1cia:<\/strong> Regul\u00e1tor upravuje frekvenciu v re\u00e1lnom \u010dase, \u010d\u00edm zabezpe\u010duje, \u017ee pod\u00e1va\u010d funguje optim\u00e1lne.<\/li>\n<li><strong>Automatick\u00e1 stabiliz\u00e1cia r\u00fdchlosti:<\/strong> Ke\u010f\u017ee regul\u00e1tor reguluje nap\u00e4tie v re\u00e1lnom \u010dase, zais\u0165uje kon\u0161tantn\u00fa r\u00fdchlos\u0165 pod\u00e1vania. \u010ci u\u017e sa mno\u017estvo obrobku zvy\u0161uje alebo zni\u017euje, t\u00e1to funkcia udr\u017euje stabiln\u00fd v\u00fdkon, \u010d\u00edm zvy\u0161uje celkov\u00fa efektivitu.<\/li>\n<li><strong>Automatick\u00e9 vyh\u013ead\u00e1vanie frekvencie:<\/strong> Spo\u013eahliv\u00e1 funkcia r\u00fdchlo identifikuje optim\u00e1lnu frekvenciu a s\u00favisiace parametre, \u010d\u00edm zvy\u0161uje pohodlie pou\u017e\u00edvate\u013ea.<\/li>\n<li><strong>Automatick\u00e1 stabiliz\u00e1cia nap\u00e4tia:<\/strong> Bez aktivovanej stabiliz\u00e1cie ot\u00e1\u010dok regul\u00e1tor eliminuje kol\u00edsanie ot\u00e1\u010dok v d\u00f4sledku zmien nap\u00e1jania, \u010d\u00edm zabra\u0148uje \u00fa\u010dinkom frekvencie \u00faderov.<\/li>\n<li><strong>Synchr\u00f3nny v\u00fdstup:<\/strong> Viacer\u00e9 ovl\u00e1da\u010de synchronizuj\u00fa svoje v\u00fdstupy vo frekvencii a f\u00e1ze, \u010d\u00edm sa vyh\u00fdbaj\u00fa frekvencii \u00faderov a s\u00favisiacim probl\u00e9mom.<\/li>\n<li><strong>\u00dapln\u00e1\/pr\u00e1zdna odst\u00e1vka materi\u00e1lu:<\/strong> Vstup sn\u00edma\u010da umo\u017e\u0148uje riadiacej jednotke riadi\u0165 vypnutie na z\u00e1klade \u00farovn\u00ed materi\u00e1lu, pri\u010dom pon\u00faka prisp\u00f4sobite\u013en\u00fd \u010das spustenia, oneskorenia a logick\u00e9 nastavenia.<\/li>\n<li><strong>Prisp\u00f4sobenie sn\u00edma\u010da:<\/strong> Okrem svojich \u010fal\u0161\u00edch funkci\u00ed sa ovl\u00e1da\u010d bez probl\u00e9mov prisp\u00f4sob\u00ed sn\u00edma\u010dom NPN aj PNP. Toto automatick\u00e9 nastavenie zais\u0165uje kompatibilitu a spo\u013eahlivos\u0165 bez oh\u013eadu na pou\u017eit\u00fd typ sn\u00edma\u010da.<\/li>\n<li><strong>Pomal\u00fd \u0161tart:<\/strong> Pri spusten\u00ed regul\u00e1tor postupne zvy\u0161uje nap\u00e4tie, \u010d\u00edm zabra\u0148uje po\u0161kodeniu pri n\u00e1hlych otrasoch.<\/li>\n<li><strong>Prednastaven\u00e1 r\u00fdchlos\u0165:<\/strong> Pou\u017e\u00edvatelia si m\u00f4\u017eu vybra\u0165 zo \u0161tyroch prednastaven\u00fdch v\u00fdstupn\u00fdch nap\u00e4t\u00ed prostredn\u00edctvom extern\u00fdch riadiacich sign\u00e1lov.<\/li>\n<li><strong>Funkcia zr\u00fdchlenia:<\/strong> T\u00e1to funkcia zvy\u0161uje v\u00fdstupn\u00e9 nap\u00e4tie a\u017e na 1501 TP3T vstupn\u00e9ho nap\u00e4tia.<\/li>\n<li><strong>Nastavenie maxim\u00e1lneho v\u00fdstupn\u00e9ho nap\u00e4tia:<\/strong> Pou\u017e\u00edvatelia m\u00f4\u017eu nastavi\u0165 limit nap\u00e4tia, aby sa zabr\u00e1nilo n\u00e1hodn\u00e9mu po\u0161kodeniu nadmern\u00fdm nap\u00e4t\u00edm.<\/li>\n<li><strong>Index priebehu:<\/strong> Tento parameter vyva\u017euje \u00fa\u010dinnos\u0165 regul\u00e1tora s maxim\u00e1lnym v\u00fdstupn\u00fdm v\u00fdkonom.<\/li>\n<li><strong>Dia\u013ekov\u00e9 ovl\u00e1danie r\u00fdchlosti:<\/strong> Pou\u017e\u00edvatelia m\u00f4\u017eu ovl\u00e1da\u0165 nap\u00e4tie alebo r\u00fdchlos\u0165 externe pomocou potenciometra, PLC alebo nap\u00e1jacieho sign\u00e1lu.<\/li>\n<li><strong>24V DC riadiaci v\u00fdstup:<\/strong> V\u00fdstupn\u00fd riadiaci sign\u00e1l cez tranzistor umo\u017e\u0148uje priame ovl\u00e1danie zariaden\u00ed, ako s\u00fa solenoidov\u00e9 ventily.<\/li>\n<li><strong>V\u00fdstupn\u00fd sp\u00edna\u010d:<\/strong> Dotykov\u00e9 tla\u010didlo na paneli umo\u017e\u0148uje okam\u017eit\u00e9 spustenie\/zastavenie stroja, \u010d\u00edm sa zjednodu\u0161uje ladenie zariadenia.<\/li>\n<li><strong>Z\u00e1mok kl\u00e1vesnice:<\/strong> Podr\u017ean\u00edm tla\u010didla zapnutia\/vypnutia sa uzamkn\u00fa v\u0161etky funkcie, \u010d\u00edm sa zabr\u00e1ni n\u00e1hodn\u00fdm oper\u00e1ci\u00e1m.<\/li>\n<li><strong>Heslo parametra:<\/strong> Pou\u017e\u00edvatelia m\u00f4\u017eu nastavi\u0165 heslo na uzamknutie parametrov, ktor\u00e9 chr\u00e1nia pred neopr\u00e1vnen\u00fdmi zmenami.<\/li>\n<li><strong>Obnovi\u0165 v\u00fdrobn\u00e9 nastavenia:<\/strong> T\u00e1to funkcia r\u00fdchlo vr\u00e1ti parametre na predvolen\u00e9 v\u00fdrobn\u00e9 nastavenia a resetuje ovl\u00e1da\u010d.<\/li>\n<li><strong>485 komunik\u00e1cia:<\/strong> Pou\u017e\u00edvatelia m\u00f4\u017eu na dia\u013eku upravova\u0165 nastavenia ovl\u00e1da\u010da prostredn\u00edctvom komunik\u00e1cie 485.<\/li>\n<\/ol>\n\t<div id=\"gap-1006046132\" class=\"gap-element clearfix\" style=\"display:block; height:auto;\">\n\t\t\n<style>\n#gap-1006046132 {\n  padding-top: 30px;\n}\n<\/style>\n\t<\/div>\n\t\n<h2>Technick\u00e1 \u0161pecifik\u00e1cia<\/h2>\n<table width=\"767\">\n<tbody>\n<tr>\n<td rowspan=\"2\" width=\"225\">Polo\u017eka<\/td>\n<td colspan=\"3\" width=\"216\">Rozsah<\/td>\n<td rowspan=\"2\" width=\"72\">Jednotka<\/td>\n<td rowspan=\"2\" width=\"254\">Popis<\/td>\n<\/tr>\n<tr>\n<td>Minimum<\/td>\n<td>Typick\u00e9<\/td>\n<td>Maxim\u00e1lne<\/td>\n<\/tr>\n<tr>\n<td>Vstupn\u00e9 nap\u00e4tie<\/td>\n<td>85<\/td>\n<td>220<\/td>\n<td>260<\/td>\n<td>V<\/td>\n<td>AC efekt\u00edvna hodnota<\/td>\n<\/tr>\n<tr>\n<td>Rozsah nastavenia v\u00fdstupn\u00e9ho nap\u00e4tia<\/td>\n<td>0<\/td>\n<td><\/td>\n<td>260<\/td>\n<td>V<\/td>\n<td>Vstupn\u00e9 nap\u00e4tie menej ako 1501 TP3T<\/td>\n<\/tr>\n<tr>\n<td>Presnos\u0165 nastavenia nap\u00e4tia<\/td>\n<td colspan=\"3\">1<\/td>\n<td>V<\/td>\n<td><\/td>\n<\/tr>\n<tr>\n<td>Presnos\u0165 regul\u00e1cie nap\u00e4tia<\/td>\n<td>0<\/td>\n<td><\/td>\n<td>10<\/td>\n<td><\/td>\n<td>Vout\/Vin<\/td>\n<\/tr>\n<tr>\n<td>\u010cas odozvy regul\u00e1cie nap\u00e4tia<\/td>\n<td>0.0025<\/td>\n<td><\/td>\n<td>0.04<\/td>\n<td>s<\/td>\n<td>Jedna desatina cyklu v\u00fdstupn\u00e9ho nap\u00e4tia<\/td>\n<\/tr>\n<tr>\n<td rowspan=\"2\">Rozsah nastavenia v\u00fdstupn\u00e9ho pr\u00fadu<\/td>\n<td rowspan=\"2\">0<\/td>\n<td rowspan=\"2\"><\/td>\n<td rowspan=\"2\">6<\/td>\n<td rowspan=\"2\">A<\/td>\n<td rowspan=\"2\" width=\"254\">SDVC34-XLR<br \/>\nSDVC34-XLRJ<\/td>\n<\/tr>\n<tr>\n<td rowspan=\"2\"><\/td>\n<td rowspan=\"2\"><\/td>\n<td rowspan=\"2\"><\/td>\n<td rowspan=\"2\"><\/td>\n<td rowspan=\"2\"><\/td>\n<td rowspan=\"2\" width=\"254\"><\/td>\n<\/tr>\n<tr>\n<td>V\u00fdstupn\u00e1 frekvencia<\/td>\n<td>25<\/td>\n<td><\/td>\n<td>400<\/td>\n<td>Hz<\/td>\n<td><\/td>\n<\/tr>\n<tr>\n<td>Presnos\u0165 nastavenia frekvencie<\/td>\n<td colspan=\"3\">0.1<\/td>\n<td>Hz<\/td>\n<td><\/td>\n<\/tr>\n<tr>\n<td>V\u00fdstupn\u00fd priebeh<\/td>\n<td colspan=\"3\">s\u00ednus<\/td>\n<td><\/td>\n<td><\/td>\n<\/tr>\n<tr>\n<td>Pomal\u00fd \u010das \u0161tartu<\/td>\n<td>0<\/td>\n<td><\/td>\n<td>10<\/td>\n<td>s<\/td>\n<td>Predvolen\u00e9 v\u00fdrobn\u00e9 nastavenie 0,5<\/td>\n<\/tr>\n<tr>\n<td>\u010casov\u00fd rozsah oneskorenia<\/td>\n<td>0<\/td>\n<td><\/td>\n<td>20<\/td>\n<td>s<\/td>\n<td>Tov\u00e1rensk\u00e9 nastavenie 0.2<\/td>\n<\/tr>\n<tr>\n<td>Presnos\u0165 \u010dasu oneskorenia<\/td>\n<td colspan=\"3\">0.1<\/td>\n<td>s<\/td>\n<td><\/td>\n<\/tr>\n<tr>\n<td>Teplota ochrany proti prehriatiu<\/td>\n<td>60<\/td>\n<td>65<\/td>\n<td>65<\/td>\n<td>\u2103<\/td>\n<td><\/td>\n<\/tr>\n<tr>\n<td>DC riadiace v\u00fdstupn\u00e9 nap\u00e4tie<\/td>\n<td>22<\/td>\n<td>24<\/td>\n<td>26<\/td>\n<td>V<\/td>\n<td><\/td>\n<\/tr>\n<tr>\n<td>V\u00fdstupn\u00fd pr\u00fad riadenia DC<\/td>\n<td>0<\/td>\n<td><\/td>\n<td>200<\/td>\n<td>mA<\/td>\n<td><\/td>\n<\/tr>\n<tr>\n<td>Anal\u00f3gov\u00fd riadiaci model<\/td>\n<td colspan=\"3\">1- 5<\/td>\n<td>V<\/td>\n<td>Nap\u00e4tie dia\u013ekov\u00e9ho ovl\u00e1dania r\u00fdchlosti<\/td>\n<\/tr>\n<tr>\n<td>Digit\u00e1lny riadiaci sign\u00e1l<\/td>\n<td colspan=\"3\">24<\/td>\n<td>V<\/td>\n<td>Ovl\u00e1danie sign\u00e1lu sp\u00edna\u010da<\/td>\n<\/tr>\n<tr>\n<td>Sp\u00f4sob \u00fapravy<\/td>\n<td colspan=\"3\">6<\/td>\n<td>k\u013e\u00fa\u010d<\/td>\n<td><\/td>\n<\/tr>\n<tr>\n<td>Spotreba energie bez za\u0165a\u017eenia<\/td>\n<td><\/td>\n<td>7<\/td>\n<td><\/td>\n<td>W<\/td>\n<td><\/td>\n<\/tr>\n<tr>\n<td>Re\u017eim zobrazenia<\/td>\n<td colspan=\"3\">5<\/td>\n<td>\u010d\u00edslica<\/td>\n<td>LED digit\u00e1lna trubica<\/td>\n<\/tr>\n<tr>\n<td>Teplota mzdov\u00e9ho prostredia<\/td>\n<td>0<\/td>\n<td>25<\/td>\n<td>40<\/td>\n<td>\u2103<\/td>\n<td rowspan=\"2\">\u017diadna kondenz\u00e1cia<\/td>\n<\/tr>\n<tr>\n<td>Vlhkos\u0165 mzdov\u00e9ho prostredia<\/td>\n<td>10<\/td>\n<td>60<\/td>\n<td>85<\/td>\n<td>%<\/td>\n<\/tr>\n<\/tbody>\n<\/table>\n\t<div id=\"gap-1741055972\" class=\"gap-element clearfix\" style=\"display:block; height:auto;\">\n\t\t\n<style>\n#gap-1741055972 {\n  padding-top: 30px;\n}\n<\/style>\n\t<\/div>\n\t\n\t<div class=\"img has-hover x md-x lg-x y md-y lg-y\" id=\"image_2000327702\">\n\t\t\t\t\t\t\t\t<div class=\"img-inner dark\" >\n\t\t\t<img loading=\"lazy\" decoding=\"async\" width=\"814\" height=\"575\" src=\"https:\/\/swoer.com\/wp-content\/uploads\/2024\/07\/DVC34-XLRDimensions.webp\" class=\"attachment-original size-original\" alt=\"Rozmery DVC34-XLR\" srcset=\"https:\/\/swoer.com\/wp-content\/uploads\/2024\/07\/DVC34-XLRDimensions.webp 814w, https:\/\/swoer.com\/wp-content\/uploads\/2024\/07\/DVC34-XLRDimensions-300x212.webp 300w, https:\/\/swoer.com\/wp-content\/uploads\/2024\/07\/DVC34-XLRDimensions-768x543.webp 768w, https:\/\/swoer.com\/wp-content\/uploads\/2024\/07\/DVC34-XLRDimensions-18x12.webp 18w, https:\/\/swoer.com\/wp-content\/uploads\/2024\/07\/DVC34-XLRDimensions-600x424.webp 600w\" sizes=\"(max-width: 814px) 100vw, 814px\" \/>\t\t\t\t\t\t\n\t\t\t\t\t<\/div>\n\t\t\t\t\t\t\t\t\n<style>\n#image_2000327702 {\n  width: 60%;\n}\n<\/style>\n\t<\/div>","protected":false},"excerpt":{"rendered":"<p>Regul\u00e1tor r\u00fdchlosti vibra\u010dn\u00e9ho pod\u00e1va\u010da misy DVC34-XLR je v\u00fdkonn\u00fd a v\u0161estrann\u00fd ovl\u00e1da\u010d, ktor\u00fd mo\u017eno pou\u017ei\u0165 so \u0161irokou \u0161k\u00e1lou vibra\u010dn\u00fdch pod\u00e1va\u010dov misiek. Je nabit\u00fd funkciami, ktor\u00e9 u\u013eah\u010duj\u00fa pou\u017e\u00edvanie a zabezpe\u010duj\u00fa presn\u00e9 ovl\u00e1danie v\u00e1\u0161ho pod\u00e1va\u010da.<\/p>","protected":false},"featured_media":2493,"comment_status":"open","ping_status":"closed","template":"","meta":[],"product_cat":[45],"product_tag":[],"yoast_head":"<!-- This site is optimized with the Yoast SEO plugin v22.2 - https:\/\/yoast.com\/wordpress\/plugins\/seo\/ -->\n<title>Vibratory Bowl Feeder Speed Controller DVC34-XLR - SWOER<\/title>\n<meta name=\"description\" content=\"The DVC34-XLR Speed Controller offers precise control with features like automatic speed stabilization, frequency adjustment, sensor self-adaptation, remote control, and 485 communication for reliable performance.\" \/>\n<meta name=\"robots\" content=\"index, follow, max-snippet:-1, max-image-preview:large, max-video-preview:-1\" \/>\n<link rel=\"canonical\" href=\"https:\/\/swoer.com\/sk\/manufacturer\/vibratory-bowl-feeder-speed-controller-dvc34-xlr\/\" \/>\n<meta property=\"og:locale\" content=\"sk_SK\" \/>\n<meta property=\"og:type\" content=\"article\" \/>\n<meta property=\"og:title\" content=\"Vibratory Bowl Feeder Speed Controller DVC34-XLR - SWOER\" \/>\n<meta property=\"og:description\" content=\"The DVC34-XLR Speed Controller offers precise control with features like automatic speed stabilization, frequency adjustment, sensor self-adaptation, remote control, and 485 communication for reliable performance.\" \/>\n<meta property=\"og:url\" content=\"https:\/\/swoer.com\/sk\/manufacturer\/vibratory-bowl-feeder-speed-controller-dvc34-xlr\/\" \/>\n<meta property=\"og:site_name\" content=\"SWOER\" \/>\n<meta property=\"article:modified_time\" content=\"2024-08-16T06:01:56+00:00\" \/>\n<meta property=\"og:image\" content=\"https:\/\/swoer.com\/wp-content\/uploads\/2024\/07\/Vibratory-Feeder-Controller-SDVC34-XLR.webp\" \/>\n\t<meta property=\"og:image:width\" content=\"1000\" \/>\n\t<meta property=\"og:image:height\" content=\"1000\" \/>\n\t<meta property=\"og:image:type\" content=\"image\/webp\" \/>\n<meta name=\"twitter:card\" content=\"summary_large_image\" \/>\n<meta name=\"twitter:label1\" content=\"Predpokladan\u00fd \u010das \u010d\u00edtania\" \/>\n\t<meta name=\"twitter:data1\" content=\"3 min\u00faty\" \/>\n<script type=\"application\/ld+json\" class=\"yoast-schema-graph\">{\"@context\":\"https:\/\/schema.org\",\"@graph\":[{\"@type\":\"WebPage\",\"@id\":\"https:\/\/swoer.com\/manufacturer\/vibratory-bowl-feeder-speed-controller-dvc34-xlr\/\",\"url\":\"https:\/\/swoer.com\/manufacturer\/vibratory-bowl-feeder-speed-controller-dvc34-xlr\/\",\"name\":\"Vibratory Bowl Feeder Speed Controller DVC34-XLR - SWOER\",\"isPartOf\":{\"@id\":\"https:\/\/swoer.com\/#website\"},\"primaryImageOfPage\":{\"@id\":\"https:\/\/swoer.com\/manufacturer\/vibratory-bowl-feeder-speed-controller-dvc34-xlr\/#primaryimage\"},\"image\":{\"@id\":\"https:\/\/swoer.com\/manufacturer\/vibratory-bowl-feeder-speed-controller-dvc34-xlr\/#primaryimage\"},\"thumbnailUrl\":\"https:\/\/swoer.com\/wp-content\/uploads\/2024\/07\/Vibratory-Feeder-Controller-SDVC34-XLR.webp\",\"datePublished\":\"2024-07-10T02:07:49+00:00\",\"dateModified\":\"2024-08-16T06:01:56+00:00\",\"description\":\"The DVC34-XLR Speed Controller offers precise control with features like automatic speed stabilization, frequency adjustment, sensor self-adaptation, remote control, and 485 communication for reliable performance.\",\"breadcrumb\":{\"@id\":\"https:\/\/swoer.com\/manufacturer\/vibratory-bowl-feeder-speed-controller-dvc34-xlr\/#breadcrumb\"},\"inLanguage\":\"sk-SK\",\"potentialAction\":[{\"@type\":\"ReadAction\",\"target\":[\"https:\/\/swoer.com\/manufacturer\/vibratory-bowl-feeder-speed-controller-dvc34-xlr\/\"]}]},{\"@type\":\"ImageObject\",\"inLanguage\":\"sk-SK\",\"@id\":\"https:\/\/swoer.com\/manufacturer\/vibratory-bowl-feeder-speed-controller-dvc34-xlr\/#primaryimage\",\"url\":\"https:\/\/swoer.com\/wp-content\/uploads\/2024\/07\/Vibratory-Feeder-Controller-SDVC34-XLR.webp\",\"contentUrl\":\"https:\/\/swoer.com\/wp-content\/uploads\/2024\/07\/Vibratory-Feeder-Controller-SDVC34-XLR.webp\",\"width\":1000,\"height\":1000,\"caption\":\"Vibratory Feeder Controller SDVC34-XLR\"},{\"@type\":\"BreadcrumbList\",\"@id\":\"https:\/\/swoer.com\/manufacturer\/vibratory-bowl-feeder-speed-controller-dvc34-xlr\/#breadcrumb\",\"itemListElement\":[{\"@type\":\"ListItem\",\"position\":1,\"name\":\"Home\",\"item\":\"https:\/\/swoer.com\/\"},{\"@type\":\"ListItem\",\"position\":2,\"name\":\"Shop\",\"item\":\"https:\/\/swoer.com\/shop\/\"},{\"@type\":\"ListItem\",\"position\":3,\"name\":\"Vibratory Bowl Feeder Speed Controller DVC34-XLR\"}]},{\"@type\":\"WebSite\",\"@id\":\"https:\/\/swoer.com\/#website\",\"url\":\"https:\/\/swoer.com\/\",\"name\":\"SWOER\",\"description\":\"Swoer is the top 3 vibratory bowl feeder manufacturer in China\",\"potentialAction\":[{\"@type\":\"SearchAction\",\"target\":{\"@type\":\"EntryPoint\",\"urlTemplate\":\"https:\/\/swoer.com\/?s={search_term_string}\"},\"query-input\":\"required name=search_term_string\"}],\"inLanguage\":\"sk-SK\"}]}<\/script>\n<!-- \/ Yoast SEO plugin. -->","yoast_head_json":{"title":"Vibratory Bowl Feeder Speed Controller DVC34-XLR - SWOER","description":"The DVC34-XLR Speed Controller offers precise control with features like automatic speed stabilization, frequency adjustment, sensor self-adaptation, remote control, and 485 communication for reliable performance.","robots":{"index":"index","follow":"follow","max-snippet":"max-snippet:-1","max-image-preview":"max-image-preview:large","max-video-preview":"max-video-preview:-1"},"canonical":"https:\/\/swoer.com\/sk\/manufacturer\/vibratory-bowl-feeder-speed-controller-dvc34-xlr\/","og_locale":"sk_SK","og_type":"article","og_title":"Vibratory Bowl Feeder Speed Controller DVC34-XLR - SWOER","og_description":"The DVC34-XLR Speed Controller offers precise control with features like automatic speed stabilization, frequency adjustment, sensor self-adaptation, remote control, and 485 communication for reliable performance.","og_url":"https:\/\/swoer.com\/sk\/manufacturer\/vibratory-bowl-feeder-speed-controller-dvc34-xlr\/","og_site_name":"SWOER","article_modified_time":"2024-08-16T06:01:56+00:00","og_image":[{"width":1000,"height":1000,"url":"https:\/\/swoer.com\/wp-content\/uploads\/2024\/07\/Vibratory-Feeder-Controller-SDVC34-XLR.webp","type":"image\/webp"}],"twitter_card":"summary_large_image","twitter_misc":{"Predpokladan\u00fd \u010das \u010d\u00edtania":"3 min\u00faty"},"schema":{"@context":"https:\/\/schema.org","@graph":[{"@type":"WebPage","@id":"https:\/\/swoer.com\/manufacturer\/vibratory-bowl-feeder-speed-controller-dvc34-xlr\/","url":"https:\/\/swoer.com\/manufacturer\/vibratory-bowl-feeder-speed-controller-dvc34-xlr\/","name":"Vibratory Bowl Feeder Speed Controller DVC34-XLR - SWOER","isPartOf":{"@id":"https:\/\/swoer.com\/#website"},"primaryImageOfPage":{"@id":"https:\/\/swoer.com\/manufacturer\/vibratory-bowl-feeder-speed-controller-dvc34-xlr\/#primaryimage"},"image":{"@id":"https:\/\/swoer.com\/manufacturer\/vibratory-bowl-feeder-speed-controller-dvc34-xlr\/#primaryimage"},"thumbnailUrl":"https:\/\/swoer.com\/wp-content\/uploads\/2024\/07\/Vibratory-Feeder-Controller-SDVC34-XLR.webp","datePublished":"2024-07-10T02:07:49+00:00","dateModified":"2024-08-16T06:01:56+00:00","description":"The DVC34-XLR Speed Controller offers precise control with features like automatic speed stabilization, frequency adjustment, sensor self-adaptation, remote control, and 485 communication for reliable performance.","breadcrumb":{"@id":"https:\/\/swoer.com\/manufacturer\/vibratory-bowl-feeder-speed-controller-dvc34-xlr\/#breadcrumb"},"inLanguage":"sk-SK","potentialAction":[{"@type":"ReadAction","target":["https:\/\/swoer.com\/manufacturer\/vibratory-bowl-feeder-speed-controller-dvc34-xlr\/"]}]},{"@type":"ImageObject","inLanguage":"sk-SK","@id":"https:\/\/swoer.com\/manufacturer\/vibratory-bowl-feeder-speed-controller-dvc34-xlr\/#primaryimage","url":"https:\/\/swoer.com\/wp-content\/uploads\/2024\/07\/Vibratory-Feeder-Controller-SDVC34-XLR.webp","contentUrl":"https:\/\/swoer.com\/wp-content\/uploads\/2024\/07\/Vibratory-Feeder-Controller-SDVC34-XLR.webp","width":1000,"height":1000,"caption":"Vibratory Feeder Controller SDVC34-XLR"},{"@type":"BreadcrumbList","@id":"https:\/\/swoer.com\/manufacturer\/vibratory-bowl-feeder-speed-controller-dvc34-xlr\/#breadcrumb","itemListElement":[{"@type":"ListItem","position":1,"name":"Home","item":"https:\/\/swoer.com\/"},{"@type":"ListItem","position":2,"name":"Shop","item":"https:\/\/swoer.com\/shop\/"},{"@type":"ListItem","position":3,"name":"Vibratory Bowl Feeder Speed Controller DVC34-XLR"}]},{"@type":"WebSite","@id":"https:\/\/swoer.com\/#website","url":"https:\/\/swoer.com\/","name":"SWOER","description":"Swoer is the top 3 vibratory bowl feeder manufacturer in China","potentialAction":[{"@type":"SearchAction","target":{"@type":"EntryPoint","urlTemplate":"https:\/\/swoer.com\/?s={search_term_string}"},"query-input":"required name=search_term_string"}],"inLanguage":"sk-SK"}]}},"_links":{"self":[{"href":"https:\/\/swoer.com\/sk\/wp-json\/wp\/v2\/product\/2326"}],"collection":[{"href":"https:\/\/swoer.com\/sk\/wp-json\/wp\/v2\/product"}],"about":[{"href":"https:\/\/swoer.com\/sk\/wp-json\/wp\/v2\/types\/product"}],"replies":[{"embeddable":true,"href":"https:\/\/swoer.com\/sk\/wp-json\/wp\/v2\/comments?post=2326"}],"wp:featuredmedia":[{"embeddable":true,"href":"https:\/\/swoer.com\/sk\/wp-json\/wp\/v2\/media\/2493"}],"wp:attachment":[{"href":"https:\/\/swoer.com\/sk\/wp-json\/wp\/v2\/media?parent=2326"}],"wp:term":[{"taxonomy":"product_cat","embeddable":true,"href":"https:\/\/swoer.com\/sk\/wp-json\/wp\/v2\/product_cat?post=2326"},{"taxonomy":"product_tag","embeddable":true,"href":"https:\/\/swoer.com\/sk\/wp-json\/wp\/v2\/product_tag?post=2326"}],"curies":[{"name":"wp","href":"https:\/\/api.w.org\/{rel}","templated":true}]}}