{"id":2302,"date":"2024-07-09T02:48:58","date_gmt":"2024-07-09T02:48:58","guid":{"rendered":"https:\/\/swoer.com\/?post_type=product&#038;p=2302"},"modified":"2024-08-16T14:09:17","modified_gmt":"2024-08-16T06:09:17","slug":"vibratory-feeder-controller-sdvc34-ur","status":"publish","type":"product","link":"https:\/\/swoer.com\/sk\/manufacturer\/vibratory-feeder-controller-sdvc34-ur\/","title":{"rendered":"Vibra\u010dn\u00fd regul\u00e1tor pod\u00e1va\u010da SDVC34-UR"},"content":{"rendered":"<h2><strong><b>V\u00fdhody<\/b><\/strong><\/h2>\n<ul>\n<li>Automatick\u00e1 stabiliz\u00e1cia r\u00fdchlosti<\/li>\n<li>Automatick\u00e9 nastavenie frekvencie<\/li>\n<li>Automatick\u00e9 vyh\u013ead\u00e1vanie frekvencie<\/li>\n<li>Synchr\u00f3nny v\u00fdstup<\/li>\n<li>Prednastaven\u00e1 r\u00fdchlos\u0165<\/li>\n<li>Nastavite\u013en\u00fd pomal\u00fd \u0161tart<\/li>\n<li>Vysoko presn\u00e1 automatick\u00e1 stabiliz\u00e1cia nap\u00e4tia<\/li>\n<li>Digit\u00e1lna ochrana proti prehriatiu<\/li>\n<li>Samoprisp\u00f4sobenie sn\u00edma\u010da<\/li>\n<li>Dia\u013ekov\u00e9 ovl\u00e1danie r\u00fdchlosti<\/li>\n<li>DC riadiaci v\u00fdstup<\/li>\n<li>Nastavenie maxim\u00e1lneho v\u00fdstupn\u00e9ho nap\u00e4tia<\/li>\n<li>Vypnutie sn\u00edma\u010da pln\u00e9ho\/pr\u00e1zdneho dvojit\u00e9ho sp\u00edna\u010da<\/li>\n<li>Funkcia po\u010d\u00edtania<\/li>\n<li>485 komunik\u00e1cia<\/li>\n<\/ul>\n\t<div id=\"gap-2123772786\" class=\"gap-element clearfix\" style=\"display:block; height:auto;\">\n\t\t\n<style>\n#gap-2123772786 {\n  padding-top: 30px;\n}\n<\/style>\n\t<\/div>\n\t\n<h2><strong>Funkcie produktu<\/strong><\/h2>\n<h3 data-sourcepos=\"5:1-5:149\"><\/h3>\n<ol data-sourcepos=\"7:1-7:119\">\n<li data-sourcepos=\"7:1-7:119\">\n<p data-sourcepos=\"7:4-7:165\"><strong>Automatick\u00e1 frekven\u010dn\u00e1 modul\u00e1cia:<\/strong> Regul\u00e1tor automaticky upravuje v\u00fdstupn\u00fa frekvenciu v re\u00e1lnom \u010dase, \u010d\u00edm zabezpe\u010duje, \u017ee pod\u00e1va\u010d pracuje na optim\u00e1lnej frekvencii.<\/p>\n<\/li>\n<li data-sourcepos=\"9:1-9:140\">\n<p data-sourcepos=\"9:4-9:140\"><strong>Automatick\u00e1 stabiliz\u00e1cia r\u00fdchlosti:<\/strong> Regul\u00e1tor automaticky upravuje nap\u00e4tie v re\u00e1lnom \u010dase. Zabezpe\u010duje tak st\u00e1lu r\u00fdchlos\u0165 pod\u00e1vania bez oh\u013eadu na zmeny obrobku.<\/p>\n<\/li>\n<li data-sourcepos=\"11:1-11:137\">\n<p data-sourcepos=\"11:4-11:137\"><strong>Bezchybn\u00e9 automatick\u00e9 vyh\u013ead\u00e1vanie frekvencie:<\/strong> T\u00e1to funkcia r\u00fdchlo ur\u010d\u00ed optim\u00e1lnu pracovn\u00fa frekvenciu a \u010fal\u0161ie s\u00favisiace parametre, \u010d\u00edm zjednodu\u0161\u00ed obsluhu pou\u017e\u00edvate\u013ea.<\/p>\n<\/li>\n<li data-sourcepos=\"13:1-14:0\">\n<p data-sourcepos=\"13:4-13:227\"><strong>Automatick\u00e1 stabiliz\u00e1cia nap\u00e4tia:<\/strong> Aj bez aktivovanej automatickej stabiliz\u00e1cie ot\u00e1\u010dok regul\u00e1tor eliminuje zmeny r\u00fdchlosti pod\u00e1vania sp\u00f4soben\u00e9 kol\u00edsan\u00edm nap\u00e1jania a efektmi priemyselnej frekvencie striedav\u00e9ho pr\u00fadu.<\/p>\n<\/li>\n<li data-sourcepos=\"15:1-16:0\">\n<p data-sourcepos=\"15:4-15:163\"><strong>Synchr\u00f3nny v\u00fdstup:<\/strong> T\u00e1to funkcia synchr\u00f3nne uzamkne v\u00fdstupy viacer\u00fdch ovl\u00e1da\u010dov na rovnakej frekvencii a f\u00e1ze, \u010d\u00edm sa zabr\u00e1ni probl\u00e9mom s frekvenciou \u00faderov.<\/p>\n<\/li>\n<li data-sourcepos=\"17:1-18:0\">\n<p data-sourcepos=\"17:4-17:254\"><strong>Vypnutie pln\u00e9ho\/pr\u00e1zdneho materi\u00e1lu:<\/strong> Riadiaca jednotka poskytuje vstupn\u00e9 rozhranie pre sign\u00e1l sn\u00edma\u010da sp\u00edna\u010da pre riadenie vypnutia pln\u00e9ho\/pr\u00e1zdneho materi\u00e1lu s nastavite\u013en\u00fdm \u010dasom pomal\u00e9ho \u0161tartu, oneskoren\u00edm otvorenia, oneskoren\u00edm zatvorenia, nastaven\u00edm logick\u00e9ho smeru a \u010fal\u0161\u00edmi riadiacimi funkciami.<\/p>\n<\/li>\n<li data-sourcepos=\"19:1-19:77\">\n<p data-sourcepos=\"19:4-19:77\"><strong>Prisp\u00f4sobenie sn\u00edma\u010da:<\/strong> Okrem toho sa ovl\u00e1da\u010d bez n\u00e1mahy prisp\u00f4sob\u00ed sn\u00edma\u010dom NPN aj PNP, \u010d\u00edm zais\u0165uje bezprobl\u00e9mov\u00fa kompatibilitu a spo\u013eahlivos\u0165.<\/p>\n<\/li>\n<li data-sourcepos=\"21:1-22:0\">\n<p data-sourcepos=\"21:4-21:191\"><strong>Pomal\u00fd \u0161tart:<\/strong> Po spusten\u00ed regul\u00e1tor postupne zvy\u0161uje v\u00fdstupn\u00e9 nap\u00e4tie\/r\u00fdchlos\u0165 pod\u00e1vania z 0 na prednastaven\u00fa hodnotu, \u010d\u00edm eliminuje po\u0161kodenie vibra\u010dn\u00e9ho zariadenia otrasom pri \u0161tarte.<\/p>\n<\/li>\n<li data-sourcepos=\"23:1-24:0\">\n<p data-sourcepos=\"23:4-23:111\"><strong>Prednastaven\u00e1 r\u00fdchlos\u0165:<\/strong> Pou\u017e\u00edvatelia m\u00f4\u017eu priamo zvoli\u0165 a\u017e 4 prednastaven\u00e9 v\u00fdstupn\u00e9 nap\u00e4tia prostredn\u00edctvom extern\u00fdch riadiacich sign\u00e1lov.<\/p>\n<\/li>\n<li data-sourcepos=\"25:1-26:0\">\n<p data-sourcepos=\"25:5-25:111\"><strong>Funkcia zr\u00fdchlenia:<\/strong> T\u00e1to funkcia zvy\u0161uje maxim\u00e1lne v\u00fdstupn\u00e9 nap\u00e4tie na 150% vstupn\u00e9ho nap\u00e4tia.<\/p>\n<\/li>\n<li data-sourcepos=\"27:1-28:0\">\n<p data-sourcepos=\"27:5-27:188\"><strong>Nastavenie maxim\u00e1lneho v\u00fdstupn\u00e9ho nap\u00e4tia:<\/strong> Toto nastavenie umo\u017e\u0148uje pou\u017e\u00edvate\u013eom definova\u0165 maxim\u00e1lne nastavite\u013en\u00e9 nap\u00e4tie, \u010d\u00edm sa zabr\u00e1ni n\u00e1hodn\u00e9mu po\u0161kodeniu vibra\u010dn\u00e9ho zariadenia prekro\u010den\u00edm limitov nap\u00e4tia.<\/p>\n<\/li>\n<li data-sourcepos=\"29:1-30:0\">\n<p data-sourcepos=\"29:5-29:107\"><strong>Index priebehu:<\/strong> Pou\u017e\u00edvatelia m\u00f4\u017eu upravi\u0165 tento parameter, aby vyv\u00e1\u017eili \u00fa\u010dinnos\u0165 regul\u00e1tora a maxim\u00e1lny v\u00fdkon.<\/p>\n<\/li>\n<li data-sourcepos=\"31:1-32:0\">\n<p data-sourcepos=\"31:5-31:188\"><strong>Dia\u013ekov\u00e9 ovl\u00e1danie r\u00fdchlosti:<\/strong> Regul\u00e1tor umo\u017e\u0148uje priame ovl\u00e1danie v\u00fdstupn\u00e9ho nap\u00e4tia alebo r\u00fdchlosti pod\u00e1vania pomocou extern\u00e9ho potenciometra, PLC, nap\u00e4\u0165ov\u00e9ho sign\u00e1lu 1~5V alebo nap\u00e1jacieho sign\u00e1lu 4~20mA.<\/p>\n<\/li>\n<li data-sourcepos=\"33:1-34:0\">\n<p data-sourcepos=\"33:5-33:185\"><strong>24V DC riadiaci v\u00fdstup:<\/strong> Regul\u00e1tor poskytuje riadiaci sign\u00e1l cez tranzistor na priame ovl\u00e1danie extern\u00fdch zariaden\u00ed, ako s\u00fa solenoidov\u00e9 ventily, v koordin\u00e1cii s regul\u00e1torom.<\/p>\n<\/li>\n<li data-sourcepos=\"35:1-35:12\">\n<p data-sourcepos=\"35:5-35:12\"><strong>V\u00fdstupn\u00fd sp\u00edna\u010d:<\/strong> Dotykov\u00e9 tla\u010didlo na paneli umo\u017e\u0148uje pou\u017e\u00edvate\u013eom okam\u017eite spusti\u0165\/zastavi\u0165 stroj, \u010do u\u013eah\u010duje ladenie zariadenia.<\/p>\n<\/li>\n<li data-sourcepos=\"37:1-38:0\">\n<p data-sourcepos=\"37:5-37:115\"><strong>Z\u00e1mok kl\u00e1vesnice:<\/strong> Pou\u017e\u00edvatelia m\u00f4\u017eu dlh\u00fdm stla\u010den\u00edm tla\u010didla zapnutia\/vypnutia uzamkn\u00fa\u0165 v\u0161etky tla\u010didl\u00e1, \u010d\u00edm zabr\u00e1nia n\u00e1hodn\u00e9mu spusteniu.<\/p>\n<\/li>\n<li data-sourcepos=\"39:1-40:0\">\n<p data-sourcepos=\"39:5-39:154\"><strong>Heslo parametra:<\/strong> Pou\u017e\u00edvatelia m\u00f4\u017eu nastavi\u0165 heslo na uzamknutie \u0161pecifick\u00fdch parametrov, s v\u00fdnimkou v\u00fdstupn\u00e9ho nap\u00e4tia\/r\u00fdchlosti pod\u00e1vania, aby sa zabr\u00e1nilo neopr\u00e1vnen\u00fdm zmen\u00e1m.<\/p>\n<\/li>\n<li data-sourcepos=\"41:1-42:0\">\n<p data-sourcepos=\"41:5-41:183\"><strong>Obnovi\u0165 v\u00fdrobn\u00e9 nastavenia:<\/strong> T\u00e1to funkcia umo\u017e\u0148uje pou\u017e\u00edvate\u013eom r\u00fdchlo obnovi\u0165 v\u0161etky nastaven\u00e9 parametre na predvolen\u00e9 v\u00fdrobn\u00e9 nastavenia, \u010d\u00edm sa regul\u00e1tor vr\u00e1ti do p\u00f4vodn\u00e9ho pracovn\u00e9ho stavu.<\/p>\n<\/li>\n<li data-sourcepos=\"43:1-43:108\">\n<p data-sourcepos=\"43:5-43:108\"><strong>Komunik\u00e1cia 485:<\/strong> R\u00f4zne parametre ovl\u00e1da\u010da je mo\u017en\u00e9 nastavi\u0165 na dia\u013eku prostredn\u00edctvom komunik\u00e1cie 485.<\/p>\n<\/li>\n<\/ol>\n\t<div id=\"gap-1397969931\" class=\"gap-element clearfix\" style=\"display:block; height:auto;\">\n\t\t\n<style>\n#gap-1397969931 {\n  padding-top: 30px;\n}\n<\/style>\n\t<\/div>\n\t\n<h2>Technick\u00e1 \u0161pecifik\u00e1cia<\/h2>\n<table width=\"767\">\n<tbody>\n<tr>\n<td rowspan=\"2\" width=\"225\">Polo\u017eka<\/td>\n<td colspan=\"3\" width=\"216\">Rozsah<\/td>\n<td rowspan=\"2\" width=\"72\">Jednotka<\/td>\n<td rowspan=\"2\" width=\"254\">Popis<\/td>\n<\/tr>\n<tr>\n<td>Minimum<\/td>\n<td>Typick\u00e9<\/td>\n<td>Maxim\u00e1lne<\/td>\n<\/tr>\n<tr>\n<td>Vstupn\u00e9 nap\u00e4tie<\/td>\n<td>85<\/td>\n<td>220<\/td>\n<td>260<\/td>\n<td>V<\/td>\n<td>AC efekt\u00edvna hodnota<\/td>\n<\/tr>\n<tr>\n<td>Rozsah nastavenia v\u00fdstupn\u00e9ho nap\u00e4tia<\/td>\n<td>0<\/td>\n<td><\/td>\n<td>260<\/td>\n<td>V<\/td>\n<td>Vstupn\u00e9 nap\u00e4tie menej ako 1501 TP3T<\/td>\n<\/tr>\n<tr>\n<td>Presnos\u0165 nastavenia nap\u00e4tia<\/td>\n<td colspan=\"3\">1<\/td>\n<td>V<\/td>\n<td><\/td>\n<\/tr>\n<tr>\n<td>Presnos\u0165 regul\u00e1cie nap\u00e4tia<\/td>\n<td>0<\/td>\n<td><\/td>\n<td>10<\/td>\n<td><\/td>\n<td>Vout\/Vin<\/td>\n<\/tr>\n<tr>\n<td>\u010cas odozvy regul\u00e1cie nap\u00e4tia<\/td>\n<td>0.0025<\/td>\n<td><\/td>\n<td>0.04<\/td>\n<td>s<\/td>\n<td>Jedna desatina cyklu v\u00fdstupn\u00e9ho nap\u00e4tia<\/td>\n<\/tr>\n<tr>\n<td rowspan=\"2\">Rozsah nastavenia v\u00fdstupn\u00e9ho pr\u00fadu<\/td>\n<td rowspan=\"2\">0<\/td>\n<td rowspan=\"2\"><\/td>\n<td rowspan=\"2\">10<\/td>\n<td rowspan=\"2\">A<\/td>\n<td rowspan=\"2\"><\/td>\n<\/tr>\n<tr>\n<td rowspan=\"2\"><\/td>\n<td rowspan=\"2\"><\/td>\n<td rowspan=\"2\"><\/td>\n<td rowspan=\"2\"><\/td>\n<td rowspan=\"2\"><\/td>\n<td rowspan=\"2\"><\/td>\n<\/tr>\n<tr>\n<td>V\u00fdstupn\u00e1 frekvencia<\/td>\n<td>25<\/td>\n<td><\/td>\n<td>400<\/td>\n<td>Hz<\/td>\n<td><\/td>\n<\/tr>\n<tr>\n<td>Presnos\u0165 nastavenia frekvencie<\/td>\n<td colspan=\"3\">0.1<\/td>\n<td>Hz<\/td>\n<td><\/td>\n<\/tr>\n<tr>\n<td>V\u00fdstupn\u00fd priebeh<\/td>\n<td colspan=\"3\">s\u00ednus<\/td>\n<td><\/td>\n<td><\/td>\n<\/tr>\n<tr>\n<td>Pomal\u00fd \u010das \u0161tartu<\/td>\n<td>0<\/td>\n<td><\/td>\n<td>10<\/td>\n<td>s<\/td>\n<td>Predvolen\u00e9 v\u00fdrobn\u00e9 nastavenie 0,5<\/td>\n<\/tr>\n<tr>\n<td>\u010casov\u00fd rozsah oneskorenia<\/td>\n<td>0<\/td>\n<td><\/td>\n<td>20<\/td>\n<td>s<\/td>\n<td>Tov\u00e1rensk\u00e9 nastavenie 0.2<\/td>\n<\/tr>\n<tr>\n<td>Presnos\u0165 \u010dasu oneskorenia<\/td>\n<td colspan=\"3\">0.1<\/td>\n<td>s<\/td>\n<td><\/td>\n<\/tr>\n<tr>\n<td>Teplota ochrany proti prehriatiu<\/td>\n<td>60<\/td>\n<td>65<\/td>\n<td>65<\/td>\n<td>\u2103<\/td>\n<td><\/td>\n<\/tr>\n<tr>\n<td>Anal\u00f3gov\u00fd riadiaci model<\/td>\n<td colspan=\"3\">Komunik\u00e1cia ModBus485<\/td>\n<td>V<\/td>\n<td>Nap\u00e4tie dia\u013ekov\u00e9ho ovl\u00e1dania r\u00fdchlosti<\/td>\n<\/tr>\n<tr>\n<td>Digit\u00e1lny riadiaci sign\u00e1l<\/td>\n<td colspan=\"3\">24<\/td>\n<td>V<\/td>\n<td>Ovl\u00e1danie sign\u00e1lu sp\u00edna\u010da<\/td>\n<\/tr>\n<tr>\n<td>Sp\u00f4sob \u00fapravy<\/td>\n<td colspan=\"3\">6<\/td>\n<td>k\u013e\u00fa\u010d<\/td>\n<td><\/td>\n<\/tr>\n<tr>\n<td>Spotreba energie bez za\u0165a\u017eenia<\/td>\n<td><\/td>\n<td>3<\/td>\n<td><\/td>\n<td>W<\/td>\n<td><\/td>\n<\/tr>\n<tr>\n<td>Re\u017eim zobrazenia<\/td>\n<td colspan=\"3\">5<\/td>\n<td>\u010d\u00edslica<\/td>\n<td>LED digit\u00e1lna trubica<\/td>\n<\/tr>\n<tr>\n<td>Teplota mzdov\u00e9ho prostredia<\/td>\n<td>0<\/td>\n<td>25<\/td>\n<td>40<\/td>\n<td>\u2103<\/td>\n<td rowspan=\"2\">\u017diadna kondenz\u00e1cia<\/td>\n<\/tr>\n<tr>\n<td>Vlhkos\u0165 mzdov\u00e9ho prostredia<\/td>\n<td>10<\/td>\n<td>60<\/td>\n<td>85<\/td>\n<td>%<\/td>\n<\/tr>\n<\/tbody>\n<\/table>\n\t<div id=\"gap-96930886\" class=\"gap-element clearfix\" style=\"display:block; height:auto;\">\n\t\t\n<style>\n#gap-96930886 {\n  padding-top: 30px;\n}\n<\/style>\n\t<\/div>\n\t\n<h2><strong><b>Rozmery a <\/b><\/strong><strong><b>W<\/b><\/strong><strong><b>osem:<\/b><\/strong><\/h2>\n<ul>\n<li><strong>Rozmery:<\/strong> D\u013a\u017eka 190 mm x \u0161\u00edrka 242 mm x v\u00fd\u0161ka 94,5 mm<\/li>\n<li><strong>Hmotnos\u0165:<\/strong> 2670 g (bez pr\u00edslu\u0161enstva)<\/li>\n<\/ul>\n\t<div class=\"img has-hover x md-x lg-x y md-y lg-y\" id=\"image_1321982679\">\n\t\t\t\t\t\t\t\t<div class=\"img-inner dark\" >\n\t\t\t<img loading=\"lazy\" decoding=\"async\" width=\"818\" height=\"559\" src=\"https:\/\/swoer.com\/wp-content\/uploads\/2024\/07\/Dimensions.webp\" class=\"attachment-original size-original\" alt=\"Rozmery\" srcset=\"https:\/\/swoer.com\/wp-content\/uploads\/2024\/07\/Dimensions.webp 818w, https:\/\/swoer.com\/wp-content\/uploads\/2024\/07\/Dimensions-300x205.webp 300w, https:\/\/swoer.com\/wp-content\/uploads\/2024\/07\/Dimensions-768x525.webp 768w, https:\/\/swoer.com\/wp-content\/uploads\/2024\/07\/Dimensions-18x12.webp 18w, https:\/\/swoer.com\/wp-content\/uploads\/2024\/07\/Dimensions-600x410.webp 600w\" sizes=\"(max-width: 818px) 100vw, 818px\" \/>\t\t\t\t\t\t\n\t\t\t\t\t<\/div>\n\t\t\t\t\t\t\t\t\n<style>\n#image_1321982679 {\n  width: 67%;\n}\n<\/style>\n\t<\/div>","protected":false},"excerpt":{"rendered":"<p>Tento pokro\u010dil\u00fd ovl\u00e1da\u010d sa m\u00f4\u017ee pochv\u00e1li\u0165 automatickou regul\u00e1ciou r\u00fdchlosti\/frekvencie, synchr\u00f3nnym v\u00fdstupom, prednastaven\u00edm r\u00fdchlosti, pomal\u00fdm \u0161tartom, stabiliz\u00e1ciou nap\u00e4tia, ochranou proti prehriatiu, samoprisp\u00f4soben\u00edm sn\u00edma\u010da, dia\u013ekov\u00fdm ovl\u00e1dan\u00edm, v\u00fdstupom DC, nastaven\u00edm nap\u00e4tia, \u00fapln\u00fdm\/pr\u00e1zdnym vypnut\u00edm, po\u010d\u00edtan\u00edm a komunik\u00e1ciou 485.<\/p>","protected":false},"featured_media":2497,"comment_status":"open","ping_status":"closed","template":"","meta":[],"product_cat":[45],"product_tag":[],"yoast_head":"<!-- This site is optimized with the Yoast SEO plugin v22.2 - https:\/\/yoast.com\/wordpress\/plugins\/seo\/ -->\n<title>Vibratory Feeder Controller SDVC34-UR - SWOER<\/title>\n<meta name=\"description\" content=\"Optimize your material flow with the Vibratory Feeder Controller SDVC34-UR. Precise control, easy setup, and enhanced efficiency for industrial applications. Order now\uff01\" \/>\n<meta name=\"robots\" content=\"index, follow, max-snippet:-1, max-image-preview:large, max-video-preview:-1\" \/>\n<link rel=\"canonical\" href=\"https:\/\/swoer.com\/sk\/manufacturer\/vibratory-feeder-controller-sdvc34-ur\/\" \/>\n<meta property=\"og:locale\" content=\"sk_SK\" \/>\n<meta property=\"og:type\" content=\"article\" \/>\n<meta property=\"og:title\" content=\"Vibratory Feeder Controller SDVC34-UR - SWOER\" \/>\n<meta property=\"og:description\" content=\"Optimize your material flow with the Vibratory Feeder Controller SDVC34-UR. Precise control, easy setup, and enhanced efficiency for industrial applications. Order now\uff01\" \/>\n<meta property=\"og:url\" content=\"https:\/\/swoer.com\/sk\/manufacturer\/vibratory-feeder-controller-sdvc34-ur\/\" \/>\n<meta property=\"og:site_name\" content=\"SWOER\" \/>\n<meta property=\"article:modified_time\" content=\"2024-08-16T06:09:17+00:00\" \/>\n<meta property=\"og:image\" content=\"https:\/\/swoer.com\/wp-content\/uploads\/2024\/07\/Vibratory-Bowl-Feeder-Controller-SDVC34-UR.webp\" \/>\n\t<meta property=\"og:image:width\" content=\"1000\" \/>\n\t<meta property=\"og:image:height\" content=\"1000\" \/>\n\t<meta property=\"og:image:type\" content=\"image\/webp\" \/>\n<meta name=\"twitter:card\" content=\"summary_large_image\" \/>\n<meta name=\"twitter:label1\" content=\"Predpokladan\u00fd \u010das \u010d\u00edtania\" \/>\n\t<meta name=\"twitter:data1\" content=\"3 min\u00faty\" \/>\n<script type=\"application\/ld+json\" class=\"yoast-schema-graph\">{\"@context\":\"https:\/\/schema.org\",\"@graph\":[{\"@type\":\"WebPage\",\"@id\":\"https:\/\/swoer.com\/manufacturer\/vibratory-feeder-controller-sdvc34-ur\/\",\"url\":\"https:\/\/swoer.com\/manufacturer\/vibratory-feeder-controller-sdvc34-ur\/\",\"name\":\"Vibratory Feeder Controller SDVC34-UR - SWOER\",\"isPartOf\":{\"@id\":\"https:\/\/swoer.com\/#website\"},\"primaryImageOfPage\":{\"@id\":\"https:\/\/swoer.com\/manufacturer\/vibratory-feeder-controller-sdvc34-ur\/#primaryimage\"},\"image\":{\"@id\":\"https:\/\/swoer.com\/manufacturer\/vibratory-feeder-controller-sdvc34-ur\/#primaryimage\"},\"thumbnailUrl\":\"https:\/\/swoer.com\/wp-content\/uploads\/2024\/07\/Vibratory-Bowl-Feeder-Controller-SDVC34-UR.webp\",\"datePublished\":\"2024-07-09T02:48:58+00:00\",\"dateModified\":\"2024-08-16T06:09:17+00:00\",\"description\":\"Optimize your material flow with the Vibratory Feeder Controller SDVC34-UR. Precise control, easy setup, and enhanced efficiency for industrial applications. Order now\uff01\",\"breadcrumb\":{\"@id\":\"https:\/\/swoer.com\/manufacturer\/vibratory-feeder-controller-sdvc34-ur\/#breadcrumb\"},\"inLanguage\":\"sk-SK\",\"potentialAction\":[{\"@type\":\"ReadAction\",\"target\":[\"https:\/\/swoer.com\/manufacturer\/vibratory-feeder-controller-sdvc34-ur\/\"]}]},{\"@type\":\"ImageObject\",\"inLanguage\":\"sk-SK\",\"@id\":\"https:\/\/swoer.com\/manufacturer\/vibratory-feeder-controller-sdvc34-ur\/#primaryimage\",\"url\":\"https:\/\/swoer.com\/wp-content\/uploads\/2024\/07\/Vibratory-Bowl-Feeder-Controller-SDVC34-UR.webp\",\"contentUrl\":\"https:\/\/swoer.com\/wp-content\/uploads\/2024\/07\/Vibratory-Bowl-Feeder-Controller-SDVC34-UR.webp\",\"width\":1000,\"height\":1000,\"caption\":\"Vibratory Bowl Feeder Controller SDVC34-UR\"},{\"@type\":\"BreadcrumbList\",\"@id\":\"https:\/\/swoer.com\/manufacturer\/vibratory-feeder-controller-sdvc34-ur\/#breadcrumb\",\"itemListElement\":[{\"@type\":\"ListItem\",\"position\":1,\"name\":\"Home\",\"item\":\"https:\/\/swoer.com\/\"},{\"@type\":\"ListItem\",\"position\":2,\"name\":\"Shop\",\"item\":\"https:\/\/swoer.com\/shop\/\"},{\"@type\":\"ListItem\",\"position\":3,\"name\":\"Vibratory Feeder Controller SDVC34-UR\"}]},{\"@type\":\"WebSite\",\"@id\":\"https:\/\/swoer.com\/#website\",\"url\":\"https:\/\/swoer.com\/\",\"name\":\"SWOER\",\"description\":\"Swoer is the top 3 vibratory bowl feeder manufacturer in China\",\"potentialAction\":[{\"@type\":\"SearchAction\",\"target\":{\"@type\":\"EntryPoint\",\"urlTemplate\":\"https:\/\/swoer.com\/?s={search_term_string}\"},\"query-input\":\"required name=search_term_string\"}],\"inLanguage\":\"sk-SK\"}]}<\/script>\n<!-- \/ Yoast SEO plugin. -->","yoast_head_json":{"title":"Vibratory Feeder Controller SDVC34-UR - SWOER","description":"Optimize your material flow with the Vibratory Feeder Controller SDVC34-UR. Precise control, easy setup, and enhanced efficiency for industrial applications. Order now\uff01","robots":{"index":"index","follow":"follow","max-snippet":"max-snippet:-1","max-image-preview":"max-image-preview:large","max-video-preview":"max-video-preview:-1"},"canonical":"https:\/\/swoer.com\/sk\/manufacturer\/vibratory-feeder-controller-sdvc34-ur\/","og_locale":"sk_SK","og_type":"article","og_title":"Vibratory Feeder Controller SDVC34-UR - SWOER","og_description":"Optimize your material flow with the Vibratory Feeder Controller SDVC34-UR. Precise control, easy setup, and enhanced efficiency for industrial applications. Order now\uff01","og_url":"https:\/\/swoer.com\/sk\/manufacturer\/vibratory-feeder-controller-sdvc34-ur\/","og_site_name":"SWOER","article_modified_time":"2024-08-16T06:09:17+00:00","og_image":[{"width":1000,"height":1000,"url":"https:\/\/swoer.com\/wp-content\/uploads\/2024\/07\/Vibratory-Bowl-Feeder-Controller-SDVC34-UR.webp","type":"image\/webp"}],"twitter_card":"summary_large_image","twitter_misc":{"Predpokladan\u00fd \u010das \u010d\u00edtania":"3 min\u00faty"},"schema":{"@context":"https:\/\/schema.org","@graph":[{"@type":"WebPage","@id":"https:\/\/swoer.com\/manufacturer\/vibratory-feeder-controller-sdvc34-ur\/","url":"https:\/\/swoer.com\/manufacturer\/vibratory-feeder-controller-sdvc34-ur\/","name":"Vibratory Feeder Controller SDVC34-UR - SWOER","isPartOf":{"@id":"https:\/\/swoer.com\/#website"},"primaryImageOfPage":{"@id":"https:\/\/swoer.com\/manufacturer\/vibratory-feeder-controller-sdvc34-ur\/#primaryimage"},"image":{"@id":"https:\/\/swoer.com\/manufacturer\/vibratory-feeder-controller-sdvc34-ur\/#primaryimage"},"thumbnailUrl":"https:\/\/swoer.com\/wp-content\/uploads\/2024\/07\/Vibratory-Bowl-Feeder-Controller-SDVC34-UR.webp","datePublished":"2024-07-09T02:48:58+00:00","dateModified":"2024-08-16T06:09:17+00:00","description":"Optimize your material flow with the Vibratory Feeder Controller SDVC34-UR. Precise control, easy setup, and enhanced efficiency for industrial applications. Order now\uff01","breadcrumb":{"@id":"https:\/\/swoer.com\/manufacturer\/vibratory-feeder-controller-sdvc34-ur\/#breadcrumb"},"inLanguage":"sk-SK","potentialAction":[{"@type":"ReadAction","target":["https:\/\/swoer.com\/manufacturer\/vibratory-feeder-controller-sdvc34-ur\/"]}]},{"@type":"ImageObject","inLanguage":"sk-SK","@id":"https:\/\/swoer.com\/manufacturer\/vibratory-feeder-controller-sdvc34-ur\/#primaryimage","url":"https:\/\/swoer.com\/wp-content\/uploads\/2024\/07\/Vibratory-Bowl-Feeder-Controller-SDVC34-UR.webp","contentUrl":"https:\/\/swoer.com\/wp-content\/uploads\/2024\/07\/Vibratory-Bowl-Feeder-Controller-SDVC34-UR.webp","width":1000,"height":1000,"caption":"Vibratory Bowl Feeder Controller SDVC34-UR"},{"@type":"BreadcrumbList","@id":"https:\/\/swoer.com\/manufacturer\/vibratory-feeder-controller-sdvc34-ur\/#breadcrumb","itemListElement":[{"@type":"ListItem","position":1,"name":"Home","item":"https:\/\/swoer.com\/"},{"@type":"ListItem","position":2,"name":"Shop","item":"https:\/\/swoer.com\/shop\/"},{"@type":"ListItem","position":3,"name":"Vibratory Feeder Controller SDVC34-UR"}]},{"@type":"WebSite","@id":"https:\/\/swoer.com\/#website","url":"https:\/\/swoer.com\/","name":"SWOER","description":"Swoer is the top 3 vibratory bowl feeder manufacturer in China","potentialAction":[{"@type":"SearchAction","target":{"@type":"EntryPoint","urlTemplate":"https:\/\/swoer.com\/?s={search_term_string}"},"query-input":"required name=search_term_string"}],"inLanguage":"sk-SK"}]}},"_links":{"self":[{"href":"https:\/\/swoer.com\/sk\/wp-json\/wp\/v2\/product\/2302"}],"collection":[{"href":"https:\/\/swoer.com\/sk\/wp-json\/wp\/v2\/product"}],"about":[{"href":"https:\/\/swoer.com\/sk\/wp-json\/wp\/v2\/types\/product"}],"replies":[{"embeddable":true,"href":"https:\/\/swoer.com\/sk\/wp-json\/wp\/v2\/comments?post=2302"}],"wp:featuredmedia":[{"embeddable":true,"href":"https:\/\/swoer.com\/sk\/wp-json\/wp\/v2\/media\/2497"}],"wp:attachment":[{"href":"https:\/\/swoer.com\/sk\/wp-json\/wp\/v2\/media?parent=2302"}],"wp:term":[{"taxonomy":"product_cat","embeddable":true,"href":"https:\/\/swoer.com\/sk\/wp-json\/wp\/v2\/product_cat?post=2302"},{"taxonomy":"product_tag","embeddable":true,"href":"https:\/\/swoer.com\/sk\/wp-json\/wp\/v2\/product_tag?post=2302"}],"curies":[{"name":"wp","href":"https:\/\/api.w.org\/{rel}","templated":true}]}}