{"id":2278,"date":"2024-07-05T03:34:25","date_gmt":"2024-07-05T03:34:25","guid":{"rendered":"https:\/\/swoer.com\/?post_type=product&#038;p=2278"},"modified":"2024-08-16T14:15:24","modified_gmt":"2024-08-16T06:15:24","slug":"automated-feeder-controller-sdvc31-xl-6a","status":"publish","type":"product","link":"https:\/\/swoer.com\/sk\/manufacturer\/automated-feeder-controller-sdvc31-xl-6a\/","title":{"rendered":"Automatizovan\u00fd ovl\u00e1da\u010d pod\u00e1va\u010da SDVC31-XL 6A"},"content":{"rendered":"<h2><strong><b>Vlastnosti<\/b><\/strong><\/h2>\n<ul>\n<li>Vysoko presn\u00e1 automatick\u00e1 stabiliz\u00e1cia nap\u00e4tia<\/li>\n<li>Nastavite\u013en\u00fd pomal\u00fd \u0161tart<\/li>\n<li>Prepnite senzor pln\u00fd\/pr\u00e1zdny stop<\/li>\n<li>Vypnutie \u00fapln\u00e9ho\/pr\u00e1zdneho fotoelektrick\u00e9ho sn\u00edma\u010da<\/li>\n<li>Dia\u013ekov\u00e9 ovl\u00e1danie r\u00fdchlosti<\/li>\n<li>DC riadiaci v\u00fdstup<\/li>\n<\/ul>\n<h2><strong><b>Z\u00e1kladn\u00e1 funkcia<\/b><\/strong><\/h2>\n<ol>\n<li><strong>\u00daprava frekvencie:<\/strong> Pou\u017e\u00edvatelia upravuj\u00fa v\u00fdstupn\u00fa frekvenciu ovl\u00e1da\u010da pre hlad\u0161\u00ed, tich\u0161\u00ed a energeticky \u00fasporn\u00fd efekt pod\u00e1vania.<\/li>\n<li><strong>Vysoko presn\u00e1 automatick\u00e1 stabiliz\u00e1cia nap\u00e4tia:<\/strong> Vyu\u017eit\u00edm vstavan\u00e9ho digit\u00e1lneho obvodu syst\u00e9m stabilizuje nap\u00e4tie, \u010d\u00edm eliminuje zmeny r\u00fdchlosti pod\u00e1vania, ku ktor\u00fdm doch\u00e1dza v d\u00f4sledku kol\u00edsania nap\u00e1jania.<\/li>\n<li><strong>Nastavite\u013en\u00fd pomal\u00fd \u0161tart:<\/strong> V\u00fdstupn\u00e9 nap\u00e4tie sa postupne zvy\u0161uje z nuly na prednastaven\u00fa \u00farove\u0148, aby sa minimalizoval dopad na vibra\u010dn\u00fa dosku. Pou\u017e\u00edvatelia m\u00f4\u017eu prednastavi\u0165 \u010das pomal\u00e9ho spustenia digit\u00e1lne.<\/li>\n<li><strong>Prepn\u00fa\u0165 senzor pln\u00fd\/pr\u00e1zdny stop:<\/strong> Podporuje sn\u00edma\u010d typu NPN alebo dia\u013ekov\u00e9 ovl\u00e1danie zastavenia \u00fapln\u00e9ho\/pr\u00e1zdneho PLC.<\/li>\n<li><strong>Fotoelektrick\u00fd sn\u00edma\u010d \u00fapln\u00e9ho\/pr\u00e1zdneho zastavenia:<\/strong> Podporuje fotoelektrick\u00fd sn\u00edma\u010d po\u010d\u00edtadla pln\u00e9ho\/pr\u00e1zdneho zastavenia.<\/li>\n<li><strong>Dia\u013ekov\u00e9 ovl\u00e1danie r\u00fdchlosti:<\/strong> Pou\u017e\u00edvatelia m\u00f4\u017eu ovl\u00e1da\u0165 v\u00fdstupn\u00e9 nap\u00e4tie na dia\u013eku pomocou extern\u00e9ho potenciometra, PLC alebo nap\u00e4\u0165ov\u00e9ho sign\u00e1lu 1-5V.<\/li>\n<li><strong>DC riadiaci v\u00fdstup:<\/strong> Regul\u00e1tor vyd\u00e1va jednosmern\u00fd n\u00edzkonap\u00e4\u0165ov\u00fd riadiaci sign\u00e1l na pohon zariaden\u00ed, ako s\u00fa solenoidov\u00e9 ventily.<\/li>\n<li><strong>Z\u00e1mok kl\u00e1vesnice:<\/strong> Dlh\u00fdm stla\u010den\u00edm tla\u010didla zapnutia\/vypnutia uzamknete v\u0161etky tla\u010didl\u00e1 a pred\u00eddete nespr\u00e1vnemu ovl\u00e1daniu.<\/li>\n<li><strong>Nastavenie maxim\u00e1lneho v\u00fdstupn\u00e9ho nap\u00e4tia:<\/strong> Pou\u017e\u00edvatelia nastavuj\u00fa maxim\u00e1lne nastavite\u013en\u00e9 nap\u00e4tie, aby sa zabr\u00e1nilo po\u0161kodeniu v d\u00f4sledku prep\u00e4tia.<\/li>\n<li><strong>Ochrana proti prehriatiu:<\/strong> Aby sa ochr\u00e1nil, regul\u00e1tor zastav\u00ed v\u00fdstup v\u017edy, ke\u010f sa pracovn\u00e1 teplota pr\u00edli\u0161 zv\u00fd\u0161i.<\/li>\n<li><strong>Ochrana proti nadmern\u00e9mu pr\u00fadu:<\/strong> Na ochranu ovl\u00e1da\u010da a vibra\u010dn\u00e9ho zariadenia syst\u00e9m zastav\u00ed v\u00fdstup v\u017edy, ke\u010f pracovn\u00fd pr\u00fad prekro\u010d\u00ed menovit\u00fd pr\u00fad.<\/li>\n<li><strong>Obnovite\u013en\u00e1 ochrana proti skratu:<\/strong> Syst\u00e9m zastav\u00ed v\u00fdstup po\u010das skratu, aby ochr\u00e1nil ovl\u00e1da\u010d aj zariadenie. Po odstr\u00e1nen\u00ed skratu je mo\u017en\u00e9 syst\u00e9m znovu zapn\u00fa\u0165, aby fungoval norm\u00e1lne.<\/li>\n<\/ol>\n\t<div id=\"gap-21345005\" class=\"gap-element clearfix\" style=\"display:block; height:auto;\">\n\t\t\n<style>\n#gap-21345005 {\n  padding-top: 30px;\n}\n<\/style>\n\t<\/div>\n\t\n<h2><strong>Technick\u00e1 \u0161pecifik\u00e1cia<\/strong><\/h2>\n<table width=\"767\">\n<tbody>\n<tr>\n<td rowspan=\"2\" width=\"225\">Polo\u017eka<\/td>\n<td colspan=\"3\" width=\"216\">Rozsah<\/td>\n<td rowspan=\"2\" width=\"72\">Jednotka<\/td>\n<td rowspan=\"2\" width=\"254\">Popis<\/td>\n<\/tr>\n<tr>\n<td>Minimum<\/td>\n<td>Typick\u00e9<\/td>\n<td>Maxim\u00e1lne<\/td>\n<\/tr>\n<tr>\n<td>Vstupn\u00e9 nap\u00e4tie<\/td>\n<td>85<\/td>\n<td>220<\/td>\n<td>260<\/td>\n<td>V<\/td>\n<td>AC efekt\u00edvna hodnota<\/td>\n<\/tr>\n<tr>\n<td>Rozsah nastavenia v\u00fdstupn\u00e9ho nap\u00e4tia<\/td>\n<td>0<\/td>\n<td><\/td>\n<td>260<\/td>\n<td>V<\/td>\n<td>Vstupn\u00e9 nap\u00e4tie menej ako 1501 TP3T<\/td>\n<\/tr>\n<tr>\n<td>Presnos\u0165 nastavenia nap\u00e4tia<\/td>\n<td colspan=\"3\">1<\/td>\n<td>V<\/td>\n<td><\/td>\n<\/tr>\n<tr>\n<td>Presnos\u0165 regul\u00e1cie nap\u00e4tia<\/td>\n<td>0<\/td>\n<td><\/td>\n<td>10<\/td>\n<td><\/td>\n<td>Vout\/Vin<\/td>\n<\/tr>\n<tr>\n<td>\u010cas odozvy regul\u00e1cie nap\u00e4tia<\/td>\n<td>0.0025<\/td>\n<td><\/td>\n<td>0.025<\/td>\n<td>s<\/td>\n<td>Jedna desatina cyklu v\u00fdstupn\u00e9ho nap\u00e4tia<\/td>\n<\/tr>\n<tr>\n<td rowspan=\"2\">Rozsah nastavenia v\u00fdstupn\u00e9ho pr\u00fadu<\/td>\n<td rowspan=\"2\">0<\/td>\n<td rowspan=\"2\"><\/td>\n<td rowspan=\"2\">10<\/td>\n<td rowspan=\"2\">A<\/td>\n<td rowspan=\"2\">SDVC31-U-Extra vysok\u00fd v\u00fdkon<\/td>\n<\/tr>\n<tr>\n<td rowspan=\"2\"><\/td>\n<td rowspan=\"2\"><\/td>\n<td rowspan=\"2\"><\/td>\n<td rowspan=\"2\"><\/td>\n<td rowspan=\"2\"><\/td>\n<td rowspan=\"2\"><\/td>\n<\/tr>\n<tr>\n<td>V\u00fdstupn\u00e1 frekvencia<\/td>\n<td>40<\/td>\n<td><\/td>\n<td>400<\/td>\n<td>Hz<\/td>\n<td><\/td>\n<\/tr>\n<tr>\n<td>Presnos\u0165 nastavenia frekvencie<\/td>\n<td colspan=\"3\">0.1<\/td>\n<td>Hz<\/td>\n<td><\/td>\n<\/tr>\n<tr>\n<td>V\u00fdstupn\u00fd priebeh<\/td>\n<td colspan=\"3\">s\u00ednus<\/td>\n<td><\/td>\n<td><\/td>\n<\/tr>\n<tr>\n<td>Pomal\u00fd \u010das \u0161tartu<\/td>\n<td>0<\/td>\n<td><\/td>\n<td>10<\/td>\n<td>s<\/td>\n<td>Predvolen\u00e9 v\u00fdrobn\u00e9 nastavenie 0,5<\/td>\n<\/tr>\n<tr>\n<td>\u010casov\u00fd rozsah oneskorenia<\/td>\n<td>0<\/td>\n<td><\/td>\n<td>20<\/td>\n<td>s<\/td>\n<td>Tov\u00e1rensk\u00e9 nastavenie 0.2<\/td>\n<\/tr>\n<tr>\n<td>Presnos\u0165 \u010dasu oneskorenia<\/td>\n<td colspan=\"3\">0.1<\/td>\n<td>s<\/td>\n<td><\/td>\n<\/tr>\n<tr>\n<td>Teplota ochrany proti prehriatiu<\/td>\n<td>60<\/td>\n<td>65<\/td>\n<td>65<\/td>\n<td>\u2103<\/td>\n<td><\/td>\n<\/tr>\n<tr>\n<td>DC riadiace v\u00fdstupn\u00e9 nap\u00e4tie<\/td>\n<td>22<\/td>\n<td>24<\/td>\n<td>26<\/td>\n<td>V<\/td>\n<td><\/td>\n<\/tr>\n<tr>\n<td>V\u00fdstupn\u00fd pr\u00fad riadenia DC<\/td>\n<td>0<\/td>\n<td><\/td>\n<td>200<\/td>\n<td>mA<\/td>\n<td><\/td>\n<\/tr>\n<tr>\n<td>Anal\u00f3gov\u00fd riadiaci model<\/td>\n<td colspan=\"3\">1 \u67085 \u65e5<\/td>\n<td>V<\/td>\n<td>Nap\u00e4tie dia\u013ekov\u00e9ho ovl\u00e1dania r\u00fdchlosti<\/td>\n<\/tr>\n<tr>\n<td>Digit\u00e1lny riadiaci sign\u00e1l<\/td>\n<td colspan=\"3\">24<\/td>\n<td>V<\/td>\n<td>Ovl\u00e1danie sign\u00e1lu sp\u00edna\u010da<\/td>\n<\/tr>\n<tr>\n<td>Sp\u00f4sob \u00fapravy<\/td>\n<td colspan=\"3\">6<\/td>\n<td>k\u013e\u00fa\u010d<\/td>\n<td><\/td>\n<\/tr>\n<tr>\n<td>Spotreba energie bez za\u0165a\u017eenia<\/td>\n<td><\/td>\n<td>3<\/td>\n<td><\/td>\n<td>W<\/td>\n<td><\/td>\n<\/tr>\n<tr>\n<td>Re\u017eim zobrazenia<\/td>\n<td colspan=\"3\">5<\/td>\n<td>\u010d\u00edslica<\/td>\n<td>LED digit\u00e1lna trubica<\/td>\n<\/tr>\n<tr>\n<td>Teplota mzdov\u00e9ho prostredia<\/td>\n<td>0<\/td>\n<td>25<\/td>\n<td>40<\/td>\n<td>\u2103<\/td>\n<td rowspan=\"2\">\u017diadna kondenz\u00e1cia<\/td>\n<\/tr>\n<tr>\n<td>Vlhkos\u0165 mzdov\u00e9ho prostredia<\/td>\n<td>10<\/td>\n<td>60<\/td>\n<td>85<\/td>\n<td>%<\/td>\n<\/tr>\n<\/tbody>\n<\/table>\n\t<div id=\"gap-1252549207\" class=\"gap-element clearfix\" style=\"display:block; height:auto;\">\n\t\t\n<style>\n#gap-1252549207 {\n  padding-top: 30px;\n}\n<\/style>\n\t<\/div>\n\t\n<h2><strong><b>Rozmery a hmotnos\u0165<\/b><\/strong><\/h2>\n<ul>\n<li>Rozmery: d190mm x \u0161242mm x v94,5mm<\/li>\n<li>Hmotnos\u0165: 2670 g (bez pr\u00edslu\u0161enstva)<\/li>\n<\/ul>\n\t<div class=\"img has-hover x md-x lg-x y md-y lg-y\" id=\"image_1765078368\">\n\t\t\t\t\t\t\t\t<div class=\"img-inner dark\" >\n\t\t\t<img loading=\"lazy\" decoding=\"async\" width=\"775\" height=\"574\" src=\"https:\/\/swoer.com\/wp-content\/uploads\/2024\/07\/dimension-drawing-2.webp\" class=\"attachment-original size-original\" alt=\"rozmerov\u00fd v\u00fdkres\" srcset=\"https:\/\/swoer.com\/wp-content\/uploads\/2024\/07\/dimension-drawing-2.webp 775w, https:\/\/swoer.com\/wp-content\/uploads\/2024\/07\/dimension-drawing-2-300x222.webp 300w, https:\/\/swoer.com\/wp-content\/uploads\/2024\/07\/dimension-drawing-2-768x569.webp 768w, https:\/\/swoer.com\/wp-content\/uploads\/2024\/07\/dimension-drawing-2-16x12.webp 16w, https:\/\/swoer.com\/wp-content\/uploads\/2024\/07\/dimension-drawing-2-600x444.webp 600w\" sizes=\"(max-width: 775px) 100vw, 775px\" \/>\t\t\t\t\t\t\n\t\t\t\t\t<\/div>\n\t\t\t\t\t\t\t\t\n<style>\n#image_1765078368 {\n  width: 62%;\n}\n<\/style>\n\t<\/div>","protected":false},"excerpt":{"rendered":"<p>Automatizovan\u00fd ovl\u00e1da\u010d pod\u00e1va\u010da SDVC31-XL 6A pon\u00faka vysoko presn\u00fa automatick\u00fa stabiliz\u00e1ciu nap\u00e4tia, nastavite\u013en\u00fd pomal\u00fd \u0161tart a v\u0161estrann\u00e9 mo\u017enosti ovl\u00e1dania vr\u00e1tane sn\u00edma\u010da sp\u00edna\u010da a fotoelektrick\u00e9ho sn\u00edma\u010da \u00fapln\u00e9ho\/pr\u00e1zdneho vypnutia. Ide\u00e1lne na zv\u00fd\u0161enie v\u00fdkonu a \u00fa\u010dinnosti v\u00e1\u0161ho k\u0155mneho syst\u00e9mu.<\/p>","protected":false},"featured_media":2505,"comment_status":"open","ping_status":"closed","template":"","meta":[],"product_cat":[45],"product_tag":[],"yoast_head":"<!-- This site is optimized with the Yoast SEO plugin v22.2 - https:\/\/yoast.com\/wordpress\/plugins\/seo\/ -->\n<title>Automated Feeder Controller SDVC31-XL 6A - SWOER<\/title>\n<meta name=\"description\" content=\"The Automated Feeder Controller SDVC31-XL 6A has high precision voltage stabilization, adjustable slow start, and remote speed control. It is ideal for efficient and reliable feeding operations.\" \/>\n<meta name=\"robots\" content=\"index, follow, max-snippet:-1, max-image-preview:large, max-video-preview:-1\" \/>\n<link rel=\"canonical\" href=\"https:\/\/swoer.com\/sk\/manufacturer\/automated-feeder-controller-sdvc31-xl-6a\/\" \/>\n<meta property=\"og:locale\" content=\"sk_SK\" \/>\n<meta property=\"og:type\" content=\"article\" \/>\n<meta property=\"og:title\" content=\"Automated Feeder Controller SDVC31-XL 6A - SWOER\" \/>\n<meta property=\"og:description\" content=\"The Automated Feeder Controller SDVC31-XL 6A has high precision voltage stabilization, adjustable slow start, and remote speed control. It is ideal for efficient and reliable feeding operations.\" \/>\n<meta property=\"og:url\" content=\"https:\/\/swoer.com\/sk\/manufacturer\/automated-feeder-controller-sdvc31-xl-6a\/\" \/>\n<meta property=\"og:site_name\" content=\"SWOER\" \/>\n<meta property=\"article:modified_time\" content=\"2024-08-16T06:15:24+00:00\" \/>\n<meta property=\"og:image\" content=\"https:\/\/swoer.com\/wp-content\/uploads\/2024\/07\/Automated-Feeder-Controller-SDVC31-XL-6A-1.webp\" \/>\n\t<meta property=\"og:image:width\" content=\"1000\" \/>\n\t<meta property=\"og:image:height\" content=\"1000\" \/>\n\t<meta property=\"og:image:type\" content=\"image\/webp\" \/>\n<meta name=\"twitter:card\" content=\"summary_large_image\" \/>\n<meta name=\"twitter:label1\" content=\"Predpokladan\u00fd \u010das \u010d\u00edtania\" \/>\n\t<meta name=\"twitter:data1\" content=\"3 min\u00faty\" \/>\n<script type=\"application\/ld+json\" class=\"yoast-schema-graph\">{\"@context\":\"https:\/\/schema.org\",\"@graph\":[{\"@type\":\"WebPage\",\"@id\":\"https:\/\/swoer.com\/manufacturer\/automated-feeder-controller-sdvc31-xl-6a\/\",\"url\":\"https:\/\/swoer.com\/manufacturer\/automated-feeder-controller-sdvc31-xl-6a\/\",\"name\":\"Automated Feeder Controller SDVC31-XL 6A - SWOER\",\"isPartOf\":{\"@id\":\"https:\/\/swoer.com\/#website\"},\"primaryImageOfPage\":{\"@id\":\"https:\/\/swoer.com\/manufacturer\/automated-feeder-controller-sdvc31-xl-6a\/#primaryimage\"},\"image\":{\"@id\":\"https:\/\/swoer.com\/manufacturer\/automated-feeder-controller-sdvc31-xl-6a\/#primaryimage\"},\"thumbnailUrl\":\"https:\/\/swoer.com\/wp-content\/uploads\/2024\/07\/Automated-Feeder-Controller-SDVC31-XL-6A-1.webp\",\"datePublished\":\"2024-07-05T03:34:25+00:00\",\"dateModified\":\"2024-08-16T06:15:24+00:00\",\"description\":\"The Automated Feeder Controller SDVC31-XL 6A has high precision voltage stabilization, adjustable slow start, and remote speed control. It is ideal for efficient and reliable feeding operations.\",\"breadcrumb\":{\"@id\":\"https:\/\/swoer.com\/manufacturer\/automated-feeder-controller-sdvc31-xl-6a\/#breadcrumb\"},\"inLanguage\":\"sk-SK\",\"potentialAction\":[{\"@type\":\"ReadAction\",\"target\":[\"https:\/\/swoer.com\/manufacturer\/automated-feeder-controller-sdvc31-xl-6a\/\"]}]},{\"@type\":\"ImageObject\",\"inLanguage\":\"sk-SK\",\"@id\":\"https:\/\/swoer.com\/manufacturer\/automated-feeder-controller-sdvc31-xl-6a\/#primaryimage\",\"url\":\"https:\/\/swoer.com\/wp-content\/uploads\/2024\/07\/Automated-Feeder-Controller-SDVC31-XL-6A-1.webp\",\"contentUrl\":\"https:\/\/swoer.com\/wp-content\/uploads\/2024\/07\/Automated-Feeder-Controller-SDVC31-XL-6A-1.webp\",\"width\":1000,\"height\":1000,\"caption\":\"Automated Feeder Controller SDVC31-XL 6A\"},{\"@type\":\"BreadcrumbList\",\"@id\":\"https:\/\/swoer.com\/manufacturer\/automated-feeder-controller-sdvc31-xl-6a\/#breadcrumb\",\"itemListElement\":[{\"@type\":\"ListItem\",\"position\":1,\"name\":\"Home\",\"item\":\"https:\/\/swoer.com\/\"},{\"@type\":\"ListItem\",\"position\":2,\"name\":\"Shop\",\"item\":\"https:\/\/swoer.com\/shop\/\"},{\"@type\":\"ListItem\",\"position\":3,\"name\":\"Automated Feeder Controller SDVC31-XL 6A\"}]},{\"@type\":\"WebSite\",\"@id\":\"https:\/\/swoer.com\/#website\",\"url\":\"https:\/\/swoer.com\/\",\"name\":\"SWOER\",\"description\":\"Swoer is the top 3 vibratory bowl feeder manufacturer in China\",\"potentialAction\":[{\"@type\":\"SearchAction\",\"target\":{\"@type\":\"EntryPoint\",\"urlTemplate\":\"https:\/\/swoer.com\/?s={search_term_string}\"},\"query-input\":\"required name=search_term_string\"}],\"inLanguage\":\"sk-SK\"}]}<\/script>\n<!-- \/ Yoast SEO plugin. -->","yoast_head_json":{"title":"Automated Feeder Controller SDVC31-XL 6A - SWOER","description":"The Automated Feeder Controller SDVC31-XL 6A has high precision voltage stabilization, adjustable slow start, and remote speed control. It is ideal for efficient and reliable feeding operations.","robots":{"index":"index","follow":"follow","max-snippet":"max-snippet:-1","max-image-preview":"max-image-preview:large","max-video-preview":"max-video-preview:-1"},"canonical":"https:\/\/swoer.com\/sk\/manufacturer\/automated-feeder-controller-sdvc31-xl-6a\/","og_locale":"sk_SK","og_type":"article","og_title":"Automated Feeder Controller SDVC31-XL 6A - SWOER","og_description":"The Automated Feeder Controller SDVC31-XL 6A has high precision voltage stabilization, adjustable slow start, and remote speed control. It is ideal for efficient and reliable feeding operations.","og_url":"https:\/\/swoer.com\/sk\/manufacturer\/automated-feeder-controller-sdvc31-xl-6a\/","og_site_name":"SWOER","article_modified_time":"2024-08-16T06:15:24+00:00","og_image":[{"width":1000,"height":1000,"url":"https:\/\/swoer.com\/wp-content\/uploads\/2024\/07\/Automated-Feeder-Controller-SDVC31-XL-6A-1.webp","type":"image\/webp"}],"twitter_card":"summary_large_image","twitter_misc":{"Predpokladan\u00fd \u010das \u010d\u00edtania":"3 min\u00faty"},"schema":{"@context":"https:\/\/schema.org","@graph":[{"@type":"WebPage","@id":"https:\/\/swoer.com\/manufacturer\/automated-feeder-controller-sdvc31-xl-6a\/","url":"https:\/\/swoer.com\/manufacturer\/automated-feeder-controller-sdvc31-xl-6a\/","name":"Automated Feeder Controller SDVC31-XL 6A - SWOER","isPartOf":{"@id":"https:\/\/swoer.com\/#website"},"primaryImageOfPage":{"@id":"https:\/\/swoer.com\/manufacturer\/automated-feeder-controller-sdvc31-xl-6a\/#primaryimage"},"image":{"@id":"https:\/\/swoer.com\/manufacturer\/automated-feeder-controller-sdvc31-xl-6a\/#primaryimage"},"thumbnailUrl":"https:\/\/swoer.com\/wp-content\/uploads\/2024\/07\/Automated-Feeder-Controller-SDVC31-XL-6A-1.webp","datePublished":"2024-07-05T03:34:25+00:00","dateModified":"2024-08-16T06:15:24+00:00","description":"The Automated Feeder Controller SDVC31-XL 6A has high precision voltage stabilization, adjustable slow start, and remote speed control. It is ideal for efficient and reliable feeding operations.","breadcrumb":{"@id":"https:\/\/swoer.com\/manufacturer\/automated-feeder-controller-sdvc31-xl-6a\/#breadcrumb"},"inLanguage":"sk-SK","potentialAction":[{"@type":"ReadAction","target":["https:\/\/swoer.com\/manufacturer\/automated-feeder-controller-sdvc31-xl-6a\/"]}]},{"@type":"ImageObject","inLanguage":"sk-SK","@id":"https:\/\/swoer.com\/manufacturer\/automated-feeder-controller-sdvc31-xl-6a\/#primaryimage","url":"https:\/\/swoer.com\/wp-content\/uploads\/2024\/07\/Automated-Feeder-Controller-SDVC31-XL-6A-1.webp","contentUrl":"https:\/\/swoer.com\/wp-content\/uploads\/2024\/07\/Automated-Feeder-Controller-SDVC31-XL-6A-1.webp","width":1000,"height":1000,"caption":"Automated Feeder Controller SDVC31-XL 6A"},{"@type":"BreadcrumbList","@id":"https:\/\/swoer.com\/manufacturer\/automated-feeder-controller-sdvc31-xl-6a\/#breadcrumb","itemListElement":[{"@type":"ListItem","position":1,"name":"Home","item":"https:\/\/swoer.com\/"},{"@type":"ListItem","position":2,"name":"Shop","item":"https:\/\/swoer.com\/shop\/"},{"@type":"ListItem","position":3,"name":"Automated Feeder Controller SDVC31-XL 6A"}]},{"@type":"WebSite","@id":"https:\/\/swoer.com\/#website","url":"https:\/\/swoer.com\/","name":"SWOER","description":"Swoer is the top 3 vibratory bowl feeder manufacturer in China","potentialAction":[{"@type":"SearchAction","target":{"@type":"EntryPoint","urlTemplate":"https:\/\/swoer.com\/?s={search_term_string}"},"query-input":"required name=search_term_string"}],"inLanguage":"sk-SK"}]}},"_links":{"self":[{"href":"https:\/\/swoer.com\/sk\/wp-json\/wp\/v2\/product\/2278"}],"collection":[{"href":"https:\/\/swoer.com\/sk\/wp-json\/wp\/v2\/product"}],"about":[{"href":"https:\/\/swoer.com\/sk\/wp-json\/wp\/v2\/types\/product"}],"replies":[{"embeddable":true,"href":"https:\/\/swoer.com\/sk\/wp-json\/wp\/v2\/comments?post=2278"}],"wp:featuredmedia":[{"embeddable":true,"href":"https:\/\/swoer.com\/sk\/wp-json\/wp\/v2\/media\/2505"}],"wp:attachment":[{"href":"https:\/\/swoer.com\/sk\/wp-json\/wp\/v2\/media?parent=2278"}],"wp:term":[{"taxonomy":"product_cat","embeddable":true,"href":"https:\/\/swoer.com\/sk\/wp-json\/wp\/v2\/product_cat?post=2278"},{"taxonomy":"product_tag","embeddable":true,"href":"https:\/\/swoer.com\/sk\/wp-json\/wp\/v2\/product_tag?post=2278"}],"curies":[{"name":"wp","href":"https:\/\/api.w.org\/{rel}","templated":true}]}}