{"id":2272,"date":"2024-07-04T01:57:14","date_gmt":"2024-07-04T01:57:14","guid":{"rendered":"https:\/\/swoer.com\/?post_type=product&#038;p=2272"},"modified":"2024-08-16T14:17:52","modified_gmt":"2024-08-16T06:17:52","slug":"bowl-feeder-controller-sdvc31-u-10a","status":"publish","type":"product","link":"https:\/\/swoer.com\/sk\/manufacturer\/bowl-feeder-controller-sdvc31-u-10a\/","title":{"rendered":"Ovl\u00e1da\u010d pod\u00e1va\u010da misky SDVC31-U 10A"},"content":{"rendered":"<h2><strong><b>Vlastnosti<\/b><\/strong><\/h2>\n<ul>\n<li>Frekven\u010dn\u00e1 a vysoko presn\u00e1 automatick\u00e1 stabiliz\u00e1cia nap\u00e4tia<\/li>\n<li>Nastavite\u013en\u00fd pomal\u00fd \u0161tart<\/li>\n<li>Prepnite senzor pln\u00fd\/pr\u00e1zdny stop<\/li>\n<li>Vypnutie \u00fapln\u00e9ho\/pr\u00e1zdneho fotoelektrick\u00e9ho sn\u00edma\u010da<\/li>\n<li>Dia\u013ekov\u00e9 ovl\u00e1danie r\u00fdchlosti<\/li>\n<li>DC riadiaci v\u00fdstup<\/li>\n<li>Blokovanie kl\u00e1vesnice<\/li>\n<\/ul>\n\t<div id=\"gap-60015017\" class=\"gap-element clearfix\" style=\"display:block; height:auto;\">\n\t\t\n<style>\n#gap-60015017 {\n  padding-top: 30px;\n}\n<\/style>\n\t<\/div>\n\t\n<p>Technick\u00e1 \u0161pecifik\u00e1cia<\/p>\n<table width=\"767\">\n<tbody>\n<tr>\n<td rowspan=\"2\" width=\"225\">Polo\u017eka<\/td>\n<td colspan=\"3\" width=\"216\">Rozsah<\/td>\n<td rowspan=\"2\" width=\"72\">Jednotka<\/td>\n<td rowspan=\"2\" width=\"254\">Popis<\/td>\n<\/tr>\n<tr>\n<td>Minimum<\/td>\n<td>Typick\u00e9<\/td>\n<td>Maxim\u00e1lne<\/td>\n<\/tr>\n<tr>\n<td>Vstupn\u00e9 nap\u00e4tie<\/td>\n<td>85<\/td>\n<td>220<\/td>\n<td>260<\/td>\n<td>V<\/td>\n<td>AC efekt\u00edvna hodnota<\/td>\n<\/tr>\n<tr>\n<td>Rozsah nastavenia v\u00fdstupn\u00e9ho nap\u00e4tia<\/td>\n<td>0<\/td>\n<td><\/td>\n<td>260<\/td>\n<td>V<\/td>\n<td>Vstupn\u00e9 nap\u00e4tie menej ako 1501 TP3T<\/td>\n<\/tr>\n<tr>\n<td>Presnos\u0165 nastavenia nap\u00e4tia<\/td>\n<td colspan=\"3\">1<\/td>\n<td>V<\/td>\n<td><\/td>\n<\/tr>\n<tr>\n<td>Presnos\u0165 regul\u00e1cie nap\u00e4tia<\/td>\n<td>0<\/td>\n<td><\/td>\n<td>10<\/td>\n<td><\/td>\n<td>Vout\/Vin<\/td>\n<\/tr>\n<tr>\n<td>\u010cas odozvy regul\u00e1cie nap\u00e4tia<\/td>\n<td>0.0025<\/td>\n<td><\/td>\n<td>0.025<\/td>\n<td>s<\/td>\n<td>Jedna desatina cyklu v\u00fdstupn\u00e9ho nap\u00e4tia<\/td>\n<\/tr>\n<tr>\n<td rowspan=\"2\">Rozsah nastavenia v\u00fdstupn\u00e9ho pr\u00fadu<\/td>\n<td rowspan=\"2\">0<\/td>\n<td rowspan=\"2\"><\/td>\n<td rowspan=\"2\">10<\/td>\n<td rowspan=\"2\">A<\/td>\n<td rowspan=\"2\">SDVC31-U-Extra vysok\u00fd v\u00fdkon<\/td>\n<\/tr>\n<tr>\n<td rowspan=\"2\"><\/td>\n<td rowspan=\"2\"><\/td>\n<td rowspan=\"2\"><\/td>\n<td rowspan=\"2\"><\/td>\n<td rowspan=\"2\"><\/td>\n<td rowspan=\"2\"><\/td>\n<\/tr>\n<tr>\n<td>V\u00fdstupn\u00e1 frekvencia<\/td>\n<td>40<\/td>\n<td><\/td>\n<td>400<\/td>\n<td>Hz<\/td>\n<td><\/td>\n<\/tr>\n<tr>\n<td>Presnos\u0165 nastavenia frekvencie<\/td>\n<td colspan=\"3\">0.1<\/td>\n<td>Hz<\/td>\n<td><\/td>\n<\/tr>\n<tr>\n<td>V\u00fdstupn\u00fd priebeh<\/td>\n<td colspan=\"3\">s\u00ednus<\/td>\n<td><\/td>\n<td><\/td>\n<\/tr>\n<tr>\n<td>Pomal\u00fd \u010das \u0161tartu<\/td>\n<td>0<\/td>\n<td><\/td>\n<td>10<\/td>\n<td>s<\/td>\n<td>Predvolen\u00e9 v\u00fdrobn\u00e9 nastavenie 0,5<\/td>\n<\/tr>\n<tr>\n<td>\u010casov\u00fd rozsah oneskorenia<\/td>\n<td>0<\/td>\n<td><\/td>\n<td>20<\/td>\n<td>s<\/td>\n<td>Tov\u00e1rensk\u00e9 nastavenie 0.2<\/td>\n<\/tr>\n<tr>\n<td>Presnos\u0165 \u010dasu oneskorenia<\/td>\n<td colspan=\"3\">0.1<\/td>\n<td>s<\/td>\n<td><\/td>\n<\/tr>\n<tr>\n<td>Teplota ochrany proti prehriatiu<\/td>\n<td>60<\/td>\n<td>65<\/td>\n<td>65<\/td>\n<td>\u2103<\/td>\n<td><\/td>\n<\/tr>\n<tr>\n<td>DC riadiace v\u00fdstupn\u00e9 nap\u00e4tie<\/td>\n<td>22<\/td>\n<td>24<\/td>\n<td>26<\/td>\n<td>V<\/td>\n<td><\/td>\n<\/tr>\n<tr>\n<td>V\u00fdstupn\u00fd pr\u00fad riadenia DC<\/td>\n<td>0<\/td>\n<td><\/td>\n<td>200<\/td>\n<td>mA<\/td>\n<td><\/td>\n<\/tr>\n<tr>\n<td>Anal\u00f3gov\u00fd riadiaci model<\/td>\n<td colspan=\"3\">1-5<\/td>\n<td>V<\/td>\n<td>Nap\u00e4tie dia\u013ekov\u00e9ho ovl\u00e1dania r\u00fdchlosti<\/td>\n<\/tr>\n<tr>\n<td>Digit\u00e1lny riadiaci sign\u00e1l<\/td>\n<td colspan=\"3\">24<\/td>\n<td>V<\/td>\n<td>Ovl\u00e1danie sign\u00e1lu sp\u00edna\u010da<\/td>\n<\/tr>\n<tr>\n<td>Sp\u00f4sob \u00fapravy<\/td>\n<td colspan=\"3\">6<\/td>\n<td>k\u013e\u00fa\u010d<\/td>\n<td><\/td>\n<\/tr>\n<tr>\n<td>Spotreba energie bez za\u0165a\u017eenia<\/td>\n<td><\/td>\n<td>3<\/td>\n<td><\/td>\n<td>W<\/td>\n<td><\/td>\n<\/tr>\n<tr>\n<td>Re\u017eim zobrazenia<\/td>\n<td colspan=\"3\">5<\/td>\n<td>\u010d\u00edslica<\/td>\n<td>LED digit\u00e1lna trubica<\/td>\n<\/tr>\n<tr>\n<td>Teplota mzdov\u00e9ho prostredia<\/td>\n<td>0<\/td>\n<td>25<\/td>\n<td>40<\/td>\n<td>\u2103<\/td>\n<td rowspan=\"2\">\u017diadna kondenz\u00e1cia<\/td>\n<\/tr>\n<tr>\n<td>Vlhkos\u0165 mzdov\u00e9ho prostredia<\/td>\n<td>10<\/td>\n<td>60<\/td>\n<td>85<\/td>\n<td>%<\/td>\n<\/tr>\n<\/tbody>\n<\/table>\n\t<div id=\"gap-928192739\" class=\"gap-element clearfix\" style=\"display:block; height:auto;\">\n\t\t\n<style>\n#gap-928192739 {\n  padding-top: 30px;\n}\n<\/style>\n\t<\/div>\n\t\n<h2><strong><b>Rozmery a hmotnos\u0165<\/b><\/strong><\/h2>\n<ul>\n<li>Rozmery: d190mm x \u0161242mm x v94,5mm<\/li>\n<li>Hmotnos\u0165: 2670 g (bez pr\u00edslu\u0161enstva)<\/li>\n<\/ul>\n\t<div id=\"gap-844230373\" class=\"gap-element clearfix\" style=\"display:block; height:auto;\">\n\t\t\n<style>\n#gap-844230373 {\n  padding-top: 30px;\n}\n<\/style>\n\t<\/div>\n\t\n\t<div class=\"img has-hover x md-x lg-x y md-y lg-y\" id=\"image_947206037\">\n\t\t\t\t\t\t\t\t<div class=\"img-inner dark\" >\n\t\t\t<img loading=\"lazy\" decoding=\"async\" width=\"840\" height=\"538\" src=\"https:\/\/swoer.com\/wp-content\/uploads\/2024\/07\/dimension-drawing-1.webp\" class=\"attachment-original size-original\" alt=\"rozmerov\u00fd v\u00fdkres\" srcset=\"https:\/\/swoer.com\/wp-content\/uploads\/2024\/07\/dimension-drawing-1.webp 840w, https:\/\/swoer.com\/wp-content\/uploads\/2024\/07\/dimension-drawing-1-300x192.webp 300w, https:\/\/swoer.com\/wp-content\/uploads\/2024\/07\/dimension-drawing-1-768x492.webp 768w, https:\/\/swoer.com\/wp-content\/uploads\/2024\/07\/dimension-drawing-1-18x12.webp 18w, https:\/\/swoer.com\/wp-content\/uploads\/2024\/07\/dimension-drawing-1-600x384.webp 600w\" sizes=\"(max-width: 840px) 100vw, 840px\" \/>\t\t\t\t\t\t\n\t\t\t\t\t<\/div>\n\t\t\t\t\t\t\t\t\n<style>\n#image_947206037 {\n  width: 68%;\n}\n<\/style>\n\t<\/div>","protected":false},"excerpt":{"rendered":"<p>Ovl\u00e1da\u010d pod\u00e1va\u010da misy SDVC31-U 10A je navrhnut\u00fd pre optim\u00e1lny v\u00fdkon a spo\u013eahlivos\u0165. M\u00f4\u017ee sa pochv\u00e1li\u0165 funkciami, ako je vysoko presn\u00e1 automatick\u00e1 stabiliz\u00e1cia nap\u00e4tia, nastavite\u013en\u00fd pomal\u00fd \u0161tart, senzorov\u00e9 vypnutie pln\u00e9ho\/pr\u00e1zdneho stavu, dia\u013ekov\u00e9 ovl\u00e1danie r\u00fdchlosti a v\u00fdstup jednosmern\u00e9ho pr\u00fadu. Ovl\u00e1da\u010d tie\u017e obsahuje blokovanie kl\u00e1vesnice pre bezpe\u010dn\u00fa prev\u00e1dzku, \u010do z neho rob\u00ed nevyhnutn\u00fa s\u00fa\u010das\u0165 modern\u00fdch k\u0155mnych syst\u00e9mov.<\/p>","protected":false},"featured_media":2509,"comment_status":"open","ping_status":"closed","template":"","meta":[],"product_cat":[45],"product_tag":[],"yoast_head":"<!-- This site is optimized with the Yoast SEO plugin v22.2 - https:\/\/yoast.com\/wordpress\/plugins\/seo\/ -->\n<title>Bowl Feeder Controller SDVC31-U 10A - SWOER<\/title>\n<meta name=\"description\" content=\"Unleash the power of Bowl Feeder Controller SDVC31-U 10A, featuring high precision automatic voltage stabilization, adjustable slow start, sensor-based full\/empty stop, remote speed control, and more. Enhance your feeding systems with top-notch reliability and performance.\" \/>\n<meta name=\"robots\" content=\"index, follow, max-snippet:-1, max-image-preview:large, max-video-preview:-1\" \/>\n<link rel=\"canonical\" href=\"https:\/\/swoer.com\/sk\/manufacturer\/bowl-feeder-controller-sdvc31-u-10a\/\" \/>\n<meta property=\"og:locale\" content=\"sk_SK\" \/>\n<meta property=\"og:type\" content=\"article\" \/>\n<meta property=\"og:title\" content=\"Bowl Feeder Controller SDVC31-U 10A - SWOER\" \/>\n<meta property=\"og:description\" content=\"Unleash the power of Bowl Feeder Controller SDVC31-U 10A, featuring high precision automatic voltage stabilization, adjustable slow start, sensor-based full\/empty stop, remote speed control, and more. Enhance your feeding systems with top-notch reliability and performance.\" \/>\n<meta property=\"og:url\" content=\"https:\/\/swoer.com\/sk\/manufacturer\/bowl-feeder-controller-sdvc31-u-10a\/\" \/>\n<meta property=\"og:site_name\" content=\"SWOER\" \/>\n<meta property=\"article:modified_time\" content=\"2024-08-16T06:17:52+00:00\" \/>\n<meta property=\"og:image\" content=\"https:\/\/swoer.com\/wp-content\/uploads\/2024\/07\/Bowl-Feeder-Controller-SDVC31-U-10A-1.webp\" \/>\n\t<meta property=\"og:image:width\" content=\"1000\" \/>\n\t<meta property=\"og:image:height\" content=\"1000\" \/>\n\t<meta property=\"og:image:type\" content=\"image\/webp\" \/>\n<meta name=\"twitter:card\" content=\"summary_large_image\" \/>\n<meta name=\"twitter:label1\" content=\"Predpokladan\u00fd \u010das \u010d\u00edtania\" \/>\n\t<meta name=\"twitter:data1\" content=\"2 min\u00faty\" \/>\n<script type=\"application\/ld+json\" class=\"yoast-schema-graph\">{\"@context\":\"https:\/\/schema.org\",\"@graph\":[{\"@type\":\"WebPage\",\"@id\":\"https:\/\/swoer.com\/manufacturer\/bowl-feeder-controller-sdvc31-u-10a\/\",\"url\":\"https:\/\/swoer.com\/manufacturer\/bowl-feeder-controller-sdvc31-u-10a\/\",\"name\":\"Bowl Feeder Controller SDVC31-U 10A - SWOER\",\"isPartOf\":{\"@id\":\"https:\/\/swoer.com\/#website\"},\"primaryImageOfPage\":{\"@id\":\"https:\/\/swoer.com\/manufacturer\/bowl-feeder-controller-sdvc31-u-10a\/#primaryimage\"},\"image\":{\"@id\":\"https:\/\/swoer.com\/manufacturer\/bowl-feeder-controller-sdvc31-u-10a\/#primaryimage\"},\"thumbnailUrl\":\"https:\/\/swoer.com\/wp-content\/uploads\/2024\/07\/Bowl-Feeder-Controller-SDVC31-U-10A-1.webp\",\"datePublished\":\"2024-07-04T01:57:14+00:00\",\"dateModified\":\"2024-08-16T06:17:52+00:00\",\"description\":\"Unleash the power of Bowl Feeder Controller SDVC31-U 10A, featuring high precision automatic voltage stabilization, adjustable slow start, sensor-based full\/empty stop, remote speed control, and more. Enhance your feeding systems with top-notch reliability and performance.\",\"breadcrumb\":{\"@id\":\"https:\/\/swoer.com\/manufacturer\/bowl-feeder-controller-sdvc31-u-10a\/#breadcrumb\"},\"inLanguage\":\"sk-SK\",\"potentialAction\":[{\"@type\":\"ReadAction\",\"target\":[\"https:\/\/swoer.com\/manufacturer\/bowl-feeder-controller-sdvc31-u-10a\/\"]}]},{\"@type\":\"ImageObject\",\"inLanguage\":\"sk-SK\",\"@id\":\"https:\/\/swoer.com\/manufacturer\/bowl-feeder-controller-sdvc31-u-10a\/#primaryimage\",\"url\":\"https:\/\/swoer.com\/wp-content\/uploads\/2024\/07\/Bowl-Feeder-Controller-SDVC31-U-10A-1.webp\",\"contentUrl\":\"https:\/\/swoer.com\/wp-content\/uploads\/2024\/07\/Bowl-Feeder-Controller-SDVC31-U-10A-1.webp\",\"width\":1000,\"height\":1000,\"caption\":\"Bowl Feeder Controller SDVC31-U 10A\"},{\"@type\":\"BreadcrumbList\",\"@id\":\"https:\/\/swoer.com\/manufacturer\/bowl-feeder-controller-sdvc31-u-10a\/#breadcrumb\",\"itemListElement\":[{\"@type\":\"ListItem\",\"position\":1,\"name\":\"Home\",\"item\":\"https:\/\/swoer.com\/\"},{\"@type\":\"ListItem\",\"position\":2,\"name\":\"Shop\",\"item\":\"https:\/\/swoer.com\/shop\/\"},{\"@type\":\"ListItem\",\"position\":3,\"name\":\"Bowl Feeder Controller SDVC31-U 10A\"}]},{\"@type\":\"WebSite\",\"@id\":\"https:\/\/swoer.com\/#website\",\"url\":\"https:\/\/swoer.com\/\",\"name\":\"SWOER\",\"description\":\"Swoer is the top 3 vibratory bowl feeder manufacturer in China\",\"potentialAction\":[{\"@type\":\"SearchAction\",\"target\":{\"@type\":\"EntryPoint\",\"urlTemplate\":\"https:\/\/swoer.com\/?s={search_term_string}\"},\"query-input\":\"required name=search_term_string\"}],\"inLanguage\":\"sk-SK\"}]}<\/script>\n<!-- \/ Yoast SEO plugin. -->","yoast_head_json":{"title":"Bowl Feeder Controller SDVC31-U 10A - SWOER","description":"Unleash the power of Bowl Feeder Controller SDVC31-U 10A, featuring high precision automatic voltage stabilization, adjustable slow start, sensor-based full\/empty stop, remote speed control, and more. Enhance your feeding systems with top-notch reliability and performance.","robots":{"index":"index","follow":"follow","max-snippet":"max-snippet:-1","max-image-preview":"max-image-preview:large","max-video-preview":"max-video-preview:-1"},"canonical":"https:\/\/swoer.com\/sk\/manufacturer\/bowl-feeder-controller-sdvc31-u-10a\/","og_locale":"sk_SK","og_type":"article","og_title":"Bowl Feeder Controller SDVC31-U 10A - SWOER","og_description":"Unleash the power of Bowl Feeder Controller SDVC31-U 10A, featuring high precision automatic voltage stabilization, adjustable slow start, sensor-based full\/empty stop, remote speed control, and more. Enhance your feeding systems with top-notch reliability and performance.","og_url":"https:\/\/swoer.com\/sk\/manufacturer\/bowl-feeder-controller-sdvc31-u-10a\/","og_site_name":"SWOER","article_modified_time":"2024-08-16T06:17:52+00:00","og_image":[{"width":1000,"height":1000,"url":"https:\/\/swoer.com\/wp-content\/uploads\/2024\/07\/Bowl-Feeder-Controller-SDVC31-U-10A-1.webp","type":"image\/webp"}],"twitter_card":"summary_large_image","twitter_misc":{"Predpokladan\u00fd \u010das \u010d\u00edtania":"2 min\u00faty"},"schema":{"@context":"https:\/\/schema.org","@graph":[{"@type":"WebPage","@id":"https:\/\/swoer.com\/manufacturer\/bowl-feeder-controller-sdvc31-u-10a\/","url":"https:\/\/swoer.com\/manufacturer\/bowl-feeder-controller-sdvc31-u-10a\/","name":"Bowl Feeder Controller SDVC31-U 10A - SWOER","isPartOf":{"@id":"https:\/\/swoer.com\/#website"},"primaryImageOfPage":{"@id":"https:\/\/swoer.com\/manufacturer\/bowl-feeder-controller-sdvc31-u-10a\/#primaryimage"},"image":{"@id":"https:\/\/swoer.com\/manufacturer\/bowl-feeder-controller-sdvc31-u-10a\/#primaryimage"},"thumbnailUrl":"https:\/\/swoer.com\/wp-content\/uploads\/2024\/07\/Bowl-Feeder-Controller-SDVC31-U-10A-1.webp","datePublished":"2024-07-04T01:57:14+00:00","dateModified":"2024-08-16T06:17:52+00:00","description":"Unleash the power of Bowl Feeder Controller SDVC31-U 10A, featuring high precision automatic voltage stabilization, adjustable slow start, sensor-based full\/empty stop, remote speed control, and more. Enhance your feeding systems with top-notch reliability and performance.","breadcrumb":{"@id":"https:\/\/swoer.com\/manufacturer\/bowl-feeder-controller-sdvc31-u-10a\/#breadcrumb"},"inLanguage":"sk-SK","potentialAction":[{"@type":"ReadAction","target":["https:\/\/swoer.com\/manufacturer\/bowl-feeder-controller-sdvc31-u-10a\/"]}]},{"@type":"ImageObject","inLanguage":"sk-SK","@id":"https:\/\/swoer.com\/manufacturer\/bowl-feeder-controller-sdvc31-u-10a\/#primaryimage","url":"https:\/\/swoer.com\/wp-content\/uploads\/2024\/07\/Bowl-Feeder-Controller-SDVC31-U-10A-1.webp","contentUrl":"https:\/\/swoer.com\/wp-content\/uploads\/2024\/07\/Bowl-Feeder-Controller-SDVC31-U-10A-1.webp","width":1000,"height":1000,"caption":"Bowl Feeder Controller SDVC31-U 10A"},{"@type":"BreadcrumbList","@id":"https:\/\/swoer.com\/manufacturer\/bowl-feeder-controller-sdvc31-u-10a\/#breadcrumb","itemListElement":[{"@type":"ListItem","position":1,"name":"Home","item":"https:\/\/swoer.com\/"},{"@type":"ListItem","position":2,"name":"Shop","item":"https:\/\/swoer.com\/shop\/"},{"@type":"ListItem","position":3,"name":"Bowl Feeder Controller SDVC31-U 10A"}]},{"@type":"WebSite","@id":"https:\/\/swoer.com\/#website","url":"https:\/\/swoer.com\/","name":"SWOER","description":"Swoer is the top 3 vibratory bowl feeder manufacturer in China","potentialAction":[{"@type":"SearchAction","target":{"@type":"EntryPoint","urlTemplate":"https:\/\/swoer.com\/?s={search_term_string}"},"query-input":"required name=search_term_string"}],"inLanguage":"sk-SK"}]}},"_links":{"self":[{"href":"https:\/\/swoer.com\/sk\/wp-json\/wp\/v2\/product\/2272"}],"collection":[{"href":"https:\/\/swoer.com\/sk\/wp-json\/wp\/v2\/product"}],"about":[{"href":"https:\/\/swoer.com\/sk\/wp-json\/wp\/v2\/types\/product"}],"replies":[{"embeddable":true,"href":"https:\/\/swoer.com\/sk\/wp-json\/wp\/v2\/comments?post=2272"}],"wp:featuredmedia":[{"embeddable":true,"href":"https:\/\/swoer.com\/sk\/wp-json\/wp\/v2\/media\/2509"}],"wp:attachment":[{"href":"https:\/\/swoer.com\/sk\/wp-json\/wp\/v2\/media?parent=2272"}],"wp:term":[{"taxonomy":"product_cat","embeddable":true,"href":"https:\/\/swoer.com\/sk\/wp-json\/wp\/v2\/product_cat?post=2272"},{"taxonomy":"product_tag","embeddable":true,"href":"https:\/\/swoer.com\/sk\/wp-json\/wp\/v2\/product_tag?post=2272"}],"curies":[{"name":"wp","href":"https:\/\/api.w.org\/{rel}","templated":true}]}}