{"id":2266,"date":"2024-07-03T03:21:39","date_gmt":"2024-07-03T03:21:39","guid":{"rendered":"https:\/\/swoer.com\/?post_type=product&#038;p=2266"},"modified":"2024-08-16T14:20:18","modified_gmt":"2024-08-16T06:20:18","slug":"bowl-feeder-controller-sdvc31-m-3-0a","status":"publish","type":"product","link":"https:\/\/swoer.com\/sk\/manufacturer\/bowl-feeder-controller-sdvc31-m-3-0a\/","title":{"rendered":"Ovl\u00e1da\u010d pod\u00e1va\u010da misky SDVC31-M 3.0A"},"content":{"rendered":"<h2><strong><b>Vlastnosti<\/b><\/strong><\/h2>\n<ul>\n<li>Vysoko presn\u00e1 automatick\u00e1 stabiliz\u00e1cia nap\u00e4tia<\/li>\n<li>Nastavite\u013en\u00fd pomal\u00fd \u0161tart<\/li>\n<li>Prepnite senzor pln\u00fd\/pr\u00e1zdny stop<\/li>\n<li>Vypnutie \u00fapln\u00e9ho\/pr\u00e1zdneho fotoelektrick\u00e9ho sn\u00edma\u010da<\/li>\n<li>Dia\u013ekov\u00e9 ovl\u00e1danie r\u00fdchlosti<\/li>\n<li>DC riadiaci v\u00fdstup<\/li>\n<\/ul>\n\t<div id=\"gap-1517302731\" class=\"gap-element clearfix\" style=\"display:block; height:auto;\">\n\t\t\n<style>\n#gap-1517302731 {\n  padding-top: 30px;\n}\n<\/style>\n\t<\/div>\n\t\n<h2><strong><b>Z\u00e1kladn\u00e1 funkcia<\/b><\/strong><\/h2>\n<ol>\n<li><strong>\u00daprava frekvencie<\/strong>: Pou\u017e\u00edvatelia upravuj\u00fa frekvenciu ovl\u00e1da\u010da, aby optimalizovali vibra\u010dn\u00e9 telo pre hlad\u0161ie, tich\u0161ie a energeticky \u00fasporn\u00e9 pod\u00e1vanie.<\/li>\n<li><strong>Vysoko presn\u00e1 automatick\u00e1 stabiliz\u00e1cia nap\u00e4tia:<\/strong> Digit\u00e1lny obvod stabilizuje nap\u00e4tie a automaticky koriguje zmeny r\u00fdchlosti pod\u00e1vania v d\u00f4sledku kol\u00edsania nap\u00e1jania.<\/li>\n<li><strong>Nastavite\u013en\u00fd pomal\u00fd \u0161tart:<\/strong> V\u00fdstupn\u00e9 nap\u00e4tie sa postupne zvy\u0161uje z nuly na prednastaven\u00e9, aby sa minimalizoval dopad na vibra\u010dn\u00fa dosku pri \u0161tartovan\u00ed. U\u017e\u00edvatelia si m\u00f4\u017eu digit\u00e1lne prednastavi\u0165 \u010das pomal\u00e9ho spustenia. Podporuje sn\u00edma\u010de typu NPN alebo dia\u013ekov\u00e9 ovl\u00e1danie \u00fapln\u00e9ho\/pr\u00e1zdneho vypnutia PLC.<\/li>\n<li><strong>Prepn\u00fa\u0165 senzor pln\u00fd\/pr\u00e1zdny stop:<\/strong> Podporujte sn\u00edma\u010d typu NPN alebo dia\u013ekov\u00e9 ovl\u00e1danie zastavenia \u00fapln\u00e9ho \/ pr\u00e1zdneho PLC.<\/li>\n<li><strong>Fotoelektrick\u00fd sn\u00edma\u010d pln\u00fd\/pr\u00e1zdny stop:<\/strong> podpora fotoelektrick\u00e9ho sn\u00edma\u010da po\u010d\u00edtadla pln\u00e9ho\/pr\u00e1zdneho zastavenia.<\/li>\n<li><strong>Dia\u013ekov\u00e9 ovl\u00e1danie r\u00fdchlosti:<\/strong> regul\u00e1tor m\u00f4\u017ee priamo pou\u017ei\u0165 extern\u00fd potenciometer, PLC alebo nap\u00e4\u0165ov\u00fd sign\u00e1l 1-5V na dia\u013ekov\u00e9 ovl\u00e1danie v\u00fdstupn\u00e9ho nap\u00e4tia.<\/li>\n<li><strong>DC riadiaci v\u00fdstup:<\/strong> ovl\u00e1da\u010d m\u00f4\u017ee vyd\u00e1va\u0165 jednosmern\u00fd n\u00edzkonap\u00e4\u0165ov\u00fd riadiaci sign\u00e1l na ovl\u00e1danie solenoidov\u00e9ho ventilu a in\u00fdch zariaden\u00ed, ktor\u00e9 bud\u00fa spolupracova\u0165 s ovl\u00e1da\u010dom.<\/li>\n<li><strong>Z\u00e1mok kl\u00e1vesnice:<\/strong> Dlh\u00fdm stla\u010den\u00edm tla\u010didla zapnutia\/vypnutia uzamknete v\u0161etky tla\u010didl\u00e1, aby sa predi\u0161lo nespr\u00e1vnej \u010dinnosti pou\u017e\u00edvate\u013eov.<\/li>\n<li><strong>Nastavenie maxim\u00e1lneho v\u00fdstupn\u00e9ho nap\u00e4tia:<\/strong> Nastavte maxim\u00e1lne nastavite\u013en\u00e9 nap\u00e4tie, aby ste zabr\u00e1nili nespr\u00e1vnemu ovl\u00e1daniu pou\u017e\u00edvate\u013ea a pr\u00edli\u0161 vysok\u00e9mu v\u00fdstupn\u00e9mu nap\u00e4tiu na po\u0161kodenie vibra\u010dn\u00e9ho zariadenia.<\/li>\n<li><strong>Ochrana proti prehriatiu:<\/strong> Ke\u010f je pracovn\u00e1 teplota regul\u00e1tora pr\u00edli\u0161 vysok\u00e1, zastav\u00ed v\u00fdstup, aby sa ochr\u00e1nil.<\/li>\n<li><strong>Nadpr\u00fadov\u00e1 ochrana<\/strong>: Ke\u010f pracovn\u00fd pr\u00fad ovl\u00e1da\u010da prekro\u010d\u00ed menovit\u00fd pr\u00fad, syst\u00e9m zastav\u00ed v\u00fdstup, aby ochr\u00e1nil ovl\u00e1da\u010d a vibra\u010dn\u00e9 zariadenie.<\/li>\n<li><strong>Obnovite\u013en\u00e1 ochrana proti skratu<\/strong>: Ke\u010f d\u00f4jde ku skratu na v\u00fdstupe, syst\u00e9m zastav\u00ed v\u00fdstup a nevyp\u00e1li poistku na ochranu ovl\u00e1da\u010da a vibra\u010dn\u00e9ho zariadenia. Po odstr\u00e1nen\u00ed skratu je mo\u017en\u00e9 syst\u00e9m znovu zapn\u00fa\u0165, aby op\u00e4\u0165 norm\u00e1lne fungoval.<\/li>\n<\/ol>\n\t<div id=\"gap-624121917\" class=\"gap-element clearfix\" style=\"display:block; height:auto;\">\n\t\t\n<style>\n#gap-624121917 {\n  padding-top: 30px;\n}\n<\/style>\n\t<\/div>\n\t\n<h2>Technick\u00e1 \u0161pecifik\u00e1cia<\/h2>\n<table width=\"767\">\n<tbody>\n<tr>\n<td rowspan=\"2\" width=\"225\">Polo\u017eka<\/td>\n<td colspan=\"3\" width=\"216\">Rozsah<\/td>\n<td rowspan=\"2\" width=\"72\">Jednotka<\/td>\n<td rowspan=\"2\" width=\"254\">Popis<\/td>\n<\/tr>\n<tr>\n<td>Minimum<\/td>\n<td>Typick\u00e9<\/td>\n<td>Maxim\u00e1lne<\/td>\n<\/tr>\n<tr>\n<td>Vstupn\u00e9 nap\u00e4tie<\/td>\n<td>85<\/td>\n<td>220<\/td>\n<td>260<\/td>\n<td>V<\/td>\n<td>AC efekt\u00edvna hodnota<\/td>\n<\/tr>\n<tr>\n<td>Rozsah nastavenia v\u00fdstupn\u00e9ho nap\u00e4tia<\/td>\n<td>0<\/td>\n<td><\/td>\n<td>260<\/td>\n<td>V<\/td>\n<td>Vstupn\u00e9 nap\u00e4tie menej ako 1501 TP3T<\/td>\n<\/tr>\n<tr>\n<td>Presnos\u0165 nastavenia nap\u00e4tia<\/td>\n<td colspan=\"3\">1<\/td>\n<td>V<\/td>\n<td><\/td>\n<\/tr>\n<tr>\n<td>Presnos\u0165 regul\u00e1cie nap\u00e4tia<\/td>\n<td>0<\/td>\n<td><\/td>\n<td>10<\/td>\n<td><\/td>\n<td>Vout\/Vin<\/td>\n<\/tr>\n<tr>\n<td>\u010cas odozvy regul\u00e1cie nap\u00e4tia<\/td>\n<td>0.0025<\/td>\n<td><\/td>\n<td>0.025<\/td>\n<td>s<\/td>\n<td>Jedna desatina cyklu v\u00fdstupn\u00e9ho nap\u00e4tia<\/td>\n<\/tr>\n<tr>\n<td rowspan=\"2\">Rozsah nastavenia v\u00fdstupn\u00e9ho pr\u00fadu<\/td>\n<td>0<\/td>\n<td><\/td>\n<td>1.5<\/td>\n<td>A<\/td>\n<td>SDVC31-S-Small Power<\/td>\n<\/tr>\n<tr>\n<td>0<\/td>\n<td><\/td>\n<td>3<\/td>\n<td>VA<\/td>\n<td>SDVC31-M-Stredn\u00fd v\u00fdkon<\/td>\n<\/tr>\n<tr>\n<td rowspan=\"2\">V\u00fdstupn\u00fd v\u00fdkon<\/td>\n<td>0<\/td>\n<td><\/td>\n<td>330<\/td>\n<td>VA<\/td>\n<td>SDVC31-S-Small Power<\/td>\n<\/tr>\n<tr>\n<td>0<\/td>\n<td><\/td>\n<td>660<\/td>\n<td>VA<\/td>\n<td>SDVC31-M-Stredn\u00fd v\u00fdkon<\/td>\n<\/tr>\n<tr>\n<td>V\u00fdstupn\u00e1 frekvencia<\/td>\n<td>40<\/td>\n<td><\/td>\n<td>400<\/td>\n<td>Hz<\/td>\n<td><\/td>\n<\/tr>\n<tr>\n<td>Presnos\u0165 nastavenia frekvencie<\/td>\n<td colspan=\"3\">0.1<\/td>\n<td>Hz<\/td>\n<td><\/td>\n<\/tr>\n<tr>\n<td>V\u00fdstupn\u00fd priebeh<\/td>\n<td colspan=\"3\">s\u00ednus<\/td>\n<td><\/td>\n<td><\/td>\n<\/tr>\n<tr>\n<td>Pomal\u00fd \u010das \u0161tartu<\/td>\n<td>0<\/td>\n<td><\/td>\n<td>10<\/td>\n<td>s<\/td>\n<td>Predvolen\u00e9 v\u00fdrobn\u00e9 nastavenie 0,5<\/td>\n<\/tr>\n<tr>\n<td>\u010casov\u00fd rozsah oneskorenia<\/td>\n<td>0<\/td>\n<td><\/td>\n<td>20<\/td>\n<td>s<\/td>\n<td>Tov\u00e1rensk\u00e9 nastavenie 0.2<\/td>\n<\/tr>\n<tr>\n<td>Presnos\u0165 \u010dasu oneskorenia<\/td>\n<td colspan=\"3\">0.1<\/td>\n<td>s<\/td>\n<td><\/td>\n<\/tr>\n<tr>\n<td>Teplota ochrany proti prehriatiu<\/td>\n<td>60<\/td>\n<td>65<\/td>\n<td>65<\/td>\n<td>\u2103<\/td>\n<td><\/td>\n<\/tr>\n<tr>\n<td>DC riadiace v\u00fdstupn\u00e9 nap\u00e4tie<\/td>\n<td>22<\/td>\n<td>24<\/td>\n<td>26<\/td>\n<td>V<\/td>\n<td><\/td>\n<\/tr>\n<tr>\n<td>V\u00fdstupn\u00fd pr\u00fad riadenia DC<\/td>\n<td>0<\/td>\n<td><\/td>\n<td>200<\/td>\n<td>mA<\/td>\n<td><\/td>\n<\/tr>\n<tr>\n<td>Anal\u00f3gov\u00fd riadiaci model<\/td>\n<td colspan=\"3\">1-5<\/td>\n<td>V<\/td>\n<td>Nap\u00e4tie dia\u013ekov\u00e9ho ovl\u00e1dania r\u00fdchlosti<\/td>\n<\/tr>\n<tr>\n<td>Digit\u00e1lny riadiaci sign\u00e1l<\/td>\n<td colspan=\"3\">24<\/td>\n<td>V<\/td>\n<td>Ovl\u00e1danie sign\u00e1lu sp\u00edna\u010da<\/td>\n<\/tr>\n<tr>\n<td>Sp\u00f4sob \u00fapravy<\/td>\n<td colspan=\"3\">6<\/td>\n<td>k\u013e\u00fa\u010d<\/td>\n<td><\/td>\n<\/tr>\n<tr>\n<td>Spotreba energie bez za\u0165a\u017eenia<\/td>\n<td><\/td>\n<td>3<\/td>\n<td><\/td>\n<td>W<\/td>\n<td><\/td>\n<\/tr>\n<tr>\n<td>Re\u017eim zobrazenia<\/td>\n<td colspan=\"3\">5<\/td>\n<td>\u010d\u00edslica<\/td>\n<td>LED digit\u00e1lna trubica<\/td>\n<\/tr>\n<tr>\n<td>Teplota mzdov\u00e9ho prostredia<\/td>\n<td>0<\/td>\n<td>25<\/td>\n<td>40<\/td>\n<td>\u2103<\/td>\n<td rowspan=\"2\">\u017diadna kondenz\u00e1cia<\/td>\n<\/tr>\n<tr>\n<td>Vlhkos\u0165 mzdov\u00e9ho prostredia<\/td>\n<td>10<\/td>\n<td>60<\/td>\n<td>85<\/td>\n<td>%<\/td>\n<\/tr>\n<\/tbody>\n<\/table>\n<h2>Rozmery a hmotnos\u0165<\/h2>\n<ul>\n<li><strong>Rozmery:<\/strong> D\u013a\u017eka 190 mm x \u0161\u00edrka 53,6 mm x v\u00fd\u0161ka 94,5 mm<\/li>\n<li><strong>Hmotnos\u0165:<\/strong> 610 g (bez pr\u00edslu\u0161enstva)<\/li>\n<\/ul>\n\t<div id=\"gap-333196931\" class=\"gap-element clearfix\" style=\"display:block; height:auto;\">\n\t\t\n<style>\n#gap-333196931 {\n  padding-top: 30px;\n}\n<\/style>\n\t<\/div>\n\t\n<h2>Rozmerov\u00fd v\u00fdkres<\/h2>\n\t<div class=\"img has-hover x md-x lg-x y md-y lg-y\" id=\"image_1414235995\">\n\t\t\t\t\t\t\t\t<div class=\"img-inner dark\" >\n\t\t\t<img loading=\"lazy\" decoding=\"async\" width=\"646\" height=\"554\" src=\"https:\/\/swoer.com\/wp-content\/uploads\/2024\/07\/dimension-drawing.webp\" class=\"attachment-original size-original\" alt=\"rozmerov\u00fd v\u00fdkres\" srcset=\"https:\/\/swoer.com\/wp-content\/uploads\/2024\/07\/dimension-drawing.webp 646w, https:\/\/swoer.com\/wp-content\/uploads\/2024\/07\/dimension-drawing-300x257.webp 300w, https:\/\/swoer.com\/wp-content\/uploads\/2024\/07\/dimension-drawing-14x12.webp 14w, https:\/\/swoer.com\/wp-content\/uploads\/2024\/07\/dimension-drawing-600x515.webp 600w\" sizes=\"(max-width: 646px) 100vw, 646px\" \/>\t\t\t\t\t\t\n\t\t\t\t\t<\/div>\n\t\t\t\t\t\t\t\t\n<style>\n#image_1414235995 {\n  width: 58%;\n}\n<\/style>\n\t<\/div>","protected":false},"excerpt":{"rendered":"<p>Ovl\u00e1da\u010d miskov\u00e9ho pod\u00e1va\u010da SDVC31-M 3.0A je spo\u013eahliv\u00fdm rie\u0161en\u00edm na ovl\u00e1danie vibra\u010dn\u00fdch pod\u00e1va\u010dov misiek v priemyselnom prostred\u00ed. Je vybaven\u00fd vysoko presnou stabiliz\u00e1ciou nap\u00e4tia, nastavite\u013en\u00fdm pomal\u00fdm \u0161tartom, \u00fapln\u00fdm\/pr\u00e1zdnym zastaven\u00edm, dia\u013ekov\u00fdm ovl\u00e1dan\u00edm r\u00fdchlosti a v\u00fdstupom DC ovl\u00e1dania pre efekt\u00edvnu manipul\u00e1ciu s materi\u00e1lom.<\/p>","protected":false},"featured_media":2513,"comment_status":"open","ping_status":"closed","template":"","meta":[],"product_cat":[45],"product_tag":[],"yoast_head":"<!-- This site is optimized with the Yoast SEO plugin v22.2 - https:\/\/yoast.com\/wordpress\/plugins\/seo\/ -->\n<title>Bowl Feeder Controller SDVC31-M 3.0A - SWOER<\/title>\n<meta name=\"description\" content=\"Improve your material handling operations with the Bowl Feeder Controller SDVC31-M 3.0A. This industrial-grade controller ensures accurate material flow, prevents jams, and optimizes production efficiency.\" \/>\n<meta name=\"robots\" content=\"index, follow, max-snippet:-1, max-image-preview:large, max-video-preview:-1\" \/>\n<link rel=\"canonical\" href=\"https:\/\/swoer.com\/sk\/manufacturer\/bowl-feeder-controller-sdvc31-m-3-0a\/\" \/>\n<meta property=\"og:locale\" content=\"sk_SK\" \/>\n<meta property=\"og:type\" content=\"article\" \/>\n<meta property=\"og:title\" content=\"Bowl Feeder Controller SDVC31-M 3.0A - SWOER\" \/>\n<meta property=\"og:description\" content=\"Improve your material handling operations with the Bowl Feeder Controller SDVC31-M 3.0A. This industrial-grade controller ensures accurate material flow, prevents jams, and optimizes production efficiency.\" \/>\n<meta property=\"og:url\" content=\"https:\/\/swoer.com\/sk\/manufacturer\/bowl-feeder-controller-sdvc31-m-3-0a\/\" \/>\n<meta property=\"og:site_name\" content=\"SWOER\" \/>\n<meta property=\"article:modified_time\" content=\"2024-08-16T06:20:18+00:00\" \/>\n<meta property=\"og:image\" content=\"https:\/\/swoer.com\/wp-content\/uploads\/2024\/07\/Bowl-Feeder-Controller-SDVC31-M-3.0A-1.webp\" \/>\n\t<meta property=\"og:image:width\" content=\"1000\" \/>\n\t<meta property=\"og:image:height\" content=\"1000\" \/>\n\t<meta property=\"og:image:type\" content=\"image\/webp\" \/>\n<meta name=\"twitter:card\" content=\"summary_large_image\" \/>\n<meta name=\"twitter:label1\" content=\"Predpokladan\u00fd \u010das \u010d\u00edtania\" \/>\n\t<meta name=\"twitter:data1\" content=\"3 min\u00faty\" \/>\n<script type=\"application\/ld+json\" class=\"yoast-schema-graph\">{\"@context\":\"https:\/\/schema.org\",\"@graph\":[{\"@type\":\"WebPage\",\"@id\":\"https:\/\/swoer.com\/manufacturer\/bowl-feeder-controller-sdvc31-m-3-0a\/\",\"url\":\"https:\/\/swoer.com\/manufacturer\/bowl-feeder-controller-sdvc31-m-3-0a\/\",\"name\":\"Bowl Feeder Controller SDVC31-M 3.0A - SWOER\",\"isPartOf\":{\"@id\":\"https:\/\/swoer.com\/#website\"},\"primaryImageOfPage\":{\"@id\":\"https:\/\/swoer.com\/manufacturer\/bowl-feeder-controller-sdvc31-m-3-0a\/#primaryimage\"},\"image\":{\"@id\":\"https:\/\/swoer.com\/manufacturer\/bowl-feeder-controller-sdvc31-m-3-0a\/#primaryimage\"},\"thumbnailUrl\":\"https:\/\/swoer.com\/wp-content\/uploads\/2024\/07\/Bowl-Feeder-Controller-SDVC31-M-3.0A-1.webp\",\"datePublished\":\"2024-07-03T03:21:39+00:00\",\"dateModified\":\"2024-08-16T06:20:18+00:00\",\"description\":\"Improve your material handling operations with the Bowl Feeder Controller SDVC31-M 3.0A. This industrial-grade controller ensures accurate material flow, prevents jams, and optimizes production efficiency.\",\"breadcrumb\":{\"@id\":\"https:\/\/swoer.com\/manufacturer\/bowl-feeder-controller-sdvc31-m-3-0a\/#breadcrumb\"},\"inLanguage\":\"sk-SK\",\"potentialAction\":[{\"@type\":\"ReadAction\",\"target\":[\"https:\/\/swoer.com\/manufacturer\/bowl-feeder-controller-sdvc31-m-3-0a\/\"]}]},{\"@type\":\"ImageObject\",\"inLanguage\":\"sk-SK\",\"@id\":\"https:\/\/swoer.com\/manufacturer\/bowl-feeder-controller-sdvc31-m-3-0a\/#primaryimage\",\"url\":\"https:\/\/swoer.com\/wp-content\/uploads\/2024\/07\/Bowl-Feeder-Controller-SDVC31-M-3.0A-1.webp\",\"contentUrl\":\"https:\/\/swoer.com\/wp-content\/uploads\/2024\/07\/Bowl-Feeder-Controller-SDVC31-M-3.0A-1.webp\",\"width\":1000,\"height\":1000,\"caption\":\"Bowl Feeder Controller SDVC31-M 3.0A\"},{\"@type\":\"BreadcrumbList\",\"@id\":\"https:\/\/swoer.com\/manufacturer\/bowl-feeder-controller-sdvc31-m-3-0a\/#breadcrumb\",\"itemListElement\":[{\"@type\":\"ListItem\",\"position\":1,\"name\":\"Home\",\"item\":\"https:\/\/swoer.com\/\"},{\"@type\":\"ListItem\",\"position\":2,\"name\":\"Shop\",\"item\":\"https:\/\/swoer.com\/shop\/\"},{\"@type\":\"ListItem\",\"position\":3,\"name\":\"Bowl Feeder Controller SDVC31-M 3.0A\"}]},{\"@type\":\"WebSite\",\"@id\":\"https:\/\/swoer.com\/#website\",\"url\":\"https:\/\/swoer.com\/\",\"name\":\"SWOER\",\"description\":\"Swoer is the top 3 vibratory bowl feeder manufacturer in China\",\"potentialAction\":[{\"@type\":\"SearchAction\",\"target\":{\"@type\":\"EntryPoint\",\"urlTemplate\":\"https:\/\/swoer.com\/?s={search_term_string}\"},\"query-input\":\"required name=search_term_string\"}],\"inLanguage\":\"sk-SK\"}]}<\/script>\n<!-- \/ Yoast SEO plugin. -->","yoast_head_json":{"title":"Bowl Feeder Controller SDVC31-M 3.0A - SWOER","description":"Improve your material handling operations with the Bowl Feeder Controller SDVC31-M 3.0A. This industrial-grade controller ensures accurate material flow, prevents jams, and optimizes production efficiency.","robots":{"index":"index","follow":"follow","max-snippet":"max-snippet:-1","max-image-preview":"max-image-preview:large","max-video-preview":"max-video-preview:-1"},"canonical":"https:\/\/swoer.com\/sk\/manufacturer\/bowl-feeder-controller-sdvc31-m-3-0a\/","og_locale":"sk_SK","og_type":"article","og_title":"Bowl Feeder Controller SDVC31-M 3.0A - SWOER","og_description":"Improve your material handling operations with the Bowl Feeder Controller SDVC31-M 3.0A. This industrial-grade controller ensures accurate material flow, prevents jams, and optimizes production efficiency.","og_url":"https:\/\/swoer.com\/sk\/manufacturer\/bowl-feeder-controller-sdvc31-m-3-0a\/","og_site_name":"SWOER","article_modified_time":"2024-08-16T06:20:18+00:00","og_image":[{"width":1000,"height":1000,"url":"https:\/\/swoer.com\/wp-content\/uploads\/2024\/07\/Bowl-Feeder-Controller-SDVC31-M-3.0A-1.webp","type":"image\/webp"}],"twitter_card":"summary_large_image","twitter_misc":{"Predpokladan\u00fd \u010das \u010d\u00edtania":"3 min\u00faty"},"schema":{"@context":"https:\/\/schema.org","@graph":[{"@type":"WebPage","@id":"https:\/\/swoer.com\/manufacturer\/bowl-feeder-controller-sdvc31-m-3-0a\/","url":"https:\/\/swoer.com\/manufacturer\/bowl-feeder-controller-sdvc31-m-3-0a\/","name":"Bowl Feeder Controller SDVC31-M 3.0A - SWOER","isPartOf":{"@id":"https:\/\/swoer.com\/#website"},"primaryImageOfPage":{"@id":"https:\/\/swoer.com\/manufacturer\/bowl-feeder-controller-sdvc31-m-3-0a\/#primaryimage"},"image":{"@id":"https:\/\/swoer.com\/manufacturer\/bowl-feeder-controller-sdvc31-m-3-0a\/#primaryimage"},"thumbnailUrl":"https:\/\/swoer.com\/wp-content\/uploads\/2024\/07\/Bowl-Feeder-Controller-SDVC31-M-3.0A-1.webp","datePublished":"2024-07-03T03:21:39+00:00","dateModified":"2024-08-16T06:20:18+00:00","description":"Improve your material handling operations with the Bowl Feeder Controller SDVC31-M 3.0A. This industrial-grade controller ensures accurate material flow, prevents jams, and optimizes production efficiency.","breadcrumb":{"@id":"https:\/\/swoer.com\/manufacturer\/bowl-feeder-controller-sdvc31-m-3-0a\/#breadcrumb"},"inLanguage":"sk-SK","potentialAction":[{"@type":"ReadAction","target":["https:\/\/swoer.com\/manufacturer\/bowl-feeder-controller-sdvc31-m-3-0a\/"]}]},{"@type":"ImageObject","inLanguage":"sk-SK","@id":"https:\/\/swoer.com\/manufacturer\/bowl-feeder-controller-sdvc31-m-3-0a\/#primaryimage","url":"https:\/\/swoer.com\/wp-content\/uploads\/2024\/07\/Bowl-Feeder-Controller-SDVC31-M-3.0A-1.webp","contentUrl":"https:\/\/swoer.com\/wp-content\/uploads\/2024\/07\/Bowl-Feeder-Controller-SDVC31-M-3.0A-1.webp","width":1000,"height":1000,"caption":"Bowl Feeder Controller SDVC31-M 3.0A"},{"@type":"BreadcrumbList","@id":"https:\/\/swoer.com\/manufacturer\/bowl-feeder-controller-sdvc31-m-3-0a\/#breadcrumb","itemListElement":[{"@type":"ListItem","position":1,"name":"Home","item":"https:\/\/swoer.com\/"},{"@type":"ListItem","position":2,"name":"Shop","item":"https:\/\/swoer.com\/shop\/"},{"@type":"ListItem","position":3,"name":"Bowl Feeder Controller SDVC31-M 3.0A"}]},{"@type":"WebSite","@id":"https:\/\/swoer.com\/#website","url":"https:\/\/swoer.com\/","name":"SWOER","description":"Swoer is the top 3 vibratory bowl feeder manufacturer in China","potentialAction":[{"@type":"SearchAction","target":{"@type":"EntryPoint","urlTemplate":"https:\/\/swoer.com\/?s={search_term_string}"},"query-input":"required name=search_term_string"}],"inLanguage":"sk-SK"}]}},"_links":{"self":[{"href":"https:\/\/swoer.com\/sk\/wp-json\/wp\/v2\/product\/2266"}],"collection":[{"href":"https:\/\/swoer.com\/sk\/wp-json\/wp\/v2\/product"}],"about":[{"href":"https:\/\/swoer.com\/sk\/wp-json\/wp\/v2\/types\/product"}],"replies":[{"embeddable":true,"href":"https:\/\/swoer.com\/sk\/wp-json\/wp\/v2\/comments?post=2266"}],"wp:featuredmedia":[{"embeddable":true,"href":"https:\/\/swoer.com\/sk\/wp-json\/wp\/v2\/media\/2513"}],"wp:attachment":[{"href":"https:\/\/swoer.com\/sk\/wp-json\/wp\/v2\/media?parent=2266"}],"wp:term":[{"taxonomy":"product_cat","embeddable":true,"href":"https:\/\/swoer.com\/sk\/wp-json\/wp\/v2\/product_cat?post=2266"},{"taxonomy":"product_tag","embeddable":true,"href":"https:\/\/swoer.com\/sk\/wp-json\/wp\/v2\/product_tag?post=2266"}],"curies":[{"name":"wp","href":"https:\/\/api.w.org\/{rel}","templated":true}]}}