{"id":2260,"date":"2024-07-02T07:47:38","date_gmt":"2024-07-02T07:47:38","guid":{"rendered":"https:\/\/swoer.com\/?post_type=product&#038;p=2260"},"modified":"2024-08-16T14:23:50","modified_gmt":"2024-08-16T06:23:50","slug":"variable-frequency-digital-controller-for-vibratory-feeder-sdvc31-l-4-5a","status":"publish","type":"product","link":"https:\/\/swoer.com\/sk\/manufacturer\/variable-frequency-digital-controller-for-vibratory-feeder-sdvc31-l-4-5a\/","title":{"rendered":"Digit\u00e1lny regul\u00e1tor s premenlivou frekvenciou pre vibra\u010dn\u00fd pod\u00e1va\u010d SDVC31-L 4,5A"},"content":{"rendered":"<h2><strong><b>Vlastnosti<\/b><\/strong><\/h2>\n<ol>\n<li>Vysoko presn\u00e1 automatick\u00e1 stabiliz\u00e1cia nap\u00e4tia<\/li>\n<li>Nastavite\u013en\u00fd pomal\u00fd \u0161tart<\/li>\n<li>Vypnutie sp\u00edna\u010da pln\u00e9ho\/pr\u00e1zdneho sn\u00edma\u010da<\/li>\n<li>Vypnutie \u00fapln\u00e9ho\/pr\u00e1zdneho fotoelektrick\u00e9ho sn\u00edma\u010da<\/li>\n<li>Dia\u013ekov\u00e9 ovl\u00e1danie r\u00fdchlosti<\/li>\n<li>DC riadiaci v\u00fdstup<\/li>\n<\/ol>\n<h2><strong><b>Z\u00e1kladn\u00e9 funkcie<\/b><\/strong><\/h2>\n<ul>\n<li><strong>\u00daprava frekvencie<\/strong>: Pou\u017e\u00edvatelia m\u00f4\u017eu upravi\u0165 v\u00fdstupn\u00fa frekvenciu ovl\u00e1da\u010da, aby na\u0161li optim\u00e1lnu prev\u00e1dzkov\u00fa frekvenciu vibruj\u00faceho telesa, \u010d\u00edm sa dosiahne hlad\u0161\u00ed, tich\u0161\u00ed a energeticky \u00fasporn\u00fd efekt pod\u00e1vania.<\/li>\n<li><strong>Vysoko presn\u00e1 automatick\u00e1 regul\u00e1cia nap\u00e4tia:<\/strong> Zabudovan\u00fd obvod digit\u00e1lnej regul\u00e1cie nap\u00e4tia m\u00f4\u017ee automaticky eliminova\u0165 zmeny r\u00fdchlosti pod\u00e1vania sp\u00f4soben\u00e9 kol\u00edsan\u00edm nap\u00e4tia nap\u00e1jacieho zdroja.<\/li>\n<li><strong>Nastavite\u013en\u00fd pomal\u00fd \u0161tart:<\/strong> Pri \u0161tartovan\u00ed sa v\u00fdstupn\u00e9 nap\u00e4tie bude postupne zvy\u0161ova\u0165 z nuly na prednastaven\u00e9 nap\u00e4tie, aby sa eliminoval vplyv na vibra\u010dn\u00fd miskov\u00fd pod\u00e1va\u010d. Pou\u017e\u00edvatelia si m\u00f4\u017eu digit\u00e1lne prednastavi\u0165 \u010das pomal\u00e9ho spustenia. Podporuje sn\u00edma\u010de typu NPN alebo dia\u013ekov\u00e9 ovl\u00e1danie vypnutia pln\u00e9ho\/pr\u00e1zdneho PLC.<\/li>\n<li><strong>Vypnutie sn\u00edma\u010da pln\u00e9ho\/pr\u00e1zdneho sp\u00edna\u010da:<\/strong> Podporuje sn\u00edma\u010d typu NPN alebo dia\u013ekov\u00e9 ovl\u00e1danie vypnutia pln\u00e9ho\/pr\u00e1zdneho PLC.<\/li>\n<li><strong>Vypnutie pln\u00e9ho\/pr\u00e1zdneho fotoelektrick\u00e9ho sn\u00edma\u010da:<\/strong> Podporuje fotoelektrick\u00fd sn\u00edma\u010d sn\u00edmania pln\u00e9ho\/pr\u00e1zdneho vypnutia.<\/li>\n<li><strong>Dia\u013ekov\u00e9 ovl\u00e1danie r\u00fdchlosti<\/strong>: Pou\u017e\u00edvatelia m\u00f4\u017eu na dia\u013eku ovl\u00e1da\u0165 v\u00fdstupn\u00e9 nap\u00e4tie priamo pomocou extern\u00e9ho potenciometra, PLC alebo nap\u00e4\u0165ov\u00e9ho sign\u00e1lu 1~5V.<\/li>\n<li><strong>DC riadiaci v\u00fdstup:<\/strong> Regul\u00e1tor m\u00f4\u017ee vyd\u00e1va\u0165 jednosmern\u00fd n\u00edzkonap\u00e4\u0165ov\u00fd riadiaci sign\u00e1l na riadenie zariaden\u00ed, ako s\u00fa solenoidov\u00e9 ventily, aby spolupracovali s regul\u00e1torom.<\/li>\n<li><strong>Z\u00e1mok kl\u00e1vesnice:<\/strong> dlh\u00fdm stla\u010den\u00edm tla\u010didla zapnutia\/vypnutia uzamknete v\u0161etky tla\u010didl\u00e1, aby ste zabr\u00e1nili pou\u017e\u00edvate\u013eovi v omyle.<\/li>\n<li><strong>Nastavenie maxim\u00e1lneho v\u00fdstupn\u00e9ho nap\u00e4tia:<\/strong> nastavte maxim\u00e1lne nastavite\u013en\u00e9 nap\u00e4tie, aby ste zabr\u00e1nili pou\u017e\u00edvate\u013eom omylom pracova\u0165 a vyd\u00e1va\u0165 nadmern\u00e9 nap\u00e4tie na po\u0161kodenie vibra\u010dn\u00e9ho zariadenia.<\/li>\n<li><strong>Ochrana proti prehriatiu:<\/strong> ke\u010f je prev\u00e1dzkov\u00e1 teplota regul\u00e1tora pr\u00edli\u0161 vysok\u00e1, v\u00fdstup sa zastav\u00ed kv\u00f4li vlastnej ochrane.<\/li>\n<li><strong>Nadpr\u00fadov\u00e1 ochrana:<\/strong> ke\u010f prev\u00e1dzkov\u00fd pr\u00fad regul\u00e1tora prekro\u010d\u00ed menovit\u00fd pr\u00fad, v\u00fdstup sa zastav\u00ed, aby sa ochr\u00e1nil regul\u00e1tor a vibra\u010dn\u00e9 zariadenie.<\/li>\n<li><strong>Obnovite\u013en\u00e1 ochrana proti skratu:<\/strong> ke\u010f d\u00f4jde ku skratu na v\u00fdstupnom konci, regul\u00e1tor zastav\u00ed v\u00fdstup a poistka sa neprep\u00e1li na ochranu regul\u00e1tora a vibra\u010dn\u00e9ho zariadenia. Ke\u010f u\u017e v\u00fdstupn\u00fd koniec nie je skratovan\u00fd, regul\u00e1tor m\u00f4\u017ee po zapnut\u00ed op\u00e4\u0165 norm\u00e1lne fungova\u0165.<\/li>\n<\/ul>\n<h2>Technick\u00e1 \u0161pecifik\u00e1cia<\/h2>\n<table width=\"767\">\n<tbody>\n<tr>\n<td rowspan=\"2\" width=\"225\">Polo\u017eka<\/td>\n<td colspan=\"3\" width=\"216\">Rozsah<\/td>\n<td rowspan=\"2\" width=\"72\">Jednotka<\/td>\n<td rowspan=\"2\" width=\"254\">Popis<\/td>\n<\/tr>\n<tr>\n<td>Minimum<\/td>\n<td>Typick\u00e9<\/td>\n<td>Maxim\u00e1lne<\/td>\n<\/tr>\n<tr>\n<td>Vstupn\u00e9 nap\u00e4tie<\/td>\n<td>85<\/td>\n<td>220<\/td>\n<td>260<\/td>\n<td>V<\/td>\n<td>AC efekt\u00edvna hodnota<\/td>\n<\/tr>\n<tr>\n<td>Rozsah nastavenia v\u00fdstupn\u00e9ho nap\u00e4tia<\/td>\n<td>0<\/td>\n<td><\/td>\n<td>260<\/td>\n<td>V<\/td>\n<td>Vstupn\u00e9 nap\u00e4tie menej ako 1501 TP3T<\/td>\n<\/tr>\n<tr>\n<td>Presnos\u0165 nastavenia nap\u00e4tia<\/td>\n<td colspan=\"3\">1<\/td>\n<td>V<\/td>\n<td><\/td>\n<\/tr>\n<tr>\n<td>Presnos\u0165 regul\u00e1cie nap\u00e4tia<\/td>\n<td>0<\/td>\n<td><\/td>\n<td>10<\/td>\n<td><\/td>\n<td>Vout\/Vin<\/td>\n<\/tr>\n<tr>\n<td>\u010cas odozvy regul\u00e1cie nap\u00e4tia<\/td>\n<td>0.0025<\/td>\n<td><\/td>\n<td>0.025<\/td>\n<td>s<\/td>\n<td>Jedna desatina cyklu v\u00fdstupn\u00e9ho nap\u00e4tia<\/td>\n<\/tr>\n<tr>\n<td rowspan=\"2\">Rozsah nastavenia v\u00fdstupn\u00e9ho pr\u00fadu<\/td>\n<td>0<\/td>\n<td><\/td>\n<td>4.5<\/td>\n<td>A<\/td>\n<td>SDVC31-L-vysok\u00fd v\u00fdkon<\/td>\n<\/tr>\n<tr>\n<td>0<\/td>\n<td><\/td>\n<td>6<\/td>\n<td>VA<\/td>\n<td>SDVC31-XL-zv\u00fd\u0161en\u00fd v\u00fdkon<\/td>\n<\/tr>\n<tr>\n<td rowspan=\"2\">V\u00fdstupn\u00fd v\u00fdkon<\/td>\n<td>0<\/td>\n<td><\/td>\n<td>990<\/td>\n<td>VA<\/td>\n<td>SDVC31-L-vysok\u00fd v\u00fdkon<\/td>\n<\/tr>\n<tr>\n<td>0<\/td>\n<td><\/td>\n<td>1320<\/td>\n<td>VA<\/td>\n<td>SDVC31-XL-zv\u00fd\u0161en\u00fd v\u00fdkon<\/td>\n<\/tr>\n<tr>\n<td>V\u00fdstupn\u00e1 frekvencia<\/td>\n<td>40<\/td>\n<td><\/td>\n<td>400<\/td>\n<td>Hz<\/td>\n<td><\/td>\n<\/tr>\n<tr>\n<td>Presnos\u0165 nastavenia frekvencie<\/td>\n<td colspan=\"3\">0.1<\/td>\n<td>Hz<\/td>\n<td><\/td>\n<\/tr>\n<tr>\n<td>V\u00fdstupn\u00fd priebeh<\/td>\n<td colspan=\"3\">s\u00ednus<\/td>\n<td><\/td>\n<td><\/td>\n<\/tr>\n<tr>\n<td>Pomal\u00fd \u010das \u0161tartu<\/td>\n<td>0<\/td>\n<td><\/td>\n<td>10<\/td>\n<td>s<\/td>\n<td>Predvolen\u00e9 v\u00fdrobn\u00e9 nastavenie 0,5<\/td>\n<\/tr>\n<tr>\n<td>\u010casov\u00fd rozsah oneskorenia<\/td>\n<td>0<\/td>\n<td><\/td>\n<td>20<\/td>\n<td>s<\/td>\n<td>Tov\u00e1rensk\u00e9 nastavenie 0.2<\/td>\n<\/tr>\n<tr>\n<td>Presnos\u0165 \u010dasu oneskorenia<\/td>\n<td colspan=\"3\">0.1<\/td>\n<td>s<\/td>\n<td><\/td>\n<\/tr>\n<tr>\n<td>Teplota ochrany proti prehriatiu<\/td>\n<td>60<\/td>\n<td>65<\/td>\n<td>65<\/td>\n<td>\u2103<\/td>\n<td><\/td>\n<\/tr>\n<tr>\n<td>DC riadiace v\u00fdstupn\u00e9 nap\u00e4tie<\/td>\n<td>22<\/td>\n<td>24<\/td>\n<td>26<\/td>\n<td>V<\/td>\n<td><\/td>\n<\/tr>\n<tr>\n<td>V\u00fdstupn\u00fd pr\u00fad riadenia DC<\/td>\n<td>0<\/td>\n<td><\/td>\n<td>200<\/td>\n<td>mA<\/td>\n<td><\/td>\n<\/tr>\n<tr>\n<td>Anal\u00f3gov\u00fd riadiaci model<\/td>\n<td colspan=\"3\">1-5<\/td>\n<td>V<\/td>\n<td>Nap\u00e4tie dia\u013ekov\u00e9ho ovl\u00e1dania r\u00fdchlosti<\/td>\n<\/tr>\n<tr>\n<td>Digit\u00e1lny riadiaci sign\u00e1l<\/td>\n<td colspan=\"3\">24<\/td>\n<td>V<\/td>\n<td>Ovl\u00e1danie sign\u00e1lu sp\u00edna\u010da<\/td>\n<\/tr>\n<tr>\n<td>Sp\u00f4sob \u00fapravy<\/td>\n<td colspan=\"3\">6<\/td>\n<td>k\u013e\u00fa\u010d<\/td>\n<td><\/td>\n<\/tr>\n<tr>\n<td>Spotreba energie bez za\u0165a\u017eenia<\/td>\n<td><\/td>\n<td>3<\/td>\n<td><\/td>\n<td>W<\/td>\n<td><\/td>\n<\/tr>\n<tr>\n<td>Re\u017eim zobrazenia<\/td>\n<td colspan=\"3\">5<\/td>\n<td>\u010d\u00edslica<\/td>\n<td>LED digit\u00e1lna trubica<\/td>\n<\/tr>\n<tr>\n<td>Teplota mzdov\u00e9ho prostredia<\/td>\n<td>0<\/td>\n<td>25<\/td>\n<td>40<\/td>\n<td>\u2103<\/td>\n<td rowspan=\"2\">\u017diadna kondenz\u00e1cia<\/td>\n<\/tr>\n<tr>\n<td>Vlhkos\u0165 mzdov\u00e9ho prostredia<\/td>\n<td>10<\/td>\n<td>60<\/td>\n<td>85<\/td>\n<td>%<\/td>\n<\/tr>\n<\/tbody>\n<\/table>\n\t<div id=\"gap-1428122325\" class=\"gap-element clearfix\" style=\"display:block; height:auto;\">\n\t\t\n<style>\n#gap-1428122325 {\n  padding-top: 30px;\n}\n<\/style>\n\t<\/div>\n\t\n<h2><strong><b>Rozmery a hmotnos\u0165<\/b><\/strong><\/h2>\n<ul>\n<li>Rozmery: 190 mm d\u013a\u017eka x 147,8 mm \u0161\u00edrka x 94,5 mm v\u00fd\u0161ka<\/li>\n<li>Hmotnos\u0165: 1675 g (bez pr\u00edslu\u0161enstva)<\/li>\n<\/ul>\n\t<div id=\"gap-1591796716\" class=\"gap-element clearfix\" style=\"display:block; height:auto;\">\n\t\t\n<style>\n#gap-1591796716 {\n  padding-top: 30px;\n}\n<\/style>\n\t<\/div>\n\t\n<h2>SDVC31-L 4,5A Rozmery<\/h2>\n\t<div class=\"img has-hover x md-x lg-x y md-y lg-y\" id=\"image_2065672860\">\n\t\t\t\t\t\t\t\t<div class=\"img-inner dark\" >\n\t\t\t<img loading=\"lazy\" decoding=\"async\" width=\"800\" height=\"595\" src=\"https:\/\/swoer.com\/wp-content\/uploads\/2024\/07\/SDVC31-L-4.5A-Dimensions.webp\" class=\"attachment-original size-original\" alt=\"SDVC31-L 4,5A Rozmery\" srcset=\"https:\/\/swoer.com\/wp-content\/uploads\/2024\/07\/SDVC31-L-4.5A-Dimensions.webp 800w, https:\/\/swoer.com\/wp-content\/uploads\/2024\/07\/SDVC31-L-4.5A-Dimensions-300x223.webp 300w, https:\/\/swoer.com\/wp-content\/uploads\/2024\/07\/SDVC31-L-4.5A-Dimensions-768x571.webp 768w, https:\/\/swoer.com\/wp-content\/uploads\/2024\/07\/SDVC31-L-4.5A-Dimensions-16x12.webp 16w, https:\/\/swoer.com\/wp-content\/uploads\/2024\/07\/SDVC31-L-4.5A-Dimensions-600x446.webp 600w\" sizes=\"(max-width: 800px) 100vw, 800px\" \/>\t\t\t\t\t\t\n\t\t\t\t\t<\/div>\n\t\t\t\t\t\t\t\t\n<style>\n#image_2065672860 {\n  width: 64%;\n}\n<\/style>\n\t<\/div>","protected":false},"excerpt":{"rendered":"<p>Toto <strong>Ovl\u00e1da\u010d vibra\u010dn\u00e9ho pod\u00e1va\u010da<\/strong> pon\u00faka v\u00fdnimo\u010dn\u00fa kontrolu pre va\u0161e k\u0155mne aplik\u00e1cie. V\u010faka vysoko presnej automatickej stabiliz\u00e1cii nap\u00e4tia, nastavite\u013en\u00e9mu pomal\u00e9mu \u0161tartu, mo\u017enosti vypnutia pln\u00e9ho\/pr\u00e1zdneho sn\u00edma\u010da, dia\u013ekov\u00e9ho ovl\u00e1dania r\u00fdchlosti a v\u00fdstupu jednosmern\u00e9ho pr\u00fadu zais\u0165uje plynul\u00e9, tich\u00e9 a energeticky \u00fasporn\u00e9 pod\u00e1vanie.<\/p>","protected":false},"featured_media":2517,"comment_status":"open","ping_status":"closed","template":"","meta":[],"product_cat":[45],"product_tag":[],"yoast_head":"<!-- This site is optimized with the Yoast SEO plugin v22.2 - https:\/\/yoast.com\/wordpress\/plugins\/seo\/ -->\n<title>Variable Frequency Digital Controller for Vibratory Feeder SDVC31-L 4.5A - SWOER<\/title>\n<meta name=\"description\" content=\"High-Precision Vibratory Feeder Controller SDVC31-L 4.5A with Automatic Voltage Regulation, Adjustable Slow Start, Sensor Full\/Empty Shutdown, Remote Speed Control &amp; DC Control Output. Optimize feeding efficiency for quieter &amp; energy-saving operation in various industries.\" \/>\n<meta name=\"robots\" content=\"index, follow, max-snippet:-1, max-image-preview:large, max-video-preview:-1\" \/>\n<link rel=\"canonical\" href=\"https:\/\/swoer.com\/sk\/manufacturer\/variable-frequency-digital-controller-for-vibratory-feeder-sdvc31-l-4-5a\/\" \/>\n<meta property=\"og:locale\" content=\"sk_SK\" \/>\n<meta property=\"og:type\" content=\"article\" \/>\n<meta property=\"og:title\" content=\"Variable Frequency Digital Controller for Vibratory Feeder SDVC31-L 4.5A - SWOER\" \/>\n<meta property=\"og:description\" content=\"High-Precision Vibratory Feeder Controller SDVC31-L 4.5A with Automatic Voltage Regulation, Adjustable Slow Start, Sensor Full\/Empty Shutdown, Remote Speed Control &amp; DC Control Output. Optimize feeding efficiency for quieter &amp; energy-saving operation in various industries.\" \/>\n<meta property=\"og:url\" content=\"https:\/\/swoer.com\/sk\/manufacturer\/variable-frequency-digital-controller-for-vibratory-feeder-sdvc31-l-4-5a\/\" \/>\n<meta property=\"og:site_name\" content=\"SWOER\" \/>\n<meta property=\"article:modified_time\" content=\"2024-08-16T06:23:50+00:00\" \/>\n<meta property=\"og:image\" content=\"https:\/\/swoer.com\/wp-content\/uploads\/2024\/07\/Bowl-Feeder-Controller-SDVC31-M-3.0A-2.webp\" \/>\n\t<meta property=\"og:image:width\" content=\"1000\" \/>\n\t<meta property=\"og:image:height\" content=\"1000\" \/>\n\t<meta property=\"og:image:type\" content=\"image\/webp\" \/>\n<meta name=\"twitter:card\" content=\"summary_large_image\" \/>\n<meta name=\"twitter:label1\" content=\"Predpokladan\u00fd \u010das \u010d\u00edtania\" \/>\n\t<meta name=\"twitter:data1\" content=\"3 min\u00faty\" \/>\n<script type=\"application\/ld+json\" class=\"yoast-schema-graph\">{\"@context\":\"https:\/\/schema.org\",\"@graph\":[{\"@type\":\"WebPage\",\"@id\":\"https:\/\/swoer.com\/manufacturer\/variable-frequency-digital-controller-for-vibratory-feeder-sdvc31-l-4-5a\/\",\"url\":\"https:\/\/swoer.com\/manufacturer\/variable-frequency-digital-controller-for-vibratory-feeder-sdvc31-l-4-5a\/\",\"name\":\"Variable Frequency Digital Controller for Vibratory Feeder SDVC31-L 4.5A - SWOER\",\"isPartOf\":{\"@id\":\"https:\/\/swoer.com\/#website\"},\"primaryImageOfPage\":{\"@id\":\"https:\/\/swoer.com\/manufacturer\/variable-frequency-digital-controller-for-vibratory-feeder-sdvc31-l-4-5a\/#primaryimage\"},\"image\":{\"@id\":\"https:\/\/swoer.com\/manufacturer\/variable-frequency-digital-controller-for-vibratory-feeder-sdvc31-l-4-5a\/#primaryimage\"},\"thumbnailUrl\":\"https:\/\/swoer.com\/wp-content\/uploads\/2024\/07\/Bowl-Feeder-Controller-SDVC31-M-3.0A-2.webp\",\"datePublished\":\"2024-07-02T07:47:38+00:00\",\"dateModified\":\"2024-08-16T06:23:50+00:00\",\"description\":\"High-Precision Vibratory Feeder Controller SDVC31-L 4.5A with Automatic Voltage Regulation, Adjustable Slow Start, Sensor Full\/Empty Shutdown, Remote Speed Control & DC Control Output. Optimize feeding efficiency for quieter & energy-saving operation in various industries.\",\"breadcrumb\":{\"@id\":\"https:\/\/swoer.com\/manufacturer\/variable-frequency-digital-controller-for-vibratory-feeder-sdvc31-l-4-5a\/#breadcrumb\"},\"inLanguage\":\"sk-SK\",\"potentialAction\":[{\"@type\":\"ReadAction\",\"target\":[\"https:\/\/swoer.com\/manufacturer\/variable-frequency-digital-controller-for-vibratory-feeder-sdvc31-l-4-5a\/\"]}]},{\"@type\":\"ImageObject\",\"inLanguage\":\"sk-SK\",\"@id\":\"https:\/\/swoer.com\/manufacturer\/variable-frequency-digital-controller-for-vibratory-feeder-sdvc31-l-4-5a\/#primaryimage\",\"url\":\"https:\/\/swoer.com\/wp-content\/uploads\/2024\/07\/Bowl-Feeder-Controller-SDVC31-M-3.0A-2.webp\",\"contentUrl\":\"https:\/\/swoer.com\/wp-content\/uploads\/2024\/07\/Bowl-Feeder-Controller-SDVC31-M-3.0A-2.webp\",\"width\":1000,\"height\":1000,\"caption\":\"Bowl Feeder Controller SDVC31-M 3.0A\"},{\"@type\":\"BreadcrumbList\",\"@id\":\"https:\/\/swoer.com\/manufacturer\/variable-frequency-digital-controller-for-vibratory-feeder-sdvc31-l-4-5a\/#breadcrumb\",\"itemListElement\":[{\"@type\":\"ListItem\",\"position\":1,\"name\":\"Home\",\"item\":\"https:\/\/swoer.com\/\"},{\"@type\":\"ListItem\",\"position\":2,\"name\":\"Shop\",\"item\":\"https:\/\/swoer.com\/shop\/\"},{\"@type\":\"ListItem\",\"position\":3,\"name\":\"Variable Frequency Digital Controller for Vibratory Feeder SDVC31-L 4.5A\"}]},{\"@type\":\"WebSite\",\"@id\":\"https:\/\/swoer.com\/#website\",\"url\":\"https:\/\/swoer.com\/\",\"name\":\"SWOER\",\"description\":\"Swoer is the top 3 vibratory bowl feeder manufacturer in China\",\"potentialAction\":[{\"@type\":\"SearchAction\",\"target\":{\"@type\":\"EntryPoint\",\"urlTemplate\":\"https:\/\/swoer.com\/?s={search_term_string}\"},\"query-input\":\"required name=search_term_string\"}],\"inLanguage\":\"sk-SK\"}]}<\/script>\n<!-- \/ Yoast SEO plugin. -->","yoast_head_json":{"title":"Variable Frequency Digital Controller for Vibratory Feeder SDVC31-L 4.5A - SWOER","description":"High-Precision Vibratory Feeder Controller SDVC31-L 4.5A with Automatic Voltage Regulation, Adjustable Slow Start, Sensor Full\/Empty Shutdown, Remote Speed Control & DC Control Output. Optimize feeding efficiency for quieter & energy-saving operation in various industries.","robots":{"index":"index","follow":"follow","max-snippet":"max-snippet:-1","max-image-preview":"max-image-preview:large","max-video-preview":"max-video-preview:-1"},"canonical":"https:\/\/swoer.com\/sk\/manufacturer\/variable-frequency-digital-controller-for-vibratory-feeder-sdvc31-l-4-5a\/","og_locale":"sk_SK","og_type":"article","og_title":"Variable Frequency Digital Controller for Vibratory Feeder SDVC31-L 4.5A - SWOER","og_description":"High-Precision Vibratory Feeder Controller SDVC31-L 4.5A with Automatic Voltage Regulation, Adjustable Slow Start, Sensor Full\/Empty Shutdown, Remote Speed Control & DC Control Output. Optimize feeding efficiency for quieter & energy-saving operation in various industries.","og_url":"https:\/\/swoer.com\/sk\/manufacturer\/variable-frequency-digital-controller-for-vibratory-feeder-sdvc31-l-4-5a\/","og_site_name":"SWOER","article_modified_time":"2024-08-16T06:23:50+00:00","og_image":[{"width":1000,"height":1000,"url":"https:\/\/swoer.com\/wp-content\/uploads\/2024\/07\/Bowl-Feeder-Controller-SDVC31-M-3.0A-2.webp","type":"image\/webp"}],"twitter_card":"summary_large_image","twitter_misc":{"Predpokladan\u00fd \u010das \u010d\u00edtania":"3 min\u00faty"},"schema":{"@context":"https:\/\/schema.org","@graph":[{"@type":"WebPage","@id":"https:\/\/swoer.com\/manufacturer\/variable-frequency-digital-controller-for-vibratory-feeder-sdvc31-l-4-5a\/","url":"https:\/\/swoer.com\/manufacturer\/variable-frequency-digital-controller-for-vibratory-feeder-sdvc31-l-4-5a\/","name":"Variable Frequency Digital Controller for Vibratory Feeder SDVC31-L 4.5A - SWOER","isPartOf":{"@id":"https:\/\/swoer.com\/#website"},"primaryImageOfPage":{"@id":"https:\/\/swoer.com\/manufacturer\/variable-frequency-digital-controller-for-vibratory-feeder-sdvc31-l-4-5a\/#primaryimage"},"image":{"@id":"https:\/\/swoer.com\/manufacturer\/variable-frequency-digital-controller-for-vibratory-feeder-sdvc31-l-4-5a\/#primaryimage"},"thumbnailUrl":"https:\/\/swoer.com\/wp-content\/uploads\/2024\/07\/Bowl-Feeder-Controller-SDVC31-M-3.0A-2.webp","datePublished":"2024-07-02T07:47:38+00:00","dateModified":"2024-08-16T06:23:50+00:00","description":"High-Precision Vibratory Feeder Controller SDVC31-L 4.5A with Automatic Voltage Regulation, Adjustable Slow Start, Sensor Full\/Empty Shutdown, Remote Speed Control & DC Control Output. Optimize feeding efficiency for quieter & energy-saving operation in various industries.","breadcrumb":{"@id":"https:\/\/swoer.com\/manufacturer\/variable-frequency-digital-controller-for-vibratory-feeder-sdvc31-l-4-5a\/#breadcrumb"},"inLanguage":"sk-SK","potentialAction":[{"@type":"ReadAction","target":["https:\/\/swoer.com\/manufacturer\/variable-frequency-digital-controller-for-vibratory-feeder-sdvc31-l-4-5a\/"]}]},{"@type":"ImageObject","inLanguage":"sk-SK","@id":"https:\/\/swoer.com\/manufacturer\/variable-frequency-digital-controller-for-vibratory-feeder-sdvc31-l-4-5a\/#primaryimage","url":"https:\/\/swoer.com\/wp-content\/uploads\/2024\/07\/Bowl-Feeder-Controller-SDVC31-M-3.0A-2.webp","contentUrl":"https:\/\/swoer.com\/wp-content\/uploads\/2024\/07\/Bowl-Feeder-Controller-SDVC31-M-3.0A-2.webp","width":1000,"height":1000,"caption":"Bowl Feeder Controller SDVC31-M 3.0A"},{"@type":"BreadcrumbList","@id":"https:\/\/swoer.com\/manufacturer\/variable-frequency-digital-controller-for-vibratory-feeder-sdvc31-l-4-5a\/#breadcrumb","itemListElement":[{"@type":"ListItem","position":1,"name":"Home","item":"https:\/\/swoer.com\/"},{"@type":"ListItem","position":2,"name":"Shop","item":"https:\/\/swoer.com\/shop\/"},{"@type":"ListItem","position":3,"name":"Variable Frequency Digital Controller for Vibratory Feeder SDVC31-L 4.5A"}]},{"@type":"WebSite","@id":"https:\/\/swoer.com\/#website","url":"https:\/\/swoer.com\/","name":"SWOER","description":"Swoer is the top 3 vibratory bowl feeder manufacturer in China","potentialAction":[{"@type":"SearchAction","target":{"@type":"EntryPoint","urlTemplate":"https:\/\/swoer.com\/?s={search_term_string}"},"query-input":"required name=search_term_string"}],"inLanguage":"sk-SK"}]}},"_links":{"self":[{"href":"https:\/\/swoer.com\/sk\/wp-json\/wp\/v2\/product\/2260"}],"collection":[{"href":"https:\/\/swoer.com\/sk\/wp-json\/wp\/v2\/product"}],"about":[{"href":"https:\/\/swoer.com\/sk\/wp-json\/wp\/v2\/types\/product"}],"replies":[{"embeddable":true,"href":"https:\/\/swoer.com\/sk\/wp-json\/wp\/v2\/comments?post=2260"}],"wp:featuredmedia":[{"embeddable":true,"href":"https:\/\/swoer.com\/sk\/wp-json\/wp\/v2\/media\/2517"}],"wp:attachment":[{"href":"https:\/\/swoer.com\/sk\/wp-json\/wp\/v2\/media?parent=2260"}],"wp:term":[{"taxonomy":"product_cat","embeddable":true,"href":"https:\/\/swoer.com\/sk\/wp-json\/wp\/v2\/product_cat?post=2260"},{"taxonomy":"product_tag","embeddable":true,"href":"https:\/\/swoer.com\/sk\/wp-json\/wp\/v2\/product_tag?post=2260"}],"curies":[{"name":"wp","href":"https:\/\/api.w.org\/{rel}","templated":true}]}}