{"id":2254,"date":"2024-06-29T01:47:26","date_gmt":"2024-06-29T01:47:26","guid":{"rendered":"https:\/\/swoer.com\/?post_type=product&#038;p=2254"},"modified":"2024-12-13T15:35:22","modified_gmt":"2024-12-13T07:35:22","slug":"flex-feeding-and-conveying-machines-with-spider-robot","status":"publish","type":"product","link":"https:\/\/swoer.com\/sk\/manufacturer\/flex-feeding-and-conveying-machines-with-spider-robot\/","title":{"rendered":"Automatick\u00e9 stroje na pod\u00e1vanie a dopravu s\u00fa\u010diastok Flex s robotom Spider"},"content":{"rendered":"<h2>Vlastnosti produktu<\/h2>\n<div class=\"avatar-gutter ng-tns-c2351017130-57 ng-star-inserted\">\n<div class=\"resize-observable\"><\/div>\n<\/div>\n<div class=\"response-container-content ng-tns-c2351017130-57\">\n<div class=\"response-content ng-tns-c2351017130-57\">\n<div class=\"markdown markdown-main-panel\" dir=\"ltr\">\n<p class=\"first-token\" data-sourcepos=\"1:1-1:8\">Tu s\u00fa automatick\u00e9 stroje na flexibiln\u00e9 pod\u00e1vanie a dopravu dielov s funkciami spider robota:<\/p>\n<ul data-sourcepos=\"3:1-3:106\">\n<li data-sourcepos=\"3:1-3:106\"><strong>Presnos\u0165 a r\u00fdchlos\u0165 bez n\u00e1mahy:<\/strong> N\u00e1\u0161 vysoko v\u00fdkonn\u00fd spider robot poskytuje bezkonkuren\u010dn\u00fa presnos\u0165 a r\u00fdchlos\u0165, \u010d\u00edm zvy\u0161uje efektivitu va\u0161ej v\u00fdrobnej linky.<\/li>\n<li data-sourcepos=\"4:1-4:31\"><strong>Jednoduchos\u0165 Plug-and-Play:<\/strong> Zabudnite na zlo\u017eit\u00e9 programovanie \u2013 n\u00e1\u0161 u\u017e\u00edvate\u013esky pr\u00edvetiv\u00fd syst\u00e9m v\u00e1s okam\u017eite uvedie do prev\u00e1dzky.<\/li>\n<li data-sourcepos=\"5:1-5:156\"><strong>Ovl\u00e1da\u010d vzorca jedn\u00fdm kliknut\u00edm:<\/strong> Bezprobl\u00e9movo nakonfigurujte svojho robota pomocou n\u00e1\u0161ho intuit\u00edvneho ovl\u00e1da\u010da recept\u00fary, ktor\u00fd sa nain\u0161taluje jedin\u00fdm kliknut\u00edm.<\/li>\n<li data-sourcepos=\"6:1-7:0\"><strong>Bezkonkuren\u010dn\u00e1 v\u0161estrannos\u0165:<\/strong> N\u00e1\u0161 prisp\u00f4sobiv\u00fd dizajn vyhovuje r\u00f4znym aplik\u00e1ci\u00e1m v mnoh\u00fdch priemyseln\u00fdch odvetviach.<\/li>\n<\/ul>\n<\/div>\n<\/div>\n<\/div>\n\t<section class=\"section\" id=\"section_775013639\">\n\t\t<div class=\"bg section-bg fill bg-fill  bg-loaded\" >\n\n\t\t\t\n\t\t\t\n\t\t\t\n\n\t\t<\/div>\n\n\t\t\n\n\t\t<div class=\"section-content relative\">\n\t\t\t\n<h3>Pokyny pre vzh\u013ead:<\/h3>\n\t<div class=\"img has-hover x md-x lg-x y md-y lg-y\" id=\"image_1123212611\">\n\t\t\t\t\t\t\t\t<div class=\"img-inner dark\" >\n\t\t\t<img loading=\"lazy\" decoding=\"async\" width=\"794\" height=\"682\" src=\"https:\/\/swoer.com\/wp-content\/uploads\/2024\/06\/Appearance-Guidelines.webp\" class=\"attachment-original size-original\" alt=\"Pokyny pre vzh\u013ead\" srcset=\"https:\/\/swoer.com\/wp-content\/uploads\/2024\/06\/Appearance-Guidelines.webp 794w, https:\/\/swoer.com\/wp-content\/uploads\/2024\/06\/Appearance-Guidelines-300x258.webp 300w, https:\/\/swoer.com\/wp-content\/uploads\/2024\/06\/Appearance-Guidelines-768x660.webp 768w, https:\/\/swoer.com\/wp-content\/uploads\/2024\/06\/Appearance-Guidelines-14x12.webp 14w, https:\/\/swoer.com\/wp-content\/uploads\/2024\/06\/Appearance-Guidelines-600x515.webp 600w\" sizes=\"(max-width: 794px) 100vw, 794px\" \/>\t\t\t\t\t\t\n\t\t\t\t\t<\/div>\n\t\t\t\t\t\t\t\t\n<style>\n#image_1123212611 {\n  width: 100%;\n}\n<\/style>\n\t<\/div>\n\t\n<h3>Pracovn\u00e9 parametre<\/h3>\n<table style=\"border-collapse: collapse; width: 525.02pt;\" border=\"0\" width=\"700\" cellspacing=\"0\" cellpadding=\"0\">\n<tbody>\n<tr style=\"height: 21.00pt;\">\n<td class=\"et3\" style=\"height: 21.00pt; width: 220.50pt;\" width=\"294\" height=\"28\">n\u00e1zov<\/td>\n<td class=\"et3\" style=\"width: 304.50pt;\" width=\"406\">Rozsah<\/td>\n<\/tr>\n<tr style=\"height: 21.00pt;\">\n<td class=\"et3\" style=\"height: 21.00pt;\" height=\"28\">Model<\/td>\n<td class=\"et3\">SW-AC03<\/td>\n<\/tr>\n<tr style=\"height: 21.00pt;\">\n<td class=\"et3\" style=\"height: 21.00pt;\" height=\"28\">Nap\u00e4tie<\/td>\n<td class=\"et3\">AC 220W<\/td>\n<\/tr>\n<tr style=\"height: 21.00pt;\">\n<td class=\"et3\" style=\"height: 21.00pt;\" height=\"28\">Moc<\/td>\n<td class=\"et3\">500 W<\/td>\n<\/tr>\n<tr style=\"height: 21.00pt;\">\n<td class=\"et3\" style=\"height: 21.00pt;\" height=\"28\">Rozmery<\/td>\n<td class=\"et3\">224*380*650mm<\/td>\n<\/tr>\n<tr style=\"height: 21.00pt;\">\n<td class=\"et3\" style=\"height: 21.00pt;\" height=\"28\">Hmotnos\u0165<\/td>\n<td class=\"et3\">30 kg<\/td>\n<\/tr>\n<tr style=\"height: 21.00pt;\">\n<td class=\"et3\" style=\"height: 21.00pt;\" height=\"28\">V\u00fdkyvn\u00fd rozsah<\/td>\n<td class=\"et3\">250*300 mm<\/td>\n<\/tr>\n<tr style=\"height: 21.00pt;\">\n<td class=\"et3\" style=\"height: 21.00pt;\" height=\"28\">Prev\u00e1dzkov\u00fd rozsah<\/td>\n<td class=\"et3\">200*240 mm<\/td>\n<\/tr>\n<tr style=\"height: 21.00pt;\">\n<td class=\"et3\" style=\"height: 21.00pt;\" height=\"28\">Maxim\u00e1lna r\u00fdchlos\u0165<\/td>\n<td class=\"et3\">0,4 s\/ks<\/td>\n<\/tr>\n<tr style=\"height: 21.00pt;\">\n<td class=\"et3\" style=\"height: 21.00pt;\" height=\"28\">Opakovate\u013enos\u0165<\/td>\n<td class=\"et3\">\u00b1 0,1 mm<\/td>\n<\/tr>\n<tr style=\"height: 21.00pt;\">\n<td class=\"et3\" style=\"height: 21.00pt;\" height=\"28\">Ve\u013ekos\u0165 pod\u00e1va\u010da Flex<\/td>\n<td class=\"et3\">100*150 mm<\/td>\n<\/tr>\n<tr style=\"height: 21.00pt;\">\n<td class=\"et3\" style=\"height: 21.00pt;\" height=\"28\">Prenosov\u00fd re\u017eim<\/td>\n<td class=\"et3\">Servo motor<\/td>\n<\/tr>\n<tr style=\"height: 21.00pt;\">\n<td class=\"et3\" style=\"height: 21.00pt;\" height=\"28\">Zdroj svetla<\/td>\n<td class=\"et3\">\u0160tvorcov\u00e9 biele svetlo<\/td>\n<\/tr>\n<tr style=\"height: 21.00pt;\">\n<td class=\"et3\" style=\"height: 21.00pt;\" height=\"28\">Vibra\u010dn\u00fd re\u017eim<\/td>\n<td class=\"et3\">\u0160tvorcov\u00e9 biele svetlo<\/td>\n<\/tr>\n<tr style=\"height: 21.00pt;\">\n<td class=\"et3\" style=\"height: 21.00pt;\" height=\"28\">Rozhodnutie<\/td>\n<td class=\"et3\">Vibra\u010dn\u00fd motor<\/td>\n<\/tr>\n<tr style=\"height: 21.00pt;\">\n<td class=\"et3\" style=\"height: 21.00pt;\" height=\"28\">Zdroj vstupn\u00e9ho vzduchu<\/td>\n<td class=\"et3\">0,4 ~ 0,6 MPa<\/td>\n<\/tr>\n<tr style=\"height: 21.00pt;\">\n<td class=\"et3\" style=\"height: 21.00pt;\" height=\"28\">V\u00fdstupn\u00fd tlak vzduchu<\/td>\n<td class=\"et3\">- 4 kg<\/td>\n<\/tr>\n<\/tbody>\n<\/table>\n\t\t<\/div>\n\n\t\t\n<style>\n#section_775013639 {\n  padding-top: 30px;\n  padding-bottom: 30px;\n}\n#section_775013639 .ux-shape-divider--top svg {\n  height: 150px;\n  --divider-top-width: 100%;\n}\n#section_775013639 .ux-shape-divider--bottom svg {\n  height: 150px;\n  --divider-width: 100%;\n}\n<\/style>\n\t<\/section>\n\t\n<h2>SW-AC03 Vzh\u013ead Rozmery<\/h2>\n\t<div class=\"img has-hover x md-x lg-x y md-y lg-y\" id=\"image_1226018577\">\n\t\t\t\t\t\t\t\t<div class=\"img-inner dark\" >\n\t\t\t<img loading=\"lazy\" decoding=\"async\" width=\"1036\" height=\"582\" src=\"https:\/\/swoer.com\/wp-content\/uploads\/2024\/06\/SW-AC03-Appearance-Dimensions.webp\" class=\"attachment-original size-original\" alt=\"\" srcset=\"https:\/\/swoer.com\/wp-content\/uploads\/2024\/06\/SW-AC03-Appearance-Dimensions.webp 1036w, https:\/\/swoer.com\/wp-content\/uploads\/2024\/06\/SW-AC03-Appearance-Dimensions-300x169.webp 300w, https:\/\/swoer.com\/wp-content\/uploads\/2024\/06\/SW-AC03-Appearance-Dimensions-1024x575.webp 1024w, https:\/\/swoer.com\/wp-content\/uploads\/2024\/06\/SW-AC03-Appearance-Dimensions-768x431.webp 768w, https:\/\/swoer.com\/wp-content\/uploads\/2024\/06\/SW-AC03-Appearance-Dimensions-18x10.webp 18w, https:\/\/swoer.com\/wp-content\/uploads\/2024\/06\/SW-AC03-Appearance-Dimensions-600x337.webp 600w\" sizes=\"(max-width: 1036px) 100vw, 1036px\" \/>\t\t\t\t\t\t\n\t\t\t\t\t<\/div>\n\t\t\t\t\t\t\t\t\n<style>\n#image_1226018577 {\n  width: 100%;\n}\n<\/style>\n\t<\/div>\n\t\n\t<div id=\"gap-1696813725\" class=\"gap-element clearfix\" style=\"display:block; height:auto;\">\n\t\t\n<style>\n#gap-1696813725 {\n  padding-top: 30px;\n}\n<\/style>\n\t<\/div>\n\t\n<h2>Vedio<\/h2>\n<div class=\"video video-fit mb\" style=\"padding-top:56.25%;\"><p><iframe loading=\"lazy\" title=\"Flex Feeder System &amp; Industrial Spider Robot &amp; CCD Camera System #automobil #machine #robot\" width=\"1020\" height=\"574\" src=\"https:\/\/www.youtube.com\/embed\/SF6wfrXKYvk?feature=oembed\" frameborder=\"0\" allow=\"accelerometer; autoplay; clipboard-write; encrypted-media; gyroscope; picture-in-picture; web-share\" referrerpolicy=\"strict-origin-when-cross-origin\" allowfullscreen><\/iframe><\/p>\n<\/div>","protected":false},"excerpt":{"rendered":"<p>Zefekt\u00edvnite svoj v\u00fdrobn\u00fd proces s na\u0161imi najmodernej\u0161\u00edmi automatick\u00fdmi syst\u00e9mami flexibiln\u00e9ho pod\u00e1vania a dopravy dielov s vysoko presn\u00fdm a vysokor\u00fdchlostn\u00fdm spider robotom. N\u00e1\u0161 intuit\u00edvny softv\u00e9r a v\u0161estrann\u00fd ovl\u00e1da\u010d recept\u00fary zais\u0165uj\u00fa jednoduch\u00e9 nastavenie a prev\u00e1dzku, zatia\u013e \u010do n\u00e1\u0161 flexibiln\u00fd dizajn je vhodn\u00fd pre \u0161irok\u00fa \u0161k\u00e1lu aplik\u00e1ci\u00ed.<\/p>","protected":false},"featured_media":2255,"comment_status":"open","ping_status":"closed","template":"","meta":[],"product_cat":[131],"product_tag":[],"yoast_head":"<!-- This site is optimized with the Yoast SEO plugin v22.2 - https:\/\/yoast.com\/wordpress\/plugins\/seo\/ -->\n<title>Flex Feeding and Conveying Machines with Spider Robot<\/title>\n<meta name=\"description\" content=\"Experience effortless automation with our spider robot feeding system. Our intuitive, one-click formula driver and plug-and-play setup make it easy to use. Ideal for various industries.\" \/>\n<meta name=\"robots\" content=\"index, follow, max-snippet:-1, max-image-preview:large, max-video-preview:-1\" \/>\n<link rel=\"canonical\" href=\"https:\/\/swoer.com\/sk\/manufacturer\/flex-feeding-and-conveying-machines-with-spider-robot\/\" \/>\n<meta property=\"og:locale\" content=\"sk_SK\" \/>\n<meta property=\"og:type\" content=\"article\" \/>\n<meta property=\"og:title\" content=\"Flex Feeding and Conveying Machines with Spider Robot\" \/>\n<meta property=\"og:description\" content=\"Experience effortless automation with our spider robot feeding system. Our intuitive, one-click formula driver and plug-and-play setup make it easy to use. Ideal for various industries.\" \/>\n<meta property=\"og:url\" content=\"https:\/\/swoer.com\/sk\/manufacturer\/flex-feeding-and-conveying-machines-with-spider-robot\/\" \/>\n<meta property=\"og:site_name\" content=\"SWOER\" \/>\n<meta property=\"article:modified_time\" content=\"2024-12-13T07:35:22+00:00\" \/>\n<meta property=\"og:image\" content=\"https:\/\/swoer.com\/wp-content\/uploads\/2024\/06\/Automatic-Parts-Flex-Feeding-and-Conveying-Machines-with-Spider-Robot.webp\" \/>\n\t<meta property=\"og:image:width\" content=\"800\" \/>\n\t<meta property=\"og:image:height\" content=\"800\" \/>\n\t<meta property=\"og:image:type\" content=\"image\/webp\" \/>\n<meta name=\"twitter:card\" content=\"summary_large_image\" \/>\n<meta name=\"twitter:label1\" content=\"Predpokladan\u00fd \u010das \u010d\u00edtania\" \/>\n\t<meta name=\"twitter:data1\" content=\"1 min\u00fata\" \/>\n<script type=\"application\/ld+json\" class=\"yoast-schema-graph\">{\"@context\":\"https:\/\/schema.org\",\"@graph\":[{\"@type\":\"WebPage\",\"@id\":\"https:\/\/swoer.com\/manufacturer\/flex-feeding-and-conveying-machines-with-spider-robot\/\",\"url\":\"https:\/\/swoer.com\/manufacturer\/flex-feeding-and-conveying-machines-with-spider-robot\/\",\"name\":\"Flex Feeding and Conveying Machines with Spider Robot\",\"isPartOf\":{\"@id\":\"https:\/\/swoer.com\/#website\"},\"primaryImageOfPage\":{\"@id\":\"https:\/\/swoer.com\/manufacturer\/flex-feeding-and-conveying-machines-with-spider-robot\/#primaryimage\"},\"image\":{\"@id\":\"https:\/\/swoer.com\/manufacturer\/flex-feeding-and-conveying-machines-with-spider-robot\/#primaryimage\"},\"thumbnailUrl\":\"https:\/\/swoer.com\/wp-content\/uploads\/2024\/06\/Automatic-Parts-Flex-Feeding-and-Conveying-Machines-with-Spider-Robot.webp\",\"datePublished\":\"2024-06-29T01:47:26+00:00\",\"dateModified\":\"2024-12-13T07:35:22+00:00\",\"description\":\"Experience effortless automation with our spider robot feeding system. Our intuitive, one-click formula driver and plug-and-play setup make it easy to use. Ideal for various industries.\",\"breadcrumb\":{\"@id\":\"https:\/\/swoer.com\/manufacturer\/flex-feeding-and-conveying-machines-with-spider-robot\/#breadcrumb\"},\"inLanguage\":\"sk-SK\",\"potentialAction\":[{\"@type\":\"ReadAction\",\"target\":[\"https:\/\/swoer.com\/manufacturer\/flex-feeding-and-conveying-machines-with-spider-robot\/\"]}]},{\"@type\":\"ImageObject\",\"inLanguage\":\"sk-SK\",\"@id\":\"https:\/\/swoer.com\/manufacturer\/flex-feeding-and-conveying-machines-with-spider-robot\/#primaryimage\",\"url\":\"https:\/\/swoer.com\/wp-content\/uploads\/2024\/06\/Automatic-Parts-Flex-Feeding-and-Conveying-Machines-with-Spider-Robot.webp\",\"contentUrl\":\"https:\/\/swoer.com\/wp-content\/uploads\/2024\/06\/Automatic-Parts-Flex-Feeding-and-Conveying-Machines-with-Spider-Robot.webp\",\"width\":800,\"height\":800,\"caption\":\"Automatic Parts Flex Feeding and Conveying Machines with Spider Robot\"},{\"@type\":\"BreadcrumbList\",\"@id\":\"https:\/\/swoer.com\/manufacturer\/flex-feeding-and-conveying-machines-with-spider-robot\/#breadcrumb\",\"itemListElement\":[{\"@type\":\"ListItem\",\"position\":1,\"name\":\"Home\",\"item\":\"https:\/\/swoer.com\/\"},{\"@type\":\"ListItem\",\"position\":2,\"name\":\"Shop\",\"item\":\"https:\/\/swoer.com\/shop\/\"},{\"@type\":\"ListItem\",\"position\":3,\"name\":\"Automatic Parts Flex Feeding and Conveying Machines with Spider Robot\"}]},{\"@type\":\"WebSite\",\"@id\":\"https:\/\/swoer.com\/#website\",\"url\":\"https:\/\/swoer.com\/\",\"name\":\"SWOER\",\"description\":\"Swoer is the top 3 vibratory bowl feeder manufacturer in China\",\"potentialAction\":[{\"@type\":\"SearchAction\",\"target\":{\"@type\":\"EntryPoint\",\"urlTemplate\":\"https:\/\/swoer.com\/?s={search_term_string}\"},\"query-input\":\"required name=search_term_string\"}],\"inLanguage\":\"sk-SK\"}]}<\/script>\n<!-- \/ Yoast SEO plugin. -->","yoast_head_json":{"title":"Flex Feeding and Conveying Machines with Spider Robot","description":"Experience effortless automation with our spider robot feeding system. Our intuitive, one-click formula driver and plug-and-play setup make it easy to use. Ideal for various industries.","robots":{"index":"index","follow":"follow","max-snippet":"max-snippet:-1","max-image-preview":"max-image-preview:large","max-video-preview":"max-video-preview:-1"},"canonical":"https:\/\/swoer.com\/sk\/manufacturer\/flex-feeding-and-conveying-machines-with-spider-robot\/","og_locale":"sk_SK","og_type":"article","og_title":"Flex Feeding and Conveying Machines with Spider Robot","og_description":"Experience effortless automation with our spider robot feeding system. Our intuitive, one-click formula driver and plug-and-play setup make it easy to use. Ideal for various industries.","og_url":"https:\/\/swoer.com\/sk\/manufacturer\/flex-feeding-and-conveying-machines-with-spider-robot\/","og_site_name":"SWOER","article_modified_time":"2024-12-13T07:35:22+00:00","og_image":[{"width":800,"height":800,"url":"https:\/\/swoer.com\/wp-content\/uploads\/2024\/06\/Automatic-Parts-Flex-Feeding-and-Conveying-Machines-with-Spider-Robot.webp","type":"image\/webp"}],"twitter_card":"summary_large_image","twitter_misc":{"Predpokladan\u00fd \u010das \u010d\u00edtania":"1 min\u00fata"},"schema":{"@context":"https:\/\/schema.org","@graph":[{"@type":"WebPage","@id":"https:\/\/swoer.com\/manufacturer\/flex-feeding-and-conveying-machines-with-spider-robot\/","url":"https:\/\/swoer.com\/manufacturer\/flex-feeding-and-conveying-machines-with-spider-robot\/","name":"Flex Feeding and Conveying Machines with Spider Robot","isPartOf":{"@id":"https:\/\/swoer.com\/#website"},"primaryImageOfPage":{"@id":"https:\/\/swoer.com\/manufacturer\/flex-feeding-and-conveying-machines-with-spider-robot\/#primaryimage"},"image":{"@id":"https:\/\/swoer.com\/manufacturer\/flex-feeding-and-conveying-machines-with-spider-robot\/#primaryimage"},"thumbnailUrl":"https:\/\/swoer.com\/wp-content\/uploads\/2024\/06\/Automatic-Parts-Flex-Feeding-and-Conveying-Machines-with-Spider-Robot.webp","datePublished":"2024-06-29T01:47:26+00:00","dateModified":"2024-12-13T07:35:22+00:00","description":"Experience effortless automation with our spider robot feeding system. Our intuitive, one-click formula driver and plug-and-play setup make it easy to use. Ideal for various industries.","breadcrumb":{"@id":"https:\/\/swoer.com\/manufacturer\/flex-feeding-and-conveying-machines-with-spider-robot\/#breadcrumb"},"inLanguage":"sk-SK","potentialAction":[{"@type":"ReadAction","target":["https:\/\/swoer.com\/manufacturer\/flex-feeding-and-conveying-machines-with-spider-robot\/"]}]},{"@type":"ImageObject","inLanguage":"sk-SK","@id":"https:\/\/swoer.com\/manufacturer\/flex-feeding-and-conveying-machines-with-spider-robot\/#primaryimage","url":"https:\/\/swoer.com\/wp-content\/uploads\/2024\/06\/Automatic-Parts-Flex-Feeding-and-Conveying-Machines-with-Spider-Robot.webp","contentUrl":"https:\/\/swoer.com\/wp-content\/uploads\/2024\/06\/Automatic-Parts-Flex-Feeding-and-Conveying-Machines-with-Spider-Robot.webp","width":800,"height":800,"caption":"Automatic Parts Flex Feeding and Conveying Machines with Spider Robot"},{"@type":"BreadcrumbList","@id":"https:\/\/swoer.com\/manufacturer\/flex-feeding-and-conveying-machines-with-spider-robot\/#breadcrumb","itemListElement":[{"@type":"ListItem","position":1,"name":"Home","item":"https:\/\/swoer.com\/"},{"@type":"ListItem","position":2,"name":"Shop","item":"https:\/\/swoer.com\/shop\/"},{"@type":"ListItem","position":3,"name":"Automatic Parts Flex Feeding and Conveying Machines with Spider Robot"}]},{"@type":"WebSite","@id":"https:\/\/swoer.com\/#website","url":"https:\/\/swoer.com\/","name":"SWOER","description":"Swoer is the top 3 vibratory bowl feeder manufacturer in China","potentialAction":[{"@type":"SearchAction","target":{"@type":"EntryPoint","urlTemplate":"https:\/\/swoer.com\/?s={search_term_string}"},"query-input":"required name=search_term_string"}],"inLanguage":"sk-SK"}]}},"_links":{"self":[{"href":"https:\/\/swoer.com\/sk\/wp-json\/wp\/v2\/product\/2254"}],"collection":[{"href":"https:\/\/swoer.com\/sk\/wp-json\/wp\/v2\/product"}],"about":[{"href":"https:\/\/swoer.com\/sk\/wp-json\/wp\/v2\/types\/product"}],"replies":[{"embeddable":true,"href":"https:\/\/swoer.com\/sk\/wp-json\/wp\/v2\/comments?post=2254"}],"wp:featuredmedia":[{"embeddable":true,"href":"https:\/\/swoer.com\/sk\/wp-json\/wp\/v2\/media\/2255"}],"wp:attachment":[{"href":"https:\/\/swoer.com\/sk\/wp-json\/wp\/v2\/media?parent=2254"}],"wp:term":[{"taxonomy":"product_cat","embeddable":true,"href":"https:\/\/swoer.com\/sk\/wp-json\/wp\/v2\/product_cat?post=2254"},{"taxonomy":"product_tag","embeddable":true,"href":"https:\/\/swoer.com\/sk\/wp-json\/wp\/v2\/product_tag?post=2254"}],"curies":[{"name":"wp","href":"https:\/\/api.w.org\/{rel}","templated":true}]}}